





{"id":25309,"date":"2016-08-22T18:09:40","date_gmt":"2016-08-22T16:09:40","guid":{"rendered":"https:\/\/repliquemangacine.fr\/?post_type=product&#038;p=25309"},"modified":"2026-04-14T12:24:35","modified_gmt":"2026-04-14T10:24:35","slug":"katana-rukia-zanpakuto-shirayuki-rukia-kuchiki","status":"publish","type":"product","link":"https:\/\/repliquemangacine.fr\/it\/katana-bleach\/katana-rukia-zanpakuto-shirayuki-rukia-kuchiki\/","title":{"rendered":"Katana Rukia Shirayuki"},"content":{"rendered":"<h2>Katana Rukia Zanpakuto Shirayuki in Bleach<\/h2>\n<p>Per cominciare, il <strong>Katana Rukia Zanpakuto Shirayuki<\/strong> viene rilasciato da rukia con la seguente aria: Danza<\/p>\n<p>Rukia Kuchiki \u00e8 la Shinigami che ha permesso a Ichigo Kurosaki di avere i suoi poteri di Shinigami per la prima volta. Era un'ufficiale della 13\u00aa Divisione sotto J\u016bshir\u014d Ukitake prima di essere condannata a morte dalla Soul Society per aver dato a Ichigo i suoi poteri, prima di essere assolta.<\/p>\n<p><a href=\"https:\/\/bleach.fandom.com\/fr\/wiki\/Rukia_Kuchiki#_Zanpakut\u014d\" target=\"_blank\" rel=\"noopener noreferrer\">Rukia<\/a> \u00e8 un'eccellente spadaccina, come dimostrano le sue numerose battaglie, che combina brillantemente grazia ed efficienza nella maggior parte dei casi. Sode no Shirayuki (Impugnatura della neve bianca), considerata la pi\u00f9 bella Zanpakuto della Soul Society. Quando viene rilasciata, assomiglia a una katana completamente bianca con un nastro attaccato al pomo.<\/p>\n<h2>La tua Rukia Zanpakuto Shirayuki Katana al miglior prezzo.<\/h2>\n<p>Vi proponiamo tutte le battute dei vostri personaggi preferiti nel manga Bleach.<\/p>\n<p>Innanzitutto,<\/p>\n<ul>\n<li>Le <a href=\"https:\/\/repliquemangacine.fr\/it\/candeggina\/katana-bleach-bankai-ichigo-v3-140cm\/\">Banka\u00ef d'Ichigo V3 140cm<\/a>, la forma alternativa del bankai, la zanpakuto Getsuga Tensh\u014d Ultimate.<\/li>\n<li>Cos\u00ec come il <a href=\"https:\/\/repliquemangacine.fr\/it\/katana-bleach\/katana-byakuya-senbonzakura-bleach-epee-bleach\/\">La katana di Byakuya<\/a> senbozakura con il suo fodero tutto vestito di bianco<\/li>\n<li>C'\u00e8 anche il <a href=\"https:\/\/repliquemangacine.fr\/it\/candeggina\/katana-bleach-epee-de-kenpachi-nozarashi\/\">katana di Zaraki Kenpachi<\/a>il Nozarashi (Tempesta Cicatrizzata) e la sua lama usurata.<\/li>\n<li>E molti altri da scoprire nel nostro negozio online!<\/li>\n<\/ul>\n<p>Ecco quindi alcune fantastiche idee regalo per i fan di Bleach.<\/p>\n<p>In conclusione, \u00e8 possibile utilizzare questo <strong>Katana Rukia Zanpakuto Shirayuki<\/strong> per le vostre sfilate di cosplay. Ma soprattutto, la Katana Rukia \u00e8 anche un oggetto da collezione e un pezzo decorativo.<\/p>\n<h2>Come si mantiene la lama della katana di Bleach?<\/h2>\n<p>Le katane da collezione e decorative sono realizzate e assemblate in modo semplificato. Poich\u00e9 il loro uso \u00e8 decorativo, non hanno le caratteristiche di sicurezza richieste da una spada giapponese destinata all'allenamento.<\/p>\n<p>Tuttavia, il vostro <strong>katana Rukia zanpakuto Shirayuki<\/strong> a una lama d'acciaio che deve essere curata per evitare che si danneggi nel tempo. Quando si espone la katana, gli amici saranno curiosi di vedere la lama e di toccarla. \u00c8 qui che bisogna fare attenzione, perch\u00e9 l'acidit\u00e0 delle dita \u00e8 molto dannosa per l'acciaio, indipendentemente dalla sua qualit\u00e0.<\/p>\n<p>Tuttavia, se ci\u00f2 dovesse accadere, non fatevi prendere dal panico: basta un panno inumidito con un po' di olio per rimuovere le impronte digitali. In questo modo, la vostra spada durer\u00e0 a lungo.<\/p>","protected":false},"excerpt":{"rendered":"<p>Il pi\u00f9 bel Zanpakut\u00f4, lo shikai di Rukia \u00e8 all'altezza delle sue promesse.<\/p>\n<ul>\n<li>Lama in acciaio inox 440.<\/li>\n<li>Fodero laccato bianco.<\/li>\n<li>Manico rivestito in treccia di cotone.<\/li>\n<li>Protezione in metallo.<\/li>\n<li>Nastro lungo di raso bianco.<\/li>\n<li>Lunghezza lama: 68 cm - Lunghezza totale: 112 cm<\/li>\n<\/ul>","protected":false},"featured_media":25310,"template":"","meta":[],"product_brand":[896],"product_cat":[30,23],"product_tag":[],"class_list":{"0":"post-25309","1":"product","2":"type-product","3":"status-publish","4":"has-post-thumbnail","6":"product_brand-replique-manga-cine","7":"product_cat-katana-bleach","8":"product_cat-repliques-manga-jeux-video","10":"first","11":"instock","12":"taxable","13":"shipping-taxable","14":"purchasable","15":"product-type-simple"},"yoast_head":"<!-- This site is optimized with the Yoast SEO plugin v27.4 - https:\/\/yoast.com\/product\/yoast-seo-wordpress\/ -->\n<title>Katana Rukia Zanpakuto Shirayuki - Boutique en ligne | RMC<\/title>\n<meta name=\"description\" content=\"Achetez vite ! Le Katana Rukia Zanpakuto Shirayuki au meilleur prix. Lame en acier - Fourreau laqu\u00e9 blanc- Longueur totale : 112 cm - Envoi 24\/48h\" \/>\n<meta name=\"robots\" content=\"index, follow, max-snippet:-1, max-image-preview:large, max-video-preview:-1\" \/>\n<link rel=\"canonical\" href=\"https:\/\/repliquemangacine.fr\/it\/katana-bleach\/katana-rukia-zanpakuto-shirayuki-rukia-kuchiki\/\" \/>\n<meta property=\"og:locale\" content=\"it_IT\" \/>\n<meta property=\"og:type\" content=\"article\" \/>\n<meta property=\"og:title\" content=\"Katana Rukia Zanpakuto Shirayuki - Boutique en ligne | RMC\" \/>\n<meta property=\"og:description\" content=\"Achetez vite ! Le Katana Rukia Zanpakuto Shirayuki au meilleur prix. Lame en acier - Fourreau laqu\u00e9 blanc- Longueur totale : 112 cm - Envoi 24\/48h\" \/>\n<meta property=\"og:url\" content=\"https:\/\/repliquemangacine.fr\/it\/katana-bleach\/katana-rukia-zanpakuto-shirayuki-rukia-kuchiki\/\" \/>\n<meta property=\"og:site_name\" content=\"R\u00e9plique Manga Cin\u00e9\" \/>\n<meta property=\"article:publisher\" content=\"https:\/\/www.facebook.com\/RepliqueMangaCine\" \/>\n<meta property=\"article:modified_time\" content=\"2026-04-14T10:24:35+00:00\" \/>\n<meta property=\"og:image\" content=\"https:\/\/repliquemangacine.fr\/wp-content\/uploads\/2023\/10\/124-Katana-Rukia-Kuchiki.jpg\" \/>\n\t<meta property=\"og:image:width\" content=\"800\" \/>\n\t<meta property=\"og:image:height\" content=\"800\" \/>\n\t<meta property=\"og:image:type\" content=\"image\/jpeg\" \/>\n<meta name=\"twitter:card\" content=\"summary_large_image\" \/>\n<meta name=\"twitter:label1\" content=\"Tempo di lettura stimato\" \/>\n\t<meta name=\"twitter:data1\" content=\"2 minuti\" \/>\n<script type=\"application\/ld+json\" class=\"yoast-schema-graph\">{\"@context\":\"https:\\\/\\\/schema.org\",\"@graph\":[{\"@type\":\"WebPage\",\"@id\":\"https:\\\/\\\/repliquemangacine.fr\\\/katana-bleach\\\/katana-rukia-zanpakuto-shirayuki-rukia-kuchiki\\\/\",\"url\":\"https:\\\/\\\/repliquemangacine.fr\\\/katana-bleach\\\/katana-rukia-zanpakuto-shirayuki-rukia-kuchiki\\\/\",\"name\":\"Katana Rukia Zanpakuto Shirayuki - Boutique en ligne | RMC\",\"isPartOf\":{\"@id\":\"https:\\\/\\\/repliquemangacine.fr\\\/#website\"},\"primaryImageOfPage\":{\"@id\":\"https:\\\/\\\/repliquemangacine.fr\\\/katana-bleach\\\/katana-rukia-zanpakuto-shirayuki-rukia-kuchiki\\\/#primaryimage\"},\"image\":{\"@id\":\"https:\\\/\\\/repliquemangacine.fr\\\/katana-bleach\\\/katana-rukia-zanpakuto-shirayuki-rukia-kuchiki\\\/#primaryimage\"},\"thumbnailUrl\":\"https:\\\/\\\/repliquemangacine.fr\\\/wp-content\\\/uploads\\\/2023\\\/10\\\/124-Katana-Rukia-Kuchiki.jpg\",\"datePublished\":\"2016-08-22T16:09:40+00:00\",\"dateModified\":\"2026-04-14T10:24:35+00:00\",\"description\":\"Achetez vite ! Le Katana Rukia Zanpakuto Shirayuki au meilleur prix. Lame en acier - Fourreau laqu\u00e9 blanc- Longueur totale : 112 cm - Envoi 24\\\/48h\",\"breadcrumb\":{\"@id\":\"https:\\\/\\\/repliquemangacine.fr\\\/katana-bleach\\\/katana-rukia-zanpakuto-shirayuki-rukia-kuchiki\\\/#breadcrumb\"},\"inLanguage\":\"it-IT\",\"potentialAction\":[{\"@type\":\"ReadAction\",\"target\":[\"https:\\\/\\\/repliquemangacine.fr\\\/katana-bleach\\\/katana-rukia-zanpakuto-shirayuki-rukia-kuchiki\\\/\"]}]},{\"@type\":\"ImageObject\",\"inLanguage\":\"it-IT\",\"@id\":\"https:\\\/\\\/repliquemangacine.fr\\\/katana-bleach\\\/katana-rukia-zanpakuto-shirayuki-rukia-kuchiki\\\/#primaryimage\",\"url\":\"https:\\\/\\\/repliquemangacine.fr\\\/wp-content\\\/uploads\\\/2023\\\/10\\\/124-Katana-Rukia-Kuchiki.jpg\",\"contentUrl\":\"https:\\\/\\\/repliquemangacine.fr\\\/wp-content\\\/uploads\\\/2023\\\/10\\\/124-Katana-Rukia-Kuchiki.jpg\",\"width\":800,\"height\":800,\"caption\":\"Rukia Kuchiki\"},{\"@type\":\"BreadcrumbList\",\"@id\":\"https:\\\/\\\/repliquemangacine.fr\\\/katana-bleach\\\/katana-rukia-zanpakuto-shirayuki-rukia-kuchiki\\\/#breadcrumb\",\"itemListElement\":[{\"@type\":\"ListItem\",\"position\":1,\"name\":\"Accueil\",\"item\":\"https:\\\/\\\/repliquemangacine.fr\\\/\"},{\"@type\":\"ListItem\",\"position\":2,\"name\":\"Produits\",\"item\":\"https:\\\/\\\/repliquemangacine.fr\\\/boutique\\\/\"},{\"@type\":\"ListItem\",\"position\":3,\"name\":\"Katana Rukia Shirayuki\"}]},{\"@type\":\"WebSite\",\"@id\":\"https:\\\/\\\/repliquemangacine.fr\\\/#website\",\"url\":\"https:\\\/\\\/repliquemangacine.fr\\\/\",\"name\":\"R\u00e9plique Manga Cin\u00e9\",\"description\":\"\",\"publisher\":{\"@id\":\"https:\\\/\\\/repliquemangacine.fr\\\/#organization\"},\"potentialAction\":[{\"@type\":\"SearchAction\",\"target\":{\"@type\":\"EntryPoint\",\"urlTemplate\":\"https:\\\/\\\/repliquemangacine.fr\\\/?s={search_term_string}\"},\"query-input\":{\"@type\":\"PropertyValueSpecification\",\"valueRequired\":true,\"valueName\":\"search_term_string\"}}],\"inLanguage\":\"it-IT\"},{\"@type\":\"Organization\",\"@id\":\"https:\\\/\\\/repliquemangacine.fr\\\/#organization\",\"name\":\"R\u00e9plique Manga Cin\u00e9\",\"url\":\"https:\\\/\\\/repliquemangacine.fr\\\/\",\"logo\":{\"@type\":\"ImageObject\",\"inLanguage\":\"it-IT\",\"@id\":\"https:\\\/\\\/repliquemangacine.fr\\\/#\\\/schema\\\/logo\\\/image\\\/\",\"url\":\"https:\\\/\\\/repliquemangacine.fr\\\/wp-content\\\/uploads\\\/2023\\\/10\\\/RMC-500250.png\",\"contentUrl\":\"https:\\\/\\\/repliquemangacine.fr\\\/wp-content\\\/uploads\\\/2023\\\/10\\\/RMC-500250.png\",\"width\":500,\"height\":250,\"caption\":\"R\u00e9plique Manga Cin\u00e9\"},\"image\":{\"@id\":\"https:\\\/\\\/repliquemangacine.fr\\\/#\\\/schema\\\/logo\\\/image\\\/\"},\"sameAs\":[\"https:\\\/\\\/www.facebook.com\\\/RepliqueMangaCine\",\"https:\\\/\\\/www.instagram.com\\\/repliquemangacine.fr\\\/\"]}]}<\/script>\n<!-- \/ Yoast SEO plugin. -->","yoast_head_json":{"title":"Katana Rukia Zanpakuto Shirayuki - Negozio online | RMC","description":"Comprate ora! La Katana Rukia Zanpakuto Shirayuki al miglior prezzo. Lama in acciaio - Fodero laccato bianco - Lunghezza totale: 112 cm - Spedizione 24\/48h","robots":{"index":"index","follow":"follow","max-snippet":"max-snippet:-1","max-image-preview":"max-image-preview:large","max-video-preview":"max-video-preview:-1"},"canonical":"https:\/\/repliquemangacine.fr\/it\/katana-bleach\/katana-rukia-zanpakuto-shirayuki-rukia-kuchiki\/","og_locale":"it_IT","og_type":"article","og_title":"Katana Rukia Zanpakuto Shirayuki - Boutique en ligne | RMC","og_description":"Achetez vite ! Le Katana Rukia Zanpakuto Shirayuki au meilleur prix. Lame en acier - Fourreau laqu\u00e9 blanc- Longueur totale : 112 cm - Envoi 24\/48h","og_url":"https:\/\/repliquemangacine.fr\/it\/katana-bleach\/katana-rukia-zanpakuto-shirayuki-rukia-kuchiki\/","og_site_name":"R\u00e9plique Manga Cin\u00e9","article_publisher":"https:\/\/www.facebook.com\/RepliqueMangaCine","article_modified_time":"2026-04-14T10:24:35+00:00","og_image":[{"width":800,"height":800,"url":"https:\/\/repliquemangacine.fr\/wp-content\/uploads\/2023\/10\/124-Katana-Rukia-Kuchiki.jpg","type":"image\/jpeg"}],"twitter_card":"summary_large_image","twitter_misc":{"Tempo di lettura stimato":"2 minuti"},"schema":{"@context":"https:\/\/schema.org","@graph":[{"@type":"WebPage","@id":"https:\/\/repliquemangacine.fr\/katana-bleach\/katana-rukia-zanpakuto-shirayuki-rukia-kuchiki\/","url":"https:\/\/repliquemangacine.fr\/katana-bleach\/katana-rukia-zanpakuto-shirayuki-rukia-kuchiki\/","name":"Katana Rukia Zanpakuto Shirayuki - Negozio online | RMC","isPartOf":{"@id":"https:\/\/repliquemangacine.fr\/#website"},"primaryImageOfPage":{"@id":"https:\/\/repliquemangacine.fr\/katana-bleach\/katana-rukia-zanpakuto-shirayuki-rukia-kuchiki\/#primaryimage"},"image":{"@id":"https:\/\/repliquemangacine.fr\/katana-bleach\/katana-rukia-zanpakuto-shirayuki-rukia-kuchiki\/#primaryimage"},"thumbnailUrl":"https:\/\/repliquemangacine.fr\/wp-content\/uploads\/2023\/10\/124-Katana-Rukia-Kuchiki.jpg","datePublished":"2016-08-22T16:09:40+00:00","dateModified":"2026-04-14T10:24:35+00:00","description":"Comprate ora! La Katana Rukia Zanpakuto Shirayuki al miglior prezzo. Lama in acciaio - Fodero laccato bianco - Lunghezza totale: 112 cm - Spedizione 24\/48h","breadcrumb":{"@id":"https:\/\/repliquemangacine.fr\/katana-bleach\/katana-rukia-zanpakuto-shirayuki-rukia-kuchiki\/#breadcrumb"},"inLanguage":"it-IT","potentialAction":[{"@type":"ReadAction","target":["https:\/\/repliquemangacine.fr\/katana-bleach\/katana-rukia-zanpakuto-shirayuki-rukia-kuchiki\/"]}]},{"@type":"ImageObject","inLanguage":"it-IT","@id":"https:\/\/repliquemangacine.fr\/katana-bleach\/katana-rukia-zanpakuto-shirayuki-rukia-kuchiki\/#primaryimage","url":"https:\/\/repliquemangacine.fr\/wp-content\/uploads\/2023\/10\/124-Katana-Rukia-Kuchiki.jpg","contentUrl":"https:\/\/repliquemangacine.fr\/wp-content\/uploads\/2023\/10\/124-Katana-Rukia-Kuchiki.jpg","width":800,"height":800,"caption":"Rukia Kuchiki"},{"@type":"BreadcrumbList","@id":"https:\/\/repliquemangacine.fr\/katana-bleach\/katana-rukia-zanpakuto-shirayuki-rukia-kuchiki\/#breadcrumb","itemListElement":[{"@type":"ListItem","position":1,"name":"Accueil","item":"https:\/\/repliquemangacine.fr\/"},{"@type":"ListItem","position":2,"name":"Produits","item":"https:\/\/repliquemangacine.fr\/boutique\/"},{"@type":"ListItem","position":3,"name":"Katana Rukia Shirayuki"}]},{"@type":"WebSite","@id":"https:\/\/repliquemangacine.fr\/#website","url":"https:\/\/repliquemangacine.fr\/","name":"R\u00e9plique Manga Cin\u00e9","description":"","publisher":{"@id":"https:\/\/repliquemangacine.fr\/#organization"},"potentialAction":[{"@type":"SearchAction","target":{"@type":"EntryPoint","urlTemplate":"https:\/\/repliquemangacine.fr\/?s={search_term_string}"},"query-input":{"@type":"PropertyValueSpecification","valueRequired":true,"valueName":"search_term_string"}}],"inLanguage":"it-IT"},{"@type":"Organization","@id":"https:\/\/repliquemangacine.fr\/#organization","name":"R\u00e9plique Manga Cin\u00e9","url":"https:\/\/repliquemangacine.fr\/","logo":{"@type":"ImageObject","inLanguage":"it-IT","@id":"https:\/\/repliquemangacine.fr\/#\/schema\/logo\/image\/","url":"https:\/\/repliquemangacine.fr\/wp-content\/uploads\/2023\/10\/RMC-500250.png","contentUrl":"https:\/\/repliquemangacine.fr\/wp-content\/uploads\/2023\/10\/RMC-500250.png","width":500,"height":250,"caption":"R\u00e9plique Manga Cin\u00e9"},"image":{"@id":"https:\/\/repliquemangacine.fr\/#\/schema\/logo\/image\/"},"sameAs":["https:\/\/www.facebook.com\/RepliqueMangaCine","https:\/\/www.instagram.com\/repliquemangacine.fr\/"]}]}},"_links":{"self":[{"href":"https:\/\/repliquemangacine.fr\/it\/wp-json\/wp\/v2\/product\/25309","targetHints":{"allow":["GET"]}}],"collection":[{"href":"https:\/\/repliquemangacine.fr\/it\/wp-json\/wp\/v2\/product"}],"about":[{"href":"https:\/\/repliquemangacine.fr\/it\/wp-json\/wp\/v2\/types\/product"}],"wp:featuredmedia":[{"embeddable":true,"href":"https:\/\/repliquemangacine.fr\/it\/wp-json\/wp\/v2\/media\/25310"}],"wp:attachment":[{"href":"https:\/\/repliquemangacine.fr\/it\/wp-json\/wp\/v2\/media?parent=25309"}],"wp:term":[{"taxonomy":"product_brand","embeddable":true,"href":"https:\/\/repliquemangacine.fr\/it\/wp-json\/wp\/v2\/product_brand?post=25309"},{"taxonomy":"product_cat","embeddable":true,"href":"https:\/\/repliquemangacine.fr\/it\/wp-json\/wp\/v2\/product_cat?post=25309"},{"taxonomy":"product_tag","embeddable":true,"href":"https:\/\/repliquemangacine.fr\/it\/wp-json\/wp\/v2\/product_tag?post=25309"}],"curies":[{"name":"wp","href":"https:\/\/api.w.org\/{rel}","templated":true}]}}