





{"id":25303,"date":"2016-08-22T15:56:31","date_gmt":"2016-08-22T13:56:31","guid":{"rendered":"https:\/\/repliquemangacine.fr\/?post_type=product&#038;p=25303"},"modified":"2026-02-11T07:00:59","modified_gmt":"2026-02-11T06:00:59","slug":"katana-di-toshiro-hitsugaya-zanpakuto-hyorinmaru","status":"publish","type":"product","link":"https:\/\/repliquemangacine.fr\/it\/katana-bleach\/katana-de-toshiro-hitsugaya-zanpakuto-hyorinmaru\/","title":{"rendered":"Katana di Toshiro Hitsugaya"},"content":{"rendered":"<h2>Katana di Toshiro Hitsugaya - Zanpakuto Hyorinmaru in Bleach<\/h2>\n<p>Per cominciare, il <strong>Katana di Toshiro Hitsugaya<\/strong> \u00e8 la zanpakuto di Hyorinmaru. \u00c8 il pi\u00f9 forte di tutti gli Zanpakut\u014d di ghiaccio dell'intera Soul Society. La spada \u00e8 un po' pi\u00f9 lunga della maggior parte degli Zanpakut\u014d. Questo la rende pi\u00f9 alta di Hitsugaya, impedendogli di portarla al fianco. Per questo motivo, Hitsugaya la porta sulla schiena tramite la cintura verde sulla spalla destra.<\/p>\n<p>Toshiro Hitsugaya \u00e8 il capitano pi\u00f9 giovane delle 13 Divisioni. Ha un immenso talento per il combattimento.<\/p>\n<p>Hitsugaya possiede un grande potere spirituale e uno Zanpakut\u014d molto potente, il pi\u00f9 forte degli Zanpakut\u014d di ghiaccio, <a href=\"https:\/\/bleach.fandom.com\/fr\/wiki\/T\u00f4shir\u00f4_Hitsugaya?so=search#Zanpakut\u014d\" target=\"_blank\" rel=\"noopener noreferrer\">Hy\u014drinmaru<\/a>.  Il suo livello continuer\u00e0 a crescere nel corso della storia, fino a diventare uno degli Shinigami pi\u00f9 potenti durante la Guerra di Sangue del Millennio.<\/p>\n<h2>La vostra katana Toshiro Hitsugaya al miglior prezzo.<\/h2>\n<p>Vi proponiamo tutte le battute dei vostri personaggi preferiti nel manga Bleach.<\/p>\n<p>Innanzitutto,<\/p>\n<ul>\n<li>Il primo <a href=\"https:\/\/repliquemangacine.fr\/it\/katana-bleach\/katana-tensa-zangetsu-v2-bankai-ichigo\/\">bankai d'ichigo<\/a>la versione lunga di Tensa Zangetsu.<\/li>\n<li>Ma troverete anche la versione pi\u00f9 corta e quella con la guardia diversa.<\/li>\n<li>C'\u00e8 anche Banka\u00ef <a href=\"https:\/\/repliquemangacine.fr\/it\/candeggina\/dernier-bankai-ichigo-tensa-zangetsu-v3-104cm\/\">Tensa Zangetsu V3<\/a>\u00c8 una forma alternativa del bankai di Ichigo.<\/li>\n<li>E molti altri da scoprire nel nostro negozio online!<\/li>\n<\/ul>\n<p>Ecco quindi alcune fantastiche idee regalo per i fan di Bleach.<\/p>\n<p>In conclusione, \u00e8 possibile utilizzare questo <strong>Katana di Toshiro Hitsugaya<\/strong> per le vostre sfilate di cosplay. Ma soprattutto, la Zanpakuto Hy\u014drinmaru \u00e8 anche un oggetto da collezione e un pezzo decorativo.<\/p>\n<h2>Come si mantiene la lama della katana di Bleach?<\/h2>\n<p>Le katane da collezione e decorative sono realizzate e assemblate in modo semplificato. Poich\u00e9 il loro uso \u00e8 decorativo, non hanno le caratteristiche di sicurezza richieste da una spada giapponese destinata all'allenamento.<\/p>\n<p>Tuttavia, il vostro<strong> katana di Toshiro Hitsugaya<\/strong> a una lama d'acciaio che deve essere curata per evitare che si danneggi nel tempo. Quando si espone la katana, gli amici saranno curiosi di vedere la lama e di toccarla. \u00c8 qui che bisogna fare attenzione, perch\u00e9 l'acidit\u00e0 delle dita \u00e8 molto dannosa per l'acciaio, indipendentemente dalla sua qualit\u00e0.<\/p>\n<p>Tuttavia, se ci\u00f2 dovesse accadere, non fatevi prendere dal panico: basta un panno inumidito con un po' di olio per rimuovere le impronte digitali. In questo modo, la vostra spada durer\u00e0 a lungo.<\/p>","protected":false},"excerpt":{"rendered":"<p>Katana Hitsugaya Toshiro, Zanpakuto Hyorinmaru<\/p>\n<ul>\n<li>Lama in acciaio non affilata.<\/li>\n<li>Elsa a 4 punte in ottone.<\/li>\n<li>Fodero in legno nero.<\/li>\n<li>Manico rivestito di treccia di cotone blu.<\/li>\n<li>Tracolla in tessuto verde con medaglione in ottone.<\/li>\n<li>Lunghezza lama: 69 cm - Lunghezza totale: 103 cm<\/li>\n<\/ul>","protected":false},"featured_media":25304,"template":"","meta":[],"product_brand":[896],"product_cat":[30,23],"product_tag":[],"class_list":{"0":"post-25303","1":"product","2":"type-product","3":"status-publish","4":"has-post-thumbnail","6":"product_brand-replique-manga-cine","7":"product_cat-katana-bleach","8":"product_cat-repliques-manga-jeux-video","10":"first","11":"instock","12":"taxable","13":"shipping-taxable","14":"purchasable","15":"product-type-simple"},"yoast_head":"<!-- This site is optimized with the Yoast SEO plugin v27.4 - https:\/\/yoast.com\/product\/yoast-seo-wordpress\/ -->\n<title>Katana de Toshiro Hitsugaya Hyorinmaru - Boutique en ligne - RMC<\/title>\n<meta name=\"description\" content=\"Commandez le Katana de Toshiro Hitsugaya, Zanpakuto Hyorinmaru dans Bleach au meilleur prix. Lame acier de 69cm - Longueur totale : 103cm - Envoi 24\/48h\" \/>\n<meta name=\"robots\" content=\"index, follow, max-snippet:-1, max-image-preview:large, max-video-preview:-1\" \/>\n<link rel=\"canonical\" href=\"https:\/\/repliquemangacine.fr\/it\/katana-bleach\/katana-di-toshiro-hitsugaya-zanpakuto-hyorinmaru\/\" \/>\n<meta property=\"og:locale\" content=\"it_IT\" \/>\n<meta property=\"og:type\" content=\"article\" \/>\n<meta property=\"og:title\" content=\"Katana de Toshiro Hitsugaya Hyorinmaru - Boutique en ligne - RMC\" \/>\n<meta property=\"og:description\" content=\"Commandez le Katana de Toshiro Hitsugaya, Zanpakuto Hyorinmaru dans Bleach au meilleur prix. Lame acier de 69cm - Longueur totale : 103cm - Envoi 24\/48h\" \/>\n<meta property=\"og:url\" content=\"https:\/\/repliquemangacine.fr\/it\/katana-bleach\/katana-di-toshiro-hitsugaya-zanpakuto-hyorinmaru\/\" \/>\n<meta property=\"og:site_name\" content=\"R\u00e9plique Manga Cin\u00e9\" \/>\n<meta property=\"article:publisher\" content=\"https:\/\/www.facebook.com\/RepliqueMangaCine\" \/>\n<meta property=\"article:modified_time\" content=\"2026-02-11T06:00:59+00:00\" \/>\n<meta property=\"og:image\" content=\"https:\/\/repliquemangacine.fr\/wp-content\/uploads\/2023\/10\/118-katana-Hitsugaya-Toshiro.jpg\" \/>\n\t<meta property=\"og:image:width\" content=\"800\" \/>\n\t<meta property=\"og:image:height\" content=\"800\" \/>\n\t<meta property=\"og:image:type\" content=\"image\/jpeg\" \/>\n<meta name=\"twitter:card\" content=\"summary_large_image\" \/>\n<meta name=\"twitter:label1\" content=\"Tempo di lettura stimato\" \/>\n\t<meta name=\"twitter:data1\" content=\"3 minuti\" \/>\n<script type=\"application\/ld+json\" class=\"yoast-schema-graph\">{\"@context\":\"https:\\\/\\\/schema.org\",\"@graph\":[{\"@type\":\"WebPage\",\"@id\":\"https:\\\/\\\/repliquemangacine.fr\\\/katana-bleach\\\/katana-de-toshiro-hitsugaya-zanpakuto-hyorinmaru\\\/\",\"url\":\"https:\\\/\\\/repliquemangacine.fr\\\/katana-bleach\\\/katana-de-toshiro-hitsugaya-zanpakuto-hyorinmaru\\\/\",\"name\":\"Katana de Toshiro Hitsugaya Hyorinmaru - Boutique en ligne - RMC\",\"isPartOf\":{\"@id\":\"https:\\\/\\\/repliquemangacine.fr\\\/#website\"},\"primaryImageOfPage\":{\"@id\":\"https:\\\/\\\/repliquemangacine.fr\\\/katana-bleach\\\/katana-de-toshiro-hitsugaya-zanpakuto-hyorinmaru\\\/#primaryimage\"},\"image\":{\"@id\":\"https:\\\/\\\/repliquemangacine.fr\\\/katana-bleach\\\/katana-de-toshiro-hitsugaya-zanpakuto-hyorinmaru\\\/#primaryimage\"},\"thumbnailUrl\":\"https:\\\/\\\/repliquemangacine.fr\\\/wp-content\\\/uploads\\\/2023\\\/10\\\/118-katana-Hitsugaya-Toshiro.jpg\",\"datePublished\":\"2016-08-22T13:56:31+00:00\",\"dateModified\":\"2026-02-11T06:00:59+00:00\",\"description\":\"Commandez le Katana de Toshiro Hitsugaya, Zanpakuto Hyorinmaru dans Bleach au meilleur prix. Lame acier de 69cm - Longueur totale : 103cm - Envoi 24\\\/48h\",\"breadcrumb\":{\"@id\":\"https:\\\/\\\/repliquemangacine.fr\\\/katana-bleach\\\/katana-de-toshiro-hitsugaya-zanpakuto-hyorinmaru\\\/#breadcrumb\"},\"inLanguage\":\"it-IT\",\"potentialAction\":[{\"@type\":\"ReadAction\",\"target\":[\"https:\\\/\\\/repliquemangacine.fr\\\/katana-bleach\\\/katana-de-toshiro-hitsugaya-zanpakuto-hyorinmaru\\\/\"]}]},{\"@type\":\"ImageObject\",\"inLanguage\":\"it-IT\",\"@id\":\"https:\\\/\\\/repliquemangacine.fr\\\/katana-bleach\\\/katana-de-toshiro-hitsugaya-zanpakuto-hyorinmaru\\\/#primaryimage\",\"url\":\"https:\\\/\\\/repliquemangacine.fr\\\/wp-content\\\/uploads\\\/2023\\\/10\\\/118-katana-Hitsugaya-Toshiro.jpg\",\"contentUrl\":\"https:\\\/\\\/repliquemangacine.fr\\\/wp-content\\\/uploads\\\/2023\\\/10\\\/118-katana-Hitsugaya-Toshiro.jpg\",\"width\":800,\"height\":800,\"caption\":\"katana Hitsugaya Toshiro\"},{\"@type\":\"BreadcrumbList\",\"@id\":\"https:\\\/\\\/repliquemangacine.fr\\\/katana-bleach\\\/katana-de-toshiro-hitsugaya-zanpakuto-hyorinmaru\\\/#breadcrumb\",\"itemListElement\":[{\"@type\":\"ListItem\",\"position\":1,\"name\":\"Accueil\",\"item\":\"https:\\\/\\\/repliquemangacine.fr\\\/\"},{\"@type\":\"ListItem\",\"position\":2,\"name\":\"Produits\",\"item\":\"https:\\\/\\\/repliquemangacine.fr\\\/boutique\\\/\"},{\"@type\":\"ListItem\",\"position\":3,\"name\":\"Katana de Toshiro Hitsugaya\"}]},{\"@type\":\"WebSite\",\"@id\":\"https:\\\/\\\/repliquemangacine.fr\\\/#website\",\"url\":\"https:\\\/\\\/repliquemangacine.fr\\\/\",\"name\":\"R\u00e9plique Manga Cin\u00e9\",\"description\":\"\",\"publisher\":{\"@id\":\"https:\\\/\\\/repliquemangacine.fr\\\/#organization\"},\"potentialAction\":[{\"@type\":\"SearchAction\",\"target\":{\"@type\":\"EntryPoint\",\"urlTemplate\":\"https:\\\/\\\/repliquemangacine.fr\\\/?s={search_term_string}\"},\"query-input\":{\"@type\":\"PropertyValueSpecification\",\"valueRequired\":true,\"valueName\":\"search_term_string\"}}],\"inLanguage\":\"it-IT\"},{\"@type\":\"Organization\",\"@id\":\"https:\\\/\\\/repliquemangacine.fr\\\/#organization\",\"name\":\"R\u00e9plique Manga Cin\u00e9\",\"url\":\"https:\\\/\\\/repliquemangacine.fr\\\/\",\"logo\":{\"@type\":\"ImageObject\",\"inLanguage\":\"it-IT\",\"@id\":\"https:\\\/\\\/repliquemangacine.fr\\\/#\\\/schema\\\/logo\\\/image\\\/\",\"url\":\"https:\\\/\\\/repliquemangacine.fr\\\/wp-content\\\/uploads\\\/2023\\\/10\\\/RMC-500250.png\",\"contentUrl\":\"https:\\\/\\\/repliquemangacine.fr\\\/wp-content\\\/uploads\\\/2023\\\/10\\\/RMC-500250.png\",\"width\":500,\"height\":250,\"caption\":\"R\u00e9plique Manga Cin\u00e9\"},\"image\":{\"@id\":\"https:\\\/\\\/repliquemangacine.fr\\\/#\\\/schema\\\/logo\\\/image\\\/\"},\"sameAs\":[\"https:\\\/\\\/www.facebook.com\\\/RepliqueMangaCine\",\"https:\\\/\\\/www.instagram.com\\\/repliquemangacine.fr\\\/\"]}]}<\/script>\n<!-- \/ Yoast SEO plugin. -->","yoast_head_json":{"title":"Katana di Toshiro Hitsugaya Hyorinmaru - Negozio online - RMC","description":"Ordina la Katana di Toshiro Hitsugaya, Zanpakuto Hyorinmaru in Bleach al miglior prezzo. Lama in acciaio 69cm - Lunghezza totale: 103cm - Spedizione 24\/48h","robots":{"index":"index","follow":"follow","max-snippet":"max-snippet:-1","max-image-preview":"max-image-preview:large","max-video-preview":"max-video-preview:-1"},"canonical":"https:\/\/repliquemangacine.fr\/it\/katana-bleach\/katana-di-toshiro-hitsugaya-zanpakuto-hyorinmaru\/","og_locale":"it_IT","og_type":"article","og_title":"Katana de Toshiro Hitsugaya Hyorinmaru - Boutique en ligne - RMC","og_description":"Commandez le Katana de Toshiro Hitsugaya, Zanpakuto Hyorinmaru dans Bleach au meilleur prix. Lame acier de 69cm - Longueur totale : 103cm - Envoi 24\/48h","og_url":"https:\/\/repliquemangacine.fr\/it\/katana-bleach\/katana-di-toshiro-hitsugaya-zanpakuto-hyorinmaru\/","og_site_name":"R\u00e9plique Manga Cin\u00e9","article_publisher":"https:\/\/www.facebook.com\/RepliqueMangaCine","article_modified_time":"2026-02-11T06:00:59+00:00","og_image":[{"width":800,"height":800,"url":"https:\/\/repliquemangacine.fr\/wp-content\/uploads\/2023\/10\/118-katana-Hitsugaya-Toshiro.jpg","type":"image\/jpeg"}],"twitter_card":"summary_large_image","twitter_misc":{"Tempo di lettura stimato":"3 minuti"},"schema":{"@context":"https:\/\/schema.org","@graph":[{"@type":"WebPage","@id":"https:\/\/repliquemangacine.fr\/katana-bleach\/katana-de-toshiro-hitsugaya-zanpakuto-hyorinmaru\/","url":"https:\/\/repliquemangacine.fr\/katana-bleach\/katana-de-toshiro-hitsugaya-zanpakuto-hyorinmaru\/","name":"Katana di Toshiro Hitsugaya Hyorinmaru - Negozio online - RMC","isPartOf":{"@id":"https:\/\/repliquemangacine.fr\/#website"},"primaryImageOfPage":{"@id":"https:\/\/repliquemangacine.fr\/katana-bleach\/katana-de-toshiro-hitsugaya-zanpakuto-hyorinmaru\/#primaryimage"},"image":{"@id":"https:\/\/repliquemangacine.fr\/katana-bleach\/katana-de-toshiro-hitsugaya-zanpakuto-hyorinmaru\/#primaryimage"},"thumbnailUrl":"https:\/\/repliquemangacine.fr\/wp-content\/uploads\/2023\/10\/118-katana-Hitsugaya-Toshiro.jpg","datePublished":"2016-08-22T13:56:31+00:00","dateModified":"2026-02-11T06:00:59+00:00","description":"Ordina la Katana di Toshiro Hitsugaya, Zanpakuto Hyorinmaru in Bleach al miglior prezzo. Lama in acciaio 69cm - Lunghezza totale: 103cm - Spedizione 24\/48h","breadcrumb":{"@id":"https:\/\/repliquemangacine.fr\/katana-bleach\/katana-de-toshiro-hitsugaya-zanpakuto-hyorinmaru\/#breadcrumb"},"inLanguage":"it-IT","potentialAction":[{"@type":"ReadAction","target":["https:\/\/repliquemangacine.fr\/katana-bleach\/katana-de-toshiro-hitsugaya-zanpakuto-hyorinmaru\/"]}]},{"@type":"ImageObject","inLanguage":"it-IT","@id":"https:\/\/repliquemangacine.fr\/katana-bleach\/katana-de-toshiro-hitsugaya-zanpakuto-hyorinmaru\/#primaryimage","url":"https:\/\/repliquemangacine.fr\/wp-content\/uploads\/2023\/10\/118-katana-Hitsugaya-Toshiro.jpg","contentUrl":"https:\/\/repliquemangacine.fr\/wp-content\/uploads\/2023\/10\/118-katana-Hitsugaya-Toshiro.jpg","width":800,"height":800,"caption":"katana Hitsugaya Toshiro"},{"@type":"BreadcrumbList","@id":"https:\/\/repliquemangacine.fr\/katana-bleach\/katana-de-toshiro-hitsugaya-zanpakuto-hyorinmaru\/#breadcrumb","itemListElement":[{"@type":"ListItem","position":1,"name":"Accueil","item":"https:\/\/repliquemangacine.fr\/"},{"@type":"ListItem","position":2,"name":"Produits","item":"https:\/\/repliquemangacine.fr\/boutique\/"},{"@type":"ListItem","position":3,"name":"Katana de Toshiro Hitsugaya"}]},{"@type":"WebSite","@id":"https:\/\/repliquemangacine.fr\/#website","url":"https:\/\/repliquemangacine.fr\/","name":"R\u00e9plique Manga Cin\u00e9","description":"","publisher":{"@id":"https:\/\/repliquemangacine.fr\/#organization"},"potentialAction":[{"@type":"SearchAction","target":{"@type":"EntryPoint","urlTemplate":"https:\/\/repliquemangacine.fr\/?s={search_term_string}"},"query-input":{"@type":"PropertyValueSpecification","valueRequired":true,"valueName":"search_term_string"}}],"inLanguage":"it-IT"},{"@type":"Organization","@id":"https:\/\/repliquemangacine.fr\/#organization","name":"R\u00e9plique Manga Cin\u00e9","url":"https:\/\/repliquemangacine.fr\/","logo":{"@type":"ImageObject","inLanguage":"it-IT","@id":"https:\/\/repliquemangacine.fr\/#\/schema\/logo\/image\/","url":"https:\/\/repliquemangacine.fr\/wp-content\/uploads\/2023\/10\/RMC-500250.png","contentUrl":"https:\/\/repliquemangacine.fr\/wp-content\/uploads\/2023\/10\/RMC-500250.png","width":500,"height":250,"caption":"R\u00e9plique Manga Cin\u00e9"},"image":{"@id":"https:\/\/repliquemangacine.fr\/#\/schema\/logo\/image\/"},"sameAs":["https:\/\/www.facebook.com\/RepliqueMangaCine","https:\/\/www.instagram.com\/repliquemangacine.fr\/"]}]}},"_links":{"self":[{"href":"https:\/\/repliquemangacine.fr\/it\/wp-json\/wp\/v2\/product\/25303","targetHints":{"allow":["GET"]}}],"collection":[{"href":"https:\/\/repliquemangacine.fr\/it\/wp-json\/wp\/v2\/product"}],"about":[{"href":"https:\/\/repliquemangacine.fr\/it\/wp-json\/wp\/v2\/types\/product"}],"wp:featuredmedia":[{"embeddable":true,"href":"https:\/\/repliquemangacine.fr\/it\/wp-json\/wp\/v2\/media\/25304"}],"wp:attachment":[{"href":"https:\/\/repliquemangacine.fr\/it\/wp-json\/wp\/v2\/media?parent=25303"}],"wp:term":[{"taxonomy":"product_brand","embeddable":true,"href":"https:\/\/repliquemangacine.fr\/it\/wp-json\/wp\/v2\/product_brand?post=25303"},{"taxonomy":"product_cat","embeddable":true,"href":"https:\/\/repliquemangacine.fr\/it\/wp-json\/wp\/v2\/product_cat?post=25303"},{"taxonomy":"product_tag","embeddable":true,"href":"https:\/\/repliquemangacine.fr\/it\/wp-json\/wp\/v2\/product_tag?post=25303"}],"curies":[{"name":"wp","href":"https:\/\/api.w.org\/{rel}","templated":true}]}}