





{"id":25292,"date":"2016-08-21T21:18:44","date_gmt":"2016-08-21T19:18:44","guid":{"rendered":"https:\/\/repliquemangacine.fr\/?post_type=product&#038;p=25292"},"modified":"2026-04-14T12:25:03","modified_gmt":"2026-04-14T10:25:03","slug":"katana-tensa-zangetsu-v2-bankai-ichigo","status":"publish","type":"product","link":"https:\/\/repliquemangacine.fr\/it\/katana-bleach\/katana-tensa-zangetsu-v2-bankai-ichigo\/","title":{"rendered":"Banka\u00ef ichigo Tensa Zangetsu V2"},"content":{"rendered":"<h2>103cm Tensa Zangetsu V2 Katana replica<\/h2>\n<p>La Katana Tensa Zangetsu V2 \u00e8 una forma alternativa di bankai. Dopo l'allenamento con il Dangai, la Zanpakuto di Ichigo ha subito importanti cambiamenti. La manica destra dello Shihakushou \u00e8 stata strappata e al suo posto la catena del karma sull'elsa si \u00e8 allungata al punto da poter girare intorno al braccio del giovane sostituto.<\/p>\n<p>Inoltre, una sorta di guanto sostituisce l'elsa; Aizen Sosuke sostiene che questo livello di evoluzione nel ragazzo ha prodotto una \u201cfusione\u201d tra la sua mano e la sua spada. Inoltre, l'elsa metallica \u00e8 pi\u00f9 larga e le estremit\u00e0 dei rebbi diventano appuntite.<\/p>\n<p><a href=\"https:\/\/bleach.fandom.com\/fr\/wiki\/Ichigo_Kurosaki#Zanpakut\u014d\" target=\"_blank\" rel=\"noopener noreferrer\">Ichigo Kurosaki<\/a> \u00e8 un umano con l'eccezionale capacit\u00e0 di distinguere i fantasmi. La sua vita viene stravolta quando incontra Rukia Kuchiki, che gli conferisce i suoi poteri di Shinigami per salvare la sua famiglia da un Hollow.<\/p>\n<h2>La tua Katana Tensa Zangetsu V2 al miglior prezzo.<\/h2>\n<p>Vi proponiamo tutte le battute dei vostri personaggi preferiti nel manga Bleach.<\/p>\n<p>Innanzitutto,<\/p>\n<ul>\n<li>Le <a href=\"https:\/\/repliquemangacine.fr\/it\/katana-bleach\/katana-cava-bianca-di-ichigo\/\">Katana cava<\/a> (katana bianca), che rappresenta il lato oscuro dell'anima di Ichigo.<\/li>\n<li>Ma si trovano anche versioni diverse, pi\u00f9 lunghe e con un diverso invecchiamento.<\/li>\n<li>C'\u00e8 anche il <a href=\"https:\/\/repliquemangacine.fr\/it\/candeggina\/canne-benihime-kisuke-urahara-bleach\/\">Bastone con spada Benihime<\/a> di Kisuk\u00e9 urahara.<\/li>\n<li>E molti altri da scoprire nel nostro negozio online!<\/li>\n<\/ul>\n<p>Ecco quindi alcune fantastiche idee regalo per i fan di Bleach.<\/p>\n<p>In conclusione, potete utilizzare questa Katana Tensa Zangetsu V2 per le vostre sfilate di cosplay. Ma soprattutto, la Banka\u00ef d'ichigo \u00e8 anche un oggetto da collezione e un pezzo decorativo.<\/p>\n<h2>Come si mantiene la lama della katana di Bleach?<\/h2>\n<p>Le katane da collezione e decorative sono realizzate e assemblate in modo semplificato. Poich\u00e9 il loro uso \u00e8 decorativo, non hanno le caratteristiche di sicurezza richieste da una spada giapponese destinata all'allenamento.<\/p>\n<p>Tuttavia, il vostro <strong>katana Tensa Zangetsu V2<\/strong> a una lama d'acciaio che deve essere curata per evitare che si danneggi nel tempo. Quando si espone la katana, gli amici saranno curiosi di vedere la lama e di toccarla. \u00c8 qui che bisogna fare attenzione, perch\u00e9 l'acidit\u00e0 delle dita \u00e8 molto dannosa per l'acciaio, indipendentemente dalla sua qualit\u00e0.<\/p>\n<p>Tuttavia, se ci\u00f2 dovesse accadere, non fatevi prendere dal panico: basta un panno inumidito con un po' di olio per rimuovere le impronte digitali. In questo modo, la vostra spada durer\u00e0 a lungo.<\/p>","protected":false},"excerpt":{"rendered":"<p>Versione 2 del bankai di Ichigo \"il Tensa Zangetsu\", usato nella battaglia con Aizen.<\/p>\n<ul>\n<li>Lama in acciaio non affilata.<\/li>\n<li>Manico circondato da una treccia di cotone nero.<\/li>\n<li>Catena in metallo lunga 105 cm.<\/li>\n<li>Protezione in metallo.<\/li>\n<li>Lunghezza lama: 69 cm - Lunghezza totale: 103 cm<\/li>\n<\/ul>","protected":false},"featured_media":25293,"template":"","meta":[],"product_brand":[896],"product_cat":[30,23],"product_tag":[],"class_list":{"0":"post-25292","1":"product","2":"type-product","3":"status-publish","4":"has-post-thumbnail","6":"product_brand-replique-manga-cine","7":"product_cat-katana-bleach","8":"product_cat-repliques-manga-jeux-video","10":"first","11":"instock","12":"taxable","13":"shipping-taxable","14":"purchasable","15":"product-type-simple"},"yoast_head":"<!-- This site is optimized with the Yoast SEO plugin v27.4 - https:\/\/yoast.com\/product\/yoast-seo-wordpress\/ -->\n<title>Katana Tensa Zangetsu V2 - Bleach - Boutique en ligne | RMC<\/title>\n<meta name=\"description\" content=\"Commander le Katana Tensa Zangetsu V2 dans Bleach au meilleur prix. Lame acier de 69 cm - Chaine de 105cm - Longueur Totale : 103cm - Envoi 24\/48h\" \/>\n<meta name=\"robots\" content=\"index, follow, max-snippet:-1, max-image-preview:large, max-video-preview:-1\" \/>\n<link rel=\"canonical\" href=\"https:\/\/repliquemangacine.fr\/it\/katana-bleach\/katana-tensa-zangetsu-v2-bankai-ichigo\/\" \/>\n<meta property=\"og:locale\" content=\"it_IT\" \/>\n<meta property=\"og:type\" content=\"article\" \/>\n<meta property=\"og:title\" content=\"Katana Tensa Zangetsu V2 - Bleach - Boutique en ligne | RMC\" \/>\n<meta property=\"og:description\" content=\"Commander le Katana Tensa Zangetsu V2 dans Bleach au meilleur prix. Lame acier de 69 cm - Chaine de 105cm - Longueur Totale : 103cm - Envoi 24\/48h\" \/>\n<meta property=\"og:url\" content=\"https:\/\/repliquemangacine.fr\/it\/katana-bleach\/katana-tensa-zangetsu-v2-bankai-ichigo\/\" \/>\n<meta property=\"og:site_name\" content=\"R\u00e9plique Manga Cin\u00e9\" \/>\n<meta property=\"article:publisher\" content=\"https:\/\/www.facebook.com\/RepliqueMangaCine\" \/>\n<meta property=\"article:modified_time\" content=\"2026-04-14T10:25:03+00:00\" \/>\n<meta property=\"og:image\" content=\"https:\/\/repliquemangacine.fr\/wp-content\/uploads\/2023\/10\/104-katana-ichigo-Tensa-Zangetsu-contre-Aizen-version-2.jpg\" \/>\n\t<meta property=\"og:image:width\" content=\"800\" \/>\n\t<meta property=\"og:image:height\" content=\"800\" \/>\n\t<meta property=\"og:image:type\" content=\"image\/jpeg\" \/>\n<meta name=\"twitter:card\" content=\"summary_large_image\" \/>\n<meta name=\"twitter:label1\" content=\"Tempo di lettura stimato\" \/>\n\t<meta name=\"twitter:data1\" content=\"3 minuti\" \/>\n<script type=\"application\/ld+json\" class=\"yoast-schema-graph\">{\"@context\":\"https:\\\/\\\/schema.org\",\"@graph\":[{\"@type\":\"WebPage\",\"@id\":\"https:\\\/\\\/repliquemangacine.fr\\\/katana-bleach\\\/katana-tensa-zangetsu-v2-bankai-ichigo\\\/\",\"url\":\"https:\\\/\\\/repliquemangacine.fr\\\/katana-bleach\\\/katana-tensa-zangetsu-v2-bankai-ichigo\\\/\",\"name\":\"Katana Tensa Zangetsu V2 - Bleach - Boutique en ligne | RMC\",\"isPartOf\":{\"@id\":\"https:\\\/\\\/repliquemangacine.fr\\\/#website\"},\"primaryImageOfPage\":{\"@id\":\"https:\\\/\\\/repliquemangacine.fr\\\/katana-bleach\\\/katana-tensa-zangetsu-v2-bankai-ichigo\\\/#primaryimage\"},\"image\":{\"@id\":\"https:\\\/\\\/repliquemangacine.fr\\\/katana-bleach\\\/katana-tensa-zangetsu-v2-bankai-ichigo\\\/#primaryimage\"},\"thumbnailUrl\":\"https:\\\/\\\/repliquemangacine.fr\\\/wp-content\\\/uploads\\\/2023\\\/10\\\/104-katana-ichigo-Tensa-Zangetsu-contre-Aizen-version-2.jpg\",\"datePublished\":\"2016-08-21T19:18:44+00:00\",\"dateModified\":\"2026-04-14T10:25:03+00:00\",\"description\":\"Commander le Katana Tensa Zangetsu V2 dans Bleach au meilleur prix. Lame acier de 69 cm - Chaine de 105cm - Longueur Totale : 103cm - Envoi 24\\\/48h\",\"breadcrumb\":{\"@id\":\"https:\\\/\\\/repliquemangacine.fr\\\/katana-bleach\\\/katana-tensa-zangetsu-v2-bankai-ichigo\\\/#breadcrumb\"},\"inLanguage\":\"it-IT\",\"potentialAction\":[{\"@type\":\"ReadAction\",\"target\":[\"https:\\\/\\\/repliquemangacine.fr\\\/katana-bleach\\\/katana-tensa-zangetsu-v2-bankai-ichigo\\\/\"]}]},{\"@type\":\"ImageObject\",\"inLanguage\":\"it-IT\",\"@id\":\"https:\\\/\\\/repliquemangacine.fr\\\/katana-bleach\\\/katana-tensa-zangetsu-v2-bankai-ichigo\\\/#primaryimage\",\"url\":\"https:\\\/\\\/repliquemangacine.fr\\\/wp-content\\\/uploads\\\/2023\\\/10\\\/104-katana-ichigo-Tensa-Zangetsu-contre-Aizen-version-2.jpg\",\"contentUrl\":\"https:\\\/\\\/repliquemangacine.fr\\\/wp-content\\\/uploads\\\/2023\\\/10\\\/104-katana-ichigo-Tensa-Zangetsu-contre-Aizen-version-2.jpg\",\"width\":800,\"height\":800,\"caption\":\"katana ichigo Tensa Zangetsu contre Aizen - version 2\"},{\"@type\":\"BreadcrumbList\",\"@id\":\"https:\\\/\\\/repliquemangacine.fr\\\/katana-bleach\\\/katana-tensa-zangetsu-v2-bankai-ichigo\\\/#breadcrumb\",\"itemListElement\":[{\"@type\":\"ListItem\",\"position\":1,\"name\":\"Accueil\",\"item\":\"https:\\\/\\\/repliquemangacine.fr\\\/\"},{\"@type\":\"ListItem\",\"position\":2,\"name\":\"Produits\",\"item\":\"https:\\\/\\\/repliquemangacine.fr\\\/boutique\\\/\"},{\"@type\":\"ListItem\",\"position\":3,\"name\":\"Banka\u00ef ichigo Tensa Zangetsu V2\"}]},{\"@type\":\"WebSite\",\"@id\":\"https:\\\/\\\/repliquemangacine.fr\\\/#website\",\"url\":\"https:\\\/\\\/repliquemangacine.fr\\\/\",\"name\":\"R\u00e9plique Manga Cin\u00e9\",\"description\":\"\",\"publisher\":{\"@id\":\"https:\\\/\\\/repliquemangacine.fr\\\/#organization\"},\"potentialAction\":[{\"@type\":\"SearchAction\",\"target\":{\"@type\":\"EntryPoint\",\"urlTemplate\":\"https:\\\/\\\/repliquemangacine.fr\\\/?s={search_term_string}\"},\"query-input\":{\"@type\":\"PropertyValueSpecification\",\"valueRequired\":true,\"valueName\":\"search_term_string\"}}],\"inLanguage\":\"it-IT\"},{\"@type\":\"Organization\",\"@id\":\"https:\\\/\\\/repliquemangacine.fr\\\/#organization\",\"name\":\"R\u00e9plique Manga Cin\u00e9\",\"url\":\"https:\\\/\\\/repliquemangacine.fr\\\/\",\"logo\":{\"@type\":\"ImageObject\",\"inLanguage\":\"it-IT\",\"@id\":\"https:\\\/\\\/repliquemangacine.fr\\\/#\\\/schema\\\/logo\\\/image\\\/\",\"url\":\"https:\\\/\\\/repliquemangacine.fr\\\/wp-content\\\/uploads\\\/2023\\\/10\\\/RMC-500250.png\",\"contentUrl\":\"https:\\\/\\\/repliquemangacine.fr\\\/wp-content\\\/uploads\\\/2023\\\/10\\\/RMC-500250.png\",\"width\":500,\"height\":250,\"caption\":\"R\u00e9plique Manga Cin\u00e9\"},\"image\":{\"@id\":\"https:\\\/\\\/repliquemangacine.fr\\\/#\\\/schema\\\/logo\\\/image\\\/\"},\"sameAs\":[\"https:\\\/\\\/www.facebook.com\\\/RepliqueMangaCine\",\"https:\\\/\\\/www.instagram.com\\\/repliquemangacine.fr\\\/\"]}]}<\/script>\n<!-- \/ Yoast SEO plugin. -->","yoast_head_json":{"title":"Katana Tensa Zangetsu V2 - Bleach - Negozio online | RMC","description":"Ordina la Katana Tensa Zangetsu V2 in Bleach al miglior prezzo. Lama in acciaio di 69 cm - Catena di 105cm - Lunghezza totale: 103cm - Spedizione 24\/48h","robots":{"index":"index","follow":"follow","max-snippet":"max-snippet:-1","max-image-preview":"max-image-preview:large","max-video-preview":"max-video-preview:-1"},"canonical":"https:\/\/repliquemangacine.fr\/it\/katana-bleach\/katana-tensa-zangetsu-v2-bankai-ichigo\/","og_locale":"it_IT","og_type":"article","og_title":"Katana Tensa Zangetsu V2 - Bleach - Boutique en ligne | RMC","og_description":"Commander le Katana Tensa Zangetsu V2 dans Bleach au meilleur prix. Lame acier de 69 cm - Chaine de 105cm - Longueur Totale : 103cm - Envoi 24\/48h","og_url":"https:\/\/repliquemangacine.fr\/it\/katana-bleach\/katana-tensa-zangetsu-v2-bankai-ichigo\/","og_site_name":"R\u00e9plique Manga Cin\u00e9","article_publisher":"https:\/\/www.facebook.com\/RepliqueMangaCine","article_modified_time":"2026-04-14T10:25:03+00:00","og_image":[{"width":800,"height":800,"url":"https:\/\/repliquemangacine.fr\/wp-content\/uploads\/2023\/10\/104-katana-ichigo-Tensa-Zangetsu-contre-Aizen-version-2.jpg","type":"image\/jpeg"}],"twitter_card":"summary_large_image","twitter_misc":{"Tempo di lettura stimato":"3 minuti"},"schema":{"@context":"https:\/\/schema.org","@graph":[{"@type":"WebPage","@id":"https:\/\/repliquemangacine.fr\/katana-bleach\/katana-tensa-zangetsu-v2-bankai-ichigo\/","url":"https:\/\/repliquemangacine.fr\/katana-bleach\/katana-tensa-zangetsu-v2-bankai-ichigo\/","name":"Katana Tensa Zangetsu V2 - Bleach - Negozio online | RMC","isPartOf":{"@id":"https:\/\/repliquemangacine.fr\/#website"},"primaryImageOfPage":{"@id":"https:\/\/repliquemangacine.fr\/katana-bleach\/katana-tensa-zangetsu-v2-bankai-ichigo\/#primaryimage"},"image":{"@id":"https:\/\/repliquemangacine.fr\/katana-bleach\/katana-tensa-zangetsu-v2-bankai-ichigo\/#primaryimage"},"thumbnailUrl":"https:\/\/repliquemangacine.fr\/wp-content\/uploads\/2023\/10\/104-katana-ichigo-Tensa-Zangetsu-contre-Aizen-version-2.jpg","datePublished":"2016-08-21T19:18:44+00:00","dateModified":"2026-04-14T10:25:03+00:00","description":"Ordina la Katana Tensa Zangetsu V2 in Bleach al miglior prezzo. Lama in acciaio di 69 cm - Catena di 105cm - Lunghezza totale: 103cm - Spedizione 24\/48h","breadcrumb":{"@id":"https:\/\/repliquemangacine.fr\/katana-bleach\/katana-tensa-zangetsu-v2-bankai-ichigo\/#breadcrumb"},"inLanguage":"it-IT","potentialAction":[{"@type":"ReadAction","target":["https:\/\/repliquemangacine.fr\/katana-bleach\/katana-tensa-zangetsu-v2-bankai-ichigo\/"]}]},{"@type":"ImageObject","inLanguage":"it-IT","@id":"https:\/\/repliquemangacine.fr\/katana-bleach\/katana-tensa-zangetsu-v2-bankai-ichigo\/#primaryimage","url":"https:\/\/repliquemangacine.fr\/wp-content\/uploads\/2023\/10\/104-katana-ichigo-Tensa-Zangetsu-contre-Aizen-version-2.jpg","contentUrl":"https:\/\/repliquemangacine.fr\/wp-content\/uploads\/2023\/10\/104-katana-ichigo-Tensa-Zangetsu-contre-Aizen-version-2.jpg","width":800,"height":800,"caption":"katana ichigo Tensa Zangetsu contre Aizen - version 2"},{"@type":"BreadcrumbList","@id":"https:\/\/repliquemangacine.fr\/katana-bleach\/katana-tensa-zangetsu-v2-bankai-ichigo\/#breadcrumb","itemListElement":[{"@type":"ListItem","position":1,"name":"Accueil","item":"https:\/\/repliquemangacine.fr\/"},{"@type":"ListItem","position":2,"name":"Produits","item":"https:\/\/repliquemangacine.fr\/boutique\/"},{"@type":"ListItem","position":3,"name":"Banka\u00ef ichigo Tensa Zangetsu V2"}]},{"@type":"WebSite","@id":"https:\/\/repliquemangacine.fr\/#website","url":"https:\/\/repliquemangacine.fr\/","name":"R\u00e9plique Manga Cin\u00e9","description":"","publisher":{"@id":"https:\/\/repliquemangacine.fr\/#organization"},"potentialAction":[{"@type":"SearchAction","target":{"@type":"EntryPoint","urlTemplate":"https:\/\/repliquemangacine.fr\/?s={search_term_string}"},"query-input":{"@type":"PropertyValueSpecification","valueRequired":true,"valueName":"search_term_string"}}],"inLanguage":"it-IT"},{"@type":"Organization","@id":"https:\/\/repliquemangacine.fr\/#organization","name":"R\u00e9plique Manga Cin\u00e9","url":"https:\/\/repliquemangacine.fr\/","logo":{"@type":"ImageObject","inLanguage":"it-IT","@id":"https:\/\/repliquemangacine.fr\/#\/schema\/logo\/image\/","url":"https:\/\/repliquemangacine.fr\/wp-content\/uploads\/2023\/10\/RMC-500250.png","contentUrl":"https:\/\/repliquemangacine.fr\/wp-content\/uploads\/2023\/10\/RMC-500250.png","width":500,"height":250,"caption":"R\u00e9plique Manga Cin\u00e9"},"image":{"@id":"https:\/\/repliquemangacine.fr\/#\/schema\/logo\/image\/"},"sameAs":["https:\/\/www.facebook.com\/RepliqueMangaCine","https:\/\/www.instagram.com\/repliquemangacine.fr\/"]}]}},"_links":{"self":[{"href":"https:\/\/repliquemangacine.fr\/it\/wp-json\/wp\/v2\/product\/25292","targetHints":{"allow":["GET"]}}],"collection":[{"href":"https:\/\/repliquemangacine.fr\/it\/wp-json\/wp\/v2\/product"}],"about":[{"href":"https:\/\/repliquemangacine.fr\/it\/wp-json\/wp\/v2\/types\/product"}],"wp:featuredmedia":[{"embeddable":true,"href":"https:\/\/repliquemangacine.fr\/it\/wp-json\/wp\/v2\/media\/25293"}],"wp:attachment":[{"href":"https:\/\/repliquemangacine.fr\/it\/wp-json\/wp\/v2\/media?parent=25292"}],"wp:term":[{"taxonomy":"product_brand","embeddable":true,"href":"https:\/\/repliquemangacine.fr\/it\/wp-json\/wp\/v2\/product_brand?post=25292"},{"taxonomy":"product_cat","embeddable":true,"href":"https:\/\/repliquemangacine.fr\/it\/wp-json\/wp\/v2\/product_cat?post=25292"},{"taxonomy":"product_tag","embeddable":true,"href":"https:\/\/repliquemangacine.fr\/it\/wp-json\/wp\/v2\/product_tag?post=25292"}],"curies":[{"name":"wp","href":"https:\/\/api.w.org\/{rel}","templated":true}]}}