





{"id":25287,"date":"2016-08-21T18:24:12","date_gmt":"2016-08-21T16:24:12","guid":{"rendered":"https:\/\/repliquemangacine.fr\/?post_type=product&#038;p=25287"},"modified":"2026-04-17T19:00:55","modified_gmt":"2026-04-17T17:00:55","slug":"katana-ichigo-tensa-168cm-bankai","status":"publish","type":"product","link":"https:\/\/repliquemangacine.fr\/it\/repliques-manga-jeux-video\/katana-ichigo-tensa-168cm-bankai\/","title":{"rendered":"Katana Banka\u00ef Ichigo 142 cm"},"content":{"rendered":"<h2>Katana Banka\u00ef Ichigo 142cm - Bleach<\/h2>\n<p>Per cominciare, la Banka\u00ef Ichigo Katana di 142 cm, Catena Celeste, Luna Affilata.  \u00c8 una spada grande quanto lui e la porta sulla schiena.<\/p>\n<p>Ichigo Kurosaki \u00e8 un umano con l'eccezionale capacit\u00e0 di distinguere i fantasmi. La sua vita viene stravolta quando incontra Rukia Kuchiki.<\/p>\n<p>Dopo il processo accelerato e pericoloso di Kisuke Urahara per ottenere il Bankai in 3 giorni, Ichigo \u00e8 riuscito a sbloccare il secondo rilascio della sua spada.<br \/>\nAssumendo la forma di una katana nera, questo Bankai aumenta considerevolmente la velocit\u00e0 di\u2019<a href=\"https:\/\/bleach.fandom.com\/fr\/wiki\/Ichigo_Kurosaki#Zanpakut\u014d\" target=\"_blank\" rel=\"noopener noreferrer\">Ichigo<\/a> aumentando al contempo la gi\u00e0 notevole potenza della spada.<\/p>\n<p>Mentre le altre Zanpakut\u00f4 aumentano la potenza della spada o aggiungono altre tecniche, Tensa Zangetsu porta semplicemente un guadagno di velocit\u00e0 e il completo rilascio del potere spirituale di Ichigo, significativo del Bankai.<\/p>\n<h2>La tua Katana Banka\u00ef Ichigo 142 cm al miglior prezzo<\/h2>\n<p>Vi proponiamo tutte le battute dei vostri personaggi preferiti nel manga Bleach.<\/p>\n<p>Innanzitutto,<\/p>\n<ul>\n<li>Il primo <a href=\"https:\/\/repliquemangacine.fr\/it\/candeggina\/bankai-ichigo-tensa-zangetsu-taglio-142cm\/\">ichigo bankai forgiato<\/a>una versione all'avanguardia del Tensa Zangetsu.<\/li>\n<li>Ma troverete anche la versione pi\u00f9 lunga e quella con la guardia diversa.<\/li>\n<li>C'\u00e8 anche il <a href=\"https:\/\/repliquemangacine.fr\/it\/candeggina\/zanpakuto-hyorinmaru-hitsugaya-toshiro\/\">katana di Hitsugaya Toshiro<\/a>Hy\u014drinmaru, il pi\u00f9 potente degli zanpakuto di ghiaccio.<\/li>\n<li>E c'\u00e8 molto altro da scoprire!<\/li>\n<\/ul>\n<p>Ecco quindi alcune fantastiche idee regalo per i fan di Bleach.<\/p>\n<p>In conclusione, \u00e8 possibile utilizzare questo <strong>Banka\u00ef Ichigo Katana 168 cm<\/strong> per le sfilate di cosplay. Ma soprattutto, il Tensa Zangetsu \u00e8 anche un oggetto da collezione e un pezzo decorativo.<\/p>\n<h2>Come si mantiene la lama della katana di Bleach?<\/h2>\n<p>Le katane da collezione e decorative sono realizzate e assemblate in modo semplificato. Poich\u00e9 il loro uso \u00e8 decorativo, non hanno le caratteristiche di sicurezza richieste da una spada giapponese destinata all'allenamento.<\/p>\n<p>Tuttavia, il vostro <strong>katana Banka\u00ef Ichigo 168 cm<\/strong> a una lama d'acciaio che deve essere curata per evitare che si danneggi nel tempo. Quando si espone la katana, gli amici saranno curiosi di vedere la lama e di toccarla. \u00c8 qui che bisogna fare attenzione, perch\u00e9 l'acidit\u00e0 delle dita \u00e8 molto dannosa per l'acciaio, indipendentemente dalla sua qualit\u00e0.<\/p>\n<p>Tuttavia, se ci\u00f2 dovesse accadere, non fatevi prendere dal panico: basta un panno inumidito con un po' di olio per rimuovere le impronte digitali. In questo modo, la vostra spada durer\u00e0 a lungo.<\/p>","protected":false},"excerpt":{"rendered":"<p>Il primo bankai a grandezza naturale di Ichigo, proprio come nel manga.<\/p>\n<ul>\n<li>Lama in acciaio nero non affilata.<\/li>\n<li>Manico in finta pelle di razza rossa circondato da una treccia di cotone nero.<\/li>\n<li>Catena spezzata, che simboleggia il karma spezzato di Ichigo.<\/li>\n<li>Protezione in metallo a forma di svastica.<\/li>\n<li>Fodero in legno nero.<\/li>\n<li>Lunghezza lama: 93 cm - Lunghezza totale: 142 cm<\/li>\n<li>Lunghezza del manico: 41 cm<\/li>\n<\/ul>","protected":false},"featured_media":82249,"template":"","meta":[],"product_brand":[896],"product_cat":[30,23],"product_tag":[],"class_list":{"0":"post-25287","1":"product","2":"type-product","3":"status-publish","4":"has-post-thumbnail","6":"product_brand-replique-manga-cine","7":"product_cat-katana-bleach","8":"product_cat-repliques-manga-jeux-video","10":"first","11":"instock","12":"sale","13":"taxable","14":"shipping-taxable","15":"purchasable","16":"product-type-simple"},"yoast_head":"<!-- This site is optimized with the Yoast SEO plugin v27.4 - https:\/\/yoast.com\/product\/yoast-seo-wordpress\/ -->\n<title>Katana Banka\u00ef Ichigo 168cm - Bleach - Boutique en ligne | RMC<\/title>\n<meta name=\"description\" content=\"Achetez vite ! En taille r\u00e9elle, le Katana Banka\u00ef Ichigo 168cm au meilleur prix. Lame acier - Chaine bris\u00e9 - Garde svastika - Longueur 142 cm - Envoi 24\/48h\" \/>\n<meta name=\"robots\" content=\"index, follow, max-snippet:-1, max-image-preview:large, max-video-preview:-1\" \/>\n<link rel=\"canonical\" href=\"https:\/\/repliquemangacine.fr\/it\/videogiochi-manga-replica\/katana-ichigo-tensa-168cm-bankai\/\" \/>\n<meta property=\"og:locale\" content=\"it_IT\" \/>\n<meta property=\"og:type\" content=\"article\" \/>\n<meta property=\"og:title\" content=\"Katana Banka\u00ef Ichigo 168cm - Bleach - Boutique en ligne | RMC\" \/>\n<meta property=\"og:description\" content=\"Achetez vite ! En taille r\u00e9elle, le Katana Banka\u00ef Ichigo 168cm au meilleur prix. Lame acier - Chaine bris\u00e9 - Garde svastika - Longueur 142 cm - Envoi 24\/48h\" \/>\n<meta property=\"og:url\" content=\"https:\/\/repliquemangacine.fr\/it\/videogiochi-manga-replica\/katana-ichigo-tensa-168cm-bankai\/\" \/>\n<meta property=\"og:site_name\" content=\"R\u00e9plique Manga Cin\u00e9\" \/>\n<meta property=\"article:publisher\" content=\"https:\/\/www.facebook.com\/RepliqueMangaCine\" \/>\n<meta property=\"article:modified_time\" content=\"2026-04-17T17:00:55+00:00\" \/>\n<meta property=\"og:image\" content=\"https:\/\/repliquemangacine.fr\/wp-content\/uploads\/2016\/08\/Katana-Bankai-Ichigo-142cm.jpg\" \/>\n\t<meta property=\"og:image:width\" content=\"500\" \/>\n\t<meta property=\"og:image:height\" content=\"500\" \/>\n\t<meta property=\"og:image:type\" content=\"image\/jpeg\" \/>\n<meta name=\"twitter:card\" content=\"summary_large_image\" \/>\n<meta name=\"twitter:label1\" content=\"Tempo di lettura stimato\" \/>\n\t<meta name=\"twitter:data1\" content=\"3 minuti\" \/>\n<script type=\"application\/ld+json\" class=\"yoast-schema-graph\">{\"@context\":\"https:\\\/\\\/schema.org\",\"@graph\":[{\"@type\":\"WebPage\",\"@id\":\"https:\\\/\\\/repliquemangacine.fr\\\/repliques-manga-jeux-video\\\/katana-ichigo-tensa-168cm-bankai\\\/\",\"url\":\"https:\\\/\\\/repliquemangacine.fr\\\/repliques-manga-jeux-video\\\/katana-ichigo-tensa-168cm-bankai\\\/\",\"name\":\"Katana Banka\u00ef Ichigo 168cm - Bleach - Boutique en ligne | RMC\",\"isPartOf\":{\"@id\":\"https:\\\/\\\/repliquemangacine.fr\\\/#website\"},\"primaryImageOfPage\":{\"@id\":\"https:\\\/\\\/repliquemangacine.fr\\\/repliques-manga-jeux-video\\\/katana-ichigo-tensa-168cm-bankai\\\/#primaryimage\"},\"image\":{\"@id\":\"https:\\\/\\\/repliquemangacine.fr\\\/repliques-manga-jeux-video\\\/katana-ichigo-tensa-168cm-bankai\\\/#primaryimage\"},\"thumbnailUrl\":\"https:\\\/\\\/repliquemangacine.fr\\\/wp-content\\\/uploads\\\/2016\\\/08\\\/Katana-Bankai-Ichigo-142cm.jpg\",\"datePublished\":\"2016-08-21T16:24:12+00:00\",\"dateModified\":\"2026-04-17T17:00:55+00:00\",\"description\":\"Achetez vite ! En taille r\u00e9elle, le Katana Banka\u00ef Ichigo 168cm au meilleur prix. Lame acier - Chaine bris\u00e9 - Garde svastika - Longueur 142 cm - Envoi 24\\\/48h\",\"breadcrumb\":{\"@id\":\"https:\\\/\\\/repliquemangacine.fr\\\/repliques-manga-jeux-video\\\/katana-ichigo-tensa-168cm-bankai\\\/#breadcrumb\"},\"inLanguage\":\"it-IT\",\"potentialAction\":[{\"@type\":\"ReadAction\",\"target\":[\"https:\\\/\\\/repliquemangacine.fr\\\/repliques-manga-jeux-video\\\/katana-ichigo-tensa-168cm-bankai\\\/\"]}]},{\"@type\":\"ImageObject\",\"inLanguage\":\"it-IT\",\"@id\":\"https:\\\/\\\/repliquemangacine.fr\\\/repliques-manga-jeux-video\\\/katana-ichigo-tensa-168cm-bankai\\\/#primaryimage\",\"url\":\"https:\\\/\\\/repliquemangacine.fr\\\/wp-content\\\/uploads\\\/2016\\\/08\\\/Katana-Bankai-Ichigo-142cm.jpg\",\"contentUrl\":\"https:\\\/\\\/repliquemangacine.fr\\\/wp-content\\\/uploads\\\/2016\\\/08\\\/Katana-Bankai-Ichigo-142cm.jpg\",\"width\":500,\"height\":500,\"caption\":\"Katana-Banka\u00ef-Ichigo-142cm bleach\"},{\"@type\":\"BreadcrumbList\",\"@id\":\"https:\\\/\\\/repliquemangacine.fr\\\/repliques-manga-jeux-video\\\/katana-ichigo-tensa-168cm-bankai\\\/#breadcrumb\",\"itemListElement\":[{\"@type\":\"ListItem\",\"position\":1,\"name\":\"Accueil\",\"item\":\"https:\\\/\\\/repliquemangacine.fr\\\/\"},{\"@type\":\"ListItem\",\"position\":2,\"name\":\"Produits\",\"item\":\"https:\\\/\\\/repliquemangacine.fr\\\/boutique\\\/\"},{\"@type\":\"ListItem\",\"position\":3,\"name\":\"Katana Banka\u00ef Ichigo 142cm\"}]},{\"@type\":\"WebSite\",\"@id\":\"https:\\\/\\\/repliquemangacine.fr\\\/#website\",\"url\":\"https:\\\/\\\/repliquemangacine.fr\\\/\",\"name\":\"R\u00e9plique Manga Cin\u00e9\",\"description\":\"\",\"publisher\":{\"@id\":\"https:\\\/\\\/repliquemangacine.fr\\\/#organization\"},\"potentialAction\":[{\"@type\":\"SearchAction\",\"target\":{\"@type\":\"EntryPoint\",\"urlTemplate\":\"https:\\\/\\\/repliquemangacine.fr\\\/?s={search_term_string}\"},\"query-input\":{\"@type\":\"PropertyValueSpecification\",\"valueRequired\":true,\"valueName\":\"search_term_string\"}}],\"inLanguage\":\"it-IT\"},{\"@type\":\"Organization\",\"@id\":\"https:\\\/\\\/repliquemangacine.fr\\\/#organization\",\"name\":\"R\u00e9plique Manga Cin\u00e9\",\"url\":\"https:\\\/\\\/repliquemangacine.fr\\\/\",\"logo\":{\"@type\":\"ImageObject\",\"inLanguage\":\"it-IT\",\"@id\":\"https:\\\/\\\/repliquemangacine.fr\\\/#\\\/schema\\\/logo\\\/image\\\/\",\"url\":\"https:\\\/\\\/repliquemangacine.fr\\\/wp-content\\\/uploads\\\/2023\\\/10\\\/RMC-500250.png\",\"contentUrl\":\"https:\\\/\\\/repliquemangacine.fr\\\/wp-content\\\/uploads\\\/2023\\\/10\\\/RMC-500250.png\",\"width\":500,\"height\":250,\"caption\":\"R\u00e9plique Manga Cin\u00e9\"},\"image\":{\"@id\":\"https:\\\/\\\/repliquemangacine.fr\\\/#\\\/schema\\\/logo\\\/image\\\/\"},\"sameAs\":[\"https:\\\/\\\/www.facebook.com\\\/RepliqueMangaCine\",\"https:\\\/\\\/www.instagram.com\\\/repliquemangacine.fr\\\/\"]}]}<\/script>\n<!-- \/ Yoast SEO plugin. -->","yoast_head_json":{"title":"Katana Banka\u00ef Ichigo 168cm - Bleach - Boutique en ligne | RMC","description":"Acquista ora! Ichigo Bankai Katana 168cm al miglior prezzo. Lama in acciaio - Catena spezzata - Elsa con svastica - Lunghezza 142 cm - Spedizione 24\/48h","robots":{"index":"index","follow":"follow","max-snippet":"max-snippet:-1","max-image-preview":"max-image-preview:large","max-video-preview":"max-video-preview:-1"},"canonical":"https:\/\/repliquemangacine.fr\/it\/videogiochi-manga-replica\/katana-ichigo-tensa-168cm-bankai\/","og_locale":"it_IT","og_type":"article","og_title":"Katana Banka\u00ef Ichigo 168cm - Bleach - Boutique en ligne | RMC","og_description":"Achetez vite ! En taille r\u00e9elle, le Katana Banka\u00ef Ichigo 168cm au meilleur prix. Lame acier - Chaine bris\u00e9 - Garde svastika - Longueur 142 cm - Envoi 24\/48h","og_url":"https:\/\/repliquemangacine.fr\/it\/videogiochi-manga-replica\/katana-ichigo-tensa-168cm-bankai\/","og_site_name":"R\u00e9plique Manga Cin\u00e9","article_publisher":"https:\/\/www.facebook.com\/RepliqueMangaCine","article_modified_time":"2026-04-17T17:00:55+00:00","og_image":[{"width":500,"height":500,"url":"https:\/\/repliquemangacine.fr\/wp-content\/uploads\/2016\/08\/Katana-Bankai-Ichigo-142cm.jpg","type":"image\/jpeg"}],"twitter_card":"summary_large_image","twitter_misc":{"Tempo di lettura stimato":"3 minuti"},"schema":{"@context":"https:\/\/schema.org","@graph":[{"@type":"WebPage","@id":"https:\/\/repliquemangacine.fr\/repliques-manga-jeux-video\/katana-ichigo-tensa-168cm-bankai\/","url":"https:\/\/repliquemangacine.fr\/repliques-manga-jeux-video\/katana-ichigo-tensa-168cm-bankai\/","name":"Katana Banka\u00ef Ichigo 168cm - Bleach - Boutique en ligne | RMC","isPartOf":{"@id":"https:\/\/repliquemangacine.fr\/#website"},"primaryImageOfPage":{"@id":"https:\/\/repliquemangacine.fr\/repliques-manga-jeux-video\/katana-ichigo-tensa-168cm-bankai\/#primaryimage"},"image":{"@id":"https:\/\/repliquemangacine.fr\/repliques-manga-jeux-video\/katana-ichigo-tensa-168cm-bankai\/#primaryimage"},"thumbnailUrl":"https:\/\/repliquemangacine.fr\/wp-content\/uploads\/2016\/08\/Katana-Bankai-Ichigo-142cm.jpg","datePublished":"2016-08-21T16:24:12+00:00","dateModified":"2026-04-17T17:00:55+00:00","description":"Acquista ora! Ichigo Bankai Katana 168cm al miglior prezzo. Lama in acciaio - Catena spezzata - Elsa con svastica - Lunghezza 142 cm - Spedizione 24\/48h","breadcrumb":{"@id":"https:\/\/repliquemangacine.fr\/repliques-manga-jeux-video\/katana-ichigo-tensa-168cm-bankai\/#breadcrumb"},"inLanguage":"it-IT","potentialAction":[{"@type":"ReadAction","target":["https:\/\/repliquemangacine.fr\/repliques-manga-jeux-video\/katana-ichigo-tensa-168cm-bankai\/"]}]},{"@type":"ImageObject","inLanguage":"it-IT","@id":"https:\/\/repliquemangacine.fr\/repliques-manga-jeux-video\/katana-ichigo-tensa-168cm-bankai\/#primaryimage","url":"https:\/\/repliquemangacine.fr\/wp-content\/uploads\/2016\/08\/Katana-Bankai-Ichigo-142cm.jpg","contentUrl":"https:\/\/repliquemangacine.fr\/wp-content\/uploads\/2016\/08\/Katana-Bankai-Ichigo-142cm.jpg","width":500,"height":500,"caption":"Katana-Banka\u00ef-Ichigo-142cm bleach"},{"@type":"BreadcrumbList","@id":"https:\/\/repliquemangacine.fr\/repliques-manga-jeux-video\/katana-ichigo-tensa-168cm-bankai\/#breadcrumb","itemListElement":[{"@type":"ListItem","position":1,"name":"Accueil","item":"https:\/\/repliquemangacine.fr\/"},{"@type":"ListItem","position":2,"name":"Produits","item":"https:\/\/repliquemangacine.fr\/boutique\/"},{"@type":"ListItem","position":3,"name":"Katana Banka\u00ef Ichigo 142cm"}]},{"@type":"WebSite","@id":"https:\/\/repliquemangacine.fr\/#website","url":"https:\/\/repliquemangacine.fr\/","name":"R\u00e9plique Manga Cin\u00e9","description":"","publisher":{"@id":"https:\/\/repliquemangacine.fr\/#organization"},"potentialAction":[{"@type":"SearchAction","target":{"@type":"EntryPoint","urlTemplate":"https:\/\/repliquemangacine.fr\/?s={search_term_string}"},"query-input":{"@type":"PropertyValueSpecification","valueRequired":true,"valueName":"search_term_string"}}],"inLanguage":"it-IT"},{"@type":"Organization","@id":"https:\/\/repliquemangacine.fr\/#organization","name":"R\u00e9plique Manga Cin\u00e9","url":"https:\/\/repliquemangacine.fr\/","logo":{"@type":"ImageObject","inLanguage":"it-IT","@id":"https:\/\/repliquemangacine.fr\/#\/schema\/logo\/image\/","url":"https:\/\/repliquemangacine.fr\/wp-content\/uploads\/2023\/10\/RMC-500250.png","contentUrl":"https:\/\/repliquemangacine.fr\/wp-content\/uploads\/2023\/10\/RMC-500250.png","width":500,"height":250,"caption":"R\u00e9plique Manga Cin\u00e9"},"image":{"@id":"https:\/\/repliquemangacine.fr\/#\/schema\/logo\/image\/"},"sameAs":["https:\/\/www.facebook.com\/RepliqueMangaCine","https:\/\/www.instagram.com\/repliquemangacine.fr\/"]}]}},"_links":{"self":[{"href":"https:\/\/repliquemangacine.fr\/it\/wp-json\/wp\/v2\/product\/25287","targetHints":{"allow":["GET"]}}],"collection":[{"href":"https:\/\/repliquemangacine.fr\/it\/wp-json\/wp\/v2\/product"}],"about":[{"href":"https:\/\/repliquemangacine.fr\/it\/wp-json\/wp\/v2\/types\/product"}],"wp:featuredmedia":[{"embeddable":true,"href":"https:\/\/repliquemangacine.fr\/it\/wp-json\/wp\/v2\/media\/82249"}],"wp:attachment":[{"href":"https:\/\/repliquemangacine.fr\/it\/wp-json\/wp\/v2\/media?parent=25287"}],"wp:term":[{"taxonomy":"product_brand","embeddable":true,"href":"https:\/\/repliquemangacine.fr\/it\/wp-json\/wp\/v2\/product_brand?post=25287"},{"taxonomy":"product_cat","embeddable":true,"href":"https:\/\/repliquemangacine.fr\/it\/wp-json\/wp\/v2\/product_cat?post=25287"},{"taxonomy":"product_tag","embeddable":true,"href":"https:\/\/repliquemangacine.fr\/it\/wp-json\/wp\/v2\/product_tag?post=25287"}],"curies":[{"name":"wp","href":"https:\/\/api.w.org\/{rel}","templated":true}]}}