





{"id":25282,"date":"2016-08-21T17:52:07","date_gmt":"2016-08-21T15:52:07","guid":{"rendered":"https:\/\/repliquemangacine.fr\/?post_type=product&#038;p=25282"},"modified":"2026-01-28T20:53:41","modified_gmt":"2026-01-28T19:53:41","slug":"katana-bankai-tensa-zangetsu-ichigo-104-cm","status":"publish","type":"product","link":"https:\/\/repliquemangacine.fr\/it\/katana-bleach\/katana-bankai-tensa-zangetsu-ichigo-104cm\/","title":{"rendered":"Katana Banka\u00ef Ichigo 104 cm"},"content":{"rendered":"<h2>Replica Katana Banka\u00ef Ichigo 104 cm - Bleach<\/h2>\n<p>Per cominciare, la Banka\u00ef Ichigo Katana di 104 cm si chiama Tensa Zangetsu, Catena Celeste, Luna Affilata.\u00a0 <a href=\"https:\/\/bleach.fandom.com\/fr\/wiki\/Ichigo_Kurosaki\" target=\"_blank\" rel=\"noopener noreferrer\">Ichigo Kurosaki<\/a> \u00e8 un umano con l'eccezionale capacit\u00e0 di distinguere i fantasmi. La sua vita viene stravolta quando incontra Rukia Kuchiki, che gli conferisce i suoi poteri di Shinigami per salvare la sua famiglia da un Hollow.<\/p>\n<p>Dopo un processo accelerato e pericoloso da parte di Kisuke Urahara per ottenere il Bankai in 3 giorni, Ichigo \u00e8 riuscito a sbloccare la seconda versione della sua sciabola. Questo Bankai, che assume la forma di una katana nera, aumenta notevolmente la velocit\u00e0 di Ichigo e la gi\u00e0 grande potenza della spada.<\/p>\n<p>Mentre le altre Zanpakut\u00f4 aumentano la potenza della spada o aggiungono altre tecniche, Tensa Zangetsu porta semplicemente un guadagno di velocit\u00e0 e il completo rilascio del potere spirituale di Ichigo, significativo del Bankai.<\/p>\n<h2>La tua Katana Banka\u00ef Ichigo 104cm al miglior prezzo.<\/h2>\n<p>Vi proponiamo tutte le battute dei vostri personaggi preferiti nel manga Bleach.<\/p>\n<p>Innanzitutto,<\/p>\n<ul>\n<li>Il primo <a href=\"https:\/\/repliquemangacine.fr\/it\/candeggina\/bankai-ichigo-tensa-zangetsu-taglio-142cm\/\">ichigo bankai forgiato<\/a>una versione all'avanguardia del Tensa Zangetsu.<\/li>\n<li>Ma troverete anche la versione pi\u00f9 lunga e quella con la guardia diversa. 3<\/li>\n<li>C'\u00e8 anche il <a href=\"https:\/\/repliquemangacine.fr\/it\/katana-bleach\/zanpakuto-hyorinmaru-hitsugaya-toshiro\/\">Katana Hitsugaya<\/a> Toshiro, Hy\u014drinmaru, il pi\u00f9 potente degli zanpakuto di ghiaccio.<\/li>\n<li>E c'\u00e8 molto altro da scoprire!<\/li>\n<\/ul>\n<p>Ecco quindi alcune fantastiche idee regalo per i fan di Bleach.<\/p>\n<p>In conclusione, \u00e8 possibile utilizzare questo <strong>Katana Banka\u00ef Ichigo 104 cm<\/strong> per le sfilate di cosplay o le serate a tema. Ma soprattutto, il Tensa Zangetsu \u00e8 anche un oggetto da collezione e un pezzo decorativo.<\/p>\n<h2>Come si mantiene la lama della katana di Bleach?<\/h2>\n<p>Le katane da collezione e decorative sono realizzate e assemblate in modo semplificato. Poich\u00e9 il loro uso \u00e8 decorativo, non hanno le caratteristiche di sicurezza richieste da una spada giapponese destinata all'allenamento.<\/p>\n<p>Tuttavia, il vostro <strong>katana Banka\u00ef Ichigo 104 cm<\/strong> a una lama d'acciaio che deve essere curata per evitare che si danneggi nel tempo. Quando si espone la katana, gli amici saranno curiosi di vedere la lama e di toccarla. \u00c8 qui che bisogna fare attenzione, perch\u00e9 l'acidit\u00e0 delle dita \u00e8 molto dannosa per l'acciaio, indipendentemente dalla sua qualit\u00e0.<\/p>\n<p>Tuttavia, se ci\u00f2 dovesse accadere, non fatevi prendere dal panico: basta un panno inumidito con un po' di olio per rimuovere le impronte digitali. In questo modo, la vostra spada durer\u00e0 a lungo.<\/p>\n<p><strong>\u00a0<\/strong><\/p>","protected":false},"excerpt":{"rendered":"<p>Non c'\u00e8 bisogno di introdurre il primo bankai di Ichigo, la versione breve di Tensa Zangetsu.<\/p>\n<ul>\n<li>La sua Zanpakuto con la lama d'acciaio nero non affilata.<\/li>\n<li>Manico circondato da una treccia di cotone nero.<\/li>\n<li>Catena spezzata, che simboleggia il karma spezzato di Ichigo.<\/li>\n<li>Elsa in metallo a forma di svastica.<\/li>\n<li>Fodero in legno nero.<\/li>\n<li>Lunghezza lama: 69 cm - Lunghezza totale: 104 cm<\/li>\n<\/ul>","protected":false},"featured_media":25283,"template":"","meta":[],"product_brand":[896],"product_cat":[30,23],"product_tag":[],"class_list":{"0":"post-25282","1":"product","2":"type-product","3":"status-publish","4":"has-post-thumbnail","6":"product_brand-replique-manga-cine","7":"product_cat-katana-bleach","8":"product_cat-repliques-manga-jeux-video","10":"first","11":"instock","12":"taxable","13":"shipping-taxable","14":"purchasable","15":"product-type-simple"},"yoast_head":"<!-- This site is optimized with the Yoast SEO plugin v27.4 - https:\/\/yoast.com\/product\/yoast-seo-wordpress\/ -->\n<title>Katana Banka\u00ef Ichigo 104cm - Bleach -Boutique en ligne | RMC<\/title>\n<meta name=\"description\" content=\"Commandez le premier Katana Banka\u00ef Ichigo 104cm Tensa Zangetsu au meilleur prix - Chaine bris\u00e9e - Lame en acier. Longueur totale : 104cm - Envoi 24\/48h\" \/>\n<meta name=\"robots\" content=\"index, follow, max-snippet:-1, max-image-preview:large, max-video-preview:-1\" \/>\n<link rel=\"canonical\" href=\"https:\/\/repliquemangacine.fr\/it\/katana-bleach\/katana-bankai-tensa-zangetsu-ichigo-104-cm\/\" \/>\n<meta property=\"og:locale\" content=\"it_IT\" \/>\n<meta property=\"og:type\" content=\"article\" \/>\n<meta property=\"og:title\" content=\"Katana Banka\u00ef Ichigo 104cm - Bleach -Boutique en ligne | RMC\" \/>\n<meta property=\"og:description\" content=\"Commandez le premier Katana Banka\u00ef Ichigo 104cm Tensa Zangetsu au meilleur prix - Chaine bris\u00e9e - Lame en acier. Longueur totale : 104cm - Envoi 24\/48h\" \/>\n<meta property=\"og:url\" content=\"https:\/\/repliquemangacine.fr\/it\/katana-bleach\/katana-bankai-tensa-zangetsu-ichigo-104-cm\/\" \/>\n<meta property=\"og:site_name\" content=\"R\u00e9plique Manga Cin\u00e9\" \/>\n<meta property=\"article:publisher\" content=\"https:\/\/www.facebook.com\/RepliqueMangaCine\" \/>\n<meta property=\"article:modified_time\" content=\"2026-01-28T19:53:41+00:00\" \/>\n<meta property=\"og:image\" content=\"https:\/\/repliquemangacine.fr\/wp-content\/uploads\/2023\/10\/96-replique-katana-Ichigo-Tensa-Zangetsu-104cm.jpg\" \/>\n\t<meta property=\"og:image:width\" content=\"800\" \/>\n\t<meta property=\"og:image:height\" content=\"800\" \/>\n\t<meta property=\"og:image:type\" content=\"image\/jpeg\" \/>\n<meta name=\"twitter:card\" content=\"summary_large_image\" \/>\n<meta name=\"twitter:label1\" content=\"Tempo di lettura stimato\" \/>\n\t<meta name=\"twitter:data1\" content=\"3 minuti\" \/>\n<script type=\"application\/ld+json\" class=\"yoast-schema-graph\">{\"@context\":\"https:\\\/\\\/schema.org\",\"@graph\":[{\"@type\":\"WebPage\",\"@id\":\"https:\\\/\\\/repliquemangacine.fr\\\/katana-bleach\\\/katana-bankai-tensa-zangetsu-ichigo-104cm\\\/\",\"url\":\"https:\\\/\\\/repliquemangacine.fr\\\/katana-bleach\\\/katana-bankai-tensa-zangetsu-ichigo-104cm\\\/\",\"name\":\"Katana Banka\u00ef Ichigo 104cm - Bleach -Boutique en ligne | RMC\",\"isPartOf\":{\"@id\":\"https:\\\/\\\/repliquemangacine.fr\\\/#website\"},\"primaryImageOfPage\":{\"@id\":\"https:\\\/\\\/repliquemangacine.fr\\\/katana-bleach\\\/katana-bankai-tensa-zangetsu-ichigo-104cm\\\/#primaryimage\"},\"image\":{\"@id\":\"https:\\\/\\\/repliquemangacine.fr\\\/katana-bleach\\\/katana-bankai-tensa-zangetsu-ichigo-104cm\\\/#primaryimage\"},\"thumbnailUrl\":\"https:\\\/\\\/repliquemangacine.fr\\\/wp-content\\\/uploads\\\/2023\\\/10\\\/96-replique-katana-Ichigo-Tensa-Zangetsu-104cm.jpg\",\"datePublished\":\"2016-08-21T15:52:07+00:00\",\"dateModified\":\"2026-01-28T19:53:41+00:00\",\"description\":\"Commandez le premier Katana Banka\u00ef Ichigo 104cm Tensa Zangetsu au meilleur prix - Chaine bris\u00e9e - Lame en acier. Longueur totale : 104cm - Envoi 24\\\/48h\",\"breadcrumb\":{\"@id\":\"https:\\\/\\\/repliquemangacine.fr\\\/katana-bleach\\\/katana-bankai-tensa-zangetsu-ichigo-104cm\\\/#breadcrumb\"},\"inLanguage\":\"it-IT\",\"potentialAction\":[{\"@type\":\"ReadAction\",\"target\":[\"https:\\\/\\\/repliquemangacine.fr\\\/katana-bleach\\\/katana-bankai-tensa-zangetsu-ichigo-104cm\\\/\"]}]},{\"@type\":\"ImageObject\",\"inLanguage\":\"it-IT\",\"@id\":\"https:\\\/\\\/repliquemangacine.fr\\\/katana-bleach\\\/katana-bankai-tensa-zangetsu-ichigo-104cm\\\/#primaryimage\",\"url\":\"https:\\\/\\\/repliquemangacine.fr\\\/wp-content\\\/uploads\\\/2023\\\/10\\\/96-replique-katana-Ichigo-Tensa-Zangetsu-104cm.jpg\",\"contentUrl\":\"https:\\\/\\\/repliquemangacine.fr\\\/wp-content\\\/uploads\\\/2023\\\/10\\\/96-replique-katana-Ichigo-Tensa-Zangetsu-104cm.jpg\",\"width\":800,\"height\":800,\"caption\":\"r\u00e9plique katana Ichigo - Tensa Zangetsu 104cm\"},{\"@type\":\"BreadcrumbList\",\"@id\":\"https:\\\/\\\/repliquemangacine.fr\\\/katana-bleach\\\/katana-bankai-tensa-zangetsu-ichigo-104cm\\\/#breadcrumb\",\"itemListElement\":[{\"@type\":\"ListItem\",\"position\":1,\"name\":\"Accueil\",\"item\":\"https:\\\/\\\/repliquemangacine.fr\\\/\"},{\"@type\":\"ListItem\",\"position\":2,\"name\":\"Produits\",\"item\":\"https:\\\/\\\/repliquemangacine.fr\\\/boutique\\\/\"},{\"@type\":\"ListItem\",\"position\":3,\"name\":\"Katana Banka\u00ef Ichigo 104cm\"}]},{\"@type\":\"WebSite\",\"@id\":\"https:\\\/\\\/repliquemangacine.fr\\\/#website\",\"url\":\"https:\\\/\\\/repliquemangacine.fr\\\/\",\"name\":\"R\u00e9plique Manga Cin\u00e9\",\"description\":\"\",\"publisher\":{\"@id\":\"https:\\\/\\\/repliquemangacine.fr\\\/#organization\"},\"potentialAction\":[{\"@type\":\"SearchAction\",\"target\":{\"@type\":\"EntryPoint\",\"urlTemplate\":\"https:\\\/\\\/repliquemangacine.fr\\\/?s={search_term_string}\"},\"query-input\":{\"@type\":\"PropertyValueSpecification\",\"valueRequired\":true,\"valueName\":\"search_term_string\"}}],\"inLanguage\":\"it-IT\"},{\"@type\":\"Organization\",\"@id\":\"https:\\\/\\\/repliquemangacine.fr\\\/#organization\",\"name\":\"R\u00e9plique Manga Cin\u00e9\",\"url\":\"https:\\\/\\\/repliquemangacine.fr\\\/\",\"logo\":{\"@type\":\"ImageObject\",\"inLanguage\":\"it-IT\",\"@id\":\"https:\\\/\\\/repliquemangacine.fr\\\/#\\\/schema\\\/logo\\\/image\\\/\",\"url\":\"https:\\\/\\\/repliquemangacine.fr\\\/wp-content\\\/uploads\\\/2023\\\/10\\\/RMC-500250.png\",\"contentUrl\":\"https:\\\/\\\/repliquemangacine.fr\\\/wp-content\\\/uploads\\\/2023\\\/10\\\/RMC-500250.png\",\"width\":500,\"height\":250,\"caption\":\"R\u00e9plique Manga Cin\u00e9\"},\"image\":{\"@id\":\"https:\\\/\\\/repliquemangacine.fr\\\/#\\\/schema\\\/logo\\\/image\\\/\"},\"sameAs\":[\"https:\\\/\\\/www.facebook.com\\\/RepliqueMangaCine\",\"https:\\\/\\\/www.instagram.com\\\/repliquemangacine.fr\\\/\"]}]}<\/script>\n<!-- \/ Yoast SEO plugin. -->","yoast_head_json":{"title":"Katana Banka\u00ef Ichigo 104cm - Bleach - Negozio online | RMC","description":"Ordina la prima Katana Banka\u00ef Ichigo 104cm Tensa Zangetsu al miglior prezzo - Catena rotta - Lama in acciaio. Lunghezza totale: 104cm - Spedizione 24\/48h","robots":{"index":"index","follow":"follow","max-snippet":"max-snippet:-1","max-image-preview":"max-image-preview:large","max-video-preview":"max-video-preview:-1"},"canonical":"https:\/\/repliquemangacine.fr\/it\/katana-bleach\/katana-bankai-tensa-zangetsu-ichigo-104-cm\/","og_locale":"it_IT","og_type":"article","og_title":"Katana Banka\u00ef Ichigo 104cm - Bleach -Boutique en ligne | RMC","og_description":"Commandez le premier Katana Banka\u00ef Ichigo 104cm Tensa Zangetsu au meilleur prix - Chaine bris\u00e9e - Lame en acier. Longueur totale : 104cm - Envoi 24\/48h","og_url":"https:\/\/repliquemangacine.fr\/it\/katana-bleach\/katana-bankai-tensa-zangetsu-ichigo-104-cm\/","og_site_name":"R\u00e9plique Manga Cin\u00e9","article_publisher":"https:\/\/www.facebook.com\/RepliqueMangaCine","article_modified_time":"2026-01-28T19:53:41+00:00","og_image":[{"width":800,"height":800,"url":"https:\/\/repliquemangacine.fr\/wp-content\/uploads\/2023\/10\/96-replique-katana-Ichigo-Tensa-Zangetsu-104cm.jpg","type":"image\/jpeg"}],"twitter_card":"summary_large_image","twitter_misc":{"Tempo di lettura stimato":"3 minuti"},"schema":{"@context":"https:\/\/schema.org","@graph":[{"@type":"WebPage","@id":"https:\/\/repliquemangacine.fr\/katana-bleach\/katana-bankai-tensa-zangetsu-ichigo-104cm\/","url":"https:\/\/repliquemangacine.fr\/katana-bleach\/katana-bankai-tensa-zangetsu-ichigo-104cm\/","name":"Katana Banka\u00ef Ichigo 104cm - Bleach - Negozio online | RMC","isPartOf":{"@id":"https:\/\/repliquemangacine.fr\/#website"},"primaryImageOfPage":{"@id":"https:\/\/repliquemangacine.fr\/katana-bleach\/katana-bankai-tensa-zangetsu-ichigo-104cm\/#primaryimage"},"image":{"@id":"https:\/\/repliquemangacine.fr\/katana-bleach\/katana-bankai-tensa-zangetsu-ichigo-104cm\/#primaryimage"},"thumbnailUrl":"https:\/\/repliquemangacine.fr\/wp-content\/uploads\/2023\/10\/96-replique-katana-Ichigo-Tensa-Zangetsu-104cm.jpg","datePublished":"2016-08-21T15:52:07+00:00","dateModified":"2026-01-28T19:53:41+00:00","description":"Ordina la prima Katana Banka\u00ef Ichigo 104cm Tensa Zangetsu al miglior prezzo - Catena rotta - Lama in acciaio. Lunghezza totale: 104cm - Spedizione 24\/48h","breadcrumb":{"@id":"https:\/\/repliquemangacine.fr\/katana-bleach\/katana-bankai-tensa-zangetsu-ichigo-104cm\/#breadcrumb"},"inLanguage":"it-IT","potentialAction":[{"@type":"ReadAction","target":["https:\/\/repliquemangacine.fr\/katana-bleach\/katana-bankai-tensa-zangetsu-ichigo-104cm\/"]}]},{"@type":"ImageObject","inLanguage":"it-IT","@id":"https:\/\/repliquemangacine.fr\/katana-bleach\/katana-bankai-tensa-zangetsu-ichigo-104cm\/#primaryimage","url":"https:\/\/repliquemangacine.fr\/wp-content\/uploads\/2023\/10\/96-replique-katana-Ichigo-Tensa-Zangetsu-104cm.jpg","contentUrl":"https:\/\/repliquemangacine.fr\/wp-content\/uploads\/2023\/10\/96-replique-katana-Ichigo-Tensa-Zangetsu-104cm.jpg","width":800,"height":800,"caption":"r\u00e9plique katana Ichigo - Tensa Zangetsu 104cm"},{"@type":"BreadcrumbList","@id":"https:\/\/repliquemangacine.fr\/katana-bleach\/katana-bankai-tensa-zangetsu-ichigo-104cm\/#breadcrumb","itemListElement":[{"@type":"ListItem","position":1,"name":"Accueil","item":"https:\/\/repliquemangacine.fr\/"},{"@type":"ListItem","position":2,"name":"Produits","item":"https:\/\/repliquemangacine.fr\/boutique\/"},{"@type":"ListItem","position":3,"name":"Katana Banka\u00ef Ichigo 104cm"}]},{"@type":"WebSite","@id":"https:\/\/repliquemangacine.fr\/#website","url":"https:\/\/repliquemangacine.fr\/","name":"R\u00e9plique Manga Cin\u00e9","description":"","publisher":{"@id":"https:\/\/repliquemangacine.fr\/#organization"},"potentialAction":[{"@type":"SearchAction","target":{"@type":"EntryPoint","urlTemplate":"https:\/\/repliquemangacine.fr\/?s={search_term_string}"},"query-input":{"@type":"PropertyValueSpecification","valueRequired":true,"valueName":"search_term_string"}}],"inLanguage":"it-IT"},{"@type":"Organization","@id":"https:\/\/repliquemangacine.fr\/#organization","name":"R\u00e9plique Manga Cin\u00e9","url":"https:\/\/repliquemangacine.fr\/","logo":{"@type":"ImageObject","inLanguage":"it-IT","@id":"https:\/\/repliquemangacine.fr\/#\/schema\/logo\/image\/","url":"https:\/\/repliquemangacine.fr\/wp-content\/uploads\/2023\/10\/RMC-500250.png","contentUrl":"https:\/\/repliquemangacine.fr\/wp-content\/uploads\/2023\/10\/RMC-500250.png","width":500,"height":250,"caption":"R\u00e9plique Manga Cin\u00e9"},"image":{"@id":"https:\/\/repliquemangacine.fr\/#\/schema\/logo\/image\/"},"sameAs":["https:\/\/www.facebook.com\/RepliqueMangaCine","https:\/\/www.instagram.com\/repliquemangacine.fr\/"]}]}},"_links":{"self":[{"href":"https:\/\/repliquemangacine.fr\/it\/wp-json\/wp\/v2\/product\/25282","targetHints":{"allow":["GET"]}}],"collection":[{"href":"https:\/\/repliquemangacine.fr\/it\/wp-json\/wp\/v2\/product"}],"about":[{"href":"https:\/\/repliquemangacine.fr\/it\/wp-json\/wp\/v2\/types\/product"}],"wp:featuredmedia":[{"embeddable":true,"href":"https:\/\/repliquemangacine.fr\/it\/wp-json\/wp\/v2\/media\/25283"}],"wp:attachment":[{"href":"https:\/\/repliquemangacine.fr\/it\/wp-json\/wp\/v2\/media?parent=25282"}],"wp:term":[{"taxonomy":"product_brand","embeddable":true,"href":"https:\/\/repliquemangacine.fr\/it\/wp-json\/wp\/v2\/product_brand?post=25282"},{"taxonomy":"product_cat","embeddable":true,"href":"https:\/\/repliquemangacine.fr\/it\/wp-json\/wp\/v2\/product_cat?post=25282"},{"taxonomy":"product_tag","embeddable":true,"href":"https:\/\/repliquemangacine.fr\/it\/wp-json\/wp\/v2\/product_tag?post=25282"}],"curies":[{"name":"wp","href":"https:\/\/api.w.org\/{rel}","templated":true}]}}