





{"id":25267,"date":"2016-08-19T14:51:56","date_gmt":"2016-08-19T12:51:56","guid":{"rendered":"https:\/\/repliquemangacine.fr\/?post_type=product&#038;p=25267"},"modified":"2026-01-13T04:02:04","modified_gmt":"2026-01-13T03:02:04","slug":"katana-kenpachi-zaraki-143cm-zanpakuto-nozarashi","status":"publish","type":"product","link":"https:\/\/repliquemangacine.fr\/it\/katana-bleach\/katana-kenpachi-zaraki-143cm-zanpakuto-nozarashi\/","title":{"rendered":"Katana Nozarashi Kenpachi 143 cm"},"content":{"rendered":"<h2>Katana Nozarashi Kenpachi 143 cm - Bleach<\/h2>\n<p>Per cominciare, il <strong>Katana Nozarashi Kenpachi 143 cm<\/strong>, Ha una lama consumata (seghettata). La spada \u00e8 pi\u00f9 lunga di una katana e ha le dimensioni di un nodachi.<\/p>\n<p>Kenpachi \u00e8 riuscito a imprimere la sua anima sul suo Zanpakut\u014d quando era ancora un bambino inesperto. La lama \u00e8 molto pi\u00f9 lunga della norma <a href=\"https:\/\/bleach.fandom.com\/fr\/wiki\/Kenpachi_Zaraki#Zanpakut\u014d\" target=\"_blank\" rel=\"noopener noreferrer\">Zanpakut\u014d<\/a>, Aveva le dimensioni di un nodachi. Impugnatura bianca, avvolta da bende, cos\u00ec come il fodero della sua spada. Kenpachi non riesce a sentire il grido della sua spada.<\/p>\n<p>La loro mancanza di armonia lascia al Nozarashi poca energia spirituale e quindi diventa pi\u00f9 facile da danneggiare, si scheggia e la lama \u00e8 apparentemente consumata sul bordo. Nonostante l'aspetto, il Nozarashi pu\u00f2 tagliare facilmente la maggior parte degli oggetti.<\/p>\n<h2>La tua Katana Nozarashi Kenpachi 143cm al miglior prezzo.<\/h2>\n<p>Vi proponiamo tutte le battute dei vostri personaggi preferiti nel manga Bleach.<\/p>\n<p>Innanzitutto,<\/p>\n<ul>\n<li>Il primo <a href=\"https:\/\/repliquemangacine.fr\/it\/candeggina\/bankai-ichigo-tensa-zangetsu-taglio-142cm\/\">ichigo bankai forgiato<\/a>una versione all'avanguardia del Tensa Zangetsu.<\/li>\n<li>Ma troverete anche la versione pi\u00f9 lunga e quella con la guardia diversa.<\/li>\n<li>C'\u00e8 anche il <a href=\"https:\/\/repliquemangacine.fr\/it\/candeggina\/zanpakuto-hyorinmaru-hitsugaya-toshiro\/\">Hitsugaya Toshiro, Hy\u014drinmaru<\/a> il pi\u00f9 potente degli zanpakuto di ghiaccio.<\/li>\n<li>E c'\u00e8 molto altro da scoprire!<\/li>\n<\/ul>\n<p>Ecco quindi alcune fantastiche idee regalo per i fan di Bleach.<\/p>\n<p>In conclusione, \u00e8 possibile utilizzare questo <strong>Katana Nozarashi Kenpachi 143 cm<\/strong> per le vostre sfilate di cosplay. Ma soprattutto, la Zanpakuto di Zaraki \u00e8 anche un oggetto da collezione e un pezzo decorativo.<\/p>\n<h2>Come si mantiene la lama della katana di Bleach?<\/h2>\n<p>Le katane da collezione e decorative sono realizzate e assemblate in modo semplificato. Poich\u00e9 il loro uso \u00e8 decorativo, non hanno le caratteristiche di sicurezza richieste da una spada giapponese destinata all'allenamento.<\/p>\n<p>Tuttavia, il vostro <strong>katana Nozarashi Kenpachi 143 cm<\/strong> a una lama d'acciaio che deve essere curata per evitare che si danneggi nel tempo. Quando si espone la katana, gli amici saranno curiosi di vedere la lama e di toccarla. \u00c8 qui che bisogna fare attenzione, perch\u00e9 l'acidit\u00e0 delle dita \u00e8 molto dannosa per l'acciaio, indipendentemente dalla sua qualit\u00e0.<\/p>\n<p>Tuttavia, se ci\u00f2 dovesse accadere, non fatevi prendere dal panico: basta un panno inumidito con un po' di olio per rimuovere le impronte digitali. In questo modo, la vostra spada durer\u00e0 a lungo.<\/p>\n<p><strong>\u00a0<\/strong><\/p>","protected":false},"excerpt":{"rendered":"<p>Kenpachi ha finalmente imparato il nome della sua zanpakuto, Nozarashi.<\/p>\n<ul>\n<li>Lama in acciaio scheggiata che conferisce un aspetto consumato.<\/li>\n<li>Fodero in legno avvolto in cotone, cos\u00ec come l'impugnatura.<\/li>\n<li>Protezione in metallo antico dalla forma molto particolare.<\/li>\n<li>Lunghezza totale: 143 cm<\/li>\n<\/ul>","protected":false},"featured_media":25268,"template":"","meta":[],"product_brand":[896],"product_cat":[30,23],"product_tag":[],"class_list":{"0":"post-25267","1":"product","2":"type-product","3":"status-publish","4":"has-post-thumbnail","6":"product_brand-replique-manga-cine","7":"product_cat-katana-bleach","8":"product_cat-repliques-manga-jeux-video","10":"first","11":"instock","12":"taxable","13":"shipping-taxable","14":"purchasable","15":"product-type-simple"},"yoast_head":"<!-- This site is optimized with the Yoast SEO plugin v27.4 - https:\/\/yoast.com\/product\/yoast-seo-wordpress\/ -->\n<title>Katana Nozarashi Kenpachi 143cm - Boutique en ligne | RMC<\/title>\n<meta name=\"description\" content=\"Commandez vite ! Le Katana Nozarashi Kenpachi 143cm dans Bleach au meilleur prix. Lame us\u00e9e en acier - Longueur totale : 143cm - Envoi 24\/48h\" \/>\n<meta name=\"robots\" content=\"index, follow, max-snippet:-1, max-image-preview:large, max-video-preview:-1\" \/>\n<link rel=\"canonical\" href=\"https:\/\/repliquemangacine.fr\/it\/katana-bleach\/katana-kenpachi-zaraki-143cm-zanpakuto-nozarashi\/\" \/>\n<meta property=\"og:locale\" content=\"it_IT\" \/>\n<meta property=\"og:type\" content=\"article\" \/>\n<meta property=\"og:title\" content=\"Katana Nozarashi Kenpachi 143cm - Boutique en ligne | RMC\" \/>\n<meta property=\"og:description\" content=\"Commandez vite ! Le Katana Nozarashi Kenpachi 143cm dans Bleach au meilleur prix. Lame us\u00e9e en acier - Longueur totale : 143cm - Envoi 24\/48h\" \/>\n<meta property=\"og:url\" content=\"https:\/\/repliquemangacine.fr\/it\/katana-bleach\/katana-kenpachi-zaraki-143cm-zanpakuto-nozarashi\/\" \/>\n<meta property=\"og:site_name\" content=\"R\u00e9plique Manga Cin\u00e9\" \/>\n<meta property=\"article:publisher\" content=\"https:\/\/www.facebook.com\/RepliqueMangaCine\" \/>\n<meta property=\"article:modified_time\" content=\"2026-01-13T03:02:04+00:00\" \/>\n<meta property=\"og:image\" content=\"https:\/\/repliquemangacine.fr\/wp-content\/uploads\/2023\/10\/84-katana-Kenpachi-Zaraki-lame.jpg\" \/>\n\t<meta property=\"og:image:width\" content=\"700\" \/>\n\t<meta property=\"og:image:height\" content=\"700\" \/>\n\t<meta property=\"og:image:type\" content=\"image\/jpeg\" \/>\n<meta name=\"twitter:card\" content=\"summary_large_image\" \/>\n<meta name=\"twitter:label1\" content=\"Tempo di lettura stimato\" \/>\n\t<meta name=\"twitter:data1\" content=\"3 minuti\" \/>\n<script type=\"application\/ld+json\" class=\"yoast-schema-graph\">{\"@context\":\"https:\\\/\\\/schema.org\",\"@graph\":[{\"@type\":\"WebPage\",\"@id\":\"https:\\\/\\\/repliquemangacine.fr\\\/katana-bleach\\\/katana-kenpachi-zaraki-143cm-zanpakuto-nozarashi\\\/\",\"url\":\"https:\\\/\\\/repliquemangacine.fr\\\/katana-bleach\\\/katana-kenpachi-zaraki-143cm-zanpakuto-nozarashi\\\/\",\"name\":\"Katana Nozarashi Kenpachi 143cm - Boutique en ligne | RMC\",\"isPartOf\":{\"@id\":\"https:\\\/\\\/repliquemangacine.fr\\\/#website\"},\"primaryImageOfPage\":{\"@id\":\"https:\\\/\\\/repliquemangacine.fr\\\/katana-bleach\\\/katana-kenpachi-zaraki-143cm-zanpakuto-nozarashi\\\/#primaryimage\"},\"image\":{\"@id\":\"https:\\\/\\\/repliquemangacine.fr\\\/katana-bleach\\\/katana-kenpachi-zaraki-143cm-zanpakuto-nozarashi\\\/#primaryimage\"},\"thumbnailUrl\":\"https:\\\/\\\/repliquemangacine.fr\\\/wp-content\\\/uploads\\\/2023\\\/10\\\/84-katana-Kenpachi-Zaraki-lame.jpg\",\"datePublished\":\"2016-08-19T12:51:56+00:00\",\"dateModified\":\"2026-01-13T03:02:04+00:00\",\"description\":\"Commandez vite ! Le Katana Nozarashi Kenpachi 143cm dans Bleach au meilleur prix. Lame us\u00e9e en acier - Longueur totale : 143cm - Envoi 24\\\/48h\",\"breadcrumb\":{\"@id\":\"https:\\\/\\\/repliquemangacine.fr\\\/katana-bleach\\\/katana-kenpachi-zaraki-143cm-zanpakuto-nozarashi\\\/#breadcrumb\"},\"inLanguage\":\"it-IT\",\"potentialAction\":[{\"@type\":\"ReadAction\",\"target\":[\"https:\\\/\\\/repliquemangacine.fr\\\/katana-bleach\\\/katana-kenpachi-zaraki-143cm-zanpakuto-nozarashi\\\/\"]}]},{\"@type\":\"ImageObject\",\"inLanguage\":\"it-IT\",\"@id\":\"https:\\\/\\\/repliquemangacine.fr\\\/katana-bleach\\\/katana-kenpachi-zaraki-143cm-zanpakuto-nozarashi\\\/#primaryimage\",\"url\":\"https:\\\/\\\/repliquemangacine.fr\\\/wp-content\\\/uploads\\\/2023\\\/10\\\/84-katana-Kenpachi-Zaraki-lame.jpg\",\"contentUrl\":\"https:\\\/\\\/repliquemangacine.fr\\\/wp-content\\\/uploads\\\/2023\\\/10\\\/84-katana-Kenpachi-Zaraki-lame.jpg\",\"width\":700,\"height\":700,\"caption\":\"katana Kenpachi Zaraki lame...\"},{\"@type\":\"BreadcrumbList\",\"@id\":\"https:\\\/\\\/repliquemangacine.fr\\\/katana-bleach\\\/katana-kenpachi-zaraki-143cm-zanpakuto-nozarashi\\\/#breadcrumb\",\"itemListElement\":[{\"@type\":\"ListItem\",\"position\":1,\"name\":\"Accueil\",\"item\":\"https:\\\/\\\/repliquemangacine.fr\\\/\"},{\"@type\":\"ListItem\",\"position\":2,\"name\":\"Produits\",\"item\":\"https:\\\/\\\/repliquemangacine.fr\\\/boutique\\\/\"},{\"@type\":\"ListItem\",\"position\":3,\"name\":\"Katana Nozarashi Kenpachi 143cm\"}]},{\"@type\":\"WebSite\",\"@id\":\"https:\\\/\\\/repliquemangacine.fr\\\/#website\",\"url\":\"https:\\\/\\\/repliquemangacine.fr\\\/\",\"name\":\"R\u00e9plique Manga Cin\u00e9\",\"description\":\"\",\"publisher\":{\"@id\":\"https:\\\/\\\/repliquemangacine.fr\\\/#organization\"},\"potentialAction\":[{\"@type\":\"SearchAction\",\"target\":{\"@type\":\"EntryPoint\",\"urlTemplate\":\"https:\\\/\\\/repliquemangacine.fr\\\/?s={search_term_string}\"},\"query-input\":{\"@type\":\"PropertyValueSpecification\",\"valueRequired\":true,\"valueName\":\"search_term_string\"}}],\"inLanguage\":\"it-IT\"},{\"@type\":\"Organization\",\"@id\":\"https:\\\/\\\/repliquemangacine.fr\\\/#organization\",\"name\":\"R\u00e9plique Manga Cin\u00e9\",\"url\":\"https:\\\/\\\/repliquemangacine.fr\\\/\",\"logo\":{\"@type\":\"ImageObject\",\"inLanguage\":\"it-IT\",\"@id\":\"https:\\\/\\\/repliquemangacine.fr\\\/#\\\/schema\\\/logo\\\/image\\\/\",\"url\":\"https:\\\/\\\/repliquemangacine.fr\\\/wp-content\\\/uploads\\\/2023\\\/10\\\/RMC-500250.png\",\"contentUrl\":\"https:\\\/\\\/repliquemangacine.fr\\\/wp-content\\\/uploads\\\/2023\\\/10\\\/RMC-500250.png\",\"width\":500,\"height\":250,\"caption\":\"R\u00e9plique Manga Cin\u00e9\"},\"image\":{\"@id\":\"https:\\\/\\\/repliquemangacine.fr\\\/#\\\/schema\\\/logo\\\/image\\\/\"},\"sameAs\":[\"https:\\\/\\\/www.facebook.com\\\/RepliqueMangaCine\",\"https:\\\/\\\/www.instagram.com\\\/repliquemangacine.fr\\\/\"]}]}<\/script>\n<!-- \/ Yoast SEO plugin. -->","yoast_head_json":{"title":"Katana Nozarashi Kenpachi 143cm - Negozio online | RMC","description":"Ordina ora! La Katana Nozarashi Kenpachi 143cm in Bleach al miglior prezzo. Lama in acciaio consumato - Lunghezza totale: 143cm - Spedizione 24\/48h","robots":{"index":"index","follow":"follow","max-snippet":"max-snippet:-1","max-image-preview":"max-image-preview:large","max-video-preview":"max-video-preview:-1"},"canonical":"https:\/\/repliquemangacine.fr\/it\/katana-bleach\/katana-kenpachi-zaraki-143cm-zanpakuto-nozarashi\/","og_locale":"it_IT","og_type":"article","og_title":"Katana Nozarashi Kenpachi 143cm - Boutique en ligne | RMC","og_description":"Commandez vite ! Le Katana Nozarashi Kenpachi 143cm dans Bleach au meilleur prix. Lame us\u00e9e en acier - Longueur totale : 143cm - Envoi 24\/48h","og_url":"https:\/\/repliquemangacine.fr\/it\/katana-bleach\/katana-kenpachi-zaraki-143cm-zanpakuto-nozarashi\/","og_site_name":"R\u00e9plique Manga Cin\u00e9","article_publisher":"https:\/\/www.facebook.com\/RepliqueMangaCine","article_modified_time":"2026-01-13T03:02:04+00:00","og_image":[{"width":700,"height":700,"url":"https:\/\/repliquemangacine.fr\/wp-content\/uploads\/2023\/10\/84-katana-Kenpachi-Zaraki-lame.jpg","type":"image\/jpeg"}],"twitter_card":"summary_large_image","twitter_misc":{"Tempo di lettura stimato":"3 minuti"},"schema":{"@context":"https:\/\/schema.org","@graph":[{"@type":"WebPage","@id":"https:\/\/repliquemangacine.fr\/katana-bleach\/katana-kenpachi-zaraki-143cm-zanpakuto-nozarashi\/","url":"https:\/\/repliquemangacine.fr\/katana-bleach\/katana-kenpachi-zaraki-143cm-zanpakuto-nozarashi\/","name":"Katana Nozarashi Kenpachi 143cm - Negozio online | RMC","isPartOf":{"@id":"https:\/\/repliquemangacine.fr\/#website"},"primaryImageOfPage":{"@id":"https:\/\/repliquemangacine.fr\/katana-bleach\/katana-kenpachi-zaraki-143cm-zanpakuto-nozarashi\/#primaryimage"},"image":{"@id":"https:\/\/repliquemangacine.fr\/katana-bleach\/katana-kenpachi-zaraki-143cm-zanpakuto-nozarashi\/#primaryimage"},"thumbnailUrl":"https:\/\/repliquemangacine.fr\/wp-content\/uploads\/2023\/10\/84-katana-Kenpachi-Zaraki-lame.jpg","datePublished":"2016-08-19T12:51:56+00:00","dateModified":"2026-01-13T03:02:04+00:00","description":"Ordina ora! La Katana Nozarashi Kenpachi 143cm in Bleach al miglior prezzo. Lama in acciaio consumato - Lunghezza totale: 143cm - Spedizione 24\/48h","breadcrumb":{"@id":"https:\/\/repliquemangacine.fr\/katana-bleach\/katana-kenpachi-zaraki-143cm-zanpakuto-nozarashi\/#breadcrumb"},"inLanguage":"it-IT","potentialAction":[{"@type":"ReadAction","target":["https:\/\/repliquemangacine.fr\/katana-bleach\/katana-kenpachi-zaraki-143cm-zanpakuto-nozarashi\/"]}]},{"@type":"ImageObject","inLanguage":"it-IT","@id":"https:\/\/repliquemangacine.fr\/katana-bleach\/katana-kenpachi-zaraki-143cm-zanpakuto-nozarashi\/#primaryimage","url":"https:\/\/repliquemangacine.fr\/wp-content\/uploads\/2023\/10\/84-katana-Kenpachi-Zaraki-lame.jpg","contentUrl":"https:\/\/repliquemangacine.fr\/wp-content\/uploads\/2023\/10\/84-katana-Kenpachi-Zaraki-lame.jpg","width":700,"height":700,"caption":"katana Kenpachi Zaraki lame..."},{"@type":"BreadcrumbList","@id":"https:\/\/repliquemangacine.fr\/katana-bleach\/katana-kenpachi-zaraki-143cm-zanpakuto-nozarashi\/#breadcrumb","itemListElement":[{"@type":"ListItem","position":1,"name":"Accueil","item":"https:\/\/repliquemangacine.fr\/"},{"@type":"ListItem","position":2,"name":"Produits","item":"https:\/\/repliquemangacine.fr\/boutique\/"},{"@type":"ListItem","position":3,"name":"Katana Nozarashi Kenpachi 143cm"}]},{"@type":"WebSite","@id":"https:\/\/repliquemangacine.fr\/#website","url":"https:\/\/repliquemangacine.fr\/","name":"R\u00e9plique Manga Cin\u00e9","description":"","publisher":{"@id":"https:\/\/repliquemangacine.fr\/#organization"},"potentialAction":[{"@type":"SearchAction","target":{"@type":"EntryPoint","urlTemplate":"https:\/\/repliquemangacine.fr\/?s={search_term_string}"},"query-input":{"@type":"PropertyValueSpecification","valueRequired":true,"valueName":"search_term_string"}}],"inLanguage":"it-IT"},{"@type":"Organization","@id":"https:\/\/repliquemangacine.fr\/#organization","name":"R\u00e9plique Manga Cin\u00e9","url":"https:\/\/repliquemangacine.fr\/","logo":{"@type":"ImageObject","inLanguage":"it-IT","@id":"https:\/\/repliquemangacine.fr\/#\/schema\/logo\/image\/","url":"https:\/\/repliquemangacine.fr\/wp-content\/uploads\/2023\/10\/RMC-500250.png","contentUrl":"https:\/\/repliquemangacine.fr\/wp-content\/uploads\/2023\/10\/RMC-500250.png","width":500,"height":250,"caption":"R\u00e9plique Manga Cin\u00e9"},"image":{"@id":"https:\/\/repliquemangacine.fr\/#\/schema\/logo\/image\/"},"sameAs":["https:\/\/www.facebook.com\/RepliqueMangaCine","https:\/\/www.instagram.com\/repliquemangacine.fr\/"]}]}},"_links":{"self":[{"href":"https:\/\/repliquemangacine.fr\/it\/wp-json\/wp\/v2\/product\/25267","targetHints":{"allow":["GET"]}}],"collection":[{"href":"https:\/\/repliquemangacine.fr\/it\/wp-json\/wp\/v2\/product"}],"about":[{"href":"https:\/\/repliquemangacine.fr\/it\/wp-json\/wp\/v2\/types\/product"}],"wp:featuredmedia":[{"embeddable":true,"href":"https:\/\/repliquemangacine.fr\/it\/wp-json\/wp\/v2\/media\/25268"}],"wp:attachment":[{"href":"https:\/\/repliquemangacine.fr\/it\/wp-json\/wp\/v2\/media?parent=25267"}],"wp:term":[{"taxonomy":"product_brand","embeddable":true,"href":"https:\/\/repliquemangacine.fr\/it\/wp-json\/wp\/v2\/product_brand?post=25267"},{"taxonomy":"product_cat","embeddable":true,"href":"https:\/\/repliquemangacine.fr\/it\/wp-json\/wp\/v2\/product_cat?post=25267"},{"taxonomy":"product_tag","embeddable":true,"href":"https:\/\/repliquemangacine.fr\/it\/wp-json\/wp\/v2\/product_tag?post=25267"}],"curies":[{"name":"wp","href":"https:\/\/api.w.org\/{rel}","templated":true}]}}