





{"id":25241,"date":"2016-08-16T23:15:13","date_gmt":"2016-08-16T21:15:13","guid":{"rendered":"https:\/\/repliquemangacine.fr\/?post_type=product&#038;p=25241"},"modified":"2026-02-15T14:42:42","modified_gmt":"2026-02-15T13:42:42","slug":"fucile-usm1-del-1944","status":"publish","type":"product","link":"https:\/\/repliquemangacine.fr\/it\/reproductions-armes-seconde-guerre-mondiale-denix\/carabine-usm1-de-1944\/","title":{"rendered":"Fucile USM1 1944 USA"},"content":{"rendered":"<h2>Fucile USM1 del 1944 USA - Denix.<\/h2>\n<p>Per cominciare, il <strong>Fucile USM1, 1944<\/strong> prodotto dalla Winchester e da molte altre aziende americane. \u00c8 stata l'arma individuale pi\u00f9 prodotta negli Stati Uniti durante la Seconda guerra mondiale, con 6.332.000 esemplari alla fine del conflitto.<\/p>\n<p>Leggero e molto maneggevole, fu adottato da molte unit\u00e0 di supporto, come gli artiglieri e gli equipaggi delle unit\u00e0 corazzate, ma anche da soldati con funzioni diverse dal combattimento di fanteria, come i radiofonici o i tecnici delle unit\u00e0 di supporto. Fu utilizzato anche dai soldati al fronte, anche se la sua gittata utile era inferiore a quella dell'M1 Garand.<\/p>\n<p>\u00c8 stata rilasciata una seconda versione, con una conchiglia oculare scorrevole e maggiori opzioni di regolazione.<\/p>\n<h2>La vostra carabina USM1 del 1944 al miglior prezzo.<\/h2>\n<p>Offriamo un'ampia gamma di riproduzioni di armi storiche.<\/p>\n<p>Innanzitutto,<\/p>\n<ul>\n<li>La <a href=\"https:\/\/repliquemangacine.fr\/it\/riproduzioni-darmes\/carabine-us-m1a1-1941\/\">Fucile USM1 A1, versione para<\/a> con il suo calcio metallico pieghevole.<\/li>\n<li>Oltre a una riproduzione della pistola mitragliatrice <a href=\"https:\/\/repliquemangacine.fr\/it\/riproduzioni-darmes\/pistola-mitragliatrice-m3\/\">Pistola per grasso M3<\/a>.<\/li>\n<li>C'\u00e8 anche il fucile tedesco <a href=\"https:\/\/repliquemangacine.fr\/it\/riproduzioni-darmes\/fucile-mauser-k98\/\">Mauser k98<\/a> prodotto da Denix.<\/li>\n<li>E molti altri da scoprire nel nostro negozio online!<\/li>\n<\/ul>\n<p>Ecco perch\u00e9 questa \u00e8 un'ottima idea regalo per tutti gli amanti delle armi storiche.<\/p>\n<p>In conclusione, \u00e8 possibile utilizzare il metodo <strong>Fucile USM1, 1944<\/strong> per le vostre rievocazioni storiche. Ma soprattutto, quest'arma \u00e8 un oggetto da collezione e un pezzo decorativo.<\/p>\n<p>R\u00e9plique Manga Cin\u00e9 \u00e8 un'azienda francese e distributore ufficiale del marchio <a href=\"https:\/\/www.denix.fr\/fr\/catalogue\/guerres-mondiales-1914-1945\/carabines-carabines-et-fusils\/1120-c\/\" target=\"_blank\" rel=\"noopener noreferrer\">Denix<\/a>.<\/p>\n<h2>Come vengono realizzate le repliche delle armi Denix?<\/h2>\n<p>Utilizzate in rievocazioni storiche, film, serie e dai collezionisti. Le riproduzioni Denix sono realizzate con materiali di alta qualit\u00e0. Sono accuratamente lavorate e assemblate per creare armi realistiche da collezione.<\/p>\n<ul>\n<li>I metalli sono in una lega metallica nota come Zamac, la cui composizione di base \u00e8 zinco in 95%.<\/li>\n<li>Le parti in plastica delle repliche sono realizzate in ABS stampato, che offre una grande resistenza.<\/li>\n<li>Il legno scelto per la sua bellezza e durata, come il mogano, l'ulivo o il noce, conferir\u00e0 ai mozziconi e alle botti un aspetto elegante e autentico.<\/li>\n<\/ul>\n<p>Si noti che tutte le riproduzioni Denix sono identiche agli originali, come il vostro <strong>Fucile USM1, 1944<\/strong>.<\/p>","protected":false},"excerpt":{"rendered":"<p>Replica del fucile USM1 del 1944.<\/p>\n<ul>\n<li>Calcio e canna in legno massiccio.<\/li>\n<li>Parti metalliche in Zamac.<\/li>\n<li>Conchiglia oculare scorrevole, con maggiori possibilit\u00e0 di regolazione<\/li>\n<li>Armi in alto e colpi, ma <strong>totalmente inadatto a sparare.<\/strong><\/li>\n<li>Lunghezza: 90 cm - Peso: 2172 gr.<\/li>\n<li>Non \u00e8 richiesta alcuna autorizzazione. Vendita e possesso gratuiti<\/li>\n<\/ul>\n<p><iframe src=\"https:\/\/www.youtube.com\/embed\/rVeb4BphJD0\" width=\"370\" height=\"208\" frameborder=\"0\"><\/iframe><\/p>","protected":false},"featured_media":25235,"template":"","meta":[],"product_brand":[896],"product_cat":[25,102,46,54,28,76],"product_tag":[],"class_list":{"0":"post-25241","1":"product","2":"type-product","3":"status-publish","4":"has-post-thumbnail","6":"product_brand-replique-manga-cine","7":"product_cat-armes-historiques","8":"product_cat-denix","9":"product_cat-fusil-d-assaut-fusil-moderne","10":"product_cat-armes-accessoires-guerre-mondiale","11":"product_cat-repliques-darmes","12":"product_cat-reproductions-armes-seconde-guerre-mondiale-denix","14":"first","15":"instock","16":"sale","17":"taxable","18":"shipping-taxable","19":"purchasable","20":"product-type-simple"},"yoast_head":"<!-- This site is optimized with the Yoast SEO plugin v27.5 - https:\/\/yoast.com\/product\/yoast-seo-wordpress\/ -->\n<title>Carabine USM1 de 1944 - Vente en ligne | R\u00e9plique Manga Cin\u00e9<\/title>\n<meta name=\"description\" content=\"D\u00e9couvrez la Carabine USM1 de 1944 au meilleur prix - Tout en bois et zamac - M\u00e9canisme fonctionnel - Inapte au tir - Longueur : 90 cm - Poids : 2172 grs\" \/>\n<meta name=\"robots\" content=\"index, follow, max-snippet:-1, max-image-preview:large, max-video-preview:-1\" \/>\n<link rel=\"canonical\" href=\"https:\/\/repliquemangacine.fr\/it\/denix\/fucile-usm1-del-1944\/\" \/>\n<meta property=\"og:locale\" content=\"it_IT\" \/>\n<meta property=\"og:type\" content=\"article\" \/>\n<meta property=\"og:title\" content=\"Carabine USM1 de 1944 - Vente en ligne | R\u00e9plique Manga Cin\u00e9\" \/>\n<meta property=\"og:description\" content=\"D\u00e9couvrez la Carabine USM1 de 1944 au meilleur prix - Tout en bois et zamac - M\u00e9canisme fonctionnel - Inapte au tir - Longueur : 90 cm - Poids : 2172 grs\" \/>\n<meta property=\"og:url\" content=\"https:\/\/repliquemangacine.fr\/it\/denix\/fucile-usm1-del-1944\/\" \/>\n<meta property=\"og:site_name\" content=\"R\u00e9plique Manga Cin\u00e9\" \/>\n<meta property=\"article:publisher\" content=\"https:\/\/www.facebook.com\/RepliqueMangaCine\" \/>\n<meta property=\"article:modified_time\" content=\"2026-02-15T13:42:42+00:00\" \/>\n<meta property=\"og:image\" content=\"https:\/\/repliquemangacine.fr\/wp-content\/uploads\/2023\/10\/1465-Carabine-USM1-1941-a-vendre.jpg\" \/>\n\t<meta property=\"og:image:width\" content=\"800\" \/>\n\t<meta property=\"og:image:height\" content=\"800\" \/>\n\t<meta property=\"og:image:type\" content=\"image\/jpeg\" \/>\n<meta name=\"twitter:card\" content=\"summary_large_image\" \/>\n<meta name=\"twitter:label1\" content=\"Tempo di lettura stimato\" \/>\n\t<meta name=\"twitter:data1\" content=\"2 minuti\" \/>\n<script type=\"application\/ld+json\" class=\"yoast-schema-graph\">{\"@context\":\"https:\\\/\\\/schema.org\",\"@graph\":[{\"@type\":\"WebPage\",\"@id\":\"https:\\\/\\\/repliquemangacine.fr\\\/denix\\\/carabine-usm1-de-1944\\\/\",\"url\":\"https:\\\/\\\/repliquemangacine.fr\\\/denix\\\/carabine-usm1-de-1944\\\/\",\"name\":\"Carabine USM1 de 1944 - Vente en ligne | R\u00e9plique Manga Cin\u00e9\",\"isPartOf\":{\"@id\":\"https:\\\/\\\/repliquemangacine.fr\\\/#website\"},\"primaryImageOfPage\":{\"@id\":\"https:\\\/\\\/repliquemangacine.fr\\\/denix\\\/carabine-usm1-de-1944\\\/#primaryimage\"},\"image\":{\"@id\":\"https:\\\/\\\/repliquemangacine.fr\\\/denix\\\/carabine-usm1-de-1944\\\/#primaryimage\"},\"thumbnailUrl\":\"https:\\\/\\\/repliquemangacine.fr\\\/wp-content\\\/uploads\\\/2023\\\/10\\\/1465-Carabine-USM1-1941-a-vendre.jpg\",\"datePublished\":\"2016-08-16T21:15:13+00:00\",\"dateModified\":\"2026-02-15T13:42:42+00:00\",\"description\":\"D\u00e9couvrez la Carabine USM1 de 1944 au meilleur prix - Tout en bois et zamac - M\u00e9canisme fonctionnel - Inapte au tir - Longueur : 90 cm - Poids : 2172 grs\",\"breadcrumb\":{\"@id\":\"https:\\\/\\\/repliquemangacine.fr\\\/denix\\\/carabine-usm1-de-1944\\\/#breadcrumb\"},\"inLanguage\":\"it-IT\",\"potentialAction\":[{\"@type\":\"ReadAction\",\"target\":[\"https:\\\/\\\/repliquemangacine.fr\\\/denix\\\/carabine-usm1-de-1944\\\/\"]}]},{\"@type\":\"ImageObject\",\"inLanguage\":\"it-IT\",\"@id\":\"https:\\\/\\\/repliquemangacine.fr\\\/denix\\\/carabine-usm1-de-1944\\\/#primaryimage\",\"url\":\"https:\\\/\\\/repliquemangacine.fr\\\/wp-content\\\/uploads\\\/2023\\\/10\\\/1465-Carabine-USM1-1941-a-vendre.jpg\",\"contentUrl\":\"https:\\\/\\\/repliquemangacine.fr\\\/wp-content\\\/uploads\\\/2023\\\/10\\\/1465-Carabine-USM1-1941-a-vendre.jpg\",\"width\":800,\"height\":800,\"caption\":\"R\u00e9plique Carabine USM1- 1941\"},{\"@type\":\"BreadcrumbList\",\"@id\":\"https:\\\/\\\/repliquemangacine.fr\\\/denix\\\/carabine-usm1-de-1944\\\/#breadcrumb\",\"itemListElement\":[{\"@type\":\"ListItem\",\"position\":1,\"name\":\"Accueil\",\"item\":\"https:\\\/\\\/repliquemangacine.fr\\\/\"},{\"@type\":\"ListItem\",\"position\":2,\"name\":\"Produits\",\"item\":\"https:\\\/\\\/repliquemangacine.fr\\\/boutique\\\/\"},{\"@type\":\"ListItem\",\"position\":3,\"name\":\"Carabine USM1 1944 USA\"}]},{\"@type\":\"WebSite\",\"@id\":\"https:\\\/\\\/repliquemangacine.fr\\\/#website\",\"url\":\"https:\\\/\\\/repliquemangacine.fr\\\/\",\"name\":\"R\u00e9plique Manga Cin\u00e9\",\"description\":\"\",\"publisher\":{\"@id\":\"https:\\\/\\\/repliquemangacine.fr\\\/#organization\"},\"potentialAction\":[{\"@type\":\"SearchAction\",\"target\":{\"@type\":\"EntryPoint\",\"urlTemplate\":\"https:\\\/\\\/repliquemangacine.fr\\\/?s={search_term_string}\"},\"query-input\":{\"@type\":\"PropertyValueSpecification\",\"valueRequired\":true,\"valueName\":\"search_term_string\"}}],\"inLanguage\":\"it-IT\"},{\"@type\":\"Organization\",\"@id\":\"https:\\\/\\\/repliquemangacine.fr\\\/#organization\",\"name\":\"R\u00e9plique Manga Cin\u00e9\",\"url\":\"https:\\\/\\\/repliquemangacine.fr\\\/\",\"logo\":{\"@type\":\"ImageObject\",\"inLanguage\":\"it-IT\",\"@id\":\"https:\\\/\\\/repliquemangacine.fr\\\/#\\\/schema\\\/logo\\\/image\\\/\",\"url\":\"https:\\\/\\\/repliquemangacine.fr\\\/wp-content\\\/uploads\\\/2023\\\/10\\\/RMC-500250.png\",\"contentUrl\":\"https:\\\/\\\/repliquemangacine.fr\\\/wp-content\\\/uploads\\\/2023\\\/10\\\/RMC-500250.png\",\"width\":500,\"height\":250,\"caption\":\"R\u00e9plique Manga Cin\u00e9\"},\"image\":{\"@id\":\"https:\\\/\\\/repliquemangacine.fr\\\/#\\\/schema\\\/logo\\\/image\\\/\"},\"sameAs\":[\"https:\\\/\\\/www.facebook.com\\\/RepliqueMangaCine\",\"https:\\\/\\\/www.instagram.com\\\/repliquemangacine.fr\\\/\"]}]}<\/script>\n<!-- \/ Yoast SEO plugin. -->","yoast_head_json":{"title":"Carabina USM1 1944 - Vendita online | R\u00e9plique Manga Cin\u00e9","description":"Scopri la Carabina USM1 1944 al miglior prezzo - Tutto legno e zamac - Meccanismo funzionale - Non adatta al tiro - Lunghezza: 90 cm - Peso: 2172 grs","robots":{"index":"index","follow":"follow","max-snippet":"max-snippet:-1","max-image-preview":"max-image-preview:large","max-video-preview":"max-video-preview:-1"},"canonical":"https:\/\/repliquemangacine.fr\/it\/denix\/fucile-usm1-del-1944\/","og_locale":"it_IT","og_type":"article","og_title":"Carabine USM1 de 1944 - Vente en ligne | R\u00e9plique Manga Cin\u00e9","og_description":"D\u00e9couvrez la Carabine USM1 de 1944 au meilleur prix - Tout en bois et zamac - M\u00e9canisme fonctionnel - Inapte au tir - Longueur : 90 cm - Poids : 2172 grs","og_url":"https:\/\/repliquemangacine.fr\/it\/denix\/fucile-usm1-del-1944\/","og_site_name":"R\u00e9plique Manga Cin\u00e9","article_publisher":"https:\/\/www.facebook.com\/RepliqueMangaCine","article_modified_time":"2026-02-15T13:42:42+00:00","og_image":[{"width":800,"height":800,"url":"https:\/\/repliquemangacine.fr\/wp-content\/uploads\/2023\/10\/1465-Carabine-USM1-1941-a-vendre.jpg","type":"image\/jpeg"}],"twitter_card":"summary_large_image","twitter_misc":{"Tempo di lettura stimato":"2 minuti"},"schema":{"@context":"https:\/\/schema.org","@graph":[{"@type":"WebPage","@id":"https:\/\/repliquemangacine.fr\/denix\/carabine-usm1-de-1944\/","url":"https:\/\/repliquemangacine.fr\/denix\/carabine-usm1-de-1944\/","name":"Carabina USM1 1944 - Vendita online | R\u00e9plique Manga Cin\u00e9","isPartOf":{"@id":"https:\/\/repliquemangacine.fr\/#website"},"primaryImageOfPage":{"@id":"https:\/\/repliquemangacine.fr\/denix\/carabine-usm1-de-1944\/#primaryimage"},"image":{"@id":"https:\/\/repliquemangacine.fr\/denix\/carabine-usm1-de-1944\/#primaryimage"},"thumbnailUrl":"https:\/\/repliquemangacine.fr\/wp-content\/uploads\/2023\/10\/1465-Carabine-USM1-1941-a-vendre.jpg","datePublished":"2016-08-16T21:15:13+00:00","dateModified":"2026-02-15T13:42:42+00:00","description":"Scopri la Carabina USM1 1944 al miglior prezzo - Tutto legno e zamac - Meccanismo funzionale - Non adatta al tiro - Lunghezza: 90 cm - Peso: 2172 grs","breadcrumb":{"@id":"https:\/\/repliquemangacine.fr\/denix\/carabine-usm1-de-1944\/#breadcrumb"},"inLanguage":"it-IT","potentialAction":[{"@type":"ReadAction","target":["https:\/\/repliquemangacine.fr\/denix\/carabine-usm1-de-1944\/"]}]},{"@type":"ImageObject","inLanguage":"it-IT","@id":"https:\/\/repliquemangacine.fr\/denix\/carabine-usm1-de-1944\/#primaryimage","url":"https:\/\/repliquemangacine.fr\/wp-content\/uploads\/2023\/10\/1465-Carabine-USM1-1941-a-vendre.jpg","contentUrl":"https:\/\/repliquemangacine.fr\/wp-content\/uploads\/2023\/10\/1465-Carabine-USM1-1941-a-vendre.jpg","width":800,"height":800,"caption":"R\u00e9plique Carabine USM1- 1941"},{"@type":"BreadcrumbList","@id":"https:\/\/repliquemangacine.fr\/denix\/carabine-usm1-de-1944\/#breadcrumb","itemListElement":[{"@type":"ListItem","position":1,"name":"Accueil","item":"https:\/\/repliquemangacine.fr\/"},{"@type":"ListItem","position":2,"name":"Produits","item":"https:\/\/repliquemangacine.fr\/boutique\/"},{"@type":"ListItem","position":3,"name":"Carabine USM1 1944 USA"}]},{"@type":"WebSite","@id":"https:\/\/repliquemangacine.fr\/#website","url":"https:\/\/repliquemangacine.fr\/","name":"R\u00e9plique Manga Cin\u00e9","description":"","publisher":{"@id":"https:\/\/repliquemangacine.fr\/#organization"},"potentialAction":[{"@type":"SearchAction","target":{"@type":"EntryPoint","urlTemplate":"https:\/\/repliquemangacine.fr\/?s={search_term_string}"},"query-input":{"@type":"PropertyValueSpecification","valueRequired":true,"valueName":"search_term_string"}}],"inLanguage":"it-IT"},{"@type":"Organization","@id":"https:\/\/repliquemangacine.fr\/#organization","name":"R\u00e9plique Manga Cin\u00e9","url":"https:\/\/repliquemangacine.fr\/","logo":{"@type":"ImageObject","inLanguage":"it-IT","@id":"https:\/\/repliquemangacine.fr\/#\/schema\/logo\/image\/","url":"https:\/\/repliquemangacine.fr\/wp-content\/uploads\/2023\/10\/RMC-500250.png","contentUrl":"https:\/\/repliquemangacine.fr\/wp-content\/uploads\/2023\/10\/RMC-500250.png","width":500,"height":250,"caption":"R\u00e9plique Manga Cin\u00e9"},"image":{"@id":"https:\/\/repliquemangacine.fr\/#\/schema\/logo\/image\/"},"sameAs":["https:\/\/www.facebook.com\/RepliqueMangaCine","https:\/\/www.instagram.com\/repliquemangacine.fr\/"]}]}},"_links":{"self":[{"href":"https:\/\/repliquemangacine.fr\/it\/wp-json\/wp\/v2\/product\/25241","targetHints":{"allow":["GET"]}}],"collection":[{"href":"https:\/\/repliquemangacine.fr\/it\/wp-json\/wp\/v2\/product"}],"about":[{"href":"https:\/\/repliquemangacine.fr\/it\/wp-json\/wp\/v2\/types\/product"}],"wp:featuredmedia":[{"embeddable":true,"href":"https:\/\/repliquemangacine.fr\/it\/wp-json\/wp\/v2\/media\/25235"}],"wp:attachment":[{"href":"https:\/\/repliquemangacine.fr\/it\/wp-json\/wp\/v2\/media?parent=25241"}],"wp:term":[{"taxonomy":"product_brand","embeddable":true,"href":"https:\/\/repliquemangacine.fr\/it\/wp-json\/wp\/v2\/product_brand?post=25241"},{"taxonomy":"product_cat","embeddable":true,"href":"https:\/\/repliquemangacine.fr\/it\/wp-json\/wp\/v2\/product_cat?post=25241"},{"taxonomy":"product_tag","embeddable":true,"href":"https:\/\/repliquemangacine.fr\/it\/wp-json\/wp\/v2\/product_tag?post=25241"}],"curies":[{"name":"wp","href":"https:\/\/api.w.org\/{rel}","templated":true}]}}