





{"id":42,"date":"2023-10-09T00:03:07","date_gmt":"2023-10-08T22:03:07","guid":{"rendered":"http:\/\/admin"},"modified":"2025-04-16T13:29:54","modified_gmt":"2025-04-16T11:29:54","slug":"condizioni-generali-di-vendita","status":"publish","type":"page","link":"https:\/\/repliquemangacine.fr\/it\/conditions-generales-de-ventes-cgv\/","title":{"rendered":"CONDIZIONI GENERALI DI CONTRATTO"},"content":{"rendered":"<div data-elementor-type=\"wp-page\" data-elementor-id=\"42\" class=\"elementor elementor-42\" data-elementor-post-type=\"page\">\n\t\t\t\t\t\t<section class=\"elementor-section elementor-top-section elementor-element elementor-element-6d6a564 elementor-section-boxed elementor-section-height-default elementor-section-height-default\" data-id=\"6d6a564\" data-element_type=\"section\" data-e-type=\"section\">\n\t\t\t\t\t\t<div class=\"elementor-container elementor-column-gap-default\">\n\t\t\t\t\t<div class=\"elementor-column elementor-col-100 elementor-top-column elementor-element elementor-element-124c9a0\" data-id=\"124c9a0\" data-element_type=\"column\" data-e-type=\"column\">\n\t\t\t<div class=\"elementor-widget-wrap elementor-element-populated\">\n\t\t\t\t\t\t<div class=\"elementor-element elementor-element-1852586 elementor-widget elementor-widget-text-editor\" data-id=\"1852586\" data-element_type=\"widget\" data-e-type=\"widget\" data-widget_type=\"text-editor.default\">\n\t\t\t\t<div class=\"elementor-widget-container\">\n\t\t\t\t\t\t\t\t\t<h2>Condizioni generali di vendita<\/h2><p>Innanzitutto, ecco le nostre Condizioni Generali di Vendita. Il sito \u00e8 di propriet\u00e0 di\u00a0<strong>R\u00e9plique Manga Cin\u00e9<\/strong>\u00a0nella sua interezza, nonch\u00e9 tutti i diritti connessi. Qualsiasi riproduzione, totale o parziale, \u00e8 soggetta all'autorizzazione sistematica dei proprietari.<\/p><p><strong>RMC Coquizart<\/strong><\/p><ul><li><strong>46 rue des Ifs<\/strong><\/li><li><strong>27160 Breteuil sur Iton<br \/><\/strong><\/li><li><strong>Tel: 02.27.34.24.06 - Dalle 10.00 alle 16.30<\/strong><\/li><li><strong>N. Siret: 325 371 441 00057<\/strong><\/li><li><strong>IVA intracomunitaria: FR37325371441<\/strong><\/li><\/ul><h3><strong>1. Accettazione delle Condizioni Generali di Vendita<br \/><\/strong><\/h3><p>Il cliente riconosce di aver preso visione delle Condizioni Generali di Vendita al momento dell'ordine. E dichiara espressamente di accettarle senza riserve. Pertanto, le presenti Condizioni Generali di Vendita regolano il rapporto contrattuale tra R\u00e9plique Manga Cin\u00e9 e il suo cliente. Entrambe le parti le accettano senza riserve. Le presenti Condizioni Generali di Vendita prevalgono su tutte le altre condizioni contenute in qualsiasi altro documento. Salvo deroghe preventive, espresse e scritte.<\/p><p><strong>2. Condizioni generali di vendita: Ordine<\/strong><\/p><p>Il sistema di registrazione automatica \u00e8 considerato una prova della natura, del contenuto e della data dell'ordine. La societ\u00e0 R\u00e9plique Manga Cin\u00e9 conferma l'accettazione dell'ordine al cliente all'indirizzo e-mail fornito. La vendita si conclude con la conferma dell'ordine. R\u00e9plique Manga Cin\u00e9 si riserva il diritto di annullare qualsiasi ordine di un cliente con il quale vi sia una controversia relativa al pagamento di un ordine. Le informazioni fornite dall'acquirente al momento dell'ordine sono vincolanti. In caso di errore nei dati di contatto del destinatario, il venditore non pu\u00f2 essere ritenuto responsabile dell'impossibilit\u00e0 di consegnare il prodotto.<\/p><h3><strong>3. Condizioni generali di vendita: Consegna<\/strong><\/h3><p>Dopo la conferma dell'ordine e l'accettazione del pagamento, R\u00e9plique Manga Cin\u00e9 si impegna a consegnare tutti i riferimenti ordinati dall'acquirente. E questo entro un massimo di 2-15 giorni lavorativi. Il vettore si impegna inoltre, per contratto con la R\u00e9plique Manga Cin\u00e9, a consegnare l'ordine all'indirizzo dell'acquirente fornito dalla R\u00e9plique Manga Cin\u00e9.<\/p><h4>Consegne al di fuori della Francia continentale<\/h4><p>Il cliente si impegna a pagare tutte le tasse dovute per l'importazione dei prodotti, i dazi doganali, l'imposta sul valore aggiunto. Cos\u00ec come qualsiasi altra tassa dovuta in base alle leggi del paese in cui viene ricevuto l'ordine. I clienti o i destinatari dei prodotti si asterranno da qualsiasi rivendita parziale o totale dei prodotti.<\/p><p>R\u00e9plique Manga Cin\u00e9 declina ogni responsabilit\u00e0 legale se le tasse non vengono pagate dal cliente. La consegna avverr\u00e0 tramite\u00a0<a href=\"https:\/\/www.dpd.com\/fr\/fr\/\">DPD<\/a>\u00a0o\u00a0<a href=\"https:\/\/gls-group.com\/FR\/fr\/home\">GLS<\/a>\u00a0in 24H\/48H o in\u00a0<a href=\"https:\/\/www.laposte.fr\/colissimo\">Colissimo<\/a>\u00a0secondo la scelta del cliente in Francia metropolitana.<\/p><p>La consegna avviene nella fascia oraria concordata con il cliente. Consegnando il prodotto direttamente al destinatario indicato. O, in caso di assenza, a un'altra persona autorizzata dal cliente. Le consegne nei Paesi CEE vengono effettuate da Colissimo entro 3-5 giorni.<\/p><h4>Verifica del prodotto<\/h4><p>Nel caso di un prodotto tecnico, il cliente deve verificare che l'apparecchio consegnato funzioni correttamente. Deve inoltre leggere le istruzioni fornite.<br \/>In caso di difetto apparente, l'acquirente ha il diritto di restituire la merce secondo le condizioni stabilite nel presente documento. Sono considerati casi di forza maggiore che esonerano il venditore dall'obbligo di consegna:<\/p><ul><li>La guerra<\/li><li>Le rivolte<\/li><li>Incendi<\/li><li>Scioperi<\/li><li>Incidenti<\/li><li>L'impossibilit\u00e0 di essere riforniti.<\/li><\/ul><p>In questo caso, \u00e8 necessario controllare sempre il pacco all'arrivo. Avete un periodo di 3 giorni per presentare eventuali reclami al corriere in caso di ammanchi o danni. Trascorso questo periodo, non sar\u00e0 pi\u00f9 possibile richiedere un reso.<\/p><p>Per motivi di disponibilit\u00e0, un ordine pu\u00f2 essere consegnato al cliente in pi\u00f9 tranche. In questo caso, il cliente paga una sola consegna. Se il cliente necessita di 2 luoghi di consegna, effettuer\u00e0 2 ordini, con le relative spese di consegna.<\/p><h3><strong>4.\u00a0<\/strong><strong>\u00a0Ritiro<\/strong><\/h3><p>Il cliente ha a disposizione un periodo di 14 giorni (dal ricevimento degli articoli) per formarsi un'opinione. Se il prodotto viene restituito, il cliente deve comunicarci il motivo della restituzione. Se preferisce un cambio, una nota di credito o un rimborso del prodotto, altrimenti verr\u00e0 automaticamente emessa una nota di credito. Restituire l'articolo o gli articoli nella loro confezione originale e non danneggiata, insieme agli eventuali accessori, al seguente indirizzo:<\/p><p><strong>R\u00e9plique Manga Cin\u00e9<\/strong><\/p><p>46 rue des Ifs<\/p><p>27160 Breteuil\/Iton<\/p><p>In caso di esercizio del diritto di recesso, R\u00e9plique Manga Cin\u00e9 \u00e8 tenuta a rimborsare gratuitamente le somme versate dal cliente, ad eccezione delle spese di restituzione. Il rimborso o la sostituzione devono essere effettuati entro 14 giorni. Le restituzioni con cambio sono effettuate da Colissimo. R\u00e9plique Manga Cin\u00e9 rimborser\u00e0 le spese di restituzione sulla base del prezzo di un Colissimo tracciato. Tuttavia, se i nostri clienti desiderano restituire il pacco tramite raccomandata, i costi aggiuntivi sostenuti restano a loro carico.<\/p><p><strong>Nel caso in cui il cliente restituisca un prodotto non difettoso. Perch\u00e9 ha cambiato idea, il rimborso corrisponder\u00e0 solo al prezzo del prodotto. Le spese di spedizione non saranno rimborsate.<\/strong><\/p><p>Se si desidera esercitare il diritto di recesso, \u00e8 necessario compilare un modulo.<\/p><h3><strong>5. Prezzi e pagamenti<br \/><\/strong><\/h3><ul><li>Tutti i prezzi sono espressi in euro e includono l'IVA.<\/li><li>Il prezzo indicato nelle schede prodotto non include il trasporto.<\/li><li>Il prezzo indicato nella conferma d'ordine \u00e8 il prezzo finale, comprensivo di tutte le tasse.<\/li><li>Questo prezzo include il prezzo dei prodotti, i costi di movimentazione e di imballaggio.<\/li><\/ul><h4><strong>6. Condizioni generali di vendita: Pagamento<\/strong><\/h4><p>Il prezzo fatturato al cliente \u00e8 quello indicato nella conferma d'ordine inviata da R\u00e9plique Manga Cin\u00e9.<br \/>Il prezzo dei prodotti \u00e8 pagabile in contanti il giorno dell'ordine. Il pagamento pu\u00f2 essere effettuato solo con assegno francese o con carta di credito con il simbolo CB.<\/p><p>Il pagamento online sicuro consente di pagare tramite il server della banca in un ambiente protetto. Il numero della carta di credito viene quindi inviato ai server della banca. Il pagamento viene effettuato direttamente alla banca in un ambiente sicuro, senza passare per il server del negozio. Questa garanzia \u00e8 tanto pi\u00f9 importante in quanto i vostri numeri sono noti solo ai nostri partner bancari (Soci\u00e9t\u00e9 G\u00e9n\u00e9rale, Apple Pay, Google Pay, Paypal, Alma e Stripe).<\/p><p>L'ordine convalidato dal cliente non sar\u00e0 considerato effettivo fino a quando i centri di pagamento bancari interessati non avranno dato il loro consenso. In caso di rifiuto da parte di tali centri, l'ordine sar\u00e0 automaticamente annullato e il cliente ne sar\u00e0 informato via e-mail. \u00c8 possibile pagare i propri acquisti anche tramite bonifico bancario. \u00c8 sufficiente richiederci la nostra Rib. Resta inteso che tutte le spese bancarie derivanti dal bonifico sono a carico del cliente.<\/p><p>Inoltre, R\u00e9plique Manga Cin\u00e9 si riserva il diritto di rifiutare qualsiasi ordine da parte di un cliente con cui esista una controversia.<\/p><h3><strong>7. Condizioni generali di vendita: Restituzione<\/strong><\/h3><p>Ai sensi dell'articolo L121-16 del Codice del consumo francese, il cliente dispone di un diritto di recesso che pu\u00f2 essere esercitato entro 14 giorni dal ricevimento di ciascun prodotto ordinato.<\/p><p>Il cliente deve indicare il motivo della restituzione via e-mail (repliquemangacine@gmail.com) o per posta. Se desidera cambiare, accreditare o rimborsare il prodotto.<\/p><p>Le spese di restituzione dei prodotti in virt\u00f9 del diritto di recesso del cliente sono esclusivamente a carico del cliente.<\/p><p>I prodotti restituiti non devono essere stati utilizzati o danneggiati. E devono essere consegnati nella loro confezione originale, intatta e idonea alla vendita. Se una delle condizioni di cui sopra non viene rispettata, R\u00e9plique Manga Cin\u00e9 si riserva il diritto di rifiutare il pacco, il cambio, la nota di credito o il rimborso del pacco.<\/p><p><strong>Nel caso in cui il cliente restituisca un prodotto non difettoso. Perch\u00e9 ha cambiato idea, il rimborso corrisponder\u00e0 solo al prezzo del prodotto. Le spese di spedizione non saranno rimborsate.<\/strong><\/p><h3><strong>Condizioni di permuta :<\/strong><\/h3><ul><li>Verificare che TUTTI gli accessori originali, le istruzioni, ecc. siano presenti nel pacco con l'articolo.<\/li><li>Preparate e proteggete con cura il pacco cos\u00ec come lo avete ricevuto.<\/li><li><strong>NON scrivere nulla sulla confezione originale.<\/strong><\/li><li>Allegate una lettera con i vostri dati di contatto esatti, il numero dell'ordine e il motivo della restituzione.<\/li><li>Lo stesso vale se si desidera un cambio, un rimborso o una nota di credito.<br \/>Inviare a :<\/li><\/ul><p><strong>RMC Coquizart<\/strong><\/p><p>46 rue des Ifs<\/p><p>27160 Breteuil \/ Iton<\/p><p>Una volta ricevuto e controllato il pacco, faremo il possibile per soddisfarvi nel pi\u00f9 breve tempo possibile. Qualsiasi rimborso, nota di credito o cambio sar\u00e0 dovuto entro un massimo di 14 giorni.<\/p><p>In caso di errore nella consegna di un ordine. Il cliente \u00e8 invitato a restituire il prodotto o i prodotti ordinati a R\u00e9plique Manga Cin\u00e9, accompagnato dalla prova delle spese di spedizione sostenute. Le spese di spedizione giustificate saranno rimborsate dalla societ\u00e0, che, a meno che il cliente non abbia espresso per iscritto la sua volont\u00e0 di annullare l'ordine.<\/p><h3><strong>8. Le controversie<\/strong><\/h3><p>Le presenti Condizioni Generali di Vendita sono regolate dalla legge francese. R\u00e9plique Manga Cin\u00e9 non pu\u00f2 essere ritenuta responsabile per danni di qualsiasi natura. Sia materiali che immateriali o fisici, che potrebbero derivare da un malfunzionamento o da un uso improprio dei prodotti venduti. Lo stesso vale per eventuali modifiche apportate ai prodotti dai produttori. La responsabilit\u00e0 di R\u00e9plique Manga Cin\u00e9 sar\u00e0, in ogni caso, limitata all'importo dell'ordine e non potr\u00e0 essere ritenuta responsabile per semplici errori od omissioni che potrebbero essersi verificati nonostante tutte le precauzioni prese nella presentazione dei prodotti.<\/p><p>In caso di difficolt\u00e0 nell'applicazione del presente contratto, l'acquirente ha la possibilit\u00e0, prima di qualsiasi azione legale, di cercare una soluzione amichevole. In particolare, con l'aiuto di: un'associazione professionale del settore, un'associazione di consumatori o qualsiasi altro consulente di sua scelta. Si noti che la ricerca di una soluzione amichevole non interrompe il \"breve periodo\" della garanzia legale, n\u00e9 la durata della garanzia contrattuale.<\/p><p>Come regola generale e a discrezione dei tribunali. Il rispetto delle disposizioni del presente contratto relative alla garanzia contrattuale presuppone che l'acquirente onori i propri impegni finanziari nei confronti del venditore. Reclami o controversie saranno sempre accolti con attenta benevolenza. Si presume sempre la buona fede di chi si prende la briga di spiegare la propria situazione. In caso di controversia, il cliente contatter\u00e0 innanzitutto l'azienda per ottenere una soluzione amichevole. In caso contrario, il cliente potr\u00e0 rivolgersi a uno dei tribunali territorialmente competenti ai sensi del Codice di procedura civile, nel luogo in cui risiedeva al momento della conclusione del contratto.<\/p><h3><strong>9. Garanzia<\/strong><\/h3><p>In ogni caso, il cliente beneficia della garanzia legale contro lo sfratto e i vizi occulti (art. 1625 e seguenti del Codice civile francese). Se l'acquirente \u00e8 in grado di dimostrare il difetto occulto, il venditore deve riparare legalmente tutte le conseguenze (art. 1641 e seguenti del Codice civile). Se l'acquirente si rivolge al tribunale, deve farlo entro un \"breve periodo\" dalla scoperta del difetto nascosto (art. 1648 del Codice Civile). \u00c8 possibile contattare il servizio clienti: 5 giorni alla settimana (dal luned\u00ec al venerd\u00ec compreso) via e-mail repliquemangacine@gmail.com.<\/p><h3><strong>10.informazioni legali<\/strong><\/h3><p>I dati personali raccolti ai fini della vendita a distanza sono obbligatori. Tali informazioni sono indispensabili per l'elaborazione e la spedizione degli ordini, nonch\u00e9 per la redazione di fatture e contratti di garanzia. La mancata comunicazione di tali informazioni comporta la mancata convalida dell'ordine. In conformit\u00e0 con la legge francese sulla protezione dei dati (Loi Informatique et Libert\u00e9s), il trattamento dei dati personali relativi ai clienti \u00e8 stato dichiarato all'Autorit\u00e0 francese per la protezione dei dati (Commission Nationale de l'Informatique et des Libert\u00e9s - CNIL). Il cliente ha (articolo 34 della legge del 6 gennaio 1978) un diritto di accesso, modifica, rettifica e cancellazione dei dati che lo riguardano, che pu\u00f2 esercitare contattando la R\u00e9plique Manga Cin\u00e9. Inoltre, la R\u00e9plique Manga Cin\u00e9 si impegna a non comunicare a terzi, a titolo gratuito o oneroso, i dati dei propri clienti.<\/p>\t\t\t\t\t\t\t\t<\/div>\n\t\t\t\t<\/div>\n\t\t\t\t\t<\/div>\n\t\t<\/div>\n\t\t\t\t\t<\/div>\n\t\t<\/section>\n\t\t\t\t<\/div>","protected":false},"excerpt":{"rendered":"<p>Conditions g\u00e9n\u00e9rales de Ventes D\u2019abord voici nos Conditions g\u00e9n\u00e9rales de Ventes. Le site est la propri\u00e9t\u00e9 de\u00a0R\u00e9plique Manga Cin\u00e9\u00a0en sa totalit\u00e9, ainsi que l\u2019ensemble des droits y aff\u00e9rents. Toute reproduction, int\u00e9grale ou partielle, est syst\u00e9matiquement soumise a l\u2019autorisation des propri\u00e9taires. RMC Coquizart 46 rue des Ifs 27160 Breteuil sur Iton Tel: 02.27.34.24.06 \u2013 De 10h [&hellip;]<\/p>\n","protected":false},"author":0,"featured_media":0,"parent":0,"menu_order":0,"comment_status":"closed","ping_status":"closed","template":"","meta":{"footnotes":""},"class_list":["post-42","page","type-page","status-publish","hentry"],"yoast_head":"<!-- This site is optimized with the Yoast SEO plugin v27.4 - https:\/\/yoast.com\/product\/yoast-seo-wordpress\/ -->\n<title>CGV - R\u00e9plique Manga Cin\u00e9<\/title>\n<meta name=\"description\" content=\"Retrouvez nos CGV (conditions g\u00e9n\u00e9rales de vente) dont vous auriez besoin pour mieux nous connaitre. Commandes, Retours, garantie ...\" \/>\n<meta name=\"robots\" content=\"index, follow, max-snippet:-1, max-image-preview:large, max-video-preview:-1\" \/>\n<link rel=\"canonical\" href=\"https:\/\/repliquemangacine.fr\/it\/condizioni-generali-di-vendita\/\" \/>\n<meta property=\"og:locale\" content=\"it_IT\" \/>\n<meta property=\"og:type\" content=\"article\" \/>\n<meta property=\"og:title\" content=\"CGV - R\u00e9plique Manga Cin\u00e9\" \/>\n<meta property=\"og:description\" content=\"Retrouvez nos CGV (conditions g\u00e9n\u00e9rales de vente) dont vous auriez besoin pour mieux nous connaitre. Commandes, Retours, garantie ...\" \/>\n<meta property=\"og:url\" content=\"https:\/\/repliquemangacine.fr\/it\/condizioni-generali-di-vendita\/\" \/>\n<meta property=\"og:site_name\" content=\"R\u00e9plique Manga Cin\u00e9\" \/>\n<meta property=\"article:publisher\" content=\"https:\/\/www.facebook.com\/RepliqueMangaCine\" \/>\n<meta property=\"article:modified_time\" content=\"2025-04-16T11:29:54+00:00\" \/>\n<meta property=\"og:image\" content=\"https:\/\/repliquemangacine.fr\/wp-content\/uploads\/2023\/10\/RMC-500250.png\" \/>\n\t<meta property=\"og:image:width\" content=\"500\" \/>\n\t<meta property=\"og:image:height\" content=\"250\" \/>\n\t<meta property=\"og:image:type\" content=\"image\/png\" \/>\n<meta name=\"twitter:card\" content=\"summary_large_image\" \/>\n<meta name=\"twitter:label1\" content=\"Tempo di lettura stimato\" \/>\n\t<meta name=\"twitter:data1\" content=\"11 minuti\" \/>\n<script type=\"application\/ld+json\" class=\"yoast-schema-graph\">{\"@context\":\"https:\\\/\\\/schema.org\",\"@graph\":[{\"@type\":\"WebPage\",\"@id\":\"https:\\\/\\\/repliquemangacine.fr\\\/conditions-generales-de-ventes-cgv\\\/\",\"url\":\"https:\\\/\\\/repliquemangacine.fr\\\/conditions-generales-de-ventes-cgv\\\/\",\"name\":\"CGV - R\u00e9plique Manga Cin\u00e9\",\"isPartOf\":{\"@id\":\"https:\\\/\\\/repliquemangacine.fr\\\/#website\"},\"datePublished\":\"2023-10-08T22:03:07+00:00\",\"dateModified\":\"2025-04-16T11:29:54+00:00\",\"description\":\"Retrouvez nos CGV (conditions g\u00e9n\u00e9rales de vente) dont vous auriez besoin pour mieux nous connaitre. Commandes, Retours, garantie ...\",\"breadcrumb\":{\"@id\":\"https:\\\/\\\/repliquemangacine.fr\\\/conditions-generales-de-ventes-cgv\\\/#breadcrumb\"},\"inLanguage\":\"it-IT\",\"potentialAction\":[{\"@type\":\"ReadAction\",\"target\":[\"https:\\\/\\\/repliquemangacine.fr\\\/conditions-generales-de-ventes-cgv\\\/\"]}]},{\"@type\":\"BreadcrumbList\",\"@id\":\"https:\\\/\\\/repliquemangacine.fr\\\/conditions-generales-de-ventes-cgv\\\/#breadcrumb\",\"itemListElement\":[{\"@type\":\"ListItem\",\"position\":1,\"name\":\"Accueil\",\"item\":\"https:\\\/\\\/repliquemangacine.fr\\\/\"},{\"@type\":\"ListItem\",\"position\":2,\"name\":\"CGV\"}]},{\"@type\":\"WebSite\",\"@id\":\"https:\\\/\\\/repliquemangacine.fr\\\/#website\",\"url\":\"https:\\\/\\\/repliquemangacine.fr\\\/\",\"name\":\"R\u00e9plique Manga Cin\u00e9\",\"description\":\"\",\"publisher\":{\"@id\":\"https:\\\/\\\/repliquemangacine.fr\\\/#organization\"},\"potentialAction\":[{\"@type\":\"SearchAction\",\"target\":{\"@type\":\"EntryPoint\",\"urlTemplate\":\"https:\\\/\\\/repliquemangacine.fr\\\/?s={search_term_string}\"},\"query-input\":{\"@type\":\"PropertyValueSpecification\",\"valueRequired\":true,\"valueName\":\"search_term_string\"}}],\"inLanguage\":\"it-IT\"},{\"@type\":\"Organization\",\"@id\":\"https:\\\/\\\/repliquemangacine.fr\\\/#organization\",\"name\":\"R\u00e9plique Manga Cin\u00e9\",\"url\":\"https:\\\/\\\/repliquemangacine.fr\\\/\",\"logo\":{\"@type\":\"ImageObject\",\"inLanguage\":\"it-IT\",\"@id\":\"https:\\\/\\\/repliquemangacine.fr\\\/#\\\/schema\\\/logo\\\/image\\\/\",\"url\":\"https:\\\/\\\/repliquemangacine.fr\\\/wp-content\\\/uploads\\\/2023\\\/10\\\/RMC-500250.png\",\"contentUrl\":\"https:\\\/\\\/repliquemangacine.fr\\\/wp-content\\\/uploads\\\/2023\\\/10\\\/RMC-500250.png\",\"width\":500,\"height\":250,\"caption\":\"R\u00e9plique Manga Cin\u00e9\"},\"image\":{\"@id\":\"https:\\\/\\\/repliquemangacine.fr\\\/#\\\/schema\\\/logo\\\/image\\\/\"},\"sameAs\":[\"https:\\\/\\\/www.facebook.com\\\/RepliqueMangaCine\",\"https:\\\/\\\/www.instagram.com\\\/repliquemangacine.fr\\\/\"]}]}<\/script>\n<!-- \/ Yoast SEO plugin. -->","yoast_head_json":{"title":"CONDIZIONI GENERALI - R\u00e9plique Manga Cin\u00e9","description":"Per saperne di pi\u00f9 sui nostri termini e condizioni di vendita. Ordini, resi, garanzia ...","robots":{"index":"index","follow":"follow","max-snippet":"max-snippet:-1","max-image-preview":"max-image-preview:large","max-video-preview":"max-video-preview:-1"},"canonical":"https:\/\/repliquemangacine.fr\/it\/condizioni-generali-di-vendita\/","og_locale":"it_IT","og_type":"article","og_title":"CGV - R\u00e9plique Manga Cin\u00e9","og_description":"Retrouvez nos CGV (conditions g\u00e9n\u00e9rales de vente) dont vous auriez besoin pour mieux nous connaitre. Commandes, Retours, garantie ...","og_url":"https:\/\/repliquemangacine.fr\/it\/condizioni-generali-di-vendita\/","og_site_name":"R\u00e9plique Manga Cin\u00e9","article_publisher":"https:\/\/www.facebook.com\/RepliqueMangaCine","article_modified_time":"2025-04-16T11:29:54+00:00","og_image":[{"width":500,"height":250,"url":"https:\/\/repliquemangacine.fr\/wp-content\/uploads\/2023\/10\/RMC-500250.png","type":"image\/png"}],"twitter_card":"summary_large_image","twitter_misc":{"Tempo di lettura stimato":"11 minuti"},"schema":{"@context":"https:\/\/schema.org","@graph":[{"@type":"WebPage","@id":"https:\/\/repliquemangacine.fr\/conditions-generales-de-ventes-cgv\/","url":"https:\/\/repliquemangacine.fr\/conditions-generales-de-ventes-cgv\/","name":"CONDIZIONI GENERALI - R\u00e9plique Manga Cin\u00e9","isPartOf":{"@id":"https:\/\/repliquemangacine.fr\/#website"},"datePublished":"2023-10-08T22:03:07+00:00","dateModified":"2025-04-16T11:29:54+00:00","description":"Per saperne di pi\u00f9 sui nostri termini e condizioni di vendita. Ordini, resi, garanzia ...","breadcrumb":{"@id":"https:\/\/repliquemangacine.fr\/conditions-generales-de-ventes-cgv\/#breadcrumb"},"inLanguage":"it-IT","potentialAction":[{"@type":"ReadAction","target":["https:\/\/repliquemangacine.fr\/conditions-generales-de-ventes-cgv\/"]}]},{"@type":"BreadcrumbList","@id":"https:\/\/repliquemangacine.fr\/conditions-generales-de-ventes-cgv\/#breadcrumb","itemListElement":[{"@type":"ListItem","position":1,"name":"Accueil","item":"https:\/\/repliquemangacine.fr\/"},{"@type":"ListItem","position":2,"name":"CGV"}]},{"@type":"WebSite","@id":"https:\/\/repliquemangacine.fr\/#website","url":"https:\/\/repliquemangacine.fr\/","name":"R\u00e9plique Manga Cin\u00e9","description":"","publisher":{"@id":"https:\/\/repliquemangacine.fr\/#organization"},"potentialAction":[{"@type":"SearchAction","target":{"@type":"EntryPoint","urlTemplate":"https:\/\/repliquemangacine.fr\/?s={search_term_string}"},"query-input":{"@type":"PropertyValueSpecification","valueRequired":true,"valueName":"search_term_string"}}],"inLanguage":"it-IT"},{"@type":"Organization","@id":"https:\/\/repliquemangacine.fr\/#organization","name":"R\u00e9plique Manga Cin\u00e9","url":"https:\/\/repliquemangacine.fr\/","logo":{"@type":"ImageObject","inLanguage":"it-IT","@id":"https:\/\/repliquemangacine.fr\/#\/schema\/logo\/image\/","url":"https:\/\/repliquemangacine.fr\/wp-content\/uploads\/2023\/10\/RMC-500250.png","contentUrl":"https:\/\/repliquemangacine.fr\/wp-content\/uploads\/2023\/10\/RMC-500250.png","width":500,"height":250,"caption":"R\u00e9plique Manga Cin\u00e9"},"image":{"@id":"https:\/\/repliquemangacine.fr\/#\/schema\/logo\/image\/"},"sameAs":["https:\/\/www.facebook.com\/RepliqueMangaCine","https:\/\/www.instagram.com\/repliquemangacine.fr\/"]}]}},"_links":{"self":[{"href":"https:\/\/repliquemangacine.fr\/it\/wp-json\/wp\/v2\/pages\/42","targetHints":{"allow":["GET"]}}],"collection":[{"href":"https:\/\/repliquemangacine.fr\/it\/wp-json\/wp\/v2\/pages"}],"about":[{"href":"https:\/\/repliquemangacine.fr\/it\/wp-json\/wp\/v2\/types\/page"}],"replies":[{"embeddable":true,"href":"https:\/\/repliquemangacine.fr\/it\/wp-json\/wp\/v2\/comments?post=42"}],"version-history":[{"count":5,"href":"https:\/\/repliquemangacine.fr\/it\/wp-json\/wp\/v2\/pages\/42\/revisions"}],"predecessor-version":[{"id":83587,"href":"https:\/\/repliquemangacine.fr\/it\/wp-json\/wp\/v2\/pages\/42\/revisions\/83587"}],"wp:attachment":[{"href":"https:\/\/repliquemangacine.fr\/it\/wp-json\/wp\/v2\/media?parent=42"}],"curies":[{"name":"wp","href":"https:\/\/api.w.org\/{rel}","templated":true}]}}