





{"id":97938,"date":"2026-04-17T18:41:31","date_gmt":"2026-04-17T16:41:31","guid":{"rendered":"https:\/\/repliquemangacine.fr\/?post_type=product&#038;p=97938"},"modified":"2026-04-17T18:43:10","modified_gmt":"2026-04-17T16:43:10","slug":"juego-de-3-tanto-kill-bill-hattori-hanzo","status":"publish","type":"product","link":"https:\/\/repliquemangacine.fr\/es\/katana-kill-bill\/set-de-3-tanto-kill-bill-hattori-hanzo\/","title":{"rendered":"Juego de 3 Tanto Kill Bill - Hattori Hanzo"},"content":{"rendered":"<h2>Juego de 3 Tanto Kill Bill - The Sharp Legacy<\/h2>\n<p>Plonge imm\u00e9diatement dans l\u2019univers culte de Kill Bill avec ce set de 3 tanto aussi \u00e9l\u00e9gant que symbolique. Chaque pi\u00e8ce poss\u00e8de sa propre identit\u00e9, tout en formant un ensemble coh\u00e9rent et visuellement puissant. Les lames en acier inoxydable de 28 cm affichent des gravures fid\u00e8les, nettes et contrast\u00e9es. Ensuite, les fourreaux en ABS laqu\u00e9 noir subliment chaque tanto avec des id\u00e9ogrammes dor\u00e9s distinctifs. Enfin, le support en bois d\u00e9cor\u00e9 vient magnifier l\u2019ensemble avec une pr\u00e9sentation digne d\u2019un v\u00e9ritable sanctuaire de collectionneur.<\/p>\n<p>Ce set trouve toute sa puissance lorsqu\u2019il est associ\u00e9 \u00e0 d\u2019autres r\u00e9pliques embl\u00e9matiques de l\u2019univers. Ainsi, pour une collection coh\u00e9rente et impressionnante, d\u00e9couvre \u00e9galement le <a href=\"https:\/\/repliquemangacine.fr\/es\/katana-kill-bill\/katana-de-la-mariee-kill-bill-beatrix\/\">Katana de la novia<\/a>, hecho especialmente para B\u00e9atrix Kiddo por Hattori Hanzo. Tambi\u00e9n se puede ver a la Shirasaya de O-ren-ishii vestida toda de negro. Recordamos su enfrentamiento con la Novia. Luch\u00f3 con la espada en la mano derecha y la vaina en la izquierda, separando el ataque de la defensa.<\/p>\n<h2>Un tr\u00edo \u00fanico, fiel a los detalles de la pel\u00edcula<\/h2>\n<p>Cada tanto cuenta una historia espec\u00edfica. El tanto de la novia lleva el emblem\u00e1tico ideograma de <a href=\"https:\/\/killbill.fandom.com\/wiki\/Hattori_Hanz%C5%8D\" target=\"_blank\" rel=\"noopener noreferrer\">Hattori Hanzo<\/a>, un s\u00edmbolo de excelencia y venganza controlada. El tanto de Bill lleva una cabeza de demonio, reflejo de su compleja y despiadada personalidad. Por \u00faltimo, el tanto de Budd lleva una inscripci\u00f3n cargada de emoci\u00f3n: \u201cA mi hermano Budd, El \u00fanico hombre al que he amado - Bill\u201d. Este detalle refuerza inmediatamente la autenticidad y el impacto emocional de la pieza.<\/p>\n<h2>Una pieza de coleccionista que combina cine de culto y est\u00e9tica japonesa<\/h2>\n<p>Este set no es s\u00f3lo decorativo, es una aut\u00e9ntica pieza de cine. As\u00ed que seguro que encaja a la perfecci\u00f3n junto a otras piezas ic\u00f3nicas como la katana de la Novia o las espadas inspiradas en el Jap\u00f3n feudal. Tanto si eres un coleccionista exigente como un entusiasta del cosplay, este tr\u00edo ofrece un equilibrio perfecto entre est\u00e9tica, simbolismo y una fuerte presencia visual. Adem\u00e1s, el formato tanto a\u00f1ade un toque m\u00e1s raro y refinado que a menudo se pasa por alto cuando se compara con las katanas cl\u00e1sicas.<\/p>","protected":false},"excerpt":{"rendered":"<p>El legendario tr\u00edo de Kill Bill en uno... listo para dejar huella en tu colecci\u00f3n.<\/p>\n<p><strong>Caracter\u00edsticas del Set de 3 Tanto Kill Bill<\/strong><\/p>\n<ul>\n<li>Hojas de acero inoxidable con grabados distintivos<\/li>\n<li>Longitud de la hoja: 28 cm<\/li>\n<li>Longitud total: 45 cm<\/li>\n<li>Anchura de la hoja: 2 cm<\/li>\n<li>Guarda met\u00e1lica labrada<\/li>\n<li>Mango de ABS con trenzado de algod\u00f3n negro<\/li>\n<li>Funda de ABS lacado en negro con ideogramas dorados<\/li>\n<li>Soporte de madera con 3 s\u00edmbolos incluidos<\/li>\n<li>Juego de 3 tantos: Mari\u00e9e, Bill, Budd<\/li>\n<\/ul>","protected":false},"featured_media":97942,"template":"","meta":[],"product_brand":[],"product_cat":[71,107],"product_tag":[],"class_list":{"0":"post-97938","1":"product","2":"type-product","3":"status-publish","4":"has-post-thumbnail","6":"product_cat-katana-kill-bill","7":"product_cat-nouveautes","9":"first","10":"instock","11":"taxable","12":"shipping-taxable","13":"purchasable","14":"product-type-simple"},"yoast_head":"<!-- This site is optimized with the Yoast SEO plugin v27.4 - https:\/\/yoast.com\/product\/yoast-seo-wordpress\/ -->\n<title>Set de 3 Tanto Kill Bill - Hattori Hanzo - R\u00e9plique Manga Cin\u00e9<\/title>\n<meta name=\"description\" content=\"Set de 3 tanto Kill Bill avec gravures fid\u00e8les, support bois et finitions premium. Pi\u00e8ce incontournable pour collectionneur et fan du film culte.\" \/>\n<meta name=\"robots\" content=\"index, follow, max-snippet:-1, max-image-preview:large, max-video-preview:-1\" \/>\n<link rel=\"canonical\" href=\"https:\/\/repliquemangacine.fr\/es\/katana-kill-bill\/juego-de-3-tanto-kill-bill-hattori-hanzo\/\" \/>\n<meta property=\"og:locale\" content=\"es_ES\" \/>\n<meta property=\"og:type\" content=\"article\" \/>\n<meta property=\"og:title\" content=\"Set de 3 Tanto Kill Bill - Hattori Hanzo - R\u00e9plique Manga Cin\u00e9\" \/>\n<meta property=\"og:description\" content=\"Set de 3 tanto Kill Bill avec gravures fid\u00e8les, support bois et finitions premium. Pi\u00e8ce incontournable pour collectionneur et fan du film culte.\" \/>\n<meta property=\"og:url\" content=\"https:\/\/repliquemangacine.fr\/es\/katana-kill-bill\/juego-de-3-tanto-kill-bill-hattori-hanzo\/\" \/>\n<meta property=\"og:site_name\" content=\"R\u00e9plique Manga Cin\u00e9\" \/>\n<meta property=\"article:publisher\" content=\"https:\/\/www.facebook.com\/RepliqueMangaCine\" \/>\n<meta property=\"article:modified_time\" content=\"2026-04-17T16:43:10+00:00\" \/>\n<meta property=\"og:image\" content=\"https:\/\/repliquemangacine.fr\/wp-content\/uploads\/2026\/04\/Set-3-tanto-kill-bill-sur-le-support.webp\" \/>\n\t<meta property=\"og:image:width\" content=\"700\" \/>\n\t<meta property=\"og:image:height\" content=\"700\" \/>\n\t<meta property=\"og:image:type\" content=\"image\/webp\" \/>\n<meta name=\"twitter:card\" content=\"summary_large_image\" \/>\n<meta name=\"twitter:label1\" content=\"Tiempo de lectura\" \/>\n\t<meta name=\"twitter:data1\" content=\"2 minutos\" \/>\n<script type=\"application\/ld+json\" class=\"yoast-schema-graph\">{\"@context\":\"https:\\\/\\\/schema.org\",\"@graph\":[{\"@type\":\"WebPage\",\"@id\":\"https:\\\/\\\/repliquemangacine.fr\\\/katana-kill-bill\\\/set-de-3-tanto-kill-bill-hattori-hanzo\\\/\",\"url\":\"https:\\\/\\\/repliquemangacine.fr\\\/katana-kill-bill\\\/set-de-3-tanto-kill-bill-hattori-hanzo\\\/\",\"name\":\"Set de 3 Tanto Kill Bill - Hattori Hanzo - R\u00e9plique Manga Cin\u00e9\",\"isPartOf\":{\"@id\":\"https:\\\/\\\/repliquemangacine.fr\\\/#website\"},\"primaryImageOfPage\":{\"@id\":\"https:\\\/\\\/repliquemangacine.fr\\\/katana-kill-bill\\\/set-de-3-tanto-kill-bill-hattori-hanzo\\\/#primaryimage\"},\"image\":{\"@id\":\"https:\\\/\\\/repliquemangacine.fr\\\/katana-kill-bill\\\/set-de-3-tanto-kill-bill-hattori-hanzo\\\/#primaryimage\"},\"thumbnailUrl\":\"https:\\\/\\\/repliquemangacine.fr\\\/wp-content\\\/uploads\\\/2026\\\/04\\\/Set-3-tanto-kill-bill-sur-le-support.webp\",\"datePublished\":\"2026-04-17T16:41:31+00:00\",\"dateModified\":\"2026-04-17T16:43:10+00:00\",\"description\":\"Set de 3 tanto Kill Bill avec gravures fid\u00e8les, support bois et finitions premium. Pi\u00e8ce incontournable pour collectionneur et fan du film culte.\",\"breadcrumb\":{\"@id\":\"https:\\\/\\\/repliquemangacine.fr\\\/katana-kill-bill\\\/set-de-3-tanto-kill-bill-hattori-hanzo\\\/#breadcrumb\"},\"inLanguage\":\"es\",\"potentialAction\":[{\"@type\":\"ReadAction\",\"target\":[\"https:\\\/\\\/repliquemangacine.fr\\\/katana-kill-bill\\\/set-de-3-tanto-kill-bill-hattori-hanzo\\\/\"]}]},{\"@type\":\"ImageObject\",\"inLanguage\":\"es\",\"@id\":\"https:\\\/\\\/repliquemangacine.fr\\\/katana-kill-bill\\\/set-de-3-tanto-kill-bill-hattori-hanzo\\\/#primaryimage\",\"url\":\"https:\\\/\\\/repliquemangacine.fr\\\/wp-content\\\/uploads\\\/2026\\\/04\\\/Set-3-tanto-kill-bill-sur-le-support.webp\",\"contentUrl\":\"https:\\\/\\\/repliquemangacine.fr\\\/wp-content\\\/uploads\\\/2026\\\/04\\\/Set-3-tanto-kill-bill-sur-le-support.webp\",\"width\":700,\"height\":700,\"caption\":\"Set de 3 Tanto Kill Bill sur support\"},{\"@type\":\"BreadcrumbList\",\"@id\":\"https:\\\/\\\/repliquemangacine.fr\\\/katana-kill-bill\\\/set-de-3-tanto-kill-bill-hattori-hanzo\\\/#breadcrumb\",\"itemListElement\":[{\"@type\":\"ListItem\",\"position\":1,\"name\":\"Accueil\",\"item\":\"https:\\\/\\\/repliquemangacine.fr\\\/\"},{\"@type\":\"ListItem\",\"position\":2,\"name\":\"Produits\",\"item\":\"https:\\\/\\\/repliquemangacine.fr\\\/boutique\\\/\"},{\"@type\":\"ListItem\",\"position\":3,\"name\":\"Set de 3 Tanto Kill Bill &#8211; Hattori Hanzo\"}]},{\"@type\":\"WebSite\",\"@id\":\"https:\\\/\\\/repliquemangacine.fr\\\/#website\",\"url\":\"https:\\\/\\\/repliquemangacine.fr\\\/\",\"name\":\"R\u00e9plique Manga Cin\u00e9\",\"description\":\"\",\"publisher\":{\"@id\":\"https:\\\/\\\/repliquemangacine.fr\\\/#organization\"},\"potentialAction\":[{\"@type\":\"SearchAction\",\"target\":{\"@type\":\"EntryPoint\",\"urlTemplate\":\"https:\\\/\\\/repliquemangacine.fr\\\/?s={search_term_string}\"},\"query-input\":{\"@type\":\"PropertyValueSpecification\",\"valueRequired\":true,\"valueName\":\"search_term_string\"}}],\"inLanguage\":\"es\"},{\"@type\":\"Organization\",\"@id\":\"https:\\\/\\\/repliquemangacine.fr\\\/#organization\",\"name\":\"R\u00e9plique Manga Cin\u00e9\",\"url\":\"https:\\\/\\\/repliquemangacine.fr\\\/\",\"logo\":{\"@type\":\"ImageObject\",\"inLanguage\":\"es\",\"@id\":\"https:\\\/\\\/repliquemangacine.fr\\\/#\\\/schema\\\/logo\\\/image\\\/\",\"url\":\"https:\\\/\\\/repliquemangacine.fr\\\/wp-content\\\/uploads\\\/2023\\\/10\\\/RMC-500250.png\",\"contentUrl\":\"https:\\\/\\\/repliquemangacine.fr\\\/wp-content\\\/uploads\\\/2023\\\/10\\\/RMC-500250.png\",\"width\":500,\"height\":250,\"caption\":\"R\u00e9plique Manga Cin\u00e9\"},\"image\":{\"@id\":\"https:\\\/\\\/repliquemangacine.fr\\\/#\\\/schema\\\/logo\\\/image\\\/\"},\"sameAs\":[\"https:\\\/\\\/www.facebook.com\\\/RepliqueMangaCine\",\"https:\\\/\\\/www.instagram.com\\\/repliquemangacine.fr\\\/\"]}]}<\/script>\n<!-- \/ Yoast SEO plugin. -->","yoast_head_json":{"title":"Juego de 3 Tanto Kill Bill - Hattori Hanzo - R\u00e9plique Manga Cin\u00e9","description":"Juego de 3 tantos de Kill Bill con grabados fieles, base de madera y acabado premium. Imprescindible para coleccionistas y fans de la pel\u00edcula de culto.","robots":{"index":"index","follow":"follow","max-snippet":"max-snippet:-1","max-image-preview":"max-image-preview:large","max-video-preview":"max-video-preview:-1"},"canonical":"https:\/\/repliquemangacine.fr\/es\/katana-kill-bill\/juego-de-3-tanto-kill-bill-hattori-hanzo\/","og_locale":"es_ES","og_type":"article","og_title":"Set de 3 Tanto Kill Bill - Hattori Hanzo - R\u00e9plique Manga Cin\u00e9","og_description":"Set de 3 tanto Kill Bill avec gravures fid\u00e8les, support bois et finitions premium. Pi\u00e8ce incontournable pour collectionneur et fan du film culte.","og_url":"https:\/\/repliquemangacine.fr\/es\/katana-kill-bill\/juego-de-3-tanto-kill-bill-hattori-hanzo\/","og_site_name":"R\u00e9plique Manga Cin\u00e9","article_publisher":"https:\/\/www.facebook.com\/RepliqueMangaCine","article_modified_time":"2026-04-17T16:43:10+00:00","og_image":[{"width":700,"height":700,"url":"https:\/\/repliquemangacine.fr\/wp-content\/uploads\/2026\/04\/Set-3-tanto-kill-bill-sur-le-support.webp","type":"image\/webp"}],"twitter_card":"summary_large_image","twitter_misc":{"Tiempo de lectura":"2 minutos"},"schema":{"@context":"https:\/\/schema.org","@graph":[{"@type":"WebPage","@id":"https:\/\/repliquemangacine.fr\/katana-kill-bill\/set-de-3-tanto-kill-bill-hattori-hanzo\/","url":"https:\/\/repliquemangacine.fr\/katana-kill-bill\/set-de-3-tanto-kill-bill-hattori-hanzo\/","name":"Juego de 3 Tanto Kill Bill - Hattori Hanzo - R\u00e9plique Manga Cin\u00e9","isPartOf":{"@id":"https:\/\/repliquemangacine.fr\/#website"},"primaryImageOfPage":{"@id":"https:\/\/repliquemangacine.fr\/katana-kill-bill\/set-de-3-tanto-kill-bill-hattori-hanzo\/#primaryimage"},"image":{"@id":"https:\/\/repliquemangacine.fr\/katana-kill-bill\/set-de-3-tanto-kill-bill-hattori-hanzo\/#primaryimage"},"thumbnailUrl":"https:\/\/repliquemangacine.fr\/wp-content\/uploads\/2026\/04\/Set-3-tanto-kill-bill-sur-le-support.webp","datePublished":"2026-04-17T16:41:31+00:00","dateModified":"2026-04-17T16:43:10+00:00","description":"Juego de 3 tantos de Kill Bill con grabados fieles, base de madera y acabado premium. Imprescindible para coleccionistas y fans de la pel\u00edcula de culto.","breadcrumb":{"@id":"https:\/\/repliquemangacine.fr\/katana-kill-bill\/set-de-3-tanto-kill-bill-hattori-hanzo\/#breadcrumb"},"inLanguage":"es","potentialAction":[{"@type":"ReadAction","target":["https:\/\/repliquemangacine.fr\/katana-kill-bill\/set-de-3-tanto-kill-bill-hattori-hanzo\/"]}]},{"@type":"ImageObject","inLanguage":"es","@id":"https:\/\/repliquemangacine.fr\/katana-kill-bill\/set-de-3-tanto-kill-bill-hattori-hanzo\/#primaryimage","url":"https:\/\/repliquemangacine.fr\/wp-content\/uploads\/2026\/04\/Set-3-tanto-kill-bill-sur-le-support.webp","contentUrl":"https:\/\/repliquemangacine.fr\/wp-content\/uploads\/2026\/04\/Set-3-tanto-kill-bill-sur-le-support.webp","width":700,"height":700,"caption":"Set de 3 Tanto Kill Bill sur support"},{"@type":"BreadcrumbList","@id":"https:\/\/repliquemangacine.fr\/katana-kill-bill\/set-de-3-tanto-kill-bill-hattori-hanzo\/#breadcrumb","itemListElement":[{"@type":"ListItem","position":1,"name":"Accueil","item":"https:\/\/repliquemangacine.fr\/"},{"@type":"ListItem","position":2,"name":"Produits","item":"https:\/\/repliquemangacine.fr\/boutique\/"},{"@type":"ListItem","position":3,"name":"Set de 3 Tanto Kill Bill &#8211; Hattori Hanzo"}]},{"@type":"WebSite","@id":"https:\/\/repliquemangacine.fr\/#website","url":"https:\/\/repliquemangacine.fr\/","name":"R\u00e9plique Manga Cin\u00e9","description":"","publisher":{"@id":"https:\/\/repliquemangacine.fr\/#organization"},"potentialAction":[{"@type":"SearchAction","target":{"@type":"EntryPoint","urlTemplate":"https:\/\/repliquemangacine.fr\/?s={search_term_string}"},"query-input":{"@type":"PropertyValueSpecification","valueRequired":true,"valueName":"search_term_string"}}],"inLanguage":"es"},{"@type":"Organization","@id":"https:\/\/repliquemangacine.fr\/#organization","name":"R\u00e9plique Manga Cin\u00e9","url":"https:\/\/repliquemangacine.fr\/","logo":{"@type":"ImageObject","inLanguage":"es","@id":"https:\/\/repliquemangacine.fr\/#\/schema\/logo\/image\/","url":"https:\/\/repliquemangacine.fr\/wp-content\/uploads\/2023\/10\/RMC-500250.png","contentUrl":"https:\/\/repliquemangacine.fr\/wp-content\/uploads\/2023\/10\/RMC-500250.png","width":500,"height":250,"caption":"R\u00e9plique Manga Cin\u00e9"},"image":{"@id":"https:\/\/repliquemangacine.fr\/#\/schema\/logo\/image\/"},"sameAs":["https:\/\/www.facebook.com\/RepliqueMangaCine","https:\/\/www.instagram.com\/repliquemangacine.fr\/"]}]}},"_links":{"self":[{"href":"https:\/\/repliquemangacine.fr\/es\/wp-json\/wp\/v2\/product\/97938","targetHints":{"allow":["GET"]}}],"collection":[{"href":"https:\/\/repliquemangacine.fr\/es\/wp-json\/wp\/v2\/product"}],"about":[{"href":"https:\/\/repliquemangacine.fr\/es\/wp-json\/wp\/v2\/types\/product"}],"wp:featuredmedia":[{"embeddable":true,"href":"https:\/\/repliquemangacine.fr\/es\/wp-json\/wp\/v2\/media\/97942"}],"wp:attachment":[{"href":"https:\/\/repliquemangacine.fr\/es\/wp-json\/wp\/v2\/media?parent=97938"}],"wp:term":[{"taxonomy":"product_brand","embeddable":true,"href":"https:\/\/repliquemangacine.fr\/es\/wp-json\/wp\/v2\/product_brand?post=97938"},{"taxonomy":"product_cat","embeddable":true,"href":"https:\/\/repliquemangacine.fr\/es\/wp-json\/wp\/v2\/product_cat?post=97938"},{"taxonomy":"product_tag","embeddable":true,"href":"https:\/\/repliquemangacine.fr\/es\/wp-json\/wp\/v2\/product_tag?post=97938"}],"curies":[{"name":"wp","href":"https:\/\/api.w.org\/{rel}","templated":true}]}}