





{"id":96182,"date":"2026-03-12T11:46:48","date_gmt":"2026-03-12T10:46:48","guid":{"rendered":"https:\/\/repliquemangacine.fr\/?post_type=product&#038;p=96182"},"modified":"2026-04-02T11:19:36","modified_gmt":"2026-04-02T09:19:36","slug":"harry-potter-piedra-filosofal-y-varitas-25-anos-box-set","status":"publish","type":"product","link":"https:\/\/repliquemangacine.fr\/es\/baguettes-et-goodies-harry-potter\/coffret-25ans-harry-potter-pierre-philosophale-et-baguettes\/","title":{"rendered":"Harry Potter 25 a\u00f1os - Piedra filosofal y varitas m\u00e1gicas"},"content":{"rendered":"<h2>Harry Potter 25 Years Box Set - Celebraci\u00f3n de la magia<\/h2>\n<p>Para celebrar el 25 aniversario de la primera pel\u00edcula de Harry Potter en la Piedra Filosofal, este <strong>Harry Potter 25 a\u00f1os<\/strong> rinde homenaje a los inicios del hechicero m\u00e1s famoso del cine.<br \/>\nRe\u00fane dos de las ic\u00f3nicas varitas de Harry Potter y una reproducci\u00f3n de la legendaria Piedra Filosofal.<\/p>\n<p>Cada elemento tiene un elegante acabado plateado fiel al atrezo de la pel\u00edcula.<br \/>\nLos palillos miden 33 cm y 34,3 cm respectivamente.<br \/>\nLa Piedra Filosofal est\u00e1 hecha de resina roja transl\u00facida.<\/p>\n<p>El set se presenta en una elegante caja de aniversario con los colores del Wizarding World.<br \/>\nComo resultado, esta caja se convierte inmediatamente en la pieza central de cualquier colecci\u00f3n de Harry Potter.<\/p>\n<h2>Las varitas de Harry Potter y la historia de la Piedra Filosofal<\/h2>\n<p>Esta caja celebra los primeros a\u00f1os de Harry Potter en Hogwarts.<br \/>\nEn particular, contiene la primera varita que se ve en las dos primeras pel\u00edculas.<\/p>\n<p>Esta varita aparece en Harry Potter y la Piedra Filosofal y Harry Potter y la C\u00e1mara de los Secretos.<br \/>\nRepresenta el momento en que Harry descubre su destino como mago.<\/p>\n<p>La segunda varita corresponde al dise\u00f1o utilizado a partir de la tercera pel\u00edcula.<br \/>\nAcompa\u00f1a a Harry en sus aventuras contra Voldemort hasta el final de la saga.<\/p>\n<p>La <a href=\"https:\/\/harrypotter.fandom.com\/fr\/wiki\/Pierre_philosophale\" target=\"_blank\" rel=\"noopener noreferrer\">La piedra filosofal<\/a> es el complemento perfecto para este conjunto.<br \/>\nEn la historia, este artefacto se utiliza para producir el elixir de la vida y oro puro.<br \/>\nSe convierte as\u00ed en el objeto central del primer enfrentamiento entre Harry y Voldemort.<\/p>\n<p>Esta caja recorre los or\u00edgenes de la leyenda del joven hechicero.<\/p>\n<h2>Una pieza ideal para coleccionistas y fans del Wizarding World<\/h2>\n<p>Esta caja aniversario est\u00e1 pensada sobre todo para coleccionistas y fans del universo Harry Potter.<br \/>\nSu elegante presentaci\u00f3n facilita su exposici\u00f3n en una vitrina o en una estanter\u00eda.<\/p>\n<p>Los tacos tienen el mismo acabado que el atrezzo de la pel\u00edcula.<br \/>\nTambi\u00e9n pueden utilizarse para recrear escenas ic\u00f3nicas para cosplay o fotograf\u00eda.<\/p>\n<p>Sin embargo, esta caja se distingue sobre todo por su dimensi\u00f3n simb\u00f3lica.<br \/>\nSe cumplen 25 a\u00f1os de una saga que ha marcado a varias generaciones.<\/p>\n<p>Esto lo convierte en el complemento perfecto para cualquier colecci\u00f3n del Wizarding World.<\/p>\n<p>Completa tu colecci\u00f3n de Harry Potter<\/p>\n<p>Descubre otras r\u00e9plicas del mundo m\u00e1gico:<\/p>\n<ul>\n<li>Descubre la<a href=\"https:\/\/repliquemangacine.fr\/es\/varias-golosinas\/tablero-de-ajedrez-de-los-magos-juego-de-ajedrez-hp\/\">Tablero de ajedrez oficial de Harry Potter<\/a> distribuido por The Noble Collection.<\/li>\n<li>Tambi\u00e9n est\u00e1 L\u2019<a href=\"https:\/\/repliquemangacine.fr\/es\/coleccionistas-y-objetos-de-harry-potter\/harry-potter-godric-gryffindor-espada\/\">Espada Gryffindor<\/a> con soporte mural de madera con emblema<\/li>\n<li>As\u00ed como todos <a href=\"https:\/\/repliquemangacine.fr\/es\/varitas-de-personajes-de-harry-potter\/\">varitas m\u00e1gicas<\/a> de la saga Harry Potter<\/li>\n<\/ul>","protected":false},"excerpt":{"rendered":"<p>Un m\u00e1gico estuche de aniversario con las dos emblem\u00e1ticas varitas de Harry Potter y la misteriosa Piedra Filosofal.<\/p>\n<p>Para celebrar el 25 aniversario de la primera pel\u00edcula de Harry Potter en la Piedra Filosofal, este estuche de coleccionista rinde homenaje a los inicios del mago m\u00e1s famoso del cine.<\/p>\n<p>Cada elemento tiene un elegante acabado plateado fiel al atrezo de la pel\u00edcula.<br \/>\nLos palillos miden 33 cm y 34,3 cm respectivamente.<br \/>\nLa Piedra Filosofal est\u00e1 hecha de resina roja transl\u00facida.<\/p>\n<p>El set se presenta en una elegante caja de aniversario con los colores del Wizarding World.<br \/>\nComo resultado, esta caja se convierte inmediatamente en la pieza central de cualquier colecci\u00f3n de Harry Potter.<\/p>\n<p><strong>Caracter\u00edsticas :<\/strong><\/p>\n<ul>\n<li>Dos varitas de Harry Potter en resina con acabado plateado<\/li>\n<li>Piedra filosofal de lucita transl\u00facida de 7,6 cm<\/li>\n<li>Longitud de las varillas: 33 cm y 34,3 cm<\/li>\n<li>Dimensiones de la caja: 38,1 \u00d7 16,5 cm<\/li>\n<li>Peso: 244 g<\/li>\n<\/ul>","protected":false},"featured_media":96196,"template":"","meta":[],"product_brand":[],"product_cat":[80,87,41,107],"product_tag":[],"class_list":{"0":"post-96182","1":"product","2":"type-product","3":"status-publish","4":"has-post-thumbnail","6":"product_cat-baguettes-personnages-harry-potter","7":"product_cat-collectors-et-goodies-harry-potter","8":"product_cat-baguettes-et-goodies-harry-potter","9":"product_cat-nouveautes","11":"first","12":"instock","13":"taxable","14":"shipping-taxable","15":"purchasable","16":"product-type-simple"},"yoast_head":"<!-- This site is optimized with the Yoast SEO plugin v27.5 - https:\/\/yoast.com\/product\/yoast-seo-wordpress\/ -->\n<title>Coffret 25ans Harry Potter - Pierre philosophale et Baguettes - R\u00e9plique Manga Cin\u00e9<\/title>\n<meta name=\"description\" content=\"Coffret 25ans Harry Potter: deux baguettes de Harry Potter et la Pierre Philosophale en r\u00e9sine. Une pi\u00e8ce magique pour les fans du Wizarding World.\" \/>\n<meta name=\"robots\" content=\"index, follow, max-snippet:-1, max-image-preview:large, max-video-preview:-1\" \/>\n<link rel=\"canonical\" href=\"https:\/\/repliquemangacine.fr\/es\/varitas-y-objetos-de-harry-potter\/harry-potter-piedra-filosofal-y-varitas-25-anos-box-set\/\" \/>\n<meta property=\"og:locale\" content=\"es_ES\" \/>\n<meta property=\"og:type\" content=\"article\" \/>\n<meta property=\"og:title\" content=\"Coffret 25ans Harry Potter - Pierre philosophale et Baguettes - R\u00e9plique Manga Cin\u00e9\" \/>\n<meta property=\"og:description\" content=\"Coffret 25ans Harry Potter: deux baguettes de Harry Potter et la Pierre Philosophale en r\u00e9sine. Une pi\u00e8ce magique pour les fans du Wizarding World.\" \/>\n<meta property=\"og:url\" content=\"https:\/\/repliquemangacine.fr\/es\/varitas-y-objetos-de-harry-potter\/harry-potter-piedra-filosofal-y-varitas-25-anos-box-set\/\" \/>\n<meta property=\"og:site_name\" content=\"R\u00e9plique Manga Cin\u00e9\" \/>\n<meta property=\"article:publisher\" content=\"https:\/\/www.facebook.com\/RepliqueMangaCine\" \/>\n<meta property=\"article:modified_time\" content=\"2026-04-02T09:19:36+00:00\" \/>\n<meta property=\"og:image\" content=\"https:\/\/repliquemangacine.fr\/wp-content\/uploads\/2026\/03\/Coffret-Anniversaire-Harry-Potter-sans-coffret-1.jpg\" \/>\n\t<meta property=\"og:image:width\" content=\"700\" \/>\n\t<meta property=\"og:image:height\" content=\"700\" \/>\n\t<meta property=\"og:image:type\" content=\"image\/jpeg\" \/>\n<meta name=\"twitter:card\" content=\"summary_large_image\" \/>\n<meta name=\"twitter:label1\" content=\"Tiempo de lectura\" \/>\n\t<meta name=\"twitter:data1\" content=\"3 minutos\" \/>\n<script type=\"application\/ld+json\" class=\"yoast-schema-graph\">{\"@context\":\"https:\\\/\\\/schema.org\",\"@graph\":[{\"@type\":\"WebPage\",\"@id\":\"https:\\\/\\\/repliquemangacine.fr\\\/baguettes-et-goodies-harry-potter\\\/coffret-25ans-harry-potter-pierre-philosophale-et-baguettes\\\/\",\"url\":\"https:\\\/\\\/repliquemangacine.fr\\\/baguettes-et-goodies-harry-potter\\\/coffret-25ans-harry-potter-pierre-philosophale-et-baguettes\\\/\",\"name\":\"Coffret 25ans Harry Potter - Pierre philosophale et Baguettes - R\u00e9plique Manga Cin\u00e9\",\"isPartOf\":{\"@id\":\"https:\\\/\\\/repliquemangacine.fr\\\/#website\"},\"primaryImageOfPage\":{\"@id\":\"https:\\\/\\\/repliquemangacine.fr\\\/baguettes-et-goodies-harry-potter\\\/coffret-25ans-harry-potter-pierre-philosophale-et-baguettes\\\/#primaryimage\"},\"image\":{\"@id\":\"https:\\\/\\\/repliquemangacine.fr\\\/baguettes-et-goodies-harry-potter\\\/coffret-25ans-harry-potter-pierre-philosophale-et-baguettes\\\/#primaryimage\"},\"thumbnailUrl\":\"https:\\\/\\\/repliquemangacine.fr\\\/wp-content\\\/uploads\\\/2026\\\/03\\\/Coffret-Anniversaire-Harry-Potter-sans-coffret-1.jpg\",\"datePublished\":\"2026-03-12T10:46:48+00:00\",\"dateModified\":\"2026-04-02T09:19:36+00:00\",\"description\":\"Coffret 25ans Harry Potter: deux baguettes de Harry Potter et la Pierre Philosophale en r\u00e9sine. Une pi\u00e8ce magique pour les fans du Wizarding World.\",\"breadcrumb\":{\"@id\":\"https:\\\/\\\/repliquemangacine.fr\\\/baguettes-et-goodies-harry-potter\\\/coffret-25ans-harry-potter-pierre-philosophale-et-baguettes\\\/#breadcrumb\"},\"inLanguage\":\"es\",\"potentialAction\":[{\"@type\":\"ReadAction\",\"target\":[\"https:\\\/\\\/repliquemangacine.fr\\\/baguettes-et-goodies-harry-potter\\\/coffret-25ans-harry-potter-pierre-philosophale-et-baguettes\\\/\"]}]},{\"@type\":\"ImageObject\",\"inLanguage\":\"es\",\"@id\":\"https:\\\/\\\/repliquemangacine.fr\\\/baguettes-et-goodies-harry-potter\\\/coffret-25ans-harry-potter-pierre-philosophale-et-baguettes\\\/#primaryimage\",\"url\":\"https:\\\/\\\/repliquemangacine.fr\\\/wp-content\\\/uploads\\\/2026\\\/03\\\/Coffret-Anniversaire-Harry-Potter-sans-coffret-1.jpg\",\"contentUrl\":\"https:\\\/\\\/repliquemangacine.fr\\\/wp-content\\\/uploads\\\/2026\\\/03\\\/Coffret-Anniversaire-Harry-Potter-sans-coffret-1.jpg\",\"width\":700,\"height\":700,\"caption\":\"Coffret 25ans Harry Potter, officielle Noble Collection\"},{\"@type\":\"BreadcrumbList\",\"@id\":\"https:\\\/\\\/repliquemangacine.fr\\\/baguettes-et-goodies-harry-potter\\\/coffret-25ans-harry-potter-pierre-philosophale-et-baguettes\\\/#breadcrumb\",\"itemListElement\":[{\"@type\":\"ListItem\",\"position\":1,\"name\":\"Accueil\",\"item\":\"https:\\\/\\\/repliquemangacine.fr\\\/\"},{\"@type\":\"ListItem\",\"position\":2,\"name\":\"Produits\",\"item\":\"https:\\\/\\\/repliquemangacine.fr\\\/boutique\\\/\"},{\"@type\":\"ListItem\",\"position\":3,\"name\":\"Coffret 25ans Harry Potter &#8211; Pierre philosophale et Baguettes\"}]},{\"@type\":\"WebSite\",\"@id\":\"https:\\\/\\\/repliquemangacine.fr\\\/#website\",\"url\":\"https:\\\/\\\/repliquemangacine.fr\\\/\",\"name\":\"R\u00e9plique Manga Cin\u00e9\",\"description\":\"\",\"publisher\":{\"@id\":\"https:\\\/\\\/repliquemangacine.fr\\\/#organization\"},\"potentialAction\":[{\"@type\":\"SearchAction\",\"target\":{\"@type\":\"EntryPoint\",\"urlTemplate\":\"https:\\\/\\\/repliquemangacine.fr\\\/?s={search_term_string}\"},\"query-input\":{\"@type\":\"PropertyValueSpecification\",\"valueRequired\":true,\"valueName\":\"search_term_string\"}}],\"inLanguage\":\"es\"},{\"@type\":\"Organization\",\"@id\":\"https:\\\/\\\/repliquemangacine.fr\\\/#organization\",\"name\":\"R\u00e9plique Manga Cin\u00e9\",\"url\":\"https:\\\/\\\/repliquemangacine.fr\\\/\",\"logo\":{\"@type\":\"ImageObject\",\"inLanguage\":\"es\",\"@id\":\"https:\\\/\\\/repliquemangacine.fr\\\/#\\\/schema\\\/logo\\\/image\\\/\",\"url\":\"https:\\\/\\\/repliquemangacine.fr\\\/wp-content\\\/uploads\\\/2023\\\/10\\\/RMC-500250.png\",\"contentUrl\":\"https:\\\/\\\/repliquemangacine.fr\\\/wp-content\\\/uploads\\\/2023\\\/10\\\/RMC-500250.png\",\"width\":500,\"height\":250,\"caption\":\"R\u00e9plique Manga Cin\u00e9\"},\"image\":{\"@id\":\"https:\\\/\\\/repliquemangacine.fr\\\/#\\\/schema\\\/logo\\\/image\\\/\"},\"sameAs\":[\"https:\\\/\\\/www.facebook.com\\\/RepliqueMangaCine\",\"https:\\\/\\\/www.instagram.com\\\/repliquemangacine.fr\\\/\"]}]}<\/script>\n<!-- \/ Yoast SEO plugin. -->","yoast_head_json":{"title":"Harry Potter 25 A\u00f1os Box Set - Piedra Filosofal y Varitas - R\u00e9plique Manga Cin\u00e9","description":"Estuche 25 aniversario de Harry Potter: dos varitas de Harry Potter y la Piedra Filosofal de resina. Una pieza m\u00e1gica para los fans del Wizarding World.","robots":{"index":"index","follow":"follow","max-snippet":"max-snippet:-1","max-image-preview":"max-image-preview:large","max-video-preview":"max-video-preview:-1"},"canonical":"https:\/\/repliquemangacine.fr\/es\/varitas-y-objetos-de-harry-potter\/harry-potter-piedra-filosofal-y-varitas-25-anos-box-set\/","og_locale":"es_ES","og_type":"article","og_title":"Coffret 25ans Harry Potter - Pierre philosophale et Baguettes - R\u00e9plique Manga Cin\u00e9","og_description":"Coffret 25ans Harry Potter: deux baguettes de Harry Potter et la Pierre Philosophale en r\u00e9sine. Une pi\u00e8ce magique pour les fans du Wizarding World.","og_url":"https:\/\/repliquemangacine.fr\/es\/varitas-y-objetos-de-harry-potter\/harry-potter-piedra-filosofal-y-varitas-25-anos-box-set\/","og_site_name":"R\u00e9plique Manga Cin\u00e9","article_publisher":"https:\/\/www.facebook.com\/RepliqueMangaCine","article_modified_time":"2026-04-02T09:19:36+00:00","og_image":[{"width":700,"height":700,"url":"https:\/\/repliquemangacine.fr\/wp-content\/uploads\/2026\/03\/Coffret-Anniversaire-Harry-Potter-sans-coffret-1.jpg","type":"image\/jpeg"}],"twitter_card":"summary_large_image","twitter_misc":{"Tiempo de lectura":"3 minutos"},"schema":{"@context":"https:\/\/schema.org","@graph":[{"@type":"WebPage","@id":"https:\/\/repliquemangacine.fr\/baguettes-et-goodies-harry-potter\/coffret-25ans-harry-potter-pierre-philosophale-et-baguettes\/","url":"https:\/\/repliquemangacine.fr\/baguettes-et-goodies-harry-potter\/coffret-25ans-harry-potter-pierre-philosophale-et-baguettes\/","name":"Harry Potter 25 A\u00f1os Box Set - Piedra Filosofal y Varitas - R\u00e9plique Manga Cin\u00e9","isPartOf":{"@id":"https:\/\/repliquemangacine.fr\/#website"},"primaryImageOfPage":{"@id":"https:\/\/repliquemangacine.fr\/baguettes-et-goodies-harry-potter\/coffret-25ans-harry-potter-pierre-philosophale-et-baguettes\/#primaryimage"},"image":{"@id":"https:\/\/repliquemangacine.fr\/baguettes-et-goodies-harry-potter\/coffret-25ans-harry-potter-pierre-philosophale-et-baguettes\/#primaryimage"},"thumbnailUrl":"https:\/\/repliquemangacine.fr\/wp-content\/uploads\/2026\/03\/Coffret-Anniversaire-Harry-Potter-sans-coffret-1.jpg","datePublished":"2026-03-12T10:46:48+00:00","dateModified":"2026-04-02T09:19:36+00:00","description":"Estuche 25 aniversario de Harry Potter: dos varitas de Harry Potter y la Piedra Filosofal de resina. Una pieza m\u00e1gica para los fans del Wizarding World.","breadcrumb":{"@id":"https:\/\/repliquemangacine.fr\/baguettes-et-goodies-harry-potter\/coffret-25ans-harry-potter-pierre-philosophale-et-baguettes\/#breadcrumb"},"inLanguage":"es","potentialAction":[{"@type":"ReadAction","target":["https:\/\/repliquemangacine.fr\/baguettes-et-goodies-harry-potter\/coffret-25ans-harry-potter-pierre-philosophale-et-baguettes\/"]}]},{"@type":"ImageObject","inLanguage":"es","@id":"https:\/\/repliquemangacine.fr\/baguettes-et-goodies-harry-potter\/coffret-25ans-harry-potter-pierre-philosophale-et-baguettes\/#primaryimage","url":"https:\/\/repliquemangacine.fr\/wp-content\/uploads\/2026\/03\/Coffret-Anniversaire-Harry-Potter-sans-coffret-1.jpg","contentUrl":"https:\/\/repliquemangacine.fr\/wp-content\/uploads\/2026\/03\/Coffret-Anniversaire-Harry-Potter-sans-coffret-1.jpg","width":700,"height":700,"caption":"Coffret 25ans Harry Potter, officielle Noble Collection"},{"@type":"BreadcrumbList","@id":"https:\/\/repliquemangacine.fr\/baguettes-et-goodies-harry-potter\/coffret-25ans-harry-potter-pierre-philosophale-et-baguettes\/#breadcrumb","itemListElement":[{"@type":"ListItem","position":1,"name":"Accueil","item":"https:\/\/repliquemangacine.fr\/"},{"@type":"ListItem","position":2,"name":"Produits","item":"https:\/\/repliquemangacine.fr\/boutique\/"},{"@type":"ListItem","position":3,"name":"Coffret 25ans Harry Potter &#8211; Pierre philosophale et Baguettes"}]},{"@type":"WebSite","@id":"https:\/\/repliquemangacine.fr\/#website","url":"https:\/\/repliquemangacine.fr\/","name":"R\u00e9plique Manga Cin\u00e9","description":"","publisher":{"@id":"https:\/\/repliquemangacine.fr\/#organization"},"potentialAction":[{"@type":"SearchAction","target":{"@type":"EntryPoint","urlTemplate":"https:\/\/repliquemangacine.fr\/?s={search_term_string}"},"query-input":{"@type":"PropertyValueSpecification","valueRequired":true,"valueName":"search_term_string"}}],"inLanguage":"es"},{"@type":"Organization","@id":"https:\/\/repliquemangacine.fr\/#organization","name":"R\u00e9plique Manga Cin\u00e9","url":"https:\/\/repliquemangacine.fr\/","logo":{"@type":"ImageObject","inLanguage":"es","@id":"https:\/\/repliquemangacine.fr\/#\/schema\/logo\/image\/","url":"https:\/\/repliquemangacine.fr\/wp-content\/uploads\/2023\/10\/RMC-500250.png","contentUrl":"https:\/\/repliquemangacine.fr\/wp-content\/uploads\/2023\/10\/RMC-500250.png","width":500,"height":250,"caption":"R\u00e9plique Manga Cin\u00e9"},"image":{"@id":"https:\/\/repliquemangacine.fr\/#\/schema\/logo\/image\/"},"sameAs":["https:\/\/www.facebook.com\/RepliqueMangaCine","https:\/\/www.instagram.com\/repliquemangacine.fr\/"]}]}},"_links":{"self":[{"href":"https:\/\/repliquemangacine.fr\/es\/wp-json\/wp\/v2\/product\/96182","targetHints":{"allow":["GET"]}}],"collection":[{"href":"https:\/\/repliquemangacine.fr\/es\/wp-json\/wp\/v2\/product"}],"about":[{"href":"https:\/\/repliquemangacine.fr\/es\/wp-json\/wp\/v2\/types\/product"}],"wp:featuredmedia":[{"embeddable":true,"href":"https:\/\/repliquemangacine.fr\/es\/wp-json\/wp\/v2\/media\/96196"}],"wp:attachment":[{"href":"https:\/\/repliquemangacine.fr\/es\/wp-json\/wp\/v2\/media?parent=96182"}],"wp:term":[{"taxonomy":"product_brand","embeddable":true,"href":"https:\/\/repliquemangacine.fr\/es\/wp-json\/wp\/v2\/product_brand?post=96182"},{"taxonomy":"product_cat","embeddable":true,"href":"https:\/\/repliquemangacine.fr\/es\/wp-json\/wp\/v2\/product_cat?post=96182"},{"taxonomy":"product_tag","embeddable":true,"href":"https:\/\/repliquemangacine.fr\/es\/wp-json\/wp\/v2\/product_tag?post=96182"}],"curies":[{"name":"wp","href":"https:\/\/api.w.org\/{rel}","templated":true}]}}