





{"id":95830,"date":"2026-03-02T18:16:54","date_gmt":"2026-03-02T17:16:54","guid":{"rendered":"https:\/\/repliquemangacine.fr\/?post_type=product&#038;p=95830"},"modified":"2026-04-02T11:18:16","modified_gmt":"2026-04-02T09:18:16","slug":"soporte-de-pared-de-madera-de-zelda","status":"publish","type":"product","link":"https:\/\/repliquemangacine.fr\/es\/epee-zelda\/support-mural-zelda-en-bois\/","title":{"rendered":"Soporte de pared de madera Zelda"},"content":{"rendered":"<h2>Soporte mural de madera Zelda - El elemento esencial para tus espadas Zelda<\/h2>\n<p>Por fin est\u00e1 aqu\u00ed el soporte de pared de madera de Zelda que tu colecci\u00f3n estaba esperando.<br \/>\nDise\u00f1ado en madera maciza te\u00f1ida de rojo intenso, destaca de inmediato el s\u00edmbolo sagrado del <a href=\"https:\/\/zelda.fandom.com\/fr\/wiki\/Triforce\" target=\"_blank\" rel=\"noopener noreferrer\">Trifuerza<\/a> y el emblema real de Hyrule.<\/p>\n<p>Su silueta en forma de escudo refuerza la identidad medieval y heroica de la saga.<br \/>\nAdem\u00e1s, los dos ganchos de metal dorado proporcionan una sujeci\u00f3n estable y elegante.<\/p>\n<p>Sin embargo, la verdadera ventaja de este medio es su utilidad.<br \/>\nTodas las espadas de Zelda vienen con su vaina.<br \/>\nComo resultado, nunca vienen con un soporte de pared.<\/p>\n<p>Fue un verdadero fracaso para los coleccionistas exigentes.<br \/>\nAhora puede exhibir con orgullo sus cuchillas en la pared sin necesidad de bricolaje.<br \/>\nAs\u00ed, su r\u00e9plica adquiere una dimensi\u00f3n visual totalmente nueva.<\/p>\n<p>Este soporte convierte una espada en un centro decorativo.<\/p>\n<h2>Link, Hyrule y la importancia de una presentaci\u00f3n digna de un h\u00e9roe<\/h2>\n<p>En el mundo de Zelda, cada espada conlleva una inmensa carga simb\u00f3lica.<br \/>\nLa Espada Maestra no es s\u00f3lo un arma.<br \/>\nEncarna el coraje frente a la oscuridad.<\/p>\n<p>Link nunca blande su espada semioculta.<br \/>\nPor el contrario, ella representa la esperanza de Hyrule.<br \/>\nAs\u00ed que se merece una producci\u00f3n a la altura de su leyenda.<\/p>\n<p>Exhibir una espada de Zelda sin soporte es como dejar un artefacto sagrado a la sombra.<br \/>\nPero una r\u00e9plica no es s\u00f3lo un objeto.<br \/>\nCuenta una historia.<\/p>\n<p>Con este soporte de pared, podr\u00e1 recrear la atm\u00f3sfera de un santuario real.<br \/>\nTu pared se convierte en una sala de armas digna del castillo de Hyrule.<br \/>\nAdem\u00e1s, el emblema grabado recuerda inmediatamente al mundo del juego.<\/p>\n<p>Es un detalle, por supuesto.<br \/>\nPero para un entusiasta, los detalles marcan la diferencia.<\/p>\n<h2>\u00bfMadera o metal? \u00bfColecci\u00f3n o cosplay? Elegir bien<\/h2>\n<p>A diferencia de los soportes met\u00e1licos industriales, este modelo de madera aporta calidez y autenticidad.<br \/>\nLa madera recuerda a antiguas armer\u00edas y fortalezas medievales.<\/p>\n<p>Adem\u00e1s, encaja a la perfecci\u00f3n con cualquier decoraci\u00f3n friki de alta gama.<br \/>\nPromueve tanto una <a href=\"https:\/\/repliquemangacine.fr\/es\/espada-de-zelda\/espada-maestra-espada-zelda\/\">Espada maestra<\/a> a <a href=\"https:\/\/repliquemangacine.fr\/es\/espada-de-zelda\/zelda-leyenda-espada-link-espada\/\">La espada de Link<\/a> o cualquier otro <a href=\"https:\/\/repliquemangacine.fr\/es\/espada-de-zelda\/\">Zelda responde<\/a>.<\/p>\n<p>Para los coleccionistas, es una obviedad.<br \/>\nEl expositor de pared protege la hoja al tiempo que la realza.<br \/>\nTambi\u00e9n es pr\u00e1ctico para los cosplayers.<br \/>\nMantienes tu espada accesible y perfectamente presentada entre dos convenciones.<\/p>\n<p>Por \u00faltimo, invertir en un soporte adecuado evita soportes improvisados o fijaciones antiest\u00e9ticas.<br \/>\nTu respuesta merece algo m\u00e1s que un clavo.<\/p>\n<p>Y como una colecci\u00f3n se construye con coherencia, descubre nuestras r\u00e9plicas de Zelda disponibles en Repliquemangacine para crear un conjunto armonioso.<\/p>","protected":false},"excerpt":{"rendered":"<p>Exhibe tu espada de Zelda como un aut\u00e9ntico artefacto de Hyrule con este ic\u00f3nico soporte de pared de madera.<\/p>\n<ul>\n<li>Soporte de madera<\/li>\n<li>Serigraf\u00eda de la Trifuerza y el emblema real de Hyrule<\/li>\n<li>Se suministra con todos los tornillos y pernos<\/li>\n<li>Altura: 30 cm - Anchura: 23 cm - Grosor: 1,2 cm<\/li>\n<li>Peso: 385 g<\/li>\n<\/ul>","protected":false},"featured_media":95831,"template":"","meta":[],"product_brand":[],"product_cat":[50,107,56],"product_tag":[],"class_list":{"0":"post-95830","1":"product","2":"type-product","3":"status-publish","4":"has-post-thumbnail","6":"product_cat-accessoires-katana","7":"product_cat-nouveautes","8":"product_cat-epee-zelda","10":"first","11":"instock","12":"taxable","13":"shipping-taxable","14":"purchasable","15":"product-type-simple"},"yoast_head":"<!-- This site is optimized with the Yoast SEO plugin v27.4 - https:\/\/yoast.com\/product\/yoast-seo-wordpress\/ -->\n<title>Support Mural Zelda en bois - R\u00e9plique Manga Cin\u00e9<\/title>\n<meta name=\"description\" content=\"Support mural Zelda en bois avec embl\u00e8me Triforce. Id\u00e9al pour exposer vos \u00e9p\u00e9es Zelda livr\u00e9es sans support. \u00c9l\u00e9gant, robuste et indispensable.\" \/>\n<meta name=\"robots\" content=\"index, follow, max-snippet:-1, max-image-preview:large, max-video-preview:-1\" \/>\n<link rel=\"canonical\" href=\"https:\/\/repliquemangacine.fr\/es\/espada-de-zelda\/soporte-de-pared-de-madera-de-zelda\/\" \/>\n<meta property=\"og:locale\" content=\"es_ES\" \/>\n<meta property=\"og:type\" content=\"article\" \/>\n<meta property=\"og:title\" content=\"Support Mural Zelda en bois - R\u00e9plique Manga Cin\u00e9\" \/>\n<meta property=\"og:description\" content=\"Support mural Zelda en bois avec embl\u00e8me Triforce. Id\u00e9al pour exposer vos \u00e9p\u00e9es Zelda livr\u00e9es sans support. \u00c9l\u00e9gant, robuste et indispensable.\" \/>\n<meta property=\"og:url\" content=\"https:\/\/repliquemangacine.fr\/es\/espada-de-zelda\/soporte-de-pared-de-madera-de-zelda\/\" \/>\n<meta property=\"og:site_name\" content=\"R\u00e9plique Manga Cin\u00e9\" \/>\n<meta property=\"article:publisher\" content=\"https:\/\/www.facebook.com\/RepliqueMangaCine\" \/>\n<meta property=\"article:modified_time\" content=\"2026-04-02T09:18:16+00:00\" \/>\n<meta property=\"og:image\" content=\"https:\/\/repliquemangacine.fr\/wp-content\/uploads\/2026\/03\/Plaque-murale-Zelda.jpg\" \/>\n\t<meta property=\"og:image:width\" content=\"700\" \/>\n\t<meta property=\"og:image:height\" content=\"700\" \/>\n\t<meta property=\"og:image:type\" content=\"image\/jpeg\" \/>\n<meta name=\"twitter:card\" content=\"summary_large_image\" \/>\n<meta name=\"twitter:label1\" content=\"Tiempo de lectura\" \/>\n\t<meta name=\"twitter:data1\" content=\"3 minutos\" \/>\n<script type=\"application\/ld+json\" class=\"yoast-schema-graph\">{\"@context\":\"https:\\\/\\\/schema.org\",\"@graph\":[{\"@type\":\"WebPage\",\"@id\":\"https:\\\/\\\/repliquemangacine.fr\\\/epee-zelda\\\/support-mural-zelda-en-bois\\\/\",\"url\":\"https:\\\/\\\/repliquemangacine.fr\\\/epee-zelda\\\/support-mural-zelda-en-bois\\\/\",\"name\":\"Support Mural Zelda en bois - R\u00e9plique Manga Cin\u00e9\",\"isPartOf\":{\"@id\":\"https:\\\/\\\/repliquemangacine.fr\\\/#website\"},\"primaryImageOfPage\":{\"@id\":\"https:\\\/\\\/repliquemangacine.fr\\\/epee-zelda\\\/support-mural-zelda-en-bois\\\/#primaryimage\"},\"image\":{\"@id\":\"https:\\\/\\\/repliquemangacine.fr\\\/epee-zelda\\\/support-mural-zelda-en-bois\\\/#primaryimage\"},\"thumbnailUrl\":\"https:\\\/\\\/repliquemangacine.fr\\\/wp-content\\\/uploads\\\/2026\\\/03\\\/Plaque-murale-Zelda.jpg\",\"datePublished\":\"2026-03-02T17:16:54+00:00\",\"dateModified\":\"2026-04-02T09:18:16+00:00\",\"description\":\"Support mural Zelda en bois avec embl\u00e8me Triforce. Id\u00e9al pour exposer vos \u00e9p\u00e9es Zelda livr\u00e9es sans support. \u00c9l\u00e9gant, robuste et indispensable.\",\"breadcrumb\":{\"@id\":\"https:\\\/\\\/repliquemangacine.fr\\\/epee-zelda\\\/support-mural-zelda-en-bois\\\/#breadcrumb\"},\"inLanguage\":\"es\",\"potentialAction\":[{\"@type\":\"ReadAction\",\"target\":[\"https:\\\/\\\/repliquemangacine.fr\\\/epee-zelda\\\/support-mural-zelda-en-bois\\\/\"]}]},{\"@type\":\"ImageObject\",\"inLanguage\":\"es\",\"@id\":\"https:\\\/\\\/repliquemangacine.fr\\\/epee-zelda\\\/support-mural-zelda-en-bois\\\/#primaryimage\",\"url\":\"https:\\\/\\\/repliquemangacine.fr\\\/wp-content\\\/uploads\\\/2026\\\/03\\\/Plaque-murale-Zelda.jpg\",\"contentUrl\":\"https:\\\/\\\/repliquemangacine.fr\\\/wp-content\\\/uploads\\\/2026\\\/03\\\/Plaque-murale-Zelda.jpg\",\"width\":700,\"height\":700,\"caption\":\"Support mural Zelda en bois avec logo triforce\"},{\"@type\":\"BreadcrumbList\",\"@id\":\"https:\\\/\\\/repliquemangacine.fr\\\/epee-zelda\\\/support-mural-zelda-en-bois\\\/#breadcrumb\",\"itemListElement\":[{\"@type\":\"ListItem\",\"position\":1,\"name\":\"Accueil\",\"item\":\"https:\\\/\\\/repliquemangacine.fr\\\/\"},{\"@type\":\"ListItem\",\"position\":2,\"name\":\"Produits\",\"item\":\"https:\\\/\\\/repliquemangacine.fr\\\/boutique\\\/\"},{\"@type\":\"ListItem\",\"position\":3,\"name\":\"Support Mural Zelda en bois\"}]},{\"@type\":\"WebSite\",\"@id\":\"https:\\\/\\\/repliquemangacine.fr\\\/#website\",\"url\":\"https:\\\/\\\/repliquemangacine.fr\\\/\",\"name\":\"R\u00e9plique Manga Cin\u00e9\",\"description\":\"\",\"publisher\":{\"@id\":\"https:\\\/\\\/repliquemangacine.fr\\\/#organization\"},\"potentialAction\":[{\"@type\":\"SearchAction\",\"target\":{\"@type\":\"EntryPoint\",\"urlTemplate\":\"https:\\\/\\\/repliquemangacine.fr\\\/?s={search_term_string}\"},\"query-input\":{\"@type\":\"PropertyValueSpecification\",\"valueRequired\":true,\"valueName\":\"search_term_string\"}}],\"inLanguage\":\"es\"},{\"@type\":\"Organization\",\"@id\":\"https:\\\/\\\/repliquemangacine.fr\\\/#organization\",\"name\":\"R\u00e9plique Manga Cin\u00e9\",\"url\":\"https:\\\/\\\/repliquemangacine.fr\\\/\",\"logo\":{\"@type\":\"ImageObject\",\"inLanguage\":\"es\",\"@id\":\"https:\\\/\\\/repliquemangacine.fr\\\/#\\\/schema\\\/logo\\\/image\\\/\",\"url\":\"https:\\\/\\\/repliquemangacine.fr\\\/wp-content\\\/uploads\\\/2023\\\/10\\\/RMC-500250.png\",\"contentUrl\":\"https:\\\/\\\/repliquemangacine.fr\\\/wp-content\\\/uploads\\\/2023\\\/10\\\/RMC-500250.png\",\"width\":500,\"height\":250,\"caption\":\"R\u00e9plique Manga Cin\u00e9\"},\"image\":{\"@id\":\"https:\\\/\\\/repliquemangacine.fr\\\/#\\\/schema\\\/logo\\\/image\\\/\"},\"sameAs\":[\"https:\\\/\\\/www.facebook.com\\\/RepliqueMangaCine\",\"https:\\\/\\\/www.instagram.com\\\/repliquemangacine.fr\\\/\"]}]}<\/script>\n<!-- \/ Yoast SEO plugin. -->","yoast_head_json":{"title":"Soporte de pared de madera Zelda - R\u00e9plique Manga Cin\u00e9","description":"Soporte de pared de madera de Zelda con emblema de la Trifuerza. Ideal para exponer tus espadas Zelda que vienen sin soporte. Elegante, robusto y esencial.","robots":{"index":"index","follow":"follow","max-snippet":"max-snippet:-1","max-image-preview":"max-image-preview:large","max-video-preview":"max-video-preview:-1"},"canonical":"https:\/\/repliquemangacine.fr\/es\/espada-de-zelda\/soporte-de-pared-de-madera-de-zelda\/","og_locale":"es_ES","og_type":"article","og_title":"Support Mural Zelda en bois - R\u00e9plique Manga Cin\u00e9","og_description":"Support mural Zelda en bois avec embl\u00e8me Triforce. Id\u00e9al pour exposer vos \u00e9p\u00e9es Zelda livr\u00e9es sans support. \u00c9l\u00e9gant, robuste et indispensable.","og_url":"https:\/\/repliquemangacine.fr\/es\/espada-de-zelda\/soporte-de-pared-de-madera-de-zelda\/","og_site_name":"R\u00e9plique Manga Cin\u00e9","article_publisher":"https:\/\/www.facebook.com\/RepliqueMangaCine","article_modified_time":"2026-04-02T09:18:16+00:00","og_image":[{"width":700,"height":700,"url":"https:\/\/repliquemangacine.fr\/wp-content\/uploads\/2026\/03\/Plaque-murale-Zelda.jpg","type":"image\/jpeg"}],"twitter_card":"summary_large_image","twitter_misc":{"Tiempo de lectura":"3 minutos"},"schema":{"@context":"https:\/\/schema.org","@graph":[{"@type":"WebPage","@id":"https:\/\/repliquemangacine.fr\/epee-zelda\/support-mural-zelda-en-bois\/","url":"https:\/\/repliquemangacine.fr\/epee-zelda\/support-mural-zelda-en-bois\/","name":"Soporte de pared de madera Zelda - R\u00e9plique Manga Cin\u00e9","isPartOf":{"@id":"https:\/\/repliquemangacine.fr\/#website"},"primaryImageOfPage":{"@id":"https:\/\/repliquemangacine.fr\/epee-zelda\/support-mural-zelda-en-bois\/#primaryimage"},"image":{"@id":"https:\/\/repliquemangacine.fr\/epee-zelda\/support-mural-zelda-en-bois\/#primaryimage"},"thumbnailUrl":"https:\/\/repliquemangacine.fr\/wp-content\/uploads\/2026\/03\/Plaque-murale-Zelda.jpg","datePublished":"2026-03-02T17:16:54+00:00","dateModified":"2026-04-02T09:18:16+00:00","description":"Soporte de pared de madera de Zelda con emblema de la Trifuerza. Ideal para exponer tus espadas Zelda que vienen sin soporte. Elegante, robusto y esencial.","breadcrumb":{"@id":"https:\/\/repliquemangacine.fr\/epee-zelda\/support-mural-zelda-en-bois\/#breadcrumb"},"inLanguage":"es","potentialAction":[{"@type":"ReadAction","target":["https:\/\/repliquemangacine.fr\/epee-zelda\/support-mural-zelda-en-bois\/"]}]},{"@type":"ImageObject","inLanguage":"es","@id":"https:\/\/repliquemangacine.fr\/epee-zelda\/support-mural-zelda-en-bois\/#primaryimage","url":"https:\/\/repliquemangacine.fr\/wp-content\/uploads\/2026\/03\/Plaque-murale-Zelda.jpg","contentUrl":"https:\/\/repliquemangacine.fr\/wp-content\/uploads\/2026\/03\/Plaque-murale-Zelda.jpg","width":700,"height":700,"caption":"Support mural Zelda en bois avec logo triforce"},{"@type":"BreadcrumbList","@id":"https:\/\/repliquemangacine.fr\/epee-zelda\/support-mural-zelda-en-bois\/#breadcrumb","itemListElement":[{"@type":"ListItem","position":1,"name":"Accueil","item":"https:\/\/repliquemangacine.fr\/"},{"@type":"ListItem","position":2,"name":"Produits","item":"https:\/\/repliquemangacine.fr\/boutique\/"},{"@type":"ListItem","position":3,"name":"Support Mural Zelda en bois"}]},{"@type":"WebSite","@id":"https:\/\/repliquemangacine.fr\/#website","url":"https:\/\/repliquemangacine.fr\/","name":"R\u00e9plique Manga Cin\u00e9","description":"","publisher":{"@id":"https:\/\/repliquemangacine.fr\/#organization"},"potentialAction":[{"@type":"SearchAction","target":{"@type":"EntryPoint","urlTemplate":"https:\/\/repliquemangacine.fr\/?s={search_term_string}"},"query-input":{"@type":"PropertyValueSpecification","valueRequired":true,"valueName":"search_term_string"}}],"inLanguage":"es"},{"@type":"Organization","@id":"https:\/\/repliquemangacine.fr\/#organization","name":"R\u00e9plique Manga Cin\u00e9","url":"https:\/\/repliquemangacine.fr\/","logo":{"@type":"ImageObject","inLanguage":"es","@id":"https:\/\/repliquemangacine.fr\/#\/schema\/logo\/image\/","url":"https:\/\/repliquemangacine.fr\/wp-content\/uploads\/2023\/10\/RMC-500250.png","contentUrl":"https:\/\/repliquemangacine.fr\/wp-content\/uploads\/2023\/10\/RMC-500250.png","width":500,"height":250,"caption":"R\u00e9plique Manga Cin\u00e9"},"image":{"@id":"https:\/\/repliquemangacine.fr\/#\/schema\/logo\/image\/"},"sameAs":["https:\/\/www.facebook.com\/RepliqueMangaCine","https:\/\/www.instagram.com\/repliquemangacine.fr\/"]}]}},"_links":{"self":[{"href":"https:\/\/repliquemangacine.fr\/es\/wp-json\/wp\/v2\/product\/95830","targetHints":{"allow":["GET"]}}],"collection":[{"href":"https:\/\/repliquemangacine.fr\/es\/wp-json\/wp\/v2\/product"}],"about":[{"href":"https:\/\/repliquemangacine.fr\/es\/wp-json\/wp\/v2\/types\/product"}],"wp:featuredmedia":[{"embeddable":true,"href":"https:\/\/repliquemangacine.fr\/es\/wp-json\/wp\/v2\/media\/95831"}],"wp:attachment":[{"href":"https:\/\/repliquemangacine.fr\/es\/wp-json\/wp\/v2\/media?parent=95830"}],"wp:term":[{"taxonomy":"product_brand","embeddable":true,"href":"https:\/\/repliquemangacine.fr\/es\/wp-json\/wp\/v2\/product_brand?post=95830"},{"taxonomy":"product_cat","embeddable":true,"href":"https:\/\/repliquemangacine.fr\/es\/wp-json\/wp\/v2\/product_cat?post=95830"},{"taxonomy":"product_tag","embeddable":true,"href":"https:\/\/repliquemangacine.fr\/es\/wp-json\/wp\/v2\/product_tag?post=95830"}],"curies":[{"name":"wp","href":"https:\/\/api.w.org\/{rel}","templated":true}]}}