





{"id":94178,"date":"2026-01-15T17:19:18","date_gmt":"2026-01-15T16:19:18","guid":{"rendered":"https:\/\/repliquemangacine.fr\/?post_type=product&#038;p=94178"},"modified":"2026-04-01T07:35:55","modified_gmt":"2026-04-01T05:35:55","slug":"daga-anduril-senor-de-los-anillos","status":"publish","type":"product","link":"https:\/\/repliquemangacine.fr\/es\/epees-seigneur-des-anneaux\/dague-anduril-le-seigneur-des-anneaux\/","title":{"rendered":"Daga Anduril - El Se\u00f1or de los Anillos"},"content":{"rendered":"<h2>Daga Anduril, el legado del Rey en un formato \u00fanico<\/h2>\n<p>En primer lugar, este <strong>Daga Anduril<\/strong>\u00a0es una elegante interpretaci\u00f3n de la legendaria espada del <a href=\"https:\/\/lotr.fandom.com\/fr\/wiki\/Aragorn\" target=\"_blank\" rel=\"noopener noreferrer\">Rey Elessar<\/a>. Su hoja de acero est\u00e1 finamente grabada con motivos \u00e9lficos inspirados en la Tierra Media. La guarda y el pomo de acero macizo aportan fuerza y equilibrio. Adem\u00e1s, la vaina est\u00e1 fabricada en ABS moldeado de alta calidad y presenta una meticulosa decoraci\u00f3n en consonancia con la est\u00e9tica \u00e9lfica. En resumen, esta daga combina delicadeza, simbolismo y artesan\u00eda. Su tama\u00f1o compacto la hace ideal para exponerla o coleccionarla. Como resultado, esta pieza se convierte en un objeto original, al tiempo que conserva el aura m\u00edtica de And\u00faril.<\/p>\n<h2>De Narsil roto a And\u00faril, se reaviva la llama de Occidente<\/h2>\n<p>Para empezar, esta hoja era originalmente Narsil, la\u2019<a href=\"https:\/\/repliquemangacine.fr\/es\/espadas-del-senor-de-los-anillos\/narsil-espada-rota\/\">La espada rota de Elendil<\/a> durante la batalla contra Sauron. Tras siglos de espera, los elfos de Rivendel reforjaron la espada. As\u00ed naci\u00f3 And\u00faril, Llama del Oeste, s\u00edmbolo del regreso del rey leg\u00edtimo. Cuando Aragorn recibe And\u00faril, acepta por fin su destino.<br \/>\nEsta transformaci\u00f3n marca el renacimiento de la esperanza para los Pueblos Libres. Cada grabado \u00e9lfico recuerda este v\u00ednculo entre pasado y futuro. Incluso en su versi\u00f3n daga, And\u00faril conserva esta carga simb\u00f3lica. Representa la transmisi\u00f3n, el destino y la restauraci\u00f3n de un reino perdido.<\/p>\n<h2>Todas las armas de la trilog\u00eda disponibles en R\u00e9plique Manga Cin\u00e9<\/h2>\n<p>Por \u00faltimo, esta daga de And\u00faril forma parte de la amplia colecci\u00f3n de El Se\u00f1or de los Anillos que ofrece R\u00e9plique Manga Cin\u00e9. Ofrecemos todos los modelos emblem\u00e1ticos de la trilog\u00eda. En particular, encontrar\u00e1 la <a href=\"https:\/\/repliquemangacine.fr\/es\/espadas-del-senor-de-los-anillos\/el-senor-de-los-anillos-sam-gamegie-espada\/\">La daga de Sam Gamegie<\/a>, un s\u00edmbolo de valor y lealtad. Adem\u00e1s, el\u2019<a href=\"https:\/\/repliquemangacine.fr\/es\/espadas-del-senor-de-los-anillos\/espada-de-eowyn-el-senor-de-los-anillos\/\">espada de \u00c9owyn<\/a>, hero\u00edna contra el Rey Brujo, es uno de nuestros elegidos. Por supuesto, la\u2019<a href=\"https:\/\/repliquemangacine.fr\/es\/espadas-y-dagas-los-anillos-del-poder\/espada-anduril-aragorn-el-senor-de-los-anillos\/\">Espada And\u00faril<\/a> est\u00e1 disponible en varias versiones, tanto cl\u00e1sica como de lujo. Para que todos los aficionados puedan recrear el arsenal completo de la Tierra Media.<\/p>","protected":false},"excerpt":{"rendered":"<p>Descubre la versi\u00f3n en daga de And\u00faril, el legado del rey condensado en una elegante pieza \u00e9lfica impregnada de leyenda.<\/p>\n<ul>\n<li>Hoja de acero con grabados \u00e9lficos<\/li>\n<li>Asa y pomo de acero macizo con forma especial<\/li>\n<li>Funda de ABS negro moldeado con decoraci\u00f3n*.<\/li>\n<li>Longitud de la hoja: 27 cm - Longitud total: 48 cm<\/li>\n<li>Peso: 270 g<\/li>\n<\/ul>","protected":false},"featured_media":94179,"template":"","meta":[],"product_brand":[],"product_cat":[68,107],"product_tag":[],"class_list":{"0":"post-94178","1":"product","2":"type-product","3":"status-publish","4":"has-post-thumbnail","6":"product_cat-epees-seigneur-des-anneaux","7":"product_cat-nouveautes","9":"first","10":"outofstock","11":"taxable","12":"shipping-taxable","13":"purchasable","14":"product-type-simple"},"yoast_head":"<!-- This site is optimized with the Yoast SEO plugin v27.4 - https:\/\/yoast.com\/product\/yoast-seo-wordpress\/ -->\n<title>Dague Anduril - Seigneur des Anneaux - R\u00e9plique Manga Cin\u00e9<\/title>\n<meta name=\"description\" content=\"Dague Anduril en acier grav\u00e9 elfique, garde et pommeau acier, fourreau d\u00e9cor\u00e9. R\u00e9plique Seigneur des Anneaux id\u00e9ale collection.\" \/>\n<meta name=\"robots\" content=\"index, follow, max-snippet:-1, max-image-preview:large, max-video-preview:-1\" \/>\n<link rel=\"canonical\" href=\"https:\/\/repliquemangacine.fr\/es\/espadas-del-senor-de-los-anillos\/daga-anduril-senor-de-los-anillos\/\" \/>\n<meta property=\"og:locale\" content=\"es_ES\" \/>\n<meta property=\"og:type\" content=\"article\" \/>\n<meta property=\"og:title\" content=\"Dague Anduril - Seigneur des Anneaux - R\u00e9plique Manga Cin\u00e9\" \/>\n<meta property=\"og:description\" content=\"Dague Anduril en acier grav\u00e9 elfique, garde et pommeau acier, fourreau d\u00e9cor\u00e9. R\u00e9plique Seigneur des Anneaux id\u00e9ale collection.\" \/>\n<meta property=\"og:url\" content=\"https:\/\/repliquemangacine.fr\/es\/espadas-del-senor-de-los-anillos\/daga-anduril-senor-de-los-anillos\/\" \/>\n<meta property=\"og:site_name\" content=\"R\u00e9plique Manga Cin\u00e9\" \/>\n<meta property=\"article:publisher\" content=\"https:\/\/www.facebook.com\/RepliqueMangaCine\" \/>\n<meta property=\"article:modified_time\" content=\"2026-04-01T05:35:55+00:00\" \/>\n<meta property=\"og:image\" content=\"https:\/\/repliquemangacine.fr\/wp-content\/uploads\/2026\/01\/Dague-Anduril-de-luxe-Le-Seigneur-des-Anneaux.jpg\" \/>\n\t<meta property=\"og:image:width\" content=\"800\" \/>\n\t<meta property=\"og:image:height\" content=\"800\" \/>\n\t<meta property=\"og:image:type\" content=\"image\/jpeg\" \/>\n<meta name=\"twitter:card\" content=\"summary_large_image\" \/>\n<meta name=\"twitter:label1\" content=\"Tiempo de lectura\" \/>\n\t<meta name=\"twitter:data1\" content=\"2 minutos\" \/>\n<script type=\"application\/ld+json\" class=\"yoast-schema-graph\">{\"@context\":\"https:\\\/\\\/schema.org\",\"@graph\":[{\"@type\":\"WebPage\",\"@id\":\"https:\\\/\\\/repliquemangacine.fr\\\/epees-seigneur-des-anneaux\\\/dague-anduril-le-seigneur-des-anneaux\\\/\",\"url\":\"https:\\\/\\\/repliquemangacine.fr\\\/epees-seigneur-des-anneaux\\\/dague-anduril-le-seigneur-des-anneaux\\\/\",\"name\":\"Dague Anduril - Seigneur des Anneaux - R\u00e9plique Manga Cin\u00e9\",\"isPartOf\":{\"@id\":\"https:\\\/\\\/repliquemangacine.fr\\\/#website\"},\"primaryImageOfPage\":{\"@id\":\"https:\\\/\\\/repliquemangacine.fr\\\/epees-seigneur-des-anneaux\\\/dague-anduril-le-seigneur-des-anneaux\\\/#primaryimage\"},\"image\":{\"@id\":\"https:\\\/\\\/repliquemangacine.fr\\\/epees-seigneur-des-anneaux\\\/dague-anduril-le-seigneur-des-anneaux\\\/#primaryimage\"},\"thumbnailUrl\":\"https:\\\/\\\/repliquemangacine.fr\\\/wp-content\\\/uploads\\\/2026\\\/01\\\/Dague-Anduril-de-luxe-Le-Seigneur-des-Anneaux.jpg\",\"datePublished\":\"2026-01-15T16:19:18+00:00\",\"dateModified\":\"2026-04-01T05:35:55+00:00\",\"description\":\"Dague Anduril en acier grav\u00e9 elfique, garde et pommeau acier, fourreau d\u00e9cor\u00e9. R\u00e9plique Seigneur des Anneaux id\u00e9ale collection.\",\"breadcrumb\":{\"@id\":\"https:\\\/\\\/repliquemangacine.fr\\\/epees-seigneur-des-anneaux\\\/dague-anduril-le-seigneur-des-anneaux\\\/#breadcrumb\"},\"inLanguage\":\"es\",\"potentialAction\":[{\"@type\":\"ReadAction\",\"target\":[\"https:\\\/\\\/repliquemangacine.fr\\\/epees-seigneur-des-anneaux\\\/dague-anduril-le-seigneur-des-anneaux\\\/\"]}]},{\"@type\":\"ImageObject\",\"inLanguage\":\"es\",\"@id\":\"https:\\\/\\\/repliquemangacine.fr\\\/epees-seigneur-des-anneaux\\\/dague-anduril-le-seigneur-des-anneaux\\\/#primaryimage\",\"url\":\"https:\\\/\\\/repliquemangacine.fr\\\/wp-content\\\/uploads\\\/2026\\\/01\\\/Dague-Anduril-de-luxe-Le-Seigneur-des-Anneaux.jpg\",\"contentUrl\":\"https:\\\/\\\/repliquemangacine.fr\\\/wp-content\\\/uploads\\\/2026\\\/01\\\/Dague-Anduril-de-luxe-Le-Seigneur-des-Anneaux.jpg\",\"width\":800,\"height\":800,\"caption\":\"Dague Anduril, le Seigneur des Anneaux\"},{\"@type\":\"BreadcrumbList\",\"@id\":\"https:\\\/\\\/repliquemangacine.fr\\\/epees-seigneur-des-anneaux\\\/dague-anduril-le-seigneur-des-anneaux\\\/#breadcrumb\",\"itemListElement\":[{\"@type\":\"ListItem\",\"position\":1,\"name\":\"Accueil\",\"item\":\"https:\\\/\\\/repliquemangacine.fr\\\/\"},{\"@type\":\"ListItem\",\"position\":2,\"name\":\"Produits\",\"item\":\"https:\\\/\\\/repliquemangacine.fr\\\/boutique\\\/\"},{\"@type\":\"ListItem\",\"position\":3,\"name\":\"Dague Anduril &#8211; Seigneur des Anneaux\"}]},{\"@type\":\"WebSite\",\"@id\":\"https:\\\/\\\/repliquemangacine.fr\\\/#website\",\"url\":\"https:\\\/\\\/repliquemangacine.fr\\\/\",\"name\":\"R\u00e9plique Manga Cin\u00e9\",\"description\":\"\",\"publisher\":{\"@id\":\"https:\\\/\\\/repliquemangacine.fr\\\/#organization\"},\"potentialAction\":[{\"@type\":\"SearchAction\",\"target\":{\"@type\":\"EntryPoint\",\"urlTemplate\":\"https:\\\/\\\/repliquemangacine.fr\\\/?s={search_term_string}\"},\"query-input\":{\"@type\":\"PropertyValueSpecification\",\"valueRequired\":true,\"valueName\":\"search_term_string\"}}],\"inLanguage\":\"es\"},{\"@type\":\"Organization\",\"@id\":\"https:\\\/\\\/repliquemangacine.fr\\\/#organization\",\"name\":\"R\u00e9plique Manga Cin\u00e9\",\"url\":\"https:\\\/\\\/repliquemangacine.fr\\\/\",\"logo\":{\"@type\":\"ImageObject\",\"inLanguage\":\"es\",\"@id\":\"https:\\\/\\\/repliquemangacine.fr\\\/#\\\/schema\\\/logo\\\/image\\\/\",\"url\":\"https:\\\/\\\/repliquemangacine.fr\\\/wp-content\\\/uploads\\\/2023\\\/10\\\/RMC-500250.png\",\"contentUrl\":\"https:\\\/\\\/repliquemangacine.fr\\\/wp-content\\\/uploads\\\/2023\\\/10\\\/RMC-500250.png\",\"width\":500,\"height\":250,\"caption\":\"R\u00e9plique Manga Cin\u00e9\"},\"image\":{\"@id\":\"https:\\\/\\\/repliquemangacine.fr\\\/#\\\/schema\\\/logo\\\/image\\\/\"},\"sameAs\":[\"https:\\\/\\\/www.facebook.com\\\/RepliqueMangaCine\",\"https:\\\/\\\/www.instagram.com\\\/repliquemangacine.fr\\\/\"]}]}<\/script>\n<!-- \/ Yoast SEO plugin. -->","yoast_head_json":{"title":"Daga Anduril - El Se\u00f1or de los Anillos - R\u00e9plique Manga Cin\u00e9","description":"Daga Anduril de acero elfo grabado, empu\u00f1adura y pomo de acero, vaina decorada. R\u00e9plica ideal para la colecci\u00f3n de El Se\u00f1or de los Anillos.","robots":{"index":"index","follow":"follow","max-snippet":"max-snippet:-1","max-image-preview":"max-image-preview:large","max-video-preview":"max-video-preview:-1"},"canonical":"https:\/\/repliquemangacine.fr\/es\/espadas-del-senor-de-los-anillos\/daga-anduril-senor-de-los-anillos\/","og_locale":"es_ES","og_type":"article","og_title":"Dague Anduril - Seigneur des Anneaux - R\u00e9plique Manga Cin\u00e9","og_description":"Dague Anduril en acier grav\u00e9 elfique, garde et pommeau acier, fourreau d\u00e9cor\u00e9. R\u00e9plique Seigneur des Anneaux id\u00e9ale collection.","og_url":"https:\/\/repliquemangacine.fr\/es\/espadas-del-senor-de-los-anillos\/daga-anduril-senor-de-los-anillos\/","og_site_name":"R\u00e9plique Manga Cin\u00e9","article_publisher":"https:\/\/www.facebook.com\/RepliqueMangaCine","article_modified_time":"2026-04-01T05:35:55+00:00","og_image":[{"width":800,"height":800,"url":"https:\/\/repliquemangacine.fr\/wp-content\/uploads\/2026\/01\/Dague-Anduril-de-luxe-Le-Seigneur-des-Anneaux.jpg","type":"image\/jpeg"}],"twitter_card":"summary_large_image","twitter_misc":{"Tiempo de lectura":"2 minutos"},"schema":{"@context":"https:\/\/schema.org","@graph":[{"@type":"WebPage","@id":"https:\/\/repliquemangacine.fr\/epees-seigneur-des-anneaux\/dague-anduril-le-seigneur-des-anneaux\/","url":"https:\/\/repliquemangacine.fr\/epees-seigneur-des-anneaux\/dague-anduril-le-seigneur-des-anneaux\/","name":"Daga Anduril - El Se\u00f1or de los Anillos - R\u00e9plique Manga Cin\u00e9","isPartOf":{"@id":"https:\/\/repliquemangacine.fr\/#website"},"primaryImageOfPage":{"@id":"https:\/\/repliquemangacine.fr\/epees-seigneur-des-anneaux\/dague-anduril-le-seigneur-des-anneaux\/#primaryimage"},"image":{"@id":"https:\/\/repliquemangacine.fr\/epees-seigneur-des-anneaux\/dague-anduril-le-seigneur-des-anneaux\/#primaryimage"},"thumbnailUrl":"https:\/\/repliquemangacine.fr\/wp-content\/uploads\/2026\/01\/Dague-Anduril-de-luxe-Le-Seigneur-des-Anneaux.jpg","datePublished":"2026-01-15T16:19:18+00:00","dateModified":"2026-04-01T05:35:55+00:00","description":"Daga Anduril de acero elfo grabado, empu\u00f1adura y pomo de acero, vaina decorada. R\u00e9plica ideal para la colecci\u00f3n de El Se\u00f1or de los Anillos.","breadcrumb":{"@id":"https:\/\/repliquemangacine.fr\/epees-seigneur-des-anneaux\/dague-anduril-le-seigneur-des-anneaux\/#breadcrumb"},"inLanguage":"es","potentialAction":[{"@type":"ReadAction","target":["https:\/\/repliquemangacine.fr\/epees-seigneur-des-anneaux\/dague-anduril-le-seigneur-des-anneaux\/"]}]},{"@type":"ImageObject","inLanguage":"es","@id":"https:\/\/repliquemangacine.fr\/epees-seigneur-des-anneaux\/dague-anduril-le-seigneur-des-anneaux\/#primaryimage","url":"https:\/\/repliquemangacine.fr\/wp-content\/uploads\/2026\/01\/Dague-Anduril-de-luxe-Le-Seigneur-des-Anneaux.jpg","contentUrl":"https:\/\/repliquemangacine.fr\/wp-content\/uploads\/2026\/01\/Dague-Anduril-de-luxe-Le-Seigneur-des-Anneaux.jpg","width":800,"height":800,"caption":"Dague Anduril, le Seigneur des Anneaux"},{"@type":"BreadcrumbList","@id":"https:\/\/repliquemangacine.fr\/epees-seigneur-des-anneaux\/dague-anduril-le-seigneur-des-anneaux\/#breadcrumb","itemListElement":[{"@type":"ListItem","position":1,"name":"Accueil","item":"https:\/\/repliquemangacine.fr\/"},{"@type":"ListItem","position":2,"name":"Produits","item":"https:\/\/repliquemangacine.fr\/boutique\/"},{"@type":"ListItem","position":3,"name":"Dague Anduril &#8211; Seigneur des Anneaux"}]},{"@type":"WebSite","@id":"https:\/\/repliquemangacine.fr\/#website","url":"https:\/\/repliquemangacine.fr\/","name":"R\u00e9plique Manga Cin\u00e9","description":"","publisher":{"@id":"https:\/\/repliquemangacine.fr\/#organization"},"potentialAction":[{"@type":"SearchAction","target":{"@type":"EntryPoint","urlTemplate":"https:\/\/repliquemangacine.fr\/?s={search_term_string}"},"query-input":{"@type":"PropertyValueSpecification","valueRequired":true,"valueName":"search_term_string"}}],"inLanguage":"es"},{"@type":"Organization","@id":"https:\/\/repliquemangacine.fr\/#organization","name":"R\u00e9plique Manga Cin\u00e9","url":"https:\/\/repliquemangacine.fr\/","logo":{"@type":"ImageObject","inLanguage":"es","@id":"https:\/\/repliquemangacine.fr\/#\/schema\/logo\/image\/","url":"https:\/\/repliquemangacine.fr\/wp-content\/uploads\/2023\/10\/RMC-500250.png","contentUrl":"https:\/\/repliquemangacine.fr\/wp-content\/uploads\/2023\/10\/RMC-500250.png","width":500,"height":250,"caption":"R\u00e9plique Manga Cin\u00e9"},"image":{"@id":"https:\/\/repliquemangacine.fr\/#\/schema\/logo\/image\/"},"sameAs":["https:\/\/www.facebook.com\/RepliqueMangaCine","https:\/\/www.instagram.com\/repliquemangacine.fr\/"]}]}},"_links":{"self":[{"href":"https:\/\/repliquemangacine.fr\/es\/wp-json\/wp\/v2\/product\/94178","targetHints":{"allow":["GET"]}}],"collection":[{"href":"https:\/\/repliquemangacine.fr\/es\/wp-json\/wp\/v2\/product"}],"about":[{"href":"https:\/\/repliquemangacine.fr\/es\/wp-json\/wp\/v2\/types\/product"}],"wp:featuredmedia":[{"embeddable":true,"href":"https:\/\/repliquemangacine.fr\/es\/wp-json\/wp\/v2\/media\/94179"}],"wp:attachment":[{"href":"https:\/\/repliquemangacine.fr\/es\/wp-json\/wp\/v2\/media?parent=94178"}],"wp:term":[{"taxonomy":"product_brand","embeddable":true,"href":"https:\/\/repliquemangacine.fr\/es\/wp-json\/wp\/v2\/product_brand?post=94178"},{"taxonomy":"product_cat","embeddable":true,"href":"https:\/\/repliquemangacine.fr\/es\/wp-json\/wp\/v2\/product_cat?post=94178"},{"taxonomy":"product_tag","embeddable":true,"href":"https:\/\/repliquemangacine.fr\/es\/wp-json\/wp\/v2\/product_tag?post=94178"}],"curies":[{"name":"wp","href":"https:\/\/api.w.org\/{rel}","templated":true}]}}