





{"id":94015,"date":"2026-01-11T17:09:26","date_gmt":"2026-01-11T16:09:26","guid":{"rendered":"https:\/\/repliquemangacine.fr\/?post_type=product&#038;p=94015"},"modified":"2026-04-17T16:11:08","modified_gmt":"2026-04-17T14:11:08","slug":"narsil-espada-rota","status":"publish","type":"product","link":"https:\/\/repliquemangacine.fr\/es\/epees-seigneur-des-anneaux\/narsil-epee-brisee\/","title":{"rendered":"Espada rota de Narsil"},"content":{"rendered":"<h2>Narsil La legendaria espada rota de El Se\u00f1or de los Anillos<\/h2>\n<p>Narsil, la m\u00edtica espada rota de la saga de El Se\u00f1or de los Anillos, s\u00edmbolo de sacrificio y renacimiento.<br \/>\nEsta fiel r\u00e9plica presenta la hoja en cinco fragmentos de acero, igual que en las pel\u00edculas.<br \/>\nCada tema encarna la historia de\u2019<a href=\"https:\/\/lotr.fandom.com\/fr\/wiki\/Elendil\" target=\"_blank\" rel=\"noopener noreferrer\">Elendil<\/a> y el traspaso a la siguiente generaci\u00f3n.<\/p>\n<p>Hoja de acero inoxidable 440, con una elegante ranura central.<br \/>\nAdem\u00e1s, cada fragmento se suministra por separado, listo para ser expuesto.<br \/>\nEste formato fragmentado narra visualmente la ca\u00edda del arma y su posterior reconstrucci\u00f3n.<\/p>\n<p>Como resultado, esta obra es algo m\u00e1s que una r\u00e9plica.<br \/>\nSe convierte en un objeto narrativo, que transporta la mirada y crea una atm\u00f3sfera Tolkien en cualquier colecci\u00f3n.<br \/>\nPor \u00faltimo, la tela de terciopelo negro incluida realza la exposici\u00f3n y protege los fragmentos a la vez que realza la presentaci\u00f3n.<\/p>\n<p>Esta r\u00e9plica de Narsil es un complemento natural de nuestra colecci\u00f3n de\u2019<a href=\"https:\/\/repliquemangacine.fr\/es\/espadas-del-senor-de-los-anillos\/\">Espadas de El Se\u00f1or de los Anillos<\/a>, mientras se completa el universo de <a href=\"https:\/\/repliquemangacine.fr\/es\/peliculas-series-tv-venta-de-espadas-katana-y-productos-relacionados\/\">r\u00e9plicas de pel\u00edculas y series de televisi\u00f3n<\/a> en la tienda.<\/p>\n<h2>La historia de Narsil y la ca\u00edda de Elendil<\/h2>\n<p>Durante la batalla contra Sauron, el rey Elendil se enfrenta a las fuerzas del mal.<br \/>\nSin embargo, durante el combate, Narsil se hace a\u00f1icos con el impacto.<br \/>\nEl rey cae y la espada legendaria es destruida.<\/p>\n<p>La hoja rota se convierte en el testigo de un fracaso y de una esperanza aplazada.<br \/>\nLos fragmentos de narsil se conservan durante generaciones.<br \/>\nSimbolizan la espera del regreso del rey leg\u00edtimo.<\/p>\n<p>Esta l\u00ednea narra visualmente este momento clave de la saga.<br \/>\nCada fragmento es un recuerdo de la transmisi\u00f3n, la memoria y la herencia.<br \/>\nA partir de entonces, la espada rota adquiere todo su significado en una colecci\u00f3n de Tolkien.<\/p>\n<h2>Una pieza \u00fanica para los coleccionistas de Tolkien<\/h2>\n<p>Esta r\u00e9plica de Narsil es ideal para todos los fans de El Se\u00f1or de los Anillos.<br \/>\nEn particular, es el complemento perfecto para cualquier colecci\u00f3n de armas de la Tierra Media.<br \/>\nAdem\u00e1s, su est\u00e9tica fragmentada cuenta una historia, la de la herencia a la realeza.<\/p>\n<p>Se puede colocar f\u00e1cilmente en una estanter\u00eda, una vitrina o una pared.<br \/>\nAs\u00ed que se convierte en un elemento decorativo clave en un mundo de fantas\u00eda.<br \/>\nPor \u00faltimo, es un regalo extraordinario para cualquier fan de Tolkien.<\/p>\n<p>Para ampliar la leyenda, esta espada rota puede asociarse con <a href=\"https:\/\/repliquemangacine.fr\/es\/espadas-y-dagas-los-anillos-del-poder\/espada-anduril-aragorn-el-senor-de-los-anillos\/\">Espada And\u00faril<\/a>, y a nuestro<a href=\"https:\/\/repliquemangacine.fr\/es\/espada-templaria-medieval\/soporte-mural-arbol-de-gondor\/\"> portaespadas<\/a>, para crear un entorno coherente y elegante.<\/p>","protected":false},"excerpt":{"rendered":"<p>Muestra Narsil, la espada rota de los reyes, s\u00edmbolo eterno de la ca\u00edda y el renacimiento de la Tierra Media.<\/p>\n<ul>\n<li>Hoja de acero inoxidable 440 con ranura central<\/li>\n<li>Se suministra con 5 fragmentos cortados con l\u00e1ser<\/li>\n<li>Asa de metal recubierta de cuero negro cosido a mano.<\/li>\n<li>Pomo de forma especial con grabados \u00e9lficos.<\/li>\n<li>Se entrega con una tela de terciopelo negro para exponerlo como en la pel\u00edcula.<\/li>\n<li>Tama\u00f1o de la tela: 160 cm X 40 cm<\/li>\n<li>Longitud de la hoja: 89,5 cm montada y 4,5 mm de grosor<\/li>\n<li>Longitud de la espada: 57,4 cm y 120,5 cm combinados.<\/li>\n<li>Peso: 1365 g y 1985 g combinados.<\/li>\n<\/ul>","protected":false},"featured_media":94020,"template":"","meta":[],"product_brand":[],"product_cat":[68,29,107],"product_tag":[],"class_list":{"0":"post-94015","1":"product","2":"type-product","3":"status-publish","4":"has-post-thumbnail","6":"product_cat-epees-seigneur-des-anneaux","7":"product_cat-le-seigneur-des-anneaux","8":"product_cat-nouveautes","10":"first","11":"instock","12":"taxable","13":"shipping-taxable","14":"purchasable","15":"product-type-simple"},"yoast_head":"<!-- This site is optimized with the Yoast SEO plugin v27.4 - https:\/\/yoast.com\/product\/yoast-seo-wordpress\/ -->\n<title>Narsil \u00e9p\u00e9e bris\u00e9e - R\u00e9plique Manga Cin\u00e9<\/title>\n<meta name=\"description\" content=\"Narsil \u00e9p\u00e9e bris\u00e9e en acier, pr\u00e9sent\u00e9e en 5 fragments avec velours noir. R\u00e9plique culte du Seigneur des Anneaux pour collection Tolkien.\" \/>\n<meta name=\"robots\" content=\"index, follow, max-snippet:-1, max-image-preview:large, max-video-preview:-1\" \/>\n<link rel=\"canonical\" href=\"https:\/\/repliquemangacine.fr\/es\/espadas-del-senor-de-los-anillos\/narsil-espada-rota\/\" \/>\n<meta property=\"og:locale\" content=\"es_ES\" \/>\n<meta property=\"og:type\" content=\"article\" \/>\n<meta property=\"og:title\" content=\"Narsil \u00e9p\u00e9e bris\u00e9e - R\u00e9plique Manga Cin\u00e9\" \/>\n<meta property=\"og:description\" content=\"Narsil \u00e9p\u00e9e bris\u00e9e en acier, pr\u00e9sent\u00e9e en 5 fragments avec velours noir. R\u00e9plique culte du Seigneur des Anneaux pour collection Tolkien.\" \/>\n<meta property=\"og:url\" content=\"https:\/\/repliquemangacine.fr\/es\/espadas-del-senor-de-los-anillos\/narsil-espada-rota\/\" \/>\n<meta property=\"og:site_name\" content=\"R\u00e9plique Manga Cin\u00e9\" \/>\n<meta property=\"article:publisher\" content=\"https:\/\/www.facebook.com\/RepliqueMangaCine\" \/>\n<meta property=\"article:modified_time\" content=\"2026-04-17T14:11:08+00:00\" \/>\n<meta property=\"og:image\" content=\"https:\/\/repliquemangacine.fr\/wp-content\/uploads\/2026\/01\/Narsil-epee-brisee.jpg\" \/>\n\t<meta property=\"og:image:width\" content=\"800\" \/>\n\t<meta property=\"og:image:height\" content=\"800\" \/>\n\t<meta property=\"og:image:type\" content=\"image\/jpeg\" \/>\n<meta name=\"twitter:card\" content=\"summary_large_image\" \/>\n<meta name=\"twitter:label1\" content=\"Tiempo de lectura\" \/>\n\t<meta name=\"twitter:data1\" content=\"3 minutos\" \/>\n<script type=\"application\/ld+json\" class=\"yoast-schema-graph\">{\"@context\":\"https:\\\/\\\/schema.org\",\"@graph\":[{\"@type\":\"WebPage\",\"@id\":\"https:\\\/\\\/repliquemangacine.fr\\\/epees-seigneur-des-anneaux\\\/narsil-epee-brisee\\\/\",\"url\":\"https:\\\/\\\/repliquemangacine.fr\\\/epees-seigneur-des-anneaux\\\/narsil-epee-brisee\\\/\",\"name\":\"Narsil \u00e9p\u00e9e bris\u00e9e - R\u00e9plique Manga Cin\u00e9\",\"isPartOf\":{\"@id\":\"https:\\\/\\\/repliquemangacine.fr\\\/#website\"},\"primaryImageOfPage\":{\"@id\":\"https:\\\/\\\/repliquemangacine.fr\\\/epees-seigneur-des-anneaux\\\/narsil-epee-brisee\\\/#primaryimage\"},\"image\":{\"@id\":\"https:\\\/\\\/repliquemangacine.fr\\\/epees-seigneur-des-anneaux\\\/narsil-epee-brisee\\\/#primaryimage\"},\"thumbnailUrl\":\"https:\\\/\\\/repliquemangacine.fr\\\/wp-content\\\/uploads\\\/2026\\\/01\\\/Narsil-epee-brisee.jpg\",\"datePublished\":\"2026-01-11T16:09:26+00:00\",\"dateModified\":\"2026-04-17T14:11:08+00:00\",\"description\":\"Narsil \u00e9p\u00e9e bris\u00e9e en acier, pr\u00e9sent\u00e9e en 5 fragments avec velours noir. R\u00e9plique culte du Seigneur des Anneaux pour collection Tolkien.\",\"breadcrumb\":{\"@id\":\"https:\\\/\\\/repliquemangacine.fr\\\/epees-seigneur-des-anneaux\\\/narsil-epee-brisee\\\/#breadcrumb\"},\"inLanguage\":\"es\",\"potentialAction\":[{\"@type\":\"ReadAction\",\"target\":[\"https:\\\/\\\/repliquemangacine.fr\\\/epees-seigneur-des-anneaux\\\/narsil-epee-brisee\\\/\"]}]},{\"@type\":\"ImageObject\",\"inLanguage\":\"es\",\"@id\":\"https:\\\/\\\/repliquemangacine.fr\\\/epees-seigneur-des-anneaux\\\/narsil-epee-brisee\\\/#primaryimage\",\"url\":\"https:\\\/\\\/repliquemangacine.fr\\\/wp-content\\\/uploads\\\/2026\\\/01\\\/Narsil-epee-brisee.jpg\",\"contentUrl\":\"https:\\\/\\\/repliquemangacine.fr\\\/wp-content\\\/uploads\\\/2026\\\/01\\\/Narsil-epee-brisee.jpg\",\"width\":800,\"height\":800,\"caption\":\"Narsil \u00e9p\u00e9e bris\u00e9e, le seigneur des anneaux\"},{\"@type\":\"BreadcrumbList\",\"@id\":\"https:\\\/\\\/repliquemangacine.fr\\\/epees-seigneur-des-anneaux\\\/narsil-epee-brisee\\\/#breadcrumb\",\"itemListElement\":[{\"@type\":\"ListItem\",\"position\":1,\"name\":\"Accueil\",\"item\":\"https:\\\/\\\/repliquemangacine.fr\\\/\"},{\"@type\":\"ListItem\",\"position\":2,\"name\":\"Produits\",\"item\":\"https:\\\/\\\/repliquemangacine.fr\\\/boutique\\\/\"},{\"@type\":\"ListItem\",\"position\":3,\"name\":\"Narsil \u00e9p\u00e9e bris\u00e9e\"}]},{\"@type\":\"WebSite\",\"@id\":\"https:\\\/\\\/repliquemangacine.fr\\\/#website\",\"url\":\"https:\\\/\\\/repliquemangacine.fr\\\/\",\"name\":\"R\u00e9plique Manga Cin\u00e9\",\"description\":\"\",\"publisher\":{\"@id\":\"https:\\\/\\\/repliquemangacine.fr\\\/#organization\"},\"potentialAction\":[{\"@type\":\"SearchAction\",\"target\":{\"@type\":\"EntryPoint\",\"urlTemplate\":\"https:\\\/\\\/repliquemangacine.fr\\\/?s={search_term_string}\"},\"query-input\":{\"@type\":\"PropertyValueSpecification\",\"valueRequired\":true,\"valueName\":\"search_term_string\"}}],\"inLanguage\":\"es\"},{\"@type\":\"Organization\",\"@id\":\"https:\\\/\\\/repliquemangacine.fr\\\/#organization\",\"name\":\"R\u00e9plique Manga Cin\u00e9\",\"url\":\"https:\\\/\\\/repliquemangacine.fr\\\/\",\"logo\":{\"@type\":\"ImageObject\",\"inLanguage\":\"es\",\"@id\":\"https:\\\/\\\/repliquemangacine.fr\\\/#\\\/schema\\\/logo\\\/image\\\/\",\"url\":\"https:\\\/\\\/repliquemangacine.fr\\\/wp-content\\\/uploads\\\/2023\\\/10\\\/RMC-500250.png\",\"contentUrl\":\"https:\\\/\\\/repliquemangacine.fr\\\/wp-content\\\/uploads\\\/2023\\\/10\\\/RMC-500250.png\",\"width\":500,\"height\":250,\"caption\":\"R\u00e9plique Manga Cin\u00e9\"},\"image\":{\"@id\":\"https:\\\/\\\/repliquemangacine.fr\\\/#\\\/schema\\\/logo\\\/image\\\/\"},\"sameAs\":[\"https:\\\/\\\/www.facebook.com\\\/RepliqueMangaCine\",\"https:\\\/\\\/www.instagram.com\\\/repliquemangacine.fr\\\/\"]}]}<\/script>\n<!-- \/ Yoast SEO plugin. -->","yoast_head_json":{"title":"Espada rota Narsil - R\u00e9plique Manga Cin\u00e9","description":"Espada de acero roto Narsil, presentada en 5 fragmentos con terciopelo negro. R\u00e9plica de culto de El Se\u00f1or de los Anillos para la colecci\u00f3n Tolkien.","robots":{"index":"index","follow":"follow","max-snippet":"max-snippet:-1","max-image-preview":"max-image-preview:large","max-video-preview":"max-video-preview:-1"},"canonical":"https:\/\/repliquemangacine.fr\/es\/espadas-del-senor-de-los-anillos\/narsil-espada-rota\/","og_locale":"es_ES","og_type":"article","og_title":"Narsil \u00e9p\u00e9e bris\u00e9e - R\u00e9plique Manga Cin\u00e9","og_description":"Narsil \u00e9p\u00e9e bris\u00e9e en acier, pr\u00e9sent\u00e9e en 5 fragments avec velours noir. R\u00e9plique culte du Seigneur des Anneaux pour collection Tolkien.","og_url":"https:\/\/repliquemangacine.fr\/es\/espadas-del-senor-de-los-anillos\/narsil-espada-rota\/","og_site_name":"R\u00e9plique Manga Cin\u00e9","article_publisher":"https:\/\/www.facebook.com\/RepliqueMangaCine","article_modified_time":"2026-04-17T14:11:08+00:00","og_image":[{"width":800,"height":800,"url":"https:\/\/repliquemangacine.fr\/wp-content\/uploads\/2026\/01\/Narsil-epee-brisee.jpg","type":"image\/jpeg"}],"twitter_card":"summary_large_image","twitter_misc":{"Tiempo de lectura":"3 minutos"},"schema":{"@context":"https:\/\/schema.org","@graph":[{"@type":"WebPage","@id":"https:\/\/repliquemangacine.fr\/epees-seigneur-des-anneaux\/narsil-epee-brisee\/","url":"https:\/\/repliquemangacine.fr\/epees-seigneur-des-anneaux\/narsil-epee-brisee\/","name":"Espada rota Narsil - R\u00e9plique Manga Cin\u00e9","isPartOf":{"@id":"https:\/\/repliquemangacine.fr\/#website"},"primaryImageOfPage":{"@id":"https:\/\/repliquemangacine.fr\/epees-seigneur-des-anneaux\/narsil-epee-brisee\/#primaryimage"},"image":{"@id":"https:\/\/repliquemangacine.fr\/epees-seigneur-des-anneaux\/narsil-epee-brisee\/#primaryimage"},"thumbnailUrl":"https:\/\/repliquemangacine.fr\/wp-content\/uploads\/2026\/01\/Narsil-epee-brisee.jpg","datePublished":"2026-01-11T16:09:26+00:00","dateModified":"2026-04-17T14:11:08+00:00","description":"Espada de acero roto Narsil, presentada en 5 fragmentos con terciopelo negro. R\u00e9plica de culto de El Se\u00f1or de los Anillos para la colecci\u00f3n Tolkien.","breadcrumb":{"@id":"https:\/\/repliquemangacine.fr\/epees-seigneur-des-anneaux\/narsil-epee-brisee\/#breadcrumb"},"inLanguage":"es","potentialAction":[{"@type":"ReadAction","target":["https:\/\/repliquemangacine.fr\/epees-seigneur-des-anneaux\/narsil-epee-brisee\/"]}]},{"@type":"ImageObject","inLanguage":"es","@id":"https:\/\/repliquemangacine.fr\/epees-seigneur-des-anneaux\/narsil-epee-brisee\/#primaryimage","url":"https:\/\/repliquemangacine.fr\/wp-content\/uploads\/2026\/01\/Narsil-epee-brisee.jpg","contentUrl":"https:\/\/repliquemangacine.fr\/wp-content\/uploads\/2026\/01\/Narsil-epee-brisee.jpg","width":800,"height":800,"caption":"Narsil \u00e9p\u00e9e bris\u00e9e, le seigneur des anneaux"},{"@type":"BreadcrumbList","@id":"https:\/\/repliquemangacine.fr\/epees-seigneur-des-anneaux\/narsil-epee-brisee\/#breadcrumb","itemListElement":[{"@type":"ListItem","position":1,"name":"Accueil","item":"https:\/\/repliquemangacine.fr\/"},{"@type":"ListItem","position":2,"name":"Produits","item":"https:\/\/repliquemangacine.fr\/boutique\/"},{"@type":"ListItem","position":3,"name":"Narsil \u00e9p\u00e9e bris\u00e9e"}]},{"@type":"WebSite","@id":"https:\/\/repliquemangacine.fr\/#website","url":"https:\/\/repliquemangacine.fr\/","name":"R\u00e9plique Manga Cin\u00e9","description":"","publisher":{"@id":"https:\/\/repliquemangacine.fr\/#organization"},"potentialAction":[{"@type":"SearchAction","target":{"@type":"EntryPoint","urlTemplate":"https:\/\/repliquemangacine.fr\/?s={search_term_string}"},"query-input":{"@type":"PropertyValueSpecification","valueRequired":true,"valueName":"search_term_string"}}],"inLanguage":"es"},{"@type":"Organization","@id":"https:\/\/repliquemangacine.fr\/#organization","name":"R\u00e9plique Manga Cin\u00e9","url":"https:\/\/repliquemangacine.fr\/","logo":{"@type":"ImageObject","inLanguage":"es","@id":"https:\/\/repliquemangacine.fr\/#\/schema\/logo\/image\/","url":"https:\/\/repliquemangacine.fr\/wp-content\/uploads\/2023\/10\/RMC-500250.png","contentUrl":"https:\/\/repliquemangacine.fr\/wp-content\/uploads\/2023\/10\/RMC-500250.png","width":500,"height":250,"caption":"R\u00e9plique Manga Cin\u00e9"},"image":{"@id":"https:\/\/repliquemangacine.fr\/#\/schema\/logo\/image\/"},"sameAs":["https:\/\/www.facebook.com\/RepliqueMangaCine","https:\/\/www.instagram.com\/repliquemangacine.fr\/"]}]}},"_links":{"self":[{"href":"https:\/\/repliquemangacine.fr\/es\/wp-json\/wp\/v2\/product\/94015","targetHints":{"allow":["GET"]}}],"collection":[{"href":"https:\/\/repliquemangacine.fr\/es\/wp-json\/wp\/v2\/product"}],"about":[{"href":"https:\/\/repliquemangacine.fr\/es\/wp-json\/wp\/v2\/types\/product"}],"wp:featuredmedia":[{"embeddable":true,"href":"https:\/\/repliquemangacine.fr\/es\/wp-json\/wp\/v2\/media\/94020"}],"wp:attachment":[{"href":"https:\/\/repliquemangacine.fr\/es\/wp-json\/wp\/v2\/media?parent=94015"}],"wp:term":[{"taxonomy":"product_brand","embeddable":true,"href":"https:\/\/repliquemangacine.fr\/es\/wp-json\/wp\/v2\/product_brand?post=94015"},{"taxonomy":"product_cat","embeddable":true,"href":"https:\/\/repliquemangacine.fr\/es\/wp-json\/wp\/v2\/product_cat?post=94015"},{"taxonomy":"product_tag","embeddable":true,"href":"https:\/\/repliquemangacine.fr\/es\/wp-json\/wp\/v2\/product_tag?post=94015"}],"curies":[{"name":"wp","href":"https:\/\/api.w.org\/{rel}","templated":true}]}}