





{"id":92165,"date":"2025-12-05T11:23:50","date_gmt":"2025-12-05T10:23:50","guid":{"rendered":"https:\/\/repliquemangacine.fr\/?post_type=product&#038;p=92165"},"modified":"2026-03-04T22:18:45","modified_gmt":"2026-03-04T21:18:45","slug":"rifle-m16-guerra-de-vietnam-1967","status":"publish","type":"product","link":"https:\/\/repliquemangacine.fr\/es\/fusil-d-assaut-fusil-moderne\/fusil-m16-guerre-du-viet-nam-1967\/","title":{"rendered":"Fusil M16 Guerra de Vietnam 1967"},"content":{"rendered":"<h2>El legendario fusil M16 A1 de 1967: una r\u00e9plica hist\u00f3rica imprescindible.<\/h2>\n<p>Con esto <strong>Rifle M16<\/strong> de 1967 firmado <a href=\"https:\/\/www.denix.fr\/fr\/catalogue\/armes-modernes-1945-1982\/carabines-carabines-et-fusils\/9133\/\" target=\"_blank\" rel=\"noopener noreferrer\">Denix<\/a>, nos sumergimos directamente en plena Guerra de Vietnam. Esta r\u00e9plica, fabricada \u00edntegramente en metal zamac y ABS moldeado, ofrece un realismo impresionante. En particular, gracias a su cargador extra\u00edble, su simulaci\u00f3n de carga y su mecanismo de disparo ficticio. La correa de tela a\u00f1ade un toque final aut\u00e9ntico, perfecto para exhibirlo con orgullo o completar un cosplay militar ultra fiel. Adem\u00e1s, su peso equilibrado y su acabado negro mate recuerdan instant\u00e1neamente al emblem\u00e1tico arma de los GI. Por lo tanto, esta pieza se convierte en una opci\u00f3n ideal para los apasionados de la historia, los coleccionistas exigentes o los aficionados a las recreaciones. En consecuencia, esta r\u00e9plica del M16A1 encarna a la perfecci\u00f3n el poder visual y el aura legendaria de un arma que marc\u00f3 su \u00e9poca.<\/p>\n<h2>Rifle M16: un icono militar convertido en s\u00edmbolo de una generaci\u00f3n<\/h2>\n<p>El M16A1 es mucho m\u00e1s que un rifle: es el emblema tecnol\u00f3gico y cultural de un conflicto decisivo. Utilizado masivamente por el ej\u00e9rcito estadounidense desde 1967, revolucion\u00f3 el dise\u00f1o de los rifles de asalto gracias a su ligereza, su cadencia y su dise\u00f1o futurista para la \u00e9poca. En pel\u00edculas, series o videojuegos, simboliza la tensi\u00f3n de las selvas vietnamitas y la modernizaci\u00f3n del armamento moderno. Por lo tanto, esta r\u00e9plica de Denix permite comprender toda la importancia hist\u00f3rica de esta arma que se ha convertido en m\u00edtica. Su aspecto tan particular evoca innumerables escenas ic\u00f3nicas, lo que hace que el objeto sea inmediatamente reconocible. As\u00ed, para un coleccionista, poseer el M16A1 es tener en sus manos una verdadera pieza de historia. Un fragmento material de la evoluci\u00f3n militar del siglo XX.<\/p>\n<h2>R\u00e9plique Manga Cin\u00e9: la referencia en armas hist\u00f3ricas de la Segunda Guerra Mundial<\/h2>\n<p>Para los apasionados de la historia militar, R\u00e9plique Manga Cin\u00e9 tambi\u00e9n ofrece una amplia selecci\u00f3n de r\u00e9plicas emblem\u00e1ticas de la Segunda Guerra Mundial y del Desembarco. As\u00ed, la <a href=\"https:\/\/repliquemangacine.fr\/es\/denix\/replica-de-ametralladora-mg34-con-tripodes-denix\/\">Ametralladora MG-34<\/a>, aut\u00e9ntico icono del arsenal alem\u00e1n, impresiona por su realismo y su robusto acabado. Del mismo modo, el <a href=\"https:\/\/repliquemangacine.fr\/es\/denix\/subametralladora-mp40\/\">Subfusil MP40<\/a>, arma imprescindible de los paracaidistas y las unidades motorizadas, completa a la perfecci\u00f3n una colecci\u00f3n dedicada a esta \u00e9poca. Adem\u00e1s, la r\u00e9plica del <a href=\"https:\/\/repliquemangacine.fr\/es\/reproduccion-armas-segunda-guerra-mundial-denix\/fusil-m1-garand\/\">rifle Garand M1<\/a>, el primer rifle semiautom\u00e1tico adoptado por las fuerzas estadounidenses, sigue siendo imprescindible para los aficionados a la recreaci\u00f3n hist\u00f3rica. Por \u00faltimo, el <a href=\"https:\/\/repliquemangacine.fr\/es\/reproduccion-armas-segunda-guerra-mundial-denix\/pistola-automatica-m1911a1-con-patina-y-acabado-antiguo\/\">pistola autom\u00e1tica M1911A1<\/a> El acabado patinado y envejecido aporta un toque aut\u00e9ntico, que recuerda las armas que llevaban los soldados estadounidenses. Gracias a estas piezas detalladas, tu colecci\u00f3n sigue siendo una colecci\u00f3n de r\u00e9plicas cargadas de historia.<\/p>","protected":false},"excerpt":{"rendered":"<p>Revive la intensidad de Vietnam con esta r\u00e9plica del fusil de asalto M16 A1 Denix, el arma legendaria de los G.I. por fin en tus manos.<\/p>\n<ul>\n<li>Todo de metal y ABS moldeado (culata y ca\u00f1\u00f3n).<\/li>\n<li>Piezas met\u00e1licas en Zamac.<\/li>\n<li>Cargador extra\u00edble.<\/li>\n<li>Simulaci\u00f3n de carga y disparos  (Se arma y golpea).<\/li>\n<li>No apto para disparar.<\/li>\n<li>Se entrega con su correa de tela.<\/li>\n<li>No se requiere autorizaci\u00f3n. Venta y posesi\u00f3n libres<\/li>\n<li>Longitud total: 98 cm \u2013 Peso: 3608 g<\/li>\n<\/ul>","protected":false},"featured_media":92169,"template":"","meta":[],"product_brand":[],"product_cat":[25,46,107,28,76],"product_tag":[],"class_list":{"0":"post-92165","1":"product","2":"type-product","3":"status-publish","4":"has-post-thumbnail","6":"product_cat-armes-historiques","7":"product_cat-fusil-d-assaut-fusil-moderne","8":"product_cat-nouveautes","9":"product_cat-repliques-darmes","10":"product_cat-reproductions-armes-seconde-guerre-mondiale-denix","12":"first","13":"instock","14":"taxable","15":"shipping-taxable","16":"purchasable","17":"product-type-simple"},"yoast_head":"<!-- This site is optimized with the Yoast SEO plugin v27.5 - https:\/\/yoast.com\/product\/yoast-seo-wordpress\/ -->\n<title>Fusil M16 Guerre du Vi\u00eat-nam 1967 - R\u00e9plique Manga Cin\u00e9<\/title>\n<meta name=\"description\" content=\"Fusil M16 Guerre du Vi\u00eat-nam Denix : m\u00e9tal r\u00e9aliste, chargeur amovible, simulation de tirs. R\u00e9plique historique id\u00e9ale collection, d\u00e9co ou reconstitution.\" \/>\n<meta name=\"robots\" content=\"index, follow, max-snippet:-1, max-image-preview:large, max-video-preview:-1\" \/>\n<link rel=\"canonical\" href=\"https:\/\/repliquemangacine.fr\/es\/fusil-de-asalto-fusil-moderno\/rifle-m16-guerra-de-vietnam-1967\/\" \/>\n<meta property=\"og:locale\" content=\"es_ES\" \/>\n<meta property=\"og:type\" content=\"article\" \/>\n<meta property=\"og:title\" content=\"Fusil M16 Guerre du Vi\u00eat-nam 1967 - R\u00e9plique Manga Cin\u00e9\" \/>\n<meta property=\"og:description\" content=\"Fusil M16 Guerre du Vi\u00eat-nam Denix : m\u00e9tal r\u00e9aliste, chargeur amovible, simulation de tirs. R\u00e9plique historique id\u00e9ale collection, d\u00e9co ou reconstitution.\" \/>\n<meta property=\"og:url\" content=\"https:\/\/repliquemangacine.fr\/es\/fusil-de-asalto-fusil-moderno\/rifle-m16-guerra-de-vietnam-1967\/\" \/>\n<meta property=\"og:site_name\" content=\"R\u00e9plique Manga Cin\u00e9\" \/>\n<meta property=\"article:publisher\" content=\"https:\/\/www.facebook.com\/RepliqueMangaCine\" \/>\n<meta property=\"article:modified_time\" content=\"2026-03-04T21:18:45+00:00\" \/>\n<meta property=\"og:image\" content=\"https:\/\/repliquemangacine.fr\/wp-content\/uploads\/2025\/12\/Fusil-M16A1-Guerre-Vietnam.jpg\" \/>\n\t<meta property=\"og:image:width\" content=\"700\" \/>\n\t<meta property=\"og:image:height\" content=\"700\" \/>\n\t<meta property=\"og:image:type\" content=\"image\/jpeg\" \/>\n<meta name=\"twitter:card\" content=\"summary_large_image\" \/>\n<meta name=\"twitter:label1\" content=\"Tiempo de lectura\" \/>\n\t<meta name=\"twitter:data1\" content=\"3 minutos\" \/>\n<script type=\"application\/ld+json\" class=\"yoast-schema-graph\">{\"@context\":\"https:\\\/\\\/schema.org\",\"@graph\":[{\"@type\":\"WebPage\",\"@id\":\"https:\\\/\\\/repliquemangacine.fr\\\/fusil-d-assaut-fusil-moderne\\\/fusil-m16-guerre-du-viet-nam-1967\\\/\",\"url\":\"https:\\\/\\\/repliquemangacine.fr\\\/fusil-d-assaut-fusil-moderne\\\/fusil-m16-guerre-du-viet-nam-1967\\\/\",\"name\":\"Fusil M16 Guerre du Vi\u00eat-nam 1967 - R\u00e9plique Manga Cin\u00e9\",\"isPartOf\":{\"@id\":\"https:\\\/\\\/repliquemangacine.fr\\\/#website\"},\"primaryImageOfPage\":{\"@id\":\"https:\\\/\\\/repliquemangacine.fr\\\/fusil-d-assaut-fusil-moderne\\\/fusil-m16-guerre-du-viet-nam-1967\\\/#primaryimage\"},\"image\":{\"@id\":\"https:\\\/\\\/repliquemangacine.fr\\\/fusil-d-assaut-fusil-moderne\\\/fusil-m16-guerre-du-viet-nam-1967\\\/#primaryimage\"},\"thumbnailUrl\":\"https:\\\/\\\/repliquemangacine.fr\\\/wp-content\\\/uploads\\\/2025\\\/12\\\/Fusil-M16A1-Guerre-Vietnam.jpg\",\"datePublished\":\"2025-12-05T10:23:50+00:00\",\"dateModified\":\"2026-03-04T21:18:45+00:00\",\"description\":\"Fusil M16 Guerre du Vi\u00eat-nam Denix : m\u00e9tal r\u00e9aliste, chargeur amovible, simulation de tirs. R\u00e9plique historique id\u00e9ale collection, d\u00e9co ou reconstitution.\",\"breadcrumb\":{\"@id\":\"https:\\\/\\\/repliquemangacine.fr\\\/fusil-d-assaut-fusil-moderne\\\/fusil-m16-guerre-du-viet-nam-1967\\\/#breadcrumb\"},\"inLanguage\":\"es\",\"potentialAction\":[{\"@type\":\"ReadAction\",\"target\":[\"https:\\\/\\\/repliquemangacine.fr\\\/fusil-d-assaut-fusil-moderne\\\/fusil-m16-guerre-du-viet-nam-1967\\\/\"]}]},{\"@type\":\"ImageObject\",\"inLanguage\":\"es\",\"@id\":\"https:\\\/\\\/repliquemangacine.fr\\\/fusil-d-assaut-fusil-moderne\\\/fusil-m16-guerre-du-viet-nam-1967\\\/#primaryimage\",\"url\":\"https:\\\/\\\/repliquemangacine.fr\\\/wp-content\\\/uploads\\\/2025\\\/12\\\/Fusil-M16A1-Guerre-Vietnam.jpg\",\"contentUrl\":\"https:\\\/\\\/repliquemangacine.fr\\\/wp-content\\\/uploads\\\/2025\\\/12\\\/Fusil-M16A1-Guerre-Vietnam.jpg\",\"width\":700,\"height\":700,\"caption\":\"Fusil M16 Guerre du Vi\u00eat-nam 1967\"},{\"@type\":\"BreadcrumbList\",\"@id\":\"https:\\\/\\\/repliquemangacine.fr\\\/fusil-d-assaut-fusil-moderne\\\/fusil-m16-guerre-du-viet-nam-1967\\\/#breadcrumb\",\"itemListElement\":[{\"@type\":\"ListItem\",\"position\":1,\"name\":\"Accueil\",\"item\":\"https:\\\/\\\/repliquemangacine.fr\\\/\"},{\"@type\":\"ListItem\",\"position\":2,\"name\":\"Produits\",\"item\":\"https:\\\/\\\/repliquemangacine.fr\\\/boutique\\\/\"},{\"@type\":\"ListItem\",\"position\":3,\"name\":\"Fusil M16 Guerre du Vi\u00eat-nam 1967\"}]},{\"@type\":\"WebSite\",\"@id\":\"https:\\\/\\\/repliquemangacine.fr\\\/#website\",\"url\":\"https:\\\/\\\/repliquemangacine.fr\\\/\",\"name\":\"R\u00e9plique Manga Cin\u00e9\",\"description\":\"\",\"publisher\":{\"@id\":\"https:\\\/\\\/repliquemangacine.fr\\\/#organization\"},\"potentialAction\":[{\"@type\":\"SearchAction\",\"target\":{\"@type\":\"EntryPoint\",\"urlTemplate\":\"https:\\\/\\\/repliquemangacine.fr\\\/?s={search_term_string}\"},\"query-input\":{\"@type\":\"PropertyValueSpecification\",\"valueRequired\":true,\"valueName\":\"search_term_string\"}}],\"inLanguage\":\"es\"},{\"@type\":\"Organization\",\"@id\":\"https:\\\/\\\/repliquemangacine.fr\\\/#organization\",\"name\":\"R\u00e9plique Manga Cin\u00e9\",\"url\":\"https:\\\/\\\/repliquemangacine.fr\\\/\",\"logo\":{\"@type\":\"ImageObject\",\"inLanguage\":\"es\",\"@id\":\"https:\\\/\\\/repliquemangacine.fr\\\/#\\\/schema\\\/logo\\\/image\\\/\",\"url\":\"https:\\\/\\\/repliquemangacine.fr\\\/wp-content\\\/uploads\\\/2023\\\/10\\\/RMC-500250.png\",\"contentUrl\":\"https:\\\/\\\/repliquemangacine.fr\\\/wp-content\\\/uploads\\\/2023\\\/10\\\/RMC-500250.png\",\"width\":500,\"height\":250,\"caption\":\"R\u00e9plique Manga Cin\u00e9\"},\"image\":{\"@id\":\"https:\\\/\\\/repliquemangacine.fr\\\/#\\\/schema\\\/logo\\\/image\\\/\"},\"sameAs\":[\"https:\\\/\\\/www.facebook.com\\\/RepliqueMangaCine\",\"https:\\\/\\\/www.instagram.com\\\/repliquemangacine.fr\\\/\"]}]}<\/script>\n<!-- \/ Yoast SEO plugin. -->","yoast_head_json":{"title":"Fusil M16 Guerra de Vietnam 1967 - R\u00e9plique Manga Cin\u00e9","description":"Rifle M16 Guerra de Vietnam Denix: metal realista, cargador extra\u00edble, simulaci\u00f3n de disparos. R\u00e9plica hist\u00f3rica ideal para coleccionistas, decoraci\u00f3n o recreaci\u00f3n.","robots":{"index":"index","follow":"follow","max-snippet":"max-snippet:-1","max-image-preview":"max-image-preview:large","max-video-preview":"max-video-preview:-1"},"canonical":"https:\/\/repliquemangacine.fr\/es\/fusil-de-asalto-fusil-moderno\/rifle-m16-guerra-de-vietnam-1967\/","og_locale":"es_ES","og_type":"article","og_title":"Fusil M16 Guerre du Vi\u00eat-nam 1967 - R\u00e9plique Manga Cin\u00e9","og_description":"Fusil M16 Guerre du Vi\u00eat-nam Denix : m\u00e9tal r\u00e9aliste, chargeur amovible, simulation de tirs. R\u00e9plique historique id\u00e9ale collection, d\u00e9co ou reconstitution.","og_url":"https:\/\/repliquemangacine.fr\/es\/fusil-de-asalto-fusil-moderno\/rifle-m16-guerra-de-vietnam-1967\/","og_site_name":"R\u00e9plique Manga Cin\u00e9","article_publisher":"https:\/\/www.facebook.com\/RepliqueMangaCine","article_modified_time":"2026-03-04T21:18:45+00:00","og_image":[{"width":700,"height":700,"url":"https:\/\/repliquemangacine.fr\/wp-content\/uploads\/2025\/12\/Fusil-M16A1-Guerre-Vietnam.jpg","type":"image\/jpeg"}],"twitter_card":"summary_large_image","twitter_misc":{"Tiempo de lectura":"3 minutos"},"schema":{"@context":"https:\/\/schema.org","@graph":[{"@type":"WebPage","@id":"https:\/\/repliquemangacine.fr\/fusil-d-assaut-fusil-moderne\/fusil-m16-guerre-du-viet-nam-1967\/","url":"https:\/\/repliquemangacine.fr\/fusil-d-assaut-fusil-moderne\/fusil-m16-guerre-du-viet-nam-1967\/","name":"Fusil M16 Guerra de Vietnam 1967 - R\u00e9plique Manga Cin\u00e9","isPartOf":{"@id":"https:\/\/repliquemangacine.fr\/#website"},"primaryImageOfPage":{"@id":"https:\/\/repliquemangacine.fr\/fusil-d-assaut-fusil-moderne\/fusil-m16-guerre-du-viet-nam-1967\/#primaryimage"},"image":{"@id":"https:\/\/repliquemangacine.fr\/fusil-d-assaut-fusil-moderne\/fusil-m16-guerre-du-viet-nam-1967\/#primaryimage"},"thumbnailUrl":"https:\/\/repliquemangacine.fr\/wp-content\/uploads\/2025\/12\/Fusil-M16A1-Guerre-Vietnam.jpg","datePublished":"2025-12-05T10:23:50+00:00","dateModified":"2026-03-04T21:18:45+00:00","description":"Rifle M16 Guerra de Vietnam Denix: metal realista, cargador extra\u00edble, simulaci\u00f3n de disparos. R\u00e9plica hist\u00f3rica ideal para coleccionistas, decoraci\u00f3n o recreaci\u00f3n.","breadcrumb":{"@id":"https:\/\/repliquemangacine.fr\/fusil-d-assaut-fusil-moderne\/fusil-m16-guerre-du-viet-nam-1967\/#breadcrumb"},"inLanguage":"es","potentialAction":[{"@type":"ReadAction","target":["https:\/\/repliquemangacine.fr\/fusil-d-assaut-fusil-moderne\/fusil-m16-guerre-du-viet-nam-1967\/"]}]},{"@type":"ImageObject","inLanguage":"es","@id":"https:\/\/repliquemangacine.fr\/fusil-d-assaut-fusil-moderne\/fusil-m16-guerre-du-viet-nam-1967\/#primaryimage","url":"https:\/\/repliquemangacine.fr\/wp-content\/uploads\/2025\/12\/Fusil-M16A1-Guerre-Vietnam.jpg","contentUrl":"https:\/\/repliquemangacine.fr\/wp-content\/uploads\/2025\/12\/Fusil-M16A1-Guerre-Vietnam.jpg","width":700,"height":700,"caption":"Fusil M16 Guerre du Vi\u00eat-nam 1967"},{"@type":"BreadcrumbList","@id":"https:\/\/repliquemangacine.fr\/fusil-d-assaut-fusil-moderne\/fusil-m16-guerre-du-viet-nam-1967\/#breadcrumb","itemListElement":[{"@type":"ListItem","position":1,"name":"Accueil","item":"https:\/\/repliquemangacine.fr\/"},{"@type":"ListItem","position":2,"name":"Produits","item":"https:\/\/repliquemangacine.fr\/boutique\/"},{"@type":"ListItem","position":3,"name":"Fusil M16 Guerre du Vi\u00eat-nam 1967"}]},{"@type":"WebSite","@id":"https:\/\/repliquemangacine.fr\/#website","url":"https:\/\/repliquemangacine.fr\/","name":"R\u00e9plique Manga Cin\u00e9","description":"","publisher":{"@id":"https:\/\/repliquemangacine.fr\/#organization"},"potentialAction":[{"@type":"SearchAction","target":{"@type":"EntryPoint","urlTemplate":"https:\/\/repliquemangacine.fr\/?s={search_term_string}"},"query-input":{"@type":"PropertyValueSpecification","valueRequired":true,"valueName":"search_term_string"}}],"inLanguage":"es"},{"@type":"Organization","@id":"https:\/\/repliquemangacine.fr\/#organization","name":"R\u00e9plique Manga Cin\u00e9","url":"https:\/\/repliquemangacine.fr\/","logo":{"@type":"ImageObject","inLanguage":"es","@id":"https:\/\/repliquemangacine.fr\/#\/schema\/logo\/image\/","url":"https:\/\/repliquemangacine.fr\/wp-content\/uploads\/2023\/10\/RMC-500250.png","contentUrl":"https:\/\/repliquemangacine.fr\/wp-content\/uploads\/2023\/10\/RMC-500250.png","width":500,"height":250,"caption":"R\u00e9plique Manga Cin\u00e9"},"image":{"@id":"https:\/\/repliquemangacine.fr\/#\/schema\/logo\/image\/"},"sameAs":["https:\/\/www.facebook.com\/RepliqueMangaCine","https:\/\/www.instagram.com\/repliquemangacine.fr\/"]}]}},"_links":{"self":[{"href":"https:\/\/repliquemangacine.fr\/es\/wp-json\/wp\/v2\/product\/92165","targetHints":{"allow":["GET"]}}],"collection":[{"href":"https:\/\/repliquemangacine.fr\/es\/wp-json\/wp\/v2\/product"}],"about":[{"href":"https:\/\/repliquemangacine.fr\/es\/wp-json\/wp\/v2\/types\/product"}],"wp:featuredmedia":[{"embeddable":true,"href":"https:\/\/repliquemangacine.fr\/es\/wp-json\/wp\/v2\/media\/92169"}],"wp:attachment":[{"href":"https:\/\/repliquemangacine.fr\/es\/wp-json\/wp\/v2\/media?parent=92165"}],"wp:term":[{"taxonomy":"product_brand","embeddable":true,"href":"https:\/\/repliquemangacine.fr\/es\/wp-json\/wp\/v2\/product_brand?post=92165"},{"taxonomy":"product_cat","embeddable":true,"href":"https:\/\/repliquemangacine.fr\/es\/wp-json\/wp\/v2\/product_cat?post=92165"},{"taxonomy":"product_tag","embeddable":true,"href":"https:\/\/repliquemangacine.fr\/es\/wp-json\/wp\/v2\/product_tag?post=92165"}],"curies":[{"name":"wp","href":"https:\/\/api.w.org\/{rel}","templated":true}]}}