





{"id":91296,"date":"2025-11-25T11:24:54","date_gmt":"2025-11-25T10:24:54","guid":{"rendered":"https:\/\/repliquemangacine.fr\/?post_type=product&#038;p=91296"},"modified":"2026-03-01T11:38:22","modified_gmt":"2026-03-01T10:38:22","slug":"espada-oscura-hermana-laton-casa-del-dragon","status":"publish","type":"product","link":"https:\/\/repliquemangacine.fr\/es\/house-of-the-dragon\/epee-dark-sister-laiton-house-of-the-dragon\/","title":{"rendered":"Espada Dark Sister Lat\u00f3n \u2013 House of the Dragon"},"content":{"rendered":"<h2>Espada Dark Sister Lat\u00f3n: Una hoja valyriana<\/h2>\n<p>En primer lugar, este <strong>Espada Dark Sister Lat\u00f3n<\/strong> Es una r\u00e9plica refinada inspirada en el arma m\u00edtica de los Targaryen. Su hoja de acero presenta un efecto martillado que recuerda la antigua maestr\u00eda de los herreros valyrianos. La guarda y el pomo combinan acero envejecido y lat\u00f3n, lo que le confiere una est\u00e9tica noble y guerrera. La empu\u00f1adura met\u00e1lica, envuelta en hilo de algod\u00f3n negro, refuerza el agarre respetando el estilo imperial de Poniente. Adem\u00e1s, la espada se entrega con un soporte de pared adornado con el escudo de armas de los Targaryen. Gracias a esta presentaci\u00f3n, cada pieza se convierte en un homenaje a los dragones y al legado de los conquistadores.<\/p>\n<h2>El arma de un pr\u00edncipe con un destino ardiente<\/h2>\n<p>Para empezar, en House of the Dragon, Dark Sister est\u00e1 \u00edntimamente relacionada con <a href=\"https:\/\/gameofthrones.fandom.com\/fr\/wiki\/Daemon_Targaryen\" target=\"_blank\" rel=\"noopener noreferrer\">Daemon Targaryen<\/a>, pr\u00edncipe rebelde y temido guerrero. Daemon, apodado el Pr\u00edncipe Vago, t\u00edo de Rhaenyra Targaryen. Considerado el hombre m\u00e1s peligroso de Poniente en la \u00e9poca de la Danza de Dragones. Esta espada le acompa\u00f1a en sus combates, simbolizando su maestr\u00eda en el duelo y su condici\u00f3n de miembro destacado de la dinast\u00eda. Tambi\u00e9n representa la historia de la casa, transmitida de generaci\u00f3n en generaci\u00f3n desde la era de los dragones. Gracias a esta r\u00e9plica, los fans reviven las tensiones, las alianzas y las batallas que dan forma a la serie. Esta espada se convierte as\u00ed en un recordatorio del poder, el carisma y la ambici\u00f3n del pr\u00edncipe Daemon.<\/p>\n<h2>Una colecci\u00f3n Targaryen en R\u00e9plique Manga Cin\u00e9<\/h2>\n<p>Esta prestigiosa arma se une a una selecci\u00f3n excepcional dedicada al universo House of the Dragon en R\u00e9plique Manga Cin\u00e9. Entre las piezas imprescindibles, destaca la magn\u00edfica r\u00e9plica del\u2019<a href=\"https:\/\/repliquemangacine.fr\/es\/casa-del-dragon\/epee-de-rhaenyra-casa-del-dragon\/\">Espada de Rhaenyra<\/a> encarna a la futura reina y su ascenso. Tambi\u00e9n ofrecemos el\u2019<a href=\"https:\/\/repliquemangacine.fr\/es\/casa-del-dragon\/feunoyr-viserys-targaryen-espada\/\">espada de Viserys<\/a> acompa\u00f1ada de su funda, que reproduce fielmente la elegancia real. Por \u00faltimo, la famosa <a href=\"https:\/\/repliquemangacine.fr\/es\/casa-del-dragon\/replica-de-la-daga-catspaw-juego-de-tronos\/\">Catspaw<\/a>, la daga de acero valyrio que tambi\u00e9n aparece en Juego de Tronos, completa esta colecci\u00f3n legendaria. En conclusi\u00f3n, con estas variadas r\u00e9plicas, cada fan puede construir un arsenal digno de los herederos de Valyria.<\/p>","protected":false},"excerpt":{"rendered":"<p>Empu\u00f1a Dark Sister, la legendaria espada de los Targaryen, e impone el poder de Valyria en tu colecci\u00f3n.<\/p>\n<ul>\n<li>Hoja de acero con efecto martillado<\/li>\n<li>Guarda y pomo de acero macizo con acabado en lat\u00f3n<\/li>\n<li>Mango de acero recubierto con hilo de algod\u00f3n negro para un buen agarre.<\/li>\n<li>Se entrega con su soporte de presentaci\u00f3n con el emblema de la casa Targaryen.<\/li>\n<li>Longitud de la hoja: 89 cm \u2013 Longitud total: 119 cm<\/li>\n<li>Peso: 1230 g<\/li>\n<\/ul>","protected":false},"featured_media":91297,"template":"","meta":[],"product_brand":[],"product_cat":[72,105],"product_tag":[],"class_list":{"0":"post-91296","1":"product","2":"type-product","3":"status-publish","4":"has-post-thumbnail","6":"product_cat-epees-game-of-thrones","7":"product_cat-house-of-the-dragon","9":"first","10":"instock","11":"taxable","12":"shipping-taxable","13":"purchasable","14":"product-type-simple"},"yoast_head":"<!-- This site is optimized with the Yoast SEO plugin v27.4 - https:\/\/yoast.com\/product\/yoast-seo-wordpress\/ -->\n<title>\u00c9p\u00e9e Dark Sister Laiton - House of the Dragon - R\u00e9plique Manga Cin\u00e9<\/title>\n<meta name=\"description\" content=\"\u00c9p\u00e9e Dark Sister Laiton House of the Dragon, lame acier martel\u00e9, garde laiton, support Targaryen. R\u00e9plique premium id\u00e9ale collection et exposition.\" \/>\n<meta name=\"robots\" content=\"index, follow, max-snippet:-1, max-image-preview:large, max-video-preview:-1\" \/>\n<link rel=\"canonical\" href=\"https:\/\/repliquemangacine.fr\/es\/casa-del-dragon\/espada-oscura-hermana-laton-casa-del-dragon\/\" \/>\n<meta property=\"og:locale\" content=\"es_ES\" \/>\n<meta property=\"og:type\" content=\"article\" \/>\n<meta property=\"og:title\" content=\"\u00c9p\u00e9e Dark Sister Laiton - House of the Dragon - R\u00e9plique Manga Cin\u00e9\" \/>\n<meta property=\"og:description\" content=\"\u00c9p\u00e9e Dark Sister Laiton House of the Dragon, lame acier martel\u00e9, garde laiton, support Targaryen. R\u00e9plique premium id\u00e9ale collection et exposition.\" \/>\n<meta property=\"og:url\" content=\"https:\/\/repliquemangacine.fr\/es\/casa-del-dragon\/espada-oscura-hermana-laton-casa-del-dragon\/\" \/>\n<meta property=\"og:site_name\" content=\"R\u00e9plique Manga Cin\u00e9\" \/>\n<meta property=\"article:publisher\" content=\"https:\/\/www.facebook.com\/RepliqueMangaCine\" \/>\n<meta property=\"article:modified_time\" content=\"2026-03-01T10:38:22+00:00\" \/>\n<meta property=\"og:image\" content=\"https:\/\/repliquemangacine.fr\/wp-content\/uploads\/2025\/11\/Epee-Dark-Sister-laiton.jpg\" \/>\n\t<meta property=\"og:image:width\" content=\"700\" \/>\n\t<meta property=\"og:image:height\" content=\"700\" \/>\n\t<meta property=\"og:image:type\" content=\"image\/jpeg\" \/>\n<meta name=\"twitter:card\" content=\"summary_large_image\" \/>\n<meta name=\"twitter:label1\" content=\"Tiempo de lectura\" \/>\n\t<meta name=\"twitter:data1\" content=\"2 minutos\" \/>\n<script type=\"application\/ld+json\" class=\"yoast-schema-graph\">{\"@context\":\"https:\\\/\\\/schema.org\",\"@graph\":[{\"@type\":\"WebPage\",\"@id\":\"https:\\\/\\\/repliquemangacine.fr\\\/house-of-the-dragon\\\/epee-dark-sister-laiton-house-of-the-dragon\\\/\",\"url\":\"https:\\\/\\\/repliquemangacine.fr\\\/house-of-the-dragon\\\/epee-dark-sister-laiton-house-of-the-dragon\\\/\",\"name\":\"\u00c9p\u00e9e Dark Sister Laiton - House of the Dragon - R\u00e9plique Manga Cin\u00e9\",\"isPartOf\":{\"@id\":\"https:\\\/\\\/repliquemangacine.fr\\\/#website\"},\"primaryImageOfPage\":{\"@id\":\"https:\\\/\\\/repliquemangacine.fr\\\/house-of-the-dragon\\\/epee-dark-sister-laiton-house-of-the-dragon\\\/#primaryimage\"},\"image\":{\"@id\":\"https:\\\/\\\/repliquemangacine.fr\\\/house-of-the-dragon\\\/epee-dark-sister-laiton-house-of-the-dragon\\\/#primaryimage\"},\"thumbnailUrl\":\"https:\\\/\\\/repliquemangacine.fr\\\/wp-content\\\/uploads\\\/2025\\\/11\\\/Epee-Dark-Sister-laiton.jpg\",\"datePublished\":\"2025-11-25T10:24:54+00:00\",\"dateModified\":\"2026-03-01T10:38:22+00:00\",\"description\":\"\u00c9p\u00e9e Dark Sister Laiton House of the Dragon, lame acier martel\u00e9, garde laiton, support Targaryen. R\u00e9plique premium id\u00e9ale collection et exposition.\",\"breadcrumb\":{\"@id\":\"https:\\\/\\\/repliquemangacine.fr\\\/house-of-the-dragon\\\/epee-dark-sister-laiton-house-of-the-dragon\\\/#breadcrumb\"},\"inLanguage\":\"es\",\"potentialAction\":[{\"@type\":\"ReadAction\",\"target\":[\"https:\\\/\\\/repliquemangacine.fr\\\/house-of-the-dragon\\\/epee-dark-sister-laiton-house-of-the-dragon\\\/\"]}]},{\"@type\":\"ImageObject\",\"inLanguage\":\"es\",\"@id\":\"https:\\\/\\\/repliquemangacine.fr\\\/house-of-the-dragon\\\/epee-dark-sister-laiton-house-of-the-dragon\\\/#primaryimage\",\"url\":\"https:\\\/\\\/repliquemangacine.fr\\\/wp-content\\\/uploads\\\/2025\\\/11\\\/Epee-Dark-Sister-laiton.jpg\",\"contentUrl\":\"https:\\\/\\\/repliquemangacine.fr\\\/wp-content\\\/uploads\\\/2025\\\/11\\\/Epee-Dark-Sister-laiton.jpg\",\"width\":700,\"height\":700,\"caption\":\"Ep\u00e9e Dark Sister Laiton dans House of the Dragon\"},{\"@type\":\"BreadcrumbList\",\"@id\":\"https:\\\/\\\/repliquemangacine.fr\\\/house-of-the-dragon\\\/epee-dark-sister-laiton-house-of-the-dragon\\\/#breadcrumb\",\"itemListElement\":[{\"@type\":\"ListItem\",\"position\":1,\"name\":\"Accueil\",\"item\":\"https:\\\/\\\/repliquemangacine.fr\\\/\"},{\"@type\":\"ListItem\",\"position\":2,\"name\":\"Produits\",\"item\":\"https:\\\/\\\/repliquemangacine.fr\\\/boutique\\\/\"},{\"@type\":\"ListItem\",\"position\":3,\"name\":\"\u00c9p\u00e9e Dark Sister Laiton &#8211; House of the Dragon\"}]},{\"@type\":\"WebSite\",\"@id\":\"https:\\\/\\\/repliquemangacine.fr\\\/#website\",\"url\":\"https:\\\/\\\/repliquemangacine.fr\\\/\",\"name\":\"R\u00e9plique Manga Cin\u00e9\",\"description\":\"\",\"publisher\":{\"@id\":\"https:\\\/\\\/repliquemangacine.fr\\\/#organization\"},\"potentialAction\":[{\"@type\":\"SearchAction\",\"target\":{\"@type\":\"EntryPoint\",\"urlTemplate\":\"https:\\\/\\\/repliquemangacine.fr\\\/?s={search_term_string}\"},\"query-input\":{\"@type\":\"PropertyValueSpecification\",\"valueRequired\":true,\"valueName\":\"search_term_string\"}}],\"inLanguage\":\"es\"},{\"@type\":\"Organization\",\"@id\":\"https:\\\/\\\/repliquemangacine.fr\\\/#organization\",\"name\":\"R\u00e9plique Manga Cin\u00e9\",\"url\":\"https:\\\/\\\/repliquemangacine.fr\\\/\",\"logo\":{\"@type\":\"ImageObject\",\"inLanguage\":\"es\",\"@id\":\"https:\\\/\\\/repliquemangacine.fr\\\/#\\\/schema\\\/logo\\\/image\\\/\",\"url\":\"https:\\\/\\\/repliquemangacine.fr\\\/wp-content\\\/uploads\\\/2023\\\/10\\\/RMC-500250.png\",\"contentUrl\":\"https:\\\/\\\/repliquemangacine.fr\\\/wp-content\\\/uploads\\\/2023\\\/10\\\/RMC-500250.png\",\"width\":500,\"height\":250,\"caption\":\"R\u00e9plique Manga Cin\u00e9\"},\"image\":{\"@id\":\"https:\\\/\\\/repliquemangacine.fr\\\/#\\\/schema\\\/logo\\\/image\\\/\"},\"sameAs\":[\"https:\\\/\\\/www.facebook.com\\\/RepliqueMangaCine\",\"https:\\\/\\\/www.instagram.com\\\/repliquemangacine.fr\\\/\"]}]}<\/script>\n<!-- \/ Yoast SEO plugin. -->","yoast_head_json":{"title":"Espada Dark Sister Lat\u00f3n - House of the Dragon - R\u00e9plique Manga Cin\u00e9","description":"Espada Dark Sister Laiton House of the Dragon, hoja de acero martillado, guarda de lat\u00f3n, soporte Targaryen. R\u00e9plica premium ideal para coleccionar y exhibir.","robots":{"index":"index","follow":"follow","max-snippet":"max-snippet:-1","max-image-preview":"max-image-preview:large","max-video-preview":"max-video-preview:-1"},"canonical":"https:\/\/repliquemangacine.fr\/es\/casa-del-dragon\/espada-oscura-hermana-laton-casa-del-dragon\/","og_locale":"es_ES","og_type":"article","og_title":"\u00c9p\u00e9e Dark Sister Laiton - House of the Dragon - R\u00e9plique Manga Cin\u00e9","og_description":"\u00c9p\u00e9e Dark Sister Laiton House of the Dragon, lame acier martel\u00e9, garde laiton, support Targaryen. R\u00e9plique premium id\u00e9ale collection et exposition.","og_url":"https:\/\/repliquemangacine.fr\/es\/casa-del-dragon\/espada-oscura-hermana-laton-casa-del-dragon\/","og_site_name":"R\u00e9plique Manga Cin\u00e9","article_publisher":"https:\/\/www.facebook.com\/RepliqueMangaCine","article_modified_time":"2026-03-01T10:38:22+00:00","og_image":[{"width":700,"height":700,"url":"https:\/\/repliquemangacine.fr\/wp-content\/uploads\/2025\/11\/Epee-Dark-Sister-laiton.jpg","type":"image\/jpeg"}],"twitter_card":"summary_large_image","twitter_misc":{"Tiempo de lectura":"2 minutos"},"schema":{"@context":"https:\/\/schema.org","@graph":[{"@type":"WebPage","@id":"https:\/\/repliquemangacine.fr\/house-of-the-dragon\/epee-dark-sister-laiton-house-of-the-dragon\/","url":"https:\/\/repliquemangacine.fr\/house-of-the-dragon\/epee-dark-sister-laiton-house-of-the-dragon\/","name":"Espada Dark Sister Lat\u00f3n - House of the Dragon - R\u00e9plique Manga Cin\u00e9","isPartOf":{"@id":"https:\/\/repliquemangacine.fr\/#website"},"primaryImageOfPage":{"@id":"https:\/\/repliquemangacine.fr\/house-of-the-dragon\/epee-dark-sister-laiton-house-of-the-dragon\/#primaryimage"},"image":{"@id":"https:\/\/repliquemangacine.fr\/house-of-the-dragon\/epee-dark-sister-laiton-house-of-the-dragon\/#primaryimage"},"thumbnailUrl":"https:\/\/repliquemangacine.fr\/wp-content\/uploads\/2025\/11\/Epee-Dark-Sister-laiton.jpg","datePublished":"2025-11-25T10:24:54+00:00","dateModified":"2026-03-01T10:38:22+00:00","description":"Espada Dark Sister Laiton House of the Dragon, hoja de acero martillado, guarda de lat\u00f3n, soporte Targaryen. R\u00e9plica premium ideal para coleccionar y exhibir.","breadcrumb":{"@id":"https:\/\/repliquemangacine.fr\/house-of-the-dragon\/epee-dark-sister-laiton-house-of-the-dragon\/#breadcrumb"},"inLanguage":"es","potentialAction":[{"@type":"ReadAction","target":["https:\/\/repliquemangacine.fr\/house-of-the-dragon\/epee-dark-sister-laiton-house-of-the-dragon\/"]}]},{"@type":"ImageObject","inLanguage":"es","@id":"https:\/\/repliquemangacine.fr\/house-of-the-dragon\/epee-dark-sister-laiton-house-of-the-dragon\/#primaryimage","url":"https:\/\/repliquemangacine.fr\/wp-content\/uploads\/2025\/11\/Epee-Dark-Sister-laiton.jpg","contentUrl":"https:\/\/repliquemangacine.fr\/wp-content\/uploads\/2025\/11\/Epee-Dark-Sister-laiton.jpg","width":700,"height":700,"caption":"Ep\u00e9e Dark Sister Laiton dans House of the Dragon"},{"@type":"BreadcrumbList","@id":"https:\/\/repliquemangacine.fr\/house-of-the-dragon\/epee-dark-sister-laiton-house-of-the-dragon\/#breadcrumb","itemListElement":[{"@type":"ListItem","position":1,"name":"Accueil","item":"https:\/\/repliquemangacine.fr\/"},{"@type":"ListItem","position":2,"name":"Produits","item":"https:\/\/repliquemangacine.fr\/boutique\/"},{"@type":"ListItem","position":3,"name":"\u00c9p\u00e9e Dark Sister Laiton &#8211; House of the Dragon"}]},{"@type":"WebSite","@id":"https:\/\/repliquemangacine.fr\/#website","url":"https:\/\/repliquemangacine.fr\/","name":"R\u00e9plique Manga Cin\u00e9","description":"","publisher":{"@id":"https:\/\/repliquemangacine.fr\/#organization"},"potentialAction":[{"@type":"SearchAction","target":{"@type":"EntryPoint","urlTemplate":"https:\/\/repliquemangacine.fr\/?s={search_term_string}"},"query-input":{"@type":"PropertyValueSpecification","valueRequired":true,"valueName":"search_term_string"}}],"inLanguage":"es"},{"@type":"Organization","@id":"https:\/\/repliquemangacine.fr\/#organization","name":"R\u00e9plique Manga Cin\u00e9","url":"https:\/\/repliquemangacine.fr\/","logo":{"@type":"ImageObject","inLanguage":"es","@id":"https:\/\/repliquemangacine.fr\/#\/schema\/logo\/image\/","url":"https:\/\/repliquemangacine.fr\/wp-content\/uploads\/2023\/10\/RMC-500250.png","contentUrl":"https:\/\/repliquemangacine.fr\/wp-content\/uploads\/2023\/10\/RMC-500250.png","width":500,"height":250,"caption":"R\u00e9plique Manga Cin\u00e9"},"image":{"@id":"https:\/\/repliquemangacine.fr\/#\/schema\/logo\/image\/"},"sameAs":["https:\/\/www.facebook.com\/RepliqueMangaCine","https:\/\/www.instagram.com\/repliquemangacine.fr\/"]}]}},"_links":{"self":[{"href":"https:\/\/repliquemangacine.fr\/es\/wp-json\/wp\/v2\/product\/91296","targetHints":{"allow":["GET"]}}],"collection":[{"href":"https:\/\/repliquemangacine.fr\/es\/wp-json\/wp\/v2\/product"}],"about":[{"href":"https:\/\/repliquemangacine.fr\/es\/wp-json\/wp\/v2\/types\/product"}],"wp:featuredmedia":[{"embeddable":true,"href":"https:\/\/repliquemangacine.fr\/es\/wp-json\/wp\/v2\/media\/91297"}],"wp:attachment":[{"href":"https:\/\/repliquemangacine.fr\/es\/wp-json\/wp\/v2\/media?parent=91296"}],"wp:term":[{"taxonomy":"product_brand","embeddable":true,"href":"https:\/\/repliquemangacine.fr\/es\/wp-json\/wp\/v2\/product_brand?post=91296"},{"taxonomy":"product_cat","embeddable":true,"href":"https:\/\/repliquemangacine.fr\/es\/wp-json\/wp\/v2\/product_cat?post=91296"},{"taxonomy":"product_tag","embeddable":true,"href":"https:\/\/repliquemangacine.fr\/es\/wp-json\/wp\/v2\/product_tag?post=91296"}],"curies":[{"name":"wp","href":"https:\/\/api.w.org\/{rel}","templated":true}]}}