





{"id":91195,"date":"2025-11-23T16:35:13","date_gmt":"2025-11-23T15:35:13","guid":{"rendered":"https:\/\/repliquemangacine.fr\/?post_type=product&#038;p=91195"},"modified":"2025-11-30T20:12:03","modified_gmt":"2025-11-30T19:12:03","slug":"espada-reliquia-sagrada-elden-ring","status":"publish","type":"product","link":"https:\/\/repliquemangacine.fr\/es\/elden-ring\/epee-relique-sacree-elden-ring\/","title":{"rendered":"Espada reliquia sagrada Elden Ring"},"content":{"rendered":"<h2>Espada Reliquia Sagrada: una hoja con un dise\u00f1o \u00fanico.<\/h2>\n<p>En primer lugar, el\u2019<strong>Espada Reliquia Sagrada,<\/strong> Es EL trofeo definitivo del campe\u00f3n Sans-\u00c9clat, la recompensa simb\u00f3lica del jefe final de Elden Ring cuando se sigue el final \u201c\u00c2ge de la Fracture\u201d.<\/p>\n<p>Cabe destacar que esta <strong>Espada Reliquia Sagrada<\/strong> Presenta una silueta caracter\u00edstica f\u00e1cilmente reconocible. Una hoja fina, clara y calada que forma una estructura retorcida. Su metal texturizado pasa de tonos plateados a matices dorados, evocando una reliquia divina sellada en el tiempo. La guarda presenta motivos org\u00e1nicos esculpidos que recuerdan la ra\u00edz del Elden y la influencia de la Bestia Dorada. Se entrega con un soporte de madera para colgar en la pared, lo que permite una exposici\u00f3n noble digna de un arma sagrada. Su forma esbelta refuerza el aspecto celestial de esta arma destinada a aquellos que han alcanzado la m\u00e1s alta ascensi\u00f3n.<\/p>\n<h2>S\u00edmbolo del destino del Sin Brillo<\/h2>\n<p>Para empezar, en <a href=\"https:\/\/eldenring.fandom.com\/wiki\/Elden_Ring_Wiki\" target=\"_blank\" rel=\"noopener noreferrer\">Anillo Elden<\/a>, la Espada Reliquia Sagrada es el arma emblem\u00e1tica relacionada con el final de la \u201cEra de la Fractura\u201d, que encarna la restauraci\u00f3n de la Orden Dorada. Vinculada al poder sagrado de la Bestia de Elden, permite desencadenar devastadoras ondas de luz que castigan a los enemigos corruptos y a las criaturas del Caos. Obtener esta arma significa haber derrotado a las entidades m\u00e1s poderosas de Entre-Terra y haber asumido el papel de Se\u00f1or de Elden. En conclusi\u00f3n, no es solo un arma, sino un sello divino que demuestra que la voluntad dorada te ha elegido. Expuesta, narra el heroico ascenso del Sin Brillo.<\/p>\n<h2>Una colecci\u00f3n completa de Elden Ring en R\u00e9plique Manga Cin\u00e9<\/h2>\n<p>Esta espada se une a una prestigiosa selecci\u00f3n de armas del universo Elden Ring propuesta por R\u00e9plique Manga Cin\u00e9. En ella encontramos la <a href=\"https:\/\/repliquemangacine.fr\/es\/anillo-elden\/gran-katana-cazador-de-dragones-elden-ring\/\">Gran Katana Cazador de Dragones<\/a>, hoja roja de acero recubierta de espinas minerales. Adem\u00e1s, la <a href=\"https:\/\/repliquemangacine.fr\/es\/anillo-elden\/espada-de-llamada-anillo-de-elden\/\">Daga Hoja de Llamada<\/a> rinde homenaje a los asesinos guiados por la Gracia. Por \u00faltimo, el magn\u00edfico <a href=\"https:\/\/repliquemangacine.fr\/es\/anillo-elden\/rellana-elden-ring-twin-blades\/\">Conjunto de las dos espadas gemelas de Rellana.<\/a> ofrece un dise\u00f1o imperial y celestial. Gracias a estas variadas r\u00e9plicas, cada fan puede crear una colecci\u00f3n digna de un legendario Sans-\u00c9clat. Descubre todas nuestras armas para completar tu pante\u00f3n.<\/p>","protected":false},"excerpt":{"rendered":"<p>\u00c9p\u00e9e Relique Sacr\u00e9e:Une lame au design unique D&#8217;abord, l\u2019\u00c9p\u00e9e Relique Sacr\u00e9e, c\u2019est LE troph\u00e9e ultime du Sans-\u00c9clat champion, r\u00e9compense symbolique du boss final de Elden Ring quand on suit la fin \u201c\u00c2ge de la Fracture\u201d. Il faut souligner que cette \u00c9p\u00e9e Relique Sacr\u00e9e arbore la silhouette caract\u00e9ristique reconnaissable entre toutes. Une lame fine, claire et [&hellip;]<\/p>\n","protected":false},"featured_media":91197,"template":"","meta":[],"product_brand":[],"product_cat":[876,107],"product_tag":[],"class_list":{"0":"post-91195","1":"product","2":"type-product","3":"status-publish","4":"has-post-thumbnail","6":"product_cat-elden-ring","7":"product_cat-nouveautes","9":"first","10":"instock","11":"taxable","12":"shipping-taxable","13":"purchasable","14":"product-type-simple"},"yoast_head":"<!-- This site is optimized with the Yoast SEO plugin v27.4 - https:\/\/yoast.com\/product\/yoast-seo-wordpress\/ -->\n<title>\u00c9p\u00e9e Relique Sacr\u00e9e Elden Ring - R\u00e9plique Manga Cin\u00e9<\/title>\n<meta name=\"description\" content=\"\u00c9p\u00e9e Relique Sacr\u00e9e Elden Ring, lame dor\u00e9e ajour\u00e9e avec support mural. R\u00e9plique divine id\u00e9ale exposition et collection fantasy.\" \/>\n<meta name=\"robots\" content=\"index, follow, max-snippet:-1, max-image-preview:large, max-video-preview:-1\" \/>\n<link rel=\"canonical\" href=\"https:\/\/repliquemangacine.fr\/es\/anillo-elden\/espada-reliquia-sagrada-elden-ring\/\" \/>\n<meta property=\"og:locale\" content=\"es_ES\" \/>\n<meta property=\"og:type\" content=\"article\" \/>\n<meta property=\"og:title\" content=\"\u00c9p\u00e9e Relique Sacr\u00e9e Elden Ring - R\u00e9plique Manga Cin\u00e9\" \/>\n<meta property=\"og:description\" content=\"\u00c9p\u00e9e Relique Sacr\u00e9e Elden Ring, lame dor\u00e9e ajour\u00e9e avec support mural. R\u00e9plique divine id\u00e9ale exposition et collection fantasy.\" \/>\n<meta property=\"og:url\" content=\"https:\/\/repliquemangacine.fr\/es\/anillo-elden\/espada-reliquia-sagrada-elden-ring\/\" \/>\n<meta property=\"og:site_name\" content=\"R\u00e9plique Manga Cin\u00e9\" \/>\n<meta property=\"article:publisher\" content=\"https:\/\/www.facebook.com\/RepliqueMangaCine\" \/>\n<meta property=\"article:modified_time\" content=\"2025-11-30T19:12:03+00:00\" \/>\n<meta property=\"og:image\" content=\"https:\/\/repliquemangacine.fr\/wp-content\/uploads\/2025\/11\/Epee-Relique-Sacree.jpg\" \/>\n\t<meta property=\"og:image:width\" content=\"700\" \/>\n\t<meta property=\"og:image:height\" content=\"700\" \/>\n\t<meta property=\"og:image:type\" content=\"image\/jpeg\" \/>\n<meta name=\"twitter:card\" content=\"summary_large_image\" \/>\n<meta name=\"twitter:label1\" content=\"Tiempo de lectura\" \/>\n\t<meta name=\"twitter:data1\" content=\"2 minutos\" \/>\n<script type=\"application\/ld+json\" class=\"yoast-schema-graph\">{\"@context\":\"https:\\\/\\\/schema.org\",\"@graph\":[{\"@type\":\"WebPage\",\"@id\":\"https:\\\/\\\/repliquemangacine.fr\\\/elden-ring\\\/epee-relique-sacree-elden-ring\\\/\",\"url\":\"https:\\\/\\\/repliquemangacine.fr\\\/elden-ring\\\/epee-relique-sacree-elden-ring\\\/\",\"name\":\"\u00c9p\u00e9e Relique Sacr\u00e9e Elden Ring - R\u00e9plique Manga Cin\u00e9\",\"isPartOf\":{\"@id\":\"https:\\\/\\\/repliquemangacine.fr\\\/#website\"},\"primaryImageOfPage\":{\"@id\":\"https:\\\/\\\/repliquemangacine.fr\\\/elden-ring\\\/epee-relique-sacree-elden-ring\\\/#primaryimage\"},\"image\":{\"@id\":\"https:\\\/\\\/repliquemangacine.fr\\\/elden-ring\\\/epee-relique-sacree-elden-ring\\\/#primaryimage\"},\"thumbnailUrl\":\"https:\\\/\\\/repliquemangacine.fr\\\/wp-content\\\/uploads\\\/2025\\\/11\\\/Epee-Relique-Sacree.jpg\",\"datePublished\":\"2025-11-23T15:35:13+00:00\",\"dateModified\":\"2025-11-30T19:12:03+00:00\",\"description\":\"\u00c9p\u00e9e Relique Sacr\u00e9e Elden Ring, lame dor\u00e9e ajour\u00e9e avec support mural. R\u00e9plique divine id\u00e9ale exposition et collection fantasy.\",\"breadcrumb\":{\"@id\":\"https:\\\/\\\/repliquemangacine.fr\\\/elden-ring\\\/epee-relique-sacree-elden-ring\\\/#breadcrumb\"},\"inLanguage\":\"es\",\"potentialAction\":[{\"@type\":\"ReadAction\",\"target\":[\"https:\\\/\\\/repliquemangacine.fr\\\/elden-ring\\\/epee-relique-sacree-elden-ring\\\/\"]}]},{\"@type\":\"ImageObject\",\"inLanguage\":\"es\",\"@id\":\"https:\\\/\\\/repliquemangacine.fr\\\/elden-ring\\\/epee-relique-sacree-elden-ring\\\/#primaryimage\",\"url\":\"https:\\\/\\\/repliquemangacine.fr\\\/wp-content\\\/uploads\\\/2025\\\/11\\\/Epee-Relique-Sacree.jpg\",\"contentUrl\":\"https:\\\/\\\/repliquemangacine.fr\\\/wp-content\\\/uploads\\\/2025\\\/11\\\/Epee-Relique-Sacree.jpg\",\"width\":700,\"height\":700,\"caption\":\"\u00c9p\u00e9e Relique Sacr\u00e9e dans Elden Ring\"},{\"@type\":\"BreadcrumbList\",\"@id\":\"https:\\\/\\\/repliquemangacine.fr\\\/elden-ring\\\/epee-relique-sacree-elden-ring\\\/#breadcrumb\",\"itemListElement\":[{\"@type\":\"ListItem\",\"position\":1,\"name\":\"Accueil\",\"item\":\"https:\\\/\\\/repliquemangacine.fr\\\/\"},{\"@type\":\"ListItem\",\"position\":2,\"name\":\"Produits\",\"item\":\"https:\\\/\\\/repliquemangacine.fr\\\/boutique\\\/\"},{\"@type\":\"ListItem\",\"position\":3,\"name\":\"\u00c9p\u00e9e Relique Sacr\u00e9e Elden Ring\"}]},{\"@type\":\"WebSite\",\"@id\":\"https:\\\/\\\/repliquemangacine.fr\\\/#website\",\"url\":\"https:\\\/\\\/repliquemangacine.fr\\\/\",\"name\":\"R\u00e9plique Manga Cin\u00e9\",\"description\":\"\",\"publisher\":{\"@id\":\"https:\\\/\\\/repliquemangacine.fr\\\/#organization\"},\"potentialAction\":[{\"@type\":\"SearchAction\",\"target\":{\"@type\":\"EntryPoint\",\"urlTemplate\":\"https:\\\/\\\/repliquemangacine.fr\\\/?s={search_term_string}\"},\"query-input\":{\"@type\":\"PropertyValueSpecification\",\"valueRequired\":true,\"valueName\":\"search_term_string\"}}],\"inLanguage\":\"es\"},{\"@type\":\"Organization\",\"@id\":\"https:\\\/\\\/repliquemangacine.fr\\\/#organization\",\"name\":\"R\u00e9plique Manga Cin\u00e9\",\"url\":\"https:\\\/\\\/repliquemangacine.fr\\\/\",\"logo\":{\"@type\":\"ImageObject\",\"inLanguage\":\"es\",\"@id\":\"https:\\\/\\\/repliquemangacine.fr\\\/#\\\/schema\\\/logo\\\/image\\\/\",\"url\":\"https:\\\/\\\/repliquemangacine.fr\\\/wp-content\\\/uploads\\\/2023\\\/10\\\/RMC-500250.png\",\"contentUrl\":\"https:\\\/\\\/repliquemangacine.fr\\\/wp-content\\\/uploads\\\/2023\\\/10\\\/RMC-500250.png\",\"width\":500,\"height\":250,\"caption\":\"R\u00e9plique Manga Cin\u00e9\"},\"image\":{\"@id\":\"https:\\\/\\\/repliquemangacine.fr\\\/#\\\/schema\\\/logo\\\/image\\\/\"},\"sameAs\":[\"https:\\\/\\\/www.facebook.com\\\/RepliqueMangaCine\",\"https:\\\/\\\/www.instagram.com\\\/repliquemangacine.fr\\\/\"]}]}<\/script>\n<!-- \/ Yoast SEO plugin. -->","yoast_head_json":{"title":"Espada reliquia sagrada Elden Ring - R\u00e9plique Manga Cin\u00e9","description":"Espada reliquia sagrada Elden Ring, hoja dorada calada con soporte de pared. R\u00e9plica divina ideal para exposici\u00f3n y coleccionismo fant\u00e1stico.","robots":{"index":"index","follow":"follow","max-snippet":"max-snippet:-1","max-image-preview":"max-image-preview:large","max-video-preview":"max-video-preview:-1"},"canonical":"https:\/\/repliquemangacine.fr\/es\/anillo-elden\/espada-reliquia-sagrada-elden-ring\/","og_locale":"es_ES","og_type":"article","og_title":"\u00c9p\u00e9e Relique Sacr\u00e9e Elden Ring - R\u00e9plique Manga Cin\u00e9","og_description":"\u00c9p\u00e9e Relique Sacr\u00e9e Elden Ring, lame dor\u00e9e ajour\u00e9e avec support mural. R\u00e9plique divine id\u00e9ale exposition et collection fantasy.","og_url":"https:\/\/repliquemangacine.fr\/es\/anillo-elden\/espada-reliquia-sagrada-elden-ring\/","og_site_name":"R\u00e9plique Manga Cin\u00e9","article_publisher":"https:\/\/www.facebook.com\/RepliqueMangaCine","article_modified_time":"2025-11-30T19:12:03+00:00","og_image":[{"width":700,"height":700,"url":"https:\/\/repliquemangacine.fr\/wp-content\/uploads\/2025\/11\/Epee-Relique-Sacree.jpg","type":"image\/jpeg"}],"twitter_card":"summary_large_image","twitter_misc":{"Tiempo de lectura":"2 minutos"},"schema":{"@context":"https:\/\/schema.org","@graph":[{"@type":"WebPage","@id":"https:\/\/repliquemangacine.fr\/elden-ring\/epee-relique-sacree-elden-ring\/","url":"https:\/\/repliquemangacine.fr\/elden-ring\/epee-relique-sacree-elden-ring\/","name":"Espada reliquia sagrada Elden Ring - R\u00e9plique Manga Cin\u00e9","isPartOf":{"@id":"https:\/\/repliquemangacine.fr\/#website"},"primaryImageOfPage":{"@id":"https:\/\/repliquemangacine.fr\/elden-ring\/epee-relique-sacree-elden-ring\/#primaryimage"},"image":{"@id":"https:\/\/repliquemangacine.fr\/elden-ring\/epee-relique-sacree-elden-ring\/#primaryimage"},"thumbnailUrl":"https:\/\/repliquemangacine.fr\/wp-content\/uploads\/2025\/11\/Epee-Relique-Sacree.jpg","datePublished":"2025-11-23T15:35:13+00:00","dateModified":"2025-11-30T19:12:03+00:00","description":"Espada reliquia sagrada Elden Ring, hoja dorada calada con soporte de pared. R\u00e9plica divina ideal para exposici\u00f3n y coleccionismo fant\u00e1stico.","breadcrumb":{"@id":"https:\/\/repliquemangacine.fr\/elden-ring\/epee-relique-sacree-elden-ring\/#breadcrumb"},"inLanguage":"es","potentialAction":[{"@type":"ReadAction","target":["https:\/\/repliquemangacine.fr\/elden-ring\/epee-relique-sacree-elden-ring\/"]}]},{"@type":"ImageObject","inLanguage":"es","@id":"https:\/\/repliquemangacine.fr\/elden-ring\/epee-relique-sacree-elden-ring\/#primaryimage","url":"https:\/\/repliquemangacine.fr\/wp-content\/uploads\/2025\/11\/Epee-Relique-Sacree.jpg","contentUrl":"https:\/\/repliquemangacine.fr\/wp-content\/uploads\/2025\/11\/Epee-Relique-Sacree.jpg","width":700,"height":700,"caption":"\u00c9p\u00e9e Relique Sacr\u00e9e dans Elden Ring"},{"@type":"BreadcrumbList","@id":"https:\/\/repliquemangacine.fr\/elden-ring\/epee-relique-sacree-elden-ring\/#breadcrumb","itemListElement":[{"@type":"ListItem","position":1,"name":"Accueil","item":"https:\/\/repliquemangacine.fr\/"},{"@type":"ListItem","position":2,"name":"Produits","item":"https:\/\/repliquemangacine.fr\/boutique\/"},{"@type":"ListItem","position":3,"name":"\u00c9p\u00e9e Relique Sacr\u00e9e Elden Ring"}]},{"@type":"WebSite","@id":"https:\/\/repliquemangacine.fr\/#website","url":"https:\/\/repliquemangacine.fr\/","name":"R\u00e9plique Manga Cin\u00e9","description":"","publisher":{"@id":"https:\/\/repliquemangacine.fr\/#organization"},"potentialAction":[{"@type":"SearchAction","target":{"@type":"EntryPoint","urlTemplate":"https:\/\/repliquemangacine.fr\/?s={search_term_string}"},"query-input":{"@type":"PropertyValueSpecification","valueRequired":true,"valueName":"search_term_string"}}],"inLanguage":"es"},{"@type":"Organization","@id":"https:\/\/repliquemangacine.fr\/#organization","name":"R\u00e9plique Manga Cin\u00e9","url":"https:\/\/repliquemangacine.fr\/","logo":{"@type":"ImageObject","inLanguage":"es","@id":"https:\/\/repliquemangacine.fr\/#\/schema\/logo\/image\/","url":"https:\/\/repliquemangacine.fr\/wp-content\/uploads\/2023\/10\/RMC-500250.png","contentUrl":"https:\/\/repliquemangacine.fr\/wp-content\/uploads\/2023\/10\/RMC-500250.png","width":500,"height":250,"caption":"R\u00e9plique Manga Cin\u00e9"},"image":{"@id":"https:\/\/repliquemangacine.fr\/#\/schema\/logo\/image\/"},"sameAs":["https:\/\/www.facebook.com\/RepliqueMangaCine","https:\/\/www.instagram.com\/repliquemangacine.fr\/"]}]}},"_links":{"self":[{"href":"https:\/\/repliquemangacine.fr\/es\/wp-json\/wp\/v2\/product\/91195","targetHints":{"allow":["GET"]}}],"collection":[{"href":"https:\/\/repliquemangacine.fr\/es\/wp-json\/wp\/v2\/product"}],"about":[{"href":"https:\/\/repliquemangacine.fr\/es\/wp-json\/wp\/v2\/types\/product"}],"wp:featuredmedia":[{"embeddable":true,"href":"https:\/\/repliquemangacine.fr\/es\/wp-json\/wp\/v2\/media\/91197"}],"wp:attachment":[{"href":"https:\/\/repliquemangacine.fr\/es\/wp-json\/wp\/v2\/media?parent=91195"}],"wp:term":[{"taxonomy":"product_brand","embeddable":true,"href":"https:\/\/repliquemangacine.fr\/es\/wp-json\/wp\/v2\/product_brand?post=91195"},{"taxonomy":"product_cat","embeddable":true,"href":"https:\/\/repliquemangacine.fr\/es\/wp-json\/wp\/v2\/product_cat?post=91195"},{"taxonomy":"product_tag","embeddable":true,"href":"https:\/\/repliquemangacine.fr\/es\/wp-json\/wp\/v2\/product_tag?post=91195"}],"curies":[{"name":"wp","href":"https:\/\/api.w.org\/{rel}","templated":true}]}}