





{"id":91103,"date":"2025-11-22T16:43:30","date_gmt":"2025-11-22T15:43:30","guid":{"rendered":"https:\/\/repliquemangacine.fr\/?post_type=product&#038;p=91103"},"modified":"2025-11-30T20:10:43","modified_gmt":"2025-11-30T19:10:43","slug":"pistola-454-casull-alucard-hellsing","status":"publish","type":"product","link":"https:\/\/repliquemangacine.fr\/es\/katana-et-epee-de-manga-anime-autre-manga\/pistolet-454-casull-alucard-hellsing\/","title":{"rendered":"Pistola Casull Alucard 454 - Hellsing"},"content":{"rendered":"<h2>Una r\u00e9plica formidable de la pistola 454 Casull de Alucard.<\/h2>\n<p>En primer lugar, este <strong>Pistola 454 Casull, <\/strong>R\u00e9plica de resina inspirada en el m\u00edtico arma utilizada en el manga Hellsing. Moldeada \u00edntegramente en resina s\u00f3lida, presenta un acabado met\u00e1lico plateado con grabados emblem\u00e1ticos. La empu\u00f1adura imita la madera barnizada para ofrecer un acabado de primera calidad digno de las colecciones m\u00e1s exigentes. Con sus 34,5 cm y sus 790 g, ofrece unas proporciones realistas adecuadas para la exposici\u00f3n o el cosplay. Se entrega con su soporte de presentaci\u00f3n de madera, y se erige como un arma sagrada de exorcista moderno. En el universo Hellsing, esta pistola dispara balas antimonstruos capaces de aniquilar a ghouls y vampiros. As\u00ed, se convierte en un s\u00edmbolo de autoridad y terror frente a las criaturas de la noche.<\/p>\n<h2>Alucard, el arma definitiva de la Organizaci\u00f3n Hellsing.<\/h2>\n<p>Lo primero es lo primero, <a href=\"https:\/\/hellsing.fandom.com\/wiki\/Alucard#Weapons\" target=\"_blank\" rel=\"noopener noreferrer\">Alucard<\/a> Es uno de los personajes m\u00e1s poderosos y misteriosos del manga. Vampiro inmortal sediento de lucha, sirve lealmente a la Organizaci\u00f3n Hellsing, que lucha contra las fuerzas ocultas. Su estilo de combate combina sadismo asumido, elegancia macabra y poder abrumador. La 454 Casull es la primera arma que utiliza antes de pasar al arsenal antidemonios m\u00e1s destructivo. Gracias a esta arma, elimina a sus enemigos con una precisi\u00f3n despiadada, al tiempo que revela su naturaleza monstruosa. Esta r\u00e9plica rinde homenaje a una figura vamp\u00edrica \u00fanica, emblema del manga oscuro y estilizado.<\/p>\n<h2>Una colecci\u00f3n oscura y heroica inspirada en la cultura pop.<\/h2>\n<p>Esta arma se une a una variada selecci\u00f3n inspirada en los universos de culto disponibles en R\u00e9plique Manga Cin\u00e9. Por ejemplo, la r\u00e9plica en resina del <a href=\"https:\/\/repliquemangacine.fr\/es\/replicas-de-armas-peliculas-y-series\/pistola-blaster-dl-44-han-solo-star-wars\/\">Pistola Blaster DL-44<\/a> de Han Solo \u2013 Star Wars aporta un toque gal\u00e1ctico a tu escaparate. Tambi\u00e9n ofrecemos el\u2019<a href=\"https:\/\/repliquemangacine.fr\/es\/replicas-de-armas-peliculas-y-series\/espada-alita-battle-angel-hoja-damasco\/\">Espada Alita Battle Angel Damascus Blade<\/a> para los fans del cyberpunk sangriento. Por \u00faltimo, la r\u00e9plica del\u2019<a href=\"https:\/\/repliquemangacine.fr\/es\/peliculas-series-tv-venta-de-espadas-katana-y-productos-relacionados\/doptimus-prime-espada-de-juicio\/\">Espada del Juicio de Optimus Prime<\/a> en Transformers completa una colecci\u00f3n centrada en h\u00e9roes tit\u00e1nicos. Con estas piezas, puedes crear un conjunto \u00fanico que combina ciencia ficci\u00f3n, manga y fantas\u00eda. Descubre toda nuestra gama para enriquecer tu colecci\u00f3n.<\/p>","protected":false},"excerpt":{"rendered":"<p>Arma tu colecci\u00f3n con la 454 Casull de Alucard, una inquietante y elegante r\u00e9plica inspirada en el manga Hellsing.<\/p>\n<ul>\n<li>Pistola fabricada \u00edntegramente en resina moldeada.<\/li>\n<li>Alta calidad<\/li>\n<li>No funcional, solo para colecci\u00f3n o cosplay.<\/li>\n<li>Se entrega con soporte de presentaci\u00f3n de madera.<\/li>\n<li>Longitud: 34,5 cm \u2013 Peso: 790 g<\/li>\n<\/ul>","protected":false},"featured_media":91107,"template":"","meta":[],"product_brand":[],"product_cat":[65,23,107],"product_tag":[],"class_list":{"0":"post-91103","1":"product","2":"type-product","3":"status-publish","4":"has-post-thumbnail","6":"product_cat-katana-et-epee-de-manga-anime-autre-manga","7":"product_cat-repliques-manga-jeux-video","8":"product_cat-nouveautes","10":"first","11":"instock","12":"taxable","13":"shipping-taxable","14":"purchasable","15":"product-type-simple"},"yoast_head":"<!-- This site is optimized with the Yoast SEO plugin v27.4 - https:\/\/yoast.com\/product\/yoast-seo-wordpress\/ -->\n<title>Pistolet 454 Casull Alucard - Hellsing - R\u00e9plique Manga Cin\u00e9<\/title>\n<meta name=\"description\" content=\"Pistolet 454 Casull Hellsing en r\u00e9sine, 34,5 cm, 790 g, avec support bois. R\u00e9plique d\u00e9corative id\u00e9ale cosplay et collection manga dark.\" \/>\n<meta name=\"robots\" content=\"index, follow, max-snippet:-1, max-image-preview:large, max-video-preview:-1\" \/>\n<link rel=\"canonical\" href=\"https:\/\/repliquemangacine.fr\/es\/katana-y-manga-espada-anime-otros-manga\/pistola-454-casull-alucard-hellsing\/\" \/>\n<meta property=\"og:locale\" content=\"es_ES\" \/>\n<meta property=\"og:type\" content=\"article\" \/>\n<meta property=\"og:title\" content=\"Pistolet 454 Casull Alucard - Hellsing - R\u00e9plique Manga Cin\u00e9\" \/>\n<meta property=\"og:description\" content=\"Pistolet 454 Casull Hellsing en r\u00e9sine, 34,5 cm, 790 g, avec support bois. R\u00e9plique d\u00e9corative id\u00e9ale cosplay et collection manga dark.\" \/>\n<meta property=\"og:url\" content=\"https:\/\/repliquemangacine.fr\/es\/katana-y-manga-espada-anime-otros-manga\/pistola-454-casull-alucard-hellsing\/\" \/>\n<meta property=\"og:site_name\" content=\"R\u00e9plique Manga Cin\u00e9\" \/>\n<meta property=\"article:publisher\" content=\"https:\/\/www.facebook.com\/RepliqueMangaCine\" \/>\n<meta property=\"article:modified_time\" content=\"2025-11-30T19:10:43+00:00\" \/>\n<meta property=\"og:image\" content=\"https:\/\/repliquemangacine.fr\/wp-content\/uploads\/2025\/11\/Pistolet-454-Casull-Hellsing-sur-son-support.jpg\" \/>\n\t<meta property=\"og:image:width\" content=\"700\" \/>\n\t<meta property=\"og:image:height\" content=\"700\" \/>\n\t<meta property=\"og:image:type\" content=\"image\/jpeg\" \/>\n<meta name=\"twitter:card\" content=\"summary_large_image\" \/>\n<meta name=\"twitter:label1\" content=\"Tiempo de lectura\" \/>\n\t<meta name=\"twitter:data1\" content=\"2 minutos\" \/>\n<script type=\"application\/ld+json\" class=\"yoast-schema-graph\">{\"@context\":\"https:\\\/\\\/schema.org\",\"@graph\":[{\"@type\":\"WebPage\",\"@id\":\"https:\\\/\\\/repliquemangacine.fr\\\/katana-et-epee-de-manga-anime-autre-manga\\\/pistolet-454-casull-alucard-hellsing\\\/\",\"url\":\"https:\\\/\\\/repliquemangacine.fr\\\/katana-et-epee-de-manga-anime-autre-manga\\\/pistolet-454-casull-alucard-hellsing\\\/\",\"name\":\"Pistolet 454 Casull Alucard - Hellsing - R\u00e9plique Manga Cin\u00e9\",\"isPartOf\":{\"@id\":\"https:\\\/\\\/repliquemangacine.fr\\\/#website\"},\"primaryImageOfPage\":{\"@id\":\"https:\\\/\\\/repliquemangacine.fr\\\/katana-et-epee-de-manga-anime-autre-manga\\\/pistolet-454-casull-alucard-hellsing\\\/#primaryimage\"},\"image\":{\"@id\":\"https:\\\/\\\/repliquemangacine.fr\\\/katana-et-epee-de-manga-anime-autre-manga\\\/pistolet-454-casull-alucard-hellsing\\\/#primaryimage\"},\"thumbnailUrl\":\"https:\\\/\\\/repliquemangacine.fr\\\/wp-content\\\/uploads\\\/2025\\\/11\\\/Pistolet-454-Casull-Hellsing-sur-son-support.jpg\",\"datePublished\":\"2025-11-22T15:43:30+00:00\",\"dateModified\":\"2025-11-30T19:10:43+00:00\",\"description\":\"Pistolet 454 Casull Hellsing en r\u00e9sine, 34,5 cm, 790 g, avec support bois. R\u00e9plique d\u00e9corative id\u00e9ale cosplay et collection manga dark.\",\"breadcrumb\":{\"@id\":\"https:\\\/\\\/repliquemangacine.fr\\\/katana-et-epee-de-manga-anime-autre-manga\\\/pistolet-454-casull-alucard-hellsing\\\/#breadcrumb\"},\"inLanguage\":\"es\",\"potentialAction\":[{\"@type\":\"ReadAction\",\"target\":[\"https:\\\/\\\/repliquemangacine.fr\\\/katana-et-epee-de-manga-anime-autre-manga\\\/pistolet-454-casull-alucard-hellsing\\\/\"]}]},{\"@type\":\"ImageObject\",\"inLanguage\":\"es\",\"@id\":\"https:\\\/\\\/repliquemangacine.fr\\\/katana-et-epee-de-manga-anime-autre-manga\\\/pistolet-454-casull-alucard-hellsing\\\/#primaryimage\",\"url\":\"https:\\\/\\\/repliquemangacine.fr\\\/wp-content\\\/uploads\\\/2025\\\/11\\\/Pistolet-454-Casull-Hellsing-sur-son-support.jpg\",\"contentUrl\":\"https:\\\/\\\/repliquemangacine.fr\\\/wp-content\\\/uploads\\\/2025\\\/11\\\/Pistolet-454-Casull-Hellsing-sur-son-support.jpg\",\"width\":700,\"height\":700,\"caption\":\"Pistolet 454 Casull - Alucard - Hellsing\"},{\"@type\":\"BreadcrumbList\",\"@id\":\"https:\\\/\\\/repliquemangacine.fr\\\/katana-et-epee-de-manga-anime-autre-manga\\\/pistolet-454-casull-alucard-hellsing\\\/#breadcrumb\",\"itemListElement\":[{\"@type\":\"ListItem\",\"position\":1,\"name\":\"Accueil\",\"item\":\"https:\\\/\\\/repliquemangacine.fr\\\/\"},{\"@type\":\"ListItem\",\"position\":2,\"name\":\"Produits\",\"item\":\"https:\\\/\\\/repliquemangacine.fr\\\/boutique\\\/\"},{\"@type\":\"ListItem\",\"position\":3,\"name\":\"Pistolet 454 Casull Alucard &#8211; Hellsing\"}]},{\"@type\":\"WebSite\",\"@id\":\"https:\\\/\\\/repliquemangacine.fr\\\/#website\",\"url\":\"https:\\\/\\\/repliquemangacine.fr\\\/\",\"name\":\"R\u00e9plique Manga Cin\u00e9\",\"description\":\"\",\"publisher\":{\"@id\":\"https:\\\/\\\/repliquemangacine.fr\\\/#organization\"},\"potentialAction\":[{\"@type\":\"SearchAction\",\"target\":{\"@type\":\"EntryPoint\",\"urlTemplate\":\"https:\\\/\\\/repliquemangacine.fr\\\/?s={search_term_string}\"},\"query-input\":{\"@type\":\"PropertyValueSpecification\",\"valueRequired\":true,\"valueName\":\"search_term_string\"}}],\"inLanguage\":\"es\"},{\"@type\":\"Organization\",\"@id\":\"https:\\\/\\\/repliquemangacine.fr\\\/#organization\",\"name\":\"R\u00e9plique Manga Cin\u00e9\",\"url\":\"https:\\\/\\\/repliquemangacine.fr\\\/\",\"logo\":{\"@type\":\"ImageObject\",\"inLanguage\":\"es\",\"@id\":\"https:\\\/\\\/repliquemangacine.fr\\\/#\\\/schema\\\/logo\\\/image\\\/\",\"url\":\"https:\\\/\\\/repliquemangacine.fr\\\/wp-content\\\/uploads\\\/2023\\\/10\\\/RMC-500250.png\",\"contentUrl\":\"https:\\\/\\\/repliquemangacine.fr\\\/wp-content\\\/uploads\\\/2023\\\/10\\\/RMC-500250.png\",\"width\":500,\"height\":250,\"caption\":\"R\u00e9plique Manga Cin\u00e9\"},\"image\":{\"@id\":\"https:\\\/\\\/repliquemangacine.fr\\\/#\\\/schema\\\/logo\\\/image\\\/\"},\"sameAs\":[\"https:\\\/\\\/www.facebook.com\\\/RepliqueMangaCine\",\"https:\\\/\\\/www.instagram.com\\\/repliquemangacine.fr\\\/\"]}]}<\/script>\n<!-- \/ Yoast SEO plugin. -->","yoast_head_json":{"title":"Pistola 454 Casull Alucard - Hellsing - R\u00e9plique Manga Cin\u00e9","description":"Pistola 454 Casull Hellsing de resina, 34,5 cm, 790 g, con soporte de madera. R\u00e9plica decorativa ideal para cosplay y coleccionismo de manga dark.","robots":{"index":"index","follow":"follow","max-snippet":"max-snippet:-1","max-image-preview":"max-image-preview:large","max-video-preview":"max-video-preview:-1"},"canonical":"https:\/\/repliquemangacine.fr\/es\/katana-y-manga-espada-anime-otros-manga\/pistola-454-casull-alucard-hellsing\/","og_locale":"es_ES","og_type":"article","og_title":"Pistolet 454 Casull Alucard - Hellsing - R\u00e9plique Manga Cin\u00e9","og_description":"Pistolet 454 Casull Hellsing en r\u00e9sine, 34,5 cm, 790 g, avec support bois. R\u00e9plique d\u00e9corative id\u00e9ale cosplay et collection manga dark.","og_url":"https:\/\/repliquemangacine.fr\/es\/katana-y-manga-espada-anime-otros-manga\/pistola-454-casull-alucard-hellsing\/","og_site_name":"R\u00e9plique Manga Cin\u00e9","article_publisher":"https:\/\/www.facebook.com\/RepliqueMangaCine","article_modified_time":"2025-11-30T19:10:43+00:00","og_image":[{"width":700,"height":700,"url":"https:\/\/repliquemangacine.fr\/wp-content\/uploads\/2025\/11\/Pistolet-454-Casull-Hellsing-sur-son-support.jpg","type":"image\/jpeg"}],"twitter_card":"summary_large_image","twitter_misc":{"Tiempo de lectura":"2 minutos"},"schema":{"@context":"https:\/\/schema.org","@graph":[{"@type":"WebPage","@id":"https:\/\/repliquemangacine.fr\/katana-et-epee-de-manga-anime-autre-manga\/pistolet-454-casull-alucard-hellsing\/","url":"https:\/\/repliquemangacine.fr\/katana-et-epee-de-manga-anime-autre-manga\/pistolet-454-casull-alucard-hellsing\/","name":"Pistola 454 Casull Alucard - Hellsing - R\u00e9plique Manga Cin\u00e9","isPartOf":{"@id":"https:\/\/repliquemangacine.fr\/#website"},"primaryImageOfPage":{"@id":"https:\/\/repliquemangacine.fr\/katana-et-epee-de-manga-anime-autre-manga\/pistolet-454-casull-alucard-hellsing\/#primaryimage"},"image":{"@id":"https:\/\/repliquemangacine.fr\/katana-et-epee-de-manga-anime-autre-manga\/pistolet-454-casull-alucard-hellsing\/#primaryimage"},"thumbnailUrl":"https:\/\/repliquemangacine.fr\/wp-content\/uploads\/2025\/11\/Pistolet-454-Casull-Hellsing-sur-son-support.jpg","datePublished":"2025-11-22T15:43:30+00:00","dateModified":"2025-11-30T19:10:43+00:00","description":"Pistola 454 Casull Hellsing de resina, 34,5 cm, 790 g, con soporte de madera. R\u00e9plica decorativa ideal para cosplay y coleccionismo de manga dark.","breadcrumb":{"@id":"https:\/\/repliquemangacine.fr\/katana-et-epee-de-manga-anime-autre-manga\/pistolet-454-casull-alucard-hellsing\/#breadcrumb"},"inLanguage":"es","potentialAction":[{"@type":"ReadAction","target":["https:\/\/repliquemangacine.fr\/katana-et-epee-de-manga-anime-autre-manga\/pistolet-454-casull-alucard-hellsing\/"]}]},{"@type":"ImageObject","inLanguage":"es","@id":"https:\/\/repliquemangacine.fr\/katana-et-epee-de-manga-anime-autre-manga\/pistolet-454-casull-alucard-hellsing\/#primaryimage","url":"https:\/\/repliquemangacine.fr\/wp-content\/uploads\/2025\/11\/Pistolet-454-Casull-Hellsing-sur-son-support.jpg","contentUrl":"https:\/\/repliquemangacine.fr\/wp-content\/uploads\/2025\/11\/Pistolet-454-Casull-Hellsing-sur-son-support.jpg","width":700,"height":700,"caption":"Pistolet 454 Casull - Alucard - Hellsing"},{"@type":"BreadcrumbList","@id":"https:\/\/repliquemangacine.fr\/katana-et-epee-de-manga-anime-autre-manga\/pistolet-454-casull-alucard-hellsing\/#breadcrumb","itemListElement":[{"@type":"ListItem","position":1,"name":"Accueil","item":"https:\/\/repliquemangacine.fr\/"},{"@type":"ListItem","position":2,"name":"Produits","item":"https:\/\/repliquemangacine.fr\/boutique\/"},{"@type":"ListItem","position":3,"name":"Pistolet 454 Casull Alucard &#8211; Hellsing"}]},{"@type":"WebSite","@id":"https:\/\/repliquemangacine.fr\/#website","url":"https:\/\/repliquemangacine.fr\/","name":"R\u00e9plique Manga Cin\u00e9","description":"","publisher":{"@id":"https:\/\/repliquemangacine.fr\/#organization"},"potentialAction":[{"@type":"SearchAction","target":{"@type":"EntryPoint","urlTemplate":"https:\/\/repliquemangacine.fr\/?s={search_term_string}"},"query-input":{"@type":"PropertyValueSpecification","valueRequired":true,"valueName":"search_term_string"}}],"inLanguage":"es"},{"@type":"Organization","@id":"https:\/\/repliquemangacine.fr\/#organization","name":"R\u00e9plique Manga Cin\u00e9","url":"https:\/\/repliquemangacine.fr\/","logo":{"@type":"ImageObject","inLanguage":"es","@id":"https:\/\/repliquemangacine.fr\/#\/schema\/logo\/image\/","url":"https:\/\/repliquemangacine.fr\/wp-content\/uploads\/2023\/10\/RMC-500250.png","contentUrl":"https:\/\/repliquemangacine.fr\/wp-content\/uploads\/2023\/10\/RMC-500250.png","width":500,"height":250,"caption":"R\u00e9plique Manga Cin\u00e9"},"image":{"@id":"https:\/\/repliquemangacine.fr\/#\/schema\/logo\/image\/"},"sameAs":["https:\/\/www.facebook.com\/RepliqueMangaCine","https:\/\/www.instagram.com\/repliquemangacine.fr\/"]}]}},"_links":{"self":[{"href":"https:\/\/repliquemangacine.fr\/es\/wp-json\/wp\/v2\/product\/91103","targetHints":{"allow":["GET"]}}],"collection":[{"href":"https:\/\/repliquemangacine.fr\/es\/wp-json\/wp\/v2\/product"}],"about":[{"href":"https:\/\/repliquemangacine.fr\/es\/wp-json\/wp\/v2\/types\/product"}],"wp:featuredmedia":[{"embeddable":true,"href":"https:\/\/repliquemangacine.fr\/es\/wp-json\/wp\/v2\/media\/91107"}],"wp:attachment":[{"href":"https:\/\/repliquemangacine.fr\/es\/wp-json\/wp\/v2\/media?parent=91103"}],"wp:term":[{"taxonomy":"product_brand","embeddable":true,"href":"https:\/\/repliquemangacine.fr\/es\/wp-json\/wp\/v2\/product_brand?post=91103"},{"taxonomy":"product_cat","embeddable":true,"href":"https:\/\/repliquemangacine.fr\/es\/wp-json\/wp\/v2\/product_cat?post=91103"},{"taxonomy":"product_tag","embeddable":true,"href":"https:\/\/repliquemangacine.fr\/es\/wp-json\/wp\/v2\/product_tag?post=91103"}],"curies":[{"name":"wp","href":"https:\/\/api.w.org\/{rel}","templated":true}]}}