





{"id":91045,"date":"2025-11-21T15:51:49","date_gmt":"2025-11-21T14:51:49","guid":{"rendered":"https:\/\/repliquemangacine.fr\/?post_type=product&#038;p=91045"},"modified":"2026-03-08T00:20:55","modified_gmt":"2026-03-07T23:20:55","slug":"pistola-blaster-dl-44-han-solo-star-wars","status":"publish","type":"product","link":"https:\/\/repliquemangacine.fr\/es\/repliques-d-armes-films-et-series\/pistolet-blaster-dl-44-han-solo-star-wars\/","title":{"rendered":"Pistola bl\u00e1ster Han Solo DL-44 - Star Wars"},"content":{"rendered":"<h2>Ic\u00f3nica pistola bl\u00e1ster DL-44 para la dominaci\u00f3n gal\u00e1ctica<\/h2>\n<p>En primer lugar, este <strong>DL-44 pistola bl\u00e1ster, <\/strong>una r\u00e9plica fiel del modelo utilizado por un famoso contrabandista de la saga Star Wars. Est\u00e1 fabricada \u00edntegramente en resina moldeada con un acabado envejecido que imita el metal desgastado por la batalla. El mango texturizado ofrece un estilo aut\u00e9ntico que recuerda a las armas de los bandoleros interestelares. Adem\u00e1s, viene con un soporte de madera y plexigl\u00e1s para exponerla con elegancia. Con su dise\u00f1o \u00fanico que mezcla mec\u00e1nica retro y tecnolog\u00eda futurista, esta pieza se convierte en un aut\u00e9ntico s\u00edmbolo de rebeld\u00eda. Por \u00faltimo, es perfecta para los coleccionistas que buscan un objeto de culto de un universo legendario.<\/p>\n<h2>Han Solo, el arma m\u00e1s r\u00e1pida de la galaxia<\/h2>\n<p><a href=\"https:\/\/starwars.fandom.com\/fr\/wiki\/Han_Solo\" target=\"_blank\" rel=\"noopener noreferrer\">Han Solo<\/a> es un piloto audaz con un agudo sentido del humor y un valor impredecible. Empu\u00f1a este bl\u00e1ster con precisi\u00f3n instintiva, a menudo incluso antes de pensar. De hecho, esta arma acompa\u00f1a sus haza\u00f1as a bordo del Halc\u00f3n Milenario y encarna su esp\u00edritu rebelde. El DL-44 se ha convertido en una extensi\u00f3n de su personalidad, una mezcla de suerte descarada y estilo t\u00e1ctico. Gracias a esta r\u00e9plica, los fans pueden revivir las memorables escenas en las que Han desaf\u00eda al Imperio con garbo. Captura la esencia de un h\u00e9roe carism\u00e1tico que se ha convertido en una figura legendaria de la ciencia ficci\u00f3n.<\/p>\n<h2>Una colecci\u00f3n de cine digna de un museo friki<\/h2>\n<p>Este blaster se une a una prestigiosa selecci\u00f3n de r\u00e9plicas inspiradas en pel\u00edculas de culto disponibles en R\u00e9plique Manga Cin\u00e9. Por ejemplo, el\u2019<a href=\"https:\/\/repliquemangacine.fr\/es\/casa-del-dragon\/epee-de-rhaenyra-casa-del-dragon\/\">Espada de Rhaenyra<\/a> de la serie Casa del Drag\u00f3n a\u00f1ade un toque real y drac\u00f3nico a tu colecci\u00f3n. Tambi\u00e9n encontrar\u00e1 el <a href=\"https:\/\/repliquemangacine.fr\/es\/espadas-del-senor-de-los-anillos\/gimli-hacha-de-doble-hoja\/\">El hacha de doble hoja de Gimli<\/a> de El Se\u00f1or de los Anillos, poderoso y refinado. Por \u00faltimo, el\u2019<a href=\"https:\/\/repliquemangacine.fr\/es\/espadas-serie-vikingos\/replica-de-la-espada-del-rey-ragnar-lothbrok-de-la-serie-de-tv-vikingos\/\">La espada del rey Ragnar Lothbrok<\/a> en Vikingos recuerda el esp\u00edritu guerrero del Norte y la intr\u00e9pida conquista. Con estas variadas piezas, todo aficionado podr\u00e1 reunir un arsenal digno de las mayores sagas cinematogr\u00e1ficas. Descubre toda nuestra selecci\u00f3n para completar tu pante\u00f3n heroico.<\/p>","protected":false},"excerpt":{"rendered":"<p>\u00c1rmate con el blaster DL-44, el arma ic\u00f3nica del contrabandista m\u00e1s famoso de Star Wars, y deja tu huella en la galaxia.<\/p>\n<ul>\n<li>Pistola moldeada totalmente en resina<\/li>\n<li>Acabado envejecido e imitaci\u00f3n de metal desgastado<\/li>\n<li>Dise\u00f1o \u00fanico y de alta calidad<\/li>\n<li>Se entrega con expositor de madera y plexigl\u00e1s<\/li>\n<li>Longitud total: 33 cm - Peso: 825 g<\/li>\n<\/ul>","protected":false},"featured_media":91047,"template":"","meta":[],"product_brand":[],"product_cat":[66,24,107],"product_tag":[],"class_list":{"0":"post-91045","1":"product","2":"type-product","3":"status-publish","4":"has-post-thumbnail","6":"product_cat-repliques-d-armes-films-et-series","7":"product_cat-films-series-tv-vente-de-katana-epee-et-produits-derives","8":"product_cat-nouveautes","10":"first","11":"instock","12":"taxable","13":"shipping-taxable","14":"purchasable","15":"product-type-simple"},"yoast_head":"<!-- This site is optimized with the Yoast SEO plugin v27.4 - https:\/\/yoast.com\/product\/yoast-seo-wordpress\/ -->\n<title>Pistolet blaster DL-44 Han Solo - Star Wars - R\u00e9plique Manga Cin\u00e9<\/title>\n<meta name=\"description\" content=\"Pistolet Blaster DL-44 de Han Solo en r\u00e9sine finition m\u00e9tal, avec support bois\/plexi. R\u00e9plique Star Wars parfaite pour collection, cosplay et exposition.\" \/>\n<meta name=\"robots\" content=\"index, follow, max-snippet:-1, max-image-preview:large, max-video-preview:-1\" \/>\n<link rel=\"canonical\" href=\"https:\/\/repliquemangacine.fr\/es\/replicas-de-armas-peliculas-y-series\/pistola-blaster-dl-44-han-solo-star-wars\/\" \/>\n<meta property=\"og:locale\" content=\"es_ES\" \/>\n<meta property=\"og:type\" content=\"article\" \/>\n<meta property=\"og:title\" content=\"Pistolet blaster DL-44 Han Solo - Star Wars - R\u00e9plique Manga Cin\u00e9\" \/>\n<meta property=\"og:description\" content=\"Pistolet Blaster DL-44 de Han Solo en r\u00e9sine finition m\u00e9tal, avec support bois\/plexi. R\u00e9plique Star Wars parfaite pour collection, cosplay et exposition.\" \/>\n<meta property=\"og:url\" content=\"https:\/\/repliquemangacine.fr\/es\/replicas-de-armas-peliculas-y-series\/pistola-blaster-dl-44-han-solo-star-wars\/\" \/>\n<meta property=\"og:site_name\" content=\"R\u00e9plique Manga Cin\u00e9\" \/>\n<meta property=\"article:publisher\" content=\"https:\/\/www.facebook.com\/RepliqueMangaCine\" \/>\n<meta property=\"article:modified_time\" content=\"2026-03-07T23:20:55+00:00\" \/>\n<meta property=\"og:image\" content=\"https:\/\/repliquemangacine.fr\/wp-content\/uploads\/2025\/11\/Pistolet-blaster-DL-44-de-Han-Solo-sur-son-support.jpg\" \/>\n\t<meta property=\"og:image:width\" content=\"700\" \/>\n\t<meta property=\"og:image:height\" content=\"700\" \/>\n\t<meta property=\"og:image:type\" content=\"image\/jpeg\" \/>\n<meta name=\"twitter:card\" content=\"summary_large_image\" \/>\n<meta name=\"twitter:label1\" content=\"Tiempo de lectura\" \/>\n\t<meta name=\"twitter:data1\" content=\"2 minutos\" \/>\n<script type=\"application\/ld+json\" class=\"yoast-schema-graph\">{\"@context\":\"https:\\\/\\\/schema.org\",\"@graph\":[{\"@type\":\"WebPage\",\"@id\":\"https:\\\/\\\/repliquemangacine.fr\\\/repliques-d-armes-films-et-series\\\/pistolet-blaster-dl-44-han-solo-star-wars\\\/\",\"url\":\"https:\\\/\\\/repliquemangacine.fr\\\/repliques-d-armes-films-et-series\\\/pistolet-blaster-dl-44-han-solo-star-wars\\\/\",\"name\":\"Pistolet blaster DL-44 Han Solo - Star Wars - R\u00e9plique Manga Cin\u00e9\",\"isPartOf\":{\"@id\":\"https:\\\/\\\/repliquemangacine.fr\\\/#website\"},\"primaryImageOfPage\":{\"@id\":\"https:\\\/\\\/repliquemangacine.fr\\\/repliques-d-armes-films-et-series\\\/pistolet-blaster-dl-44-han-solo-star-wars\\\/#primaryimage\"},\"image\":{\"@id\":\"https:\\\/\\\/repliquemangacine.fr\\\/repliques-d-armes-films-et-series\\\/pistolet-blaster-dl-44-han-solo-star-wars\\\/#primaryimage\"},\"thumbnailUrl\":\"https:\\\/\\\/repliquemangacine.fr\\\/wp-content\\\/uploads\\\/2025\\\/11\\\/Pistolet-blaster-DL-44-de-Han-Solo-sur-son-support.jpg\",\"datePublished\":\"2025-11-21T14:51:49+00:00\",\"dateModified\":\"2026-03-07T23:20:55+00:00\",\"description\":\"Pistolet Blaster DL-44 de Han Solo en r\u00e9sine finition m\u00e9tal, avec support bois\\\/plexi. R\u00e9plique Star Wars parfaite pour collection, cosplay et exposition.\",\"breadcrumb\":{\"@id\":\"https:\\\/\\\/repliquemangacine.fr\\\/repliques-d-armes-films-et-series\\\/pistolet-blaster-dl-44-han-solo-star-wars\\\/#breadcrumb\"},\"inLanguage\":\"es\",\"potentialAction\":[{\"@type\":\"ReadAction\",\"target\":[\"https:\\\/\\\/repliquemangacine.fr\\\/repliques-d-armes-films-et-series\\\/pistolet-blaster-dl-44-han-solo-star-wars\\\/\"]}]},{\"@type\":\"ImageObject\",\"inLanguage\":\"es\",\"@id\":\"https:\\\/\\\/repliquemangacine.fr\\\/repliques-d-armes-films-et-series\\\/pistolet-blaster-dl-44-han-solo-star-wars\\\/#primaryimage\",\"url\":\"https:\\\/\\\/repliquemangacine.fr\\\/wp-content\\\/uploads\\\/2025\\\/11\\\/Pistolet-blaster-DL-44-de-Han-Solo-sur-son-support.jpg\",\"contentUrl\":\"https:\\\/\\\/repliquemangacine.fr\\\/wp-content\\\/uploads\\\/2025\\\/11\\\/Pistolet-blaster-DL-44-de-Han-Solo-sur-son-support.jpg\",\"width\":700,\"height\":700,\"caption\":\"Pistolet blaster DL-44 de Han solo dans Star Wars\"},{\"@type\":\"BreadcrumbList\",\"@id\":\"https:\\\/\\\/repliquemangacine.fr\\\/repliques-d-armes-films-et-series\\\/pistolet-blaster-dl-44-han-solo-star-wars\\\/#breadcrumb\",\"itemListElement\":[{\"@type\":\"ListItem\",\"position\":1,\"name\":\"Accueil\",\"item\":\"https:\\\/\\\/repliquemangacine.fr\\\/\"},{\"@type\":\"ListItem\",\"position\":2,\"name\":\"Produits\",\"item\":\"https:\\\/\\\/repliquemangacine.fr\\\/boutique\\\/\"},{\"@type\":\"ListItem\",\"position\":3,\"name\":\"Pistolet blaster DL-44 Han Solo &#8211; Star Wars\"}]},{\"@type\":\"WebSite\",\"@id\":\"https:\\\/\\\/repliquemangacine.fr\\\/#website\",\"url\":\"https:\\\/\\\/repliquemangacine.fr\\\/\",\"name\":\"R\u00e9plique Manga Cin\u00e9\",\"description\":\"\",\"publisher\":{\"@id\":\"https:\\\/\\\/repliquemangacine.fr\\\/#organization\"},\"potentialAction\":[{\"@type\":\"SearchAction\",\"target\":{\"@type\":\"EntryPoint\",\"urlTemplate\":\"https:\\\/\\\/repliquemangacine.fr\\\/?s={search_term_string}\"},\"query-input\":{\"@type\":\"PropertyValueSpecification\",\"valueRequired\":true,\"valueName\":\"search_term_string\"}}],\"inLanguage\":\"es\"},{\"@type\":\"Organization\",\"@id\":\"https:\\\/\\\/repliquemangacine.fr\\\/#organization\",\"name\":\"R\u00e9plique Manga Cin\u00e9\",\"url\":\"https:\\\/\\\/repliquemangacine.fr\\\/\",\"logo\":{\"@type\":\"ImageObject\",\"inLanguage\":\"es\",\"@id\":\"https:\\\/\\\/repliquemangacine.fr\\\/#\\\/schema\\\/logo\\\/image\\\/\",\"url\":\"https:\\\/\\\/repliquemangacine.fr\\\/wp-content\\\/uploads\\\/2023\\\/10\\\/RMC-500250.png\",\"contentUrl\":\"https:\\\/\\\/repliquemangacine.fr\\\/wp-content\\\/uploads\\\/2023\\\/10\\\/RMC-500250.png\",\"width\":500,\"height\":250,\"caption\":\"R\u00e9plique Manga Cin\u00e9\"},\"image\":{\"@id\":\"https:\\\/\\\/repliquemangacine.fr\\\/#\\\/schema\\\/logo\\\/image\\\/\"},\"sameAs\":[\"https:\\\/\\\/www.facebook.com\\\/RepliqueMangaCine\",\"https:\\\/\\\/www.instagram.com\\\/repliquemangacine.fr\\\/\"]}]}<\/script>\n<!-- \/ Yoast SEO plugin. -->","yoast_head_json":{"title":"Pistola bl\u00e1ster Han Solo DL-44 - Star Wars - R\u00e9plique Manga Cin\u00e9","description":"Pistola bl\u00e1ster Han Solo DL-44 de resina con acabado met\u00e1lico y peana de madera\/plex\u00ed. R\u00e9plica de Star Wars perfecta para colecciones, cosplay y exposiciones.","robots":{"index":"index","follow":"follow","max-snippet":"max-snippet:-1","max-image-preview":"max-image-preview:large","max-video-preview":"max-video-preview:-1"},"canonical":"https:\/\/repliquemangacine.fr\/es\/replicas-de-armas-peliculas-y-series\/pistola-blaster-dl-44-han-solo-star-wars\/","og_locale":"es_ES","og_type":"article","og_title":"Pistolet blaster DL-44 Han Solo - Star Wars - R\u00e9plique Manga Cin\u00e9","og_description":"Pistolet Blaster DL-44 de Han Solo en r\u00e9sine finition m\u00e9tal, avec support bois\/plexi. R\u00e9plique Star Wars parfaite pour collection, cosplay et exposition.","og_url":"https:\/\/repliquemangacine.fr\/es\/replicas-de-armas-peliculas-y-series\/pistola-blaster-dl-44-han-solo-star-wars\/","og_site_name":"R\u00e9plique Manga Cin\u00e9","article_publisher":"https:\/\/www.facebook.com\/RepliqueMangaCine","article_modified_time":"2026-03-07T23:20:55+00:00","og_image":[{"width":700,"height":700,"url":"https:\/\/repliquemangacine.fr\/wp-content\/uploads\/2025\/11\/Pistolet-blaster-DL-44-de-Han-Solo-sur-son-support.jpg","type":"image\/jpeg"}],"twitter_card":"summary_large_image","twitter_misc":{"Tiempo de lectura":"2 minutos"},"schema":{"@context":"https:\/\/schema.org","@graph":[{"@type":"WebPage","@id":"https:\/\/repliquemangacine.fr\/repliques-d-armes-films-et-series\/pistolet-blaster-dl-44-han-solo-star-wars\/","url":"https:\/\/repliquemangacine.fr\/repliques-d-armes-films-et-series\/pistolet-blaster-dl-44-han-solo-star-wars\/","name":"Pistola bl\u00e1ster Han Solo DL-44 - Star Wars - R\u00e9plique Manga Cin\u00e9","isPartOf":{"@id":"https:\/\/repliquemangacine.fr\/#website"},"primaryImageOfPage":{"@id":"https:\/\/repliquemangacine.fr\/repliques-d-armes-films-et-series\/pistolet-blaster-dl-44-han-solo-star-wars\/#primaryimage"},"image":{"@id":"https:\/\/repliquemangacine.fr\/repliques-d-armes-films-et-series\/pistolet-blaster-dl-44-han-solo-star-wars\/#primaryimage"},"thumbnailUrl":"https:\/\/repliquemangacine.fr\/wp-content\/uploads\/2025\/11\/Pistolet-blaster-DL-44-de-Han-Solo-sur-son-support.jpg","datePublished":"2025-11-21T14:51:49+00:00","dateModified":"2026-03-07T23:20:55+00:00","description":"Pistola bl\u00e1ster Han Solo DL-44 de resina con acabado met\u00e1lico y peana de madera\/plex\u00ed. R\u00e9plica de Star Wars perfecta para colecciones, cosplay y exposiciones.","breadcrumb":{"@id":"https:\/\/repliquemangacine.fr\/repliques-d-armes-films-et-series\/pistolet-blaster-dl-44-han-solo-star-wars\/#breadcrumb"},"inLanguage":"es","potentialAction":[{"@type":"ReadAction","target":["https:\/\/repliquemangacine.fr\/repliques-d-armes-films-et-series\/pistolet-blaster-dl-44-han-solo-star-wars\/"]}]},{"@type":"ImageObject","inLanguage":"es","@id":"https:\/\/repliquemangacine.fr\/repliques-d-armes-films-et-series\/pistolet-blaster-dl-44-han-solo-star-wars\/#primaryimage","url":"https:\/\/repliquemangacine.fr\/wp-content\/uploads\/2025\/11\/Pistolet-blaster-DL-44-de-Han-Solo-sur-son-support.jpg","contentUrl":"https:\/\/repliquemangacine.fr\/wp-content\/uploads\/2025\/11\/Pistolet-blaster-DL-44-de-Han-Solo-sur-son-support.jpg","width":700,"height":700,"caption":"Pistolet blaster DL-44 de Han solo dans Star Wars"},{"@type":"BreadcrumbList","@id":"https:\/\/repliquemangacine.fr\/repliques-d-armes-films-et-series\/pistolet-blaster-dl-44-han-solo-star-wars\/#breadcrumb","itemListElement":[{"@type":"ListItem","position":1,"name":"Accueil","item":"https:\/\/repliquemangacine.fr\/"},{"@type":"ListItem","position":2,"name":"Produits","item":"https:\/\/repliquemangacine.fr\/boutique\/"},{"@type":"ListItem","position":3,"name":"Pistolet blaster DL-44 Han Solo &#8211; Star Wars"}]},{"@type":"WebSite","@id":"https:\/\/repliquemangacine.fr\/#website","url":"https:\/\/repliquemangacine.fr\/","name":"R\u00e9plique Manga Cin\u00e9","description":"","publisher":{"@id":"https:\/\/repliquemangacine.fr\/#organization"},"potentialAction":[{"@type":"SearchAction","target":{"@type":"EntryPoint","urlTemplate":"https:\/\/repliquemangacine.fr\/?s={search_term_string}"},"query-input":{"@type":"PropertyValueSpecification","valueRequired":true,"valueName":"search_term_string"}}],"inLanguage":"es"},{"@type":"Organization","@id":"https:\/\/repliquemangacine.fr\/#organization","name":"R\u00e9plique Manga Cin\u00e9","url":"https:\/\/repliquemangacine.fr\/","logo":{"@type":"ImageObject","inLanguage":"es","@id":"https:\/\/repliquemangacine.fr\/#\/schema\/logo\/image\/","url":"https:\/\/repliquemangacine.fr\/wp-content\/uploads\/2023\/10\/RMC-500250.png","contentUrl":"https:\/\/repliquemangacine.fr\/wp-content\/uploads\/2023\/10\/RMC-500250.png","width":500,"height":250,"caption":"R\u00e9plique Manga Cin\u00e9"},"image":{"@id":"https:\/\/repliquemangacine.fr\/#\/schema\/logo\/image\/"},"sameAs":["https:\/\/www.facebook.com\/RepliqueMangaCine","https:\/\/www.instagram.com\/repliquemangacine.fr\/"]}]}},"_links":{"self":[{"href":"https:\/\/repliquemangacine.fr\/es\/wp-json\/wp\/v2\/product\/91045","targetHints":{"allow":["GET"]}}],"collection":[{"href":"https:\/\/repliquemangacine.fr\/es\/wp-json\/wp\/v2\/product"}],"about":[{"href":"https:\/\/repliquemangacine.fr\/es\/wp-json\/wp\/v2\/types\/product"}],"wp:featuredmedia":[{"embeddable":true,"href":"https:\/\/repliquemangacine.fr\/es\/wp-json\/wp\/v2\/media\/91047"}],"wp:attachment":[{"href":"https:\/\/repliquemangacine.fr\/es\/wp-json\/wp\/v2\/media?parent=91045"}],"wp:term":[{"taxonomy":"product_brand","embeddable":true,"href":"https:\/\/repliquemangacine.fr\/es\/wp-json\/wp\/v2\/product_brand?post=91045"},{"taxonomy":"product_cat","embeddable":true,"href":"https:\/\/repliquemangacine.fr\/es\/wp-json\/wp\/v2\/product_cat?post=91045"},{"taxonomy":"product_tag","embeddable":true,"href":"https:\/\/repliquemangacine.fr\/es\/wp-json\/wp\/v2\/product_tag?post=91045"}],"curies":[{"name":"wp","href":"https:\/\/api.w.org\/{rel}","templated":true}]}}