





{"id":90994,"date":"2025-11-20T15:40:04","date_gmt":"2025-11-20T14:40:04","guid":{"rendered":"https:\/\/repliquemangacine.fr\/?post_type=product&#038;p=90994"},"modified":"2026-03-31T10:04:55","modified_gmt":"2026-03-31T08:04:55","slug":"gimli-hacha-de-doble-hoja","status":"publish","type":"product","link":"https:\/\/repliquemangacine.fr\/es\/epees-seigneur-des-anneaux\/hache-double-lame-gimli\/","title":{"rendered":"Gimli hacha de doble hoja"},"content":{"rendered":"<h2>Un hacha de doble hoja de Gimli para los h\u00e9roes de la Tierra Media<\/h2>\n<p>En primer lugar, esta r\u00e9plica del <strong>Gimli hacha de doble hoja<\/strong> reproduce fielmente la est\u00e9tica del arma vista en El Se\u00f1or de los Anillos. La cabeza est\u00e1 formada por dos hojas de metal finamente trabajadas con motivos dorados de inspiraci\u00f3n enana. El mango marr\u00f3n est\u00e1 reforzado con una textura antideslizante para garantizar un agarre firme. Con sus equilibradas dimensiones, la pieza presume de una longitud total de 880 mm para una hoja de 280 mm. Su imponente peso de 4.400 g refuerza el aspecto aut\u00e9ntico y s\u00f3lido del arma. Suministrada con un soporte mural, es una pieza decorativa de prestigio. Esta hacha simboliza el poder guerrero del pueblo enano y su dominio del combate cuerpo a cuerpo a lo largo de la trilog\u00eda.<\/p>\n<h2>Gimli, guerrero enano de valor inagotable<\/h2>\n<p>Gimli es la encarnaci\u00f3n de la valent\u00eda y la lealtad, y combina la fuerza bruta con el humor mordaz. Este <strong>Gimli hacha de doble hoja<\/strong>, La espada, blandida en la batalla, acompa\u00f1a sus heroicas cargas y su temperamento inquebrantable. Su amistad con Legolas sigue siendo uno de los s\u00edmbolos m\u00e1s fuertes de la uni\u00f3n entre los pueblos libres. Cada una de sus haza\u00f1as refuerza un respeto mutuo nacido en medio de la guerra. Adem\u00e1s, su alianza con <a href=\"https:\/\/lotr.fandom.com\/fr\/wiki\/Aragorn\" target=\"_blank\" rel=\"noopener noreferrer\">Aragorn<\/a> demuestra su lealtad a los reyes de Gondor. De hecho, esta arma subraya su orgullo enano, su herencia ancestral y su lugar dentro de la Comunidad. Poseer esta r\u00e9plica es rendir homenaje a uno de los m\u00e1s grandes guerreros de Tolkien.<\/p>\n<h2>Una colecci\u00f3n \u00e9pica para los fans de El Se\u00f1or de los Anillos<\/h2>\n<p>Esta hacha puede unirse a una prestigiosa selecci\u00f3n disponible en R\u00e9plique Manga Cin\u00e9. Entre ellas se encuentra la magn\u00edfica r\u00e9plica del\u2019<a href=\"https:\/\/repliquemangacine.fr\/es\/espadas-del-senor-de-los-anillos\/espada-de-eowyn-el-senor-de-los-anillos\/\">espada de \u00c9owyn<\/a> rinde homenaje a la valent\u00eda de los Rohirrim. Tambi\u00e9n hay una r\u00e9plica del\u2019<a href=\"https:\/\/repliquemangacine.fr\/es\/espadas-del-senor-de-los-anillos\/senor-de-los-anillos-espada-nazgul-espada-caballeros-negros\/\">Espada Nazg\u00fbl<\/a>, un arma oscura llevada por los Jinetes Negros. Por \u00faltimo, el magn\u00edfico <a href=\"https:\/\/repliquemangacine.fr\/es\/espadas-del-senor-de-los-anillos\/vaina-glamdring-espada-de-gandalf-lotr\/\">Espada Glamdring<\/a> La versi\u00f3n azul recuerda el esplendor del arma de Gandalf. Con estas r\u00e9plicas, podr\u00e1s reunir una colecci\u00f3n completa dedicada a las m\u00edticas batallas de la Tierra Media. En conclusi\u00f3n, descubre todas nuestras armas inspiradas en Tolkien para enriquecer tu pante\u00f3n de h\u00e9roes.<\/p>","protected":false},"excerpt":{"rendered":"<p>Domina la Tierra Media con el hacha de doble hoja de Gimli, una r\u00e9plica maciza y aut\u00e9ntica digna de un guerrero enano.<\/p>\n<ul>\n<li>Cabezal de doble hoja de acero sin afilar<\/li>\n<li>Placa met\u00e1lica que une las dos palas de lat\u00f3n con grabados.<\/li>\n<li>Mango de metal recubierto de fibra marr\u00f3n<\/li>\n<li>Se entrega con soporte de presentaci\u00f3n de madera<\/li>\n<li>Dimensiones del cabezal doble: 28 cm - Longitud total: 88 cm<\/li>\n<li>Peso: 4400 g<\/li>\n<\/ul>","protected":false},"featured_media":90996,"template":"","meta":[],"product_brand":[],"product_cat":[68,29],"product_tag":[],"class_list":{"0":"post-90994","1":"product","2":"type-product","3":"status-publish","4":"has-post-thumbnail","6":"product_cat-epees-seigneur-des-anneaux","7":"product_cat-le-seigneur-des-anneaux","9":"first","10":"outofstock","11":"taxable","12":"shipping-taxable","13":"purchasable","14":"product-type-simple"},"yoast_head":"<!-- This site is optimized with the Yoast SEO plugin v27.4 - https:\/\/yoast.com\/product\/yoast-seo-wordpress\/ -->\n<title>Hache double lame Gimli - R\u00e9plique Manga Cin\u00e9<\/title>\n<meta name=\"description\" content=\"Hache double lame de Gimli en m\u00e9tal avec poign\u00e9e marron et support mural. 880 mm, 4,4 kg. R\u00e9plique Seigneur des Anneaux pour collection passionn\u00e9e.\" \/>\n<meta name=\"robots\" content=\"index, follow, max-snippet:-1, max-image-preview:large, max-video-preview:-1\" \/>\n<link rel=\"canonical\" href=\"https:\/\/repliquemangacine.fr\/es\/espadas-del-senor-de-los-anillos\/gimli-hacha-de-doble-hoja\/\" \/>\n<meta property=\"og:locale\" content=\"es_ES\" \/>\n<meta property=\"og:type\" content=\"article\" \/>\n<meta property=\"og:title\" content=\"Hache double lame Gimli - R\u00e9plique Manga Cin\u00e9\" \/>\n<meta property=\"og:description\" content=\"Hache double lame de Gimli en m\u00e9tal avec poign\u00e9e marron et support mural. 880 mm, 4,4 kg. R\u00e9plique Seigneur des Anneaux pour collection passionn\u00e9e.\" \/>\n<meta property=\"og:url\" content=\"https:\/\/repliquemangacine.fr\/es\/espadas-del-senor-de-los-anillos\/gimli-hacha-de-doble-hoja\/\" \/>\n<meta property=\"og:site_name\" content=\"R\u00e9plique Manga Cin\u00e9\" \/>\n<meta property=\"article:publisher\" content=\"https:\/\/www.facebook.com\/RepliqueMangaCine\" \/>\n<meta property=\"article:modified_time\" content=\"2026-03-31T08:04:55+00:00\" \/>\n<meta property=\"og:image\" content=\"https:\/\/repliquemangacine.fr\/wp-content\/uploads\/2025\/11\/Hache-double-lame-Gimli-Lord-of-the-Ring.jpg\" \/>\n\t<meta property=\"og:image:width\" content=\"700\" \/>\n\t<meta property=\"og:image:height\" content=\"700\" \/>\n\t<meta property=\"og:image:type\" content=\"image\/jpeg\" \/>\n<meta name=\"twitter:card\" content=\"summary_large_image\" \/>\n<meta name=\"twitter:label1\" content=\"Tiempo de lectura\" \/>\n\t<meta name=\"twitter:data1\" content=\"2 minutos\" \/>\n<script type=\"application\/ld+json\" class=\"yoast-schema-graph\">{\"@context\":\"https:\\\/\\\/schema.org\",\"@graph\":[{\"@type\":\"WebPage\",\"@id\":\"https:\\\/\\\/repliquemangacine.fr\\\/epees-seigneur-des-anneaux\\\/hache-double-lame-gimli\\\/\",\"url\":\"https:\\\/\\\/repliquemangacine.fr\\\/epees-seigneur-des-anneaux\\\/hache-double-lame-gimli\\\/\",\"name\":\"Hache double lame Gimli - R\u00e9plique Manga Cin\u00e9\",\"isPartOf\":{\"@id\":\"https:\\\/\\\/repliquemangacine.fr\\\/#website\"},\"primaryImageOfPage\":{\"@id\":\"https:\\\/\\\/repliquemangacine.fr\\\/epees-seigneur-des-anneaux\\\/hache-double-lame-gimli\\\/#primaryimage\"},\"image\":{\"@id\":\"https:\\\/\\\/repliquemangacine.fr\\\/epees-seigneur-des-anneaux\\\/hache-double-lame-gimli\\\/#primaryimage\"},\"thumbnailUrl\":\"https:\\\/\\\/repliquemangacine.fr\\\/wp-content\\\/uploads\\\/2025\\\/11\\\/Hache-double-lame-Gimli-Lord-of-the-Ring.jpg\",\"datePublished\":\"2025-11-20T14:40:04+00:00\",\"dateModified\":\"2026-03-31T08:04:55+00:00\",\"description\":\"Hache double lame de Gimli en m\u00e9tal avec poign\u00e9e marron et support mural. 880 mm, 4,4 kg. R\u00e9plique Seigneur des Anneaux pour collection passionn\u00e9e.\",\"breadcrumb\":{\"@id\":\"https:\\\/\\\/repliquemangacine.fr\\\/epees-seigneur-des-anneaux\\\/hache-double-lame-gimli\\\/#breadcrumb\"},\"inLanguage\":\"es\",\"potentialAction\":[{\"@type\":\"ReadAction\",\"target\":[\"https:\\\/\\\/repliquemangacine.fr\\\/epees-seigneur-des-anneaux\\\/hache-double-lame-gimli\\\/\"]}]},{\"@type\":\"ImageObject\",\"inLanguage\":\"es\",\"@id\":\"https:\\\/\\\/repliquemangacine.fr\\\/epees-seigneur-des-anneaux\\\/hache-double-lame-gimli\\\/#primaryimage\",\"url\":\"https:\\\/\\\/repliquemangacine.fr\\\/wp-content\\\/uploads\\\/2025\\\/11\\\/Hache-double-lame-Gimli-Lord-of-the-Ring.jpg\",\"contentUrl\":\"https:\\\/\\\/repliquemangacine.fr\\\/wp-content\\\/uploads\\\/2025\\\/11\\\/Hache-double-lame-Gimli-Lord-of-the-Ring.jpg\",\"width\":700,\"height\":700,\"caption\":\"Hache double lame Gimli - Le Seigneur des Anneaux\"},{\"@type\":\"BreadcrumbList\",\"@id\":\"https:\\\/\\\/repliquemangacine.fr\\\/epees-seigneur-des-anneaux\\\/hache-double-lame-gimli\\\/#breadcrumb\",\"itemListElement\":[{\"@type\":\"ListItem\",\"position\":1,\"name\":\"Accueil\",\"item\":\"https:\\\/\\\/repliquemangacine.fr\\\/\"},{\"@type\":\"ListItem\",\"position\":2,\"name\":\"Produits\",\"item\":\"https:\\\/\\\/repliquemangacine.fr\\\/boutique\\\/\"},{\"@type\":\"ListItem\",\"position\":3,\"name\":\"Hache double lame Gimli\"}]},{\"@type\":\"WebSite\",\"@id\":\"https:\\\/\\\/repliquemangacine.fr\\\/#website\",\"url\":\"https:\\\/\\\/repliquemangacine.fr\\\/\",\"name\":\"R\u00e9plique Manga Cin\u00e9\",\"description\":\"\",\"publisher\":{\"@id\":\"https:\\\/\\\/repliquemangacine.fr\\\/#organization\"},\"potentialAction\":[{\"@type\":\"SearchAction\",\"target\":{\"@type\":\"EntryPoint\",\"urlTemplate\":\"https:\\\/\\\/repliquemangacine.fr\\\/?s={search_term_string}\"},\"query-input\":{\"@type\":\"PropertyValueSpecification\",\"valueRequired\":true,\"valueName\":\"search_term_string\"}}],\"inLanguage\":\"es\"},{\"@type\":\"Organization\",\"@id\":\"https:\\\/\\\/repliquemangacine.fr\\\/#organization\",\"name\":\"R\u00e9plique Manga Cin\u00e9\",\"url\":\"https:\\\/\\\/repliquemangacine.fr\\\/\",\"logo\":{\"@type\":\"ImageObject\",\"inLanguage\":\"es\",\"@id\":\"https:\\\/\\\/repliquemangacine.fr\\\/#\\\/schema\\\/logo\\\/image\\\/\",\"url\":\"https:\\\/\\\/repliquemangacine.fr\\\/wp-content\\\/uploads\\\/2023\\\/10\\\/RMC-500250.png\",\"contentUrl\":\"https:\\\/\\\/repliquemangacine.fr\\\/wp-content\\\/uploads\\\/2023\\\/10\\\/RMC-500250.png\",\"width\":500,\"height\":250,\"caption\":\"R\u00e9plique Manga Cin\u00e9\"},\"image\":{\"@id\":\"https:\\\/\\\/repliquemangacine.fr\\\/#\\\/schema\\\/logo\\\/image\\\/\"},\"sameAs\":[\"https:\\\/\\\/www.facebook.com\\\/RepliqueMangaCine\",\"https:\\\/\\\/www.instagram.com\\\/repliquemangacine.fr\\\/\"]}]}<\/script>\n<!-- \/ Yoast SEO plugin. -->","yoast_head_json":{"title":"Gimli hacha de doble hoja - R\u00e9plique Manga Cin\u00e9","description":"Gimli hacha met\u00e1lica de doble hoja con mango marr\u00f3n y soporte de pared. 880 mm, 4,4 kg. R\u00e9plica de El Se\u00f1or de los Anillos para coleccionistas entusiastas.","robots":{"index":"index","follow":"follow","max-snippet":"max-snippet:-1","max-image-preview":"max-image-preview:large","max-video-preview":"max-video-preview:-1"},"canonical":"https:\/\/repliquemangacine.fr\/es\/espadas-del-senor-de-los-anillos\/gimli-hacha-de-doble-hoja\/","og_locale":"es_ES","og_type":"article","og_title":"Hache double lame Gimli - R\u00e9plique Manga Cin\u00e9","og_description":"Hache double lame de Gimli en m\u00e9tal avec poign\u00e9e marron et support mural. 880 mm, 4,4 kg. R\u00e9plique Seigneur des Anneaux pour collection passionn\u00e9e.","og_url":"https:\/\/repliquemangacine.fr\/es\/espadas-del-senor-de-los-anillos\/gimli-hacha-de-doble-hoja\/","og_site_name":"R\u00e9plique Manga Cin\u00e9","article_publisher":"https:\/\/www.facebook.com\/RepliqueMangaCine","article_modified_time":"2026-03-31T08:04:55+00:00","og_image":[{"width":700,"height":700,"url":"https:\/\/repliquemangacine.fr\/wp-content\/uploads\/2025\/11\/Hache-double-lame-Gimli-Lord-of-the-Ring.jpg","type":"image\/jpeg"}],"twitter_card":"summary_large_image","twitter_misc":{"Tiempo de lectura":"2 minutos"},"schema":{"@context":"https:\/\/schema.org","@graph":[{"@type":"WebPage","@id":"https:\/\/repliquemangacine.fr\/epees-seigneur-des-anneaux\/hache-double-lame-gimli\/","url":"https:\/\/repliquemangacine.fr\/epees-seigneur-des-anneaux\/hache-double-lame-gimli\/","name":"Gimli hacha de doble hoja - R\u00e9plique Manga Cin\u00e9","isPartOf":{"@id":"https:\/\/repliquemangacine.fr\/#website"},"primaryImageOfPage":{"@id":"https:\/\/repliquemangacine.fr\/epees-seigneur-des-anneaux\/hache-double-lame-gimli\/#primaryimage"},"image":{"@id":"https:\/\/repliquemangacine.fr\/epees-seigneur-des-anneaux\/hache-double-lame-gimli\/#primaryimage"},"thumbnailUrl":"https:\/\/repliquemangacine.fr\/wp-content\/uploads\/2025\/11\/Hache-double-lame-Gimli-Lord-of-the-Ring.jpg","datePublished":"2025-11-20T14:40:04+00:00","dateModified":"2026-03-31T08:04:55+00:00","description":"Gimli hacha met\u00e1lica de doble hoja con mango marr\u00f3n y soporte de pared. 880 mm, 4,4 kg. R\u00e9plica de El Se\u00f1or de los Anillos para coleccionistas entusiastas.","breadcrumb":{"@id":"https:\/\/repliquemangacine.fr\/epees-seigneur-des-anneaux\/hache-double-lame-gimli\/#breadcrumb"},"inLanguage":"es","potentialAction":[{"@type":"ReadAction","target":["https:\/\/repliquemangacine.fr\/epees-seigneur-des-anneaux\/hache-double-lame-gimli\/"]}]},{"@type":"ImageObject","inLanguage":"es","@id":"https:\/\/repliquemangacine.fr\/epees-seigneur-des-anneaux\/hache-double-lame-gimli\/#primaryimage","url":"https:\/\/repliquemangacine.fr\/wp-content\/uploads\/2025\/11\/Hache-double-lame-Gimli-Lord-of-the-Ring.jpg","contentUrl":"https:\/\/repliquemangacine.fr\/wp-content\/uploads\/2025\/11\/Hache-double-lame-Gimli-Lord-of-the-Ring.jpg","width":700,"height":700,"caption":"Hache double lame Gimli - Le Seigneur des Anneaux"},{"@type":"BreadcrumbList","@id":"https:\/\/repliquemangacine.fr\/epees-seigneur-des-anneaux\/hache-double-lame-gimli\/#breadcrumb","itemListElement":[{"@type":"ListItem","position":1,"name":"Accueil","item":"https:\/\/repliquemangacine.fr\/"},{"@type":"ListItem","position":2,"name":"Produits","item":"https:\/\/repliquemangacine.fr\/boutique\/"},{"@type":"ListItem","position":3,"name":"Hache double lame Gimli"}]},{"@type":"WebSite","@id":"https:\/\/repliquemangacine.fr\/#website","url":"https:\/\/repliquemangacine.fr\/","name":"R\u00e9plique Manga Cin\u00e9","description":"","publisher":{"@id":"https:\/\/repliquemangacine.fr\/#organization"},"potentialAction":[{"@type":"SearchAction","target":{"@type":"EntryPoint","urlTemplate":"https:\/\/repliquemangacine.fr\/?s={search_term_string}"},"query-input":{"@type":"PropertyValueSpecification","valueRequired":true,"valueName":"search_term_string"}}],"inLanguage":"es"},{"@type":"Organization","@id":"https:\/\/repliquemangacine.fr\/#organization","name":"R\u00e9plique Manga Cin\u00e9","url":"https:\/\/repliquemangacine.fr\/","logo":{"@type":"ImageObject","inLanguage":"es","@id":"https:\/\/repliquemangacine.fr\/#\/schema\/logo\/image\/","url":"https:\/\/repliquemangacine.fr\/wp-content\/uploads\/2023\/10\/RMC-500250.png","contentUrl":"https:\/\/repliquemangacine.fr\/wp-content\/uploads\/2023\/10\/RMC-500250.png","width":500,"height":250,"caption":"R\u00e9plique Manga Cin\u00e9"},"image":{"@id":"https:\/\/repliquemangacine.fr\/#\/schema\/logo\/image\/"},"sameAs":["https:\/\/www.facebook.com\/RepliqueMangaCine","https:\/\/www.instagram.com\/repliquemangacine.fr\/"]}]}},"_links":{"self":[{"href":"https:\/\/repliquemangacine.fr\/es\/wp-json\/wp\/v2\/product\/90994","targetHints":{"allow":["GET"]}}],"collection":[{"href":"https:\/\/repliquemangacine.fr\/es\/wp-json\/wp\/v2\/product"}],"about":[{"href":"https:\/\/repliquemangacine.fr\/es\/wp-json\/wp\/v2\/types\/product"}],"wp:featuredmedia":[{"embeddable":true,"href":"https:\/\/repliquemangacine.fr\/es\/wp-json\/wp\/v2\/media\/90996"}],"wp:attachment":[{"href":"https:\/\/repliquemangacine.fr\/es\/wp-json\/wp\/v2\/media?parent=90994"}],"wp:term":[{"taxonomy":"product_brand","embeddable":true,"href":"https:\/\/repliquemangacine.fr\/es\/wp-json\/wp\/v2\/product_brand?post=90994"},{"taxonomy":"product_cat","embeddable":true,"href":"https:\/\/repliquemangacine.fr\/es\/wp-json\/wp\/v2\/product_cat?post=90994"},{"taxonomy":"product_tag","embeddable":true,"href":"https:\/\/repliquemangacine.fr\/es\/wp-json\/wp\/v2\/product_tag?post=90994"}],"curies":[{"name":"wp","href":"https:\/\/api.w.org\/{rel}","templated":true}]}}