





{"id":90985,"date":"2025-11-20T15:03:46","date_gmt":"2025-11-20T14:03:46","guid":{"rendered":"https:\/\/repliquemangacine.fr\/?post_type=product&#038;p=90985"},"modified":"2026-03-31T10:04:55","modified_gmt":"2026-03-31T08:04:55","slug":"hacha-de-gimli-el-senor-de-los-anillos","status":"publish","type":"product","link":"https:\/\/repliquemangacine.fr\/es\/epees-seigneur-des-anneaux\/hache-de-gimli-le-seigneur-des-anneaux\/","title":{"rendered":"El hacha de Gimli - El Se\u00f1or de los Anillos"},"content":{"rendered":"<h2>El hacha de Gimli, un arma legendaria forjada para la batalla<\/h2>\n<p>En primer lugar, esta r\u00e9plica del <strong>El hacha de Gimli<\/strong> reproduce fielmente su aspecto en la trilog\u00eda de El Se\u00f1or de los Anillos. La cabeza del hacha es totalmente de metal, con un acabado damasco realista y una placa de oro grabada. El mango es de metal recubierto de fibra negra, que ofrece un agarre s\u00f3lido y aut\u00e9ntico. Se entrega con un soporte de pared para exhibirla con elegancia. En la historia, esta hacha simboliza la fuerza indomable y el valor del pueblo enano. Acompa\u00f1a a Gimli en su b\u00fasqueda del Anillo, atravesando las tierras de la Tierra Media. Esta pieza a\u00f1ade un aura heroica a cualquier colecci\u00f3n de fantas\u00eda.<\/p>\n<h2>Gimli, fiel aliado de Aragorn y Legolas<\/h2>\n<p>Para empezar, Gimli es un guerrero enano de car\u00e1cter orgulloso, leal y temerario. Su humor franco y su temperamento s\u00f3lido marcan todas las escenas en las que aparece. Pero su historia destaca sobre todo por su inesperada amistad con <a href=\"https:\/\/lotr.fandom.com\/fr\/wiki\/Legolas\" target=\"_blank\" rel=\"noopener noreferrer\">Legolas<\/a>, reforzando el v\u00ednculo entre elfos y enanos. Su profundo respeto por Aragorn subraya su gratitud hacia los reyes de Gondor. Con esta hacha, Gimli encarna la hermandad nacida en la guerra y el honor del pueblo enano. Esta r\u00e9plica te permite revivir esos momentos ic\u00f3nicos en los que la camarader\u00eda triunf\u00f3 sobre los resentimientos ancestrales. Es ideal para los fans que quieran resaltar esta m\u00edtica alianza.<\/p>\n<h2>Una colecci\u00f3n completa de la Tierra Media en R\u00e9pliqueMangaCin\u00e9<\/h2>\n<p>Esta hacha es un complemento perfecto de nuestra gama para los fans de El Se\u00f1or de los Anillos. Entre nuestras piezas ic\u00f3nicas, el <a href=\"https:\/\/repliquemangacine.fr\/es\/el-senor-de-los-anillos\/uruk-hai-cimitarra-senor-de-los-anillos\/\">Cimitarra Uruk-Hai<\/a> ofrece una est\u00e9tica brutal y b\u00e9lica. Tambi\u00e9n ofrecemos la versi\u00f3n de lujo del\u2019<a href=\"https:\/\/repliquemangacine.fr\/es\/espadas-del-senor-de-los-anillos\/espada-anduril-de-luxe\/\">La espada de Aragorn, el Anduril<\/a>, un s\u00edmbolo de la herencia real de Gondor. Adem\u00e1s, el\u2019<a href=\"https:\/\/repliquemangacine.fr\/es\/espadas-del-senor-de-los-anillos\/el-senor-de-los-anillos-sam-gamegie-espada\/\">La espada de Sam Gamegie<\/a> recuerda la lealtad y el valor de los Hobbits. Nuestra tienda R\u00e9plique Manga Cin\u00e9 re\u00fane todas las espadas de la trilog\u00eda, para crear una colecci\u00f3n fiel a la obra \u00e9pica. De este modo, todo aficionado puede exhibir una pieza completa de la leyenda de Tolkien.<\/p>","protected":false},"excerpt":{"rendered":"<p>Empu\u00f1a el poder de los enanos con el hacha de Gimli, una r\u00e9plica robusta y \u00e9pica inspirada en El Se\u00f1or de los Anillos.<\/p>\n<ul>\n<li>Cabeza de hacha de acero estilo Damasco<\/li>\n<li>Peque\u00f1a placa de oro grabada en la parte superior de la cabeza<\/li>\n<li>Mango met\u00e1lico recubierto de fibra negra para un agarre seguro<\/li>\n<li>Se entrega con un soporte de presentaci\u00f3n de madera<\/li>\n<li>Longitud de la cabeza: 21,5 cm - Longitud total: 86 cm<\/li>\n<li>Peso: 3070 g<\/li>\n<\/ul>","protected":false},"featured_media":90986,"template":"","meta":[],"product_brand":[],"product_cat":[68,29],"product_tag":[],"class_list":{"0":"post-90985","1":"product","2":"type-product","3":"status-publish","4":"has-post-thumbnail","6":"product_cat-epees-seigneur-des-anneaux","7":"product_cat-le-seigneur-des-anneaux","9":"first","10":"instock","11":"taxable","12":"shipping-taxable","13":"purchasable","14":"product-type-simple"},"yoast_head":"<!-- This site is optimized with the Yoast SEO plugin v27.4 - https:\/\/yoast.com\/product\/yoast-seo-wordpress\/ -->\n<title>Hache de Gimli - Le Seigneur des Anneaux - R\u00e9plique Manga Cin\u00e9<\/title>\n<meta name=\"description\" content=\"Hache de Gimli en m\u00e9tal style damas avec poign\u00e9e fibre et support mural. R\u00e9plique Seigneur des Anneaux id\u00e9ale collection et d\u00e9coration fantasy.\" \/>\n<meta name=\"robots\" content=\"index, follow, max-snippet:-1, max-image-preview:large, max-video-preview:-1\" \/>\n<link rel=\"canonical\" href=\"https:\/\/repliquemangacine.fr\/es\/espadas-del-senor-de-los-anillos\/hacha-de-gimli-el-senor-de-los-anillos\/\" \/>\n<meta property=\"og:locale\" content=\"es_ES\" \/>\n<meta property=\"og:type\" content=\"article\" \/>\n<meta property=\"og:title\" content=\"Hache de Gimli - Le Seigneur des Anneaux - R\u00e9plique Manga Cin\u00e9\" \/>\n<meta property=\"og:description\" content=\"Hache de Gimli en m\u00e9tal style damas avec poign\u00e9e fibre et support mural. R\u00e9plique Seigneur des Anneaux id\u00e9ale collection et d\u00e9coration fantasy.\" \/>\n<meta property=\"og:url\" content=\"https:\/\/repliquemangacine.fr\/es\/espadas-del-senor-de-los-anillos\/hacha-de-gimli-el-senor-de-los-anillos\/\" \/>\n<meta property=\"og:site_name\" content=\"R\u00e9plique Manga Cin\u00e9\" \/>\n<meta property=\"article:publisher\" content=\"https:\/\/www.facebook.com\/RepliqueMangaCine\" \/>\n<meta property=\"article:modified_time\" content=\"2026-03-31T08:04:55+00:00\" \/>\n<meta property=\"og:image\" content=\"https:\/\/repliquemangacine.fr\/wp-content\/uploads\/2025\/11\/Hache-de-Gimli-Le-Seigneur-des-Anneaux.jpg\" \/>\n\t<meta property=\"og:image:width\" content=\"700\" \/>\n\t<meta property=\"og:image:height\" content=\"700\" \/>\n\t<meta property=\"og:image:type\" content=\"image\/jpeg\" \/>\n<meta name=\"twitter:card\" content=\"summary_large_image\" \/>\n<meta name=\"twitter:label1\" content=\"Tiempo de lectura\" \/>\n\t<meta name=\"twitter:data1\" content=\"2 minutos\" \/>\n<script type=\"application\/ld+json\" class=\"yoast-schema-graph\">{\"@context\":\"https:\\\/\\\/schema.org\",\"@graph\":[{\"@type\":\"WebPage\",\"@id\":\"https:\\\/\\\/repliquemangacine.fr\\\/epees-seigneur-des-anneaux\\\/hache-de-gimli-le-seigneur-des-anneaux\\\/\",\"url\":\"https:\\\/\\\/repliquemangacine.fr\\\/epees-seigneur-des-anneaux\\\/hache-de-gimli-le-seigneur-des-anneaux\\\/\",\"name\":\"Hache de Gimli - Le Seigneur des Anneaux - R\u00e9plique Manga Cin\u00e9\",\"isPartOf\":{\"@id\":\"https:\\\/\\\/repliquemangacine.fr\\\/#website\"},\"primaryImageOfPage\":{\"@id\":\"https:\\\/\\\/repliquemangacine.fr\\\/epees-seigneur-des-anneaux\\\/hache-de-gimli-le-seigneur-des-anneaux\\\/#primaryimage\"},\"image\":{\"@id\":\"https:\\\/\\\/repliquemangacine.fr\\\/epees-seigneur-des-anneaux\\\/hache-de-gimli-le-seigneur-des-anneaux\\\/#primaryimage\"},\"thumbnailUrl\":\"https:\\\/\\\/repliquemangacine.fr\\\/wp-content\\\/uploads\\\/2025\\\/11\\\/Hache-de-Gimli-Le-Seigneur-des-Anneaux.jpg\",\"datePublished\":\"2025-11-20T14:03:46+00:00\",\"dateModified\":\"2026-03-31T08:04:55+00:00\",\"description\":\"Hache de Gimli en m\u00e9tal style damas avec poign\u00e9e fibre et support mural. R\u00e9plique Seigneur des Anneaux id\u00e9ale collection et d\u00e9coration fantasy.\",\"breadcrumb\":{\"@id\":\"https:\\\/\\\/repliquemangacine.fr\\\/epees-seigneur-des-anneaux\\\/hache-de-gimli-le-seigneur-des-anneaux\\\/#breadcrumb\"},\"inLanguage\":\"es\",\"potentialAction\":[{\"@type\":\"ReadAction\",\"target\":[\"https:\\\/\\\/repliquemangacine.fr\\\/epees-seigneur-des-anneaux\\\/hache-de-gimli-le-seigneur-des-anneaux\\\/\"]}]},{\"@type\":\"ImageObject\",\"inLanguage\":\"es\",\"@id\":\"https:\\\/\\\/repliquemangacine.fr\\\/epees-seigneur-des-anneaux\\\/hache-de-gimli-le-seigneur-des-anneaux\\\/#primaryimage\",\"url\":\"https:\\\/\\\/repliquemangacine.fr\\\/wp-content\\\/uploads\\\/2025\\\/11\\\/Hache-de-Gimli-Le-Seigneur-des-Anneaux.jpg\",\"contentUrl\":\"https:\\\/\\\/repliquemangacine.fr\\\/wp-content\\\/uploads\\\/2025\\\/11\\\/Hache-de-Gimli-Le-Seigneur-des-Anneaux.jpg\",\"width\":700,\"height\":700,\"caption\":\"Hache de Gimli dans Le Seigneur des Anneaux\"},{\"@type\":\"BreadcrumbList\",\"@id\":\"https:\\\/\\\/repliquemangacine.fr\\\/epees-seigneur-des-anneaux\\\/hache-de-gimli-le-seigneur-des-anneaux\\\/#breadcrumb\",\"itemListElement\":[{\"@type\":\"ListItem\",\"position\":1,\"name\":\"Accueil\",\"item\":\"https:\\\/\\\/repliquemangacine.fr\\\/\"},{\"@type\":\"ListItem\",\"position\":2,\"name\":\"Produits\",\"item\":\"https:\\\/\\\/repliquemangacine.fr\\\/boutique\\\/\"},{\"@type\":\"ListItem\",\"position\":3,\"name\":\"Hache de Gimli &#8211; Le Seigneur des Anneaux\"}]},{\"@type\":\"WebSite\",\"@id\":\"https:\\\/\\\/repliquemangacine.fr\\\/#website\",\"url\":\"https:\\\/\\\/repliquemangacine.fr\\\/\",\"name\":\"R\u00e9plique Manga Cin\u00e9\",\"description\":\"\",\"publisher\":{\"@id\":\"https:\\\/\\\/repliquemangacine.fr\\\/#organization\"},\"potentialAction\":[{\"@type\":\"SearchAction\",\"target\":{\"@type\":\"EntryPoint\",\"urlTemplate\":\"https:\\\/\\\/repliquemangacine.fr\\\/?s={search_term_string}\"},\"query-input\":{\"@type\":\"PropertyValueSpecification\",\"valueRequired\":true,\"valueName\":\"search_term_string\"}}],\"inLanguage\":\"es\"},{\"@type\":\"Organization\",\"@id\":\"https:\\\/\\\/repliquemangacine.fr\\\/#organization\",\"name\":\"R\u00e9plique Manga Cin\u00e9\",\"url\":\"https:\\\/\\\/repliquemangacine.fr\\\/\",\"logo\":{\"@type\":\"ImageObject\",\"inLanguage\":\"es\",\"@id\":\"https:\\\/\\\/repliquemangacine.fr\\\/#\\\/schema\\\/logo\\\/image\\\/\",\"url\":\"https:\\\/\\\/repliquemangacine.fr\\\/wp-content\\\/uploads\\\/2023\\\/10\\\/RMC-500250.png\",\"contentUrl\":\"https:\\\/\\\/repliquemangacine.fr\\\/wp-content\\\/uploads\\\/2023\\\/10\\\/RMC-500250.png\",\"width\":500,\"height\":250,\"caption\":\"R\u00e9plique Manga Cin\u00e9\"},\"image\":{\"@id\":\"https:\\\/\\\/repliquemangacine.fr\\\/#\\\/schema\\\/logo\\\/image\\\/\"},\"sameAs\":[\"https:\\\/\\\/www.facebook.com\\\/RepliqueMangaCine\",\"https:\\\/\\\/www.instagram.com\\\/repliquemangacine.fr\\\/\"]}]}<\/script>\n<!-- \/ Yoast SEO plugin. -->","yoast_head_json":{"title":"Hacha de Gimli - El Se\u00f1or de los Anillos - R\u00e9plique Manga Cin\u00e9","description":"Hacha Gimli de metal estilo Damasco con mango de fibra y soporte de pared. R\u00e9plica de El Se\u00f1or de los Anillos ideal para colecci\u00f3n y decoraci\u00f3n de fantas\u00eda.","robots":{"index":"index","follow":"follow","max-snippet":"max-snippet:-1","max-image-preview":"max-image-preview:large","max-video-preview":"max-video-preview:-1"},"canonical":"https:\/\/repliquemangacine.fr\/es\/espadas-del-senor-de-los-anillos\/hacha-de-gimli-el-senor-de-los-anillos\/","og_locale":"es_ES","og_type":"article","og_title":"Hache de Gimli - Le Seigneur des Anneaux - R\u00e9plique Manga Cin\u00e9","og_description":"Hache de Gimli en m\u00e9tal style damas avec poign\u00e9e fibre et support mural. R\u00e9plique Seigneur des Anneaux id\u00e9ale collection et d\u00e9coration fantasy.","og_url":"https:\/\/repliquemangacine.fr\/es\/espadas-del-senor-de-los-anillos\/hacha-de-gimli-el-senor-de-los-anillos\/","og_site_name":"R\u00e9plique Manga Cin\u00e9","article_publisher":"https:\/\/www.facebook.com\/RepliqueMangaCine","article_modified_time":"2026-03-31T08:04:55+00:00","og_image":[{"width":700,"height":700,"url":"https:\/\/repliquemangacine.fr\/wp-content\/uploads\/2025\/11\/Hache-de-Gimli-Le-Seigneur-des-Anneaux.jpg","type":"image\/jpeg"}],"twitter_card":"summary_large_image","twitter_misc":{"Tiempo de lectura":"2 minutos"},"schema":{"@context":"https:\/\/schema.org","@graph":[{"@type":"WebPage","@id":"https:\/\/repliquemangacine.fr\/epees-seigneur-des-anneaux\/hache-de-gimli-le-seigneur-des-anneaux\/","url":"https:\/\/repliquemangacine.fr\/epees-seigneur-des-anneaux\/hache-de-gimli-le-seigneur-des-anneaux\/","name":"Hacha de Gimli - El Se\u00f1or de los Anillos - R\u00e9plique Manga Cin\u00e9","isPartOf":{"@id":"https:\/\/repliquemangacine.fr\/#website"},"primaryImageOfPage":{"@id":"https:\/\/repliquemangacine.fr\/epees-seigneur-des-anneaux\/hache-de-gimli-le-seigneur-des-anneaux\/#primaryimage"},"image":{"@id":"https:\/\/repliquemangacine.fr\/epees-seigneur-des-anneaux\/hache-de-gimli-le-seigneur-des-anneaux\/#primaryimage"},"thumbnailUrl":"https:\/\/repliquemangacine.fr\/wp-content\/uploads\/2025\/11\/Hache-de-Gimli-Le-Seigneur-des-Anneaux.jpg","datePublished":"2025-11-20T14:03:46+00:00","dateModified":"2026-03-31T08:04:55+00:00","description":"Hacha Gimli de metal estilo Damasco con mango de fibra y soporte de pared. R\u00e9plica de El Se\u00f1or de los Anillos ideal para colecci\u00f3n y decoraci\u00f3n de fantas\u00eda.","breadcrumb":{"@id":"https:\/\/repliquemangacine.fr\/epees-seigneur-des-anneaux\/hache-de-gimli-le-seigneur-des-anneaux\/#breadcrumb"},"inLanguage":"es","potentialAction":[{"@type":"ReadAction","target":["https:\/\/repliquemangacine.fr\/epees-seigneur-des-anneaux\/hache-de-gimli-le-seigneur-des-anneaux\/"]}]},{"@type":"ImageObject","inLanguage":"es","@id":"https:\/\/repliquemangacine.fr\/epees-seigneur-des-anneaux\/hache-de-gimli-le-seigneur-des-anneaux\/#primaryimage","url":"https:\/\/repliquemangacine.fr\/wp-content\/uploads\/2025\/11\/Hache-de-Gimli-Le-Seigneur-des-Anneaux.jpg","contentUrl":"https:\/\/repliquemangacine.fr\/wp-content\/uploads\/2025\/11\/Hache-de-Gimli-Le-Seigneur-des-Anneaux.jpg","width":700,"height":700,"caption":"Hache de Gimli dans Le Seigneur des Anneaux"},{"@type":"BreadcrumbList","@id":"https:\/\/repliquemangacine.fr\/epees-seigneur-des-anneaux\/hache-de-gimli-le-seigneur-des-anneaux\/#breadcrumb","itemListElement":[{"@type":"ListItem","position":1,"name":"Accueil","item":"https:\/\/repliquemangacine.fr\/"},{"@type":"ListItem","position":2,"name":"Produits","item":"https:\/\/repliquemangacine.fr\/boutique\/"},{"@type":"ListItem","position":3,"name":"Hache de Gimli &#8211; Le Seigneur des Anneaux"}]},{"@type":"WebSite","@id":"https:\/\/repliquemangacine.fr\/#website","url":"https:\/\/repliquemangacine.fr\/","name":"R\u00e9plique Manga Cin\u00e9","description":"","publisher":{"@id":"https:\/\/repliquemangacine.fr\/#organization"},"potentialAction":[{"@type":"SearchAction","target":{"@type":"EntryPoint","urlTemplate":"https:\/\/repliquemangacine.fr\/?s={search_term_string}"},"query-input":{"@type":"PropertyValueSpecification","valueRequired":true,"valueName":"search_term_string"}}],"inLanguage":"es"},{"@type":"Organization","@id":"https:\/\/repliquemangacine.fr\/#organization","name":"R\u00e9plique Manga Cin\u00e9","url":"https:\/\/repliquemangacine.fr\/","logo":{"@type":"ImageObject","inLanguage":"es","@id":"https:\/\/repliquemangacine.fr\/#\/schema\/logo\/image\/","url":"https:\/\/repliquemangacine.fr\/wp-content\/uploads\/2023\/10\/RMC-500250.png","contentUrl":"https:\/\/repliquemangacine.fr\/wp-content\/uploads\/2023\/10\/RMC-500250.png","width":500,"height":250,"caption":"R\u00e9plique Manga Cin\u00e9"},"image":{"@id":"https:\/\/repliquemangacine.fr\/#\/schema\/logo\/image\/"},"sameAs":["https:\/\/www.facebook.com\/RepliqueMangaCine","https:\/\/www.instagram.com\/repliquemangacine.fr\/"]}]}},"_links":{"self":[{"href":"https:\/\/repliquemangacine.fr\/es\/wp-json\/wp\/v2\/product\/90985","targetHints":{"allow":["GET"]}}],"collection":[{"href":"https:\/\/repliquemangacine.fr\/es\/wp-json\/wp\/v2\/product"}],"about":[{"href":"https:\/\/repliquemangacine.fr\/es\/wp-json\/wp\/v2\/types\/product"}],"wp:featuredmedia":[{"embeddable":true,"href":"https:\/\/repliquemangacine.fr\/es\/wp-json\/wp\/v2\/media\/90986"}],"wp:attachment":[{"href":"https:\/\/repliquemangacine.fr\/es\/wp-json\/wp\/v2\/media?parent=90985"}],"wp:term":[{"taxonomy":"product_brand","embeddable":true,"href":"https:\/\/repliquemangacine.fr\/es\/wp-json\/wp\/v2\/product_brand?post=90985"},{"taxonomy":"product_cat","embeddable":true,"href":"https:\/\/repliquemangacine.fr\/es\/wp-json\/wp\/v2\/product_cat?post=90985"},{"taxonomy":"product_tag","embeddable":true,"href":"https:\/\/repliquemangacine.fr\/es\/wp-json\/wp\/v2\/product_tag?post=90985"}],"curies":[{"name":"wp","href":"https:\/\/api.w.org\/{rel}","templated":true}]}}