





{"id":90971,"date":"2025-11-20T11:42:14","date_gmt":"2025-11-20T10:42:14","guid":{"rendered":"https:\/\/repliquemangacine.fr\/?post_type=product&#038;p=90971"},"modified":"2026-03-29T14:08:54","modified_gmt":"2026-03-29T12:08:54","slug":"lucius-malfoy-baston-de-harry-potter","status":"publish","type":"product","link":"https:\/\/repliquemangacine.fr\/es\/collectors-et-goodies-harry-potter\/canne-de-lucius-malfoy-harry-potter\/","title":{"rendered":"El bast\u00f3n de Lucius Malfoy - Harry Potter"},"content":{"rendered":"<h2>El bast\u00f3n de Lucius Malfoy, respuesta Magistral<\/h2>\n<p>Este bast\u00f3n de Lucius Malfoy reproduce la ic\u00f3nica arma utilizada por cierto influyente mago de la saga. El tubo est\u00e1 fabricado \u00edntegramente en metal para mayor rigidez y durabilidad. El mango en forma de serpiente es de aluminio con un magn\u00edfico acabado plateado. Adem\u00e1s, lleva incrustado un ojo verde que aumenta su venenoso encanto. Con 93,5 cm y 530 g de peso, es ligero y manejable. En el mundo de la magia, este bast\u00f3n simboliza autoridad, riqueza e intimidaci\u00f3n. Por \u00faltimo, pero no por ello menos importante, es el complemento perfecto para cualquier colecci\u00f3n de Harry Potter, ya sea para exposici\u00f3n o cosplay.<\/p>\n<h2>Lucius Malfoy, elegancia venenosa<\/h2>\n<p>Lucius Malfoy destaca por su fr\u00edo carisma, su prestigioso rango y su influencia pol\u00edtica. Esgrime este bast\u00f3n con confianza, revelando un car\u00e1cter calculador y aristocr\u00e1tico. Su papel en la saga va m\u00e1s all\u00e1 del de un simple antagonista, ilustrando la complejidad de las familias nobles de magos. Esta arma no es s\u00f3lo un accesorio, sino un s\u00edmbolo de poder y lealtad. Lucius encarna la superioridad, pero tambi\u00e9n la oscuridad, operando entre bastidores de los grandes acontecimientos. Gracias a esta r\u00e9plica, los fans podr\u00e1n redescubrir parte del encanto oscuro y refinado que ha marcado la saga.<\/p>\n<h2>Una prestigiosa colecci\u00f3n de Harry Potter<\/h2>\n<p>Este bast\u00f3n encaja a la perfecci\u00f3n con una selecci\u00f3n de piezas excepcionales disponibles en nuestra tienda Replique Manga Cin\u00e9. Adem\u00e1s, encontrar\u00e1 todos los<a href=\"https:\/\/repliquemangacine.fr\/es\/varitas-de-personajes-de-harry-potter\/\"> palillos de caracteres<\/a> para mostrar su propia Sala de Reliquias. Adem\u00e1s, la r\u00e9plica oficial del <a href=\"https:\/\/repliquemangacine.fr\/es\/coleccionistas-y-objetos-de-harry-potter\/harry-potter-escoba-de-fuego\/\">Escoba \u00c9clair de Feu<\/a> es ideal para los aficionados al quidditch. Por \u00faltimo, el\u2019<a href=\"https:\/\/repliquemangacine.fr\/es\/varias-golosinas\/tablero-de-ajedrez-de-los-magos-juego-de-ajedrez-hp\/\">Tablero de ajedrez oficial de Harry Potter<\/a> distribuido por The <a href=\"https:\/\/noblecollection.fr\/index.php\" target=\"_blank\" rel=\"noopener noreferrer\">Colecci\u00f3n Noble<\/a> te permite revivir el ambiente m\u00e1gico de los duelos estrat\u00e9gicos. Gracias a una amplia y variada selecci\u00f3n, cada coleccionista puede crear un universo completo inspirado en el mundo de los magos. Descubra ahora todos nuestros productos.<\/p>","protected":false},"excerpt":{"rendered":"<p>Demuestra tu magia con el bast\u00f3n Lucius Malfoy, una elegante r\u00e9plica con encanto venenoso para coleccionistas exigentes.<\/p>\n<ul>\n<li>Bast\u00f3n no oficial<\/li>\n<li>Tubo de acero<\/li>\n<li>Punta de goma<\/li>\n<li>Cabeza de serpiente de aluminio finamente detallada<\/li>\n<li>Longitud total de la ca\u00f1a: 93,5 cm - Peso: 530 g<\/li>\n<\/ul>","protected":false},"featured_media":90972,"template":"","meta":[],"product_brand":[],"product_cat":[87,41,107],"product_tag":[],"class_list":{"0":"post-90971","1":"product","2":"type-product","3":"status-publish","4":"has-post-thumbnail","6":"product_cat-collectors-et-goodies-harry-potter","7":"product_cat-baguettes-et-goodies-harry-potter","8":"product_cat-nouveautes","10":"first","11":"instock","12":"taxable","13":"shipping-taxable","14":"purchasable","15":"product-type-simple"},"yoast_head":"<!-- This site is optimized with the Yoast SEO plugin v27.4 - https:\/\/yoast.com\/product\/yoast-seo-wordpress\/ -->\n<title>Canne de Lucius Malfoy - Harry Potter - R\u00e9plique Manga Cin\u00e9<\/title>\n<meta name=\"description\" content=\"Canne de Lucius Malfoy en m\u00e9tal avec poign\u00e9e serpent aluminium et \u0153il vert. 93,5 cm, 530 g. R\u00e9plique Harry Potter id\u00e9ale cosplay et collection.\" \/>\n<meta name=\"robots\" content=\"index, follow, max-snippet:-1, max-image-preview:large, max-video-preview:-1\" \/>\n<link rel=\"canonical\" href=\"https:\/\/repliquemangacine.fr\/es\/coleccionistas-y-objetos-de-harry-potter\/lucius-malfoy-baston-de-harry-potter\/\" \/>\n<meta property=\"og:locale\" content=\"es_ES\" \/>\n<meta property=\"og:type\" content=\"article\" \/>\n<meta property=\"og:title\" content=\"Canne de Lucius Malfoy - Harry Potter - R\u00e9plique Manga Cin\u00e9\" \/>\n<meta property=\"og:description\" content=\"Canne de Lucius Malfoy en m\u00e9tal avec poign\u00e9e serpent aluminium et \u0153il vert. 93,5 cm, 530 g. R\u00e9plique Harry Potter id\u00e9ale cosplay et collection.\" \/>\n<meta property=\"og:url\" content=\"https:\/\/repliquemangacine.fr\/es\/coleccionistas-y-objetos-de-harry-potter\/lucius-malfoy-baston-de-harry-potter\/\" \/>\n<meta property=\"og:site_name\" content=\"R\u00e9plique Manga Cin\u00e9\" \/>\n<meta property=\"article:publisher\" content=\"https:\/\/www.facebook.com\/RepliqueMangaCine\" \/>\n<meta property=\"article:modified_time\" content=\"2026-03-29T12:08:54+00:00\" \/>\n<meta property=\"og:image\" content=\"https:\/\/repliquemangacine.fr\/wp-content\/uploads\/2025\/11\/Canne-de-Lucius-Malfoy.jpg\" \/>\n\t<meta property=\"og:image:width\" content=\"700\" \/>\n\t<meta property=\"og:image:height\" content=\"700\" \/>\n\t<meta property=\"og:image:type\" content=\"image\/jpeg\" \/>\n<meta name=\"twitter:card\" content=\"summary_large_image\" \/>\n<meta name=\"twitter:label1\" content=\"Tiempo de lectura\" \/>\n\t<meta name=\"twitter:data1\" content=\"2 minutos\" \/>\n<script type=\"application\/ld+json\" class=\"yoast-schema-graph\">{\"@context\":\"https:\\\/\\\/schema.org\",\"@graph\":[{\"@type\":\"WebPage\",\"@id\":\"https:\\\/\\\/repliquemangacine.fr\\\/collectors-et-goodies-harry-potter\\\/canne-de-lucius-malfoy-harry-potter\\\/\",\"url\":\"https:\\\/\\\/repliquemangacine.fr\\\/collectors-et-goodies-harry-potter\\\/canne-de-lucius-malfoy-harry-potter\\\/\",\"name\":\"Canne de Lucius Malfoy - Harry Potter - R\u00e9plique Manga Cin\u00e9\",\"isPartOf\":{\"@id\":\"https:\\\/\\\/repliquemangacine.fr\\\/#website\"},\"primaryImageOfPage\":{\"@id\":\"https:\\\/\\\/repliquemangacine.fr\\\/collectors-et-goodies-harry-potter\\\/canne-de-lucius-malfoy-harry-potter\\\/#primaryimage\"},\"image\":{\"@id\":\"https:\\\/\\\/repliquemangacine.fr\\\/collectors-et-goodies-harry-potter\\\/canne-de-lucius-malfoy-harry-potter\\\/#primaryimage\"},\"thumbnailUrl\":\"https:\\\/\\\/repliquemangacine.fr\\\/wp-content\\\/uploads\\\/2025\\\/11\\\/Canne-de-Lucius-Malfoy.jpg\",\"datePublished\":\"2025-11-20T10:42:14+00:00\",\"dateModified\":\"2026-03-29T12:08:54+00:00\",\"description\":\"Canne de Lucius Malfoy en m\u00e9tal avec poign\u00e9e serpent aluminium et \u0153il vert. 93,5 cm, 530 g. R\u00e9plique Harry Potter id\u00e9ale cosplay et collection.\",\"breadcrumb\":{\"@id\":\"https:\\\/\\\/repliquemangacine.fr\\\/collectors-et-goodies-harry-potter\\\/canne-de-lucius-malfoy-harry-potter\\\/#breadcrumb\"},\"inLanguage\":\"es\",\"potentialAction\":[{\"@type\":\"ReadAction\",\"target\":[\"https:\\\/\\\/repliquemangacine.fr\\\/collectors-et-goodies-harry-potter\\\/canne-de-lucius-malfoy-harry-potter\\\/\"]}]},{\"@type\":\"ImageObject\",\"inLanguage\":\"es\",\"@id\":\"https:\\\/\\\/repliquemangacine.fr\\\/collectors-et-goodies-harry-potter\\\/canne-de-lucius-malfoy-harry-potter\\\/#primaryimage\",\"url\":\"https:\\\/\\\/repliquemangacine.fr\\\/wp-content\\\/uploads\\\/2025\\\/11\\\/Canne-de-Lucius-Malfoy.jpg\",\"contentUrl\":\"https:\\\/\\\/repliquemangacine.fr\\\/wp-content\\\/uploads\\\/2025\\\/11\\\/Canne-de-Lucius-Malfoy.jpg\",\"width\":700,\"height\":700,\"caption\":\"Canne de Lucius Malfoy dans Harry Potter\"},{\"@type\":\"BreadcrumbList\",\"@id\":\"https:\\\/\\\/repliquemangacine.fr\\\/collectors-et-goodies-harry-potter\\\/canne-de-lucius-malfoy-harry-potter\\\/#breadcrumb\",\"itemListElement\":[{\"@type\":\"ListItem\",\"position\":1,\"name\":\"Accueil\",\"item\":\"https:\\\/\\\/repliquemangacine.fr\\\/\"},{\"@type\":\"ListItem\",\"position\":2,\"name\":\"Produits\",\"item\":\"https:\\\/\\\/repliquemangacine.fr\\\/boutique\\\/\"},{\"@type\":\"ListItem\",\"position\":3,\"name\":\"Canne de Lucius Malfoy &#8211; Harry Potter\"}]},{\"@type\":\"WebSite\",\"@id\":\"https:\\\/\\\/repliquemangacine.fr\\\/#website\",\"url\":\"https:\\\/\\\/repliquemangacine.fr\\\/\",\"name\":\"R\u00e9plique Manga Cin\u00e9\",\"description\":\"\",\"publisher\":{\"@id\":\"https:\\\/\\\/repliquemangacine.fr\\\/#organization\"},\"potentialAction\":[{\"@type\":\"SearchAction\",\"target\":{\"@type\":\"EntryPoint\",\"urlTemplate\":\"https:\\\/\\\/repliquemangacine.fr\\\/?s={search_term_string}\"},\"query-input\":{\"@type\":\"PropertyValueSpecification\",\"valueRequired\":true,\"valueName\":\"search_term_string\"}}],\"inLanguage\":\"es\"},{\"@type\":\"Organization\",\"@id\":\"https:\\\/\\\/repliquemangacine.fr\\\/#organization\",\"name\":\"R\u00e9plique Manga Cin\u00e9\",\"url\":\"https:\\\/\\\/repliquemangacine.fr\\\/\",\"logo\":{\"@type\":\"ImageObject\",\"inLanguage\":\"es\",\"@id\":\"https:\\\/\\\/repliquemangacine.fr\\\/#\\\/schema\\\/logo\\\/image\\\/\",\"url\":\"https:\\\/\\\/repliquemangacine.fr\\\/wp-content\\\/uploads\\\/2023\\\/10\\\/RMC-500250.png\",\"contentUrl\":\"https:\\\/\\\/repliquemangacine.fr\\\/wp-content\\\/uploads\\\/2023\\\/10\\\/RMC-500250.png\",\"width\":500,\"height\":250,\"caption\":\"R\u00e9plique Manga Cin\u00e9\"},\"image\":{\"@id\":\"https:\\\/\\\/repliquemangacine.fr\\\/#\\\/schema\\\/logo\\\/image\\\/\"},\"sameAs\":[\"https:\\\/\\\/www.facebook.com\\\/RepliqueMangaCine\",\"https:\\\/\\\/www.instagram.com\\\/repliquemangacine.fr\\\/\"]}]}<\/script>\n<!-- \/ Yoast SEO plugin. -->","yoast_head_json":{"title":"Bast\u00f3n de Lucius Malfoy - Harry Potter - R\u00e9plique Manga Cin\u00e9","description":"Bast\u00f3n met\u00e1lico de Lucius Malfoy con empu\u00f1adura de serpiente de aluminio y ojo verde. 93,5 cm, 530 g. R\u00e9plica de Harry Potter ideal para cosplay y colecci\u00f3n.","robots":{"index":"index","follow":"follow","max-snippet":"max-snippet:-1","max-image-preview":"max-image-preview:large","max-video-preview":"max-video-preview:-1"},"canonical":"https:\/\/repliquemangacine.fr\/es\/coleccionistas-y-objetos-de-harry-potter\/lucius-malfoy-baston-de-harry-potter\/","og_locale":"es_ES","og_type":"article","og_title":"Canne de Lucius Malfoy - Harry Potter - R\u00e9plique Manga Cin\u00e9","og_description":"Canne de Lucius Malfoy en m\u00e9tal avec poign\u00e9e serpent aluminium et \u0153il vert. 93,5 cm, 530 g. R\u00e9plique Harry Potter id\u00e9ale cosplay et collection.","og_url":"https:\/\/repliquemangacine.fr\/es\/coleccionistas-y-objetos-de-harry-potter\/lucius-malfoy-baston-de-harry-potter\/","og_site_name":"R\u00e9plique Manga Cin\u00e9","article_publisher":"https:\/\/www.facebook.com\/RepliqueMangaCine","article_modified_time":"2026-03-29T12:08:54+00:00","og_image":[{"width":700,"height":700,"url":"https:\/\/repliquemangacine.fr\/wp-content\/uploads\/2025\/11\/Canne-de-Lucius-Malfoy.jpg","type":"image\/jpeg"}],"twitter_card":"summary_large_image","twitter_misc":{"Tiempo de lectura":"2 minutos"},"schema":{"@context":"https:\/\/schema.org","@graph":[{"@type":"WebPage","@id":"https:\/\/repliquemangacine.fr\/collectors-et-goodies-harry-potter\/canne-de-lucius-malfoy-harry-potter\/","url":"https:\/\/repliquemangacine.fr\/collectors-et-goodies-harry-potter\/canne-de-lucius-malfoy-harry-potter\/","name":"Bast\u00f3n de Lucius Malfoy - Harry Potter - R\u00e9plique Manga Cin\u00e9","isPartOf":{"@id":"https:\/\/repliquemangacine.fr\/#website"},"primaryImageOfPage":{"@id":"https:\/\/repliquemangacine.fr\/collectors-et-goodies-harry-potter\/canne-de-lucius-malfoy-harry-potter\/#primaryimage"},"image":{"@id":"https:\/\/repliquemangacine.fr\/collectors-et-goodies-harry-potter\/canne-de-lucius-malfoy-harry-potter\/#primaryimage"},"thumbnailUrl":"https:\/\/repliquemangacine.fr\/wp-content\/uploads\/2025\/11\/Canne-de-Lucius-Malfoy.jpg","datePublished":"2025-11-20T10:42:14+00:00","dateModified":"2026-03-29T12:08:54+00:00","description":"Bast\u00f3n met\u00e1lico de Lucius Malfoy con empu\u00f1adura de serpiente de aluminio y ojo verde. 93,5 cm, 530 g. R\u00e9plica de Harry Potter ideal para cosplay y colecci\u00f3n.","breadcrumb":{"@id":"https:\/\/repliquemangacine.fr\/collectors-et-goodies-harry-potter\/canne-de-lucius-malfoy-harry-potter\/#breadcrumb"},"inLanguage":"es","potentialAction":[{"@type":"ReadAction","target":["https:\/\/repliquemangacine.fr\/collectors-et-goodies-harry-potter\/canne-de-lucius-malfoy-harry-potter\/"]}]},{"@type":"ImageObject","inLanguage":"es","@id":"https:\/\/repliquemangacine.fr\/collectors-et-goodies-harry-potter\/canne-de-lucius-malfoy-harry-potter\/#primaryimage","url":"https:\/\/repliquemangacine.fr\/wp-content\/uploads\/2025\/11\/Canne-de-Lucius-Malfoy.jpg","contentUrl":"https:\/\/repliquemangacine.fr\/wp-content\/uploads\/2025\/11\/Canne-de-Lucius-Malfoy.jpg","width":700,"height":700,"caption":"Canne de Lucius Malfoy dans Harry Potter"},{"@type":"BreadcrumbList","@id":"https:\/\/repliquemangacine.fr\/collectors-et-goodies-harry-potter\/canne-de-lucius-malfoy-harry-potter\/#breadcrumb","itemListElement":[{"@type":"ListItem","position":1,"name":"Accueil","item":"https:\/\/repliquemangacine.fr\/"},{"@type":"ListItem","position":2,"name":"Produits","item":"https:\/\/repliquemangacine.fr\/boutique\/"},{"@type":"ListItem","position":3,"name":"Canne de Lucius Malfoy &#8211; Harry Potter"}]},{"@type":"WebSite","@id":"https:\/\/repliquemangacine.fr\/#website","url":"https:\/\/repliquemangacine.fr\/","name":"R\u00e9plique Manga Cin\u00e9","description":"","publisher":{"@id":"https:\/\/repliquemangacine.fr\/#organization"},"potentialAction":[{"@type":"SearchAction","target":{"@type":"EntryPoint","urlTemplate":"https:\/\/repliquemangacine.fr\/?s={search_term_string}"},"query-input":{"@type":"PropertyValueSpecification","valueRequired":true,"valueName":"search_term_string"}}],"inLanguage":"es"},{"@type":"Organization","@id":"https:\/\/repliquemangacine.fr\/#organization","name":"R\u00e9plique Manga Cin\u00e9","url":"https:\/\/repliquemangacine.fr\/","logo":{"@type":"ImageObject","inLanguage":"es","@id":"https:\/\/repliquemangacine.fr\/#\/schema\/logo\/image\/","url":"https:\/\/repliquemangacine.fr\/wp-content\/uploads\/2023\/10\/RMC-500250.png","contentUrl":"https:\/\/repliquemangacine.fr\/wp-content\/uploads\/2023\/10\/RMC-500250.png","width":500,"height":250,"caption":"R\u00e9plique Manga Cin\u00e9"},"image":{"@id":"https:\/\/repliquemangacine.fr\/#\/schema\/logo\/image\/"},"sameAs":["https:\/\/www.facebook.com\/RepliqueMangaCine","https:\/\/www.instagram.com\/repliquemangacine.fr\/"]}]}},"_links":{"self":[{"href":"https:\/\/repliquemangacine.fr\/es\/wp-json\/wp\/v2\/product\/90971","targetHints":{"allow":["GET"]}}],"collection":[{"href":"https:\/\/repliquemangacine.fr\/es\/wp-json\/wp\/v2\/product"}],"about":[{"href":"https:\/\/repliquemangacine.fr\/es\/wp-json\/wp\/v2\/types\/product"}],"wp:featuredmedia":[{"embeddable":true,"href":"https:\/\/repliquemangacine.fr\/es\/wp-json\/wp\/v2\/media\/90972"}],"wp:attachment":[{"href":"https:\/\/repliquemangacine.fr\/es\/wp-json\/wp\/v2\/media?parent=90971"}],"wp:term":[{"taxonomy":"product_brand","embeddable":true,"href":"https:\/\/repliquemangacine.fr\/es\/wp-json\/wp\/v2\/product_brand?post=90971"},{"taxonomy":"product_cat","embeddable":true,"href":"https:\/\/repliquemangacine.fr\/es\/wp-json\/wp\/v2\/product_cat?post=90971"},{"taxonomy":"product_tag","embeddable":true,"href":"https:\/\/repliquemangacine.fr\/es\/wp-json\/wp\/v2\/product_tag?post=90971"}],"curies":[{"name":"wp","href":"https:\/\/api.w.org\/{rel}","templated":true}]}}