





{"id":90966,"date":"2025-11-20T11:05:10","date_gmt":"2025-11-20T10:05:10","guid":{"rendered":"https:\/\/repliquemangacine.fr\/?post_type=product&#038;p=90966"},"modified":"2026-03-15T17:11:01","modified_gmt":"2026-03-15T16:11:01","slug":"dalamut-dinitie-espada-assassins-creed-mirage","status":"publish","type":"product","link":"https:\/\/repliquemangacine.fr\/es\/armes-assassins-creed\/epee-dinitie-dalamut-assassins-creed-mirage\/","title":{"rendered":"Espada de Alamut de Insider - Assassin's Creed Mirage"},"content":{"rendered":"<h2>Una r\u00e9plica fiel de la Espada del Iniciado de Alamut<\/h2>\n<p>Esta r\u00e9plica del\u2019<strong>Espada de Alamut<\/strong> presenta una hoja de acero inoxidable decorada con detallados grabados inspirados en el arte de Oriente Medio. La guarda dorada a\u00f1ade un toque majestuoso, recordando la herencia del Credo. El intrincado dibujo del pomo a\u00f1ade elegancia al arma. Adem\u00e1s, la empu\u00f1adura de madera ofrece un agarre c\u00f3modo y aut\u00e9ntico. La vaina de polipiel negra acompa\u00f1a a la espada para exhibirla con estilo o para un cosplay realista. Esta espada est\u00e1 hecha a escala 1\/1 para que coincida perfectamente con el arma que se ve en el juego. Por \u00faltimo, es una pieza premium dise\u00f1ada para coleccionistas y fans del universo Assassin's Creed.<\/p>\n<h2>A la sombra de Basim, el maestro asesino de Mirage<\/h2>\n<p>En primer lugar, esta emblem\u00e1tica arma es utilizada por <a href=\"https:\/\/assassinscreed.fandom.com\/fr\/wiki\/Basim_Ibn_Ishaq\" target=\"_blank\" rel=\"noopener noreferrer\">Basim<\/a>, Es una figura central de la historia y un enigm\u00e1tico asesino con un destino complejo. Su viaje comienza en las calles de Bagdad, donde utiliza el sigilo, la agilidad y la astucia para evolucionar dentro del Credo. La Espada del Iniciado refleja su estilo de lucha fluido, preciso y a menudo impredecible. Gracias a su forma curva, acompa\u00f1a sus r\u00e1pidos movimientos durante las eliminaciones silenciosas y los enfrentamientos directos. En Assassin's Creed Mirage, Basim encarna el legado de Alamut con una maestr\u00eda marcial elegante y estrat\u00e9gica. Con esta fiel r\u00e9plica, podr\u00e1s rendir homenaje a uno de los protagonistas m\u00e1s misteriosos e influyentes de la saga.<\/p>\n<h2>Una creciente colecci\u00f3n de Assassin's Creed<\/h2>\n<p>Esta espada puede a\u00f1adirse a una ya rica colecci\u00f3n de armas ic\u00f3nicas de la franquicia. Puede combinarse con la <a href=\"https:\/\/repliquemangacine.fr\/es\/armas-de-assassins-creed\/daga-vaina-assassins-creed\/\">daga de Alta\u00efr<\/a> y su vaina trasera, una pieza esencial para cualquier fan de las primeras entregas. Tambi\u00e9n encontrar\u00e1s el hacha de Connor, apodada la <a href=\"https:\/\/repliquemangacine.fr\/es\/armas-de-assassins-creed\/tomahawk-of-assassins-assassins-creed-3\/\">Tomahawk de los asesinos<\/a>, perfecto para representar el periodo colonial. Adem\u00e1s, el <a href=\"https:\/\/repliquemangacine.fr\/es\/armas-de-assassins-creed\/assassin-s-creed-odyssey-replica-lanza-rota-de-leonidas\/\">Lanza rota<\/a> de Le\u00f3nidas de Assassin's Creed Odyssey a\u00f1ade una dimensi\u00f3n mitol\u00f3gica a tu colecci\u00f3n. Gracias a nuestra variada selecci\u00f3n, cualquier aficionado puede crear un pante\u00f3n de armas que recorra la evoluci\u00f3n del Credo a lo largo de los siglos. En conclusi\u00f3n, descubre toda la gama en nuestra tienda ahora mismo.<\/p>","protected":false},"excerpt":{"rendered":"<p>Empu\u00f1a la herencia de Alamut con esta fiel r\u00e9plica de la Espada del Iniciado, una refinada pieza inspirada en Assassin's Creed Mirage.<\/p>\n<ul>\n<li>Hoja de acero inoxidable con grabado.<\/li>\n<li>Mango de madera<\/li>\n<li>Empu\u00f1adura y pomo de acero dorado finamente decorados<\/li>\n<li>Se entrega con funda de polipiel negra<\/li>\n<li>Longitud de la hoja: 64 cm - Longitud total: 92,5 cm<\/li>\n<li>Peso: 1490 g<\/li>\n<\/ul>","protected":false},"featured_media":90967,"template":"","meta":[],"product_brand":[],"product_cat":[836,48],"product_tag":[],"class_list":{"0":"post-90966","1":"product","2":"type-product","3":"status-publish","4":"has-post-thumbnail","6":"product_cat-armes-assassins-creed","7":"product_cat-epees-assassins-creed-armes-assassins-creed","9":"first","10":"instock","11":"taxable","12":"shipping-taxable","13":"purchasable","14":"product-type-simple"},"yoast_head":"<!-- This site is optimized with the Yoast SEO plugin v27.4 - https:\/\/yoast.com\/product\/yoast-seo-wordpress\/ -->\n<title>\u00c9p\u00e9e d\u2019initi\u00e9 d\u2019Alamut - Assassin&#039;s Creed Mirage - R\u00e9plique Manga Cin\u00e9<\/title>\n<meta name=\"description\" content=\"R\u00e9plique 1\/1 de l\u2019\u00c9p\u00e9e d\u2019Initi\u00e9 d\u2019Alamut en acier avec gravures, garde dor\u00e9e et fourreau cuir. Inspir\u00e9e d\u2019Assassin\u2019s Creed Mirage, id\u00e9ale collection.\" \/>\n<meta name=\"robots\" content=\"index, follow, max-snippet:-1, max-image-preview:large, max-video-preview:-1\" \/>\n<link rel=\"canonical\" href=\"https:\/\/repliquemangacine.fr\/es\/armas-de-assassins-creed\/dalamut-dinitie-espada-assassins-creed-mirage\/\" \/>\n<meta property=\"og:locale\" content=\"es_ES\" \/>\n<meta property=\"og:type\" content=\"article\" \/>\n<meta property=\"og:title\" content=\"\u00c9p\u00e9e d\u2019initi\u00e9 d\u2019Alamut - Assassin&#039;s Creed Mirage - R\u00e9plique Manga Cin\u00e9\" \/>\n<meta property=\"og:description\" content=\"R\u00e9plique 1\/1 de l\u2019\u00c9p\u00e9e d\u2019Initi\u00e9 d\u2019Alamut en acier avec gravures, garde dor\u00e9e et fourreau cuir. Inspir\u00e9e d\u2019Assassin\u2019s Creed Mirage, id\u00e9ale collection.\" \/>\n<meta property=\"og:url\" content=\"https:\/\/repliquemangacine.fr\/es\/armas-de-assassins-creed\/dalamut-dinitie-espada-assassins-creed-mirage\/\" \/>\n<meta property=\"og:site_name\" content=\"R\u00e9plique Manga Cin\u00e9\" \/>\n<meta property=\"article:publisher\" content=\"https:\/\/www.facebook.com\/RepliqueMangaCine\" \/>\n<meta property=\"article:modified_time\" content=\"2026-03-15T16:11:01+00:00\" \/>\n<meta property=\"og:image\" content=\"https:\/\/repliquemangacine.fr\/wp-content\/uploads\/2025\/11\/Epee-dinitie-dAlamut.jpg\" \/>\n\t<meta property=\"og:image:width\" content=\"700\" \/>\n\t<meta property=\"og:image:height\" content=\"700\" \/>\n\t<meta property=\"og:image:type\" content=\"image\/jpeg\" \/>\n<meta name=\"twitter:card\" content=\"summary_large_image\" \/>\n<meta name=\"twitter:label1\" content=\"Tiempo de lectura\" \/>\n\t<meta name=\"twitter:data1\" content=\"2 minutos\" \/>\n<script type=\"application\/ld+json\" class=\"yoast-schema-graph\">{\"@context\":\"https:\\\/\\\/schema.org\",\"@graph\":[{\"@type\":\"WebPage\",\"@id\":\"https:\\\/\\\/repliquemangacine.fr\\\/armes-assassins-creed\\\/epee-dinitie-dalamut-assassins-creed-mirage\\\/\",\"url\":\"https:\\\/\\\/repliquemangacine.fr\\\/armes-assassins-creed\\\/epee-dinitie-dalamut-assassins-creed-mirage\\\/\",\"name\":\"\u00c9p\u00e9e d\u2019initi\u00e9 d\u2019Alamut - Assassin's Creed Mirage - R\u00e9plique Manga Cin\u00e9\",\"isPartOf\":{\"@id\":\"https:\\\/\\\/repliquemangacine.fr\\\/#website\"},\"primaryImageOfPage\":{\"@id\":\"https:\\\/\\\/repliquemangacine.fr\\\/armes-assassins-creed\\\/epee-dinitie-dalamut-assassins-creed-mirage\\\/#primaryimage\"},\"image\":{\"@id\":\"https:\\\/\\\/repliquemangacine.fr\\\/armes-assassins-creed\\\/epee-dinitie-dalamut-assassins-creed-mirage\\\/#primaryimage\"},\"thumbnailUrl\":\"https:\\\/\\\/repliquemangacine.fr\\\/wp-content\\\/uploads\\\/2025\\\/11\\\/Epee-dinitie-dAlamut.jpg\",\"datePublished\":\"2025-11-20T10:05:10+00:00\",\"dateModified\":\"2026-03-15T16:11:01+00:00\",\"description\":\"R\u00e9plique 1\\\/1 de l\u2019\u00c9p\u00e9e d\u2019Initi\u00e9 d\u2019Alamut en acier avec gravures, garde dor\u00e9e et fourreau cuir. Inspir\u00e9e d\u2019Assassin\u2019s Creed Mirage, id\u00e9ale collection.\",\"breadcrumb\":{\"@id\":\"https:\\\/\\\/repliquemangacine.fr\\\/armes-assassins-creed\\\/epee-dinitie-dalamut-assassins-creed-mirage\\\/#breadcrumb\"},\"inLanguage\":\"es\",\"potentialAction\":[{\"@type\":\"ReadAction\",\"target\":[\"https:\\\/\\\/repliquemangacine.fr\\\/armes-assassins-creed\\\/epee-dinitie-dalamut-assassins-creed-mirage\\\/\"]}]},{\"@type\":\"ImageObject\",\"inLanguage\":\"es\",\"@id\":\"https:\\\/\\\/repliquemangacine.fr\\\/armes-assassins-creed\\\/epee-dinitie-dalamut-assassins-creed-mirage\\\/#primaryimage\",\"url\":\"https:\\\/\\\/repliquemangacine.fr\\\/wp-content\\\/uploads\\\/2025\\\/11\\\/Epee-dinitie-dAlamut.jpg\",\"contentUrl\":\"https:\\\/\\\/repliquemangacine.fr\\\/wp-content\\\/uploads\\\/2025\\\/11\\\/Epee-dinitie-dAlamut.jpg\",\"width\":700,\"height\":700,\"caption\":\"\u00c9p\u00e9e d\u2019initi\u00e9 d\u2019Alamut - Assassin's Creed Mirage\"},{\"@type\":\"BreadcrumbList\",\"@id\":\"https:\\\/\\\/repliquemangacine.fr\\\/armes-assassins-creed\\\/epee-dinitie-dalamut-assassins-creed-mirage\\\/#breadcrumb\",\"itemListElement\":[{\"@type\":\"ListItem\",\"position\":1,\"name\":\"Accueil\",\"item\":\"https:\\\/\\\/repliquemangacine.fr\\\/\"},{\"@type\":\"ListItem\",\"position\":2,\"name\":\"Produits\",\"item\":\"https:\\\/\\\/repliquemangacine.fr\\\/boutique\\\/\"},{\"@type\":\"ListItem\",\"position\":3,\"name\":\"\u00c9p\u00e9e d\u2019initi\u00e9 d\u2019Alamut &#8211; Assassin&#8217;s Creed Mirage\"}]},{\"@type\":\"WebSite\",\"@id\":\"https:\\\/\\\/repliquemangacine.fr\\\/#website\",\"url\":\"https:\\\/\\\/repliquemangacine.fr\\\/\",\"name\":\"R\u00e9plique Manga Cin\u00e9\",\"description\":\"\",\"publisher\":{\"@id\":\"https:\\\/\\\/repliquemangacine.fr\\\/#organization\"},\"potentialAction\":[{\"@type\":\"SearchAction\",\"target\":{\"@type\":\"EntryPoint\",\"urlTemplate\":\"https:\\\/\\\/repliquemangacine.fr\\\/?s={search_term_string}\"},\"query-input\":{\"@type\":\"PropertyValueSpecification\",\"valueRequired\":true,\"valueName\":\"search_term_string\"}}],\"inLanguage\":\"es\"},{\"@type\":\"Organization\",\"@id\":\"https:\\\/\\\/repliquemangacine.fr\\\/#organization\",\"name\":\"R\u00e9plique Manga Cin\u00e9\",\"url\":\"https:\\\/\\\/repliquemangacine.fr\\\/\",\"logo\":{\"@type\":\"ImageObject\",\"inLanguage\":\"es\",\"@id\":\"https:\\\/\\\/repliquemangacine.fr\\\/#\\\/schema\\\/logo\\\/image\\\/\",\"url\":\"https:\\\/\\\/repliquemangacine.fr\\\/wp-content\\\/uploads\\\/2023\\\/10\\\/RMC-500250.png\",\"contentUrl\":\"https:\\\/\\\/repliquemangacine.fr\\\/wp-content\\\/uploads\\\/2023\\\/10\\\/RMC-500250.png\",\"width\":500,\"height\":250,\"caption\":\"R\u00e9plique Manga Cin\u00e9\"},\"image\":{\"@id\":\"https:\\\/\\\/repliquemangacine.fr\\\/#\\\/schema\\\/logo\\\/image\\\/\"},\"sameAs\":[\"https:\\\/\\\/www.facebook.com\\\/RepliqueMangaCine\",\"https:\\\/\\\/www.instagram.com\\\/repliquemangacine.fr\\\/\"]}]}<\/script>\n<!-- \/ Yoast SEO plugin. -->","yoast_head_json":{"title":"Espada de Alamut de Insider - Assassin's Creed Mirage - R\u00e9plique Manga Cin\u00e9","description":"R\u00e9plica 1\/1 de la Espada del Iniciado de Alamut en acero con grabado, empu\u00f1adura de oro y vaina de cuero. Inspirada en Assassin's Creed Mirage, ideal colecci\u00f3n.","robots":{"index":"index","follow":"follow","max-snippet":"max-snippet:-1","max-image-preview":"max-image-preview:large","max-video-preview":"max-video-preview:-1"},"canonical":"https:\/\/repliquemangacine.fr\/es\/armas-de-assassins-creed\/dalamut-dinitie-espada-assassins-creed-mirage\/","og_locale":"es_ES","og_type":"article","og_title":"\u00c9p\u00e9e d\u2019initi\u00e9 d\u2019Alamut - Assassin's Creed Mirage - R\u00e9plique Manga Cin\u00e9","og_description":"R\u00e9plique 1\/1 de l\u2019\u00c9p\u00e9e d\u2019Initi\u00e9 d\u2019Alamut en acier avec gravures, garde dor\u00e9e et fourreau cuir. Inspir\u00e9e d\u2019Assassin\u2019s Creed Mirage, id\u00e9ale collection.","og_url":"https:\/\/repliquemangacine.fr\/es\/armas-de-assassins-creed\/dalamut-dinitie-espada-assassins-creed-mirage\/","og_site_name":"R\u00e9plique Manga Cin\u00e9","article_publisher":"https:\/\/www.facebook.com\/RepliqueMangaCine","article_modified_time":"2026-03-15T16:11:01+00:00","og_image":[{"width":700,"height":700,"url":"https:\/\/repliquemangacine.fr\/wp-content\/uploads\/2025\/11\/Epee-dinitie-dAlamut.jpg","type":"image\/jpeg"}],"twitter_card":"summary_large_image","twitter_misc":{"Tiempo de lectura":"2 minutos"},"schema":{"@context":"https:\/\/schema.org","@graph":[{"@type":"WebPage","@id":"https:\/\/repliquemangacine.fr\/armes-assassins-creed\/epee-dinitie-dalamut-assassins-creed-mirage\/","url":"https:\/\/repliquemangacine.fr\/armes-assassins-creed\/epee-dinitie-dalamut-assassins-creed-mirage\/","name":"Espada de Alamut de Insider - Assassin's Creed Mirage - R\u00e9plique Manga Cin\u00e9","isPartOf":{"@id":"https:\/\/repliquemangacine.fr\/#website"},"primaryImageOfPage":{"@id":"https:\/\/repliquemangacine.fr\/armes-assassins-creed\/epee-dinitie-dalamut-assassins-creed-mirage\/#primaryimage"},"image":{"@id":"https:\/\/repliquemangacine.fr\/armes-assassins-creed\/epee-dinitie-dalamut-assassins-creed-mirage\/#primaryimage"},"thumbnailUrl":"https:\/\/repliquemangacine.fr\/wp-content\/uploads\/2025\/11\/Epee-dinitie-dAlamut.jpg","datePublished":"2025-11-20T10:05:10+00:00","dateModified":"2026-03-15T16:11:01+00:00","description":"R\u00e9plica 1\/1 de la Espada del Iniciado de Alamut en acero con grabado, empu\u00f1adura de oro y vaina de cuero. Inspirada en Assassin's Creed Mirage, ideal colecci\u00f3n.","breadcrumb":{"@id":"https:\/\/repliquemangacine.fr\/armes-assassins-creed\/epee-dinitie-dalamut-assassins-creed-mirage\/#breadcrumb"},"inLanguage":"es","potentialAction":[{"@type":"ReadAction","target":["https:\/\/repliquemangacine.fr\/armes-assassins-creed\/epee-dinitie-dalamut-assassins-creed-mirage\/"]}]},{"@type":"ImageObject","inLanguage":"es","@id":"https:\/\/repliquemangacine.fr\/armes-assassins-creed\/epee-dinitie-dalamut-assassins-creed-mirage\/#primaryimage","url":"https:\/\/repliquemangacine.fr\/wp-content\/uploads\/2025\/11\/Epee-dinitie-dAlamut.jpg","contentUrl":"https:\/\/repliquemangacine.fr\/wp-content\/uploads\/2025\/11\/Epee-dinitie-dAlamut.jpg","width":700,"height":700,"caption":"\u00c9p\u00e9e d\u2019initi\u00e9 d\u2019Alamut - Assassin's Creed Mirage"},{"@type":"BreadcrumbList","@id":"https:\/\/repliquemangacine.fr\/armes-assassins-creed\/epee-dinitie-dalamut-assassins-creed-mirage\/#breadcrumb","itemListElement":[{"@type":"ListItem","position":1,"name":"Accueil","item":"https:\/\/repliquemangacine.fr\/"},{"@type":"ListItem","position":2,"name":"Produits","item":"https:\/\/repliquemangacine.fr\/boutique\/"},{"@type":"ListItem","position":3,"name":"\u00c9p\u00e9e d\u2019initi\u00e9 d\u2019Alamut &#8211; Assassin&#8217;s Creed Mirage"}]},{"@type":"WebSite","@id":"https:\/\/repliquemangacine.fr\/#website","url":"https:\/\/repliquemangacine.fr\/","name":"R\u00e9plique Manga Cin\u00e9","description":"","publisher":{"@id":"https:\/\/repliquemangacine.fr\/#organization"},"potentialAction":[{"@type":"SearchAction","target":{"@type":"EntryPoint","urlTemplate":"https:\/\/repliquemangacine.fr\/?s={search_term_string}"},"query-input":{"@type":"PropertyValueSpecification","valueRequired":true,"valueName":"search_term_string"}}],"inLanguage":"es"},{"@type":"Organization","@id":"https:\/\/repliquemangacine.fr\/#organization","name":"R\u00e9plique Manga Cin\u00e9","url":"https:\/\/repliquemangacine.fr\/","logo":{"@type":"ImageObject","inLanguage":"es","@id":"https:\/\/repliquemangacine.fr\/#\/schema\/logo\/image\/","url":"https:\/\/repliquemangacine.fr\/wp-content\/uploads\/2023\/10\/RMC-500250.png","contentUrl":"https:\/\/repliquemangacine.fr\/wp-content\/uploads\/2023\/10\/RMC-500250.png","width":500,"height":250,"caption":"R\u00e9plique Manga Cin\u00e9"},"image":{"@id":"https:\/\/repliquemangacine.fr\/#\/schema\/logo\/image\/"},"sameAs":["https:\/\/www.facebook.com\/RepliqueMangaCine","https:\/\/www.instagram.com\/repliquemangacine.fr\/"]}]}},"_links":{"self":[{"href":"https:\/\/repliquemangacine.fr\/es\/wp-json\/wp\/v2\/product\/90966","targetHints":{"allow":["GET"]}}],"collection":[{"href":"https:\/\/repliquemangacine.fr\/es\/wp-json\/wp\/v2\/product"}],"about":[{"href":"https:\/\/repliquemangacine.fr\/es\/wp-json\/wp\/v2\/types\/product"}],"wp:featuredmedia":[{"embeddable":true,"href":"https:\/\/repliquemangacine.fr\/es\/wp-json\/wp\/v2\/media\/90967"}],"wp:attachment":[{"href":"https:\/\/repliquemangacine.fr\/es\/wp-json\/wp\/v2\/media?parent=90966"}],"wp:term":[{"taxonomy":"product_brand","embeddable":true,"href":"https:\/\/repliquemangacine.fr\/es\/wp-json\/wp\/v2\/product_brand?post=90966"},{"taxonomy":"product_cat","embeddable":true,"href":"https:\/\/repliquemangacine.fr\/es\/wp-json\/wp\/v2\/product_cat?post=90966"},{"taxonomy":"product_tag","embeddable":true,"href":"https:\/\/repliquemangacine.fr\/es\/wp-json\/wp\/v2\/product_tag?post=90966"}],"curies":[{"name":"wp","href":"https:\/\/api.w.org\/{rel}","templated":true}]}}