





{"id":90932,"date":"2025-11-19T16:45:26","date_gmt":"2025-11-19T15:45:26","guid":{"rendered":"https:\/\/repliquemangacine.fr\/?post_type=product&#038;p=90932"},"modified":"2026-04-24T14:27:23","modified_gmt":"2026-04-24T12:27:23","slug":"squall-gunblade-final-fantasy","status":"publish","type":"product","link":"https:\/\/repliquemangacine.fr\/es\/katana-et-epee-de-jeux-video-autre-jeux-video\/gunblade-de-squall-final-fantasy\/","title":{"rendered":"Espada de Squall - Final Fantasy"},"content":{"rendered":"<h2>La emblem\u00e1tica Gunblade para los verdaderos SeeD de coraz\u00f3n<\/h2>\n<p>Esta r\u00e9plica de <strong>Gunblade<\/strong> presenta una hoja de acero brillante con un detallado grabado de un le\u00f3n. La empu\u00f1adura sigue la est\u00e9tica de un ca\u00f1\u00f3n met\u00e1lico para un aspecto poderoso y s\u00f3lido. El cilindro gira, aunque el mecanismo no es funcional. La empu\u00f1adura de resina proporciona un agarre c\u00f3modo respetando el dise\u00f1o original. Adem\u00e1s, una cadena termina en una cabeza de le\u00f3n, a\u00f1adiendo un toque elegante. Por \u00faltimo, el juego viene con un soporte de madera para una exposici\u00f3n digna de un sal\u00f3n de jard\u00edn.<\/p>\n<h2>Squall y Final Fantasy, una leyenda de los JRPG<\/h2>\n<p>Esta espada pistola <strong>Gunblade<\/strong> se inspira en el h\u00e9roe taciturno conocido por su abrigo de piel negra y su car\u00e1cter solitario. <a href=\"https:\/\/finalfantasy.fandom.com\/wiki\/Squall_Leonhart\" target=\"_blank\" rel=\"noopener noreferrer\">Squall Leonhart<\/a> encarna un estilo decididamente moderno que combina melancol\u00eda, combate t\u00e1ctico y destino heroico. Idolatra al m\u00edtico le\u00f3n griever con alas angelicales, al que considera un \u00eddolo de valent\u00eda y fuerza, rasgos que \u00e9l mismo se esfuerza por alcanzar. El le\u00f3n se ha convertido en su s\u00edmbolo, del mismo modo que Rinoa se asocia con las alas de \u00e1ngel.<\/p>\n<p>En el universo Final Fantasy, este tipo de arma fusiona ingeniosamente tecnolog\u00eda y tradici\u00f3n. As\u00ed, esta reproducci\u00f3n captura la esencia de un mundo lleno de invocaciones tit\u00e1nicas, romances \u00e9picos y combates memorables. Est\u00e1 dirigida a los fans que desean revivir una aventura marcada por el coraje y la determinaci\u00f3n.<\/p>\n<h2>Una colecci\u00f3n de Final Fantasy para completar<\/h2>\n<p>Esta Gunblade puede a\u00f1adirse a una colecci\u00f3n ya extensa, aportando coherencia y prestigio. Nuestra tienda tambi\u00e9n cuenta con otras referencias de la saga, creando una galer\u00eda digna de un museo dedicado al JRPG. Por ejemplo, est\u00e1 el\u2019<a href=\"https:\/\/repliquemangacine.fr\/es\/katana-y-espada-videojuego-otros-videojuegos\/espada-fusion-nube-multiblade-buster-espada-final-fantasy-vii\/\">Nube de espadas Fusion<\/a> Strife con sus piezas desmontables. Tambi\u00e9n est\u00e1 el enorme <a href=\"https:\/\/repliquemangacine.fr\/es\/katana-y-espada-videojuego-otros-videojuegos\/sephiroth-masamune-espada-192-cm\/\">Espada Sephiroth Masamune<\/a> 192 cm de largo. Para que cada aficionado pueda reunir una colecci\u00f3n \u00fanica que recuerde sus mejores horas de videojuego. El universo Final Fantasy te est\u00e1 esperando.<\/p>","protected":false},"excerpt":{"rendered":"<p>Sum\u00e9rgete en el legendario mundo de Final Fantasy con la Gunblade de Squall, una r\u00e9plica de acero tan elegante como temible, ideal para coleccionistas exigentes.<\/p>\n<ul>\n<li>Hoja de acero inoxidable 440<\/li>\n<li>Grabado en la hoja de un le\u00f3n<\/li>\n<li>Guardapistolas met\u00e1lico<\/li>\n<li>Dispone de un cilindro giratorio, pero el mecanismo no funciona.<\/li>\n<li>Mango de metal y resina para un agarre seguro<\/li>\n<li>Cadenilla con cabeza de le\u00f3n en el extremo del mango.<\/li>\n<li>Se entrega con expositor de madera.<\/li>\n<li>Longitud de la hoja: 88 cm - Longitud total: 129 cm<\/li>\n<li>Peso: 3660 g<\/li>\n<\/ul>","protected":false},"featured_media":90934,"template":"","meta":[],"product_brand":[],"product_cat":[1012,107,67],"product_tag":[],"class_list":{"0":"post-90932","1":"product","2":"type-product","3":"status-publish","4":"has-post-thumbnail","6":"product_cat-final-fantasy-repliques-final-fantasy","7":"product_cat-nouveautes","8":"product_cat-katana-et-epee-de-jeux-video-autre-jeux-video","10":"first","11":"instock","12":"taxable","13":"shipping-taxable","14":"purchasable","15":"product-type-simple"},"yoast_head":"<!-- This site is optimized with the Yoast SEO plugin v27.4 - https:\/\/yoast.com\/product\/yoast-seo-wordpress\/ -->\n<title>Gunblade de Squall - Final Fantasy - R\u00e9plique Manga Cin\u00e9<\/title>\n<meta name=\"description\" content=\"R\u00e9plique Gunblade de Squall en acier avec gravure lion, garde pistolet et support bois. Une pi\u00e8ce premium inspir\u00e9e de Final Fantasy pour fans.\" \/>\n<meta name=\"robots\" content=\"index, follow, max-snippet:-1, max-image-preview:large, max-video-preview:-1\" \/>\n<link rel=\"canonical\" href=\"https:\/\/repliquemangacine.fr\/es\/katana-y-espada-videojuego-otros-videojuegos\/squall-gunblade-final-fantasy\/\" \/>\n<meta property=\"og:locale\" content=\"es_ES\" \/>\n<meta property=\"og:type\" content=\"article\" \/>\n<meta property=\"og:title\" content=\"Gunblade de Squall - Final Fantasy - R\u00e9plique Manga Cin\u00e9\" \/>\n<meta property=\"og:description\" content=\"R\u00e9plique Gunblade de Squall en acier avec gravure lion, garde pistolet et support bois. Une pi\u00e8ce premium inspir\u00e9e de Final Fantasy pour fans.\" \/>\n<meta property=\"og:url\" content=\"https:\/\/repliquemangacine.fr\/es\/katana-y-espada-videojuego-otros-videojuegos\/squall-gunblade-final-fantasy\/\" \/>\n<meta property=\"og:site_name\" content=\"R\u00e9plique Manga Cin\u00e9\" \/>\n<meta property=\"article:publisher\" content=\"https:\/\/www.facebook.com\/RepliqueMangaCine\" \/>\n<meta property=\"article:modified_time\" content=\"2026-04-24T12:27:23+00:00\" \/>\n<meta property=\"og:image\" content=\"https:\/\/repliquemangacine.fr\/wp-content\/uploads\/2025\/11\/Gunblade-Epee-de-Squall-FF7.jpg\" \/>\n\t<meta property=\"og:image:width\" content=\"700\" \/>\n\t<meta property=\"og:image:height\" content=\"700\" \/>\n\t<meta property=\"og:image:type\" content=\"image\/jpeg\" \/>\n<meta name=\"twitter:card\" content=\"summary_large_image\" \/>\n<meta name=\"twitter:label1\" content=\"Tiempo de lectura\" \/>\n\t<meta name=\"twitter:data1\" content=\"2 minutos\" \/>\n<script type=\"application\/ld+json\" class=\"yoast-schema-graph\">{\"@context\":\"https:\\\/\\\/schema.org\",\"@graph\":[{\"@type\":\"WebPage\",\"@id\":\"https:\\\/\\\/repliquemangacine.fr\\\/katana-et-epee-de-jeux-video-autre-jeux-video\\\/gunblade-de-squall-final-fantasy\\\/\",\"url\":\"https:\\\/\\\/repliquemangacine.fr\\\/katana-et-epee-de-jeux-video-autre-jeux-video\\\/gunblade-de-squall-final-fantasy\\\/\",\"name\":\"Gunblade de Squall - Final Fantasy - R\u00e9plique Manga Cin\u00e9\",\"isPartOf\":{\"@id\":\"https:\\\/\\\/repliquemangacine.fr\\\/#website\"},\"primaryImageOfPage\":{\"@id\":\"https:\\\/\\\/repliquemangacine.fr\\\/katana-et-epee-de-jeux-video-autre-jeux-video\\\/gunblade-de-squall-final-fantasy\\\/#primaryimage\"},\"image\":{\"@id\":\"https:\\\/\\\/repliquemangacine.fr\\\/katana-et-epee-de-jeux-video-autre-jeux-video\\\/gunblade-de-squall-final-fantasy\\\/#primaryimage\"},\"thumbnailUrl\":\"https:\\\/\\\/repliquemangacine.fr\\\/wp-content\\\/uploads\\\/2025\\\/11\\\/Gunblade-Epee-de-Squall-FF7.jpg\",\"datePublished\":\"2025-11-19T15:45:26+00:00\",\"dateModified\":\"2026-04-24T12:27:23+00:00\",\"description\":\"R\u00e9plique Gunblade de Squall en acier avec gravure lion, garde pistolet et support bois. Une pi\u00e8ce premium inspir\u00e9e de Final Fantasy pour fans.\",\"breadcrumb\":{\"@id\":\"https:\\\/\\\/repliquemangacine.fr\\\/katana-et-epee-de-jeux-video-autre-jeux-video\\\/gunblade-de-squall-final-fantasy\\\/#breadcrumb\"},\"inLanguage\":\"es\",\"potentialAction\":[{\"@type\":\"ReadAction\",\"target\":[\"https:\\\/\\\/repliquemangacine.fr\\\/katana-et-epee-de-jeux-video-autre-jeux-video\\\/gunblade-de-squall-final-fantasy\\\/\"]}]},{\"@type\":\"ImageObject\",\"inLanguage\":\"es\",\"@id\":\"https:\\\/\\\/repliquemangacine.fr\\\/katana-et-epee-de-jeux-video-autre-jeux-video\\\/gunblade-de-squall-final-fantasy\\\/#primaryimage\",\"url\":\"https:\\\/\\\/repliquemangacine.fr\\\/wp-content\\\/uploads\\\/2025\\\/11\\\/Gunblade-Epee-de-Squall-FF7.jpg\",\"contentUrl\":\"https:\\\/\\\/repliquemangacine.fr\\\/wp-content\\\/uploads\\\/2025\\\/11\\\/Gunblade-Epee-de-Squall-FF7.jpg\",\"width\":700,\"height\":700,\"caption\":\"Gunblade Ep\u00e9e de squall Final Fantasy\"},{\"@type\":\"BreadcrumbList\",\"@id\":\"https:\\\/\\\/repliquemangacine.fr\\\/katana-et-epee-de-jeux-video-autre-jeux-video\\\/gunblade-de-squall-final-fantasy\\\/#breadcrumb\",\"itemListElement\":[{\"@type\":\"ListItem\",\"position\":1,\"name\":\"Accueil\",\"item\":\"https:\\\/\\\/repliquemangacine.fr\\\/\"},{\"@type\":\"ListItem\",\"position\":2,\"name\":\"Produits\",\"item\":\"https:\\\/\\\/repliquemangacine.fr\\\/boutique\\\/\"},{\"@type\":\"ListItem\",\"position\":3,\"name\":\"Gunblade de Squall &#8211; Final Fantasy\"}]},{\"@type\":\"WebSite\",\"@id\":\"https:\\\/\\\/repliquemangacine.fr\\\/#website\",\"url\":\"https:\\\/\\\/repliquemangacine.fr\\\/\",\"name\":\"R\u00e9plique Manga Cin\u00e9\",\"description\":\"\",\"publisher\":{\"@id\":\"https:\\\/\\\/repliquemangacine.fr\\\/#organization\"},\"potentialAction\":[{\"@type\":\"SearchAction\",\"target\":{\"@type\":\"EntryPoint\",\"urlTemplate\":\"https:\\\/\\\/repliquemangacine.fr\\\/?s={search_term_string}\"},\"query-input\":{\"@type\":\"PropertyValueSpecification\",\"valueRequired\":true,\"valueName\":\"search_term_string\"}}],\"inLanguage\":\"es\"},{\"@type\":\"Organization\",\"@id\":\"https:\\\/\\\/repliquemangacine.fr\\\/#organization\",\"name\":\"R\u00e9plique Manga Cin\u00e9\",\"url\":\"https:\\\/\\\/repliquemangacine.fr\\\/\",\"logo\":{\"@type\":\"ImageObject\",\"inLanguage\":\"es\",\"@id\":\"https:\\\/\\\/repliquemangacine.fr\\\/#\\\/schema\\\/logo\\\/image\\\/\",\"url\":\"https:\\\/\\\/repliquemangacine.fr\\\/wp-content\\\/uploads\\\/2023\\\/10\\\/RMC-500250.png\",\"contentUrl\":\"https:\\\/\\\/repliquemangacine.fr\\\/wp-content\\\/uploads\\\/2023\\\/10\\\/RMC-500250.png\",\"width\":500,\"height\":250,\"caption\":\"R\u00e9plique Manga Cin\u00e9\"},\"image\":{\"@id\":\"https:\\\/\\\/repliquemangacine.fr\\\/#\\\/schema\\\/logo\\\/image\\\/\"},\"sameAs\":[\"https:\\\/\\\/www.facebook.com\\\/RepliqueMangaCine\",\"https:\\\/\\\/www.instagram.com\\\/repliquemangacine.fr\\\/\"]}]}<\/script>\n<!-- \/ Yoast SEO plugin. -->","yoast_head_json":{"title":"Espada de Squall - Final Fantasy - R\u00e9plique Manga Cin\u00e9","description":"R\u00e9plica de acero de Squall Gunblade con grabado de le\u00f3n, protector de pistola y soporte de madera. Una pieza premium inspirada en Final Fantasy para fans.","robots":{"index":"index","follow":"follow","max-snippet":"max-snippet:-1","max-image-preview":"max-image-preview:large","max-video-preview":"max-video-preview:-1"},"canonical":"https:\/\/repliquemangacine.fr\/es\/katana-y-espada-videojuego-otros-videojuegos\/squall-gunblade-final-fantasy\/","og_locale":"es_ES","og_type":"article","og_title":"Gunblade de Squall - Final Fantasy - R\u00e9plique Manga Cin\u00e9","og_description":"R\u00e9plique Gunblade de Squall en acier avec gravure lion, garde pistolet et support bois. Une pi\u00e8ce premium inspir\u00e9e de Final Fantasy pour fans.","og_url":"https:\/\/repliquemangacine.fr\/es\/katana-y-espada-videojuego-otros-videojuegos\/squall-gunblade-final-fantasy\/","og_site_name":"R\u00e9plique Manga Cin\u00e9","article_publisher":"https:\/\/www.facebook.com\/RepliqueMangaCine","article_modified_time":"2026-04-24T12:27:23+00:00","og_image":[{"width":700,"height":700,"url":"https:\/\/repliquemangacine.fr\/wp-content\/uploads\/2025\/11\/Gunblade-Epee-de-Squall-FF7.jpg","type":"image\/jpeg"}],"twitter_card":"summary_large_image","twitter_misc":{"Tiempo de lectura":"2 minutos"},"schema":{"@context":"https:\/\/schema.org","@graph":[{"@type":"WebPage","@id":"https:\/\/repliquemangacine.fr\/katana-et-epee-de-jeux-video-autre-jeux-video\/gunblade-de-squall-final-fantasy\/","url":"https:\/\/repliquemangacine.fr\/katana-et-epee-de-jeux-video-autre-jeux-video\/gunblade-de-squall-final-fantasy\/","name":"Espada de Squall - Final Fantasy - R\u00e9plique Manga Cin\u00e9","isPartOf":{"@id":"https:\/\/repliquemangacine.fr\/#website"},"primaryImageOfPage":{"@id":"https:\/\/repliquemangacine.fr\/katana-et-epee-de-jeux-video-autre-jeux-video\/gunblade-de-squall-final-fantasy\/#primaryimage"},"image":{"@id":"https:\/\/repliquemangacine.fr\/katana-et-epee-de-jeux-video-autre-jeux-video\/gunblade-de-squall-final-fantasy\/#primaryimage"},"thumbnailUrl":"https:\/\/repliquemangacine.fr\/wp-content\/uploads\/2025\/11\/Gunblade-Epee-de-Squall-FF7.jpg","datePublished":"2025-11-19T15:45:26+00:00","dateModified":"2026-04-24T12:27:23+00:00","description":"R\u00e9plica de acero de Squall Gunblade con grabado de le\u00f3n, protector de pistola y soporte de madera. Una pieza premium inspirada en Final Fantasy para fans.","breadcrumb":{"@id":"https:\/\/repliquemangacine.fr\/katana-et-epee-de-jeux-video-autre-jeux-video\/gunblade-de-squall-final-fantasy\/#breadcrumb"},"inLanguage":"es","potentialAction":[{"@type":"ReadAction","target":["https:\/\/repliquemangacine.fr\/katana-et-epee-de-jeux-video-autre-jeux-video\/gunblade-de-squall-final-fantasy\/"]}]},{"@type":"ImageObject","inLanguage":"es","@id":"https:\/\/repliquemangacine.fr\/katana-et-epee-de-jeux-video-autre-jeux-video\/gunblade-de-squall-final-fantasy\/#primaryimage","url":"https:\/\/repliquemangacine.fr\/wp-content\/uploads\/2025\/11\/Gunblade-Epee-de-Squall-FF7.jpg","contentUrl":"https:\/\/repliquemangacine.fr\/wp-content\/uploads\/2025\/11\/Gunblade-Epee-de-Squall-FF7.jpg","width":700,"height":700,"caption":"Gunblade Ep\u00e9e de squall Final Fantasy"},{"@type":"BreadcrumbList","@id":"https:\/\/repliquemangacine.fr\/katana-et-epee-de-jeux-video-autre-jeux-video\/gunblade-de-squall-final-fantasy\/#breadcrumb","itemListElement":[{"@type":"ListItem","position":1,"name":"Accueil","item":"https:\/\/repliquemangacine.fr\/"},{"@type":"ListItem","position":2,"name":"Produits","item":"https:\/\/repliquemangacine.fr\/boutique\/"},{"@type":"ListItem","position":3,"name":"Gunblade de Squall &#8211; Final Fantasy"}]},{"@type":"WebSite","@id":"https:\/\/repliquemangacine.fr\/#website","url":"https:\/\/repliquemangacine.fr\/","name":"R\u00e9plique Manga Cin\u00e9","description":"","publisher":{"@id":"https:\/\/repliquemangacine.fr\/#organization"},"potentialAction":[{"@type":"SearchAction","target":{"@type":"EntryPoint","urlTemplate":"https:\/\/repliquemangacine.fr\/?s={search_term_string}"},"query-input":{"@type":"PropertyValueSpecification","valueRequired":true,"valueName":"search_term_string"}}],"inLanguage":"es"},{"@type":"Organization","@id":"https:\/\/repliquemangacine.fr\/#organization","name":"R\u00e9plique Manga Cin\u00e9","url":"https:\/\/repliquemangacine.fr\/","logo":{"@type":"ImageObject","inLanguage":"es","@id":"https:\/\/repliquemangacine.fr\/#\/schema\/logo\/image\/","url":"https:\/\/repliquemangacine.fr\/wp-content\/uploads\/2023\/10\/RMC-500250.png","contentUrl":"https:\/\/repliquemangacine.fr\/wp-content\/uploads\/2023\/10\/RMC-500250.png","width":500,"height":250,"caption":"R\u00e9plique Manga Cin\u00e9"},"image":{"@id":"https:\/\/repliquemangacine.fr\/#\/schema\/logo\/image\/"},"sameAs":["https:\/\/www.facebook.com\/RepliqueMangaCine","https:\/\/www.instagram.com\/repliquemangacine.fr\/"]}]}},"_links":{"self":[{"href":"https:\/\/repliquemangacine.fr\/es\/wp-json\/wp\/v2\/product\/90932","targetHints":{"allow":["GET"]}}],"collection":[{"href":"https:\/\/repliquemangacine.fr\/es\/wp-json\/wp\/v2\/product"}],"about":[{"href":"https:\/\/repliquemangacine.fr\/es\/wp-json\/wp\/v2\/types\/product"}],"wp:featuredmedia":[{"embeddable":true,"href":"https:\/\/repliquemangacine.fr\/es\/wp-json\/wp\/v2\/media\/90934"}],"wp:attachment":[{"href":"https:\/\/repliquemangacine.fr\/es\/wp-json\/wp\/v2\/media?parent=90932"}],"wp:term":[{"taxonomy":"product_brand","embeddable":true,"href":"https:\/\/repliquemangacine.fr\/es\/wp-json\/wp\/v2\/product_brand?post=90932"},{"taxonomy":"product_cat","embeddable":true,"href":"https:\/\/repliquemangacine.fr\/es\/wp-json\/wp\/v2\/product_cat?post=90932"},{"taxonomy":"product_tag","embeddable":true,"href":"https:\/\/repliquemangacine.fr\/es\/wp-json\/wp\/v2\/product_tag?post=90932"}],"curies":[{"name":"wp","href":"https:\/\/api.w.org\/{rel}","templated":true}]}}