





{"id":90680,"date":"2025-11-15T19:38:10","date_gmt":"2025-11-15T18:38:10","guid":{"rendered":"https:\/\/repliquemangacine.fr\/?post_type=product&#038;p=90680"},"modified":"2025-11-30T21:45:13","modified_gmt":"2025-11-30T20:45:13","slug":"mini-katana-enma-negra","status":"publish","type":"product","link":"https:\/\/repliquemangacine.fr\/es\/tanto-mini-katana-one-piece\/mini-katana-enma-noir\/","title":{"rendered":"Mini Katana Enma negra"},"content":{"rendered":"<h2>Mini katana Enma negra con un estilo sobrio y potente<\/h2>\n<p>En primer lugar, esta mini katana Enma negra es una pieza imprescindible para cualquier fan de One Piece. Su hoja de acero tiene un acabado limpio y afilado, fiel al esp\u00edritu de la espada original. Adem\u00e1s, la empu\u00f1adura lacada en negro, realzada con finas decoraciones, le confiere un aspecto elegante y sombr\u00edo. Su guarda de ABS, con una forma espec\u00edfica, aporta un toque aut\u00e9ntico al conjunto. La funda lacada en negro, adornada con sutiles motivos, completa a la perfecci\u00f3n esta r\u00e9plica de calidad. Se entrega con su soporte de ABS. Esta mini katana es ideal para realzar una estanter\u00eda, un escritorio o una vitrina dedicada a los tesoros del universo One Piece.<\/p>\n<h2>Zoro y Enma: el dominio de una espada temible<\/h2>\n<p>Para empezar, en One Piece, <a href=\"https:\/\/onepiece.fandom.com\/fr\/f\/t\/Roronoa%20Zoro\" target=\"_blank\" rel=\"noopener noreferrer\">Roronoa Zoro<\/a> se enfrenta al poder devorador de Enma, una espada capaz de absorber su haki. De hecho, esta espada maldita pone a prueba la fuerza de alma de su portador, y solo un verdadero espadach\u00edn puede revelar su potencial. Zoro, fiel a su ambici\u00f3n de convertirse en el mejor espadach\u00edn del mundo, logra dominarla. De hecho, su v\u00ednculo con Enma simboliza su evoluci\u00f3n, su disciplina y su determinaci\u00f3n inquebrantable. Esta mini katana negra rinde homenaje a esta m\u00edtica prueba y captura toda la intensidad de la lucha interior de Zoro.<\/p>\n<h2>Completa tu colecci\u00f3n One Piece en R\u00e9plique Manga Cin\u00e9<\/h2>\n<p>Para acompa\u00f1ar esta mini katana, explore la colecci\u00f3n completa de One Piece disponible en R\u00e9plique Manga Cin\u00e9. Descubra los Tanto One Piece, perfectos para los amantes de las armas cortas y refinadas. Tambi\u00e9n est\u00e1n los <a href=\"https:\/\/repliquemangacine.fr\/es\/katana-ligera-de-una-pieza\/\">Katanas luminosas One Piece<\/a>, inspirados en los emblem\u00e1ticos sables de la serie, equipados con LED para un efecto espectacular. Por \u00faltimo, completa tu equipamiento con el\u2019<a href=\"https:\/\/repliquemangacine.fr\/es\/replica-de-videojuegos-manga\/3-katanas-zoro\/\">Conjunto de las tres espadas de Zoro.<\/a>, s\u00edmbolo de su estilo \u00fanico y su dominio absoluto. En conclusi\u00f3n, cada r\u00e9plica transporta al coleccionista al mundo de los piratas y rinde homenaje a la leyenda de Zoro Roronoa.<\/p>","protected":false},"excerpt":{"rendered":"<p>Descubre la versi\u00f3n en negro de Enma, la espada de Zoro, con un dise\u00f1o sobrio, potente y cargado de un aura legendaria.<\/p>\n<ul>\n<li>Hoja de acero bicolor<\/li>\n<li>Asa lacada con decoraci\u00f3n<\/li>\n<li>Protector ABS con forma espec\u00edfica<\/li>\n<li>Funda lacada en negro con decoraci\u00f3n<\/li>\n<li>Se suministra con un peque\u00f1o soporte de ABS.<\/li>\n<li>Longitud de la hoja: 27 cm \u2013 Longitud total: 45 cm<\/li>\n<li>Peso: 250 g con funda<\/li>\n<\/ul>","protected":false},"featured_media":90681,"template":"","meta":[],"product_brand":[],"product_cat":[36,121],"product_tag":[],"class_list":{"0":"post-90680","1":"product","2":"type-product","3":"status-publish","4":"has-post-thumbnail","6":"product_cat-katana-one-piece","7":"product_cat-tanto-mini-katana-one-piece","9":"first","10":"instock","11":"taxable","12":"shipping-taxable","13":"purchasable","14":"product-type-simple"},"yoast_head":"<!-- This site is optimized with the Yoast SEO plugin v27.4 - https:\/\/yoast.com\/product\/yoast-seo-wordpress\/ -->\n<title>Mini Katana Enma noir - R\u00e9plique Manga Cin\u00e9<\/title>\n<meta name=\"description\" content=\"Mini katana Enma noir One Piece, lame acier et fourreau laqu\u00e9. Une r\u00e9plique \u00e9l\u00e9gante inspir\u00e9e du sabre mythique de Roronoa Zoro.\" \/>\n<meta name=\"robots\" content=\"index, follow, max-snippet:-1, max-image-preview:large, max-video-preview:-1\" \/>\n<link rel=\"canonical\" href=\"https:\/\/repliquemangacine.fr\/es\/tanto-mini-katana-de-una-pieza\/mini-katana-enma-negra\/\" \/>\n<meta property=\"og:locale\" content=\"es_ES\" \/>\n<meta property=\"og:type\" content=\"article\" \/>\n<meta property=\"og:title\" content=\"Mini Katana Enma noir - R\u00e9plique Manga Cin\u00e9\" \/>\n<meta property=\"og:description\" content=\"Mini katana Enma noir One Piece, lame acier et fourreau laqu\u00e9. Une r\u00e9plique \u00e9l\u00e9gante inspir\u00e9e du sabre mythique de Roronoa Zoro.\" \/>\n<meta property=\"og:url\" content=\"https:\/\/repliquemangacine.fr\/es\/tanto-mini-katana-de-una-pieza\/mini-katana-enma-negra\/\" \/>\n<meta property=\"og:site_name\" content=\"R\u00e9plique Manga Cin\u00e9\" \/>\n<meta property=\"article:publisher\" content=\"https:\/\/www.facebook.com\/RepliqueMangaCine\" \/>\n<meta property=\"article:modified_time\" content=\"2025-11-30T20:45:13+00:00\" \/>\n<meta property=\"og:image\" content=\"https:\/\/repliquemangacine.fr\/wp-content\/uploads\/2025\/11\/Mini-Katana-Enma-Noir.jpg\" \/>\n\t<meta property=\"og:image:width\" content=\"600\" \/>\n\t<meta property=\"og:image:height\" content=\"600\" \/>\n\t<meta property=\"og:image:type\" content=\"image\/jpeg\" \/>\n<meta name=\"twitter:card\" content=\"summary_large_image\" \/>\n<meta name=\"twitter:label1\" content=\"Tiempo de lectura\" \/>\n\t<meta name=\"twitter:data1\" content=\"2 minutos\" \/>\n<script type=\"application\/ld+json\" class=\"yoast-schema-graph\">{\"@context\":\"https:\\\/\\\/schema.org\",\"@graph\":[{\"@type\":\"WebPage\",\"@id\":\"https:\\\/\\\/repliquemangacine.fr\\\/tanto-mini-katana-one-piece\\\/mini-katana-enma-noir\\\/\",\"url\":\"https:\\\/\\\/repliquemangacine.fr\\\/tanto-mini-katana-one-piece\\\/mini-katana-enma-noir\\\/\",\"name\":\"Mini Katana Enma noir - R\u00e9plique Manga Cin\u00e9\",\"isPartOf\":{\"@id\":\"https:\\\/\\\/repliquemangacine.fr\\\/#website\"},\"primaryImageOfPage\":{\"@id\":\"https:\\\/\\\/repliquemangacine.fr\\\/tanto-mini-katana-one-piece\\\/mini-katana-enma-noir\\\/#primaryimage\"},\"image\":{\"@id\":\"https:\\\/\\\/repliquemangacine.fr\\\/tanto-mini-katana-one-piece\\\/mini-katana-enma-noir\\\/#primaryimage\"},\"thumbnailUrl\":\"https:\\\/\\\/repliquemangacine.fr\\\/wp-content\\\/uploads\\\/2025\\\/11\\\/Mini-Katana-Enma-Noir.jpg\",\"datePublished\":\"2025-11-15T18:38:10+00:00\",\"dateModified\":\"2025-11-30T20:45:13+00:00\",\"description\":\"Mini katana Enma noir One Piece, lame acier et fourreau laqu\u00e9. Une r\u00e9plique \u00e9l\u00e9gante inspir\u00e9e du sabre mythique de Roronoa Zoro.\",\"breadcrumb\":{\"@id\":\"https:\\\/\\\/repliquemangacine.fr\\\/tanto-mini-katana-one-piece\\\/mini-katana-enma-noir\\\/#breadcrumb\"},\"inLanguage\":\"es\",\"potentialAction\":[{\"@type\":\"ReadAction\",\"target\":[\"https:\\\/\\\/repliquemangacine.fr\\\/tanto-mini-katana-one-piece\\\/mini-katana-enma-noir\\\/\"]}]},{\"@type\":\"ImageObject\",\"inLanguage\":\"es\",\"@id\":\"https:\\\/\\\/repliquemangacine.fr\\\/tanto-mini-katana-one-piece\\\/mini-katana-enma-noir\\\/#primaryimage\",\"url\":\"https:\\\/\\\/repliquemangacine.fr\\\/wp-content\\\/uploads\\\/2025\\\/11\\\/Mini-Katana-Enma-Noir.jpg\",\"contentUrl\":\"https:\\\/\\\/repliquemangacine.fr\\\/wp-content\\\/uploads\\\/2025\\\/11\\\/Mini-Katana-Enma-Noir.jpg\",\"width\":600,\"height\":600,\"caption\":\"Mini Katana Enma noir One Piece\"},{\"@type\":\"BreadcrumbList\",\"@id\":\"https:\\\/\\\/repliquemangacine.fr\\\/tanto-mini-katana-one-piece\\\/mini-katana-enma-noir\\\/#breadcrumb\",\"itemListElement\":[{\"@type\":\"ListItem\",\"position\":1,\"name\":\"Accueil\",\"item\":\"https:\\\/\\\/repliquemangacine.fr\\\/\"},{\"@type\":\"ListItem\",\"position\":2,\"name\":\"Produits\",\"item\":\"https:\\\/\\\/repliquemangacine.fr\\\/boutique\\\/\"},{\"@type\":\"ListItem\",\"position\":3,\"name\":\"Mini Katana Enma noir\"}]},{\"@type\":\"WebSite\",\"@id\":\"https:\\\/\\\/repliquemangacine.fr\\\/#website\",\"url\":\"https:\\\/\\\/repliquemangacine.fr\\\/\",\"name\":\"R\u00e9plique Manga Cin\u00e9\",\"description\":\"\",\"publisher\":{\"@id\":\"https:\\\/\\\/repliquemangacine.fr\\\/#organization\"},\"potentialAction\":[{\"@type\":\"SearchAction\",\"target\":{\"@type\":\"EntryPoint\",\"urlTemplate\":\"https:\\\/\\\/repliquemangacine.fr\\\/?s={search_term_string}\"},\"query-input\":{\"@type\":\"PropertyValueSpecification\",\"valueRequired\":true,\"valueName\":\"search_term_string\"}}],\"inLanguage\":\"es\"},{\"@type\":\"Organization\",\"@id\":\"https:\\\/\\\/repliquemangacine.fr\\\/#organization\",\"name\":\"R\u00e9plique Manga Cin\u00e9\",\"url\":\"https:\\\/\\\/repliquemangacine.fr\\\/\",\"logo\":{\"@type\":\"ImageObject\",\"inLanguage\":\"es\",\"@id\":\"https:\\\/\\\/repliquemangacine.fr\\\/#\\\/schema\\\/logo\\\/image\\\/\",\"url\":\"https:\\\/\\\/repliquemangacine.fr\\\/wp-content\\\/uploads\\\/2023\\\/10\\\/RMC-500250.png\",\"contentUrl\":\"https:\\\/\\\/repliquemangacine.fr\\\/wp-content\\\/uploads\\\/2023\\\/10\\\/RMC-500250.png\",\"width\":500,\"height\":250,\"caption\":\"R\u00e9plique Manga Cin\u00e9\"},\"image\":{\"@id\":\"https:\\\/\\\/repliquemangacine.fr\\\/#\\\/schema\\\/logo\\\/image\\\/\"},\"sameAs\":[\"https:\\\/\\\/www.facebook.com\\\/RepliqueMangaCine\",\"https:\\\/\\\/www.instagram.com\\\/repliquemangacine.fr\\\/\"]}]}<\/script>\n<!-- \/ Yoast SEO plugin. -->","yoast_head_json":{"title":"Mini Katana Enma negra - R\u00e9plique Manga Cin\u00e9","description":"Mini katana Enma negra One Piece, hoja de acero y funda lacada. Una elegante r\u00e9plica inspirada en la m\u00edtica espada de Roronoa Zoro.","robots":{"index":"index","follow":"follow","max-snippet":"max-snippet:-1","max-image-preview":"max-image-preview:large","max-video-preview":"max-video-preview:-1"},"canonical":"https:\/\/repliquemangacine.fr\/es\/tanto-mini-katana-de-una-pieza\/mini-katana-enma-negra\/","og_locale":"es_ES","og_type":"article","og_title":"Mini Katana Enma noir - R\u00e9plique Manga Cin\u00e9","og_description":"Mini katana Enma noir One Piece, lame acier et fourreau laqu\u00e9. Une r\u00e9plique \u00e9l\u00e9gante inspir\u00e9e du sabre mythique de Roronoa Zoro.","og_url":"https:\/\/repliquemangacine.fr\/es\/tanto-mini-katana-de-una-pieza\/mini-katana-enma-negra\/","og_site_name":"R\u00e9plique Manga Cin\u00e9","article_publisher":"https:\/\/www.facebook.com\/RepliqueMangaCine","article_modified_time":"2025-11-30T20:45:13+00:00","og_image":[{"width":600,"height":600,"url":"https:\/\/repliquemangacine.fr\/wp-content\/uploads\/2025\/11\/Mini-Katana-Enma-Noir.jpg","type":"image\/jpeg"}],"twitter_card":"summary_large_image","twitter_misc":{"Tiempo de lectura":"2 minutos"},"schema":{"@context":"https:\/\/schema.org","@graph":[{"@type":"WebPage","@id":"https:\/\/repliquemangacine.fr\/tanto-mini-katana-one-piece\/mini-katana-enma-noir\/","url":"https:\/\/repliquemangacine.fr\/tanto-mini-katana-one-piece\/mini-katana-enma-noir\/","name":"Mini Katana Enma negra - R\u00e9plique Manga Cin\u00e9","isPartOf":{"@id":"https:\/\/repliquemangacine.fr\/#website"},"primaryImageOfPage":{"@id":"https:\/\/repliquemangacine.fr\/tanto-mini-katana-one-piece\/mini-katana-enma-noir\/#primaryimage"},"image":{"@id":"https:\/\/repliquemangacine.fr\/tanto-mini-katana-one-piece\/mini-katana-enma-noir\/#primaryimage"},"thumbnailUrl":"https:\/\/repliquemangacine.fr\/wp-content\/uploads\/2025\/11\/Mini-Katana-Enma-Noir.jpg","datePublished":"2025-11-15T18:38:10+00:00","dateModified":"2025-11-30T20:45:13+00:00","description":"Mini katana Enma negra One Piece, hoja de acero y funda lacada. Una elegante r\u00e9plica inspirada en la m\u00edtica espada de Roronoa Zoro.","breadcrumb":{"@id":"https:\/\/repliquemangacine.fr\/tanto-mini-katana-one-piece\/mini-katana-enma-noir\/#breadcrumb"},"inLanguage":"es","potentialAction":[{"@type":"ReadAction","target":["https:\/\/repliquemangacine.fr\/tanto-mini-katana-one-piece\/mini-katana-enma-noir\/"]}]},{"@type":"ImageObject","inLanguage":"es","@id":"https:\/\/repliquemangacine.fr\/tanto-mini-katana-one-piece\/mini-katana-enma-noir\/#primaryimage","url":"https:\/\/repliquemangacine.fr\/wp-content\/uploads\/2025\/11\/Mini-Katana-Enma-Noir.jpg","contentUrl":"https:\/\/repliquemangacine.fr\/wp-content\/uploads\/2025\/11\/Mini-Katana-Enma-Noir.jpg","width":600,"height":600,"caption":"Mini Katana Enma noir One Piece"},{"@type":"BreadcrumbList","@id":"https:\/\/repliquemangacine.fr\/tanto-mini-katana-one-piece\/mini-katana-enma-noir\/#breadcrumb","itemListElement":[{"@type":"ListItem","position":1,"name":"Accueil","item":"https:\/\/repliquemangacine.fr\/"},{"@type":"ListItem","position":2,"name":"Produits","item":"https:\/\/repliquemangacine.fr\/boutique\/"},{"@type":"ListItem","position":3,"name":"Mini Katana Enma noir"}]},{"@type":"WebSite","@id":"https:\/\/repliquemangacine.fr\/#website","url":"https:\/\/repliquemangacine.fr\/","name":"R\u00e9plique Manga Cin\u00e9","description":"","publisher":{"@id":"https:\/\/repliquemangacine.fr\/#organization"},"potentialAction":[{"@type":"SearchAction","target":{"@type":"EntryPoint","urlTemplate":"https:\/\/repliquemangacine.fr\/?s={search_term_string}"},"query-input":{"@type":"PropertyValueSpecification","valueRequired":true,"valueName":"search_term_string"}}],"inLanguage":"es"},{"@type":"Organization","@id":"https:\/\/repliquemangacine.fr\/#organization","name":"R\u00e9plique Manga Cin\u00e9","url":"https:\/\/repliquemangacine.fr\/","logo":{"@type":"ImageObject","inLanguage":"es","@id":"https:\/\/repliquemangacine.fr\/#\/schema\/logo\/image\/","url":"https:\/\/repliquemangacine.fr\/wp-content\/uploads\/2023\/10\/RMC-500250.png","contentUrl":"https:\/\/repliquemangacine.fr\/wp-content\/uploads\/2023\/10\/RMC-500250.png","width":500,"height":250,"caption":"R\u00e9plique Manga Cin\u00e9"},"image":{"@id":"https:\/\/repliquemangacine.fr\/#\/schema\/logo\/image\/"},"sameAs":["https:\/\/www.facebook.com\/RepliqueMangaCine","https:\/\/www.instagram.com\/repliquemangacine.fr\/"]}]}},"_links":{"self":[{"href":"https:\/\/repliquemangacine.fr\/es\/wp-json\/wp\/v2\/product\/90680","targetHints":{"allow":["GET"]}}],"collection":[{"href":"https:\/\/repliquemangacine.fr\/es\/wp-json\/wp\/v2\/product"}],"about":[{"href":"https:\/\/repliquemangacine.fr\/es\/wp-json\/wp\/v2\/types\/product"}],"wp:featuredmedia":[{"embeddable":true,"href":"https:\/\/repliquemangacine.fr\/es\/wp-json\/wp\/v2\/media\/90681"}],"wp:attachment":[{"href":"https:\/\/repliquemangacine.fr\/es\/wp-json\/wp\/v2\/media?parent=90680"}],"wp:term":[{"taxonomy":"product_brand","embeddable":true,"href":"https:\/\/repliquemangacine.fr\/es\/wp-json\/wp\/v2\/product_brand?post=90680"},{"taxonomy":"product_cat","embeddable":true,"href":"https:\/\/repliquemangacine.fr\/es\/wp-json\/wp\/v2\/product_cat?post=90680"},{"taxonomy":"product_tag","embeddable":true,"href":"https:\/\/repliquemangacine.fr\/es\/wp-json\/wp\/v2\/product_tag?post=90680"}],"curies":[{"name":"wp","href":"https:\/\/api.w.org\/{rel}","templated":true}]}}