





{"id":90602,"date":"2025-11-14T12:13:29","date_gmt":"2025-11-14T11:13:29","guid":{"rendered":"https:\/\/repliquemangacine.fr\/?post_type=product&#038;p=90602"},"modified":"2026-04-17T16:13:48","modified_gmt":"2026-04-17T14:13:48","slug":"katana-deadpool-bea-arthur","status":"publish","type":"product","link":"https:\/\/repliquemangacine.fr\/es\/super-heros-marvel\/katana-deadpool-bea-arthur\/","title":{"rendered":"Katana Deadpool Bea Arthur"},"content":{"rendered":"<h2>Katana Deadpool Bea Arthur, un d\u00fao tan loco como el h\u00e9roe<\/h2>\n<p>En primer lugar, este conjunto de <strong>Katana Deadpool Bea Arthur<\/strong> rinde homenaje al mercenario m\u00e1s insolente del\u2019<a href=\"https:\/\/universcinematographiquemarvel.fandom.com\/fr\/wiki\/Univers_cin%C3%A9matographique_Marvel\" target=\"_blank\" rel=\"noopener noreferrer\">Universo Marvel<\/a>. Las dos hojas de acero tienen los bordes amarillos, recordando su estilo \u00fanico. Las guardas decoradas presentan un dise\u00f1o inspirado en el emblema de Deadpool. La vaina de madera lacada en negro a\u00f1ade un elegante acabado. Los pomos llevan las inscripciones \u201cBea\u201d y \u201cArthur\u201d, un gui\u00f1o a su peculiar sentido del humor. La vaina trasera aporta dinamismo a la presentaci\u00f3n. Estas r\u00e9plicas ofrecen un realismo perfecto para cualquier fan del personaje. Encarnan el esp\u00edritu irreverente del h\u00e9roe con las temibles armas.<\/p>\n<h2>Deadpool, un mercenario impredecible con katanas legendarias<\/h2>\n<p>Deadpool utiliza sus katanas como una extensi\u00f3n de su personalidad. Lucha con una precisi\u00f3n demencial, a pesar de su actitud an\u00e1rquica. Sus espadas se convierten en testigos de sus misiones m\u00e1s ca\u00f3ticas. Tambi\u00e9n simbolizan su turbulento pasado. El d\u00fao \u201cBea\u201d y \u201cArthur\u201d revela su \u00e1cido sentido del humor. A pesar de sus bromas, Deadpool se enfrenta a sus adversarios con eficacia. Su r\u00e1pida regeneraci\u00f3n refuerza su crudo estilo de lucha. Su uso de las armas es casi coreogr\u00e1fico. Su maestr\u00eda es impresionante. Cada aparici\u00f3n del h\u00e9roe mezcla violencia y humor, creando escenas memorables.<\/p>\n<h2>Descubre otras r\u00e9plicas de Marvel y DC en R\u00e9plique Manga Cin\u00e9<\/h2>\n<p>Su colecci\u00f3n puede enriquecerse con otras piezas esenciales del cine heroico. Puede admirar la r\u00e9plica del <a href=\"https:\/\/repliquemangacine.fr\/es\/superheroes-marvel\/arc-reactor-mk1-iron-man-core-reactor\/\">Reactor de arco Iron Man MK1<\/a>, s\u00edmbolo de genialidad y sacrificio. Tambi\u00e9n encontrar\u00e1 todos los <a href=\"https:\/\/repliquemangacine.fr\/es\/superheroes-marvel\/dagas-drax-guardianes-de-la-galaxia\/\">dos dagas de Drax<\/a>, de los Guardianes de la Galaxia, perfecta para los fans de las armas ic\u00f3nicas. Por \u00faltimo, podr\u00e1s descubrir la r\u00e9plica a escala 1\/1 de la <a href=\"https:\/\/repliquemangacine.fr\/es\/superheroes-marvel\/daquaman-tridente-210-cm-metal\/\">El tridente de Arthur Curry<\/a>, La m\u00edtica arma de Aquaman. Cada pieza aporta un poder visual \u00fanico. Transforman una colecci\u00f3n en un aut\u00e9ntico homenaje a los universos Marvel y DC. Tambi\u00e9n realzan cualquier vitrina dedicada a los h\u00e9roes modernos.<\/p>","protected":false},"excerpt":{"rendered":"<p>Las katanas Bea y Arthur, las armas de culto de Deadpool, llegan como un d\u00fao explosivo para aumentar tu colecci\u00f3n Marvel.<\/p>\n<ul>\n<li>Las hojas son de acero 440 con el filo amarillo.<\/li>\n<li>Protector met\u00e1lico con emblema de Deadpool<\/li>\n<li>Vaina de madera lacada en negro<\/li>\n<li>Los pomos llevan la inscripci\u00f3n Bea Arthur<\/li>\n<li>Se suministra con bolsa trasera<\/li>\n<li>Longitud de la hoja: 65 cm - Longitud total: 104 cm<\/li>\n<li>Peso: 855 g<\/li>\n<\/ul>","protected":false},"featured_media":90605,"template":"","meta":[],"product_brand":[],"product_cat":[24,59],"product_tag":[],"class_list":{"0":"post-90602","1":"product","2":"type-product","3":"status-publish","4":"has-post-thumbnail","6":"product_cat-films-series-tv-vente-de-katana-epee-et-produits-derives","7":"product_cat-super-heros-marvel","9":"first","10":"instock","11":"taxable","12":"shipping-taxable","13":"purchasable","14":"product-type-simple"},"yoast_head":"<!-- This site is optimized with the Yoast SEO plugin v27.4 - https:\/\/yoast.com\/product\/yoast-seo-wordpress\/ -->\n<title>Katana Deadpool Bea Arthur - R\u00e9plique Manga Cin\u00e9<\/title>\n<meta name=\"description\" content=\"Ensemble de deux Katana Deadpool Bea Arthur, lames acier, \u00e9tui dorsal et finitions d\u00e9taill\u00e9es. R\u00e9plique incontournable pour tout fan du mercenaire Marvel.\" \/>\n<meta name=\"robots\" content=\"index, follow, max-snippet:-1, max-image-preview:large, max-video-preview:-1\" \/>\n<link rel=\"canonical\" href=\"https:\/\/repliquemangacine.fr\/es\/superheroes-marvel\/katana-deadpool-bea-arthur\/\" \/>\n<meta property=\"og:locale\" content=\"es_ES\" \/>\n<meta property=\"og:type\" content=\"article\" \/>\n<meta property=\"og:title\" content=\"Katana Deadpool Bea Arthur - R\u00e9plique Manga Cin\u00e9\" \/>\n<meta property=\"og:description\" content=\"Ensemble de deux Katana Deadpool Bea Arthur, lames acier, \u00e9tui dorsal et finitions d\u00e9taill\u00e9es. R\u00e9plique incontournable pour tout fan du mercenaire Marvel.\" \/>\n<meta property=\"og:url\" content=\"https:\/\/repliquemangacine.fr\/es\/superheroes-marvel\/katana-deadpool-bea-arthur\/\" \/>\n<meta property=\"og:site_name\" content=\"R\u00e9plique Manga Cin\u00e9\" \/>\n<meta property=\"article:publisher\" content=\"https:\/\/www.facebook.com\/RepliqueMangaCine\" \/>\n<meta property=\"article:modified_time\" content=\"2026-04-17T14:13:48+00:00\" \/>\n<meta property=\"og:image\" content=\"https:\/\/repliquemangacine.fr\/wp-content\/uploads\/2025\/11\/Katana-Deedpool-Bea-Arthur.jpg\" \/>\n\t<meta property=\"og:image:width\" content=\"600\" \/>\n\t<meta property=\"og:image:height\" content=\"600\" \/>\n\t<meta property=\"og:image:type\" content=\"image\/jpeg\" \/>\n<meta name=\"twitter:card\" content=\"summary_large_image\" \/>\n<meta name=\"twitter:label1\" content=\"Tiempo de lectura\" \/>\n\t<meta name=\"twitter:data1\" content=\"2 minutos\" \/>\n<script type=\"application\/ld+json\" class=\"yoast-schema-graph\">{\"@context\":\"https:\\\/\\\/schema.org\",\"@graph\":[{\"@type\":\"WebPage\",\"@id\":\"https:\\\/\\\/repliquemangacine.fr\\\/super-heros-marvel\\\/katana-deadpool-bea-arthur\\\/\",\"url\":\"https:\\\/\\\/repliquemangacine.fr\\\/super-heros-marvel\\\/katana-deadpool-bea-arthur\\\/\",\"name\":\"Katana Deadpool Bea Arthur - R\u00e9plique Manga Cin\u00e9\",\"isPartOf\":{\"@id\":\"https:\\\/\\\/repliquemangacine.fr\\\/#website\"},\"primaryImageOfPage\":{\"@id\":\"https:\\\/\\\/repliquemangacine.fr\\\/super-heros-marvel\\\/katana-deadpool-bea-arthur\\\/#primaryimage\"},\"image\":{\"@id\":\"https:\\\/\\\/repliquemangacine.fr\\\/super-heros-marvel\\\/katana-deadpool-bea-arthur\\\/#primaryimage\"},\"thumbnailUrl\":\"https:\\\/\\\/repliquemangacine.fr\\\/wp-content\\\/uploads\\\/2025\\\/11\\\/Katana-Deedpool-Bea-Arthur.jpg\",\"datePublished\":\"2025-11-14T11:13:29+00:00\",\"dateModified\":\"2026-04-17T14:13:48+00:00\",\"description\":\"Ensemble de deux Katana Deadpool Bea Arthur, lames acier, \u00e9tui dorsal et finitions d\u00e9taill\u00e9es. R\u00e9plique incontournable pour tout fan du mercenaire Marvel.\",\"breadcrumb\":{\"@id\":\"https:\\\/\\\/repliquemangacine.fr\\\/super-heros-marvel\\\/katana-deadpool-bea-arthur\\\/#breadcrumb\"},\"inLanguage\":\"es\",\"potentialAction\":[{\"@type\":\"ReadAction\",\"target\":[\"https:\\\/\\\/repliquemangacine.fr\\\/super-heros-marvel\\\/katana-deadpool-bea-arthur\\\/\"]}]},{\"@type\":\"ImageObject\",\"inLanguage\":\"es\",\"@id\":\"https:\\\/\\\/repliquemangacine.fr\\\/super-heros-marvel\\\/katana-deadpool-bea-arthur\\\/#primaryimage\",\"url\":\"https:\\\/\\\/repliquemangacine.fr\\\/wp-content\\\/uploads\\\/2025\\\/11\\\/Katana-Deedpool-Bea-Arthur.jpg\",\"contentUrl\":\"https:\\\/\\\/repliquemangacine.fr\\\/wp-content\\\/uploads\\\/2025\\\/11\\\/Katana-Deedpool-Bea-Arthur.jpg\",\"width\":600,\"height\":600,\"caption\":\"Katana Deadpool Bea Arthur de l'univers Marvel\"},{\"@type\":\"BreadcrumbList\",\"@id\":\"https:\\\/\\\/repliquemangacine.fr\\\/super-heros-marvel\\\/katana-deadpool-bea-arthur\\\/#breadcrumb\",\"itemListElement\":[{\"@type\":\"ListItem\",\"position\":1,\"name\":\"Accueil\",\"item\":\"https:\\\/\\\/repliquemangacine.fr\\\/\"},{\"@type\":\"ListItem\",\"position\":2,\"name\":\"Produits\",\"item\":\"https:\\\/\\\/repliquemangacine.fr\\\/boutique\\\/\"},{\"@type\":\"ListItem\",\"position\":3,\"name\":\"Katana Deadpool Bea Arthur\"}]},{\"@type\":\"WebSite\",\"@id\":\"https:\\\/\\\/repliquemangacine.fr\\\/#website\",\"url\":\"https:\\\/\\\/repliquemangacine.fr\\\/\",\"name\":\"R\u00e9plique Manga Cin\u00e9\",\"description\":\"\",\"publisher\":{\"@id\":\"https:\\\/\\\/repliquemangacine.fr\\\/#organization\"},\"potentialAction\":[{\"@type\":\"SearchAction\",\"target\":{\"@type\":\"EntryPoint\",\"urlTemplate\":\"https:\\\/\\\/repliquemangacine.fr\\\/?s={search_term_string}\"},\"query-input\":{\"@type\":\"PropertyValueSpecification\",\"valueRequired\":true,\"valueName\":\"search_term_string\"}}],\"inLanguage\":\"es\"},{\"@type\":\"Organization\",\"@id\":\"https:\\\/\\\/repliquemangacine.fr\\\/#organization\",\"name\":\"R\u00e9plique Manga Cin\u00e9\",\"url\":\"https:\\\/\\\/repliquemangacine.fr\\\/\",\"logo\":{\"@type\":\"ImageObject\",\"inLanguage\":\"es\",\"@id\":\"https:\\\/\\\/repliquemangacine.fr\\\/#\\\/schema\\\/logo\\\/image\\\/\",\"url\":\"https:\\\/\\\/repliquemangacine.fr\\\/wp-content\\\/uploads\\\/2023\\\/10\\\/RMC-500250.png\",\"contentUrl\":\"https:\\\/\\\/repliquemangacine.fr\\\/wp-content\\\/uploads\\\/2023\\\/10\\\/RMC-500250.png\",\"width\":500,\"height\":250,\"caption\":\"R\u00e9plique Manga Cin\u00e9\"},\"image\":{\"@id\":\"https:\\\/\\\/repliquemangacine.fr\\\/#\\\/schema\\\/logo\\\/image\\\/\"},\"sameAs\":[\"https:\\\/\\\/www.facebook.com\\\/RepliqueMangaCine\",\"https:\\\/\\\/www.instagram.com\\\/repliquemangacine.fr\\\/\"]}]}<\/script>\n<!-- \/ Yoast SEO plugin. -->","yoast_head_json":{"title":"Katana Deadpool Bea Arthur - R\u00e9plique Manga Cin\u00e9","description":"Set de dos Katanas Deadpool Bea Arthur, hojas de acero, vaina trasera y acabado detallado. Una r\u00e9plica imprescindible para cualquier fan del mercenario de Marvel.","robots":{"index":"index","follow":"follow","max-snippet":"max-snippet:-1","max-image-preview":"max-image-preview:large","max-video-preview":"max-video-preview:-1"},"canonical":"https:\/\/repliquemangacine.fr\/es\/superheroes-marvel\/katana-deadpool-bea-arthur\/","og_locale":"es_ES","og_type":"article","og_title":"Katana Deadpool Bea Arthur - R\u00e9plique Manga Cin\u00e9","og_description":"Ensemble de deux Katana Deadpool Bea Arthur, lames acier, \u00e9tui dorsal et finitions d\u00e9taill\u00e9es. R\u00e9plique incontournable pour tout fan du mercenaire Marvel.","og_url":"https:\/\/repliquemangacine.fr\/es\/superheroes-marvel\/katana-deadpool-bea-arthur\/","og_site_name":"R\u00e9plique Manga Cin\u00e9","article_publisher":"https:\/\/www.facebook.com\/RepliqueMangaCine","article_modified_time":"2026-04-17T14:13:48+00:00","og_image":[{"width":600,"height":600,"url":"https:\/\/repliquemangacine.fr\/wp-content\/uploads\/2025\/11\/Katana-Deedpool-Bea-Arthur.jpg","type":"image\/jpeg"}],"twitter_card":"summary_large_image","twitter_misc":{"Tiempo de lectura":"2 minutos"},"schema":{"@context":"https:\/\/schema.org","@graph":[{"@type":"WebPage","@id":"https:\/\/repliquemangacine.fr\/super-heros-marvel\/katana-deadpool-bea-arthur\/","url":"https:\/\/repliquemangacine.fr\/super-heros-marvel\/katana-deadpool-bea-arthur\/","name":"Katana Deadpool Bea Arthur - R\u00e9plique Manga Cin\u00e9","isPartOf":{"@id":"https:\/\/repliquemangacine.fr\/#website"},"primaryImageOfPage":{"@id":"https:\/\/repliquemangacine.fr\/super-heros-marvel\/katana-deadpool-bea-arthur\/#primaryimage"},"image":{"@id":"https:\/\/repliquemangacine.fr\/super-heros-marvel\/katana-deadpool-bea-arthur\/#primaryimage"},"thumbnailUrl":"https:\/\/repliquemangacine.fr\/wp-content\/uploads\/2025\/11\/Katana-Deedpool-Bea-Arthur.jpg","datePublished":"2025-11-14T11:13:29+00:00","dateModified":"2026-04-17T14:13:48+00:00","description":"Set de dos Katanas Deadpool Bea Arthur, hojas de acero, vaina trasera y acabado detallado. Una r\u00e9plica imprescindible para cualquier fan del mercenario de Marvel.","breadcrumb":{"@id":"https:\/\/repliquemangacine.fr\/super-heros-marvel\/katana-deadpool-bea-arthur\/#breadcrumb"},"inLanguage":"es","potentialAction":[{"@type":"ReadAction","target":["https:\/\/repliquemangacine.fr\/super-heros-marvel\/katana-deadpool-bea-arthur\/"]}]},{"@type":"ImageObject","inLanguage":"es","@id":"https:\/\/repliquemangacine.fr\/super-heros-marvel\/katana-deadpool-bea-arthur\/#primaryimage","url":"https:\/\/repliquemangacine.fr\/wp-content\/uploads\/2025\/11\/Katana-Deedpool-Bea-Arthur.jpg","contentUrl":"https:\/\/repliquemangacine.fr\/wp-content\/uploads\/2025\/11\/Katana-Deedpool-Bea-Arthur.jpg","width":600,"height":600,"caption":"Katana Deadpool Bea Arthur de l'univers Marvel"},{"@type":"BreadcrumbList","@id":"https:\/\/repliquemangacine.fr\/super-heros-marvel\/katana-deadpool-bea-arthur\/#breadcrumb","itemListElement":[{"@type":"ListItem","position":1,"name":"Accueil","item":"https:\/\/repliquemangacine.fr\/"},{"@type":"ListItem","position":2,"name":"Produits","item":"https:\/\/repliquemangacine.fr\/boutique\/"},{"@type":"ListItem","position":3,"name":"Katana Deadpool Bea Arthur"}]},{"@type":"WebSite","@id":"https:\/\/repliquemangacine.fr\/#website","url":"https:\/\/repliquemangacine.fr\/","name":"R\u00e9plique Manga Cin\u00e9","description":"","publisher":{"@id":"https:\/\/repliquemangacine.fr\/#organization"},"potentialAction":[{"@type":"SearchAction","target":{"@type":"EntryPoint","urlTemplate":"https:\/\/repliquemangacine.fr\/?s={search_term_string}"},"query-input":{"@type":"PropertyValueSpecification","valueRequired":true,"valueName":"search_term_string"}}],"inLanguage":"es"},{"@type":"Organization","@id":"https:\/\/repliquemangacine.fr\/#organization","name":"R\u00e9plique Manga Cin\u00e9","url":"https:\/\/repliquemangacine.fr\/","logo":{"@type":"ImageObject","inLanguage":"es","@id":"https:\/\/repliquemangacine.fr\/#\/schema\/logo\/image\/","url":"https:\/\/repliquemangacine.fr\/wp-content\/uploads\/2023\/10\/RMC-500250.png","contentUrl":"https:\/\/repliquemangacine.fr\/wp-content\/uploads\/2023\/10\/RMC-500250.png","width":500,"height":250,"caption":"R\u00e9plique Manga Cin\u00e9"},"image":{"@id":"https:\/\/repliquemangacine.fr\/#\/schema\/logo\/image\/"},"sameAs":["https:\/\/www.facebook.com\/RepliqueMangaCine","https:\/\/www.instagram.com\/repliquemangacine.fr\/"]}]}},"_links":{"self":[{"href":"https:\/\/repliquemangacine.fr\/es\/wp-json\/wp\/v2\/product\/90602","targetHints":{"allow":["GET"]}}],"collection":[{"href":"https:\/\/repliquemangacine.fr\/es\/wp-json\/wp\/v2\/product"}],"about":[{"href":"https:\/\/repliquemangacine.fr\/es\/wp-json\/wp\/v2\/types\/product"}],"wp:featuredmedia":[{"embeddable":true,"href":"https:\/\/repliquemangacine.fr\/es\/wp-json\/wp\/v2\/media\/90605"}],"wp:attachment":[{"href":"https:\/\/repliquemangacine.fr\/es\/wp-json\/wp\/v2\/media?parent=90602"}],"wp:term":[{"taxonomy":"product_brand","embeddable":true,"href":"https:\/\/repliquemangacine.fr\/es\/wp-json\/wp\/v2\/product_brand?post=90602"},{"taxonomy":"product_cat","embeddable":true,"href":"https:\/\/repliquemangacine.fr\/es\/wp-json\/wp\/v2\/product_cat?post=90602"},{"taxonomy":"product_tag","embeddable":true,"href":"https:\/\/repliquemangacine.fr\/es\/wp-json\/wp\/v2\/product_tag?post=90602"}],"curies":[{"name":"wp","href":"https:\/\/api.w.org\/{rel}","templated":true}]}}