





{"id":90239,"date":"2025-11-07T15:06:27","date_gmt":"2025-11-07T14:06:27","guid":{"rendered":"https:\/\/repliquemangacine.fr\/?post_type=product&#038;p=90239"},"modified":"2026-03-10T01:01:21","modified_gmt":"2026-03-10T00:01:21","slug":"pistola-makarov","status":"publish","type":"product","link":"https:\/\/repliquemangacine.fr\/es\/reproductions-armes-seconde-guerre-mondiale-denix\/pistolet-makarov\/","title":{"rendered":"Pistola Makarov"},"content":{"rendered":"<h2>Caracter\u00edsticas de la pistola Makarov<\/h2>\n<p>La pistola Makarov <a href=\"https:\/\/www.denix.fr\/fr\/\" target=\"_blank\" rel=\"noopener noreferrer\">Denix<\/a> es una r\u00e9plica decorativa inspirada en el famoso modelo ruso adoptado en 1951. La r\u00e9plica mide aproximadamente 16 cent\u00edmetros y pesa 649 gramos, lo que facilita su sujeci\u00f3n. Su estructura met\u00e1lica garantiza un acabado resistente y cre\u00edble. El mango tiene un acabado de imitaci\u00f3n de madera que le da un aspecto c\u00e1lido y aut\u00e9ntico. Aunque no es funcional, reproduce fielmente la forma y la ergonom\u00eda del modelo original. Esta pistola fue utilizada por el ej\u00e9rcito sovi\u00e9tico y varias fuerzas de Europa del Este durante la Guerra Fr\u00eda. Esta r\u00e9plica rinde homenaje a un arma cargada de historia militar. Ser\u00e1 del agrado de los aficionados que busquen una pieza evocadora y cuidadosamente elaborada. Gracias a sus materiales de alta calidad, esta pieza promete una presencia notable en su vitrina. De este modo, embellecer\u00e1 su colecci\u00f3n con elegancia y coherencia hist\u00f3rica.<\/p>\n<h2>Importancia y caracter\u00edsticas especiales de esta r\u00e9plica<\/h2>\n<p>Esta r\u00e9plica de la pistola Makarov destaca por su importante papel en la historia militar moderna. El modelo original fue adoptado como arma reglamentaria por la Uni\u00f3n Sovi\u00e9tica para sustituir a las armas m\u00e1s antiguas. Se convirti\u00f3 en un s\u00edmbolo de poder, servicio y autoridad en las distintas unidades militares. Gracias a esta r\u00e9plica, podr\u00e1 conservar la esencia de una \u00e9poca estrat\u00e9gica clave. Adem\u00e1s, su tama\u00f1o compacto le confiere una est\u00e9tica discreta pero reconocible al instante. Esto la hace ideal para recreaciones hist\u00f3ricas o producciones cinematogr\u00e1ficas. La calidad de la reproducci\u00f3n garantiza una inmersi\u00f3n aut\u00e9ntica sin necesidad de un arma funcional. Adem\u00e1s, esta r\u00e9plica constituye un excelente elemento decorativo en exposiciones tem\u00e1ticas. Fascina por su car\u00e1cter sobrio y su profunda historia. Sigue siendo una elecci\u00f3n relevante para coleccionistas exigentes.<\/p>\n<h2>Completa tu colecci\u00f3n con R\u00e9pliqueMangaCin\u00e9<\/h2>\n<p>Visite <strong>R\u00e9plicaMangaCine<\/strong>, Con nuestra amplia selecci\u00f3n de art\u00edculos aut\u00e9nticos, los coleccionistas pueden ampliar su mundo. Sin embargo, nuestra tienda no se limita a armas modernas inspiradas en periodos hist\u00f3ricos. Tambi\u00e9n ofrecemos art\u00edculos de manga, videojuegos y famosos mundos de fantas\u00eda. Por ejemplo, encontrar\u00e1 katanas decorativas con h\u00e9roes de One Piece, Naruto o <a href=\"https:\/\/repliquemangacine.fr\/es\/katana-cazademonios\/\">Cazador de demonios<\/a>. Tambi\u00e9n ofrecemos elegantes espadas de la <a href=\"https:\/\/repliquemangacine.fr\/es\/el-senor-de-los-anillos\/\">El Se\u00f1or de los Anillos<\/a> o The Witcher para los aficionados a la fantas\u00eda heroica. Para los aficionados al armamento hist\u00f3rico, tambi\u00e9n hay disponibles espadas antiguas, espadas piratas y escudos medievales. Cada art\u00edculo se elige por su calidad, acabado y notable impacto visual. Gracias a esta diversidad, <strong>R\u00e9plicaMangaCine<\/strong> le permite crear un escaparate que cuenta una historia personal. De este modo, su colecci\u00f3n se convierte en un viaje entre \u00e9pocas, mitos y leyendas, con coherencia y pasi\u00f3n.<\/p>","protected":false},"excerpt":{"rendered":"<p><strong>Caracter\u00edsticas :<\/strong><\/p>\n<ul>\n<li>Materiales: metal + imitaci\u00f3n madera.<\/li>\n<li>R\u00e9plica decorativa, no funcional.<\/li>\n<li>Ideal para coleccionismo, decoraci\u00f3n y cosplay.<\/li>\n<li>Longitud: 16 cm.<\/li>\n<li>Peso: 649 g.<\/li>\n<\/ul>","protected":false},"featured_media":90246,"template":"","meta":[],"product_brand":[],"product_cat":[40,28,76],"product_tag":[],"class_list":{"0":"post-90239","1":"product","2":"type-product","3":"status-publish","4":"has-post-thumbnail","6":"product_cat-pistolet-moderne","7":"product_cat-repliques-darmes","8":"product_cat-reproductions-armes-seconde-guerre-mondiale-denix","10":"first","11":"instock","12":"featured","13":"taxable","14":"shipping-taxable","15":"purchasable","16":"product-type-simple"},"yoast_head":"<!-- This site is optimized with the Yoast SEO plugin v27.5 - https:\/\/yoast.com\/product\/yoast-seo-wordpress\/ -->\n<title>Pistolet Makarov | R\u00e9plique Manga Cin\u00e9<\/title>\n<meta name=\"description\" content=\"Pistolet Makarov en r\u00e9plique d\u00e9corative m\u00e9tal et bois, inspir\u00e9 du mod\u00e8le russe iconique. Id\u00e9al collection, cosplay et exposition. Livraison rapide.\" \/>\n<meta name=\"robots\" content=\"index, follow, max-snippet:-1, max-image-preview:large, max-video-preview:-1\" \/>\n<link rel=\"canonical\" href=\"https:\/\/repliquemangacine.fr\/es\/reproduccion-armas-segunda-guerra-mundial-denix\/pistola-makarov\/\" \/>\n<meta property=\"og:locale\" content=\"es_ES\" \/>\n<meta property=\"og:type\" content=\"article\" \/>\n<meta property=\"og:title\" content=\"Pistolet Makarov | R\u00e9plique Manga Cin\u00e9\" \/>\n<meta property=\"og:description\" content=\"Pistolet Makarov en r\u00e9plique d\u00e9corative m\u00e9tal et bois, inspir\u00e9 du mod\u00e8le russe iconique. Id\u00e9al collection, cosplay et exposition. Livraison rapide.\" \/>\n<meta property=\"og:url\" content=\"https:\/\/repliquemangacine.fr\/es\/reproduccion-armas-segunda-guerra-mundial-denix\/pistola-makarov\/\" \/>\n<meta property=\"og:site_name\" content=\"R\u00e9plique Manga Cin\u00e9\" \/>\n<meta property=\"article:publisher\" content=\"https:\/\/www.facebook.com\/RepliqueMangaCine\" \/>\n<meta property=\"article:modified_time\" content=\"2026-03-10T00:01:21+00:00\" \/>\n<meta property=\"og:image\" content=\"https:\/\/repliquemangacine.fr\/wp-content\/uploads\/2025\/11\/pistolet-makarov-laterale.jpg\" \/>\n\t<meta property=\"og:image:width\" content=\"700\" \/>\n\t<meta property=\"og:image:height\" content=\"700\" \/>\n\t<meta property=\"og:image:type\" content=\"image\/jpeg\" \/>\n<meta name=\"twitter:card\" content=\"summary_large_image\" \/>\n<meta name=\"twitter:label1\" content=\"Tiempo de lectura\" \/>\n\t<meta name=\"twitter:data1\" content=\"3 minutos\" \/>\n<script type=\"application\/ld+json\" class=\"yoast-schema-graph\">{\"@context\":\"https:\\\/\\\/schema.org\",\"@graph\":[{\"@type\":\"WebPage\",\"@id\":\"https:\\\/\\\/repliquemangacine.fr\\\/reproductions-armes-seconde-guerre-mondiale-denix\\\/pistolet-makarov\\\/\",\"url\":\"https:\\\/\\\/repliquemangacine.fr\\\/reproductions-armes-seconde-guerre-mondiale-denix\\\/pistolet-makarov\\\/\",\"name\":\"Pistolet Makarov | R\u00e9plique Manga Cin\u00e9\",\"isPartOf\":{\"@id\":\"https:\\\/\\\/repliquemangacine.fr\\\/#website\"},\"primaryImageOfPage\":{\"@id\":\"https:\\\/\\\/repliquemangacine.fr\\\/reproductions-armes-seconde-guerre-mondiale-denix\\\/pistolet-makarov\\\/#primaryimage\"},\"image\":{\"@id\":\"https:\\\/\\\/repliquemangacine.fr\\\/reproductions-armes-seconde-guerre-mondiale-denix\\\/pistolet-makarov\\\/#primaryimage\"},\"thumbnailUrl\":\"https:\\\/\\\/repliquemangacine.fr\\\/wp-content\\\/uploads\\\/2025\\\/11\\\/pistolet-makarov-laterale.jpg\",\"datePublished\":\"2025-11-07T14:06:27+00:00\",\"dateModified\":\"2026-03-10T00:01:21+00:00\",\"description\":\"Pistolet Makarov en r\u00e9plique d\u00e9corative m\u00e9tal et bois, inspir\u00e9 du mod\u00e8le russe iconique. Id\u00e9al collection, cosplay et exposition. Livraison rapide.\",\"breadcrumb\":{\"@id\":\"https:\\\/\\\/repliquemangacine.fr\\\/reproductions-armes-seconde-guerre-mondiale-denix\\\/pistolet-makarov\\\/#breadcrumb\"},\"inLanguage\":\"es\",\"potentialAction\":[{\"@type\":\"ReadAction\",\"target\":[\"https:\\\/\\\/repliquemangacine.fr\\\/reproductions-armes-seconde-guerre-mondiale-denix\\\/pistolet-makarov\\\/\"]}]},{\"@type\":\"ImageObject\",\"inLanguage\":\"es\",\"@id\":\"https:\\\/\\\/repliquemangacine.fr\\\/reproductions-armes-seconde-guerre-mondiale-denix\\\/pistolet-makarov\\\/#primaryimage\",\"url\":\"https:\\\/\\\/repliquemangacine.fr\\\/wp-content\\\/uploads\\\/2025\\\/11\\\/pistolet-makarov-laterale.jpg\",\"contentUrl\":\"https:\\\/\\\/repliquemangacine.fr\\\/wp-content\\\/uploads\\\/2025\\\/11\\\/pistolet-makarov-laterale.jpg\",\"width\":700,\"height\":700,\"caption\":\"pistolet-makarov-laterale\"},{\"@type\":\"BreadcrumbList\",\"@id\":\"https:\\\/\\\/repliquemangacine.fr\\\/reproductions-armes-seconde-guerre-mondiale-denix\\\/pistolet-makarov\\\/#breadcrumb\",\"itemListElement\":[{\"@type\":\"ListItem\",\"position\":1,\"name\":\"Accueil\",\"item\":\"https:\\\/\\\/repliquemangacine.fr\\\/\"},{\"@type\":\"ListItem\",\"position\":2,\"name\":\"Produits\",\"item\":\"https:\\\/\\\/repliquemangacine.fr\\\/boutique\\\/\"},{\"@type\":\"ListItem\",\"position\":3,\"name\":\"Pistolet Makarov\"}]},{\"@type\":\"WebSite\",\"@id\":\"https:\\\/\\\/repliquemangacine.fr\\\/#website\",\"url\":\"https:\\\/\\\/repliquemangacine.fr\\\/\",\"name\":\"R\u00e9plique Manga Cin\u00e9\",\"description\":\"\",\"publisher\":{\"@id\":\"https:\\\/\\\/repliquemangacine.fr\\\/#organization\"},\"potentialAction\":[{\"@type\":\"SearchAction\",\"target\":{\"@type\":\"EntryPoint\",\"urlTemplate\":\"https:\\\/\\\/repliquemangacine.fr\\\/?s={search_term_string}\"},\"query-input\":{\"@type\":\"PropertyValueSpecification\",\"valueRequired\":true,\"valueName\":\"search_term_string\"}}],\"inLanguage\":\"es\"},{\"@type\":\"Organization\",\"@id\":\"https:\\\/\\\/repliquemangacine.fr\\\/#organization\",\"name\":\"R\u00e9plique Manga Cin\u00e9\",\"url\":\"https:\\\/\\\/repliquemangacine.fr\\\/\",\"logo\":{\"@type\":\"ImageObject\",\"inLanguage\":\"es\",\"@id\":\"https:\\\/\\\/repliquemangacine.fr\\\/#\\\/schema\\\/logo\\\/image\\\/\",\"url\":\"https:\\\/\\\/repliquemangacine.fr\\\/wp-content\\\/uploads\\\/2023\\\/10\\\/RMC-500250.png\",\"contentUrl\":\"https:\\\/\\\/repliquemangacine.fr\\\/wp-content\\\/uploads\\\/2023\\\/10\\\/RMC-500250.png\",\"width\":500,\"height\":250,\"caption\":\"R\u00e9plique Manga Cin\u00e9\"},\"image\":{\"@id\":\"https:\\\/\\\/repliquemangacine.fr\\\/#\\\/schema\\\/logo\\\/image\\\/\"},\"sameAs\":[\"https:\\\/\\\/www.facebook.com\\\/RepliqueMangaCine\",\"https:\\\/\\\/www.instagram.com\\\/repliquemangacine.fr\\\/\"]}]}<\/script>\n<!-- \/ Yoast SEO plugin. -->","yoast_head_json":{"title":"Pistola Makarov | R\u00e9plique Manga Cin\u00e9","description":"R\u00e9plica decorativa en metal y madera de la pistola Makarov, inspirada en el emblem\u00e1tico modelo ruso. Ideal para colecciones, cosplay y exposiciones. Entrega r\u00e1pida.","robots":{"index":"index","follow":"follow","max-snippet":"max-snippet:-1","max-image-preview":"max-image-preview:large","max-video-preview":"max-video-preview:-1"},"canonical":"https:\/\/repliquemangacine.fr\/es\/reproduccion-armas-segunda-guerra-mundial-denix\/pistola-makarov\/","og_locale":"es_ES","og_type":"article","og_title":"Pistolet Makarov | R\u00e9plique Manga Cin\u00e9","og_description":"Pistolet Makarov en r\u00e9plique d\u00e9corative m\u00e9tal et bois, inspir\u00e9 du mod\u00e8le russe iconique. Id\u00e9al collection, cosplay et exposition. Livraison rapide.","og_url":"https:\/\/repliquemangacine.fr\/es\/reproduccion-armas-segunda-guerra-mundial-denix\/pistola-makarov\/","og_site_name":"R\u00e9plique Manga Cin\u00e9","article_publisher":"https:\/\/www.facebook.com\/RepliqueMangaCine","article_modified_time":"2026-03-10T00:01:21+00:00","og_image":[{"width":700,"height":700,"url":"https:\/\/repliquemangacine.fr\/wp-content\/uploads\/2025\/11\/pistolet-makarov-laterale.jpg","type":"image\/jpeg"}],"twitter_card":"summary_large_image","twitter_misc":{"Tiempo de lectura":"3 minutos"},"schema":{"@context":"https:\/\/schema.org","@graph":[{"@type":"WebPage","@id":"https:\/\/repliquemangacine.fr\/reproductions-armes-seconde-guerre-mondiale-denix\/pistolet-makarov\/","url":"https:\/\/repliquemangacine.fr\/reproductions-armes-seconde-guerre-mondiale-denix\/pistolet-makarov\/","name":"Pistola Makarov | R\u00e9plique Manga Cin\u00e9","isPartOf":{"@id":"https:\/\/repliquemangacine.fr\/#website"},"primaryImageOfPage":{"@id":"https:\/\/repliquemangacine.fr\/reproductions-armes-seconde-guerre-mondiale-denix\/pistolet-makarov\/#primaryimage"},"image":{"@id":"https:\/\/repliquemangacine.fr\/reproductions-armes-seconde-guerre-mondiale-denix\/pistolet-makarov\/#primaryimage"},"thumbnailUrl":"https:\/\/repliquemangacine.fr\/wp-content\/uploads\/2025\/11\/pistolet-makarov-laterale.jpg","datePublished":"2025-11-07T14:06:27+00:00","dateModified":"2026-03-10T00:01:21+00:00","description":"R\u00e9plica decorativa en metal y madera de la pistola Makarov, inspirada en el emblem\u00e1tico modelo ruso. Ideal para colecciones, cosplay y exposiciones. Entrega r\u00e1pida.","breadcrumb":{"@id":"https:\/\/repliquemangacine.fr\/reproductions-armes-seconde-guerre-mondiale-denix\/pistolet-makarov\/#breadcrumb"},"inLanguage":"es","potentialAction":[{"@type":"ReadAction","target":["https:\/\/repliquemangacine.fr\/reproductions-armes-seconde-guerre-mondiale-denix\/pistolet-makarov\/"]}]},{"@type":"ImageObject","inLanguage":"es","@id":"https:\/\/repliquemangacine.fr\/reproductions-armes-seconde-guerre-mondiale-denix\/pistolet-makarov\/#primaryimage","url":"https:\/\/repliquemangacine.fr\/wp-content\/uploads\/2025\/11\/pistolet-makarov-laterale.jpg","contentUrl":"https:\/\/repliquemangacine.fr\/wp-content\/uploads\/2025\/11\/pistolet-makarov-laterale.jpg","width":700,"height":700,"caption":"pistolet-makarov-laterale"},{"@type":"BreadcrumbList","@id":"https:\/\/repliquemangacine.fr\/reproductions-armes-seconde-guerre-mondiale-denix\/pistolet-makarov\/#breadcrumb","itemListElement":[{"@type":"ListItem","position":1,"name":"Accueil","item":"https:\/\/repliquemangacine.fr\/"},{"@type":"ListItem","position":2,"name":"Produits","item":"https:\/\/repliquemangacine.fr\/boutique\/"},{"@type":"ListItem","position":3,"name":"Pistolet Makarov"}]},{"@type":"WebSite","@id":"https:\/\/repliquemangacine.fr\/#website","url":"https:\/\/repliquemangacine.fr\/","name":"R\u00e9plique Manga Cin\u00e9","description":"","publisher":{"@id":"https:\/\/repliquemangacine.fr\/#organization"},"potentialAction":[{"@type":"SearchAction","target":{"@type":"EntryPoint","urlTemplate":"https:\/\/repliquemangacine.fr\/?s={search_term_string}"},"query-input":{"@type":"PropertyValueSpecification","valueRequired":true,"valueName":"search_term_string"}}],"inLanguage":"es"},{"@type":"Organization","@id":"https:\/\/repliquemangacine.fr\/#organization","name":"R\u00e9plique Manga Cin\u00e9","url":"https:\/\/repliquemangacine.fr\/","logo":{"@type":"ImageObject","inLanguage":"es","@id":"https:\/\/repliquemangacine.fr\/#\/schema\/logo\/image\/","url":"https:\/\/repliquemangacine.fr\/wp-content\/uploads\/2023\/10\/RMC-500250.png","contentUrl":"https:\/\/repliquemangacine.fr\/wp-content\/uploads\/2023\/10\/RMC-500250.png","width":500,"height":250,"caption":"R\u00e9plique Manga Cin\u00e9"},"image":{"@id":"https:\/\/repliquemangacine.fr\/#\/schema\/logo\/image\/"},"sameAs":["https:\/\/www.facebook.com\/RepliqueMangaCine","https:\/\/www.instagram.com\/repliquemangacine.fr\/"]}]}},"_links":{"self":[{"href":"https:\/\/repliquemangacine.fr\/es\/wp-json\/wp\/v2\/product\/90239","targetHints":{"allow":["GET"]}}],"collection":[{"href":"https:\/\/repliquemangacine.fr\/es\/wp-json\/wp\/v2\/product"}],"about":[{"href":"https:\/\/repliquemangacine.fr\/es\/wp-json\/wp\/v2\/types\/product"}],"wp:featuredmedia":[{"embeddable":true,"href":"https:\/\/repliquemangacine.fr\/es\/wp-json\/wp\/v2\/media\/90246"}],"wp:attachment":[{"href":"https:\/\/repliquemangacine.fr\/es\/wp-json\/wp\/v2\/media?parent=90239"}],"wp:term":[{"taxonomy":"product_brand","embeddable":true,"href":"https:\/\/repliquemangacine.fr\/es\/wp-json\/wp\/v2\/product_brand?post=90239"},{"taxonomy":"product_cat","embeddable":true,"href":"https:\/\/repliquemangacine.fr\/es\/wp-json\/wp\/v2\/product_cat?post=90239"},{"taxonomy":"product_tag","embeddable":true,"href":"https:\/\/repliquemangacine.fr\/es\/wp-json\/wp\/v2\/product_tag?post=90239"}],"curies":[{"name":"wp","href":"https:\/\/api.w.org\/{rel}","templated":true}]}}