





{"id":90225,"date":"2025-11-07T14:27:22","date_gmt":"2025-11-07T13:27:22","guid":{"rendered":"https:\/\/repliquemangacine.fr\/?post_type=product&#038;p=90225"},"modified":"2026-02-19T11:31:55","modified_gmt":"2026-02-19T10:31:55","slug":"pistola-de-percusion-pirata-de-bronce","status":"publish","type":"product","link":"https:\/\/repliquemangacine.fr\/es\/armes-de-pirates\/pistolet-percussion-pirate-bronze\/","title":{"rendered":"Pistola de percusi\u00f3n de bronce pirata"},"content":{"rendered":"<h2>Caracter\u00edsticas de la pistola de percusi\u00f3n pirata de bronce hist\u00f3rica<\/h2>\n<p>Esta pistola de percusi\u00f3n pirata de bronce <a href=\"https:\/\/www.denix.fr\/fr\/\" target=\"_blank\" rel=\"noopener noreferrer\">Denix<\/a> se distingue por su acabado met\u00e1lico, c\u00e1lido y elegante, que recuerda a las armas antiguas. El robusto armaz\u00f3n de madera le a\u00f1ade presencia visual, ideal para coleccionismo y exposici\u00f3n decorativa. Su longitud total de 37 cent\u00edmetros facilita su manejo, mientras que su peso realista de 629 gramos a\u00f1ade credibilidad. Esta r\u00e9plica se inspira en las pistolas italianas que utilizaban los corsarios y bandoleros del siglo XVIII. Estos aventureros surcaban los oc\u00e9anos en busca de tesoros, gloria y libertad mar\u00edtima. As\u00ed pues, este modelo rinde homenaje a este mundo imaginario de atrevidos abordajes y viajes en alta mar. Gracias a su est\u00e9tica en bronce, ofrece una atractiva alternativa en color para los coleccionistas. Esta reproducci\u00f3n decorativa no funcional responde a las exigencias actuales, al tiempo que ofrece un encanto intemporal. Puede integrarse f\u00e1cilmente en un escaparate, una decoraci\u00f3n tem\u00e1tica o un traje de cosplay envolvente.<\/p>\n<h2>Importancia y particularidades de esta r\u00e9plica decorativa<\/h2>\n<p>Esta versi\u00f3n de la Pistola de percusi\u00f3n de bronce pirata es el complemento perfecto para una colecci\u00f3n ya formada por diversas piezas hist\u00f3ricas. Su aspecto ligeramente antiguo recuerda a las armas envejecidas por el tiempo y el roc\u00edo del mar. Adem\u00e1s, el color acent\u00faa los detalles esculpidos y moldeados de las piezas met\u00e1licas. Es una atracci\u00f3n natural y una invitaci\u00f3n a la imaginaci\u00f3n aventurera. Adem\u00e1s, esta pistola es una excelente elecci\u00f3n para los entusiastas del cosplay que buscan un acabado realista sin poner en peligro la funcionalidad. Por su funci\u00f3n decorativa, tambi\u00e9n puede embellecer una biblioteca, un despacho o una habitaci\u00f3n dedicada a los accesorios tem\u00e1ticos. Como resultado, este objeto transmite una aut\u00e9ntica atm\u00f3sfera pirata. La r\u00e9plica encarna un s\u00edmbolo de libertad, audacia y leyenda mar\u00edtima atemporal. Gracias a esta colorida variaci\u00f3n, cada colecci\u00f3n adquiere un car\u00e1cter distintivo y refinado.<\/p>\n<h2>Otros art\u00edculos disponibles en R\u00e9pliqueMangaCin\u00e9<\/h2>\n<p>Por \u00faltimo, el <strong>R\u00e9plicaMangaCine<\/strong>, Una amplia selecci\u00f3n de armas decorativas y r\u00e9plicas inspiradas en muchos mundos diferentes. Los aficionados al manga podr\u00e1n descubrir katanas de One Piece, Naruto, Demon Slayer y Bleach. Estas piezas est\u00e1n dirigidas a los aficionados que buscan una gran calidad est\u00e9tica y una referencia fiel a sus h\u00e9roes favoritos. Adem\u00e1s, espadas de <a href=\"https:\/\/repliquemangacine.fr\/es\/peliculas-series-tv-venta-de-espadas-katana-y-productos-relacionados\/\">pel\u00edculas y series<\/a> Disponemos de una amplia gama de art\u00edculos de culto, como El Se\u00f1or de los Anillos, Harry Potter y Juego de Tronos. Para los aficionados a la historia, nuestra colecci\u00f3n tambi\u00e9n incluye espadas antiguas, escudos medievales y espadas piratas. Por \u00faltimo, los aficionados al Far West encontrar\u00e1n <a href=\"https:\/\/repliquemangacine.fr\/es\/pistola-colt\/\">potros<\/a>, chigres y fundas para completar su mundo. Cada producto se selecciona cuidadosamente para garantizar una experiencia apasionante y envolvente. <strong>R\u00e9plicaMangaCine<\/strong> ayuda a los coleccionistas a crear su propio mundo ideal.<\/p>","protected":false},"excerpt":{"rendered":"<p><strong>Especificaciones t\u00e9cnicas :<\/strong><\/p>\n<ul>\n<li>Cuerpo de madera barnizada<\/li>\n<li>Embellecedor de metal fundido acabado en bronce<\/li>\n<li>R\u00e9plica decorativa no funcional<\/li>\n<li>Inspiraci\u00f3n italiana de pistola pirata del siglo XVIII\u1d49<\/li>\n<li>Marca: Denix<\/li>\n<li>Ideal para colecciones, cosplay, decoraci\u00f3n y recreaci\u00f3n<\/li>\n<li>Longitud total: 37 cm<\/li>\n<li>Peso: 629 g<\/li>\n<\/ul>","protected":false},"featured_media":90232,"template":"","meta":[],"product_brand":[],"product_cat":[49,102,52,114,28],"product_tag":[],"class_list":{"0":"post-90225","1":"product","2":"type-product","3":"status-publish","4":"has-post-thumbnail","6":"product_cat-armes-de-pirates","7":"product_cat-denix","8":"product_cat-pistolet-ancien","9":"product_cat-pistolet-pirate","10":"product_cat-repliques-darmes","12":"first","13":"instock","14":"featured","15":"taxable","16":"shipping-taxable","17":"purchasable","18":"product-type-simple"},"yoast_head":"<!-- This site is optimized with the Yoast SEO plugin v27.4 - https:\/\/yoast.com\/product\/yoast-seo-wordpress\/ -->\n<title>Pistolet Percussion Pirate Bronze - R\u00e9plique Manga Cin\u00e9<\/title>\n<meta name=\"description\" content=\"Pistolet percussion pirate bronze en bois et m\u00e9tal. R\u00e9plique d\u00e9corative 37 cm. Id\u00e9al collection, cosplay et d\u00e9cor pirate authentique.\" \/>\n<meta name=\"robots\" content=\"index, follow, max-snippet:-1, max-image-preview:large, max-video-preview:-1\" \/>\n<link rel=\"canonical\" href=\"https:\/\/repliquemangacine.fr\/es\/armas-piratas\/pistola-de-percusion-pirata-de-bronce\/\" \/>\n<meta property=\"og:locale\" content=\"es_ES\" \/>\n<meta property=\"og:type\" content=\"article\" \/>\n<meta property=\"og:title\" content=\"Pistolet Percussion Pirate Bronze - R\u00e9plique Manga Cin\u00e9\" \/>\n<meta property=\"og:description\" content=\"Pistolet percussion pirate bronze en bois et m\u00e9tal. R\u00e9plique d\u00e9corative 37 cm. Id\u00e9al collection, cosplay et d\u00e9cor pirate authentique.\" \/>\n<meta property=\"og:url\" content=\"https:\/\/repliquemangacine.fr\/es\/armas-piratas\/pistola-de-percusion-pirata-de-bronce\/\" \/>\n<meta property=\"og:site_name\" content=\"R\u00e9plique Manga Cin\u00e9\" \/>\n<meta property=\"article:publisher\" content=\"https:\/\/www.facebook.com\/RepliqueMangaCine\" \/>\n<meta property=\"article:modified_time\" content=\"2026-02-19T10:31:55+00:00\" \/>\n<meta property=\"og:image\" content=\"https:\/\/repliquemangacine.fr\/wp-content\/uploads\/2025\/11\/pistolet-pirate-bronze-laterale.jpg\" \/>\n\t<meta property=\"og:image:width\" content=\"700\" \/>\n\t<meta property=\"og:image:height\" content=\"700\" \/>\n\t<meta property=\"og:image:type\" content=\"image\/jpeg\" \/>\n<meta name=\"twitter:card\" content=\"summary_large_image\" \/>\n<meta name=\"twitter:label1\" content=\"Tiempo de lectura\" \/>\n\t<meta name=\"twitter:data1\" content=\"3 minutos\" \/>\n<script type=\"application\/ld+json\" class=\"yoast-schema-graph\">{\"@context\":\"https:\\\/\\\/schema.org\",\"@graph\":[{\"@type\":\"WebPage\",\"@id\":\"https:\\\/\\\/repliquemangacine.fr\\\/armes-de-pirates\\\/pistolet-percussion-pirate-bronze\\\/\",\"url\":\"https:\\\/\\\/repliquemangacine.fr\\\/armes-de-pirates\\\/pistolet-percussion-pirate-bronze\\\/\",\"name\":\"Pistolet Percussion Pirate Bronze - R\u00e9plique Manga Cin\u00e9\",\"isPartOf\":{\"@id\":\"https:\\\/\\\/repliquemangacine.fr\\\/#website\"},\"primaryImageOfPage\":{\"@id\":\"https:\\\/\\\/repliquemangacine.fr\\\/armes-de-pirates\\\/pistolet-percussion-pirate-bronze\\\/#primaryimage\"},\"image\":{\"@id\":\"https:\\\/\\\/repliquemangacine.fr\\\/armes-de-pirates\\\/pistolet-percussion-pirate-bronze\\\/#primaryimage\"},\"thumbnailUrl\":\"https:\\\/\\\/repliquemangacine.fr\\\/wp-content\\\/uploads\\\/2025\\\/11\\\/pistolet-pirate-bronze-laterale.jpg\",\"datePublished\":\"2025-11-07T13:27:22+00:00\",\"dateModified\":\"2026-02-19T10:31:55+00:00\",\"description\":\"Pistolet percussion pirate bronze en bois et m\u00e9tal. R\u00e9plique d\u00e9corative 37 cm. Id\u00e9al collection, cosplay et d\u00e9cor pirate authentique.\",\"breadcrumb\":{\"@id\":\"https:\\\/\\\/repliquemangacine.fr\\\/armes-de-pirates\\\/pistolet-percussion-pirate-bronze\\\/#breadcrumb\"},\"inLanguage\":\"es\",\"potentialAction\":[{\"@type\":\"ReadAction\",\"target\":[\"https:\\\/\\\/repliquemangacine.fr\\\/armes-de-pirates\\\/pistolet-percussion-pirate-bronze\\\/\"]}]},{\"@type\":\"ImageObject\",\"inLanguage\":\"es\",\"@id\":\"https:\\\/\\\/repliquemangacine.fr\\\/armes-de-pirates\\\/pistolet-percussion-pirate-bronze\\\/#primaryimage\",\"url\":\"https:\\\/\\\/repliquemangacine.fr\\\/wp-content\\\/uploads\\\/2025\\\/11\\\/pistolet-pirate-bronze-laterale.jpg\",\"contentUrl\":\"https:\\\/\\\/repliquemangacine.fr\\\/wp-content\\\/uploads\\\/2025\\\/11\\\/pistolet-pirate-bronze-laterale.jpg\",\"width\":700,\"height\":700,\"caption\":\"Pistolet Percussion Pirate Bronze\"},{\"@type\":\"BreadcrumbList\",\"@id\":\"https:\\\/\\\/repliquemangacine.fr\\\/armes-de-pirates\\\/pistolet-percussion-pirate-bronze\\\/#breadcrumb\",\"itemListElement\":[{\"@type\":\"ListItem\",\"position\":1,\"name\":\"Accueil\",\"item\":\"https:\\\/\\\/repliquemangacine.fr\\\/\"},{\"@type\":\"ListItem\",\"position\":2,\"name\":\"Produits\",\"item\":\"https:\\\/\\\/repliquemangacine.fr\\\/boutique\\\/\"},{\"@type\":\"ListItem\",\"position\":3,\"name\":\"Pistolet Percussion Pirate Bronze\"}]},{\"@type\":\"WebSite\",\"@id\":\"https:\\\/\\\/repliquemangacine.fr\\\/#website\",\"url\":\"https:\\\/\\\/repliquemangacine.fr\\\/\",\"name\":\"R\u00e9plique Manga Cin\u00e9\",\"description\":\"\",\"publisher\":{\"@id\":\"https:\\\/\\\/repliquemangacine.fr\\\/#organization\"},\"potentialAction\":[{\"@type\":\"SearchAction\",\"target\":{\"@type\":\"EntryPoint\",\"urlTemplate\":\"https:\\\/\\\/repliquemangacine.fr\\\/?s={search_term_string}\"},\"query-input\":{\"@type\":\"PropertyValueSpecification\",\"valueRequired\":true,\"valueName\":\"search_term_string\"}}],\"inLanguage\":\"es\"},{\"@type\":\"Organization\",\"@id\":\"https:\\\/\\\/repliquemangacine.fr\\\/#organization\",\"name\":\"R\u00e9plique Manga Cin\u00e9\",\"url\":\"https:\\\/\\\/repliquemangacine.fr\\\/\",\"logo\":{\"@type\":\"ImageObject\",\"inLanguage\":\"es\",\"@id\":\"https:\\\/\\\/repliquemangacine.fr\\\/#\\\/schema\\\/logo\\\/image\\\/\",\"url\":\"https:\\\/\\\/repliquemangacine.fr\\\/wp-content\\\/uploads\\\/2023\\\/10\\\/RMC-500250.png\",\"contentUrl\":\"https:\\\/\\\/repliquemangacine.fr\\\/wp-content\\\/uploads\\\/2023\\\/10\\\/RMC-500250.png\",\"width\":500,\"height\":250,\"caption\":\"R\u00e9plique Manga Cin\u00e9\"},\"image\":{\"@id\":\"https:\\\/\\\/repliquemangacine.fr\\\/#\\\/schema\\\/logo\\\/image\\\/\"},\"sameAs\":[\"https:\\\/\\\/www.facebook.com\\\/RepliqueMangaCine\",\"https:\\\/\\\/www.instagram.com\\\/repliquemangacine.fr\\\/\"]}]}<\/script>\n<!-- \/ Yoast SEO plugin. -->","yoast_head_json":{"title":"Pistola de percusi\u00f3n de bronce pirata - R\u00e9plique Manga Cin\u00e9","description":"Pistola de percusi\u00f3n pirata de bronce en madera y metal. R\u00e9plica decorativa, 37 cm. Ideal para colecciones, cosplay y decoraci\u00f3n pirata aut\u00e9ntica.","robots":{"index":"index","follow":"follow","max-snippet":"max-snippet:-1","max-image-preview":"max-image-preview:large","max-video-preview":"max-video-preview:-1"},"canonical":"https:\/\/repliquemangacine.fr\/es\/armas-piratas\/pistola-de-percusion-pirata-de-bronce\/","og_locale":"es_ES","og_type":"article","og_title":"Pistolet Percussion Pirate Bronze - R\u00e9plique Manga Cin\u00e9","og_description":"Pistolet percussion pirate bronze en bois et m\u00e9tal. R\u00e9plique d\u00e9corative 37 cm. Id\u00e9al collection, cosplay et d\u00e9cor pirate authentique.","og_url":"https:\/\/repliquemangacine.fr\/es\/armas-piratas\/pistola-de-percusion-pirata-de-bronce\/","og_site_name":"R\u00e9plique Manga Cin\u00e9","article_publisher":"https:\/\/www.facebook.com\/RepliqueMangaCine","article_modified_time":"2026-02-19T10:31:55+00:00","og_image":[{"width":700,"height":700,"url":"https:\/\/repliquemangacine.fr\/wp-content\/uploads\/2025\/11\/pistolet-pirate-bronze-laterale.jpg","type":"image\/jpeg"}],"twitter_card":"summary_large_image","twitter_misc":{"Tiempo de lectura":"3 minutos"},"schema":{"@context":"https:\/\/schema.org","@graph":[{"@type":"WebPage","@id":"https:\/\/repliquemangacine.fr\/armes-de-pirates\/pistolet-percussion-pirate-bronze\/","url":"https:\/\/repliquemangacine.fr\/armes-de-pirates\/pistolet-percussion-pirate-bronze\/","name":"Pistola de percusi\u00f3n de bronce pirata - R\u00e9plique Manga Cin\u00e9","isPartOf":{"@id":"https:\/\/repliquemangacine.fr\/#website"},"primaryImageOfPage":{"@id":"https:\/\/repliquemangacine.fr\/armes-de-pirates\/pistolet-percussion-pirate-bronze\/#primaryimage"},"image":{"@id":"https:\/\/repliquemangacine.fr\/armes-de-pirates\/pistolet-percussion-pirate-bronze\/#primaryimage"},"thumbnailUrl":"https:\/\/repliquemangacine.fr\/wp-content\/uploads\/2025\/11\/pistolet-pirate-bronze-laterale.jpg","datePublished":"2025-11-07T13:27:22+00:00","dateModified":"2026-02-19T10:31:55+00:00","description":"Pistola de percusi\u00f3n pirata de bronce en madera y metal. R\u00e9plica decorativa, 37 cm. Ideal para colecciones, cosplay y decoraci\u00f3n pirata aut\u00e9ntica.","breadcrumb":{"@id":"https:\/\/repliquemangacine.fr\/armes-de-pirates\/pistolet-percussion-pirate-bronze\/#breadcrumb"},"inLanguage":"es","potentialAction":[{"@type":"ReadAction","target":["https:\/\/repliquemangacine.fr\/armes-de-pirates\/pistolet-percussion-pirate-bronze\/"]}]},{"@type":"ImageObject","inLanguage":"es","@id":"https:\/\/repliquemangacine.fr\/armes-de-pirates\/pistolet-percussion-pirate-bronze\/#primaryimage","url":"https:\/\/repliquemangacine.fr\/wp-content\/uploads\/2025\/11\/pistolet-pirate-bronze-laterale.jpg","contentUrl":"https:\/\/repliquemangacine.fr\/wp-content\/uploads\/2025\/11\/pistolet-pirate-bronze-laterale.jpg","width":700,"height":700,"caption":"Pistolet Percussion Pirate Bronze"},{"@type":"BreadcrumbList","@id":"https:\/\/repliquemangacine.fr\/armes-de-pirates\/pistolet-percussion-pirate-bronze\/#breadcrumb","itemListElement":[{"@type":"ListItem","position":1,"name":"Accueil","item":"https:\/\/repliquemangacine.fr\/"},{"@type":"ListItem","position":2,"name":"Produits","item":"https:\/\/repliquemangacine.fr\/boutique\/"},{"@type":"ListItem","position":3,"name":"Pistolet Percussion Pirate Bronze"}]},{"@type":"WebSite","@id":"https:\/\/repliquemangacine.fr\/#website","url":"https:\/\/repliquemangacine.fr\/","name":"R\u00e9plique Manga Cin\u00e9","description":"","publisher":{"@id":"https:\/\/repliquemangacine.fr\/#organization"},"potentialAction":[{"@type":"SearchAction","target":{"@type":"EntryPoint","urlTemplate":"https:\/\/repliquemangacine.fr\/?s={search_term_string}"},"query-input":{"@type":"PropertyValueSpecification","valueRequired":true,"valueName":"search_term_string"}}],"inLanguage":"es"},{"@type":"Organization","@id":"https:\/\/repliquemangacine.fr\/#organization","name":"R\u00e9plique Manga Cin\u00e9","url":"https:\/\/repliquemangacine.fr\/","logo":{"@type":"ImageObject","inLanguage":"es","@id":"https:\/\/repliquemangacine.fr\/#\/schema\/logo\/image\/","url":"https:\/\/repliquemangacine.fr\/wp-content\/uploads\/2023\/10\/RMC-500250.png","contentUrl":"https:\/\/repliquemangacine.fr\/wp-content\/uploads\/2023\/10\/RMC-500250.png","width":500,"height":250,"caption":"R\u00e9plique Manga Cin\u00e9"},"image":{"@id":"https:\/\/repliquemangacine.fr\/#\/schema\/logo\/image\/"},"sameAs":["https:\/\/www.facebook.com\/RepliqueMangaCine","https:\/\/www.instagram.com\/repliquemangacine.fr\/"]}]}},"_links":{"self":[{"href":"https:\/\/repliquemangacine.fr\/es\/wp-json\/wp\/v2\/product\/90225","targetHints":{"allow":["GET"]}}],"collection":[{"href":"https:\/\/repliquemangacine.fr\/es\/wp-json\/wp\/v2\/product"}],"about":[{"href":"https:\/\/repliquemangacine.fr\/es\/wp-json\/wp\/v2\/types\/product"}],"wp:featuredmedia":[{"embeddable":true,"href":"https:\/\/repliquemangacine.fr\/es\/wp-json\/wp\/v2\/media\/90232"}],"wp:attachment":[{"href":"https:\/\/repliquemangacine.fr\/es\/wp-json\/wp\/v2\/media?parent=90225"}],"wp:term":[{"taxonomy":"product_brand","embeddable":true,"href":"https:\/\/repliquemangacine.fr\/es\/wp-json\/wp\/v2\/product_brand?post=90225"},{"taxonomy":"product_cat","embeddable":true,"href":"https:\/\/repliquemangacine.fr\/es\/wp-json\/wp\/v2\/product_cat?post=90225"},{"taxonomy":"product_tag","embeddable":true,"href":"https:\/\/repliquemangacine.fr\/es\/wp-json\/wp\/v2\/product_tag?post=90225"}],"curies":[{"name":"wp","href":"https:\/\/api.w.org\/{rel}","templated":true}]}}