





{"id":90211,"date":"2025-11-07T11:45:05","date_gmt":"2025-11-07T10:45:05","guid":{"rendered":"https:\/\/repliquemangacine.fr\/?post_type=product&#038;p=90211"},"modified":"2026-02-19T11:32:06","modified_gmt":"2026-02-19T10:32:06","slug":"pistola-de-percusion-pirata","status":"publish","type":"product","link":"https:\/\/repliquemangacine.fr\/es\/armes-de-pirates\/pistolet-a-percussion-pirate\/","title":{"rendered":"Pistola de percusi\u00f3n pirata"},"content":{"rendered":"<h2>Caracter\u00edsticas del arma pirata e inspiraci\u00f3n hist\u00f3rica<\/h2>\n<p>Esta pistola de percusi\u00f3n pirata <a href=\"https:\/\/www.denix.fr\/fr\/\" target=\"_blank\" rel=\"noopener noreferrer\">Denix<\/a> tiene un s\u00f3lido y elegante cuerpo de madera barnizada, importante para el aspecto aut\u00e9ntico que busca. Las piezas met\u00e1licas moldeadas ofrecen detalles precisos, reforzando la sensaci\u00f3n de objeto hist\u00f3rico elaborado con gran esmero. Su longitud total de 37 cent\u00edmetros lo hace c\u00f3modo de sostener, asegurando una presencia visual impactante en una estanter\u00eda tem\u00e1tica. Su peso de 629 gramos a\u00f1ade densidad, dando una impresi\u00f3n realista apreciada tanto por coleccionistas como por aficionados. Esta r\u00e9plica se inspira en las armas utilizadas por los piratas y corsarios que surcaban los mares en el siglo XVIII. Navegaban entre batallas navales, atrevidos abordajes y b\u00fasquedas de tesoros prohibidos. La pistola evoca claramente el mundo imaginario de los legendarios corsarios que dejaron su huella en los relatos mar\u00edtimos populares. De este modo, esta pieza decorativa se convierte en un homenaje visual a estos aventureros rebeldes. Est\u00e1 dirigida a los coleccionistas que buscan una reproducci\u00f3n cuidada, duradera y verdaderamente decorativa.<\/p>\n<h2>Importancia y particularidades de esta r\u00e9plica decorativa<\/h2>\n<p>Esta r\u00e9plica de pistola de percusi\u00f3n pirata tiene una importante dimensi\u00f3n narrativa, ya que evoca inmediatamente el mundo mar\u00edtimo lleno de historias atrevidas. Gracias a su construcci\u00f3n en madera y metal, conserva el aspecto de las antiguas armas utilizadas durante los abordajes hist\u00f3ricos. Como resultado, se convierte en un elemento decorativo ideal para crear una atm\u00f3sfera envolvente en un espacio dedicado a ello. Adem\u00e1s, la calidad del ensamblaje le confiere una fuerte presencia visual, realzando cada detalle tallado y acabado met\u00e1lico. El ca\u00f1\u00f3n atrae todas las miradas, estimulando la imaginaci\u00f3n en torno a \u00e9picas escenas de piratas. Adem\u00e1s, es un accesorio popular entre los entusiastas del cosplay que buscan un realismo fiable y consistente. La pieza tambi\u00e9n ofrece un valor simb\u00f3lico vinculado a la aventura, la libertad y la conquista mar\u00edtima. En resumen, su encanto reside en su autenticidad est\u00e9tica y su gran poder de evocaci\u00f3n. Esta r\u00e9plica cuenta una historia sin necesidad de palabras.<\/p>\n<h2>Otros art\u00edculos disponibles en R\u00e9pliqueMangaCin\u00e9<\/h2>\n<p>Finalmente el <strong>R\u00e9plicaMangaCine<\/strong>, Tambi\u00e9n encontrar\u00e1 una amplia selecci\u00f3n de armas decorativas inspiradas en muchos mundos famosos. Entre ellas, varias katanas de series manga ic\u00f3nicas atraer\u00e1n a los fans de la cultura japonesa y la est\u00e9tica guerrera. Encontrar\u00e1 espadas cuidadosamente seleccionadas inspiradas en One Piece, Naruto, Demon Slayer y Bleach. Adem\u00e1s, hay disponibles espadas de famosas pel\u00edculas y series de televisi\u00f3n, para complementar colecciones ya establecidas. Los fans de El Se\u00f1or de los Anillos, Juego de Tronos o Harry Potter encontrar\u00e1n magn\u00edficas piezas. Para los apasionados de la historia militar, las espadas, los escudos y las armas de recreaci\u00f3n son el complemento perfecto de las muestras decorativas. Tambi\u00e9n hay <a href=\"https:\/\/repliquemangacine.fr\/es\/armas-occidentales\/\">r\u00e9plicas occidentales<\/a> como potros y caballos de tiro, a\u00f1aden un aut\u00e9ntico toque del Lejano Oeste. As\u00ed que hay una rica variedad para satisfacer el mundo favorito de cada coleccionista. <strong>R\u00e9plicaMangaCine<\/strong> ofrece art\u00edculos elegidos con pasi\u00f3n y constante atenci\u00f3n al detalle.<\/p>","protected":false},"excerpt":{"rendered":"<p><strong>Especificaciones t\u00e9cnicas :<\/strong><\/p>\n<ul>\n<li>R\u00e9plica decorativa no funcional<\/li>\n<li>Cuerpo de madera barnizada<\/li>\n<li>Accesorios y barril de metal fundido<\/li>\n<li>Marca: Denix<\/li>\n<li>Perfecto para: decoraci\u00f3n, cosplay, coleccionismo y recreaci\u00f3n<\/li>\n<li>Longitud total: 37 cm<\/li>\n<li>Peso: 629 g<\/li>\n<\/ul>","protected":false},"featured_media":90214,"template":"","meta":[],"product_brand":[],"product_cat":[49,102,52,114,28],"product_tag":[],"class_list":{"0":"post-90211","1":"product","2":"type-product","3":"status-publish","4":"has-post-thumbnail","6":"product_cat-armes-de-pirates","7":"product_cat-denix","8":"product_cat-pistolet-ancien","9":"product_cat-pistolet-pirate","10":"product_cat-repliques-darmes","12":"first","13":"instock","14":"taxable","15":"shipping-taxable","16":"purchasable","17":"product-type-simple"},"yoast_head":"<!-- This site is optimized with the Yoast SEO plugin v27.4 - https:\/\/yoast.com\/product\/yoast-seo-wordpress\/ -->\n<title>Pistolet \u00e0 Percussion Pirate | R\u00e9plique Manga Cin\u00e9<\/title>\n<meta name=\"description\" content=\"R\u00e9plique de pistolet \u00e0 percussion pirate en bois et m\u00e9tal. Parfait pour d\u00e9coration, cosplay ou collection. Style historique XVIII\u1d49 authentique.\" \/>\n<meta name=\"robots\" content=\"index, follow, max-snippet:-1, max-image-preview:large, max-video-preview:-1\" \/>\n<link rel=\"canonical\" href=\"https:\/\/repliquemangacine.fr\/es\/armas-piratas\/pistola-de-percusion-pirata\/\" \/>\n<meta property=\"og:locale\" content=\"es_ES\" \/>\n<meta property=\"og:type\" content=\"article\" \/>\n<meta property=\"og:title\" content=\"Pistolet \u00e0 Percussion Pirate | R\u00e9plique Manga Cin\u00e9\" \/>\n<meta property=\"og:description\" content=\"R\u00e9plique de pistolet \u00e0 percussion pirate en bois et m\u00e9tal. Parfait pour d\u00e9coration, cosplay ou collection. Style historique XVIII\u1d49 authentique.\" \/>\n<meta property=\"og:url\" content=\"https:\/\/repliquemangacine.fr\/es\/armas-piratas\/pistola-de-percusion-pirata\/\" \/>\n<meta property=\"og:site_name\" content=\"R\u00e9plique Manga Cin\u00e9\" \/>\n<meta property=\"article:publisher\" content=\"https:\/\/www.facebook.com\/RepliqueMangaCine\" \/>\n<meta property=\"article:modified_time\" content=\"2026-02-19T10:32:06+00:00\" \/>\n<meta property=\"og:image\" content=\"https:\/\/repliquemangacine.fr\/wp-content\/uploads\/2025\/11\/1014g.jpg\" \/>\n\t<meta property=\"og:image:width\" content=\"700\" \/>\n\t<meta property=\"og:image:height\" content=\"700\" \/>\n\t<meta property=\"og:image:type\" content=\"image\/jpeg\" \/>\n<meta name=\"twitter:card\" content=\"summary_large_image\" \/>\n<meta name=\"twitter:label1\" content=\"Tiempo de lectura\" \/>\n\t<meta name=\"twitter:data1\" content=\"3 minutos\" \/>\n<script type=\"application\/ld+json\" class=\"yoast-schema-graph\">{\"@context\":\"https:\\\/\\\/schema.org\",\"@graph\":[{\"@type\":\"WebPage\",\"@id\":\"https:\\\/\\\/repliquemangacine.fr\\\/armes-de-pirates\\\/pistolet-a-percussion-pirate\\\/\",\"url\":\"https:\\\/\\\/repliquemangacine.fr\\\/armes-de-pirates\\\/pistolet-a-percussion-pirate\\\/\",\"name\":\"Pistolet \u00e0 Percussion Pirate | R\u00e9plique Manga Cin\u00e9\",\"isPartOf\":{\"@id\":\"https:\\\/\\\/repliquemangacine.fr\\\/#website\"},\"primaryImageOfPage\":{\"@id\":\"https:\\\/\\\/repliquemangacine.fr\\\/armes-de-pirates\\\/pistolet-a-percussion-pirate\\\/#primaryimage\"},\"image\":{\"@id\":\"https:\\\/\\\/repliquemangacine.fr\\\/armes-de-pirates\\\/pistolet-a-percussion-pirate\\\/#primaryimage\"},\"thumbnailUrl\":\"https:\\\/\\\/repliquemangacine.fr\\\/wp-content\\\/uploads\\\/2025\\\/11\\\/1014g.jpg\",\"datePublished\":\"2025-11-07T10:45:05+00:00\",\"dateModified\":\"2026-02-19T10:32:06+00:00\",\"description\":\"R\u00e9plique de pistolet \u00e0 percussion pirate en bois et m\u00e9tal. Parfait pour d\u00e9coration, cosplay ou collection. Style historique XVIII\u1d49 authentique.\",\"breadcrumb\":{\"@id\":\"https:\\\/\\\/repliquemangacine.fr\\\/armes-de-pirates\\\/pistolet-a-percussion-pirate\\\/#breadcrumb\"},\"inLanguage\":\"es\",\"potentialAction\":[{\"@type\":\"ReadAction\",\"target\":[\"https:\\\/\\\/repliquemangacine.fr\\\/armes-de-pirates\\\/pistolet-a-percussion-pirate\\\/\"]}]},{\"@type\":\"ImageObject\",\"inLanguage\":\"es\",\"@id\":\"https:\\\/\\\/repliquemangacine.fr\\\/armes-de-pirates\\\/pistolet-a-percussion-pirate\\\/#primaryimage\",\"url\":\"https:\\\/\\\/repliquemangacine.fr\\\/wp-content\\\/uploads\\\/2025\\\/11\\\/1014g.jpg\",\"contentUrl\":\"https:\\\/\\\/repliquemangacine.fr\\\/wp-content\\\/uploads\\\/2025\\\/11\\\/1014g.jpg\",\"width\":700,\"height\":700,\"caption\":\"Pistolet \u00e0 Percussion Pirate\"},{\"@type\":\"BreadcrumbList\",\"@id\":\"https:\\\/\\\/repliquemangacine.fr\\\/armes-de-pirates\\\/pistolet-a-percussion-pirate\\\/#breadcrumb\",\"itemListElement\":[{\"@type\":\"ListItem\",\"position\":1,\"name\":\"Accueil\",\"item\":\"https:\\\/\\\/repliquemangacine.fr\\\/\"},{\"@type\":\"ListItem\",\"position\":2,\"name\":\"Produits\",\"item\":\"https:\\\/\\\/repliquemangacine.fr\\\/boutique\\\/\"},{\"@type\":\"ListItem\",\"position\":3,\"name\":\"Pistolet \u00e0 Percussion Pirate\"}]},{\"@type\":\"WebSite\",\"@id\":\"https:\\\/\\\/repliquemangacine.fr\\\/#website\",\"url\":\"https:\\\/\\\/repliquemangacine.fr\\\/\",\"name\":\"R\u00e9plique Manga Cin\u00e9\",\"description\":\"\",\"publisher\":{\"@id\":\"https:\\\/\\\/repliquemangacine.fr\\\/#organization\"},\"potentialAction\":[{\"@type\":\"SearchAction\",\"target\":{\"@type\":\"EntryPoint\",\"urlTemplate\":\"https:\\\/\\\/repliquemangacine.fr\\\/?s={search_term_string}\"},\"query-input\":{\"@type\":\"PropertyValueSpecification\",\"valueRequired\":true,\"valueName\":\"search_term_string\"}}],\"inLanguage\":\"es\"},{\"@type\":\"Organization\",\"@id\":\"https:\\\/\\\/repliquemangacine.fr\\\/#organization\",\"name\":\"R\u00e9plique Manga Cin\u00e9\",\"url\":\"https:\\\/\\\/repliquemangacine.fr\\\/\",\"logo\":{\"@type\":\"ImageObject\",\"inLanguage\":\"es\",\"@id\":\"https:\\\/\\\/repliquemangacine.fr\\\/#\\\/schema\\\/logo\\\/image\\\/\",\"url\":\"https:\\\/\\\/repliquemangacine.fr\\\/wp-content\\\/uploads\\\/2023\\\/10\\\/RMC-500250.png\",\"contentUrl\":\"https:\\\/\\\/repliquemangacine.fr\\\/wp-content\\\/uploads\\\/2023\\\/10\\\/RMC-500250.png\",\"width\":500,\"height\":250,\"caption\":\"R\u00e9plique Manga Cin\u00e9\"},\"image\":{\"@id\":\"https:\\\/\\\/repliquemangacine.fr\\\/#\\\/schema\\\/logo\\\/image\\\/\"},\"sameAs\":[\"https:\\\/\\\/www.facebook.com\\\/RepliqueMangaCine\",\"https:\\\/\\\/www.instagram.com\\\/repliquemangacine.fr\\\/\"]}]}<\/script>\n<!-- \/ Yoast SEO plugin. -->","yoast_head_json":{"title":"Pistola de percusi\u00f3n pirata | R\u00e9plique Manga Cin\u00e9","description":"R\u00e9plica de pistola pirata de percusi\u00f3n en madera y metal. Perfecta para decoraci\u00f3n, cosplay o colecci\u00f3n. Aut\u00e9ntico estilo hist\u00f3rico del siglo XVIII.","robots":{"index":"index","follow":"follow","max-snippet":"max-snippet:-1","max-image-preview":"max-image-preview:large","max-video-preview":"max-video-preview:-1"},"canonical":"https:\/\/repliquemangacine.fr\/es\/armas-piratas\/pistola-de-percusion-pirata\/","og_locale":"es_ES","og_type":"article","og_title":"Pistolet \u00e0 Percussion Pirate | R\u00e9plique Manga Cin\u00e9","og_description":"R\u00e9plique de pistolet \u00e0 percussion pirate en bois et m\u00e9tal. Parfait pour d\u00e9coration, cosplay ou collection. Style historique XVIII\u1d49 authentique.","og_url":"https:\/\/repliquemangacine.fr\/es\/armas-piratas\/pistola-de-percusion-pirata\/","og_site_name":"R\u00e9plique Manga Cin\u00e9","article_publisher":"https:\/\/www.facebook.com\/RepliqueMangaCine","article_modified_time":"2026-02-19T10:32:06+00:00","og_image":[{"width":700,"height":700,"url":"https:\/\/repliquemangacine.fr\/wp-content\/uploads\/2025\/11\/1014g.jpg","type":"image\/jpeg"}],"twitter_card":"summary_large_image","twitter_misc":{"Tiempo de lectura":"3 minutos"},"schema":{"@context":"https:\/\/schema.org","@graph":[{"@type":"WebPage","@id":"https:\/\/repliquemangacine.fr\/armes-de-pirates\/pistolet-a-percussion-pirate\/","url":"https:\/\/repliquemangacine.fr\/armes-de-pirates\/pistolet-a-percussion-pirate\/","name":"Pistola de percusi\u00f3n pirata | R\u00e9plique Manga Cin\u00e9","isPartOf":{"@id":"https:\/\/repliquemangacine.fr\/#website"},"primaryImageOfPage":{"@id":"https:\/\/repliquemangacine.fr\/armes-de-pirates\/pistolet-a-percussion-pirate\/#primaryimage"},"image":{"@id":"https:\/\/repliquemangacine.fr\/armes-de-pirates\/pistolet-a-percussion-pirate\/#primaryimage"},"thumbnailUrl":"https:\/\/repliquemangacine.fr\/wp-content\/uploads\/2025\/11\/1014g.jpg","datePublished":"2025-11-07T10:45:05+00:00","dateModified":"2026-02-19T10:32:06+00:00","description":"R\u00e9plica de pistola pirata de percusi\u00f3n en madera y metal. Perfecta para decoraci\u00f3n, cosplay o colecci\u00f3n. Aut\u00e9ntico estilo hist\u00f3rico del siglo XVIII.","breadcrumb":{"@id":"https:\/\/repliquemangacine.fr\/armes-de-pirates\/pistolet-a-percussion-pirate\/#breadcrumb"},"inLanguage":"es","potentialAction":[{"@type":"ReadAction","target":["https:\/\/repliquemangacine.fr\/armes-de-pirates\/pistolet-a-percussion-pirate\/"]}]},{"@type":"ImageObject","inLanguage":"es","@id":"https:\/\/repliquemangacine.fr\/armes-de-pirates\/pistolet-a-percussion-pirate\/#primaryimage","url":"https:\/\/repliquemangacine.fr\/wp-content\/uploads\/2025\/11\/1014g.jpg","contentUrl":"https:\/\/repliquemangacine.fr\/wp-content\/uploads\/2025\/11\/1014g.jpg","width":700,"height":700,"caption":"Pistolet \u00e0 Percussion Pirate"},{"@type":"BreadcrumbList","@id":"https:\/\/repliquemangacine.fr\/armes-de-pirates\/pistolet-a-percussion-pirate\/#breadcrumb","itemListElement":[{"@type":"ListItem","position":1,"name":"Accueil","item":"https:\/\/repliquemangacine.fr\/"},{"@type":"ListItem","position":2,"name":"Produits","item":"https:\/\/repliquemangacine.fr\/boutique\/"},{"@type":"ListItem","position":3,"name":"Pistolet \u00e0 Percussion Pirate"}]},{"@type":"WebSite","@id":"https:\/\/repliquemangacine.fr\/#website","url":"https:\/\/repliquemangacine.fr\/","name":"R\u00e9plique Manga Cin\u00e9","description":"","publisher":{"@id":"https:\/\/repliquemangacine.fr\/#organization"},"potentialAction":[{"@type":"SearchAction","target":{"@type":"EntryPoint","urlTemplate":"https:\/\/repliquemangacine.fr\/?s={search_term_string}"},"query-input":{"@type":"PropertyValueSpecification","valueRequired":true,"valueName":"search_term_string"}}],"inLanguage":"es"},{"@type":"Organization","@id":"https:\/\/repliquemangacine.fr\/#organization","name":"R\u00e9plique Manga Cin\u00e9","url":"https:\/\/repliquemangacine.fr\/","logo":{"@type":"ImageObject","inLanguage":"es","@id":"https:\/\/repliquemangacine.fr\/#\/schema\/logo\/image\/","url":"https:\/\/repliquemangacine.fr\/wp-content\/uploads\/2023\/10\/RMC-500250.png","contentUrl":"https:\/\/repliquemangacine.fr\/wp-content\/uploads\/2023\/10\/RMC-500250.png","width":500,"height":250,"caption":"R\u00e9plique Manga Cin\u00e9"},"image":{"@id":"https:\/\/repliquemangacine.fr\/#\/schema\/logo\/image\/"},"sameAs":["https:\/\/www.facebook.com\/RepliqueMangaCine","https:\/\/www.instagram.com\/repliquemangacine.fr\/"]}]}},"_links":{"self":[{"href":"https:\/\/repliquemangacine.fr\/es\/wp-json\/wp\/v2\/product\/90211","targetHints":{"allow":["GET"]}}],"collection":[{"href":"https:\/\/repliquemangacine.fr\/es\/wp-json\/wp\/v2\/product"}],"about":[{"href":"https:\/\/repliquemangacine.fr\/es\/wp-json\/wp\/v2\/types\/product"}],"wp:featuredmedia":[{"embeddable":true,"href":"https:\/\/repliquemangacine.fr\/es\/wp-json\/wp\/v2\/media\/90214"}],"wp:attachment":[{"href":"https:\/\/repliquemangacine.fr\/es\/wp-json\/wp\/v2\/media?parent=90211"}],"wp:term":[{"taxonomy":"product_brand","embeddable":true,"href":"https:\/\/repliquemangacine.fr\/es\/wp-json\/wp\/v2\/product_brand?post=90211"},{"taxonomy":"product_cat","embeddable":true,"href":"https:\/\/repliquemangacine.fr\/es\/wp-json\/wp\/v2\/product_cat?post=90211"},{"taxonomy":"product_tag","embeddable":true,"href":"https:\/\/repliquemangacine.fr\/es\/wp-json\/wp\/v2\/product_tag?post=90211"}],"curies":[{"name":"wp","href":"https:\/\/api.w.org\/{rel}","templated":true}]}}