





{"id":89995,"date":"2025-11-01T18:22:31","date_gmt":"2025-11-01T17:22:31","guid":{"rendered":"https:\/\/repliquemangacine.fr\/?post_type=product&#038;p=89995"},"modified":"2026-04-17T16:09:01","modified_gmt":"2026-04-17T14:09:01","slug":"lame-flamboyante-de-rellana-elden-ring-shadow-of-the-erdtree","status":"publish","type":"product","link":"https:\/\/repliquemangacine.fr\/es\/elden-ring\/lame-flamboyante-de-rellana-elden-ring-shadow-of-the-erdtree\/","title":{"rendered":"Blazing Blade of Rellana - Anillo Elden"},"content":{"rendered":"<h2>Blazing Blade of Rellana - Elden Ring (Shadow of the Erdtree)<\/h2>\n<p>Ante todo, la Hoja Flam\u00edgera de Rellana destaca por su brillo dorado te\u00f1ido de rojo, s\u00edmbolo del poder sagrado y ardiente. Forjada en acero inoxidable 440, presenta grabados n\u00edtidos que recuerdan los motivos solares y las llamas sagradas de la Orden. La empu\u00f1adura y el pomo son de acero envejecido para un acabado noble, con la p\u00e1tina de un arma que ha perdurado a lo largo de la historia. Con sus 106,5 cm de longitud, es un arma que se lleva o se exhibe con decisi\u00f3n. Se entrega con un soporte de pared de madera especialmente dise\u00f1ado con el logotipo de Elden Ring. Esto la convierte en el centro de atenci\u00f3n de cualquier colecci\u00f3n. Esta hoja no es s\u00f3lo bella. Habla de la fuerza viva, el calor ardiente y la convicci\u00f3n inquebrantable de una luchadora que sigue su camino hasta el final.<\/p>\n<h2>La Llama Sagrada de Rellana en Elden Ring<\/h2>\n<p>Para empezar, en <a href=\"https:\/\/eldenring.fandom.com\/wiki\/Elden_Ring\" target=\"_blank\" rel=\"noopener noreferrer\">Anillo Elden<\/a>Esta hoja representa el lado ardiente de Rellana. Canaliza la luz dorada que incendia el aire cuando cae sobre su oponente. Mientras que la Hoja Lunar es delicadeza, \u00e9sta es intensidad. Usar la Hoja Llameante es hacer valer una fuerza deslumbrante, impresionante, casi regia. Rellana lucha con aplomo, pero cuando desata la llama, la danza se convierte en un ardiente asalto. Esta arma es para esp\u00edritus decididos, para aquellos que prefieren enfrentarse en lugar de retroceder. No es brutalidad sin reflexi\u00f3n: es convicci\u00f3n, claridad y poder controlado.<\/p>\n<h2>Armas Elden Ring disponibles en R\u00e9plique Manga Cin\u00e9<\/h2>\n<p>Para completar su colecci\u00f3n de anillos Elden, tambi\u00e9n ofrecemos otras r\u00e9plicas ic\u00f3nicas cuidadosamente seleccionadas. L'<a href=\"https:\/\/repliquemangacine.fr\/es\/anillo-elden\/anillo-elden-espada-juramento\/\">Espada del Juramento<\/a> El Anillo de Elden, la encarnaci\u00f3n perfecta del honor y la lealtad de los caballeros fieles a su causa. La Gran Espada, maciza e imponente, para los amantes de la fuerza bruta. El <a href=\"https:\/\/repliquemangacine.fr\/es\/anillo-elden\/anillo-rapiere-de-rogier-elden\/\">Estoque Rogier<\/a>una fiel recreaci\u00f3n del arma emblem\u00e1tica del famoso espadach\u00edn. Sin olvidar el <a href=\"https:\/\/repliquemangacine.fr\/es\/anillo-elden\/colmillo-sabueso-elden-anillo-espada\/\">Colmillo de sabueso<\/a>es sorprendentemente realista. La hoja curvada de acero presenta un efecto martillado en un magn\u00edfico color bronce, que recuerda fielmente al arma ic\u00f3nica del juego. Y, por supuesto, habr\u00e1 m\u00e1s novedades para a\u00f1adir a tu arsenal.<\/p>\n<p>&nbsp;<\/p>","protected":false},"excerpt":{"rendered":"<p>Una magn\u00edfica r\u00e9plica de Rellana's Blazing Blade de Elden Ring (Shadow of the Erdtree).<\/p>\n<ul>\n<li>Hoja de acero grabada y dorada<\/li>\n<li>Pomo de acero macizo con forma especial<\/li>\n<li>Asa de metal revestida de polipiel roja<\/li>\n<li>Empu\u00f1adura de acero envejecido finamente detallada. En la parte superior de la empu\u00f1adura hay dos serpientes.<\/li>\n<li>Se suministra con soporte de pared de madera con el nombre y el logotipo de Elden Ring.<\/li>\n<li>Longitud de la hoja: 7,5 cm - Longitud total: 106,5 cm<\/li>\n<li>Peso : 1395 gr<\/li>\n<\/ul>","protected":false},"featured_media":89996,"template":"","meta":[],"product_brand":[],"product_cat":[876],"product_tag":[904,901,898],"class_list":{"0":"post-89995","1":"product","2":"type-product","3":"status-publish","4":"has-post-thumbnail","6":"product_cat-elden-ring","7":"product_tag-elden-ring-cosplay-weapon","8":"product_tag-epee-elden-ring-decoration","9":"product_tag-lames-jumelles-elden-ring","11":"first","12":"instock","13":"taxable","14":"shipping-taxable","15":"purchasable","16":"product-type-simple"},"yoast_head":"<!-- This site is optimized with the Yoast SEO plugin v27.4 - https:\/\/yoast.com\/product\/yoast-seo-wordpress\/ -->\n<title>Lame Flamboyante de Rellana \u2013 Elden Ring - R\u00e9plique Manga Cin\u00e9<\/title>\n<meta name=\"description\" content=\"D\u00e9couvrez cette superbe Lame Flamboyante de Rellana dans Elden Ring (Shadow of the Erdtree). Lame acier avec gravure. Support mural avec logo. 106.5 cm\" \/>\n<meta name=\"robots\" content=\"index, follow, max-snippet:-1, max-image-preview:large, max-video-preview:-1\" \/>\n<link rel=\"canonical\" href=\"https:\/\/repliquemangacine.fr\/es\/anillo-elden\/lame-flamboyante-de-rellana-elden-ring-shadow-of-the-erdtree\/\" \/>\n<meta property=\"og:locale\" content=\"es_ES\" \/>\n<meta property=\"og:type\" content=\"article\" \/>\n<meta property=\"og:title\" content=\"Lame Flamboyante de Rellana \u2013 Elden Ring - R\u00e9plique Manga Cin\u00e9\" \/>\n<meta property=\"og:description\" content=\"D\u00e9couvrez cette superbe Lame Flamboyante de Rellana dans Elden Ring (Shadow of the Erdtree). Lame acier avec gravure. Support mural avec logo. 106.5 cm\" \/>\n<meta property=\"og:url\" content=\"https:\/\/repliquemangacine.fr\/es\/anillo-elden\/lame-flamboyante-de-rellana-elden-ring-shadow-of-the-erdtree\/\" \/>\n<meta property=\"og:site_name\" content=\"R\u00e9plique Manga Cin\u00e9\" \/>\n<meta property=\"article:publisher\" content=\"https:\/\/www.facebook.com\/RepliqueMangaCine\" \/>\n<meta property=\"article:modified_time\" content=\"2026-04-17T14:09:01+00:00\" \/>\n<meta property=\"og:image\" content=\"https:\/\/repliquemangacine.fr\/wp-content\/uploads\/2025\/11\/Lame-Flamboyante-de-Rellana-Lame-jumelle-Elden-Ring.jpg\" \/>\n\t<meta property=\"og:image:width\" content=\"700\" \/>\n\t<meta property=\"og:image:height\" content=\"700\" \/>\n\t<meta property=\"og:image:type\" content=\"image\/jpeg\" \/>\n<meta name=\"twitter:card\" content=\"summary_large_image\" \/>\n<meta name=\"twitter:label1\" content=\"Tiempo de lectura\" \/>\n\t<meta name=\"twitter:data1\" content=\"2 minutos\" \/>\n<script type=\"application\/ld+json\" class=\"yoast-schema-graph\">{\"@context\":\"https:\\\/\\\/schema.org\",\"@graph\":[{\"@type\":\"WebPage\",\"@id\":\"https:\\\/\\\/repliquemangacine.fr\\\/elden-ring\\\/lame-flamboyante-de-rellana-elden-ring-shadow-of-the-erdtree\\\/\",\"url\":\"https:\\\/\\\/repliquemangacine.fr\\\/elden-ring\\\/lame-flamboyante-de-rellana-elden-ring-shadow-of-the-erdtree\\\/\",\"name\":\"Lame Flamboyante de Rellana \u2013 Elden Ring - R\u00e9plique Manga Cin\u00e9\",\"isPartOf\":{\"@id\":\"https:\\\/\\\/repliquemangacine.fr\\\/#website\"},\"primaryImageOfPage\":{\"@id\":\"https:\\\/\\\/repliquemangacine.fr\\\/elden-ring\\\/lame-flamboyante-de-rellana-elden-ring-shadow-of-the-erdtree\\\/#primaryimage\"},\"image\":{\"@id\":\"https:\\\/\\\/repliquemangacine.fr\\\/elden-ring\\\/lame-flamboyante-de-rellana-elden-ring-shadow-of-the-erdtree\\\/#primaryimage\"},\"thumbnailUrl\":\"https:\\\/\\\/repliquemangacine.fr\\\/wp-content\\\/uploads\\\/2025\\\/11\\\/Lame-Flamboyante-de-Rellana-Lame-jumelle-Elden-Ring.jpg\",\"datePublished\":\"2025-11-01T17:22:31+00:00\",\"dateModified\":\"2026-04-17T14:09:01+00:00\",\"description\":\"D\u00e9couvrez cette superbe Lame Flamboyante de Rellana dans Elden Ring (Shadow of the Erdtree). Lame acier avec gravure. Support mural avec logo. 106.5 cm\",\"breadcrumb\":{\"@id\":\"https:\\\/\\\/repliquemangacine.fr\\\/elden-ring\\\/lame-flamboyante-de-rellana-elden-ring-shadow-of-the-erdtree\\\/#breadcrumb\"},\"inLanguage\":\"es\",\"potentialAction\":[{\"@type\":\"ReadAction\",\"target\":[\"https:\\\/\\\/repliquemangacine.fr\\\/elden-ring\\\/lame-flamboyante-de-rellana-elden-ring-shadow-of-the-erdtree\\\/\"]}]},{\"@type\":\"ImageObject\",\"inLanguage\":\"es\",\"@id\":\"https:\\\/\\\/repliquemangacine.fr\\\/elden-ring\\\/lame-flamboyante-de-rellana-elden-ring-shadow-of-the-erdtree\\\/#primaryimage\",\"url\":\"https:\\\/\\\/repliquemangacine.fr\\\/wp-content\\\/uploads\\\/2025\\\/11\\\/Lame-Flamboyante-de-Rellana-Lame-jumelle-Elden-Ring.jpg\",\"contentUrl\":\"https:\\\/\\\/repliquemangacine.fr\\\/wp-content\\\/uploads\\\/2025\\\/11\\\/Lame-Flamboyante-de-Rellana-Lame-jumelle-Elden-Ring.jpg\",\"width\":700,\"height\":700,\"caption\":\"Lame Flamboyante de Rellana- Elden Ring (Shadow of the Erdtree)\"},{\"@type\":\"BreadcrumbList\",\"@id\":\"https:\\\/\\\/repliquemangacine.fr\\\/elden-ring\\\/lame-flamboyante-de-rellana-elden-ring-shadow-of-the-erdtree\\\/#breadcrumb\",\"itemListElement\":[{\"@type\":\"ListItem\",\"position\":1,\"name\":\"Accueil\",\"item\":\"https:\\\/\\\/repliquemangacine.fr\\\/\"},{\"@type\":\"ListItem\",\"position\":2,\"name\":\"Produits\",\"item\":\"https:\\\/\\\/repliquemangacine.fr\\\/boutique\\\/\"},{\"@type\":\"ListItem\",\"position\":3,\"name\":\"Lame Flamboyante de Rellana \u2013 Elden Ring\"}]},{\"@type\":\"WebSite\",\"@id\":\"https:\\\/\\\/repliquemangacine.fr\\\/#website\",\"url\":\"https:\\\/\\\/repliquemangacine.fr\\\/\",\"name\":\"R\u00e9plique Manga Cin\u00e9\",\"description\":\"\",\"publisher\":{\"@id\":\"https:\\\/\\\/repliquemangacine.fr\\\/#organization\"},\"potentialAction\":[{\"@type\":\"SearchAction\",\"target\":{\"@type\":\"EntryPoint\",\"urlTemplate\":\"https:\\\/\\\/repliquemangacine.fr\\\/?s={search_term_string}\"},\"query-input\":{\"@type\":\"PropertyValueSpecification\",\"valueRequired\":true,\"valueName\":\"search_term_string\"}}],\"inLanguage\":\"es\"},{\"@type\":\"Organization\",\"@id\":\"https:\\\/\\\/repliquemangacine.fr\\\/#organization\",\"name\":\"R\u00e9plique Manga Cin\u00e9\",\"url\":\"https:\\\/\\\/repliquemangacine.fr\\\/\",\"logo\":{\"@type\":\"ImageObject\",\"inLanguage\":\"es\",\"@id\":\"https:\\\/\\\/repliquemangacine.fr\\\/#\\\/schema\\\/logo\\\/image\\\/\",\"url\":\"https:\\\/\\\/repliquemangacine.fr\\\/wp-content\\\/uploads\\\/2023\\\/10\\\/RMC-500250.png\",\"contentUrl\":\"https:\\\/\\\/repliquemangacine.fr\\\/wp-content\\\/uploads\\\/2023\\\/10\\\/RMC-500250.png\",\"width\":500,\"height\":250,\"caption\":\"R\u00e9plique Manga Cin\u00e9\"},\"image\":{\"@id\":\"https:\\\/\\\/repliquemangacine.fr\\\/#\\\/schema\\\/logo\\\/image\\\/\"},\"sameAs\":[\"https:\\\/\\\/www.facebook.com\\\/RepliqueMangaCine\",\"https:\\\/\\\/www.instagram.com\\\/repliquemangacine.fr\\\/\"]}]}<\/script>\n<!-- \/ Yoast SEO plugin. -->","yoast_head_json":{"title":"Blazing Blade of Rellana - Anillo Elden - R\u00e9plique Manga Cin\u00e9","description":"Descubre esta magn\u00edfica Blazing Blade de Rellana en Elden Ring (Shadow of the Erdtree). Hoja de acero con grabado. Soporte de pared con logotipo. 106,5 cm","robots":{"index":"index","follow":"follow","max-snippet":"max-snippet:-1","max-image-preview":"max-image-preview:large","max-video-preview":"max-video-preview:-1"},"canonical":"https:\/\/repliquemangacine.fr\/es\/anillo-elden\/lame-flamboyante-de-rellana-elden-ring-shadow-of-the-erdtree\/","og_locale":"es_ES","og_type":"article","og_title":"Lame Flamboyante de Rellana \u2013 Elden Ring - R\u00e9plique Manga Cin\u00e9","og_description":"D\u00e9couvrez cette superbe Lame Flamboyante de Rellana dans Elden Ring (Shadow of the Erdtree). Lame acier avec gravure. Support mural avec logo. 106.5 cm","og_url":"https:\/\/repliquemangacine.fr\/es\/anillo-elden\/lame-flamboyante-de-rellana-elden-ring-shadow-of-the-erdtree\/","og_site_name":"R\u00e9plique Manga Cin\u00e9","article_publisher":"https:\/\/www.facebook.com\/RepliqueMangaCine","article_modified_time":"2026-04-17T14:09:01+00:00","og_image":[{"width":700,"height":700,"url":"https:\/\/repliquemangacine.fr\/wp-content\/uploads\/2025\/11\/Lame-Flamboyante-de-Rellana-Lame-jumelle-Elden-Ring.jpg","type":"image\/jpeg"}],"twitter_card":"summary_large_image","twitter_misc":{"Tiempo de lectura":"2 minutos"},"schema":{"@context":"https:\/\/schema.org","@graph":[{"@type":"WebPage","@id":"https:\/\/repliquemangacine.fr\/elden-ring\/lame-flamboyante-de-rellana-elden-ring-shadow-of-the-erdtree\/","url":"https:\/\/repliquemangacine.fr\/elden-ring\/lame-flamboyante-de-rellana-elden-ring-shadow-of-the-erdtree\/","name":"Blazing Blade of Rellana - Anillo Elden - R\u00e9plique Manga Cin\u00e9","isPartOf":{"@id":"https:\/\/repliquemangacine.fr\/#website"},"primaryImageOfPage":{"@id":"https:\/\/repliquemangacine.fr\/elden-ring\/lame-flamboyante-de-rellana-elden-ring-shadow-of-the-erdtree\/#primaryimage"},"image":{"@id":"https:\/\/repliquemangacine.fr\/elden-ring\/lame-flamboyante-de-rellana-elden-ring-shadow-of-the-erdtree\/#primaryimage"},"thumbnailUrl":"https:\/\/repliquemangacine.fr\/wp-content\/uploads\/2025\/11\/Lame-Flamboyante-de-Rellana-Lame-jumelle-Elden-Ring.jpg","datePublished":"2025-11-01T17:22:31+00:00","dateModified":"2026-04-17T14:09:01+00:00","description":"Descubre esta magn\u00edfica Blazing Blade de Rellana en Elden Ring (Shadow of the Erdtree). Hoja de acero con grabado. Soporte de pared con logotipo. 106,5 cm","breadcrumb":{"@id":"https:\/\/repliquemangacine.fr\/elden-ring\/lame-flamboyante-de-rellana-elden-ring-shadow-of-the-erdtree\/#breadcrumb"},"inLanguage":"es","potentialAction":[{"@type":"ReadAction","target":["https:\/\/repliquemangacine.fr\/elden-ring\/lame-flamboyante-de-rellana-elden-ring-shadow-of-the-erdtree\/"]}]},{"@type":"ImageObject","inLanguage":"es","@id":"https:\/\/repliquemangacine.fr\/elden-ring\/lame-flamboyante-de-rellana-elden-ring-shadow-of-the-erdtree\/#primaryimage","url":"https:\/\/repliquemangacine.fr\/wp-content\/uploads\/2025\/11\/Lame-Flamboyante-de-Rellana-Lame-jumelle-Elden-Ring.jpg","contentUrl":"https:\/\/repliquemangacine.fr\/wp-content\/uploads\/2025\/11\/Lame-Flamboyante-de-Rellana-Lame-jumelle-Elden-Ring.jpg","width":700,"height":700,"caption":"Lame Flamboyante de Rellana- Elden Ring (Shadow of the Erdtree)"},{"@type":"BreadcrumbList","@id":"https:\/\/repliquemangacine.fr\/elden-ring\/lame-flamboyante-de-rellana-elden-ring-shadow-of-the-erdtree\/#breadcrumb","itemListElement":[{"@type":"ListItem","position":1,"name":"Accueil","item":"https:\/\/repliquemangacine.fr\/"},{"@type":"ListItem","position":2,"name":"Produits","item":"https:\/\/repliquemangacine.fr\/boutique\/"},{"@type":"ListItem","position":3,"name":"Lame Flamboyante de Rellana \u2013 Elden Ring"}]},{"@type":"WebSite","@id":"https:\/\/repliquemangacine.fr\/#website","url":"https:\/\/repliquemangacine.fr\/","name":"R\u00e9plique Manga Cin\u00e9","description":"","publisher":{"@id":"https:\/\/repliquemangacine.fr\/#organization"},"potentialAction":[{"@type":"SearchAction","target":{"@type":"EntryPoint","urlTemplate":"https:\/\/repliquemangacine.fr\/?s={search_term_string}"},"query-input":{"@type":"PropertyValueSpecification","valueRequired":true,"valueName":"search_term_string"}}],"inLanguage":"es"},{"@type":"Organization","@id":"https:\/\/repliquemangacine.fr\/#organization","name":"R\u00e9plique Manga Cin\u00e9","url":"https:\/\/repliquemangacine.fr\/","logo":{"@type":"ImageObject","inLanguage":"es","@id":"https:\/\/repliquemangacine.fr\/#\/schema\/logo\/image\/","url":"https:\/\/repliquemangacine.fr\/wp-content\/uploads\/2023\/10\/RMC-500250.png","contentUrl":"https:\/\/repliquemangacine.fr\/wp-content\/uploads\/2023\/10\/RMC-500250.png","width":500,"height":250,"caption":"R\u00e9plique Manga Cin\u00e9"},"image":{"@id":"https:\/\/repliquemangacine.fr\/#\/schema\/logo\/image\/"},"sameAs":["https:\/\/www.facebook.com\/RepliqueMangaCine","https:\/\/www.instagram.com\/repliquemangacine.fr\/"]}]}},"_links":{"self":[{"href":"https:\/\/repliquemangacine.fr\/es\/wp-json\/wp\/v2\/product\/89995","targetHints":{"allow":["GET"]}}],"collection":[{"href":"https:\/\/repliquemangacine.fr\/es\/wp-json\/wp\/v2\/product"}],"about":[{"href":"https:\/\/repliquemangacine.fr\/es\/wp-json\/wp\/v2\/types\/product"}],"wp:featuredmedia":[{"embeddable":true,"href":"https:\/\/repliquemangacine.fr\/es\/wp-json\/wp\/v2\/media\/89996"}],"wp:attachment":[{"href":"https:\/\/repliquemangacine.fr\/es\/wp-json\/wp\/v2\/media?parent=89995"}],"wp:term":[{"taxonomy":"product_brand","embeddable":true,"href":"https:\/\/repliquemangacine.fr\/es\/wp-json\/wp\/v2\/product_brand?post=89995"},{"taxonomy":"product_cat","embeddable":true,"href":"https:\/\/repliquemangacine.fr\/es\/wp-json\/wp\/v2\/product_cat?post=89995"},{"taxonomy":"product_tag","embeddable":true,"href":"https:\/\/repliquemangacine.fr\/es\/wp-json\/wp\/v2\/product_tag?post=89995"}],"curies":[{"name":"wp","href":"https:\/\/api.w.org\/{rel}","templated":true}]}}