





{"id":89986,"date":"2025-11-01T17:14:25","date_gmt":"2025-11-01T16:14:25","guid":{"rendered":"https:\/\/repliquemangacine.fr\/?post_type=product&#038;p=89986"},"modified":"2026-04-17T16:09:26","modified_gmt":"2026-04-17T14:09:26","slug":"lame-lunaire-de-rellana-elden-ring-shadow-of-the-erdtree","status":"publish","type":"product","link":"https:\/\/repliquemangacine.fr\/es\/elden-ring\/lame-lunaire-de-rellana-elden-ring-shadow-of-the-erdtree\/","title":{"rendered":"Cuchilla Lunar de Rellana-Anillo de los Ancianos"},"content":{"rendered":"<h2>Lunar Blade of Rellana - Anillo de los Eldes (Shadow of the Erdtree)<\/h2>\n<p>En primer lugar, la Hoja Lunar de Rellana, una pieza que llama inmediatamente la atenci\u00f3n. Su hoja cuidadosamente grabada evoca la magia helada de las noches eternas de Caria. Forjada en acero inoxidable 440, posee un brillo controlado que se mantiene fiel a la refinada est\u00e9tica vista en el mundo del juego. La empu\u00f1adura y el pomo, dise\u00f1ados en acero macizo envejecido, se han trabajado para darles un aspecto noble y aut\u00e9ntico. Con sus 107 cm, la hoja se adapta tanto a la mano como a la exposici\u00f3n. Se entrega con un elegante soporte de pared de madera especialmente decorado con el logotipo de Elden Ring para su exposici\u00f3n inmediata. Una espada que simboliza el misterio, el equilibrio y el conocimiento. Esta espada es una de las hojas gemelas de Rellana en la expansi\u00f3n.<\/p>\n<h2>Rellana y la magia lunar en Elden Ring<\/h2>\n<p>En Elden Ring, esta hoja representa la parte lunar de Rellana, el Caballero de las Dos Lunas. Encarna la <a href=\"https:\/\/eldenring.fandom.com\/wiki\/Carian_Sorcery\" target=\"_blank\" rel=\"noopener noreferrer\">MAGIA CARIANA<\/a>Se trata de un arma nacida de antiguas tradiciones en las que la erudici\u00f3n y la precisi\u00f3n se combinan con el arte del combate. De hecho, esta arma permite realizar ataques finos y danzados, a menudo imprevisibles. Cuando brilla con fuerza, el golpe se vuelve casi silencioso, como si la propia luna guiara el movimiento. La Hoja Lunar no es, por tanto, un arma tosca. Requiere delicadeza, inteligencia y anticipaci\u00f3n. Rellana no busca dominar por la fuerza, sino imponer una elegancia que desarme al adversario incluso antes de que la hoja llegue a \u00e9l. En conclusi\u00f3n, es un arma para los amantes de la belleza en la estrategia.<\/p>\n<h2>Ampl\u00ede su colecci\u00f3n de anillos Elden con R\u00e9plique Manga Cin\u00e9<\/h2>\n<p>Para los coleccionistas que deseen enriquecer su universo Elden Ring, R\u00e9plique Manga Cin\u00e9 ofrece otras r\u00e9plicas fieles. El imponente <a href=\"https:\/\/repliquemangacine.fr\/es\/anillo-elden\/luna-oscura-greatsword-metal-elden-ring\/\">Espada de la Luna Oscura<\/a> a escala 1:1 desprende una fascinante aura helada. Su hoja azulada y el grabado floral en relieve evocan la magia lunar del juego. Tambi\u00e9n est\u00e1 el<a href=\"https:\/\/repliquemangacine.fr\/es\/anillo-elden\/elden-ring-gran-espada-espada\/\">Espada espada<\/a> Elden Ring ofrece una potencia masiva inolvidable. Los aficionados a las armas elegantes apreciar\u00e1n el <a href=\"https:\/\/repliquemangacine.fr\/es\/anillo-elden\/katana-moonveil-en-anillo-elden\/\">Katana Moonveil<\/a>famoso por su trazo afilado y m\u00e1gico. Y esto es s\u00f3lo el principio. Pronto llegar\u00e1n otras piezas para forjar una colecci\u00f3n digna del m\u00e1s grande Ternis.<\/p>","protected":false},"excerpt":{"rendered":"<p>Magn\u00edfica r\u00e9plica de la Espada Lunar de Rellana de Elden Ring (Shadow of the Erdtree). Esta espada forma parte de una de las espadas gemelas de Rellana.<\/p>\n<ul>\n<li>Hoja de acero inoxidable 440 grabada<\/li>\n<li>Pomo de acero macizo con acabado envejecido y forma espec\u00edfica<\/li>\n<li>Mango de ABS moldeado en azul<\/li>\n<li>Guarda de acero macizo envejecido con perlas azules en el centro y en los extremos<\/li>\n<li>Se suministra con soporte de pared de madera con el logotipo y el nombre de Elden Ring<\/li>\n<li>Longitud de la hoja: 75 cm - Longitud total: 107 cm<\/li>\n<li>Peso : 1034 gr<\/li>\n<\/ul>","protected":false},"featured_media":89989,"template":"","meta":[],"product_brand":[],"product_cat":[876],"product_tag":[904,900,901,898,897,905,899,902,906,903],"class_list":{"0":"post-89986","1":"product","2":"type-product","3":"status-publish","4":"has-post-thumbnail","6":"product_cat-elden-ring","7":"product_tag-elden-ring-cosplay-weapon","8":"product_tag-epee-elden-ring-collection","9":"product_tag-epee-elden-ring-decoration","10":"product_tag-lames-jumelles-elden-ring","11":"product_tag-rellana-elden-ring","12":"product_tag-rellana-twin-moon-knight","13":"product_tag-rellanas-twin-blades","14":"product_tag-replique-elden-ring-acier","15":"product_tag-shadow-of-the-erdtree-weapon","16":"product_tag-sword-elden-ring-replica","18":"first","19":"instock","20":"taxable","21":"shipping-taxable","22":"purchasable","23":"product-type-simple"},"yoast_head":"<!-- This site is optimized with the Yoast SEO plugin v27.4 - https:\/\/yoast.com\/product\/yoast-seo-wordpress\/ -->\n<title>Lame Lunaire de Rellana-Elden Ring | R\u00e9plique Manga Cin\u00e9<\/title>\n<meta name=\"description\" content=\"Lame Lunaire de Rellana dans Elden Ring (Shadow of the Erdtree). Cette \u00e9p\u00e9e fait partie des Lames Jumelles. Lame acier 440 stainless grav\u00e9e. Support mural\" \/>\n<meta name=\"robots\" content=\"index, follow, max-snippet:-1, max-image-preview:large, max-video-preview:-1\" \/>\n<link rel=\"canonical\" href=\"https:\/\/repliquemangacine.fr\/es\/anillo-elden\/lame-lunaire-de-rellana-elden-ring-shadow-of-the-erdtree\/\" \/>\n<meta property=\"og:locale\" content=\"es_ES\" \/>\n<meta property=\"og:type\" content=\"article\" \/>\n<meta property=\"og:title\" content=\"Lame Lunaire de Rellana-Elden Ring | R\u00e9plique Manga Cin\u00e9\" \/>\n<meta property=\"og:description\" content=\"Lame Lunaire de Rellana dans Elden Ring (Shadow of the Erdtree). Cette \u00e9p\u00e9e fait partie des Lames Jumelles. Lame acier 440 stainless grav\u00e9e. Support mural\" \/>\n<meta property=\"og:url\" content=\"https:\/\/repliquemangacine.fr\/es\/anillo-elden\/lame-lunaire-de-rellana-elden-ring-shadow-of-the-erdtree\/\" \/>\n<meta property=\"og:site_name\" content=\"R\u00e9plique Manga Cin\u00e9\" \/>\n<meta property=\"article:publisher\" content=\"https:\/\/www.facebook.com\/RepliqueMangaCine\" \/>\n<meta property=\"article:modified_time\" content=\"2026-04-17T14:09:26+00:00\" \/>\n<meta property=\"og:image\" content=\"https:\/\/repliquemangacine.fr\/wp-content\/uploads\/2025\/11\/Lame-Lunaire-de-Rellana.jpg\" \/>\n\t<meta property=\"og:image:width\" content=\"700\" \/>\n\t<meta property=\"og:image:height\" content=\"700\" \/>\n\t<meta property=\"og:image:type\" content=\"image\/jpeg\" \/>\n<meta name=\"twitter:card\" content=\"summary_large_image\" \/>\n<meta name=\"twitter:label1\" content=\"Tiempo de lectura\" \/>\n\t<meta name=\"twitter:data1\" content=\"3 minutos\" \/>\n<script type=\"application\/ld+json\" class=\"yoast-schema-graph\">{\"@context\":\"https:\\\/\\\/schema.org\",\"@graph\":[{\"@type\":\"WebPage\",\"@id\":\"https:\\\/\\\/repliquemangacine.fr\\\/elden-ring\\\/lame-lunaire-de-rellana-elden-ring-shadow-of-the-erdtree\\\/\",\"url\":\"https:\\\/\\\/repliquemangacine.fr\\\/elden-ring\\\/lame-lunaire-de-rellana-elden-ring-shadow-of-the-erdtree\\\/\",\"name\":\"Lame Lunaire de Rellana-Elden Ring | R\u00e9plique Manga Cin\u00e9\",\"isPartOf\":{\"@id\":\"https:\\\/\\\/repliquemangacine.fr\\\/#website\"},\"primaryImageOfPage\":{\"@id\":\"https:\\\/\\\/repliquemangacine.fr\\\/elden-ring\\\/lame-lunaire-de-rellana-elden-ring-shadow-of-the-erdtree\\\/#primaryimage\"},\"image\":{\"@id\":\"https:\\\/\\\/repliquemangacine.fr\\\/elden-ring\\\/lame-lunaire-de-rellana-elden-ring-shadow-of-the-erdtree\\\/#primaryimage\"},\"thumbnailUrl\":\"https:\\\/\\\/repliquemangacine.fr\\\/wp-content\\\/uploads\\\/2025\\\/11\\\/Lame-Lunaire-de-Rellana.jpg\",\"datePublished\":\"2025-11-01T16:14:25+00:00\",\"dateModified\":\"2026-04-17T14:09:26+00:00\",\"description\":\"Lame Lunaire de Rellana dans Elden Ring (Shadow of the Erdtree). Cette \u00e9p\u00e9e fait partie des Lames Jumelles. Lame acier 440 stainless grav\u00e9e. Support mural\",\"breadcrumb\":{\"@id\":\"https:\\\/\\\/repliquemangacine.fr\\\/elden-ring\\\/lame-lunaire-de-rellana-elden-ring-shadow-of-the-erdtree\\\/#breadcrumb\"},\"inLanguage\":\"es\",\"potentialAction\":[{\"@type\":\"ReadAction\",\"target\":[\"https:\\\/\\\/repliquemangacine.fr\\\/elden-ring\\\/lame-lunaire-de-rellana-elden-ring-shadow-of-the-erdtree\\\/\"]}]},{\"@type\":\"ImageObject\",\"inLanguage\":\"es\",\"@id\":\"https:\\\/\\\/repliquemangacine.fr\\\/elden-ring\\\/lame-lunaire-de-rellana-elden-ring-shadow-of-the-erdtree\\\/#primaryimage\",\"url\":\"https:\\\/\\\/repliquemangacine.fr\\\/wp-content\\\/uploads\\\/2025\\\/11\\\/Lame-Lunaire-de-Rellana.jpg\",\"contentUrl\":\"https:\\\/\\\/repliquemangacine.fr\\\/wp-content\\\/uploads\\\/2025\\\/11\\\/Lame-Lunaire-de-Rellana.jpg\",\"width\":700,\"height\":700,\"caption\":\"Lame Lunaire de Rellana dans Elden Ring\"},{\"@type\":\"BreadcrumbList\",\"@id\":\"https:\\\/\\\/repliquemangacine.fr\\\/elden-ring\\\/lame-lunaire-de-rellana-elden-ring-shadow-of-the-erdtree\\\/#breadcrumb\",\"itemListElement\":[{\"@type\":\"ListItem\",\"position\":1,\"name\":\"Accueil\",\"item\":\"https:\\\/\\\/repliquemangacine.fr\\\/\"},{\"@type\":\"ListItem\",\"position\":2,\"name\":\"Produits\",\"item\":\"https:\\\/\\\/repliquemangacine.fr\\\/boutique\\\/\"},{\"@type\":\"ListItem\",\"position\":3,\"name\":\"Lame Lunaire de Rellana-Elden Ring\"}]},{\"@type\":\"WebSite\",\"@id\":\"https:\\\/\\\/repliquemangacine.fr\\\/#website\",\"url\":\"https:\\\/\\\/repliquemangacine.fr\\\/\",\"name\":\"R\u00e9plique Manga Cin\u00e9\",\"description\":\"\",\"publisher\":{\"@id\":\"https:\\\/\\\/repliquemangacine.fr\\\/#organization\"},\"potentialAction\":[{\"@type\":\"SearchAction\",\"target\":{\"@type\":\"EntryPoint\",\"urlTemplate\":\"https:\\\/\\\/repliquemangacine.fr\\\/?s={search_term_string}\"},\"query-input\":{\"@type\":\"PropertyValueSpecification\",\"valueRequired\":true,\"valueName\":\"search_term_string\"}}],\"inLanguage\":\"es\"},{\"@type\":\"Organization\",\"@id\":\"https:\\\/\\\/repliquemangacine.fr\\\/#organization\",\"name\":\"R\u00e9plique Manga Cin\u00e9\",\"url\":\"https:\\\/\\\/repliquemangacine.fr\\\/\",\"logo\":{\"@type\":\"ImageObject\",\"inLanguage\":\"es\",\"@id\":\"https:\\\/\\\/repliquemangacine.fr\\\/#\\\/schema\\\/logo\\\/image\\\/\",\"url\":\"https:\\\/\\\/repliquemangacine.fr\\\/wp-content\\\/uploads\\\/2023\\\/10\\\/RMC-500250.png\",\"contentUrl\":\"https:\\\/\\\/repliquemangacine.fr\\\/wp-content\\\/uploads\\\/2023\\\/10\\\/RMC-500250.png\",\"width\":500,\"height\":250,\"caption\":\"R\u00e9plique Manga Cin\u00e9\"},\"image\":{\"@id\":\"https:\\\/\\\/repliquemangacine.fr\\\/#\\\/schema\\\/logo\\\/image\\\/\"},\"sameAs\":[\"https:\\\/\\\/www.facebook.com\\\/RepliqueMangaCine\",\"https:\\\/\\\/www.instagram.com\\\/repliquemangacine.fr\\\/\"]}]}<\/script>\n<!-- \/ Yoast SEO plugin. -->","yoast_head_json":{"title":"Cuchilla Lunar de Rellana-Anillo de los Ancianos | R\u00e9plique Manga Cin\u00e9","description":"Rellana's Moon Blade en Elden Ring (Shadow of the Erdtree). Esta espada es una de las Espadas Gemelas. Hoja de acero inoxidable 440 grabada. Soporte de pared","robots":{"index":"index","follow":"follow","max-snippet":"max-snippet:-1","max-image-preview":"max-image-preview:large","max-video-preview":"max-video-preview:-1"},"canonical":"https:\/\/repliquemangacine.fr\/es\/anillo-elden\/lame-lunaire-de-rellana-elden-ring-shadow-of-the-erdtree\/","og_locale":"es_ES","og_type":"article","og_title":"Lame Lunaire de Rellana-Elden Ring | R\u00e9plique Manga Cin\u00e9","og_description":"Lame Lunaire de Rellana dans Elden Ring (Shadow of the Erdtree). Cette \u00e9p\u00e9e fait partie des Lames Jumelles. Lame acier 440 stainless grav\u00e9e. Support mural","og_url":"https:\/\/repliquemangacine.fr\/es\/anillo-elden\/lame-lunaire-de-rellana-elden-ring-shadow-of-the-erdtree\/","og_site_name":"R\u00e9plique Manga Cin\u00e9","article_publisher":"https:\/\/www.facebook.com\/RepliqueMangaCine","article_modified_time":"2026-04-17T14:09:26+00:00","og_image":[{"width":700,"height":700,"url":"https:\/\/repliquemangacine.fr\/wp-content\/uploads\/2025\/11\/Lame-Lunaire-de-Rellana.jpg","type":"image\/jpeg"}],"twitter_card":"summary_large_image","twitter_misc":{"Tiempo de lectura":"3 minutos"},"schema":{"@context":"https:\/\/schema.org","@graph":[{"@type":"WebPage","@id":"https:\/\/repliquemangacine.fr\/elden-ring\/lame-lunaire-de-rellana-elden-ring-shadow-of-the-erdtree\/","url":"https:\/\/repliquemangacine.fr\/elden-ring\/lame-lunaire-de-rellana-elden-ring-shadow-of-the-erdtree\/","name":"Cuchilla Lunar de Rellana-Anillo de los Ancianos | R\u00e9plique Manga Cin\u00e9","isPartOf":{"@id":"https:\/\/repliquemangacine.fr\/#website"},"primaryImageOfPage":{"@id":"https:\/\/repliquemangacine.fr\/elden-ring\/lame-lunaire-de-rellana-elden-ring-shadow-of-the-erdtree\/#primaryimage"},"image":{"@id":"https:\/\/repliquemangacine.fr\/elden-ring\/lame-lunaire-de-rellana-elden-ring-shadow-of-the-erdtree\/#primaryimage"},"thumbnailUrl":"https:\/\/repliquemangacine.fr\/wp-content\/uploads\/2025\/11\/Lame-Lunaire-de-Rellana.jpg","datePublished":"2025-11-01T16:14:25+00:00","dateModified":"2026-04-17T14:09:26+00:00","description":"Rellana's Moon Blade en Elden Ring (Shadow of the Erdtree). Esta espada es una de las Espadas Gemelas. Hoja de acero inoxidable 440 grabada. Soporte de pared","breadcrumb":{"@id":"https:\/\/repliquemangacine.fr\/elden-ring\/lame-lunaire-de-rellana-elden-ring-shadow-of-the-erdtree\/#breadcrumb"},"inLanguage":"es","potentialAction":[{"@type":"ReadAction","target":["https:\/\/repliquemangacine.fr\/elden-ring\/lame-lunaire-de-rellana-elden-ring-shadow-of-the-erdtree\/"]}]},{"@type":"ImageObject","inLanguage":"es","@id":"https:\/\/repliquemangacine.fr\/elden-ring\/lame-lunaire-de-rellana-elden-ring-shadow-of-the-erdtree\/#primaryimage","url":"https:\/\/repliquemangacine.fr\/wp-content\/uploads\/2025\/11\/Lame-Lunaire-de-Rellana.jpg","contentUrl":"https:\/\/repliquemangacine.fr\/wp-content\/uploads\/2025\/11\/Lame-Lunaire-de-Rellana.jpg","width":700,"height":700,"caption":"Lame Lunaire de Rellana dans Elden Ring"},{"@type":"BreadcrumbList","@id":"https:\/\/repliquemangacine.fr\/elden-ring\/lame-lunaire-de-rellana-elden-ring-shadow-of-the-erdtree\/#breadcrumb","itemListElement":[{"@type":"ListItem","position":1,"name":"Accueil","item":"https:\/\/repliquemangacine.fr\/"},{"@type":"ListItem","position":2,"name":"Produits","item":"https:\/\/repliquemangacine.fr\/boutique\/"},{"@type":"ListItem","position":3,"name":"Lame Lunaire de Rellana-Elden Ring"}]},{"@type":"WebSite","@id":"https:\/\/repliquemangacine.fr\/#website","url":"https:\/\/repliquemangacine.fr\/","name":"R\u00e9plique Manga Cin\u00e9","description":"","publisher":{"@id":"https:\/\/repliquemangacine.fr\/#organization"},"potentialAction":[{"@type":"SearchAction","target":{"@type":"EntryPoint","urlTemplate":"https:\/\/repliquemangacine.fr\/?s={search_term_string}"},"query-input":{"@type":"PropertyValueSpecification","valueRequired":true,"valueName":"search_term_string"}}],"inLanguage":"es"},{"@type":"Organization","@id":"https:\/\/repliquemangacine.fr\/#organization","name":"R\u00e9plique Manga Cin\u00e9","url":"https:\/\/repliquemangacine.fr\/","logo":{"@type":"ImageObject","inLanguage":"es","@id":"https:\/\/repliquemangacine.fr\/#\/schema\/logo\/image\/","url":"https:\/\/repliquemangacine.fr\/wp-content\/uploads\/2023\/10\/RMC-500250.png","contentUrl":"https:\/\/repliquemangacine.fr\/wp-content\/uploads\/2023\/10\/RMC-500250.png","width":500,"height":250,"caption":"R\u00e9plique Manga Cin\u00e9"},"image":{"@id":"https:\/\/repliquemangacine.fr\/#\/schema\/logo\/image\/"},"sameAs":["https:\/\/www.facebook.com\/RepliqueMangaCine","https:\/\/www.instagram.com\/repliquemangacine.fr\/"]}]}},"_links":{"self":[{"href":"https:\/\/repliquemangacine.fr\/es\/wp-json\/wp\/v2\/product\/89986","targetHints":{"allow":["GET"]}}],"collection":[{"href":"https:\/\/repliquemangacine.fr\/es\/wp-json\/wp\/v2\/product"}],"about":[{"href":"https:\/\/repliquemangacine.fr\/es\/wp-json\/wp\/v2\/types\/product"}],"wp:featuredmedia":[{"embeddable":true,"href":"https:\/\/repliquemangacine.fr\/es\/wp-json\/wp\/v2\/media\/89989"}],"wp:attachment":[{"href":"https:\/\/repliquemangacine.fr\/es\/wp-json\/wp\/v2\/media?parent=89986"}],"wp:term":[{"taxonomy":"product_brand","embeddable":true,"href":"https:\/\/repliquemangacine.fr\/es\/wp-json\/wp\/v2\/product_brand?post=89986"},{"taxonomy":"product_cat","embeddable":true,"href":"https:\/\/repliquemangacine.fr\/es\/wp-json\/wp\/v2\/product_cat?post=89986"},{"taxonomy":"product_tag","embeddable":true,"href":"https:\/\/repliquemangacine.fr\/es\/wp-json\/wp\/v2\/product_tag?post=89986"}],"curies":[{"name":"wp","href":"https:\/\/api.w.org\/{rel}","templated":true}]}}