





{"id":89890,"date":"2025-10-30T10:31:56","date_gmt":"2025-10-30T09:31:56","guid":{"rendered":"https:\/\/repliquemangacine.fr\/?post_type=product&#038;p=89890"},"modified":"2026-02-19T11:33:47","modified_gmt":"2026-02-19T10:33:47","slug":"juego-macarronico-decorativo-rojo","status":"publish","type":"product","link":"https:\/\/repliquemangacine.fr\/es\/reproductions-d-armes-et-accessoires-medievales\/ensemble-maconnique-decoratif-rouge\/","title":{"rendered":"Set Mas\u00f3nico Decorativo Rojo"},"content":{"rendered":"<h2>Set mas\u00f3nico decorativo rojo: s\u00edmbolo y prestigio<\/h2>\n<p>En primer lugar, este Set Mas\u00f3nico Decorativo Rojo es para los apasionados de los s\u00edmbolos fuertes y la historia secreta. Para empezar, las dos espadas cruzadas son de metal con un acabado meticuloso, equilibrado y elegante. Sus hojas rectas evocan la rectitud moral y el deseo de cortar simb\u00f3licamente la ignorancia. Las guardas de metal dorado a\u00f1aden un toque de medido brillo. En el centro de la guarda, los s\u00edmbolos de la <a href=\"https:\/\/www.monarchiesetdynastiesdumonde.com\/pages\/actualites-des-monarchies-du-monde\/europe\/france\/quand-la-franc-maconnerie-etait-legitimiste-et-royaliste.html\" target=\"_blank\" rel=\"noopener noreferrer\">Francmasones<\/a> el cuadrado y el comp\u00e1s que rodean la letra \"G\". Las asas de terciopelo rojo a\u00f1aden una notable intensidad visual. El contraste es un di\u00e1logo entre fuerza, disciplina y pasi\u00f3n. Este tipo de pieza decorativa encontrar\u00e1 su lugar en las colecciones privadas de los entendidos.<\/p>\n<h2>Panel del Escudo Mas\u00f3nico: un conjunto de s\u00edmbolos fuertes<\/h2>\n<p>El panel en forma de escudo proporciona una presencia visual inmediata. Su color madera oscura evoca sobriedad, tradici\u00f3n y transmisi\u00f3n. En el centro, el medall\u00f3n decorativo llama la atenci\u00f3n. Presenta la escuadra y el comp\u00e1s alrededor de la letra \"G\", s\u00edmbolo de equilibrio, creaci\u00f3n y conocimiento interior. Los grabados alrededor refuerzan el significado inici\u00e1tico del conjunto. El ojo radiante de la parte superior recuerda la vigilancia, la b\u00fasqueda de la verdad y la elevaci\u00f3n del esp\u00edritu. Las dos columnas representan los cimientos del viaje, la puerta hacia una comprensi\u00f3n m\u00e1s amplia del mundo. Por \u00faltimo, el libro abierto en la parte inferior del panel evoca el conocimiento, el estudio y la profundizaci\u00f3n del pensamiento. As\u00ed pues, este escudo no es s\u00f3lo decorativo. Cuenta una historia, una b\u00fasqueda, un viaje. En resumen, confiere al objeto una rica dimensi\u00f3n simb\u00f3lica que encuentra naturalmente su lugar en la colecci\u00f3n de un aficionado.<\/p>\n<h2>Perfecto para colecci\u00f3n, decoraci\u00f3n y gabinete de curiosidades<\/h2>\n<p>Este conjunto mas\u00f3nico es un complemento natural para cualquier colecci\u00f3n, tanto si ya es rica como si est\u00e1 por desarrollar. Combina a la perfecci\u00f3n con otras piezas cargadas de historia, como el <a href=\"https:\/\/repliquemangacine.fr\/es\/replicas-de-armas-napoleon\/daga-de-coronacion-de-napoleon\/\">La daga de la coronaci\u00f3n de Napole\u00f3n<\/a> Modelo de 1809, s\u00edmbolo de ambici\u00f3n y destino imperial. Tambi\u00e9n se cas\u00f3 con la<a href=\"https:\/\/repliquemangacine.fr\/es\/espada-templaria-medieval\/excalibur-rey-arturo-espada-legendaria\/\">La legendaria espada del Rey Arturo, la Excalibur<\/a>Una visita obligada para los que sue\u00f1an con la caballer\u00eda y los mitos fundadores. Sin olvidar la r\u00e9plica del<a href=\"https:\/\/repliquemangacine.fr\/es\/saldos\/espada-de-san-mauricio-de-turin-siglo-xiii\/\">Espada San Mauricio de Tur\u00edn<\/a> del siglo XIII, elegante y sagrada, entregada con su vaina. De este modo, el signo mas\u00f3nico se convierte en un pilar visual, un punto de convergencia entre tradiciones, leyendas y poder simb\u00f3lico. Colocado en un sal\u00f3n, un despacho o una habitaci\u00f3n dedicada, capta la atenci\u00f3n, inspira curiosidad y cuenta una historia. Con este conjunto, no s\u00f3lo se decora una pared. Es una declaraci\u00f3n de identidad. En pocas palabras, estamos afirmando el gusto por el conocimiento, la transmisi\u00f3n y la elegancia atemporal.<\/p>","protected":false},"excerpt":{"rendered":"<p>Magn\u00edfico Conjunto Mas\u00f3nico Decorativo Rojo. Perfecto para colecciones, decoraci\u00f3n de interiores y ambientes ceremoniales refinados.<\/p>\n<ul>\n<li>Ambas espadas tienen una hoja de acero inoxidable 440.<\/li>\n<li>Empu\u00f1adura y pomo de acero dorado con s\u00edmbolos mas\u00f3nicos.<\/li>\n<li>Mango de acero recubierto de terciopelo rojo<\/li>\n<li>Escudo de madera con s\u00edmbolos mas\u00f3nicos.<\/li>\n<li>Escudo di\u00e1metro 16cm - Plato madera 40X30 cm<\/li>\n<li>Longitud de las hojas: 60 cm - Longitud total de las espadas: 76 cm<\/li>\n<\/ul>","protected":false},"featured_media":89892,"template":"","meta":[],"product_brand":[],"product_cat":[25,43],"product_tag":[],"class_list":{"0":"post-89890","1":"product","2":"type-product","3":"status-publish","4":"has-post-thumbnail","6":"product_cat-armes-historiques","7":"product_cat-reproductions-d-armes-et-accessoires-medievales","9":"first","10":"instock","11":"taxable","12":"shipping-taxable","13":"purchasable","14":"product-type-simple"},"yoast_head":"<!-- This site is optimized with the Yoast SEO plugin v27.4 - https:\/\/yoast.com\/product\/yoast-seo-wordpress\/ -->\n<title>Ensemble Ma\u00e7onnique D\u00e9coratif Rouge - R\u00e9plique Manga Cin\u00e9<\/title>\n<meta name=\"description\" content=\"Ensemble Ma\u00e7onnique D\u00e9coratif Rouge, avec deux \u00e9p\u00e9es crois\u00e9es et bouclier symbolique. Parfait pour collection, d\u00e9coration int\u00e9rieure.\" \/>\n<meta name=\"robots\" content=\"index, follow, max-snippet:-1, max-image-preview:large, max-video-preview:-1\" \/>\n<link rel=\"canonical\" href=\"https:\/\/repliquemangacine.fr\/es\/reproducciones-de-armas-y-accesorios-medievales\/juego-macarronico-decorativo-rojo\/\" \/>\n<meta property=\"og:locale\" content=\"es_ES\" \/>\n<meta property=\"og:type\" content=\"article\" \/>\n<meta property=\"og:title\" content=\"Ensemble Ma\u00e7onnique D\u00e9coratif Rouge - R\u00e9plique Manga Cin\u00e9\" \/>\n<meta property=\"og:description\" content=\"Ensemble Ma\u00e7onnique D\u00e9coratif Rouge, avec deux \u00e9p\u00e9es crois\u00e9es et bouclier symbolique. Parfait pour collection, d\u00e9coration int\u00e9rieure.\" \/>\n<meta property=\"og:url\" content=\"https:\/\/repliquemangacine.fr\/es\/reproducciones-de-armas-y-accesorios-medievales\/juego-macarronico-decorativo-rojo\/\" \/>\n<meta property=\"og:site_name\" content=\"R\u00e9plique Manga Cin\u00e9\" \/>\n<meta property=\"article:publisher\" content=\"https:\/\/www.facebook.com\/RepliqueMangaCine\" \/>\n<meta property=\"article:modified_time\" content=\"2026-02-19T10:33:47+00:00\" \/>\n<meta property=\"og:image\" content=\"https:\/\/repliquemangacine.fr\/wp-content\/uploads\/2025\/10\/Ensemble-Maconnique-Decoratif-Rouge.jpg\" \/>\n\t<meta property=\"og:image:width\" content=\"700\" \/>\n\t<meta property=\"og:image:height\" content=\"700\" \/>\n\t<meta property=\"og:image:type\" content=\"image\/jpeg\" \/>\n<meta name=\"twitter:card\" content=\"summary_large_image\" \/>\n<meta name=\"twitter:label1\" content=\"Tiempo de lectura\" \/>\n\t<meta name=\"twitter:data1\" content=\"3 minutos\" \/>\n<script type=\"application\/ld+json\" class=\"yoast-schema-graph\">{\"@context\":\"https:\\\/\\\/schema.org\",\"@graph\":[{\"@type\":\"WebPage\",\"@id\":\"https:\\\/\\\/repliquemangacine.fr\\\/reproductions-d-armes-et-accessoires-medievales\\\/ensemble-maconnique-decoratif-rouge\\\/\",\"url\":\"https:\\\/\\\/repliquemangacine.fr\\\/reproductions-d-armes-et-accessoires-medievales\\\/ensemble-maconnique-decoratif-rouge\\\/\",\"name\":\"Ensemble Ma\u00e7onnique D\u00e9coratif Rouge - R\u00e9plique Manga Cin\u00e9\",\"isPartOf\":{\"@id\":\"https:\\\/\\\/repliquemangacine.fr\\\/#website\"},\"primaryImageOfPage\":{\"@id\":\"https:\\\/\\\/repliquemangacine.fr\\\/reproductions-d-armes-et-accessoires-medievales\\\/ensemble-maconnique-decoratif-rouge\\\/#primaryimage\"},\"image\":{\"@id\":\"https:\\\/\\\/repliquemangacine.fr\\\/reproductions-d-armes-et-accessoires-medievales\\\/ensemble-maconnique-decoratif-rouge\\\/#primaryimage\"},\"thumbnailUrl\":\"https:\\\/\\\/repliquemangacine.fr\\\/wp-content\\\/uploads\\\/2025\\\/10\\\/Ensemble-Maconnique-Decoratif-Rouge.jpg\",\"datePublished\":\"2025-10-30T09:31:56+00:00\",\"dateModified\":\"2026-02-19T10:33:47+00:00\",\"description\":\"Ensemble Ma\u00e7onnique D\u00e9coratif Rouge, avec deux \u00e9p\u00e9es crois\u00e9es et bouclier symbolique. Parfait pour collection, d\u00e9coration int\u00e9rieure.\",\"breadcrumb\":{\"@id\":\"https:\\\/\\\/repliquemangacine.fr\\\/reproductions-d-armes-et-accessoires-medievales\\\/ensemble-maconnique-decoratif-rouge\\\/#breadcrumb\"},\"inLanguage\":\"es\",\"potentialAction\":[{\"@type\":\"ReadAction\",\"target\":[\"https:\\\/\\\/repliquemangacine.fr\\\/reproductions-d-armes-et-accessoires-medievales\\\/ensemble-maconnique-decoratif-rouge\\\/\"]}]},{\"@type\":\"ImageObject\",\"inLanguage\":\"es\",\"@id\":\"https:\\\/\\\/repliquemangacine.fr\\\/reproductions-d-armes-et-accessoires-medievales\\\/ensemble-maconnique-decoratif-rouge\\\/#primaryimage\",\"url\":\"https:\\\/\\\/repliquemangacine.fr\\\/wp-content\\\/uploads\\\/2025\\\/10\\\/Ensemble-Maconnique-Decoratif-Rouge.jpg\",\"contentUrl\":\"https:\\\/\\\/repliquemangacine.fr\\\/wp-content\\\/uploads\\\/2025\\\/10\\\/Ensemble-Maconnique-Decoratif-Rouge.jpg\",\"width\":700,\"height\":700,\"caption\":\"Ensemble Ma\u00e7onnique D\u00e9coratif Rouge\"},{\"@type\":\"BreadcrumbList\",\"@id\":\"https:\\\/\\\/repliquemangacine.fr\\\/reproductions-d-armes-et-accessoires-medievales\\\/ensemble-maconnique-decoratif-rouge\\\/#breadcrumb\",\"itemListElement\":[{\"@type\":\"ListItem\",\"position\":1,\"name\":\"Accueil\",\"item\":\"https:\\\/\\\/repliquemangacine.fr\\\/\"},{\"@type\":\"ListItem\",\"position\":2,\"name\":\"Produits\",\"item\":\"https:\\\/\\\/repliquemangacine.fr\\\/boutique\\\/\"},{\"@type\":\"ListItem\",\"position\":3,\"name\":\"Ensemble Ma\u00e7onnique D\u00e9coratif Rouge\"}]},{\"@type\":\"WebSite\",\"@id\":\"https:\\\/\\\/repliquemangacine.fr\\\/#website\",\"url\":\"https:\\\/\\\/repliquemangacine.fr\\\/\",\"name\":\"R\u00e9plique Manga Cin\u00e9\",\"description\":\"\",\"publisher\":{\"@id\":\"https:\\\/\\\/repliquemangacine.fr\\\/#organization\"},\"potentialAction\":[{\"@type\":\"SearchAction\",\"target\":{\"@type\":\"EntryPoint\",\"urlTemplate\":\"https:\\\/\\\/repliquemangacine.fr\\\/?s={search_term_string}\"},\"query-input\":{\"@type\":\"PropertyValueSpecification\",\"valueRequired\":true,\"valueName\":\"search_term_string\"}}],\"inLanguage\":\"es\"},{\"@type\":\"Organization\",\"@id\":\"https:\\\/\\\/repliquemangacine.fr\\\/#organization\",\"name\":\"R\u00e9plique Manga Cin\u00e9\",\"url\":\"https:\\\/\\\/repliquemangacine.fr\\\/\",\"logo\":{\"@type\":\"ImageObject\",\"inLanguage\":\"es\",\"@id\":\"https:\\\/\\\/repliquemangacine.fr\\\/#\\\/schema\\\/logo\\\/image\\\/\",\"url\":\"https:\\\/\\\/repliquemangacine.fr\\\/wp-content\\\/uploads\\\/2023\\\/10\\\/RMC-500250.png\",\"contentUrl\":\"https:\\\/\\\/repliquemangacine.fr\\\/wp-content\\\/uploads\\\/2023\\\/10\\\/RMC-500250.png\",\"width\":500,\"height\":250,\"caption\":\"R\u00e9plique Manga Cin\u00e9\"},\"image\":{\"@id\":\"https:\\\/\\\/repliquemangacine.fr\\\/#\\\/schema\\\/logo\\\/image\\\/\"},\"sameAs\":[\"https:\\\/\\\/www.facebook.com\\\/RepliqueMangaCine\",\"https:\\\/\\\/www.instagram.com\\\/repliquemangacine.fr\\\/\"]}]}<\/script>\n<!-- \/ Yoast SEO plugin. -->","yoast_head_json":{"title":"Set Mas\u00f3nico Decorativo Rojo - R\u00e9plique Manga Cin\u00e9","description":"Decorativo conjunto mas\u00f3nico rojo, con dos espadas cruzadas y escudo simb\u00f3lico. Perfecto para coleccionismo y decoraci\u00f3n de interiores.","robots":{"index":"index","follow":"follow","max-snippet":"max-snippet:-1","max-image-preview":"max-image-preview:large","max-video-preview":"max-video-preview:-1"},"canonical":"https:\/\/repliquemangacine.fr\/es\/reproducciones-de-armas-y-accesorios-medievales\/juego-macarronico-decorativo-rojo\/","og_locale":"es_ES","og_type":"article","og_title":"Ensemble Ma\u00e7onnique D\u00e9coratif Rouge - R\u00e9plique Manga Cin\u00e9","og_description":"Ensemble Ma\u00e7onnique D\u00e9coratif Rouge, avec deux \u00e9p\u00e9es crois\u00e9es et bouclier symbolique. Parfait pour collection, d\u00e9coration int\u00e9rieure.","og_url":"https:\/\/repliquemangacine.fr\/es\/reproducciones-de-armas-y-accesorios-medievales\/juego-macarronico-decorativo-rojo\/","og_site_name":"R\u00e9plique Manga Cin\u00e9","article_publisher":"https:\/\/www.facebook.com\/RepliqueMangaCine","article_modified_time":"2026-02-19T10:33:47+00:00","og_image":[{"width":700,"height":700,"url":"https:\/\/repliquemangacine.fr\/wp-content\/uploads\/2025\/10\/Ensemble-Maconnique-Decoratif-Rouge.jpg","type":"image\/jpeg"}],"twitter_card":"summary_large_image","twitter_misc":{"Tiempo de lectura":"3 minutos"},"schema":{"@context":"https:\/\/schema.org","@graph":[{"@type":"WebPage","@id":"https:\/\/repliquemangacine.fr\/reproductions-d-armes-et-accessoires-medievales\/ensemble-maconnique-decoratif-rouge\/","url":"https:\/\/repliquemangacine.fr\/reproductions-d-armes-et-accessoires-medievales\/ensemble-maconnique-decoratif-rouge\/","name":"Set Mas\u00f3nico Decorativo Rojo - R\u00e9plique Manga Cin\u00e9","isPartOf":{"@id":"https:\/\/repliquemangacine.fr\/#website"},"primaryImageOfPage":{"@id":"https:\/\/repliquemangacine.fr\/reproductions-d-armes-et-accessoires-medievales\/ensemble-maconnique-decoratif-rouge\/#primaryimage"},"image":{"@id":"https:\/\/repliquemangacine.fr\/reproductions-d-armes-et-accessoires-medievales\/ensemble-maconnique-decoratif-rouge\/#primaryimage"},"thumbnailUrl":"https:\/\/repliquemangacine.fr\/wp-content\/uploads\/2025\/10\/Ensemble-Maconnique-Decoratif-Rouge.jpg","datePublished":"2025-10-30T09:31:56+00:00","dateModified":"2026-02-19T10:33:47+00:00","description":"Decorativo conjunto mas\u00f3nico rojo, con dos espadas cruzadas y escudo simb\u00f3lico. Perfecto para coleccionismo y decoraci\u00f3n de interiores.","breadcrumb":{"@id":"https:\/\/repliquemangacine.fr\/reproductions-d-armes-et-accessoires-medievales\/ensemble-maconnique-decoratif-rouge\/#breadcrumb"},"inLanguage":"es","potentialAction":[{"@type":"ReadAction","target":["https:\/\/repliquemangacine.fr\/reproductions-d-armes-et-accessoires-medievales\/ensemble-maconnique-decoratif-rouge\/"]}]},{"@type":"ImageObject","inLanguage":"es","@id":"https:\/\/repliquemangacine.fr\/reproductions-d-armes-et-accessoires-medievales\/ensemble-maconnique-decoratif-rouge\/#primaryimage","url":"https:\/\/repliquemangacine.fr\/wp-content\/uploads\/2025\/10\/Ensemble-Maconnique-Decoratif-Rouge.jpg","contentUrl":"https:\/\/repliquemangacine.fr\/wp-content\/uploads\/2025\/10\/Ensemble-Maconnique-Decoratif-Rouge.jpg","width":700,"height":700,"caption":"Ensemble Ma\u00e7onnique D\u00e9coratif Rouge"},{"@type":"BreadcrumbList","@id":"https:\/\/repliquemangacine.fr\/reproductions-d-armes-et-accessoires-medievales\/ensemble-maconnique-decoratif-rouge\/#breadcrumb","itemListElement":[{"@type":"ListItem","position":1,"name":"Accueil","item":"https:\/\/repliquemangacine.fr\/"},{"@type":"ListItem","position":2,"name":"Produits","item":"https:\/\/repliquemangacine.fr\/boutique\/"},{"@type":"ListItem","position":3,"name":"Ensemble Ma\u00e7onnique D\u00e9coratif Rouge"}]},{"@type":"WebSite","@id":"https:\/\/repliquemangacine.fr\/#website","url":"https:\/\/repliquemangacine.fr\/","name":"R\u00e9plique Manga Cin\u00e9","description":"","publisher":{"@id":"https:\/\/repliquemangacine.fr\/#organization"},"potentialAction":[{"@type":"SearchAction","target":{"@type":"EntryPoint","urlTemplate":"https:\/\/repliquemangacine.fr\/?s={search_term_string}"},"query-input":{"@type":"PropertyValueSpecification","valueRequired":true,"valueName":"search_term_string"}}],"inLanguage":"es"},{"@type":"Organization","@id":"https:\/\/repliquemangacine.fr\/#organization","name":"R\u00e9plique Manga Cin\u00e9","url":"https:\/\/repliquemangacine.fr\/","logo":{"@type":"ImageObject","inLanguage":"es","@id":"https:\/\/repliquemangacine.fr\/#\/schema\/logo\/image\/","url":"https:\/\/repliquemangacine.fr\/wp-content\/uploads\/2023\/10\/RMC-500250.png","contentUrl":"https:\/\/repliquemangacine.fr\/wp-content\/uploads\/2023\/10\/RMC-500250.png","width":500,"height":250,"caption":"R\u00e9plique Manga Cin\u00e9"},"image":{"@id":"https:\/\/repliquemangacine.fr\/#\/schema\/logo\/image\/"},"sameAs":["https:\/\/www.facebook.com\/RepliqueMangaCine","https:\/\/www.instagram.com\/repliquemangacine.fr\/"]}]}},"_links":{"self":[{"href":"https:\/\/repliquemangacine.fr\/es\/wp-json\/wp\/v2\/product\/89890","targetHints":{"allow":["GET"]}}],"collection":[{"href":"https:\/\/repliquemangacine.fr\/es\/wp-json\/wp\/v2\/product"}],"about":[{"href":"https:\/\/repliquemangacine.fr\/es\/wp-json\/wp\/v2\/types\/product"}],"wp:featuredmedia":[{"embeddable":true,"href":"https:\/\/repliquemangacine.fr\/es\/wp-json\/wp\/v2\/media\/89892"}],"wp:attachment":[{"href":"https:\/\/repliquemangacine.fr\/es\/wp-json\/wp\/v2\/media?parent=89890"}],"wp:term":[{"taxonomy":"product_brand","embeddable":true,"href":"https:\/\/repliquemangacine.fr\/es\/wp-json\/wp\/v2\/product_brand?post=89890"},{"taxonomy":"product_cat","embeddable":true,"href":"https:\/\/repliquemangacine.fr\/es\/wp-json\/wp\/v2\/product_cat?post=89890"},{"taxonomy":"product_tag","embeddable":true,"href":"https:\/\/repliquemangacine.fr\/es\/wp-json\/wp\/v2\/product_tag?post=89890"}],"curies":[{"name":"wp","href":"https:\/\/api.w.org\/{rel}","templated":true}]}}