





{"id":89503,"date":"2025-10-17T17:12:47","date_gmt":"2025-10-17T15:12:47","guid":{"rendered":"https:\/\/repliquemangacine.fr\/?post_type=product&#038;p=89503"},"modified":"2026-02-19T11:41:33","modified_gmt":"2026-02-19T10:41:33","slug":"reina-roja-devil-may-cry-5","status":"publish","type":"product","link":"https:\/\/repliquemangacine.fr\/es\/devil-may-cry\/red-queen-devil-may-cry-5\/","title":{"rendered":"Reina Roja - Devil May Cry 5"},"content":{"rendered":"<h2>La espada de la Reina Roja: el arma m\u00edtica de Ner\u00f3n<\/h2>\n<p>Primero, la espada <strong>Reina Roja<\/strong>una r\u00e9plica excepcional sacada del juego Devil May Cry 5. Con sus 135,5 cm de potencia bruta y 102 cm de hoja de acero. Impresiona a primera vista. Su empu\u00f1adura roja y negra, mezcla de metal y ABS moldeado, le confiere un aspecto \u00fanico y agresivo. La guarda en forma de palanca, acentuada por los tubos de escape negros, recorre la hoja para darle un aspecto asombrosamente realista. Cada detalle ha sido cuidadosamente reproducido para capturar la firma visual de esta legendaria arma. La Reina Roja, un verdadero s\u00edmbolo de poder, capaz de encender el combate con cada movimiento. Se suministra con una base de exposici\u00f3n, y ocupar\u00e1 con orgullo su lugar en cualquier colecci\u00f3n dedicada a los h\u00e9roes de Capcom.<\/p>\n<h2>Nero - El cazador de demonios sobrealimentado<\/h2>\n<p>En primer lugar, <a href=\"https:\/\/devilmaycrydmc.fandom.com\/fr\/wiki\/Nero\" target=\"_blank\" rel=\"noopener noreferrer\">Nero<\/a>el joven protagonista de Devil May Cry 5, empu\u00f1a el <strong>Reina Roja<\/strong> con una potencia de fuego incomparable. Gracias a su sistema de \"revoluciones\" inspirado en las motos, puede sobrecargar la hoja y hacerla brillar, desatando ataques explosivos. Cada golpe se convierte en un espect\u00e1culo de fuego y metal, digno de un aut\u00e9ntico cazador de demonios. Nero lucha con pasi\u00f3n, rabia y determinaci\u00f3n, buscando demostrar su val\u00eda mientras domina el poder demon\u00edaco que arde en su interior. Su estilo de lucha, brutal y elegante a la vez, lo convierte en uno de los personajes m\u00e1s carism\u00e1ticos de la saga. Y Reina Roja es su extensi\u00f3n natural: r\u00e1pida, destructiva y llena de actitud.<\/p>\n<h2>Otras r\u00e9plicas de Devil May Cry en R\u00e9plique Manga Cin\u00e9<\/h2>\n<p>En R\u00e9plique Manga Cin\u00e9, la saga Devil May Cry est\u00e1 representada por una colecci\u00f3n \u00fanica de armas legendarias. Descubre las<a href=\"https:\/\/repliquemangacine.fr\/es\/el-diablo-puede-llorar\/daga-espada-roja-reina-nero-diablo-mi-grito\/\"> Daga espada de Ner\u00f3n<\/a>con su hoja decorada con arabescos demon\u00edacos. Descubra tambi\u00e9n la magistral <a href=\"https:\/\/repliquemangacine.fr\/es\/katana-y-espada-videojuego-otros-videojuegos\/devil-sword-epee-du-diable-de-dante-devil-my-cry\/\">Espada del Diablo de Dante<\/a>Fabricado en fibra de vidrio con una estructura interna de metal, pintado a mano para un acabado perfecto. Y para los que les gusta el estilo afilado, el <a href=\"https:\/\/repliquemangacine.fr\/es\/katana-y-espada-videojuego-otros-videojuegos\/katana-vergil-yamato-v2\/\">Katana Vergil Yamato<\/a>en su nueva versi\u00f3n de Devil May Cry 5. Tambi\u00e9n hay otros productos para completar esta colecci\u00f3n demon\u00edaca. Pronto se a\u00f1adir\u00e1n otros nuevos productos a la gama, que ofrecer\u00e1n a los fans las ic\u00f3nicas armas de los mayores cazadores de demonios del mundo.<\/p>","protected":false},"excerpt":{"rendered":"<p>R\u00e9plica absolutamente notable de la decoraci\u00f3n de la espada de la Reina Roja en Devil My Cry 5<\/p>\n<ul>\n<li>Hoja de acero inoxidable finamente decorada, sin filo<\/li>\n<li>Asa de metal con secci\u00f3n de ABS moldeado en rojo<\/li>\n<li>Protecci\u00f3n de la palanca del acelerador, como en el juego<\/li>\n<li>Tubos de escape ABS negros sujetos mediante remaches.<\/li>\n<li>Se entrega con soporte de presentaci\u00f3n de madera<\/li>\n<li>Longitud de la hoja: 102 cm - Longitud total: 136 cm<\/li>\n<li>Peso: 8.000 g<\/li>\n<\/ul>","protected":false},"featured_media":89509,"template":"","meta":[],"product_brand":[],"product_cat":[880],"product_tag":[],"class_list":{"0":"post-89503","1":"product","2":"type-product","3":"status-publish","4":"has-post-thumbnail","6":"product_cat-devil-may-cry","8":"first","9":"instock","10":"taxable","11":"shipping-taxable","12":"purchasable","13":"product-type-simple"},"yoast_head":"<!-- This site is optimized with the Yoast SEO plugin v27.4 - https:\/\/yoast.com\/product\/yoast-seo-wordpress\/ -->\n<title>Red Queen - Devil May Cry 5 - R\u00e9plique Manga Cin\u00e9<\/title>\n<meta name=\"description\" content=\"Ajoutez la l\u00e9gendaire Red Queen de Nero \u00e0 votre collection Devil May Cry 5. Lame en acier d\u00e9cor\u00e9e, poign\u00e9e d\u00e9taill\u00e9e et r\u00e9alisme exceptionnel. 136 cm\" \/>\n<meta name=\"robots\" content=\"index, follow, max-snippet:-1, max-image-preview:large, max-video-preview:-1\" \/>\n<link rel=\"canonical\" href=\"https:\/\/repliquemangacine.fr\/es\/el-diablo-puede-llorar\/reina-roja-devil-may-cry-5\/\" \/>\n<meta property=\"og:locale\" content=\"es_ES\" \/>\n<meta property=\"og:type\" content=\"article\" \/>\n<meta property=\"og:title\" content=\"Red Queen - Devil May Cry 5 - R\u00e9plique Manga Cin\u00e9\" \/>\n<meta property=\"og:description\" content=\"Ajoutez la l\u00e9gendaire Red Queen de Nero \u00e0 votre collection Devil May Cry 5. Lame en acier d\u00e9cor\u00e9e, poign\u00e9e d\u00e9taill\u00e9e et r\u00e9alisme exceptionnel. 136 cm\" \/>\n<meta property=\"og:url\" content=\"https:\/\/repliquemangacine.fr\/es\/el-diablo-puede-llorar\/reina-roja-devil-may-cry-5\/\" \/>\n<meta property=\"og:site_name\" content=\"R\u00e9plique Manga Cin\u00e9\" \/>\n<meta property=\"article:publisher\" content=\"https:\/\/www.facebook.com\/RepliqueMangaCine\" \/>\n<meta property=\"article:modified_time\" content=\"2026-02-19T10:41:33+00:00\" \/>\n<meta property=\"og:image\" content=\"https:\/\/repliquemangacine.fr\/wp-content\/uploads\/2025\/10\/Red-Queen-Devil-My-Cry-5.jpg\" \/>\n\t<meta property=\"og:image:width\" content=\"700\" \/>\n\t<meta property=\"og:image:height\" content=\"700\" \/>\n\t<meta property=\"og:image:type\" content=\"image\/jpeg\" \/>\n<meta name=\"twitter:card\" content=\"summary_large_image\" \/>\n<meta name=\"twitter:label1\" content=\"Tiempo de lectura\" \/>\n\t<meta name=\"twitter:data1\" content=\"3 minutos\" \/>\n<script type=\"application\/ld+json\" class=\"yoast-schema-graph\">{\"@context\":\"https:\\\/\\\/schema.org\",\"@graph\":[{\"@type\":\"WebPage\",\"@id\":\"https:\\\/\\\/repliquemangacine.fr\\\/devil-may-cry\\\/red-queen-devil-may-cry-5\\\/\",\"url\":\"https:\\\/\\\/repliquemangacine.fr\\\/devil-may-cry\\\/red-queen-devil-may-cry-5\\\/\",\"name\":\"Red Queen - Devil May Cry 5 - R\u00e9plique Manga Cin\u00e9\",\"isPartOf\":{\"@id\":\"https:\\\/\\\/repliquemangacine.fr\\\/#website\"},\"primaryImageOfPage\":{\"@id\":\"https:\\\/\\\/repliquemangacine.fr\\\/devil-may-cry\\\/red-queen-devil-may-cry-5\\\/#primaryimage\"},\"image\":{\"@id\":\"https:\\\/\\\/repliquemangacine.fr\\\/devil-may-cry\\\/red-queen-devil-may-cry-5\\\/#primaryimage\"},\"thumbnailUrl\":\"https:\\\/\\\/repliquemangacine.fr\\\/wp-content\\\/uploads\\\/2025\\\/10\\\/Red-Queen-Devil-My-Cry-5.jpg\",\"datePublished\":\"2025-10-17T15:12:47+00:00\",\"dateModified\":\"2026-02-19T10:41:33+00:00\",\"description\":\"Ajoutez la l\u00e9gendaire Red Queen de Nero \u00e0 votre collection Devil May Cry 5. Lame en acier d\u00e9cor\u00e9e, poign\u00e9e d\u00e9taill\u00e9e et r\u00e9alisme exceptionnel. 136 cm\",\"breadcrumb\":{\"@id\":\"https:\\\/\\\/repliquemangacine.fr\\\/devil-may-cry\\\/red-queen-devil-may-cry-5\\\/#breadcrumb\"},\"inLanguage\":\"es\",\"potentialAction\":[{\"@type\":\"ReadAction\",\"target\":[\"https:\\\/\\\/repliquemangacine.fr\\\/devil-may-cry\\\/red-queen-devil-may-cry-5\\\/\"]}]},{\"@type\":\"ImageObject\",\"inLanguage\":\"es\",\"@id\":\"https:\\\/\\\/repliquemangacine.fr\\\/devil-may-cry\\\/red-queen-devil-may-cry-5\\\/#primaryimage\",\"url\":\"https:\\\/\\\/repliquemangacine.fr\\\/wp-content\\\/uploads\\\/2025\\\/10\\\/Red-Queen-Devil-My-Cry-5.jpg\",\"contentUrl\":\"https:\\\/\\\/repliquemangacine.fr\\\/wp-content\\\/uploads\\\/2025\\\/10\\\/Red-Queen-Devil-My-Cry-5.jpg\",\"width\":700,\"height\":700,\"caption\":\"Red Queen Devil My Cry 5\"},{\"@type\":\"BreadcrumbList\",\"@id\":\"https:\\\/\\\/repliquemangacine.fr\\\/devil-may-cry\\\/red-queen-devil-may-cry-5\\\/#breadcrumb\",\"itemListElement\":[{\"@type\":\"ListItem\",\"position\":1,\"name\":\"Accueil\",\"item\":\"https:\\\/\\\/repliquemangacine.fr\\\/\"},{\"@type\":\"ListItem\",\"position\":2,\"name\":\"Produits\",\"item\":\"https:\\\/\\\/repliquemangacine.fr\\\/boutique\\\/\"},{\"@type\":\"ListItem\",\"position\":3,\"name\":\"Red Queen &#8211; Devil May Cry 5\"}]},{\"@type\":\"WebSite\",\"@id\":\"https:\\\/\\\/repliquemangacine.fr\\\/#website\",\"url\":\"https:\\\/\\\/repliquemangacine.fr\\\/\",\"name\":\"R\u00e9plique Manga Cin\u00e9\",\"description\":\"\",\"publisher\":{\"@id\":\"https:\\\/\\\/repliquemangacine.fr\\\/#organization\"},\"potentialAction\":[{\"@type\":\"SearchAction\",\"target\":{\"@type\":\"EntryPoint\",\"urlTemplate\":\"https:\\\/\\\/repliquemangacine.fr\\\/?s={search_term_string}\"},\"query-input\":{\"@type\":\"PropertyValueSpecification\",\"valueRequired\":true,\"valueName\":\"search_term_string\"}}],\"inLanguage\":\"es\"},{\"@type\":\"Organization\",\"@id\":\"https:\\\/\\\/repliquemangacine.fr\\\/#organization\",\"name\":\"R\u00e9plique Manga Cin\u00e9\",\"url\":\"https:\\\/\\\/repliquemangacine.fr\\\/\",\"logo\":{\"@type\":\"ImageObject\",\"inLanguage\":\"es\",\"@id\":\"https:\\\/\\\/repliquemangacine.fr\\\/#\\\/schema\\\/logo\\\/image\\\/\",\"url\":\"https:\\\/\\\/repliquemangacine.fr\\\/wp-content\\\/uploads\\\/2023\\\/10\\\/RMC-500250.png\",\"contentUrl\":\"https:\\\/\\\/repliquemangacine.fr\\\/wp-content\\\/uploads\\\/2023\\\/10\\\/RMC-500250.png\",\"width\":500,\"height\":250,\"caption\":\"R\u00e9plique Manga Cin\u00e9\"},\"image\":{\"@id\":\"https:\\\/\\\/repliquemangacine.fr\\\/#\\\/schema\\\/logo\\\/image\\\/\"},\"sameAs\":[\"https:\\\/\\\/www.facebook.com\\\/RepliqueMangaCine\",\"https:\\\/\\\/www.instagram.com\\\/repliquemangacine.fr\\\/\"]}]}<\/script>\n<!-- \/ Yoast SEO plugin. -->","yoast_head_json":{"title":"Reina Roja - Devil May Cry 5 - R\u00e9plique Manga Cin\u00e9","description":"A\u00f1ade la legendaria Reina Roja de Nero a tu colecci\u00f3n de Devil May Cry 5. Hoja de acero decorada, empu\u00f1adura detallada y un realismo excepcional. 136 cm de longitud","robots":{"index":"index","follow":"follow","max-snippet":"max-snippet:-1","max-image-preview":"max-image-preview:large","max-video-preview":"max-video-preview:-1"},"canonical":"https:\/\/repliquemangacine.fr\/es\/el-diablo-puede-llorar\/reina-roja-devil-may-cry-5\/","og_locale":"es_ES","og_type":"article","og_title":"Red Queen - Devil May Cry 5 - R\u00e9plique Manga Cin\u00e9","og_description":"Ajoutez la l\u00e9gendaire Red Queen de Nero \u00e0 votre collection Devil May Cry 5. Lame en acier d\u00e9cor\u00e9e, poign\u00e9e d\u00e9taill\u00e9e et r\u00e9alisme exceptionnel. 136 cm","og_url":"https:\/\/repliquemangacine.fr\/es\/el-diablo-puede-llorar\/reina-roja-devil-may-cry-5\/","og_site_name":"R\u00e9plique Manga Cin\u00e9","article_publisher":"https:\/\/www.facebook.com\/RepliqueMangaCine","article_modified_time":"2026-02-19T10:41:33+00:00","og_image":[{"width":700,"height":700,"url":"https:\/\/repliquemangacine.fr\/wp-content\/uploads\/2025\/10\/Red-Queen-Devil-My-Cry-5.jpg","type":"image\/jpeg"}],"twitter_card":"summary_large_image","twitter_misc":{"Tiempo de lectura":"3 minutos"},"schema":{"@context":"https:\/\/schema.org","@graph":[{"@type":"WebPage","@id":"https:\/\/repliquemangacine.fr\/devil-may-cry\/red-queen-devil-may-cry-5\/","url":"https:\/\/repliquemangacine.fr\/devil-may-cry\/red-queen-devil-may-cry-5\/","name":"Reina Roja - Devil May Cry 5 - R\u00e9plique Manga Cin\u00e9","isPartOf":{"@id":"https:\/\/repliquemangacine.fr\/#website"},"primaryImageOfPage":{"@id":"https:\/\/repliquemangacine.fr\/devil-may-cry\/red-queen-devil-may-cry-5\/#primaryimage"},"image":{"@id":"https:\/\/repliquemangacine.fr\/devil-may-cry\/red-queen-devil-may-cry-5\/#primaryimage"},"thumbnailUrl":"https:\/\/repliquemangacine.fr\/wp-content\/uploads\/2025\/10\/Red-Queen-Devil-My-Cry-5.jpg","datePublished":"2025-10-17T15:12:47+00:00","dateModified":"2026-02-19T10:41:33+00:00","description":"A\u00f1ade la legendaria Reina Roja de Nero a tu colecci\u00f3n de Devil May Cry 5. Hoja de acero decorada, empu\u00f1adura detallada y un realismo excepcional. 136 cm de longitud","breadcrumb":{"@id":"https:\/\/repliquemangacine.fr\/devil-may-cry\/red-queen-devil-may-cry-5\/#breadcrumb"},"inLanguage":"es","potentialAction":[{"@type":"ReadAction","target":["https:\/\/repliquemangacine.fr\/devil-may-cry\/red-queen-devil-may-cry-5\/"]}]},{"@type":"ImageObject","inLanguage":"es","@id":"https:\/\/repliquemangacine.fr\/devil-may-cry\/red-queen-devil-may-cry-5\/#primaryimage","url":"https:\/\/repliquemangacine.fr\/wp-content\/uploads\/2025\/10\/Red-Queen-Devil-My-Cry-5.jpg","contentUrl":"https:\/\/repliquemangacine.fr\/wp-content\/uploads\/2025\/10\/Red-Queen-Devil-My-Cry-5.jpg","width":700,"height":700,"caption":"Red Queen Devil My Cry 5"},{"@type":"BreadcrumbList","@id":"https:\/\/repliquemangacine.fr\/devil-may-cry\/red-queen-devil-may-cry-5\/#breadcrumb","itemListElement":[{"@type":"ListItem","position":1,"name":"Accueil","item":"https:\/\/repliquemangacine.fr\/"},{"@type":"ListItem","position":2,"name":"Produits","item":"https:\/\/repliquemangacine.fr\/boutique\/"},{"@type":"ListItem","position":3,"name":"Red Queen &#8211; Devil May Cry 5"}]},{"@type":"WebSite","@id":"https:\/\/repliquemangacine.fr\/#website","url":"https:\/\/repliquemangacine.fr\/","name":"R\u00e9plique Manga Cin\u00e9","description":"","publisher":{"@id":"https:\/\/repliquemangacine.fr\/#organization"},"potentialAction":[{"@type":"SearchAction","target":{"@type":"EntryPoint","urlTemplate":"https:\/\/repliquemangacine.fr\/?s={search_term_string}"},"query-input":{"@type":"PropertyValueSpecification","valueRequired":true,"valueName":"search_term_string"}}],"inLanguage":"es"},{"@type":"Organization","@id":"https:\/\/repliquemangacine.fr\/#organization","name":"R\u00e9plique Manga Cin\u00e9","url":"https:\/\/repliquemangacine.fr\/","logo":{"@type":"ImageObject","inLanguage":"es","@id":"https:\/\/repliquemangacine.fr\/#\/schema\/logo\/image\/","url":"https:\/\/repliquemangacine.fr\/wp-content\/uploads\/2023\/10\/RMC-500250.png","contentUrl":"https:\/\/repliquemangacine.fr\/wp-content\/uploads\/2023\/10\/RMC-500250.png","width":500,"height":250,"caption":"R\u00e9plique Manga Cin\u00e9"},"image":{"@id":"https:\/\/repliquemangacine.fr\/#\/schema\/logo\/image\/"},"sameAs":["https:\/\/www.facebook.com\/RepliqueMangaCine","https:\/\/www.instagram.com\/repliquemangacine.fr\/"]}]}},"_links":{"self":[{"href":"https:\/\/repliquemangacine.fr\/es\/wp-json\/wp\/v2\/product\/89503","targetHints":{"allow":["GET"]}}],"collection":[{"href":"https:\/\/repliquemangacine.fr\/es\/wp-json\/wp\/v2\/product"}],"about":[{"href":"https:\/\/repliquemangacine.fr\/es\/wp-json\/wp\/v2\/types\/product"}],"wp:featuredmedia":[{"embeddable":true,"href":"https:\/\/repliquemangacine.fr\/es\/wp-json\/wp\/v2\/media\/89509"}],"wp:attachment":[{"href":"https:\/\/repliquemangacine.fr\/es\/wp-json\/wp\/v2\/media?parent=89503"}],"wp:term":[{"taxonomy":"product_brand","embeddable":true,"href":"https:\/\/repliquemangacine.fr\/es\/wp-json\/wp\/v2\/product_brand?post=89503"},{"taxonomy":"product_cat","embeddable":true,"href":"https:\/\/repliquemangacine.fr\/es\/wp-json\/wp\/v2\/product_cat?post=89503"},{"taxonomy":"product_tag","embeddable":true,"href":"https:\/\/repliquemangacine.fr\/es\/wp-json\/wp\/v2\/product_tag?post=89503"}],"curies":[{"name":"wp","href":"https:\/\/api.w.org\/{rel}","templated":true}]}}