





{"id":89424,"date":"2025-10-14T15:10:14","date_gmt":"2025-10-14T13:10:14","guid":{"rendered":"https:\/\/repliquemangacine.fr\/?post_type=product&#038;p=89424"},"modified":"2026-01-18T18:16:40","modified_gmt":"2026-01-18T17:16:40","slug":"espada-longclaw-efecto-damasco-juego-de-tronos","status":"publish","type":"product","link":"https:\/\/repliquemangacine.fr\/es\/epees-game-of-thrones\/epee-longclaw-effet-damas-game-of-thrones\/","title":{"rendered":"Espada Longclaw de Damasco - Juego de Tronos"},"content":{"rendered":"<h2>La espada Longclaw: el arma legendaria de Jon Nieve<\/h2>\n<p>La primera es la espada Longclaw, una excepcional r\u00e9plica de la serie Juego de Tronos. Su hoja con efecto damasco le confiere un aspecto aut\u00e9ntico y refinado. El pomo con cabeza de lobo, esculpido en resina, simboliza la lealtad y el poder de la Casa Stark. Los ojos rojos del lobo acent\u00faan su aspecto fiero y majestuoso. El soporte de pared de madera, adornado con el emblema de los Stark y el lema Winter is Coming, completa el conjunto a la perfecci\u00f3n. Esta espada es una pieza ic\u00f3nica de coleccionista, fiel a la original vista en la serie. Cada detalle, desde el dibujo de la hoja hasta la empu\u00f1adura de metal, refleja la nobleza y la fuerza del Norte. Por \u00faltimo, encarna tanto la elegancia como la rudeza de un mundo en el que s\u00f3lo la lealtad puede garantizar la supervivencia.<\/p>\n<h2>Jon Nieve y la Casa Stark en el Norte<\/h2>\n<p>Para empezar, Jon Nieve, el hijo ileg\u00edtimo de Ned Stark, es uno de los personajes m\u00e1s llamativos de Juego de Tronos. Valiente, leal y dispuesto al sacrificio, lleva el honor de la Casa Stark a trav\u00e9s de sus batallas. Jeor Mormont le entreg\u00f3 Longclaw en reconocimiento a su valent\u00eda en la Guardia de la Noche. La espada se convirti\u00f3 en el s\u00edmbolo de su extraordinario destino. Grabada con respeto por el Norte, acompa\u00f1a a Jon en su lucha contra los Caminantes Blancos y la traici\u00f3n de los reinos. La Casa Stark, orgullosa y antigua, conocida por su lema \"Winter is coming\", un recordatorio de la vigilancia y la resistencia de sus miembros. En conclusi\u00f3n, Jon encarna estos valores: rectitud, valor y lealtad hasta el final.<\/p>\n<h2>Otras r\u00e9plicas de Juego de Tronos en R\u00e9plique Manga Cin\u00e9<\/h2>\n<p>En R\u00e9plique Manga Cin\u00e9, la saga Juego de Tronos cobra vida a trav\u00e9s de una colecci\u00f3n de armas m\u00edticas. Descubre las magn\u00edficas <a href=\"https:\/\/repliquemangacine.fr\/es\/espadas-de-juego-de-tronos\/brienne-de-torth-oathkeeper-espada-juego-de-tronos\/\">Espada juramentada de Brienne de Tarth<\/a>forjado en la pureza de Valyria. Tambi\u00e9n encontrar\u00e1 el elegante <a href=\"https:\/\/repliquemangacine.fr\/es\/espadas-de-juego-de-tronos\/espada-aguja-arya-stark-juego-de-tronos\/\">Espada Aguja de Arya Stark<\/a>un s\u00edmbolo ligero y preciso de libertad y venganza. Sin olvidar <a href=\"https:\/\/repliquemangacine.fr\/es\/espadas-de-juego-de-tronos\/jaime-lannister-espada-juego-de-tronos\/\">La espada de Jaime Lannister<\/a>Una obra maestra del equilibrio y la elegancia. Cada r\u00e9plica est\u00e1 cuidadosamente elaborada para capturar el alma de la serie. Pronto se a\u00f1adir\u00e1n otros objetos de colecci\u00f3n de Poniente a esta gama \u00fanica. Gracias a estas espadas legendarias, los fans podr\u00e1n sentir el poder y la nobleza de las grandes casas de <a href=\"https:\/\/gameofthrones.fandom.com\/fr\/wiki\/Westeros\" target=\"_blank\" rel=\"noopener noreferrer\">Westeros<\/a>.<\/p>","protected":false},"excerpt":{"rendered":"<p>R\u00e9plica id\u00e9ntica de la espada Longclaw tal y como se define en la novela.<\/p>\n<ul>\n<li>Hoja de acero inoxidable con efecto Damasco.<\/li>\n<li>Guarda de acero macizo.<\/li>\n<li>Pomo de resina con cabeza de lobo.<\/li>\n<li>Asa de metal.<\/li>\n<li>Soporte mural de madera.<\/li>\n<li>Longitud de la hoja: 83 cm - Longitud total: 110 cm<\/li>\n<li>Peso: 1560 g<\/li>\n<\/ul>","protected":false},"featured_media":89426,"template":"","meta":[],"product_brand":[],"product_cat":[72,47],"product_tag":[],"class_list":{"0":"post-89424","1":"product","2":"type-product","3":"status-publish","4":"has-post-thumbnail","6":"product_cat-epees-game-of-thrones","7":"product_cat-game-of-thrones","9":"first","10":"instock","11":"taxable","12":"shipping-taxable","13":"purchasable","14":"product-type-simple"},"yoast_head":"<!-- This site is optimized with the Yoast SEO plugin v27.5 - https:\/\/yoast.com\/product\/yoast-seo-wordpress\/ -->\n<title>Ep\u00e9e Longclaw effet Damas - Game of Thrones - R\u00e9plique Manga Cin\u00e9<\/title>\n<meta name=\"description\" content=\"Offrez-vous l\u2019Ep\u00e9e Longclaw de Jon Snow ! Lame acier effet damass\u00e9e, t\u00eate de loup embl\u00e9matique et support Stark pour une pi\u00e8ce de collection unique. 110 cm\" \/>\n<meta name=\"robots\" content=\"index, follow, max-snippet:-1, max-image-preview:large, max-video-preview:-1\" \/>\n<link rel=\"canonical\" href=\"https:\/\/repliquemangacine.fr\/es\/espadas-de-juego-de-tronos\/espada-longclaw-efecto-damasco-juego-de-tronos\/\" \/>\n<meta property=\"og:locale\" content=\"es_ES\" \/>\n<meta property=\"og:type\" content=\"article\" \/>\n<meta property=\"og:title\" content=\"Ep\u00e9e Longclaw effet Damas - Game of Thrones - R\u00e9plique Manga Cin\u00e9\" \/>\n<meta property=\"og:description\" content=\"Offrez-vous l\u2019Ep\u00e9e Longclaw de Jon Snow ! Lame acier effet damass\u00e9e, t\u00eate de loup embl\u00e9matique et support Stark pour une pi\u00e8ce de collection unique. 110 cm\" \/>\n<meta property=\"og:url\" content=\"https:\/\/repliquemangacine.fr\/es\/espadas-de-juego-de-tronos\/espada-longclaw-efecto-damasco-juego-de-tronos\/\" \/>\n<meta property=\"og:site_name\" content=\"R\u00e9plique Manga Cin\u00e9\" \/>\n<meta property=\"article:publisher\" content=\"https:\/\/www.facebook.com\/RepliqueMangaCine\" \/>\n<meta property=\"article:modified_time\" content=\"2026-01-18T17:16:40+00:00\" \/>\n<meta property=\"og:image\" content=\"https:\/\/repliquemangacine.fr\/wp-content\/uploads\/2025\/10\/Epee-Longclaw-effet-Damas.jpg\" \/>\n\t<meta property=\"og:image:width\" content=\"700\" \/>\n\t<meta property=\"og:image:height\" content=\"700\" \/>\n\t<meta property=\"og:image:type\" content=\"image\/jpeg\" \/>\n<meta name=\"twitter:card\" content=\"summary_large_image\" \/>\n<meta name=\"twitter:label1\" content=\"Tiempo de lectura\" \/>\n\t<meta name=\"twitter:data1\" content=\"3 minutos\" \/>\n<script type=\"application\/ld+json\" class=\"yoast-schema-graph\">{\"@context\":\"https:\\\/\\\/schema.org\",\"@graph\":[{\"@type\":\"WebPage\",\"@id\":\"https:\\\/\\\/repliquemangacine.fr\\\/epees-game-of-thrones\\\/epee-longclaw-effet-damas-game-of-thrones\\\/\",\"url\":\"https:\\\/\\\/repliquemangacine.fr\\\/epees-game-of-thrones\\\/epee-longclaw-effet-damas-game-of-thrones\\\/\",\"name\":\"Ep\u00e9e Longclaw effet Damas - Game of Thrones - R\u00e9plique Manga Cin\u00e9\",\"isPartOf\":{\"@id\":\"https:\\\/\\\/repliquemangacine.fr\\\/#website\"},\"primaryImageOfPage\":{\"@id\":\"https:\\\/\\\/repliquemangacine.fr\\\/epees-game-of-thrones\\\/epee-longclaw-effet-damas-game-of-thrones\\\/#primaryimage\"},\"image\":{\"@id\":\"https:\\\/\\\/repliquemangacine.fr\\\/epees-game-of-thrones\\\/epee-longclaw-effet-damas-game-of-thrones\\\/#primaryimage\"},\"thumbnailUrl\":\"https:\\\/\\\/repliquemangacine.fr\\\/wp-content\\\/uploads\\\/2025\\\/10\\\/Epee-Longclaw-effet-Damas.jpg\",\"datePublished\":\"2025-10-14T13:10:14+00:00\",\"dateModified\":\"2026-01-18T17:16:40+00:00\",\"description\":\"Offrez-vous l\u2019Ep\u00e9e Longclaw de Jon Snow ! Lame acier effet damass\u00e9e, t\u00eate de loup embl\u00e9matique et support Stark pour une pi\u00e8ce de collection unique. 110 cm\",\"breadcrumb\":{\"@id\":\"https:\\\/\\\/repliquemangacine.fr\\\/epees-game-of-thrones\\\/epee-longclaw-effet-damas-game-of-thrones\\\/#breadcrumb\"},\"inLanguage\":\"es\",\"potentialAction\":[{\"@type\":\"ReadAction\",\"target\":[\"https:\\\/\\\/repliquemangacine.fr\\\/epees-game-of-thrones\\\/epee-longclaw-effet-damas-game-of-thrones\\\/\"]}]},{\"@type\":\"ImageObject\",\"inLanguage\":\"es\",\"@id\":\"https:\\\/\\\/repliquemangacine.fr\\\/epees-game-of-thrones\\\/epee-longclaw-effet-damas-game-of-thrones\\\/#primaryimage\",\"url\":\"https:\\\/\\\/repliquemangacine.fr\\\/wp-content\\\/uploads\\\/2025\\\/10\\\/Epee-Longclaw-effet-Damas.jpg\",\"contentUrl\":\"https:\\\/\\\/repliquemangacine.fr\\\/wp-content\\\/uploads\\\/2025\\\/10\\\/Epee-Longclaw-effet-Damas.jpg\",\"width\":700,\"height\":700,\"caption\":\"Ep\u00e9e Longclaw Game of Thrones\"},{\"@type\":\"BreadcrumbList\",\"@id\":\"https:\\\/\\\/repliquemangacine.fr\\\/epees-game-of-thrones\\\/epee-longclaw-effet-damas-game-of-thrones\\\/#breadcrumb\",\"itemListElement\":[{\"@type\":\"ListItem\",\"position\":1,\"name\":\"Accueil\",\"item\":\"https:\\\/\\\/repliquemangacine.fr\\\/\"},{\"@type\":\"ListItem\",\"position\":2,\"name\":\"Produits\",\"item\":\"https:\\\/\\\/repliquemangacine.fr\\\/boutique\\\/\"},{\"@type\":\"ListItem\",\"position\":3,\"name\":\"Ep\u00e9e Longclaw effet Damas &#8211; Game of Thrones\"}]},{\"@type\":\"WebSite\",\"@id\":\"https:\\\/\\\/repliquemangacine.fr\\\/#website\",\"url\":\"https:\\\/\\\/repliquemangacine.fr\\\/\",\"name\":\"R\u00e9plique Manga Cin\u00e9\",\"description\":\"\",\"publisher\":{\"@id\":\"https:\\\/\\\/repliquemangacine.fr\\\/#organization\"},\"potentialAction\":[{\"@type\":\"SearchAction\",\"target\":{\"@type\":\"EntryPoint\",\"urlTemplate\":\"https:\\\/\\\/repliquemangacine.fr\\\/?s={search_term_string}\"},\"query-input\":{\"@type\":\"PropertyValueSpecification\",\"valueRequired\":true,\"valueName\":\"search_term_string\"}}],\"inLanguage\":\"es\"},{\"@type\":\"Organization\",\"@id\":\"https:\\\/\\\/repliquemangacine.fr\\\/#organization\",\"name\":\"R\u00e9plique Manga Cin\u00e9\",\"url\":\"https:\\\/\\\/repliquemangacine.fr\\\/\",\"logo\":{\"@type\":\"ImageObject\",\"inLanguage\":\"es\",\"@id\":\"https:\\\/\\\/repliquemangacine.fr\\\/#\\\/schema\\\/logo\\\/image\\\/\",\"url\":\"https:\\\/\\\/repliquemangacine.fr\\\/wp-content\\\/uploads\\\/2023\\\/10\\\/RMC-500250.png\",\"contentUrl\":\"https:\\\/\\\/repliquemangacine.fr\\\/wp-content\\\/uploads\\\/2023\\\/10\\\/RMC-500250.png\",\"width\":500,\"height\":250,\"caption\":\"R\u00e9plique Manga Cin\u00e9\"},\"image\":{\"@id\":\"https:\\\/\\\/repliquemangacine.fr\\\/#\\\/schema\\\/logo\\\/image\\\/\"},\"sameAs\":[\"https:\\\/\\\/www.facebook.com\\\/RepliqueMangaCine\",\"https:\\\/\\\/www.instagram.com\\\/repliquemangacine.fr\\\/\"]}]}<\/script>\n<!-- \/ Yoast SEO plugin. -->","yoast_head_json":{"title":"Espada Longclaw Efecto Damasco - Juego de Tronos - R\u00e9plique Manga Cin\u00e9","description":"\u00a1Reg\u00e1late la espada Longclaw de Jon Nieve! Hoja de acero con efecto Damasco, emblem\u00e1tica cabeza de lobo y peana Stark para una pieza de coleccionista \u00fanica. 110 cm de largo","robots":{"index":"index","follow":"follow","max-snippet":"max-snippet:-1","max-image-preview":"max-image-preview:large","max-video-preview":"max-video-preview:-1"},"canonical":"https:\/\/repliquemangacine.fr\/es\/espadas-de-juego-de-tronos\/espada-longclaw-efecto-damasco-juego-de-tronos\/","og_locale":"es_ES","og_type":"article","og_title":"Ep\u00e9e Longclaw effet Damas - Game of Thrones - R\u00e9plique Manga Cin\u00e9","og_description":"Offrez-vous l\u2019Ep\u00e9e Longclaw de Jon Snow ! Lame acier effet damass\u00e9e, t\u00eate de loup embl\u00e9matique et support Stark pour une pi\u00e8ce de collection unique. 110 cm","og_url":"https:\/\/repliquemangacine.fr\/es\/espadas-de-juego-de-tronos\/espada-longclaw-efecto-damasco-juego-de-tronos\/","og_site_name":"R\u00e9plique Manga Cin\u00e9","article_publisher":"https:\/\/www.facebook.com\/RepliqueMangaCine","article_modified_time":"2026-01-18T17:16:40+00:00","og_image":[{"width":700,"height":700,"url":"https:\/\/repliquemangacine.fr\/wp-content\/uploads\/2025\/10\/Epee-Longclaw-effet-Damas.jpg","type":"image\/jpeg"}],"twitter_card":"summary_large_image","twitter_misc":{"Tiempo de lectura":"3 minutos"},"schema":{"@context":"https:\/\/schema.org","@graph":[{"@type":"WebPage","@id":"https:\/\/repliquemangacine.fr\/epees-game-of-thrones\/epee-longclaw-effet-damas-game-of-thrones\/","url":"https:\/\/repliquemangacine.fr\/epees-game-of-thrones\/epee-longclaw-effet-damas-game-of-thrones\/","name":"Espada Longclaw Efecto Damasco - Juego de Tronos - R\u00e9plique Manga Cin\u00e9","isPartOf":{"@id":"https:\/\/repliquemangacine.fr\/#website"},"primaryImageOfPage":{"@id":"https:\/\/repliquemangacine.fr\/epees-game-of-thrones\/epee-longclaw-effet-damas-game-of-thrones\/#primaryimage"},"image":{"@id":"https:\/\/repliquemangacine.fr\/epees-game-of-thrones\/epee-longclaw-effet-damas-game-of-thrones\/#primaryimage"},"thumbnailUrl":"https:\/\/repliquemangacine.fr\/wp-content\/uploads\/2025\/10\/Epee-Longclaw-effet-Damas.jpg","datePublished":"2025-10-14T13:10:14+00:00","dateModified":"2026-01-18T17:16:40+00:00","description":"\u00a1Reg\u00e1late la espada Longclaw de Jon Nieve! Hoja de acero con efecto Damasco, emblem\u00e1tica cabeza de lobo y peana Stark para una pieza de coleccionista \u00fanica. 110 cm de largo","breadcrumb":{"@id":"https:\/\/repliquemangacine.fr\/epees-game-of-thrones\/epee-longclaw-effet-damas-game-of-thrones\/#breadcrumb"},"inLanguage":"es","potentialAction":[{"@type":"ReadAction","target":["https:\/\/repliquemangacine.fr\/epees-game-of-thrones\/epee-longclaw-effet-damas-game-of-thrones\/"]}]},{"@type":"ImageObject","inLanguage":"es","@id":"https:\/\/repliquemangacine.fr\/epees-game-of-thrones\/epee-longclaw-effet-damas-game-of-thrones\/#primaryimage","url":"https:\/\/repliquemangacine.fr\/wp-content\/uploads\/2025\/10\/Epee-Longclaw-effet-Damas.jpg","contentUrl":"https:\/\/repliquemangacine.fr\/wp-content\/uploads\/2025\/10\/Epee-Longclaw-effet-Damas.jpg","width":700,"height":700,"caption":"Ep\u00e9e Longclaw Game of Thrones"},{"@type":"BreadcrumbList","@id":"https:\/\/repliquemangacine.fr\/epees-game-of-thrones\/epee-longclaw-effet-damas-game-of-thrones\/#breadcrumb","itemListElement":[{"@type":"ListItem","position":1,"name":"Accueil","item":"https:\/\/repliquemangacine.fr\/"},{"@type":"ListItem","position":2,"name":"Produits","item":"https:\/\/repliquemangacine.fr\/boutique\/"},{"@type":"ListItem","position":3,"name":"Ep\u00e9e Longclaw effet Damas &#8211; Game of Thrones"}]},{"@type":"WebSite","@id":"https:\/\/repliquemangacine.fr\/#website","url":"https:\/\/repliquemangacine.fr\/","name":"R\u00e9plique Manga Cin\u00e9","description":"","publisher":{"@id":"https:\/\/repliquemangacine.fr\/#organization"},"potentialAction":[{"@type":"SearchAction","target":{"@type":"EntryPoint","urlTemplate":"https:\/\/repliquemangacine.fr\/?s={search_term_string}"},"query-input":{"@type":"PropertyValueSpecification","valueRequired":true,"valueName":"search_term_string"}}],"inLanguage":"es"},{"@type":"Organization","@id":"https:\/\/repliquemangacine.fr\/#organization","name":"R\u00e9plique Manga Cin\u00e9","url":"https:\/\/repliquemangacine.fr\/","logo":{"@type":"ImageObject","inLanguage":"es","@id":"https:\/\/repliquemangacine.fr\/#\/schema\/logo\/image\/","url":"https:\/\/repliquemangacine.fr\/wp-content\/uploads\/2023\/10\/RMC-500250.png","contentUrl":"https:\/\/repliquemangacine.fr\/wp-content\/uploads\/2023\/10\/RMC-500250.png","width":500,"height":250,"caption":"R\u00e9plique Manga Cin\u00e9"},"image":{"@id":"https:\/\/repliquemangacine.fr\/#\/schema\/logo\/image\/"},"sameAs":["https:\/\/www.facebook.com\/RepliqueMangaCine","https:\/\/www.instagram.com\/repliquemangacine.fr\/"]}]}},"_links":{"self":[{"href":"https:\/\/repliquemangacine.fr\/es\/wp-json\/wp\/v2\/product\/89424","targetHints":{"allow":["GET"]}}],"collection":[{"href":"https:\/\/repliquemangacine.fr\/es\/wp-json\/wp\/v2\/product"}],"about":[{"href":"https:\/\/repliquemangacine.fr\/es\/wp-json\/wp\/v2\/types\/product"}],"wp:featuredmedia":[{"embeddable":true,"href":"https:\/\/repliquemangacine.fr\/es\/wp-json\/wp\/v2\/media\/89426"}],"wp:attachment":[{"href":"https:\/\/repliquemangacine.fr\/es\/wp-json\/wp\/v2\/media?parent=89424"}],"wp:term":[{"taxonomy":"product_brand","embeddable":true,"href":"https:\/\/repliquemangacine.fr\/es\/wp-json\/wp\/v2\/product_brand?post=89424"},{"taxonomy":"product_cat","embeddable":true,"href":"https:\/\/repliquemangacine.fr\/es\/wp-json\/wp\/v2\/product_cat?post=89424"},{"taxonomy":"product_tag","embeddable":true,"href":"https:\/\/repliquemangacine.fr\/es\/wp-json\/wp\/v2\/product_tag?post=89424"}],"curies":[{"name":"wp","href":"https:\/\/api.w.org\/{rel}","templated":true}]}}