





{"id":89351,"date":"2025-10-12T12:38:16","date_gmt":"2025-10-12T10:38:16","guid":{"rendered":"https:\/\/repliquemangacine.fr\/?post_type=product&#038;p=89351"},"modified":"2026-02-24T21:44:45","modified_gmt":"2026-02-24T20:44:45","slug":"zelda-breath-of-the-wild-sable-de-viento","status":"publish","type":"product","link":"https:\/\/repliquemangacine.fr\/es\/epee-zelda\/sabre-tranche-vent-zelda-breath-of-the-wild\/","title":{"rendered":"Espada Cortadora del Viento - Zelda Breath of the Wild"},"content":{"rendered":"<h2>La espada de viento de Zelda Breath of the Wild<\/h2>\n<p>En primer lugar, el <strong>Sable Tranche-Vent<\/strong> es una formidable arma de The Legend of Zelda: Breath of the Wild. Su dise\u00f1o \u00fanico llama la atenci\u00f3n a primera vista. Su hoja de acero est\u00e1 elegantemente curvada, recordando la fluidez del viento que corta. Los oficiales Yiga la usan para crear poderosas cuchillas de aire capaces de abatir a sus enemigos a distancia. Su empu\u00f1adura de color rojo brillante simboliza la furia y la lealtad del clan. La empu\u00f1adura, finamente elaborada, tiene una forma arremolinada que evoca las r\u00e1fagas de viento que controla. Esta r\u00e9plica de coleccionista es fiel en todos los sentidos al arma del juego. Gracias a su meticuloso acabado y a su brillante vaina negra, es un objeto imprescindible para cualquier fan de <a href=\"https:\/\/zelda.fandom.com\/fr\/wiki\/Arme_(Breath_of_the_Wild)\" target=\"_blank\" rel=\"noopener noreferrer\">Zelda<\/a>.<\/p>\n<h2>Los oficiales yiga y su arte de combate<\/h2>\n<p>Para empezar, los oficiales Yiga son maestros del combate y la ocultaci\u00f3n. Su sable Cortavientos encarna su agilidad y su dominio del vac\u00edo. Estos luchadores, antiguos siervos de la diosa Hylia, han elegido seguir a Ganon. Sus t\u00e9cnicas se basan en la velocidad, la precisi\u00f3n y la astucia. La espada les permite invocar ondas de energ\u00eda afilad\u00edsima con cada golpe. As\u00ed que esta arma no es una simple espada, sino una extensi\u00f3n de su poder. En Breath of the Wild, estos formidables adversarios desaf\u00edan a Link con estilo y poder. Esta r\u00e9plica es un homenaje a su arte marcial \u00fanico, que combina belleza, peligro y misterio. En conclusi\u00f3n, una pieza a la vez decorativa y simb\u00f3lica.<\/p>\n<h2>Las otras espadas legendarias de Zelda en R\u00e9plique Manga Cin\u00e9<\/h2>\n<p>R\u00e9plique Manga Cin\u00e9 ofrece una amplia colecci\u00f3n de armas de la saga The Legend of Zelda. Encontrar\u00e1s una r\u00e9plica id\u00e9ntica de la<a href=\"https:\/\/repliquemangacine.fr\/es\/nuevos-productos\/legendaria-espada-corroida\/\">Espada Corro\u00edda Legendaria<\/a>visto en L\u00e1grimas del Reino (2023). Descubra tambi\u00e9n la sublime <a href=\"https:\/\/repliquemangacine.fr\/es\/espada-de-zelda\/zelda-princesa-del-crepusculo-espada-la-leyenda-de-zelda\/\">La espada de la princesa Zelda<\/a>inspirado en Twilight Princess, elegante y majestuoso. Y, por supuesto, el imprescindible <a href=\"https:\/\/repliquemangacine.fr\/es\/espada-de-zelda\/espada-maestra-espada-zelda\/\">Espada maestra<\/a> - Skyward Sword, s\u00edmbolo de coraje y luz. Cada pieza est\u00e1 cuidadosamente elaborada para ofrecer autenticidad y calidad. Gracias a estas r\u00e9plicas oficiales, los coleccionistas pueden recrear la magia de la saga. En el futuro se a\u00f1adir\u00e1n muchos objetos nuevos a la colecci\u00f3n. El mundo de Hyrule nunca ha estado tan cerca de tu escaparate.<\/p>","protected":false},"excerpt":{"rendered":"<p>Soberbio e id\u00e9ntico al sable Wind Slice de Zelda Breath of the Wild.<\/p>\n<ul>\n<li>Hoja de acero decorada y perforada en tres lugares<\/li>\n<li>Guarda completa de acero con forma arremolinada espec\u00edfica.<\/li>\n<li>Empu\u00f1adura de imitaci\u00f3n de cuero de vaca rodeada de trenza de algod\u00f3n rojo<\/li>\n<li>Vaina de madera negra<\/li>\n<li>Longitud de la hoja: 69 cm - Longitud total: 104 cm<\/li>\n<\/ul>","protected":false},"featured_media":89352,"template":"","meta":[],"product_brand":[],"product_cat":[56],"product_tag":[],"class_list":{"0":"post-89351","1":"product","2":"type-product","3":"status-publish","4":"has-post-thumbnail","6":"product_cat-epee-zelda","8":"first","9":"instock","10":"taxable","11":"shipping-taxable","12":"purchasable","13":"product-type-simple"},"yoast_head":"<!-- This site is optimized with the Yoast SEO plugin v27.4 - https:\/\/yoast.com\/product\/yoast-seo-wordpress\/ -->\n<title>Sabre Tranche-Vent - Zelda Breath of the Wild - R\u00e9plique Manga Cin\u00e9<\/title>\n<meta name=\"description\" content=\"Offrez-vous le sabre Tranche-Vent de Zelda ! Lame en acier ajour\u00e9e, garde tourbillonnante et design inspir\u00e9 des redoutables officiers Yiga. 104 cm\" \/>\n<meta name=\"robots\" content=\"index, follow, max-snippet:-1, max-image-preview:large, max-video-preview:-1\" \/>\n<link rel=\"canonical\" href=\"https:\/\/repliquemangacine.fr\/es\/espada-de-zelda\/zelda-breath-of-the-wild-sable-de-viento\/\" \/>\n<meta property=\"og:locale\" content=\"es_ES\" \/>\n<meta property=\"og:type\" content=\"article\" \/>\n<meta property=\"og:title\" content=\"Sabre Tranche-Vent - Zelda Breath of the Wild - R\u00e9plique Manga Cin\u00e9\" \/>\n<meta property=\"og:description\" content=\"Offrez-vous le sabre Tranche-Vent de Zelda ! Lame en acier ajour\u00e9e, garde tourbillonnante et design inspir\u00e9 des redoutables officiers Yiga. 104 cm\" \/>\n<meta property=\"og:url\" content=\"https:\/\/repliquemangacine.fr\/es\/espada-de-zelda\/zelda-breath-of-the-wild-sable-de-viento\/\" \/>\n<meta property=\"og:site_name\" content=\"R\u00e9plique Manga Cin\u00e9\" \/>\n<meta property=\"article:publisher\" content=\"https:\/\/www.facebook.com\/RepliqueMangaCine\" \/>\n<meta property=\"article:modified_time\" content=\"2026-02-24T20:44:45+00:00\" \/>\n<meta property=\"og:image\" content=\"https:\/\/repliquemangacine.fr\/wp-content\/uploads\/2025\/10\/sabre-Tranche-Vent.jpg\" \/>\n\t<meta property=\"og:image:width\" content=\"700\" \/>\n\t<meta property=\"og:image:height\" content=\"700\" \/>\n\t<meta property=\"og:image:type\" content=\"image\/jpeg\" \/>\n<meta name=\"twitter:card\" content=\"summary_large_image\" \/>\n<meta name=\"twitter:label1\" content=\"Tiempo de lectura\" \/>\n\t<meta name=\"twitter:data1\" content=\"3 minutos\" \/>\n<script type=\"application\/ld+json\" class=\"yoast-schema-graph\">{\"@context\":\"https:\\\/\\\/schema.org\",\"@graph\":[{\"@type\":\"WebPage\",\"@id\":\"https:\\\/\\\/repliquemangacine.fr\\\/epee-zelda\\\/sabre-tranche-vent-zelda-breath-of-the-wild\\\/\",\"url\":\"https:\\\/\\\/repliquemangacine.fr\\\/epee-zelda\\\/sabre-tranche-vent-zelda-breath-of-the-wild\\\/\",\"name\":\"Sabre Tranche-Vent - Zelda Breath of the Wild - R\u00e9plique Manga Cin\u00e9\",\"isPartOf\":{\"@id\":\"https:\\\/\\\/repliquemangacine.fr\\\/#website\"},\"primaryImageOfPage\":{\"@id\":\"https:\\\/\\\/repliquemangacine.fr\\\/epee-zelda\\\/sabre-tranche-vent-zelda-breath-of-the-wild\\\/#primaryimage\"},\"image\":{\"@id\":\"https:\\\/\\\/repliquemangacine.fr\\\/epee-zelda\\\/sabre-tranche-vent-zelda-breath-of-the-wild\\\/#primaryimage\"},\"thumbnailUrl\":\"https:\\\/\\\/repliquemangacine.fr\\\/wp-content\\\/uploads\\\/2025\\\/10\\\/sabre-Tranche-Vent.jpg\",\"datePublished\":\"2025-10-12T10:38:16+00:00\",\"dateModified\":\"2026-02-24T20:44:45+00:00\",\"description\":\"Offrez-vous le sabre Tranche-Vent de Zelda ! Lame en acier ajour\u00e9e, garde tourbillonnante et design inspir\u00e9 des redoutables officiers Yiga. 104 cm\",\"breadcrumb\":{\"@id\":\"https:\\\/\\\/repliquemangacine.fr\\\/epee-zelda\\\/sabre-tranche-vent-zelda-breath-of-the-wild\\\/#breadcrumb\"},\"inLanguage\":\"es\",\"potentialAction\":[{\"@type\":\"ReadAction\",\"target\":[\"https:\\\/\\\/repliquemangacine.fr\\\/epee-zelda\\\/sabre-tranche-vent-zelda-breath-of-the-wild\\\/\"]}]},{\"@type\":\"ImageObject\",\"inLanguage\":\"es\",\"@id\":\"https:\\\/\\\/repliquemangacine.fr\\\/epee-zelda\\\/sabre-tranche-vent-zelda-breath-of-the-wild\\\/#primaryimage\",\"url\":\"https:\\\/\\\/repliquemangacine.fr\\\/wp-content\\\/uploads\\\/2025\\\/10\\\/sabre-Tranche-Vent.jpg\",\"contentUrl\":\"https:\\\/\\\/repliquemangacine.fr\\\/wp-content\\\/uploads\\\/2025\\\/10\\\/sabre-Tranche-Vent.jpg\",\"width\":700,\"height\":700,\"caption\":\"Sabre Tranche-Vent dans Zelda Breath of the Wild\"},{\"@type\":\"BreadcrumbList\",\"@id\":\"https:\\\/\\\/repliquemangacine.fr\\\/epee-zelda\\\/sabre-tranche-vent-zelda-breath-of-the-wild\\\/#breadcrumb\",\"itemListElement\":[{\"@type\":\"ListItem\",\"position\":1,\"name\":\"Accueil\",\"item\":\"https:\\\/\\\/repliquemangacine.fr\\\/\"},{\"@type\":\"ListItem\",\"position\":2,\"name\":\"Produits\",\"item\":\"https:\\\/\\\/repliquemangacine.fr\\\/boutique\\\/\"},{\"@type\":\"ListItem\",\"position\":3,\"name\":\"Sabre Tranche-Vent &#8211; Zelda Breath of the Wild\"}]},{\"@type\":\"WebSite\",\"@id\":\"https:\\\/\\\/repliquemangacine.fr\\\/#website\",\"url\":\"https:\\\/\\\/repliquemangacine.fr\\\/\",\"name\":\"R\u00e9plique Manga Cin\u00e9\",\"description\":\"\",\"publisher\":{\"@id\":\"https:\\\/\\\/repliquemangacine.fr\\\/#organization\"},\"potentialAction\":[{\"@type\":\"SearchAction\",\"target\":{\"@type\":\"EntryPoint\",\"urlTemplate\":\"https:\\\/\\\/repliquemangacine.fr\\\/?s={search_term_string}\"},\"query-input\":{\"@type\":\"PropertyValueSpecification\",\"valueRequired\":true,\"valueName\":\"search_term_string\"}}],\"inLanguage\":\"es\"},{\"@type\":\"Organization\",\"@id\":\"https:\\\/\\\/repliquemangacine.fr\\\/#organization\",\"name\":\"R\u00e9plique Manga Cin\u00e9\",\"url\":\"https:\\\/\\\/repliquemangacine.fr\\\/\",\"logo\":{\"@type\":\"ImageObject\",\"inLanguage\":\"es\",\"@id\":\"https:\\\/\\\/repliquemangacine.fr\\\/#\\\/schema\\\/logo\\\/image\\\/\",\"url\":\"https:\\\/\\\/repliquemangacine.fr\\\/wp-content\\\/uploads\\\/2023\\\/10\\\/RMC-500250.png\",\"contentUrl\":\"https:\\\/\\\/repliquemangacine.fr\\\/wp-content\\\/uploads\\\/2023\\\/10\\\/RMC-500250.png\",\"width\":500,\"height\":250,\"caption\":\"R\u00e9plique Manga Cin\u00e9\"},\"image\":{\"@id\":\"https:\\\/\\\/repliquemangacine.fr\\\/#\\\/schema\\\/logo\\\/image\\\/\"},\"sameAs\":[\"https:\\\/\\\/www.facebook.com\\\/RepliqueMangaCine\",\"https:\\\/\\\/www.instagram.com\\\/repliquemangacine.fr\\\/\"]}]}<\/script>\n<!-- \/ Yoast SEO plugin. -->","yoast_head_json":{"title":"Sable cortador del viento - Zelda Breath of the Wild - R\u00e9plique Manga Cin\u00e9","description":"\u00a1Date un capricho con la espada Wind Slice de Zelda! Hoja de acero calado, empu\u00f1adura arremolinada y dise\u00f1o inspirado en los temibles oficiales Yiga. 104 cm.","robots":{"index":"index","follow":"follow","max-snippet":"max-snippet:-1","max-image-preview":"max-image-preview:large","max-video-preview":"max-video-preview:-1"},"canonical":"https:\/\/repliquemangacine.fr\/es\/espada-de-zelda\/zelda-breath-of-the-wild-sable-de-viento\/","og_locale":"es_ES","og_type":"article","og_title":"Sabre Tranche-Vent - Zelda Breath of the Wild - R\u00e9plique Manga Cin\u00e9","og_description":"Offrez-vous le sabre Tranche-Vent de Zelda ! Lame en acier ajour\u00e9e, garde tourbillonnante et design inspir\u00e9 des redoutables officiers Yiga. 104 cm","og_url":"https:\/\/repliquemangacine.fr\/es\/espada-de-zelda\/zelda-breath-of-the-wild-sable-de-viento\/","og_site_name":"R\u00e9plique Manga Cin\u00e9","article_publisher":"https:\/\/www.facebook.com\/RepliqueMangaCine","article_modified_time":"2026-02-24T20:44:45+00:00","og_image":[{"width":700,"height":700,"url":"https:\/\/repliquemangacine.fr\/wp-content\/uploads\/2025\/10\/sabre-Tranche-Vent.jpg","type":"image\/jpeg"}],"twitter_card":"summary_large_image","twitter_misc":{"Tiempo de lectura":"3 minutos"},"schema":{"@context":"https:\/\/schema.org","@graph":[{"@type":"WebPage","@id":"https:\/\/repliquemangacine.fr\/epee-zelda\/sabre-tranche-vent-zelda-breath-of-the-wild\/","url":"https:\/\/repliquemangacine.fr\/epee-zelda\/sabre-tranche-vent-zelda-breath-of-the-wild\/","name":"Sable cortador del viento - Zelda Breath of the Wild - R\u00e9plique Manga Cin\u00e9","isPartOf":{"@id":"https:\/\/repliquemangacine.fr\/#website"},"primaryImageOfPage":{"@id":"https:\/\/repliquemangacine.fr\/epee-zelda\/sabre-tranche-vent-zelda-breath-of-the-wild\/#primaryimage"},"image":{"@id":"https:\/\/repliquemangacine.fr\/epee-zelda\/sabre-tranche-vent-zelda-breath-of-the-wild\/#primaryimage"},"thumbnailUrl":"https:\/\/repliquemangacine.fr\/wp-content\/uploads\/2025\/10\/sabre-Tranche-Vent.jpg","datePublished":"2025-10-12T10:38:16+00:00","dateModified":"2026-02-24T20:44:45+00:00","description":"\u00a1Date un capricho con la espada Wind Slice de Zelda! Hoja de acero calado, empu\u00f1adura arremolinada y dise\u00f1o inspirado en los temibles oficiales Yiga. 104 cm.","breadcrumb":{"@id":"https:\/\/repliquemangacine.fr\/epee-zelda\/sabre-tranche-vent-zelda-breath-of-the-wild\/#breadcrumb"},"inLanguage":"es","potentialAction":[{"@type":"ReadAction","target":["https:\/\/repliquemangacine.fr\/epee-zelda\/sabre-tranche-vent-zelda-breath-of-the-wild\/"]}]},{"@type":"ImageObject","inLanguage":"es","@id":"https:\/\/repliquemangacine.fr\/epee-zelda\/sabre-tranche-vent-zelda-breath-of-the-wild\/#primaryimage","url":"https:\/\/repliquemangacine.fr\/wp-content\/uploads\/2025\/10\/sabre-Tranche-Vent.jpg","contentUrl":"https:\/\/repliquemangacine.fr\/wp-content\/uploads\/2025\/10\/sabre-Tranche-Vent.jpg","width":700,"height":700,"caption":"Sabre Tranche-Vent dans Zelda Breath of the Wild"},{"@type":"BreadcrumbList","@id":"https:\/\/repliquemangacine.fr\/epee-zelda\/sabre-tranche-vent-zelda-breath-of-the-wild\/#breadcrumb","itemListElement":[{"@type":"ListItem","position":1,"name":"Accueil","item":"https:\/\/repliquemangacine.fr\/"},{"@type":"ListItem","position":2,"name":"Produits","item":"https:\/\/repliquemangacine.fr\/boutique\/"},{"@type":"ListItem","position":3,"name":"Sabre Tranche-Vent &#8211; Zelda Breath of the Wild"}]},{"@type":"WebSite","@id":"https:\/\/repliquemangacine.fr\/#website","url":"https:\/\/repliquemangacine.fr\/","name":"R\u00e9plique Manga Cin\u00e9","description":"","publisher":{"@id":"https:\/\/repliquemangacine.fr\/#organization"},"potentialAction":[{"@type":"SearchAction","target":{"@type":"EntryPoint","urlTemplate":"https:\/\/repliquemangacine.fr\/?s={search_term_string}"},"query-input":{"@type":"PropertyValueSpecification","valueRequired":true,"valueName":"search_term_string"}}],"inLanguage":"es"},{"@type":"Organization","@id":"https:\/\/repliquemangacine.fr\/#organization","name":"R\u00e9plique Manga Cin\u00e9","url":"https:\/\/repliquemangacine.fr\/","logo":{"@type":"ImageObject","inLanguage":"es","@id":"https:\/\/repliquemangacine.fr\/#\/schema\/logo\/image\/","url":"https:\/\/repliquemangacine.fr\/wp-content\/uploads\/2023\/10\/RMC-500250.png","contentUrl":"https:\/\/repliquemangacine.fr\/wp-content\/uploads\/2023\/10\/RMC-500250.png","width":500,"height":250,"caption":"R\u00e9plique Manga Cin\u00e9"},"image":{"@id":"https:\/\/repliquemangacine.fr\/#\/schema\/logo\/image\/"},"sameAs":["https:\/\/www.facebook.com\/RepliqueMangaCine","https:\/\/www.instagram.com\/repliquemangacine.fr\/"]}]}},"_links":{"self":[{"href":"https:\/\/repliquemangacine.fr\/es\/wp-json\/wp\/v2\/product\/89351","targetHints":{"allow":["GET"]}}],"collection":[{"href":"https:\/\/repliquemangacine.fr\/es\/wp-json\/wp\/v2\/product"}],"about":[{"href":"https:\/\/repliquemangacine.fr\/es\/wp-json\/wp\/v2\/types\/product"}],"wp:featuredmedia":[{"embeddable":true,"href":"https:\/\/repliquemangacine.fr\/es\/wp-json\/wp\/v2\/media\/89352"}],"wp:attachment":[{"href":"https:\/\/repliquemangacine.fr\/es\/wp-json\/wp\/v2\/media?parent=89351"}],"wp:term":[{"taxonomy":"product_brand","embeddable":true,"href":"https:\/\/repliquemangacine.fr\/es\/wp-json\/wp\/v2\/product_brand?post=89351"},{"taxonomy":"product_cat","embeddable":true,"href":"https:\/\/repliquemangacine.fr\/es\/wp-json\/wp\/v2\/product_cat?post=89351"},{"taxonomy":"product_tag","embeddable":true,"href":"https:\/\/repliquemangacine.fr\/es\/wp-json\/wp\/v2\/product_tag?post=89351"}],"curies":[{"name":"wp","href":"https:\/\/api.w.org\/{rel}","templated":true}]}}