





{"id":89331,"date":"2025-10-11T20:14:39","date_gmt":"2025-10-11T18:14:39","guid":{"rendered":"https:\/\/repliquemangacine.fr\/?post_type=product&#038;p=89331"},"modified":"2026-02-19T11:34:20","modified_gmt":"2026-02-19T10:34:20","slug":"la-replica-de-la-santa-lanza-del-museo-de-viena","status":"publish","type":"product","link":"https:\/\/repliquemangacine.fr\/es\/armes-historiques\/la-sainte-lance-replique-du-musee-de-vienne\/","title":{"rendered":"La Santa Lanza - R\u00e9plica del Museo de Viena"},"content":{"rendered":"<h2>La Sainte Lance - Una r\u00e9plica hist\u00f3rica excepcional<\/h2>\n<p>En primer lugar, esta r\u00e9plica de museo reproduce fielmente el <strong>Sainte Lance<\/strong>ahora alojado en el <a href=\"https:\/\/www.khm.at\/en\/artworks\/die-heilige-lanze-100443-1\" target=\"_blank\" rel=\"noopener noreferrer\">Tesoro Imperial de Viena<\/a>. Su hoja, finamente calada, est\u00e1 parcialmente recubierta de alambre de plata y ribeteada de lat\u00f3n. En la placa central, la inscripci\u00f3n latina LANCEA ET CLAVUS DOMINI significa \"La lanza y el clavo del Se\u00f1or\". Seg\u00fan la tradici\u00f3n, contiene un fragmento del Santo Clavo utilizado para crucificar a Cristo. Esta r\u00e9plica incorpora todos los detalles del original, desde la orfebrer\u00eda hasta el dorado patinado. De hecho, simboliza tanto el arte sacro medieval como el poder espiritual de los antiguos emperadores. Elegante, aut\u00e9ntica y llena de significado, esta pieza excepcional es perfecta para los coleccionistas de armas hist\u00f3ricas y objetos religiosos.<\/p>\n<h2>La lanza del destino y su poder simb\u00f3lico<\/h2>\n<p>Tambi\u00e9n conocida como la Lanza de San Mauricio o la Lanza del Destino, la Santa Lanza es uno de los artefactos m\u00e1s famosos del Sacro Imperio Romano Germ\u00e1nico. Seg\u00fan la leyenda, perteneci\u00f3 a Longinos, el centuri\u00f3n romano que atraves\u00f3 el costado de Cristo para asegurar su muerte. Impregnado con su sangre sagrada, se convirti\u00f3 en un s\u00edmbolo de legitimidad divina. Durante siglos, reyes y emperadores la llevaron como signo del poder otorgado por Dios. Se supon\u00eda que su posesi\u00f3n hac\u00eda invencible a su poseedor. Esta r\u00e9plica evoca la fe, la gloria y el misterio de una \u00e9poca en la que religi\u00f3n y poder eran una misma cosa. Aut\u00e9ntico testigo de la historia, la Lanza Santa sigue siendo una pieza m\u00edtica en la encrucijada de lo sagrado y lo legendario.<\/p>\n<h2>Otras armas hist\u00f3ricas en R\u00e9plique Manga Cin\u00e9<\/h2>\n<p>R\u00e9plique Manga Cin\u00e9 tambi\u00e9n ofrece una excepcional colecci\u00f3n de armas hist\u00f3ricas fielmente reproducidas. Descubra las famosas <a href=\"https:\/\/repliquemangacine.fr\/es\/espadas-espada-antigua\/fulham-espada-romana\/\">Espada Fulham<\/a>Es un s\u00edmbolo del poder militar romano. Su detallada reproducci\u00f3n rinde homenaje al antiguo arte del combate y a las habilidades de los herreros de la \u00e9poca. Descubra tambi\u00e9n la <a href=\"https:\/\/repliquemangacine.fr\/es\/espadas-espada-antigua\/mainz-gladius-tiber-espada\/\">Mainz Gladius,<\/a> conocida como la espada de Tiberio, una pieza emblem\u00e1tica del equipo del legionario romano. Su hoja corta y ancha ilustra a la perfecci\u00f3n las disciplinadas t\u00e9cnicas de guerra de Roma. Por \u00faltimo, d\u00e9jese seducir por la reproducci\u00f3n hist\u00f3rica de la <a href=\"https:\/\/repliquemangacine.fr\/es\/espadas-espada-antigua\/espada-de-fieltro\/\">la espada de Feltwell<\/a>una obra maestra arqueol\u00f3gica cuidadosamente recreada. Cada arma est\u00e1 fabricada con materiales de calidad y un acabado aut\u00e9ntico. Gracias a estas r\u00e9plicas \u00fanicas, los coleccionistas pueden revivir la grandeza de las civilizaciones antiguas y enriquecer sus vitrinas con historia y leyenda.<\/p>","protected":false},"excerpt":{"rendered":"<p>Una r\u00e9plica muse\u00edstica de gran calidad de la Santa Lanza, que ahora se encuentra en el Tesoro de Viena.<\/p>\n<ul>\n<li>Todo de acero<\/li>\n<li>La lanza est\u00e1 envuelta en alambre de plata<\/li>\n<li>Placa central de lat\u00f3n con grabados.<\/li>\n<li>Grabado en lat\u00edn: LANCEA ET CLAVUS DOMINI , que significa \"La lanza y el clavo del Se\u00f1or\".<\/li>\n<li>Se suministra sin asa, pero se adapta a un asa de unos 2,5 cm de di\u00e1metro.<\/li>\n<li>Longitud total: 47 cm - Peso: 950 g<\/li>\n<\/ul>","protected":false},"featured_media":89335,"template":"","meta":[],"product_brand":[],"product_cat":[25,84,73],"product_tag":[],"class_list":{"0":"post-89331","1":"product","2":"type-product","3":"status-publish","4":"has-post-thumbnail","6":"product_cat-armes-historiques","7":"product_cat-epee-templier-medievale","8":"product_cat-epees-glaives-antique","10":"first","11":"outofstock","12":"taxable","13":"shipping-taxable","14":"purchasable","15":"product-type-simple"},"yoast_head":"<!-- This site is optimized with the Yoast SEO plugin v27.4 - https:\/\/yoast.com\/product\/yoast-seo-wordpress\/ -->\n<title>La Sainte Lance - R\u00e9plique du mus\u00e9e de Vienne - R\u00e9plique Manga Cin\u00e9<\/title>\n<meta name=\"description\" content=\"D\u00e9couvrez la Sainte Lance, r\u00e9plique fid\u00e8le du tr\u00e9sor de Vienne. Une pi\u00e8ce historique symbolisant la foi, le pouvoir et la l\u00e9gende des empereurs.\" \/>\n<meta name=\"robots\" content=\"index, follow, max-snippet:-1, max-image-preview:large, max-video-preview:-1\" \/>\n<link rel=\"canonical\" href=\"https:\/\/repliquemangacine.fr\/es\/armas-historicas\/la-replica-de-la-santa-lanza-del-museo-de-viena\/\" \/>\n<meta property=\"og:locale\" content=\"es_ES\" \/>\n<meta property=\"og:type\" content=\"article\" \/>\n<meta property=\"og:title\" content=\"La Sainte Lance - R\u00e9plique du mus\u00e9e de Vienne - R\u00e9plique Manga Cin\u00e9\" \/>\n<meta property=\"og:description\" content=\"D\u00e9couvrez la Sainte Lance, r\u00e9plique fid\u00e8le du tr\u00e9sor de Vienne. Une pi\u00e8ce historique symbolisant la foi, le pouvoir et la l\u00e9gende des empereurs.\" \/>\n<meta property=\"og:url\" content=\"https:\/\/repliquemangacine.fr\/es\/armas-historicas\/la-replica-de-la-santa-lanza-del-museo-de-viena\/\" \/>\n<meta property=\"og:site_name\" content=\"R\u00e9plique Manga Cin\u00e9\" \/>\n<meta property=\"article:publisher\" content=\"https:\/\/www.facebook.com\/RepliqueMangaCine\" \/>\n<meta property=\"article:modified_time\" content=\"2026-02-19T10:34:20+00:00\" \/>\n<meta property=\"og:image\" content=\"https:\/\/repliquemangacine.fr\/wp-content\/uploads\/2025\/10\/lance.jpg\" \/>\n\t<meta property=\"og:image:width\" content=\"700\" \/>\n\t<meta property=\"og:image:height\" content=\"700\" \/>\n\t<meta property=\"og:image:type\" content=\"image\/jpeg\" \/>\n<meta name=\"twitter:card\" content=\"summary_large_image\" \/>\n<meta name=\"twitter:label1\" content=\"Tiempo de lectura\" \/>\n\t<meta name=\"twitter:data1\" content=\"3 minutos\" \/>\n<script type=\"application\/ld+json\" class=\"yoast-schema-graph\">{\"@context\":\"https:\\\/\\\/schema.org\",\"@graph\":[{\"@type\":\"WebPage\",\"@id\":\"https:\\\/\\\/repliquemangacine.fr\\\/armes-historiques\\\/la-sainte-lance-replique-du-musee-de-vienne\\\/\",\"url\":\"https:\\\/\\\/repliquemangacine.fr\\\/armes-historiques\\\/la-sainte-lance-replique-du-musee-de-vienne\\\/\",\"name\":\"La Sainte Lance - R\u00e9plique du mus\u00e9e de Vienne - R\u00e9plique Manga Cin\u00e9\",\"isPartOf\":{\"@id\":\"https:\\\/\\\/repliquemangacine.fr\\\/#website\"},\"primaryImageOfPage\":{\"@id\":\"https:\\\/\\\/repliquemangacine.fr\\\/armes-historiques\\\/la-sainte-lance-replique-du-musee-de-vienne\\\/#primaryimage\"},\"image\":{\"@id\":\"https:\\\/\\\/repliquemangacine.fr\\\/armes-historiques\\\/la-sainte-lance-replique-du-musee-de-vienne\\\/#primaryimage\"},\"thumbnailUrl\":\"https:\\\/\\\/repliquemangacine.fr\\\/wp-content\\\/uploads\\\/2025\\\/10\\\/lance.jpg\",\"datePublished\":\"2025-10-11T18:14:39+00:00\",\"dateModified\":\"2026-02-19T10:34:20+00:00\",\"description\":\"D\u00e9couvrez la Sainte Lance, r\u00e9plique fid\u00e8le du tr\u00e9sor de Vienne. Une pi\u00e8ce historique symbolisant la foi, le pouvoir et la l\u00e9gende des empereurs.\",\"breadcrumb\":{\"@id\":\"https:\\\/\\\/repliquemangacine.fr\\\/armes-historiques\\\/la-sainte-lance-replique-du-musee-de-vienne\\\/#breadcrumb\"},\"inLanguage\":\"es\",\"potentialAction\":[{\"@type\":\"ReadAction\",\"target\":[\"https:\\\/\\\/repliquemangacine.fr\\\/armes-historiques\\\/la-sainte-lance-replique-du-musee-de-vienne\\\/\"]}]},{\"@type\":\"ImageObject\",\"inLanguage\":\"es\",\"@id\":\"https:\\\/\\\/repliquemangacine.fr\\\/armes-historiques\\\/la-sainte-lance-replique-du-musee-de-vienne\\\/#primaryimage\",\"url\":\"https:\\\/\\\/repliquemangacine.fr\\\/wp-content\\\/uploads\\\/2025\\\/10\\\/lance.jpg\",\"contentUrl\":\"https:\\\/\\\/repliquemangacine.fr\\\/wp-content\\\/uploads\\\/2025\\\/10\\\/lance.jpg\",\"width\":700,\"height\":700,\"caption\":\"La Sainte Lance\"},{\"@type\":\"BreadcrumbList\",\"@id\":\"https:\\\/\\\/repliquemangacine.fr\\\/armes-historiques\\\/la-sainte-lance-replique-du-musee-de-vienne\\\/#breadcrumb\",\"itemListElement\":[{\"@type\":\"ListItem\",\"position\":1,\"name\":\"Accueil\",\"item\":\"https:\\\/\\\/repliquemangacine.fr\\\/\"},{\"@type\":\"ListItem\",\"position\":2,\"name\":\"Produits\",\"item\":\"https:\\\/\\\/repliquemangacine.fr\\\/boutique\\\/\"},{\"@type\":\"ListItem\",\"position\":3,\"name\":\"La Sainte Lance &#8211; R\u00e9plique du mus\u00e9e de Vienne\"}]},{\"@type\":\"WebSite\",\"@id\":\"https:\\\/\\\/repliquemangacine.fr\\\/#website\",\"url\":\"https:\\\/\\\/repliquemangacine.fr\\\/\",\"name\":\"R\u00e9plique Manga Cin\u00e9\",\"description\":\"\",\"publisher\":{\"@id\":\"https:\\\/\\\/repliquemangacine.fr\\\/#organization\"},\"potentialAction\":[{\"@type\":\"SearchAction\",\"target\":{\"@type\":\"EntryPoint\",\"urlTemplate\":\"https:\\\/\\\/repliquemangacine.fr\\\/?s={search_term_string}\"},\"query-input\":{\"@type\":\"PropertyValueSpecification\",\"valueRequired\":true,\"valueName\":\"search_term_string\"}}],\"inLanguage\":\"es\"},{\"@type\":\"Organization\",\"@id\":\"https:\\\/\\\/repliquemangacine.fr\\\/#organization\",\"name\":\"R\u00e9plique Manga Cin\u00e9\",\"url\":\"https:\\\/\\\/repliquemangacine.fr\\\/\",\"logo\":{\"@type\":\"ImageObject\",\"inLanguage\":\"es\",\"@id\":\"https:\\\/\\\/repliquemangacine.fr\\\/#\\\/schema\\\/logo\\\/image\\\/\",\"url\":\"https:\\\/\\\/repliquemangacine.fr\\\/wp-content\\\/uploads\\\/2023\\\/10\\\/RMC-500250.png\",\"contentUrl\":\"https:\\\/\\\/repliquemangacine.fr\\\/wp-content\\\/uploads\\\/2023\\\/10\\\/RMC-500250.png\",\"width\":500,\"height\":250,\"caption\":\"R\u00e9plique Manga Cin\u00e9\"},\"image\":{\"@id\":\"https:\\\/\\\/repliquemangacine.fr\\\/#\\\/schema\\\/logo\\\/image\\\/\"},\"sameAs\":[\"https:\\\/\\\/www.facebook.com\\\/RepliqueMangaCine\",\"https:\\\/\\\/www.instagram.com\\\/repliquemangacine.fr\\\/\"]}]}<\/script>\n<!-- \/ Yoast SEO plugin. -->","yoast_head_json":{"title":"La Santa Lanza - R\u00e9plica del Museo de Viena - R\u00e9plique Manga Cin\u00e9","description":"Descubra la Santa Lanza, fiel r\u00e9plica del Tesoro de Viena. Una pieza hist\u00f3rica que simboliza la fe, el poder y la leyenda de los emperadores.","robots":{"index":"index","follow":"follow","max-snippet":"max-snippet:-1","max-image-preview":"max-image-preview:large","max-video-preview":"max-video-preview:-1"},"canonical":"https:\/\/repliquemangacine.fr\/es\/armas-historicas\/la-replica-de-la-santa-lanza-del-museo-de-viena\/","og_locale":"es_ES","og_type":"article","og_title":"La Sainte Lance - R\u00e9plique du mus\u00e9e de Vienne - R\u00e9plique Manga Cin\u00e9","og_description":"D\u00e9couvrez la Sainte Lance, r\u00e9plique fid\u00e8le du tr\u00e9sor de Vienne. Une pi\u00e8ce historique symbolisant la foi, le pouvoir et la l\u00e9gende des empereurs.","og_url":"https:\/\/repliquemangacine.fr\/es\/armas-historicas\/la-replica-de-la-santa-lanza-del-museo-de-viena\/","og_site_name":"R\u00e9plique Manga Cin\u00e9","article_publisher":"https:\/\/www.facebook.com\/RepliqueMangaCine","article_modified_time":"2026-02-19T10:34:20+00:00","og_image":[{"width":700,"height":700,"url":"https:\/\/repliquemangacine.fr\/wp-content\/uploads\/2025\/10\/lance.jpg","type":"image\/jpeg"}],"twitter_card":"summary_large_image","twitter_misc":{"Tiempo de lectura":"3 minutos"},"schema":{"@context":"https:\/\/schema.org","@graph":[{"@type":"WebPage","@id":"https:\/\/repliquemangacine.fr\/armes-historiques\/la-sainte-lance-replique-du-musee-de-vienne\/","url":"https:\/\/repliquemangacine.fr\/armes-historiques\/la-sainte-lance-replique-du-musee-de-vienne\/","name":"La Santa Lanza - R\u00e9plica del Museo de Viena - R\u00e9plique Manga Cin\u00e9","isPartOf":{"@id":"https:\/\/repliquemangacine.fr\/#website"},"primaryImageOfPage":{"@id":"https:\/\/repliquemangacine.fr\/armes-historiques\/la-sainte-lance-replique-du-musee-de-vienne\/#primaryimage"},"image":{"@id":"https:\/\/repliquemangacine.fr\/armes-historiques\/la-sainte-lance-replique-du-musee-de-vienne\/#primaryimage"},"thumbnailUrl":"https:\/\/repliquemangacine.fr\/wp-content\/uploads\/2025\/10\/lance.jpg","datePublished":"2025-10-11T18:14:39+00:00","dateModified":"2026-02-19T10:34:20+00:00","description":"Descubra la Santa Lanza, fiel r\u00e9plica del Tesoro de Viena. Una pieza hist\u00f3rica que simboliza la fe, el poder y la leyenda de los emperadores.","breadcrumb":{"@id":"https:\/\/repliquemangacine.fr\/armes-historiques\/la-sainte-lance-replique-du-musee-de-vienne\/#breadcrumb"},"inLanguage":"es","potentialAction":[{"@type":"ReadAction","target":["https:\/\/repliquemangacine.fr\/armes-historiques\/la-sainte-lance-replique-du-musee-de-vienne\/"]}]},{"@type":"ImageObject","inLanguage":"es","@id":"https:\/\/repliquemangacine.fr\/armes-historiques\/la-sainte-lance-replique-du-musee-de-vienne\/#primaryimage","url":"https:\/\/repliquemangacine.fr\/wp-content\/uploads\/2025\/10\/lance.jpg","contentUrl":"https:\/\/repliquemangacine.fr\/wp-content\/uploads\/2025\/10\/lance.jpg","width":700,"height":700,"caption":"La Sainte Lance"},{"@type":"BreadcrumbList","@id":"https:\/\/repliquemangacine.fr\/armes-historiques\/la-sainte-lance-replique-du-musee-de-vienne\/#breadcrumb","itemListElement":[{"@type":"ListItem","position":1,"name":"Accueil","item":"https:\/\/repliquemangacine.fr\/"},{"@type":"ListItem","position":2,"name":"Produits","item":"https:\/\/repliquemangacine.fr\/boutique\/"},{"@type":"ListItem","position":3,"name":"La Sainte Lance &#8211; R\u00e9plique du mus\u00e9e de Vienne"}]},{"@type":"WebSite","@id":"https:\/\/repliquemangacine.fr\/#website","url":"https:\/\/repliquemangacine.fr\/","name":"R\u00e9plique Manga Cin\u00e9","description":"","publisher":{"@id":"https:\/\/repliquemangacine.fr\/#organization"},"potentialAction":[{"@type":"SearchAction","target":{"@type":"EntryPoint","urlTemplate":"https:\/\/repliquemangacine.fr\/?s={search_term_string}"},"query-input":{"@type":"PropertyValueSpecification","valueRequired":true,"valueName":"search_term_string"}}],"inLanguage":"es"},{"@type":"Organization","@id":"https:\/\/repliquemangacine.fr\/#organization","name":"R\u00e9plique Manga Cin\u00e9","url":"https:\/\/repliquemangacine.fr\/","logo":{"@type":"ImageObject","inLanguage":"es","@id":"https:\/\/repliquemangacine.fr\/#\/schema\/logo\/image\/","url":"https:\/\/repliquemangacine.fr\/wp-content\/uploads\/2023\/10\/RMC-500250.png","contentUrl":"https:\/\/repliquemangacine.fr\/wp-content\/uploads\/2023\/10\/RMC-500250.png","width":500,"height":250,"caption":"R\u00e9plique Manga Cin\u00e9"},"image":{"@id":"https:\/\/repliquemangacine.fr\/#\/schema\/logo\/image\/"},"sameAs":["https:\/\/www.facebook.com\/RepliqueMangaCine","https:\/\/www.instagram.com\/repliquemangacine.fr\/"]}]}},"_links":{"self":[{"href":"https:\/\/repliquemangacine.fr\/es\/wp-json\/wp\/v2\/product\/89331","targetHints":{"allow":["GET"]}}],"collection":[{"href":"https:\/\/repliquemangacine.fr\/es\/wp-json\/wp\/v2\/product"}],"about":[{"href":"https:\/\/repliquemangacine.fr\/es\/wp-json\/wp\/v2\/types\/product"}],"wp:featuredmedia":[{"embeddable":true,"href":"https:\/\/repliquemangacine.fr\/es\/wp-json\/wp\/v2\/media\/89335"}],"wp:attachment":[{"href":"https:\/\/repliquemangacine.fr\/es\/wp-json\/wp\/v2\/media?parent=89331"}],"wp:term":[{"taxonomy":"product_brand","embeddable":true,"href":"https:\/\/repliquemangacine.fr\/es\/wp-json\/wp\/v2\/product_brand?post=89331"},{"taxonomy":"product_cat","embeddable":true,"href":"https:\/\/repliquemangacine.fr\/es\/wp-json\/wp\/v2\/product_cat?post=89331"},{"taxonomy":"product_tag","embeddable":true,"href":"https:\/\/repliquemangacine.fr\/es\/wp-json\/wp\/v2\/product_tag?post=89331"}],"curies":[{"name":"wp","href":"https:\/\/api.w.org\/{rel}","templated":true}]}}