





{"id":89324,"date":"2025-10-11T18:37:00","date_gmt":"2025-10-11T16:37:00","guid":{"rendered":"https:\/\/repliquemangacine.fr\/?post_type=product&#038;p=89324"},"modified":"2026-02-19T11:34:50","modified_gmt":"2026-02-19T10:34:50","slug":"daga-vaina-assassins-creed","status":"publish","type":"product","link":"https:\/\/repliquemangacine.fr\/es\/armes-assassins-creed\/dague-assassins-creed-fourreau\/","title":{"rendered":"Daga con vaina Assassin's Creed"},"content":{"rendered":"<h2>La daga de Assassin's Creed y su vaina trasera<\/h2>\n<p>En primer lugar, el <strong>Pu\u00f1al de Alta\u00efr de Assassin's Creed<\/strong> es una extraordinaria pieza de coleccionista. Su hoja de acero, finamente grabada con estrellas, atrae todas las miradas. El mango, de metal macizo pintado de negro, presenta sutiles desconchones que le confieren un aut\u00e9ntico efecto envejecido. Este acabado confiere al cuchillo su car\u00e1cter distintivo. La funda de polipiel marr\u00f3n completa el look con elegancia. Su correa ajustable facilita llevarla a la espalda. Las hebillas, anillas y remaches de metal envejecido contribuyen a su aspecto realista. Esta r\u00e9plica combina robustez, est\u00e9tica y autenticidad. Gustar\u00e1 tanto a los entusiastas de los juegos como a los coleccionistas m\u00e1s exigentes. Con sus meticulosos detalles y su estilo \u00fanico, esta daga es la encarnaci\u00f3n perfecta del legendario mundo de Assassin's Creed.<\/p>\n<h2>Alta\u00efr, el emblem\u00e1tico Maestro Asesino<\/h2>\n<p>Lo primero es lo primero, <a href=\"https:\/\/assassinscreed.fandom.com\/fr\/wiki\/Alta%C3%AFr_Ibn-La%27Ahad\" target=\"_blank\" rel=\"noopener noreferrer\">Alta\u00efr Ibn-La'Ahad,<\/a>\u00a0el h\u00e9roe legendario del primer Assassin's Creed. Encarna la sabidur\u00eda, la discreci\u00f3n y la precisi\u00f3n. Entrenado para ser Asesino desde su nacimiento, Altair se convirti\u00f3 en uno de los Maestros Asesinos m\u00e1s j\u00f3venes a la edad de veinticinco a\u00f1os. Su daga es mucho m\u00e1s que un arma: es un s\u00edmbolo de justicia y lealtad. Utilizada en la sombra, ilustra el arte del combate silencioso. Cada movimiento de Alta\u00efr es calculado, r\u00e1pido y preciso. Su hoja, ligera y afilada, le permite eliminar a sus objetivos con eficacia. Esta arma representa su compromiso con la Hermandad de Asesinos. Tambi\u00e9n simboliza su b\u00fasqueda de la redenci\u00f3n y la verdad. Poseer esta daga es honrar a uno de los mayores maestros asesinos de la saga. Vincula al coleccionista directamente con el esp\u00edritu del credo: \"Nada es verdad, todo est\u00e1 permitido\".<\/p>\n<h2>Armas de Assassin's Creed en R\u00e9plique Manga Cin\u00e9<\/h2>\n<p>R\u00e9plique Manga Cin\u00e9 ofrece una colecci\u00f3n \u00fanica de armas de la famosa saga Assassin's Creed. Descubre tambi\u00e9n la<a href=\"https:\/\/repliquemangacine.fr\/es\/armas-de-assassins-creed\/espada-altair-assassins-creed\/\">espada de Alta\u00efr<\/a>El nuevo aspecto es fiel al del legendario Asesino. Descubre el <a href=\"https:\/\/repliquemangacine.fr\/es\/armas-de-assassins-creed\/assassin-s-creed-odyssey-replica-lanza-rota-de-leonidas\/\">La lanza rota de Le\u00f3nidas<\/a> de Assassin's Creed Odyssey, un s\u00edmbolo de valent\u00eda y herencia espartana. Sin olvidar el hacha de Connor, la famosa <a href=\"https:\/\/repliquemangacine.fr\/es\/armas-de-assassins-creed\/tomahawk-of-assassins-assassins-creed-3\/\">Tomahawk de los asesinos<\/a> de Assassin's Creed III, con un dise\u00f1o temible. Tambi\u00e9n encontrar\u00e1s otros objetos de coleccionista de la saga. Cada r\u00e9plica est\u00e1 cuidadosamente elaborada para ofrecer autenticidad e inmersi\u00f3n. Estas armas m\u00edticas atraer\u00e1n tanto a coleccionistas como a fans del juego. Para terminar, ya se est\u00e1n preparando varios art\u00edculos nuevos para enriquecer la gama. Gracias a estas piezas, todos los aficionados podr\u00e1n prolongar la aventura de Assassin's Creed a trav\u00e9s del tiempo y las leyendas.<\/p>","protected":false},"excerpt":{"rendered":"<p>Magn\u00edfico conjunto de daga y vaina posterior de Alta\u00efr<\/p>\n<ul>\n<li>Hoja de acero sin filo con grabado claramente visible de motivos de estrellas.<\/li>\n<li>Mango de acero macizo pintado de negro, con sutiles desconchones para un efecto envejecido<\/li>\n<li>Funda trasera de polipiel marr\u00f3n con correa ajustable.<\/li>\n<li>Las hebillas, anillas y remaches met\u00e1licos contribuyen a su aspecto realista.<\/li>\n<li>Longitud de la hoja: 36,5 cm - Longitud total: 52 cm<\/li>\n<li>Peso: 370 g daga sola<\/li>\n<\/ul>","protected":false},"featured_media":89325,"template":"","meta":[],"product_brand":[],"product_cat":[836,48],"product_tag":[],"class_list":{"0":"post-89324","1":"product","2":"type-product","3":"status-publish","4":"has-post-thumbnail","6":"product_cat-armes-assassins-creed","7":"product_cat-epees-assassins-creed-armes-assassins-creed","9":"first","10":"instock","11":"taxable","12":"shipping-taxable","13":"purchasable","14":"product-type-simple"},"yoast_head":"<!-- This site is optimized with the Yoast SEO plugin v27.4 - https:\/\/yoast.com\/product\/yoast-seo-wordpress\/ -->\n<title>Dague Assassin&#039;s Creed Fourreau - R\u00e9plique Manga Cin\u00e9<\/title>\n<meta name=\"description\" content=\"D\u00e9couvrez la dague d\u2019Assassin\u2019s Creed d\u2019Alta\u00efr avec fourreau dorsal. Lame en acier grav\u00e9e, poign\u00e9e m\u00e9tal vieilli et design fid\u00e8le au jeu culte.\" \/>\n<meta name=\"robots\" content=\"index, follow, max-snippet:-1, max-image-preview:large, max-video-preview:-1\" \/>\n<link rel=\"canonical\" href=\"https:\/\/repliquemangacine.fr\/es\/armas-de-assassins-creed\/daga-vaina-assassins-creed\/\" \/>\n<meta property=\"og:locale\" content=\"es_ES\" \/>\n<meta property=\"og:type\" content=\"article\" \/>\n<meta property=\"og:title\" content=\"Dague Assassin&#039;s Creed Fourreau - R\u00e9plique Manga Cin\u00e9\" \/>\n<meta property=\"og:description\" content=\"D\u00e9couvrez la dague d\u2019Assassin\u2019s Creed d\u2019Alta\u00efr avec fourreau dorsal. Lame en acier grav\u00e9e, poign\u00e9e m\u00e9tal vieilli et design fid\u00e8le au jeu culte.\" \/>\n<meta property=\"og:url\" content=\"https:\/\/repliquemangacine.fr\/es\/armas-de-assassins-creed\/daga-vaina-assassins-creed\/\" \/>\n<meta property=\"og:site_name\" content=\"R\u00e9plique Manga Cin\u00e9\" \/>\n<meta property=\"article:publisher\" content=\"https:\/\/www.facebook.com\/RepliqueMangaCine\" \/>\n<meta property=\"article:modified_time\" content=\"2026-02-19T10:34:50+00:00\" \/>\n<meta property=\"og:image\" content=\"https:\/\/repliquemangacine.fr\/wp-content\/uploads\/2025\/10\/Dague-Assassins-Creed-avec-fourreau.jpg\" \/>\n\t<meta property=\"og:image:width\" content=\"700\" \/>\n\t<meta property=\"og:image:height\" content=\"700\" \/>\n\t<meta property=\"og:image:type\" content=\"image\/jpeg\" \/>\n<meta name=\"twitter:card\" content=\"summary_large_image\" \/>\n<meta name=\"twitter:label1\" content=\"Tiempo de lectura\" \/>\n\t<meta name=\"twitter:data1\" content=\"3 minutos\" \/>\n<script type=\"application\/ld+json\" class=\"yoast-schema-graph\">{\"@context\":\"https:\\\/\\\/schema.org\",\"@graph\":[{\"@type\":\"WebPage\",\"@id\":\"https:\\\/\\\/repliquemangacine.fr\\\/armes-assassins-creed\\\/dague-assassins-creed-fourreau\\\/\",\"url\":\"https:\\\/\\\/repliquemangacine.fr\\\/armes-assassins-creed\\\/dague-assassins-creed-fourreau\\\/\",\"name\":\"Dague Assassin's Creed Fourreau - R\u00e9plique Manga Cin\u00e9\",\"isPartOf\":{\"@id\":\"https:\\\/\\\/repliquemangacine.fr\\\/#website\"},\"primaryImageOfPage\":{\"@id\":\"https:\\\/\\\/repliquemangacine.fr\\\/armes-assassins-creed\\\/dague-assassins-creed-fourreau\\\/#primaryimage\"},\"image\":{\"@id\":\"https:\\\/\\\/repliquemangacine.fr\\\/armes-assassins-creed\\\/dague-assassins-creed-fourreau\\\/#primaryimage\"},\"thumbnailUrl\":\"https:\\\/\\\/repliquemangacine.fr\\\/wp-content\\\/uploads\\\/2025\\\/10\\\/Dague-Assassins-Creed-avec-fourreau.jpg\",\"datePublished\":\"2025-10-11T16:37:00+00:00\",\"dateModified\":\"2026-02-19T10:34:50+00:00\",\"description\":\"D\u00e9couvrez la dague d\u2019Assassin\u2019s Creed d\u2019Alta\u00efr avec fourreau dorsal. Lame en acier grav\u00e9e, poign\u00e9e m\u00e9tal vieilli et design fid\u00e8le au jeu culte.\",\"breadcrumb\":{\"@id\":\"https:\\\/\\\/repliquemangacine.fr\\\/armes-assassins-creed\\\/dague-assassins-creed-fourreau\\\/#breadcrumb\"},\"inLanguage\":\"es\",\"potentialAction\":[{\"@type\":\"ReadAction\",\"target\":[\"https:\\\/\\\/repliquemangacine.fr\\\/armes-assassins-creed\\\/dague-assassins-creed-fourreau\\\/\"]}]},{\"@type\":\"ImageObject\",\"inLanguage\":\"es\",\"@id\":\"https:\\\/\\\/repliquemangacine.fr\\\/armes-assassins-creed\\\/dague-assassins-creed-fourreau\\\/#primaryimage\",\"url\":\"https:\\\/\\\/repliquemangacine.fr\\\/wp-content\\\/uploads\\\/2025\\\/10\\\/Dague-Assassins-Creed-avec-fourreau.jpg\",\"contentUrl\":\"https:\\\/\\\/repliquemangacine.fr\\\/wp-content\\\/uploads\\\/2025\\\/10\\\/Dague-Assassins-Creed-avec-fourreau.jpg\",\"width\":700,\"height\":700,\"caption\":\"Dague Assassin's Creed fourreau dorsal\"},{\"@type\":\"BreadcrumbList\",\"@id\":\"https:\\\/\\\/repliquemangacine.fr\\\/armes-assassins-creed\\\/dague-assassins-creed-fourreau\\\/#breadcrumb\",\"itemListElement\":[{\"@type\":\"ListItem\",\"position\":1,\"name\":\"Accueil\",\"item\":\"https:\\\/\\\/repliquemangacine.fr\\\/\"},{\"@type\":\"ListItem\",\"position\":2,\"name\":\"Produits\",\"item\":\"https:\\\/\\\/repliquemangacine.fr\\\/boutique\\\/\"},{\"@type\":\"ListItem\",\"position\":3,\"name\":\"Dague Assassin&#8217;s Creed Fourreau\"}]},{\"@type\":\"WebSite\",\"@id\":\"https:\\\/\\\/repliquemangacine.fr\\\/#website\",\"url\":\"https:\\\/\\\/repliquemangacine.fr\\\/\",\"name\":\"R\u00e9plique Manga Cin\u00e9\",\"description\":\"\",\"publisher\":{\"@id\":\"https:\\\/\\\/repliquemangacine.fr\\\/#organization\"},\"potentialAction\":[{\"@type\":\"SearchAction\",\"target\":{\"@type\":\"EntryPoint\",\"urlTemplate\":\"https:\\\/\\\/repliquemangacine.fr\\\/?s={search_term_string}\"},\"query-input\":{\"@type\":\"PropertyValueSpecification\",\"valueRequired\":true,\"valueName\":\"search_term_string\"}}],\"inLanguage\":\"es\"},{\"@type\":\"Organization\",\"@id\":\"https:\\\/\\\/repliquemangacine.fr\\\/#organization\",\"name\":\"R\u00e9plique Manga Cin\u00e9\",\"url\":\"https:\\\/\\\/repliquemangacine.fr\\\/\",\"logo\":{\"@type\":\"ImageObject\",\"inLanguage\":\"es\",\"@id\":\"https:\\\/\\\/repliquemangacine.fr\\\/#\\\/schema\\\/logo\\\/image\\\/\",\"url\":\"https:\\\/\\\/repliquemangacine.fr\\\/wp-content\\\/uploads\\\/2023\\\/10\\\/RMC-500250.png\",\"contentUrl\":\"https:\\\/\\\/repliquemangacine.fr\\\/wp-content\\\/uploads\\\/2023\\\/10\\\/RMC-500250.png\",\"width\":500,\"height\":250,\"caption\":\"R\u00e9plique Manga Cin\u00e9\"},\"image\":{\"@id\":\"https:\\\/\\\/repliquemangacine.fr\\\/#\\\/schema\\\/logo\\\/image\\\/\"},\"sameAs\":[\"https:\\\/\\\/www.facebook.com\\\/RepliqueMangaCine\",\"https:\\\/\\\/www.instagram.com\\\/repliquemangacine.fr\\\/\"]}]}<\/script>\n<!-- \/ Yoast SEO plugin. -->","yoast_head_json":{"title":"Daga con vaina Assassin's Creed - R\u00e9plique Manga Cin\u00e9","description":"Descubre la daga Assassin's Creed de Alta\u00efr con vaina trasera. Hoja de acero grabado, empu\u00f1adura de metal envejecido y dise\u00f1o fiel al juego de culto.","robots":{"index":"index","follow":"follow","max-snippet":"max-snippet:-1","max-image-preview":"max-image-preview:large","max-video-preview":"max-video-preview:-1"},"canonical":"https:\/\/repliquemangacine.fr\/es\/armas-de-assassins-creed\/daga-vaina-assassins-creed\/","og_locale":"es_ES","og_type":"article","og_title":"Dague Assassin's Creed Fourreau - R\u00e9plique Manga Cin\u00e9","og_description":"D\u00e9couvrez la dague d\u2019Assassin\u2019s Creed d\u2019Alta\u00efr avec fourreau dorsal. Lame en acier grav\u00e9e, poign\u00e9e m\u00e9tal vieilli et design fid\u00e8le au jeu culte.","og_url":"https:\/\/repliquemangacine.fr\/es\/armas-de-assassins-creed\/daga-vaina-assassins-creed\/","og_site_name":"R\u00e9plique Manga Cin\u00e9","article_publisher":"https:\/\/www.facebook.com\/RepliqueMangaCine","article_modified_time":"2026-02-19T10:34:50+00:00","og_image":[{"width":700,"height":700,"url":"https:\/\/repliquemangacine.fr\/wp-content\/uploads\/2025\/10\/Dague-Assassins-Creed-avec-fourreau.jpg","type":"image\/jpeg"}],"twitter_card":"summary_large_image","twitter_misc":{"Tiempo de lectura":"3 minutos"},"schema":{"@context":"https:\/\/schema.org","@graph":[{"@type":"WebPage","@id":"https:\/\/repliquemangacine.fr\/armes-assassins-creed\/dague-assassins-creed-fourreau\/","url":"https:\/\/repliquemangacine.fr\/armes-assassins-creed\/dague-assassins-creed-fourreau\/","name":"Daga con vaina Assassin's Creed - R\u00e9plique Manga Cin\u00e9","isPartOf":{"@id":"https:\/\/repliquemangacine.fr\/#website"},"primaryImageOfPage":{"@id":"https:\/\/repliquemangacine.fr\/armes-assassins-creed\/dague-assassins-creed-fourreau\/#primaryimage"},"image":{"@id":"https:\/\/repliquemangacine.fr\/armes-assassins-creed\/dague-assassins-creed-fourreau\/#primaryimage"},"thumbnailUrl":"https:\/\/repliquemangacine.fr\/wp-content\/uploads\/2025\/10\/Dague-Assassins-Creed-avec-fourreau.jpg","datePublished":"2025-10-11T16:37:00+00:00","dateModified":"2026-02-19T10:34:50+00:00","description":"Descubre la daga Assassin's Creed de Alta\u00efr con vaina trasera. Hoja de acero grabado, empu\u00f1adura de metal envejecido y dise\u00f1o fiel al juego de culto.","breadcrumb":{"@id":"https:\/\/repliquemangacine.fr\/armes-assassins-creed\/dague-assassins-creed-fourreau\/#breadcrumb"},"inLanguage":"es","potentialAction":[{"@type":"ReadAction","target":["https:\/\/repliquemangacine.fr\/armes-assassins-creed\/dague-assassins-creed-fourreau\/"]}]},{"@type":"ImageObject","inLanguage":"es","@id":"https:\/\/repliquemangacine.fr\/armes-assassins-creed\/dague-assassins-creed-fourreau\/#primaryimage","url":"https:\/\/repliquemangacine.fr\/wp-content\/uploads\/2025\/10\/Dague-Assassins-Creed-avec-fourreau.jpg","contentUrl":"https:\/\/repliquemangacine.fr\/wp-content\/uploads\/2025\/10\/Dague-Assassins-Creed-avec-fourreau.jpg","width":700,"height":700,"caption":"Dague Assassin's Creed fourreau dorsal"},{"@type":"BreadcrumbList","@id":"https:\/\/repliquemangacine.fr\/armes-assassins-creed\/dague-assassins-creed-fourreau\/#breadcrumb","itemListElement":[{"@type":"ListItem","position":1,"name":"Accueil","item":"https:\/\/repliquemangacine.fr\/"},{"@type":"ListItem","position":2,"name":"Produits","item":"https:\/\/repliquemangacine.fr\/boutique\/"},{"@type":"ListItem","position":3,"name":"Dague Assassin&#8217;s Creed Fourreau"}]},{"@type":"WebSite","@id":"https:\/\/repliquemangacine.fr\/#website","url":"https:\/\/repliquemangacine.fr\/","name":"R\u00e9plique Manga Cin\u00e9","description":"","publisher":{"@id":"https:\/\/repliquemangacine.fr\/#organization"},"potentialAction":[{"@type":"SearchAction","target":{"@type":"EntryPoint","urlTemplate":"https:\/\/repliquemangacine.fr\/?s={search_term_string}"},"query-input":{"@type":"PropertyValueSpecification","valueRequired":true,"valueName":"search_term_string"}}],"inLanguage":"es"},{"@type":"Organization","@id":"https:\/\/repliquemangacine.fr\/#organization","name":"R\u00e9plique Manga Cin\u00e9","url":"https:\/\/repliquemangacine.fr\/","logo":{"@type":"ImageObject","inLanguage":"es","@id":"https:\/\/repliquemangacine.fr\/#\/schema\/logo\/image\/","url":"https:\/\/repliquemangacine.fr\/wp-content\/uploads\/2023\/10\/RMC-500250.png","contentUrl":"https:\/\/repliquemangacine.fr\/wp-content\/uploads\/2023\/10\/RMC-500250.png","width":500,"height":250,"caption":"R\u00e9plique Manga Cin\u00e9"},"image":{"@id":"https:\/\/repliquemangacine.fr\/#\/schema\/logo\/image\/"},"sameAs":["https:\/\/www.facebook.com\/RepliqueMangaCine","https:\/\/www.instagram.com\/repliquemangacine.fr\/"]}]}},"_links":{"self":[{"href":"https:\/\/repliquemangacine.fr\/es\/wp-json\/wp\/v2\/product\/89324","targetHints":{"allow":["GET"]}}],"collection":[{"href":"https:\/\/repliquemangacine.fr\/es\/wp-json\/wp\/v2\/product"}],"about":[{"href":"https:\/\/repliquemangacine.fr\/es\/wp-json\/wp\/v2\/types\/product"}],"wp:featuredmedia":[{"embeddable":true,"href":"https:\/\/repliquemangacine.fr\/es\/wp-json\/wp\/v2\/media\/89325"}],"wp:attachment":[{"href":"https:\/\/repliquemangacine.fr\/es\/wp-json\/wp\/v2\/media?parent=89324"}],"wp:term":[{"taxonomy":"product_brand","embeddable":true,"href":"https:\/\/repliquemangacine.fr\/es\/wp-json\/wp\/v2\/product_brand?post=89324"},{"taxonomy":"product_cat","embeddable":true,"href":"https:\/\/repliquemangacine.fr\/es\/wp-json\/wp\/v2\/product_cat?post=89324"},{"taxonomy":"product_tag","embeddable":true,"href":"https:\/\/repliquemangacine.fr\/es\/wp-json\/wp\/v2\/product_tag?post=89324"}],"curies":[{"name":"wp","href":"https:\/\/api.w.org\/{rel}","templated":true}]}}