





{"id":89295,"date":"2025-10-10T18:31:58","date_gmt":"2025-10-10T16:31:58","guid":{"rendered":"https:\/\/repliquemangacine.fr\/?post_type=product&#038;p=89295"},"modified":"2026-05-01T19:27:26","modified_gmt":"2026-05-01T17:27:26","slug":"set-katana-azul-sakai-espada-de-jin-fantasma-de-tsushima","status":"publish","type":"product","link":"https:\/\/repliquemangacine.fr\/es\/katana-et-epee-de-jeux-video-autre-jeux-video\/set-katana-blue-sakai-epee-de-jin-ghost-of-tsushima\/","title":{"rendered":"Juego de katana Sakai azul - Espada Jin"},"content":{"rendered":"<h2>Set de katanas Blue Sakai Ghost of Tsushima: el arma legendaria de Jin Sakai<\/h2>\n<p>En primer lugar, este set katana Blue Sakai Ghost of Tsushima rinde homenaje al inmersivo universo del famoso videojuego. Compuesto por una katana y una wakizashi a juego, combina belleza, autenticidad y acabados de alta gama. La katana representa la nobleza y el poder del combate frontal, mientras que la wakizashi, m\u00e1s corta, simboliza la precisi\u00f3n y el dominio del combate cuerpo a cuerpo.<br \/>\nCabe destacar que el dise\u00f1o del set reproduce fielmente la est\u00e9tica del juego.<\/p>\n<p>Las empu\u00f1aduras blancas trenzadas garantizan un excelente agarre y recuerdan el estilo tradicional japon\u00e9s. Adem\u00e1s, las fundas lacadas en negro y azul est\u00e1n decoradas con elegantes motivos inspirados en las olas de Tsushima. Por \u00faltimo, los detalles dorados y plateados en la guarda y la punta realzan este conjunto, que se entrega con su soporte de exposici\u00f3n.<\/p>\n<h2>Jin Sakai, el Fantasma de Tsushima y su emblem\u00e1tica katana<\/h2>\n<p>En <a href=\"https:\/\/ghost-of-tsushima.fandom.com\/fr\/wiki\/Ghost_of_Tsushima\" target=\"_blank\" rel=\"noopener noreferrer\">El fantasma de Tsushima<\/a>, el h\u00e9roe Jin Sakai representa la lucha entre el honor y la supervivencia. Poco a poco, abandona el estricto c\u00f3digo de los samur\u00e1is para convertirse en el Fantasma, un guerrero astuto y temido. Su katana encarna su metamorfosis: un s\u00edmbolo de valent\u00eda, adaptaci\u00f3n y resistencia frente al enemigo mongol. Asesinatos, uso de armas explosivas o envenenadas... El Fantasma se convierte en una aut\u00e9ntica leyenda en toda la isla y en un s\u00edmbolo de esperanza para todos sus habitantes.<\/p>\n<p>Por lo tanto, poseer esta r\u00e9plica equivale a celebrar la nobleza de un hombre que decidi\u00f3 luchar por la libertad de su pueblo.<\/p>\n<h2>Otras r\u00e9plicas legendarias por descubrir en R\u00e9plique Manga Cin\u00e9<\/h2>\n<p>En la p\u00e1gina web R\u00e9plique Manga Cin\u00e9 tambi\u00e9n encontrar\u00e1s numerosas r\u00e9plicas de los videojuegos m\u00e1s famosos.<br \/>\nAdem\u00e1s de este excepcional set, descubra el\u2019<a href=\"https:\/\/repliquemangacine.fr\/es\/katana-y-espada-videojuego-otros-videojuegos\/fantasma-de-tsushima-jin-espada\/\">La espada de Jin Sakai sola<\/a>ambos <a href=\"https:\/\/repliquemangacine.fr\/es\/katana-y-espada-videojuego-otros-videojuegos\/epees-darcher-yin-yang-fate-stay-night\/\">Las espadas de Archer en Fate Stay Night<\/a>o el <a href=\"https:\/\/repliquemangacine.fr\/es\/katana-y-espada-videojuego-otros-videojuegos\/espada-roja-reina-diablo-mi-grito\/\">La Reina Roja de Nero en Devil May Cry<\/a>.<br \/>\n\u00a1Y eso no es todo! Te esperan numerosas armas legendarias y objetos de coleccionista para enriquecer tu colecci\u00f3n.<br \/>\nEn resumen, R\u00e9plique Manga Cin\u00e9 te sumerge en el coraz\u00f3n de los universos videol\u00fadicos m\u00e1s emblem\u00e1ticos con piezas excepcionales.<\/p>","protected":false},"excerpt":{"rendered":"<p>Magn\u00edfico juego de katanas Blue Sakai, la espada de Jin en Ghost of Tsushima.<\/p>\n<ul>\n<li>Las cuchillas son de acero inoxidable 440 de dos tonos<\/li>\n<li>Asas de imitaci\u00f3n de piel de raya rodeadas de trenzado de algod\u00f3n blanco<\/li>\n<li>Los protectores de acero est\u00e1n finamente grabados<\/li>\n<li>Fundas de madera lacada en negro con elegantes motivos inspirados en las olas de Tsushima<\/li>\n<li>En la parte inferior de las vainas hay una pieza de aluminio que forma ondas.<\/li>\n<li>Se suministra con soporte de 2 plazas.<\/li>\n<li><strong>Wakizashi<\/strong> 47 cm de hoja - Longitud total: 80 cm con vaina<\/li>\n<li><strong>Katana<\/strong> Hoja: 68 cm - Longitud total: 103 cm con vaina<\/li>\n<\/ul>","protected":false},"featured_media":89298,"template":"","meta":[],"product_brand":[],"product_cat":[32,67],"product_tag":[],"class_list":{"0":"post-89295","1":"product","2":"type-product","3":"status-publish","4":"has-post-thumbnail","6":"product_cat-katana-decoration","7":"product_cat-katana-et-epee-de-jeux-video-autre-jeux-video","9":"first","10":"instock","11":"taxable","12":"shipping-taxable","13":"purchasable","14":"product-type-simple"},"yoast_head":"<!-- This site is optimized with the Yoast SEO plugin v27.5 - https:\/\/yoast.com\/product\/yoast-seo-wordpress\/ -->\n<title>Set katana Blue Sakai- Ep\u00e9e de jin - R\u00e9plique Manga Cin\u00e9<\/title>\n<meta name=\"description\" content=\"Incarne le Fant\u00f4me de Tsushima ! Set katana Blue Sakai fid\u00e8le au jeu vid\u00e9o culte Ghost of Tsushima. Version luxe comprenant Katana, Wakizashi et support.\" \/>\n<meta name=\"robots\" content=\"index, follow, max-snippet:-1, max-image-preview:large, max-video-preview:-1\" \/>\n<link rel=\"canonical\" href=\"https:\/\/repliquemangacine.fr\/es\/katana-y-espada-videojuego-otros-videojuegos\/set-katana-azul-sakai-espada-de-jin-fantasma-de-tsushima\/\" \/>\n<meta property=\"og:locale\" content=\"es_ES\" \/>\n<meta property=\"og:type\" content=\"article\" \/>\n<meta property=\"og:title\" content=\"Set katana Blue Sakai- Ep\u00e9e de jin - R\u00e9plique Manga Cin\u00e9\" \/>\n<meta property=\"og:description\" content=\"Incarne le Fant\u00f4me de Tsushima ! Set katana Blue Sakai fid\u00e8le au jeu vid\u00e9o culte Ghost of Tsushima. Version luxe comprenant Katana, Wakizashi et support.\" \/>\n<meta property=\"og:url\" content=\"https:\/\/repliquemangacine.fr\/es\/katana-y-espada-videojuego-otros-videojuegos\/set-katana-azul-sakai-espada-de-jin-fantasma-de-tsushima\/\" \/>\n<meta property=\"og:site_name\" content=\"R\u00e9plique Manga Cin\u00e9\" \/>\n<meta property=\"article:publisher\" content=\"https:\/\/www.facebook.com\/RepliqueMangaCine\" \/>\n<meta property=\"article:modified_time\" content=\"2026-05-01T17:27:26+00:00\" \/>\n<meta property=\"og:image\" content=\"https:\/\/repliquemangacine.fr\/wp-content\/uploads\/2025\/10\/Set-Katana-Wakizashi-Jin.jpg\" \/>\n\t<meta property=\"og:image:width\" content=\"600\" \/>\n\t<meta property=\"og:image:height\" content=\"600\" \/>\n\t<meta property=\"og:image:type\" content=\"image\/jpeg\" \/>\n<meta name=\"twitter:card\" content=\"summary_large_image\" \/>\n<meta name=\"twitter:label1\" content=\"Tiempo de lectura\" \/>\n\t<meta name=\"twitter:data1\" content=\"2 minutos\" \/>\n<script type=\"application\/ld+json\" class=\"yoast-schema-graph\">{\"@context\":\"https:\\\/\\\/schema.org\",\"@graph\":[{\"@type\":\"WebPage\",\"@id\":\"https:\\\/\\\/repliquemangacine.fr\\\/katana-et-epee-de-jeux-video-autre-jeux-video\\\/set-katana-blue-sakai-epee-de-jin-ghost-of-tsushima\\\/\",\"url\":\"https:\\\/\\\/repliquemangacine.fr\\\/katana-et-epee-de-jeux-video-autre-jeux-video\\\/set-katana-blue-sakai-epee-de-jin-ghost-of-tsushima\\\/\",\"name\":\"Set katana Blue Sakai- Ep\u00e9e de jin - R\u00e9plique Manga Cin\u00e9\",\"isPartOf\":{\"@id\":\"https:\\\/\\\/repliquemangacine.fr\\\/#website\"},\"primaryImageOfPage\":{\"@id\":\"https:\\\/\\\/repliquemangacine.fr\\\/katana-et-epee-de-jeux-video-autre-jeux-video\\\/set-katana-blue-sakai-epee-de-jin-ghost-of-tsushima\\\/#primaryimage\"},\"image\":{\"@id\":\"https:\\\/\\\/repliquemangacine.fr\\\/katana-et-epee-de-jeux-video-autre-jeux-video\\\/set-katana-blue-sakai-epee-de-jin-ghost-of-tsushima\\\/#primaryimage\"},\"thumbnailUrl\":\"https:\\\/\\\/repliquemangacine.fr\\\/wp-content\\\/uploads\\\/2025\\\/10\\\/Set-Katana-Wakizashi-Jin.jpg\",\"datePublished\":\"2025-10-10T16:31:58+00:00\",\"dateModified\":\"2026-05-01T17:27:26+00:00\",\"description\":\"Incarne le Fant\u00f4me de Tsushima ! Set katana Blue Sakai fid\u00e8le au jeu vid\u00e9o culte Ghost of Tsushima. Version luxe comprenant Katana, Wakizashi et support.\",\"breadcrumb\":{\"@id\":\"https:\\\/\\\/repliquemangacine.fr\\\/katana-et-epee-de-jeux-video-autre-jeux-video\\\/set-katana-blue-sakai-epee-de-jin-ghost-of-tsushima\\\/#breadcrumb\"},\"inLanguage\":\"es\",\"potentialAction\":[{\"@type\":\"ReadAction\",\"target\":[\"https:\\\/\\\/repliquemangacine.fr\\\/katana-et-epee-de-jeux-video-autre-jeux-video\\\/set-katana-blue-sakai-epee-de-jin-ghost-of-tsushima\\\/\"]}]},{\"@type\":\"ImageObject\",\"inLanguage\":\"es\",\"@id\":\"https:\\\/\\\/repliquemangacine.fr\\\/katana-et-epee-de-jeux-video-autre-jeux-video\\\/set-katana-blue-sakai-epee-de-jin-ghost-of-tsushima\\\/#primaryimage\",\"url\":\"https:\\\/\\\/repliquemangacine.fr\\\/wp-content\\\/uploads\\\/2025\\\/10\\\/Set-Katana-Wakizashi-Jin.jpg\",\"contentUrl\":\"https:\\\/\\\/repliquemangacine.fr\\\/wp-content\\\/uploads\\\/2025\\\/10\\\/Set-Katana-Wakizashi-Jin.jpg\",\"width\":600,\"height\":600,\"caption\":\"Set katana Blue Sakai, katana, wakizashi et support dans Ghost of Tsushima\"},{\"@type\":\"BreadcrumbList\",\"@id\":\"https:\\\/\\\/repliquemangacine.fr\\\/katana-et-epee-de-jeux-video-autre-jeux-video\\\/set-katana-blue-sakai-epee-de-jin-ghost-of-tsushima\\\/#breadcrumb\",\"itemListElement\":[{\"@type\":\"ListItem\",\"position\":1,\"name\":\"Accueil\",\"item\":\"https:\\\/\\\/repliquemangacine.fr\\\/\"},{\"@type\":\"ListItem\",\"position\":2,\"name\":\"Produits\",\"item\":\"https:\\\/\\\/repliquemangacine.fr\\\/boutique\\\/\"},{\"@type\":\"ListItem\",\"position\":3,\"name\":\"Set katana Blue Sakai- Ep\u00e9e de jin\"}]},{\"@type\":\"WebSite\",\"@id\":\"https:\\\/\\\/repliquemangacine.fr\\\/#website\",\"url\":\"https:\\\/\\\/repliquemangacine.fr\\\/\",\"name\":\"R\u00e9plique Manga Cin\u00e9\",\"description\":\"\",\"publisher\":{\"@id\":\"https:\\\/\\\/repliquemangacine.fr\\\/#organization\"},\"potentialAction\":[{\"@type\":\"SearchAction\",\"target\":{\"@type\":\"EntryPoint\",\"urlTemplate\":\"https:\\\/\\\/repliquemangacine.fr\\\/?s={search_term_string}\"},\"query-input\":{\"@type\":\"PropertyValueSpecification\",\"valueRequired\":true,\"valueName\":\"search_term_string\"}}],\"inLanguage\":\"es\"},{\"@type\":\"Organization\",\"@id\":\"https:\\\/\\\/repliquemangacine.fr\\\/#organization\",\"name\":\"R\u00e9plique Manga Cin\u00e9\",\"url\":\"https:\\\/\\\/repliquemangacine.fr\\\/\",\"logo\":{\"@type\":\"ImageObject\",\"inLanguage\":\"es\",\"@id\":\"https:\\\/\\\/repliquemangacine.fr\\\/#\\\/schema\\\/logo\\\/image\\\/\",\"url\":\"https:\\\/\\\/repliquemangacine.fr\\\/wp-content\\\/uploads\\\/2023\\\/10\\\/RMC-500250.png\",\"contentUrl\":\"https:\\\/\\\/repliquemangacine.fr\\\/wp-content\\\/uploads\\\/2023\\\/10\\\/RMC-500250.png\",\"width\":500,\"height\":250,\"caption\":\"R\u00e9plique Manga Cin\u00e9\"},\"image\":{\"@id\":\"https:\\\/\\\/repliquemangacine.fr\\\/#\\\/schema\\\/logo\\\/image\\\/\"},\"sameAs\":[\"https:\\\/\\\/www.facebook.com\\\/RepliqueMangaCine\",\"https:\\\/\\\/www.instagram.com\\\/repliquemangacine.fr\\\/\"]}]}<\/script>\n<!-- \/ Yoast SEO plugin. -->","yoast_head_json":{"title":"Set katana Sakai azul- Espada Jin - R\u00e9plique Manga Cin\u00e9","description":"\u00a1Juega como el Fantasma de Tsushima! Juego de katana Sakai azul basado en el videojuego de culto Ghost of Tsushima. Versi\u00f3n de lujo que incluye Katana, Wakizashi y soporte.","robots":{"index":"index","follow":"follow","max-snippet":"max-snippet:-1","max-image-preview":"max-image-preview:large","max-video-preview":"max-video-preview:-1"},"canonical":"https:\/\/repliquemangacine.fr\/es\/katana-y-espada-videojuego-otros-videojuegos\/set-katana-azul-sakai-espada-de-jin-fantasma-de-tsushima\/","og_locale":"es_ES","og_type":"article","og_title":"Set katana Blue Sakai- Ep\u00e9e de jin - R\u00e9plique Manga Cin\u00e9","og_description":"Incarne le Fant\u00f4me de Tsushima ! Set katana Blue Sakai fid\u00e8le au jeu vid\u00e9o culte Ghost of Tsushima. Version luxe comprenant Katana, Wakizashi et support.","og_url":"https:\/\/repliquemangacine.fr\/es\/katana-y-espada-videojuego-otros-videojuegos\/set-katana-azul-sakai-espada-de-jin-fantasma-de-tsushima\/","og_site_name":"R\u00e9plique Manga Cin\u00e9","article_publisher":"https:\/\/www.facebook.com\/RepliqueMangaCine","article_modified_time":"2026-05-01T17:27:26+00:00","og_image":[{"width":600,"height":600,"url":"https:\/\/repliquemangacine.fr\/wp-content\/uploads\/2025\/10\/Set-Katana-Wakizashi-Jin.jpg","type":"image\/jpeg"}],"twitter_card":"summary_large_image","twitter_misc":{"Tiempo de lectura":"2 minutos"},"schema":{"@context":"https:\/\/schema.org","@graph":[{"@type":"WebPage","@id":"https:\/\/repliquemangacine.fr\/katana-et-epee-de-jeux-video-autre-jeux-video\/set-katana-blue-sakai-epee-de-jin-ghost-of-tsushima\/","url":"https:\/\/repliquemangacine.fr\/katana-et-epee-de-jeux-video-autre-jeux-video\/set-katana-blue-sakai-epee-de-jin-ghost-of-tsushima\/","name":"Set katana Sakai azul- Espada Jin - R\u00e9plique Manga Cin\u00e9","isPartOf":{"@id":"https:\/\/repliquemangacine.fr\/#website"},"primaryImageOfPage":{"@id":"https:\/\/repliquemangacine.fr\/katana-et-epee-de-jeux-video-autre-jeux-video\/set-katana-blue-sakai-epee-de-jin-ghost-of-tsushima\/#primaryimage"},"image":{"@id":"https:\/\/repliquemangacine.fr\/katana-et-epee-de-jeux-video-autre-jeux-video\/set-katana-blue-sakai-epee-de-jin-ghost-of-tsushima\/#primaryimage"},"thumbnailUrl":"https:\/\/repliquemangacine.fr\/wp-content\/uploads\/2025\/10\/Set-Katana-Wakizashi-Jin.jpg","datePublished":"2025-10-10T16:31:58+00:00","dateModified":"2026-05-01T17:27:26+00:00","description":"\u00a1Juega como el Fantasma de Tsushima! Juego de katana Sakai azul basado en el videojuego de culto Ghost of Tsushima. Versi\u00f3n de lujo que incluye Katana, Wakizashi y soporte.","breadcrumb":{"@id":"https:\/\/repliquemangacine.fr\/katana-et-epee-de-jeux-video-autre-jeux-video\/set-katana-blue-sakai-epee-de-jin-ghost-of-tsushima\/#breadcrumb"},"inLanguage":"es","potentialAction":[{"@type":"ReadAction","target":["https:\/\/repliquemangacine.fr\/katana-et-epee-de-jeux-video-autre-jeux-video\/set-katana-blue-sakai-epee-de-jin-ghost-of-tsushima\/"]}]},{"@type":"ImageObject","inLanguage":"es","@id":"https:\/\/repliquemangacine.fr\/katana-et-epee-de-jeux-video-autre-jeux-video\/set-katana-blue-sakai-epee-de-jin-ghost-of-tsushima\/#primaryimage","url":"https:\/\/repliquemangacine.fr\/wp-content\/uploads\/2025\/10\/Set-Katana-Wakizashi-Jin.jpg","contentUrl":"https:\/\/repliquemangacine.fr\/wp-content\/uploads\/2025\/10\/Set-Katana-Wakizashi-Jin.jpg","width":600,"height":600,"caption":"Set katana Blue Sakai, katana, wakizashi et support dans Ghost of Tsushima"},{"@type":"BreadcrumbList","@id":"https:\/\/repliquemangacine.fr\/katana-et-epee-de-jeux-video-autre-jeux-video\/set-katana-blue-sakai-epee-de-jin-ghost-of-tsushima\/#breadcrumb","itemListElement":[{"@type":"ListItem","position":1,"name":"Accueil","item":"https:\/\/repliquemangacine.fr\/"},{"@type":"ListItem","position":2,"name":"Produits","item":"https:\/\/repliquemangacine.fr\/boutique\/"},{"@type":"ListItem","position":3,"name":"Set katana Blue Sakai- Ep\u00e9e de jin"}]},{"@type":"WebSite","@id":"https:\/\/repliquemangacine.fr\/#website","url":"https:\/\/repliquemangacine.fr\/","name":"R\u00e9plique Manga Cin\u00e9","description":"","publisher":{"@id":"https:\/\/repliquemangacine.fr\/#organization"},"potentialAction":[{"@type":"SearchAction","target":{"@type":"EntryPoint","urlTemplate":"https:\/\/repliquemangacine.fr\/?s={search_term_string}"},"query-input":{"@type":"PropertyValueSpecification","valueRequired":true,"valueName":"search_term_string"}}],"inLanguage":"es"},{"@type":"Organization","@id":"https:\/\/repliquemangacine.fr\/#organization","name":"R\u00e9plique Manga Cin\u00e9","url":"https:\/\/repliquemangacine.fr\/","logo":{"@type":"ImageObject","inLanguage":"es","@id":"https:\/\/repliquemangacine.fr\/#\/schema\/logo\/image\/","url":"https:\/\/repliquemangacine.fr\/wp-content\/uploads\/2023\/10\/RMC-500250.png","contentUrl":"https:\/\/repliquemangacine.fr\/wp-content\/uploads\/2023\/10\/RMC-500250.png","width":500,"height":250,"caption":"R\u00e9plique Manga Cin\u00e9"},"image":{"@id":"https:\/\/repliquemangacine.fr\/#\/schema\/logo\/image\/"},"sameAs":["https:\/\/www.facebook.com\/RepliqueMangaCine","https:\/\/www.instagram.com\/repliquemangacine.fr\/"]}]}},"_links":{"self":[{"href":"https:\/\/repliquemangacine.fr\/es\/wp-json\/wp\/v2\/product\/89295","targetHints":{"allow":["GET"]}}],"collection":[{"href":"https:\/\/repliquemangacine.fr\/es\/wp-json\/wp\/v2\/product"}],"about":[{"href":"https:\/\/repliquemangacine.fr\/es\/wp-json\/wp\/v2\/types\/product"}],"wp:featuredmedia":[{"embeddable":true,"href":"https:\/\/repliquemangacine.fr\/es\/wp-json\/wp\/v2\/media\/89298"}],"wp:attachment":[{"href":"https:\/\/repliquemangacine.fr\/es\/wp-json\/wp\/v2\/media?parent=89295"}],"wp:term":[{"taxonomy":"product_brand","embeddable":true,"href":"https:\/\/repliquemangacine.fr\/es\/wp-json\/wp\/v2\/product_brand?post=89295"},{"taxonomy":"product_cat","embeddable":true,"href":"https:\/\/repliquemangacine.fr\/es\/wp-json\/wp\/v2\/product_cat?post=89295"},{"taxonomy":"product_tag","embeddable":true,"href":"https:\/\/repliquemangacine.fr\/es\/wp-json\/wp\/v2\/product_tag?post=89295"}],"curies":[{"name":"wp","href":"https:\/\/api.w.org\/{rel}","templated":true}]}}