





{"id":89237,"date":"2025-10-09T17:43:27","date_gmt":"2025-10-09T15:43:27","guid":{"rendered":"https:\/\/repliquemangacine.fr\/?post_type=product&#038;p=89237"},"modified":"2026-02-19T11:36:00","modified_gmt":"2026-02-19T10:36:00","slug":"kasakas-venom-fang-solo-leveling","status":"publish","type":"product","link":"https:\/\/repliquemangacine.fr\/es\/solo-leveling\/kasakas-venom-fang-solo-leveling\/","title":{"rendered":"Colmillo venenoso de Kasaka - Nivelaci\u00f3n en solitario"},"content":{"rendered":"<h2>Colmillo venenoso de Kasaka en Solo Leveling<\/h2>\n<p>En primer lugar, el <strong>Colmillo Venenoso de Kasaka<\/strong>una de las primeras armas m\u00edticas obtenidas por Sung Jin-Woo en Solo Leveling. Esta daga, arrancada de la terrible serpiente Kasaka, es famosa por su poder venenoso. Su hoja fina, afilada y azulada contiene un veneno mortal. Cada golpe inflige un da\u00f1o continuo al enemigo, dej\u00e1ndolo cada vez m\u00e1s vulnerable. En el juego, como en el manhwa, esta arma simboliza la evoluci\u00f3n del h\u00e9roe. Gracias a ella, Jin-Woo pasa de ser un d\u00e9bil cazador a un aut\u00e9ntico luchador. Su dise\u00f1o recuerda al colmillo de una serpiente gigante, a la vez elegante y peligroso. Con su guarda en forma de garra de reptil, esta r\u00e9plica atrae todas las miradas. Es ideal para los coleccionistas que buscan una pieza \u00fanica e ic\u00f3nica de Solo Leveling.<\/p>\n<h2>Sung Jin-Woo y el dominio del veneno<\/h2>\n<p><a href=\"https:\/\/solo-leveling.fandom.com\/wiki\/Sung_Jinwoo\" target=\"_blank\" rel=\"noopener noreferrer\">Sung Jin-Woo<\/a> se encarga del <strong>Colmillo Venenoso de Kasaka<\/strong> con una eficacia formidable. Al principio de su ascenso, la utiliz\u00f3 para derrotar a monstruos mucho m\u00e1s poderosos que \u00e9l. Su velocidad y precisi\u00f3n le permit\u00edan explotar al m\u00e1ximo el efecto venenoso de la hoja. La daga se convierte en su arma preferida para eliminar discretamente a sus oponentes. Jin-Woo encarna la evoluci\u00f3n constante, pasando del papel de presa al de depredador. El Colmillo Venenoso de Kasaka marca esta transici\u00f3n. Simboliza su inteligencia t\u00e1ctica y su capacidad para sacar provecho de cada victoria. En el manhwa, cada combate con esta arma es una lecci\u00f3n de estrategia y compostura. Jin-Woo se queda con ella hasta que domina dagas a\u00fan m\u00e1s poderosas, cimentando su leyenda.<\/p>\n<h2>Otras r\u00e9plicas de Solo Leveling en R\u00e9plique Manga Cin\u00e9<\/h2>\n<p>R\u00e9plique Manga Cin\u00e9 ofrece una amplia selecci\u00f3n de armas m\u00edticas de Solo Leveling. Adem\u00e1s de las <strong>Colmillo Venenoso de Kasaka<\/strong>descubre la <a href=\"https:\/\/repliquemangacine.fr\/es\/nivelacion-en-solitario\/dague-caballero-asesino-nivelacion-en-solitario\/\">Daga del Caballero Asesino<\/a>todo en acero, s\u00edmbolo de fuerza bruta. Tambi\u00e9n puede encontrar el <a href=\"https:\/\/repliquemangacine.fr\/es\/nivelacion-en-solitario\/dos-dagas-del-rey-demonio-nivelacion-en-solitario\/\">dos dagas del Rey Demonio<\/a>con una cabeza y un ojo demon\u00edacos, perfecta para los fans de las armas oscuras. Sin olvidar la famosa <a href=\"https:\/\/repliquemangacine.fr\/es\/nivelacion-en-solitario\/daga-baruka-nivelacion-en-solitario\/\">Pu\u00f1al Baruka<\/a>Un dise\u00f1o bestial y temible. Cada pieza est\u00e1 cuidadosamente elaborada para ofrecer la m\u00e1xima fidelidad a la obra original. Gracias a estas r\u00e9plicas, los coleccionistas podr\u00e1n sumergirse en el intenso mundo de Sung Jin-Woo. Pronto se a\u00f1adir\u00e1n a la colecci\u00f3n otros nuevos productos de Solo Leveling. Estas armas legendarias transformar\u00e1n tu escaparate en una aut\u00e9ntica galer\u00eda de h\u00e9roes y demonios.<\/p>","protected":false},"excerpt":{"rendered":"<p>Magn\u00edfica r\u00e9plica de la daga Colmillo venenoso de Kasaka, tambi\u00e9n conocida como Colmillo venenoso de Kasaka en Solo Leveling.<\/p>\n<ul>\n<li>Hoja de acero morado sin filo con un dise\u00f1o sinuoso que recuerda a las marcas de energ\u00eda m\u00e1gica.<\/li>\n<li>Guarda met\u00e1lica de color cobrizo que forma garras de reptil.<\/li>\n<li>Mango de metal cubierto con una venda de algod\u00f3n beige para un agarre seguro.<\/li>\n<li>Pomo de acero macizo de color cobre con una forma espec\u00edfica.<\/li>\n<li>Se entrega con expositor de madera.<\/li>\n<li>Longitud total de la hoja: 55 cm<\/li>\n<li>Longitud total de la daga: 61 cm - Peso: 1355 g<\/li>\n<\/ul>","protected":false},"featured_media":89240,"template":"","meta":[],"product_brand":[],"product_cat":[895],"product_tag":[],"class_list":{"0":"post-89237","1":"product","2":"type-product","3":"status-publish","4":"has-post-thumbnail","6":"product_cat-solo-leveling","8":"first","9":"instock","10":"taxable","11":"shipping-taxable","12":"purchasable","13":"product-type-simple"},"yoast_head":"<!-- This site is optimized with the Yoast SEO plugin v27.4 - https:\/\/yoast.com\/product\/yoast-seo-wordpress\/ -->\n<title>Kasaka\u2019s Venom Fang - Solo Leveling - R\u00e9plique Manga Cin\u00e9<\/title>\n<meta name=\"description\" content=\"Ajoutez \u00e0 votre collection la Kasaka\u2019s Venom Fang de Solo Leveling. Une r\u00e9plique fid\u00e8le et venimeuse, symbole du pouvoir de Sung Jin-Woo. 60 cm.\" \/>\n<meta name=\"robots\" content=\"index, follow, max-snippet:-1, max-image-preview:large, max-video-preview:-1\" \/>\n<link rel=\"canonical\" href=\"https:\/\/repliquemangacine.fr\/es\/nivelacion-en-solitario\/kasakas-venom-fang-solo-leveling\/\" \/>\n<meta property=\"og:locale\" content=\"es_ES\" \/>\n<meta property=\"og:type\" content=\"article\" \/>\n<meta property=\"og:title\" content=\"Kasaka\u2019s Venom Fang - Solo Leveling - R\u00e9plique Manga Cin\u00e9\" \/>\n<meta property=\"og:description\" content=\"Ajoutez \u00e0 votre collection la Kasaka\u2019s Venom Fang de Solo Leveling. Une r\u00e9plique fid\u00e8le et venimeuse, symbole du pouvoir de Sung Jin-Woo. 60 cm.\" \/>\n<meta property=\"og:url\" content=\"https:\/\/repliquemangacine.fr\/es\/nivelacion-en-solitario\/kasakas-venom-fang-solo-leveling\/\" \/>\n<meta property=\"og:site_name\" content=\"R\u00e9plique Manga Cin\u00e9\" \/>\n<meta property=\"article:publisher\" content=\"https:\/\/www.facebook.com\/RepliqueMangaCine\" \/>\n<meta property=\"article:modified_time\" content=\"2026-02-19T10:36:00+00:00\" \/>\n<meta property=\"og:image\" content=\"https:\/\/repliquemangacine.fr\/wp-content\/uploads\/2025\/10\/Kasakas-Venom-Fang.jpg\" \/>\n\t<meta property=\"og:image:width\" content=\"700\" \/>\n\t<meta property=\"og:image:height\" content=\"700\" \/>\n\t<meta property=\"og:image:type\" content=\"image\/jpeg\" \/>\n<meta name=\"twitter:card\" content=\"summary_large_image\" \/>\n<meta name=\"twitter:label1\" content=\"Tiempo de lectura\" \/>\n\t<meta name=\"twitter:data1\" content=\"3 minutos\" \/>\n<script type=\"application\/ld+json\" class=\"yoast-schema-graph\">{\"@context\":\"https:\\\/\\\/schema.org\",\"@graph\":[{\"@type\":\"WebPage\",\"@id\":\"https:\\\/\\\/repliquemangacine.fr\\\/solo-leveling\\\/kasakas-venom-fang-solo-leveling\\\/\",\"url\":\"https:\\\/\\\/repliquemangacine.fr\\\/solo-leveling\\\/kasakas-venom-fang-solo-leveling\\\/\",\"name\":\"Kasaka\u2019s Venom Fang - Solo Leveling - R\u00e9plique Manga Cin\u00e9\",\"isPartOf\":{\"@id\":\"https:\\\/\\\/repliquemangacine.fr\\\/#website\"},\"primaryImageOfPage\":{\"@id\":\"https:\\\/\\\/repliquemangacine.fr\\\/solo-leveling\\\/kasakas-venom-fang-solo-leveling\\\/#primaryimage\"},\"image\":{\"@id\":\"https:\\\/\\\/repliquemangacine.fr\\\/solo-leveling\\\/kasakas-venom-fang-solo-leveling\\\/#primaryimage\"},\"thumbnailUrl\":\"https:\\\/\\\/repliquemangacine.fr\\\/wp-content\\\/uploads\\\/2025\\\/10\\\/Kasakas-Venom-Fang.jpg\",\"datePublished\":\"2025-10-09T15:43:27+00:00\",\"dateModified\":\"2026-02-19T10:36:00+00:00\",\"description\":\"Ajoutez \u00e0 votre collection la Kasaka\u2019s Venom Fang de Solo Leveling. Une r\u00e9plique fid\u00e8le et venimeuse, symbole du pouvoir de Sung Jin-Woo. 60 cm.\",\"breadcrumb\":{\"@id\":\"https:\\\/\\\/repliquemangacine.fr\\\/solo-leveling\\\/kasakas-venom-fang-solo-leveling\\\/#breadcrumb\"},\"inLanguage\":\"es\",\"potentialAction\":[{\"@type\":\"ReadAction\",\"target\":[\"https:\\\/\\\/repliquemangacine.fr\\\/solo-leveling\\\/kasakas-venom-fang-solo-leveling\\\/\"]}]},{\"@type\":\"ImageObject\",\"inLanguage\":\"es\",\"@id\":\"https:\\\/\\\/repliquemangacine.fr\\\/solo-leveling\\\/kasakas-venom-fang-solo-leveling\\\/#primaryimage\",\"url\":\"https:\\\/\\\/repliquemangacine.fr\\\/wp-content\\\/uploads\\\/2025\\\/10\\\/Kasakas-Venom-Fang.jpg\",\"contentUrl\":\"https:\\\/\\\/repliquemangacine.fr\\\/wp-content\\\/uploads\\\/2025\\\/10\\\/Kasakas-Venom-Fang.jpg\",\"width\":700,\"height\":700,\"caption\":\"Kasaka\u2019s Venom Fang-Solo Leveling\"},{\"@type\":\"BreadcrumbList\",\"@id\":\"https:\\\/\\\/repliquemangacine.fr\\\/solo-leveling\\\/kasakas-venom-fang-solo-leveling\\\/#breadcrumb\",\"itemListElement\":[{\"@type\":\"ListItem\",\"position\":1,\"name\":\"Accueil\",\"item\":\"https:\\\/\\\/repliquemangacine.fr\\\/\"},{\"@type\":\"ListItem\",\"position\":2,\"name\":\"Produits\",\"item\":\"https:\\\/\\\/repliquemangacine.fr\\\/boutique\\\/\"},{\"@type\":\"ListItem\",\"position\":3,\"name\":\"Kasaka\u2019s Venom Fang &#8211; Solo Leveling\"}]},{\"@type\":\"WebSite\",\"@id\":\"https:\\\/\\\/repliquemangacine.fr\\\/#website\",\"url\":\"https:\\\/\\\/repliquemangacine.fr\\\/\",\"name\":\"R\u00e9plique Manga Cin\u00e9\",\"description\":\"\",\"publisher\":{\"@id\":\"https:\\\/\\\/repliquemangacine.fr\\\/#organization\"},\"potentialAction\":[{\"@type\":\"SearchAction\",\"target\":{\"@type\":\"EntryPoint\",\"urlTemplate\":\"https:\\\/\\\/repliquemangacine.fr\\\/?s={search_term_string}\"},\"query-input\":{\"@type\":\"PropertyValueSpecification\",\"valueRequired\":true,\"valueName\":\"search_term_string\"}}],\"inLanguage\":\"es\"},{\"@type\":\"Organization\",\"@id\":\"https:\\\/\\\/repliquemangacine.fr\\\/#organization\",\"name\":\"R\u00e9plique Manga Cin\u00e9\",\"url\":\"https:\\\/\\\/repliquemangacine.fr\\\/\",\"logo\":{\"@type\":\"ImageObject\",\"inLanguage\":\"es\",\"@id\":\"https:\\\/\\\/repliquemangacine.fr\\\/#\\\/schema\\\/logo\\\/image\\\/\",\"url\":\"https:\\\/\\\/repliquemangacine.fr\\\/wp-content\\\/uploads\\\/2023\\\/10\\\/RMC-500250.png\",\"contentUrl\":\"https:\\\/\\\/repliquemangacine.fr\\\/wp-content\\\/uploads\\\/2023\\\/10\\\/RMC-500250.png\",\"width\":500,\"height\":250,\"caption\":\"R\u00e9plique Manga Cin\u00e9\"},\"image\":{\"@id\":\"https:\\\/\\\/repliquemangacine.fr\\\/#\\\/schema\\\/logo\\\/image\\\/\"},\"sameAs\":[\"https:\\\/\\\/www.facebook.com\\\/RepliqueMangaCine\",\"https:\\\/\\\/www.instagram.com\\\/repliquemangacine.fr\\\/\"]}]}<\/script>\n<!-- \/ Yoast SEO plugin. -->","yoast_head_json":{"title":"Colmillo venenoso de Kasaka - Nivelaci\u00f3n en solitario - R\u00e9plique Manga Cin\u00e9","description":"A\u00f1ade el Colmillo Venenoso de Kasaka de Solo Leveling a tu colecci\u00f3n. Una r\u00e9plica fiel y venenosa, s\u00edmbolo del poder de Sung Jin-Woo. 60 cm.","robots":{"index":"index","follow":"follow","max-snippet":"max-snippet:-1","max-image-preview":"max-image-preview:large","max-video-preview":"max-video-preview:-1"},"canonical":"https:\/\/repliquemangacine.fr\/es\/nivelacion-en-solitario\/kasakas-venom-fang-solo-leveling\/","og_locale":"es_ES","og_type":"article","og_title":"Kasaka\u2019s Venom Fang - Solo Leveling - R\u00e9plique Manga Cin\u00e9","og_description":"Ajoutez \u00e0 votre collection la Kasaka\u2019s Venom Fang de Solo Leveling. Une r\u00e9plique fid\u00e8le et venimeuse, symbole du pouvoir de Sung Jin-Woo. 60 cm.","og_url":"https:\/\/repliquemangacine.fr\/es\/nivelacion-en-solitario\/kasakas-venom-fang-solo-leveling\/","og_site_name":"R\u00e9plique Manga Cin\u00e9","article_publisher":"https:\/\/www.facebook.com\/RepliqueMangaCine","article_modified_time":"2026-02-19T10:36:00+00:00","og_image":[{"width":700,"height":700,"url":"https:\/\/repliquemangacine.fr\/wp-content\/uploads\/2025\/10\/Kasakas-Venom-Fang.jpg","type":"image\/jpeg"}],"twitter_card":"summary_large_image","twitter_misc":{"Tiempo de lectura":"3 minutos"},"schema":{"@context":"https:\/\/schema.org","@graph":[{"@type":"WebPage","@id":"https:\/\/repliquemangacine.fr\/solo-leveling\/kasakas-venom-fang-solo-leveling\/","url":"https:\/\/repliquemangacine.fr\/solo-leveling\/kasakas-venom-fang-solo-leveling\/","name":"Colmillo venenoso de Kasaka - Nivelaci\u00f3n en solitario - R\u00e9plique Manga Cin\u00e9","isPartOf":{"@id":"https:\/\/repliquemangacine.fr\/#website"},"primaryImageOfPage":{"@id":"https:\/\/repliquemangacine.fr\/solo-leveling\/kasakas-venom-fang-solo-leveling\/#primaryimage"},"image":{"@id":"https:\/\/repliquemangacine.fr\/solo-leveling\/kasakas-venom-fang-solo-leveling\/#primaryimage"},"thumbnailUrl":"https:\/\/repliquemangacine.fr\/wp-content\/uploads\/2025\/10\/Kasakas-Venom-Fang.jpg","datePublished":"2025-10-09T15:43:27+00:00","dateModified":"2026-02-19T10:36:00+00:00","description":"A\u00f1ade el Colmillo Venenoso de Kasaka de Solo Leveling a tu colecci\u00f3n. Una r\u00e9plica fiel y venenosa, s\u00edmbolo del poder de Sung Jin-Woo. 60 cm.","breadcrumb":{"@id":"https:\/\/repliquemangacine.fr\/solo-leveling\/kasakas-venom-fang-solo-leveling\/#breadcrumb"},"inLanguage":"es","potentialAction":[{"@type":"ReadAction","target":["https:\/\/repliquemangacine.fr\/solo-leveling\/kasakas-venom-fang-solo-leveling\/"]}]},{"@type":"ImageObject","inLanguage":"es","@id":"https:\/\/repliquemangacine.fr\/solo-leveling\/kasakas-venom-fang-solo-leveling\/#primaryimage","url":"https:\/\/repliquemangacine.fr\/wp-content\/uploads\/2025\/10\/Kasakas-Venom-Fang.jpg","contentUrl":"https:\/\/repliquemangacine.fr\/wp-content\/uploads\/2025\/10\/Kasakas-Venom-Fang.jpg","width":700,"height":700,"caption":"Kasaka\u2019s Venom Fang-Solo Leveling"},{"@type":"BreadcrumbList","@id":"https:\/\/repliquemangacine.fr\/solo-leveling\/kasakas-venom-fang-solo-leveling\/#breadcrumb","itemListElement":[{"@type":"ListItem","position":1,"name":"Accueil","item":"https:\/\/repliquemangacine.fr\/"},{"@type":"ListItem","position":2,"name":"Produits","item":"https:\/\/repliquemangacine.fr\/boutique\/"},{"@type":"ListItem","position":3,"name":"Kasaka\u2019s Venom Fang &#8211; Solo Leveling"}]},{"@type":"WebSite","@id":"https:\/\/repliquemangacine.fr\/#website","url":"https:\/\/repliquemangacine.fr\/","name":"R\u00e9plique Manga Cin\u00e9","description":"","publisher":{"@id":"https:\/\/repliquemangacine.fr\/#organization"},"potentialAction":[{"@type":"SearchAction","target":{"@type":"EntryPoint","urlTemplate":"https:\/\/repliquemangacine.fr\/?s={search_term_string}"},"query-input":{"@type":"PropertyValueSpecification","valueRequired":true,"valueName":"search_term_string"}}],"inLanguage":"es"},{"@type":"Organization","@id":"https:\/\/repliquemangacine.fr\/#organization","name":"R\u00e9plique Manga Cin\u00e9","url":"https:\/\/repliquemangacine.fr\/","logo":{"@type":"ImageObject","inLanguage":"es","@id":"https:\/\/repliquemangacine.fr\/#\/schema\/logo\/image\/","url":"https:\/\/repliquemangacine.fr\/wp-content\/uploads\/2023\/10\/RMC-500250.png","contentUrl":"https:\/\/repliquemangacine.fr\/wp-content\/uploads\/2023\/10\/RMC-500250.png","width":500,"height":250,"caption":"R\u00e9plique Manga Cin\u00e9"},"image":{"@id":"https:\/\/repliquemangacine.fr\/#\/schema\/logo\/image\/"},"sameAs":["https:\/\/www.facebook.com\/RepliqueMangaCine","https:\/\/www.instagram.com\/repliquemangacine.fr\/"]}]}},"_links":{"self":[{"href":"https:\/\/repliquemangacine.fr\/es\/wp-json\/wp\/v2\/product\/89237","targetHints":{"allow":["GET"]}}],"collection":[{"href":"https:\/\/repliquemangacine.fr\/es\/wp-json\/wp\/v2\/product"}],"about":[{"href":"https:\/\/repliquemangacine.fr\/es\/wp-json\/wp\/v2\/types\/product"}],"wp:featuredmedia":[{"embeddable":true,"href":"https:\/\/repliquemangacine.fr\/es\/wp-json\/wp\/v2\/media\/89240"}],"wp:attachment":[{"href":"https:\/\/repliquemangacine.fr\/es\/wp-json\/wp\/v2\/media?parent=89237"}],"wp:term":[{"taxonomy":"product_brand","embeddable":true,"href":"https:\/\/repliquemangacine.fr\/es\/wp-json\/wp\/v2\/product_brand?post=89237"},{"taxonomy":"product_cat","embeddable":true,"href":"https:\/\/repliquemangacine.fr\/es\/wp-json\/wp\/v2\/product_cat?post=89237"},{"taxonomy":"product_tag","embeddable":true,"href":"https:\/\/repliquemangacine.fr\/es\/wp-json\/wp\/v2\/product_tag?post=89237"}],"curies":[{"name":"wp","href":"https:\/\/api.w.org\/{rel}","templated":true}]}}