





{"id":88649,"date":"2025-09-23T18:04:28","date_gmt":"2025-09-23T16:04:28","guid":{"rendered":"https:\/\/repliquemangacine.fr\/?post_type=product&#038;p=88649"},"modified":"2026-02-19T11:36:24","modified_gmt":"2026-02-19T10:36:24","slug":"hoja-de-morgul-el-senor-de-los-anillos","status":"publish","type":"product","link":"https:\/\/repliquemangacine.fr\/es\/le-seigneur-des-anneaux\/lame-de-morgul-le-seigneur-des-anneaux\/","title":{"rendered":"Hoja de Morgul - El Se\u00f1or de los Anillos"},"content":{"rendered":"<h2>La Espada de Morgul - El arma maldita de Sauron<\/h2>\n<p>En primer lugar, la Espada de Morgul, una de las armas m\u00e1s temidas del universo de El Se\u00f1or de los Anillos. Utilizada por los Nazg\u00fbl, espectros al servicio de Sauron, no s\u00f3lo hiere: corrompe el alma de quien la recibe. Su hoja larga y afilada, marcada con siniestros dibujos, parece carcomida por la magia negra. Su empu\u00f1adura rugosa y su aspecto desgastado refuerzan el aspecto maldito de esta daga legendaria. Se entrega con un soporte de pared adornado con motivos elfos dorados. Esto crea un llamativo contraste entre la luz de los elfos y la oscuridad de la daga. <a href=\"https:\/\/lotr.fandom.com\/fr\/wiki\/Mordor\" target=\"_blank\" rel=\"noopener noreferrer\">Mordor<\/a>. Cabe destacar que esta hoja es una reproducci\u00f3n del atrezo utilizado durante el rodaje. M\u00e1s que una simple pieza decorativa, esta arma encarna el miedo, el poder y el terror de las fuerzas oscuras. Un art\u00edculo imprescindible para a\u00f1adir a tu colecci\u00f3n y sumergirte en la oscuridad de la Tierra Media.<\/p>\n<h2>Los Nazg\u00fbl y el destino de Frodo<\/h2>\n<p>Para empezar, esta siniestra espada es tristemente c\u00e9lebre por su papel en la b\u00fasqueda del Anillo. Fue con una Hoja de Morgul con la que el Rey Brujo de Angmar, l\u00edder de los Nazg\u00fbl, hiri\u00f3 a Frodo en el Monte Ventoso. No fue una herida ordinaria: un fragmento de la hoja permaneci\u00f3 en su cuerpo, amenazando con transformarlo poco a poco en un espectro, esclavo de la Oscuridad. S\u00f3lo la intervenci\u00f3n de Aragorn y de los elfos puede frenar esta corrupci\u00f3n. Este pasaje emblem\u00e1tico ilustra perfectamente la crueldad de esta arma maldita. Poseer esta r\u00e9plica es poseer un pedazo de la historia de El Se\u00f1or de los Anillos, un arma en el coraz\u00f3n mismo de la lucha entre la luz y la sombra. Tanto si es un coleccionista apasionado como un fan de los objetos m\u00edticos, esta oscura pieza es imprescindible. Evoca el terror de los Nazg\u00fbl y nos recuerda que el mal a\u00fan acecha en la Tierra Media.<\/p>\n<h2>Una colecci\u00f3n imprescindible - El Se\u00f1or de los Anillos<\/h2>\n<p>En Repliquemangacine ofrecemos una amplia selecci\u00f3n de r\u00e9plicas oficiales de El Se\u00f1or de los Anillos y El Hobbit. La Espada de Morgul se une a una prestigiosa colecci\u00f3n que incluye piezas legendarias como <a href=\"https:\/\/repliquemangacine.fr\/es\/espadas-y-dagas-los-anillos-del-poder\/espada-anduril-aragorn-el-senor-de-los-anillos\/\" target=\"_blank\" rel=\"noopener noreferrer\">And\u00faril, la espada reforjada de Aragorn<\/a>o <a href=\"https:\/\/repliquemangacine.fr\/es\/espadas-del-senor-de-los-anillos\/espada-de-frodon-2\/\" target=\"_blank\" rel=\"noopener noreferrer\">Dardo<\/a>La famosa espada de Bilbo y Frodo. Tambi\u00e9n encontrar\u00e1s armas emblem\u00e1ticas como <a href=\"https:\/\/repliquemangacine.fr\/es\/espadas-del-senor-de-los-anillos\/espada-theoden-espada-herugrim\/\" target=\"_blank\" rel=\"noopener noreferrer\">Herugrim, la espada del rey Th\u00e9oden<\/a>y la temible hacha de Gimli. Cada r\u00e9plica est\u00e1 realizada con una excepcional atenci\u00f3n al detalle, combinando realismo y fidelidad a las pel\u00edculas de Peter Jackson. Estas piezas no son s\u00f3lo decorativas: encarnan el esp\u00edritu de una saga legendaria que ha marcado a generaciones enteras. En conclusi\u00f3n, reg\u00e1lese un fragmento de la Tierra Media y transforme su hogar en una sala del trono digna de Minas Tirith.<\/p>","protected":false},"excerpt":{"rendered":"<p>Una magn\u00edfica r\u00e9plica de la Espada de Morgul, una reproducci\u00f3n a tama\u00f1o real utilizada durante el rodaje.<\/p>\n<ul>\n<li>Hoja de acero inoxidable martillada y envejecida.<\/li>\n<li>Guarda y pomo de acero con forma especial<\/li>\n<li>Mango met\u00e1lico recubierto de cuero negro.<\/li>\n<li>Se suministra con soporte mural decorado.<\/li>\n<li>Longitud de la hoja: 42,5 cm - Longitud total: 63 cm<\/li>\n<li>Peso de la daga: 580 g<\/li>\n<\/ul>","protected":false},"featured_media":88650,"template":"","meta":[],"product_brand":[],"product_cat":[68,29],"product_tag":[],"class_list":{"0":"post-88649","1":"product","2":"type-product","3":"status-publish","4":"has-post-thumbnail","6":"product_cat-epees-seigneur-des-anneaux","7":"product_cat-le-seigneur-des-anneaux","9":"first","10":"instock","11":"taxable","12":"shipping-taxable","13":"purchasable","14":"product-type-simple"},"yoast_head":"<!-- This site is optimized with the Yoast SEO plugin v27.4 - https:\/\/yoast.com\/product\/yoast-seo-wordpress\/ -->\n<title>Lame de Morgul - Le seigneur des Anneaux - R\u00e9plique Manga Cin\u00e9<\/title>\n<meta name=\"description\" content=\"Achetez la Lame de Morgul du Seigneur des Anneaux. R\u00e9plique echelle 1\/1 des Nazg\u00fbl, une arme maudite incontournable pour collectionneurs et fans de Tolkien.\" \/>\n<meta name=\"robots\" content=\"index, follow, max-snippet:-1, max-image-preview:large, max-video-preview:-1\" \/>\n<link rel=\"canonical\" href=\"https:\/\/repliquemangacine.fr\/es\/el-senor-de-los-anillos\/hoja-de-morgul-el-senor-de-los-anillos\/\" \/>\n<meta property=\"og:locale\" content=\"es_ES\" \/>\n<meta property=\"og:type\" content=\"article\" \/>\n<meta property=\"og:title\" content=\"Lame de Morgul - Le seigneur des Anneaux - R\u00e9plique Manga Cin\u00e9\" \/>\n<meta property=\"og:description\" content=\"Achetez la Lame de Morgul du Seigneur des Anneaux. R\u00e9plique echelle 1\/1 des Nazg\u00fbl, une arme maudite incontournable pour collectionneurs et fans de Tolkien.\" \/>\n<meta property=\"og:url\" content=\"https:\/\/repliquemangacine.fr\/es\/el-senor-de-los-anillos\/hoja-de-morgul-el-senor-de-los-anillos\/\" \/>\n<meta property=\"og:site_name\" content=\"R\u00e9plique Manga Cin\u00e9\" \/>\n<meta property=\"article:publisher\" content=\"https:\/\/www.facebook.com\/RepliqueMangaCine\" \/>\n<meta property=\"article:modified_time\" content=\"2026-02-19T10:36:24+00:00\" \/>\n<meta property=\"og:image\" content=\"https:\/\/repliquemangacine.fr\/wp-content\/uploads\/2025\/09\/Lame-de-Morgul-Le-seigneur-des-Anneaux.jpg\" \/>\n\t<meta property=\"og:image:width\" content=\"700\" \/>\n\t<meta property=\"og:image:height\" content=\"700\" \/>\n\t<meta property=\"og:image:type\" content=\"image\/jpeg\" \/>\n<meta name=\"twitter:card\" content=\"summary_large_image\" \/>\n<meta name=\"twitter:label1\" content=\"Tiempo de lectura\" \/>\n\t<meta name=\"twitter:data1\" content=\"3 minutos\" \/>\n<script type=\"application\/ld+json\" class=\"yoast-schema-graph\">{\"@context\":\"https:\\\/\\\/schema.org\",\"@graph\":[{\"@type\":\"WebPage\",\"@id\":\"https:\\\/\\\/repliquemangacine.fr\\\/le-seigneur-des-anneaux\\\/lame-de-morgul-le-seigneur-des-anneaux\\\/\",\"url\":\"https:\\\/\\\/repliquemangacine.fr\\\/le-seigneur-des-anneaux\\\/lame-de-morgul-le-seigneur-des-anneaux\\\/\",\"name\":\"Lame de Morgul - Le seigneur des Anneaux - R\u00e9plique Manga Cin\u00e9\",\"isPartOf\":{\"@id\":\"https:\\\/\\\/repliquemangacine.fr\\\/#website\"},\"primaryImageOfPage\":{\"@id\":\"https:\\\/\\\/repliquemangacine.fr\\\/le-seigneur-des-anneaux\\\/lame-de-morgul-le-seigneur-des-anneaux\\\/#primaryimage\"},\"image\":{\"@id\":\"https:\\\/\\\/repliquemangacine.fr\\\/le-seigneur-des-anneaux\\\/lame-de-morgul-le-seigneur-des-anneaux\\\/#primaryimage\"},\"thumbnailUrl\":\"https:\\\/\\\/repliquemangacine.fr\\\/wp-content\\\/uploads\\\/2025\\\/09\\\/Lame-de-Morgul-Le-seigneur-des-Anneaux.jpg\",\"datePublished\":\"2025-09-23T16:04:28+00:00\",\"dateModified\":\"2026-02-19T10:36:24+00:00\",\"description\":\"Achetez la Lame de Morgul du Seigneur des Anneaux. R\u00e9plique echelle 1\\\/1 des Nazg\u00fbl, une arme maudite incontournable pour collectionneurs et fans de Tolkien.\",\"breadcrumb\":{\"@id\":\"https:\\\/\\\/repliquemangacine.fr\\\/le-seigneur-des-anneaux\\\/lame-de-morgul-le-seigneur-des-anneaux\\\/#breadcrumb\"},\"inLanguage\":\"es\",\"potentialAction\":[{\"@type\":\"ReadAction\",\"target\":[\"https:\\\/\\\/repliquemangacine.fr\\\/le-seigneur-des-anneaux\\\/lame-de-morgul-le-seigneur-des-anneaux\\\/\"]}]},{\"@type\":\"ImageObject\",\"inLanguage\":\"es\",\"@id\":\"https:\\\/\\\/repliquemangacine.fr\\\/le-seigneur-des-anneaux\\\/lame-de-morgul-le-seigneur-des-anneaux\\\/#primaryimage\",\"url\":\"https:\\\/\\\/repliquemangacine.fr\\\/wp-content\\\/uploads\\\/2025\\\/09\\\/Lame-de-Morgul-Le-seigneur-des-Anneaux.jpg\",\"contentUrl\":\"https:\\\/\\\/repliquemangacine.fr\\\/wp-content\\\/uploads\\\/2025\\\/09\\\/Lame-de-Morgul-Le-seigneur-des-Anneaux.jpg\",\"width\":700,\"height\":700,\"caption\":\"Lame de Morgul du Seigneur des Anneaux\"},{\"@type\":\"BreadcrumbList\",\"@id\":\"https:\\\/\\\/repliquemangacine.fr\\\/le-seigneur-des-anneaux\\\/lame-de-morgul-le-seigneur-des-anneaux\\\/#breadcrumb\",\"itemListElement\":[{\"@type\":\"ListItem\",\"position\":1,\"name\":\"Accueil\",\"item\":\"https:\\\/\\\/repliquemangacine.fr\\\/\"},{\"@type\":\"ListItem\",\"position\":2,\"name\":\"Produits\",\"item\":\"https:\\\/\\\/repliquemangacine.fr\\\/boutique\\\/\"},{\"@type\":\"ListItem\",\"position\":3,\"name\":\"Lame de Morgul &#8211; Le seigneur des Anneaux\"}]},{\"@type\":\"WebSite\",\"@id\":\"https:\\\/\\\/repliquemangacine.fr\\\/#website\",\"url\":\"https:\\\/\\\/repliquemangacine.fr\\\/\",\"name\":\"R\u00e9plique Manga Cin\u00e9\",\"description\":\"\",\"publisher\":{\"@id\":\"https:\\\/\\\/repliquemangacine.fr\\\/#organization\"},\"potentialAction\":[{\"@type\":\"SearchAction\",\"target\":{\"@type\":\"EntryPoint\",\"urlTemplate\":\"https:\\\/\\\/repliquemangacine.fr\\\/?s={search_term_string}\"},\"query-input\":{\"@type\":\"PropertyValueSpecification\",\"valueRequired\":true,\"valueName\":\"search_term_string\"}}],\"inLanguage\":\"es\"},{\"@type\":\"Organization\",\"@id\":\"https:\\\/\\\/repliquemangacine.fr\\\/#organization\",\"name\":\"R\u00e9plique Manga Cin\u00e9\",\"url\":\"https:\\\/\\\/repliquemangacine.fr\\\/\",\"logo\":{\"@type\":\"ImageObject\",\"inLanguage\":\"es\",\"@id\":\"https:\\\/\\\/repliquemangacine.fr\\\/#\\\/schema\\\/logo\\\/image\\\/\",\"url\":\"https:\\\/\\\/repliquemangacine.fr\\\/wp-content\\\/uploads\\\/2023\\\/10\\\/RMC-500250.png\",\"contentUrl\":\"https:\\\/\\\/repliquemangacine.fr\\\/wp-content\\\/uploads\\\/2023\\\/10\\\/RMC-500250.png\",\"width\":500,\"height\":250,\"caption\":\"R\u00e9plique Manga Cin\u00e9\"},\"image\":{\"@id\":\"https:\\\/\\\/repliquemangacine.fr\\\/#\\\/schema\\\/logo\\\/image\\\/\"},\"sameAs\":[\"https:\\\/\\\/www.facebook.com\\\/RepliqueMangaCine\",\"https:\\\/\\\/www.instagram.com\\\/repliquemangacine.fr\\\/\"]}]}<\/script>\n<!-- \/ Yoast SEO plugin. -->","yoast_head_json":{"title":"Hoja de Morgul - El Se\u00f1or de los Anillos - R\u00e9plique Manga Cin\u00e9","description":"Compra la Hoja de Morgul de El Se\u00f1or de los Anillos. Una r\u00e9plica a escala 1\/1 del Nazg\u00fbl, un arma maldita imprescindible para coleccionistas y fans de Tolkien.","robots":{"index":"index","follow":"follow","max-snippet":"max-snippet:-1","max-image-preview":"max-image-preview:large","max-video-preview":"max-video-preview:-1"},"canonical":"https:\/\/repliquemangacine.fr\/es\/el-senor-de-los-anillos\/hoja-de-morgul-el-senor-de-los-anillos\/","og_locale":"es_ES","og_type":"article","og_title":"Lame de Morgul - Le seigneur des Anneaux - R\u00e9plique Manga Cin\u00e9","og_description":"Achetez la Lame de Morgul du Seigneur des Anneaux. R\u00e9plique echelle 1\/1 des Nazg\u00fbl, une arme maudite incontournable pour collectionneurs et fans de Tolkien.","og_url":"https:\/\/repliquemangacine.fr\/es\/el-senor-de-los-anillos\/hoja-de-morgul-el-senor-de-los-anillos\/","og_site_name":"R\u00e9plique Manga Cin\u00e9","article_publisher":"https:\/\/www.facebook.com\/RepliqueMangaCine","article_modified_time":"2026-02-19T10:36:24+00:00","og_image":[{"width":700,"height":700,"url":"https:\/\/repliquemangacine.fr\/wp-content\/uploads\/2025\/09\/Lame-de-Morgul-Le-seigneur-des-Anneaux.jpg","type":"image\/jpeg"}],"twitter_card":"summary_large_image","twitter_misc":{"Tiempo de lectura":"3 minutos"},"schema":{"@context":"https:\/\/schema.org","@graph":[{"@type":"WebPage","@id":"https:\/\/repliquemangacine.fr\/le-seigneur-des-anneaux\/lame-de-morgul-le-seigneur-des-anneaux\/","url":"https:\/\/repliquemangacine.fr\/le-seigneur-des-anneaux\/lame-de-morgul-le-seigneur-des-anneaux\/","name":"Hoja de Morgul - El Se\u00f1or de los Anillos - R\u00e9plique Manga Cin\u00e9","isPartOf":{"@id":"https:\/\/repliquemangacine.fr\/#website"},"primaryImageOfPage":{"@id":"https:\/\/repliquemangacine.fr\/le-seigneur-des-anneaux\/lame-de-morgul-le-seigneur-des-anneaux\/#primaryimage"},"image":{"@id":"https:\/\/repliquemangacine.fr\/le-seigneur-des-anneaux\/lame-de-morgul-le-seigneur-des-anneaux\/#primaryimage"},"thumbnailUrl":"https:\/\/repliquemangacine.fr\/wp-content\/uploads\/2025\/09\/Lame-de-Morgul-Le-seigneur-des-Anneaux.jpg","datePublished":"2025-09-23T16:04:28+00:00","dateModified":"2026-02-19T10:36:24+00:00","description":"Compra la Hoja de Morgul de El Se\u00f1or de los Anillos. Una r\u00e9plica a escala 1\/1 del Nazg\u00fbl, un arma maldita imprescindible para coleccionistas y fans de Tolkien.","breadcrumb":{"@id":"https:\/\/repliquemangacine.fr\/le-seigneur-des-anneaux\/lame-de-morgul-le-seigneur-des-anneaux\/#breadcrumb"},"inLanguage":"es","potentialAction":[{"@type":"ReadAction","target":["https:\/\/repliquemangacine.fr\/le-seigneur-des-anneaux\/lame-de-morgul-le-seigneur-des-anneaux\/"]}]},{"@type":"ImageObject","inLanguage":"es","@id":"https:\/\/repliquemangacine.fr\/le-seigneur-des-anneaux\/lame-de-morgul-le-seigneur-des-anneaux\/#primaryimage","url":"https:\/\/repliquemangacine.fr\/wp-content\/uploads\/2025\/09\/Lame-de-Morgul-Le-seigneur-des-Anneaux.jpg","contentUrl":"https:\/\/repliquemangacine.fr\/wp-content\/uploads\/2025\/09\/Lame-de-Morgul-Le-seigneur-des-Anneaux.jpg","width":700,"height":700,"caption":"Lame de Morgul du Seigneur des Anneaux"},{"@type":"BreadcrumbList","@id":"https:\/\/repliquemangacine.fr\/le-seigneur-des-anneaux\/lame-de-morgul-le-seigneur-des-anneaux\/#breadcrumb","itemListElement":[{"@type":"ListItem","position":1,"name":"Accueil","item":"https:\/\/repliquemangacine.fr\/"},{"@type":"ListItem","position":2,"name":"Produits","item":"https:\/\/repliquemangacine.fr\/boutique\/"},{"@type":"ListItem","position":3,"name":"Lame de Morgul &#8211; Le seigneur des Anneaux"}]},{"@type":"WebSite","@id":"https:\/\/repliquemangacine.fr\/#website","url":"https:\/\/repliquemangacine.fr\/","name":"R\u00e9plique Manga Cin\u00e9","description":"","publisher":{"@id":"https:\/\/repliquemangacine.fr\/#organization"},"potentialAction":[{"@type":"SearchAction","target":{"@type":"EntryPoint","urlTemplate":"https:\/\/repliquemangacine.fr\/?s={search_term_string}"},"query-input":{"@type":"PropertyValueSpecification","valueRequired":true,"valueName":"search_term_string"}}],"inLanguage":"es"},{"@type":"Organization","@id":"https:\/\/repliquemangacine.fr\/#organization","name":"R\u00e9plique Manga Cin\u00e9","url":"https:\/\/repliquemangacine.fr\/","logo":{"@type":"ImageObject","inLanguage":"es","@id":"https:\/\/repliquemangacine.fr\/#\/schema\/logo\/image\/","url":"https:\/\/repliquemangacine.fr\/wp-content\/uploads\/2023\/10\/RMC-500250.png","contentUrl":"https:\/\/repliquemangacine.fr\/wp-content\/uploads\/2023\/10\/RMC-500250.png","width":500,"height":250,"caption":"R\u00e9plique Manga Cin\u00e9"},"image":{"@id":"https:\/\/repliquemangacine.fr\/#\/schema\/logo\/image\/"},"sameAs":["https:\/\/www.facebook.com\/RepliqueMangaCine","https:\/\/www.instagram.com\/repliquemangacine.fr\/"]}]}},"_links":{"self":[{"href":"https:\/\/repliquemangacine.fr\/es\/wp-json\/wp\/v2\/product\/88649","targetHints":{"allow":["GET"]}}],"collection":[{"href":"https:\/\/repliquemangacine.fr\/es\/wp-json\/wp\/v2\/product"}],"about":[{"href":"https:\/\/repliquemangacine.fr\/es\/wp-json\/wp\/v2\/types\/product"}],"wp:featuredmedia":[{"embeddable":true,"href":"https:\/\/repliquemangacine.fr\/es\/wp-json\/wp\/v2\/media\/88650"}],"wp:attachment":[{"href":"https:\/\/repliquemangacine.fr\/es\/wp-json\/wp\/v2\/media?parent=88649"}],"wp:term":[{"taxonomy":"product_brand","embeddable":true,"href":"https:\/\/repliquemangacine.fr\/es\/wp-json\/wp\/v2\/product_brand?post=88649"},{"taxonomy":"product_cat","embeddable":true,"href":"https:\/\/repliquemangacine.fr\/es\/wp-json\/wp\/v2\/product_cat?post=88649"},{"taxonomy":"product_tag","embeddable":true,"href":"https:\/\/repliquemangacine.fr\/es\/wp-json\/wp\/v2\/product_tag?post=88649"}],"curies":[{"name":"wp","href":"https:\/\/api.w.org\/{rel}","templated":true}]}}