





{"id":88449,"date":"2025-09-16T23:14:57","date_gmt":"2025-09-16T21:14:57","guid":{"rendered":"https:\/\/repliquemangacine.fr\/?post_type=product&#038;p=88449"},"modified":"2025-11-12T22:57:20","modified_gmt":"2025-11-12T21:57:20","slug":"navaja-sck-azul","status":"publish","type":"product","link":"https:\/\/repliquemangacine.fr\/es\/coutellerie\/couteau-pliant-bleu-sck\/","title":{"rendered":"SCK navaja plegable azul"},"content":{"rendered":"<h2>Caracter\u00edsticas de la navaja plegable t\u00e1ctica SCK azul<\/h2>\n<p>Empecemos por examinar este cuchillo t\u00e1ctico plegable SCK azul, que tiene una hoja negra de acero inoxidable.<br \/>\nEn primer lugar, su hoja parcialmente dentada permite cortar cuerdas, tejidos y materiales resistentes con eficacia.<br \/>\nEn segundo lugar, el sistema de apertura semiautom\u00e1tico garantiza un accionamiento r\u00e1pido y fluido, lo que facilita su uso en cualquier situaci\u00f3n de emergencia imprevista.<br \/>\nSu mango ergon\u00f3mico incluye inserciones azules antideslizantes, que aportan comodidad, estilo y seguridad cada vez que se sujeta.<br \/>\nEn tercer lugar, incorpora un s\u00f3lido rompecristales, perfectamente adaptado para intervenciones r\u00e1pidas en coche o en accidentes que requieran una evacuaci\u00f3n.<br \/>\nPor \u00faltimo, un cortador de cinturones afilado, que hace que este cuchillo sea indispensable en situaciones de supervivencia, emergencias automovil\u00edsticas o intervenciones de seguridad.<br \/>\nCompacto y equipado con un resistente clip para el cintur\u00f3n, es accesible, pr\u00e1ctico y discreto para todas tus actividades diarias y al aire libre.<\/p>\n<h2>La importancia y las caracter\u00edsticas especiales de este cuchillo t\u00e1ctico<\/h2>\n<p>Una navaja t\u00e1ctica plegable como el modelo SCK azul destaca por su versatilidad, lo que permite a cada usuario estar mejor preparado en el d\u00eda a d\u00eda.<br \/>\nA diferencia de una simple navaja, combina varias funciones de supervivencia, rescate y utilidad pr\u00e1ctica en una sola herramienta.<br \/>\nLa apertura semiautom\u00e1tica ofrece una valiosa capacidad de reacci\u00f3n, esencial para acampadas, excursiones, situaciones de emergencia y actividades al aire libre que requieren herramientas fiables.<br \/>\nLa presencia de un rompecristales y un cortador de cinturones aumenta considerablemente su valor, especialmente para los conductores que desean reforzar su seguridad personal.<br \/>\nSu dise\u00f1o moderno con inserciones azules le confiere un aspecto \u00fanico, combinando una est\u00e9tica elegante con una robustez funcional perfectamente adaptada a los apasionados.<br \/>\nEste cuchillo t\u00e1ctico compacto se transporta f\u00e1cilmente gracias a su clip para el cintur\u00f3n, lo que permite tenerlo siempre a mano.<br \/>\nPor lo tanto, destaca como un aliado indispensable para la supervivencia, el rescate, la seguridad diaria y las actividades al aire libre que requieren una eficacia inmediata.<\/p>\n<h2>Descubra otros productos en R\u00e9plique Manga Cin\u00e9<\/h2>\n<p>En nuestro sitio web <strong>R\u00e9plique Manga Cin\u00e9<\/strong>, Encontrar\u00e1s una amplia selecci\u00f3n de productos inspirados en el mundo del manga, los videojuegos y el cine.<br \/>\nOfrecemos katanas emblem\u00e1ticas de One Piece, Demon Slayer, Naruto, Bleach, Zelda o Sword Art Online, perfectas para coleccionar.<br \/>\nLos amantes del cine y las series descubrir\u00e1n espadas y r\u00e9plicas de El Se\u00f1or de los Anillos, Harry Potter o Juego de Tronos.<br \/>\nLos aficionados a\u2019<a href=\"https:\/\/repliquemangacine.fr\/es\/armas-historicas\/\">historia<\/a> disfrutar\u00e1n de nuestras espadas romanas, sables piratas, cascos antiguos, escudos medievales y diversas armas de recreaci\u00f3n hist\u00f3rica.<br \/>\nNuestra tienda tambi\u00e9n ofrece r\u00e9plicas western imprescindibles, incluyendo colts, winchesters, fundas y las famosas estrellas de sheriff aut\u00e9nticas.<br \/>\nCada objeto se selecciona para satisfacer a coleccionistas, aficionados al cosplay o simples aficionados que desean enriquecer su colecci\u00f3n con objetos \u00fanicos.<br \/>\n<strong>R\u00e9plique Manga Cin\u00e9<\/strong> es el lugar al que acudir para descubrir, coleccionar y comprar r\u00e9plicas aut\u00e9nticas que reflejan la pasi\u00f3n y el mundo m\u00edtico de la marca.<\/p>\n<p><strong>\u26a0\ufe0f Venta prohibida a menores. Es posible que tras realizar el pedido se solicite una verificaci\u00f3n de identidad para confirmar la mayor\u00eda de edad del comprador.<\/strong><\/p>","protected":false},"excerpt":{"rendered":"<p><strong>Especificaciones t\u00e9cnicas :<\/strong><\/p>\n<ul>\n<li style=\"list-style-type: none;\">\n<ul>\n<li>Hoja de acero inoxidable negro con filo dentado<\/li>\n<li>Apertura semiautom\u00e1tica asistida, r\u00e1pida y suave<\/li>\n<li>Empu\u00f1adura ergon\u00f3mica con inserciones azules antideslizantes<\/li>\n<li>Rompeventanas integrado para situaciones de emergencia<\/li>\n<li>Cortador de cintur\u00f3n pr\u00e1ctico y seguro<\/li>\n<li>Robusto clip de cintur\u00f3n para un transporte discreto y sencillo<\/li>\n<li>Longitud total: 22 cm<\/li>\n<li>Longitud de la hoja: 10 cm<\/li>\n<li>Peso: 134 g<\/li>\n<\/ul>\n<\/li>\n<\/ul>","protected":false},"featured_media":88450,"template":"","meta":[],"product_brand":[896],"product_cat":[891,892,884],"product_tag":[],"class_list":{"0":"post-88449","1":"product","2":"type-product","3":"status-publish","4":"has-post-thumbnail","6":"product_brand-replique-manga-cine","7":"product_cat-couteaux-automatiques","8":"product_cat-couteaux-tactical","9":"product_cat-coutellerie","11":"first","12":"instock","13":"taxable","14":"shipping-taxable","15":"purchasable","16":"product-type-simple"},"yoast_head":"<!-- This site is optimized with the Yoast SEO plugin v27.4 - https:\/\/yoast.com\/product\/yoast-seo-wordpress\/ -->\n<title>Couteau pliant bleu SCK - R\u00e9plique Manga Cin\u00e9<\/title>\n<meta name=\"description\" content=\"D\u00e9couvrez le couteau pliant bleu SCK, tactique et semi-automatique, avec lame crant\u00e9e, brise-vitre, coupe-ceinture et clip ceinture robuste.\" \/>\n<meta name=\"robots\" content=\"index, follow, max-snippet:-1, max-image-preview:large, max-video-preview:-1\" \/>\n<link rel=\"canonical\" href=\"https:\/\/repliquemangacine.fr\/es\/cubiertos\/navaja-sck-azul\/\" \/>\n<meta property=\"og:locale\" content=\"es_ES\" \/>\n<meta property=\"og:type\" content=\"article\" \/>\n<meta property=\"og:title\" content=\"Couteau pliant bleu SCK - R\u00e9plique Manga Cin\u00e9\" \/>\n<meta property=\"og:description\" content=\"D\u00e9couvrez le couteau pliant bleu SCK, tactique et semi-automatique, avec lame crant\u00e9e, brise-vitre, coupe-ceinture et clip ceinture robuste.\" \/>\n<meta property=\"og:url\" content=\"https:\/\/repliquemangacine.fr\/es\/cubiertos\/navaja-sck-azul\/\" \/>\n<meta property=\"og:site_name\" content=\"R\u00e9plique Manga Cin\u00e9\" \/>\n<meta property=\"article:publisher\" content=\"https:\/\/www.facebook.com\/RepliqueMangaCine\" \/>\n<meta property=\"article:modified_time\" content=\"2025-11-12T21:57:20+00:00\" \/>\n<meta property=\"og:image\" content=\"https:\/\/repliquemangacine.fr\/wp-content\/uploads\/2025\/09\/Couteau-SCK-tactique-Bleu.jpg\" \/>\n\t<meta property=\"og:image:width\" content=\"700\" \/>\n\t<meta property=\"og:image:height\" content=\"700\" \/>\n\t<meta property=\"og:image:type\" content=\"image\/jpeg\" \/>\n<meta name=\"twitter:card\" content=\"summary_large_image\" \/>\n<meta name=\"twitter:label1\" content=\"Tiempo de lectura\" \/>\n\t<meta name=\"twitter:data1\" content=\"3 minutos\" \/>\n<script type=\"application\/ld+json\" class=\"yoast-schema-graph\">{\"@context\":\"https:\\\/\\\/schema.org\",\"@graph\":[{\"@type\":\"WebPage\",\"@id\":\"https:\\\/\\\/repliquemangacine.fr\\\/coutellerie\\\/couteau-pliant-bleu-sck\\\/\",\"url\":\"https:\\\/\\\/repliquemangacine.fr\\\/coutellerie\\\/couteau-pliant-bleu-sck\\\/\",\"name\":\"Couteau pliant bleu SCK - R\u00e9plique Manga Cin\u00e9\",\"isPartOf\":{\"@id\":\"https:\\\/\\\/repliquemangacine.fr\\\/#website\"},\"primaryImageOfPage\":{\"@id\":\"https:\\\/\\\/repliquemangacine.fr\\\/coutellerie\\\/couteau-pliant-bleu-sck\\\/#primaryimage\"},\"image\":{\"@id\":\"https:\\\/\\\/repliquemangacine.fr\\\/coutellerie\\\/couteau-pliant-bleu-sck\\\/#primaryimage\"},\"thumbnailUrl\":\"https:\\\/\\\/repliquemangacine.fr\\\/wp-content\\\/uploads\\\/2025\\\/09\\\/Couteau-SCK-tactique-Bleu.jpg\",\"datePublished\":\"2025-09-16T21:14:57+00:00\",\"dateModified\":\"2025-11-12T21:57:20+00:00\",\"description\":\"D\u00e9couvrez le couteau pliant bleu SCK, tactique et semi-automatique, avec lame crant\u00e9e, brise-vitre, coupe-ceinture et clip ceinture robuste.\",\"breadcrumb\":{\"@id\":\"https:\\\/\\\/repliquemangacine.fr\\\/coutellerie\\\/couteau-pliant-bleu-sck\\\/#breadcrumb\"},\"inLanguage\":\"es\",\"potentialAction\":[{\"@type\":\"ReadAction\",\"target\":[\"https:\\\/\\\/repliquemangacine.fr\\\/coutellerie\\\/couteau-pliant-bleu-sck\\\/\"]}]},{\"@type\":\"ImageObject\",\"inLanguage\":\"es\",\"@id\":\"https:\\\/\\\/repliquemangacine.fr\\\/coutellerie\\\/couteau-pliant-bleu-sck\\\/#primaryimage\",\"url\":\"https:\\\/\\\/repliquemangacine.fr\\\/wp-content\\\/uploads\\\/2025\\\/09\\\/Couteau-SCK-tactique-Bleu.jpg\",\"contentUrl\":\"https:\\\/\\\/repliquemangacine.fr\\\/wp-content\\\/uploads\\\/2025\\\/09\\\/Couteau-SCK-tactique-Bleu.jpg\",\"width\":700,\"height\":700,\"caption\":\"Couteau-SCK-tactique-Bleu\"},{\"@type\":\"BreadcrumbList\",\"@id\":\"https:\\\/\\\/repliquemangacine.fr\\\/coutellerie\\\/couteau-pliant-bleu-sck\\\/#breadcrumb\",\"itemListElement\":[{\"@type\":\"ListItem\",\"position\":1,\"name\":\"Accueil\",\"item\":\"https:\\\/\\\/repliquemangacine.fr\\\/\"},{\"@type\":\"ListItem\",\"position\":2,\"name\":\"Produits\",\"item\":\"https:\\\/\\\/repliquemangacine.fr\\\/boutique\\\/\"},{\"@type\":\"ListItem\",\"position\":3,\"name\":\"Couteau pliant bleu SCK\"}]},{\"@type\":\"WebSite\",\"@id\":\"https:\\\/\\\/repliquemangacine.fr\\\/#website\",\"url\":\"https:\\\/\\\/repliquemangacine.fr\\\/\",\"name\":\"R\u00e9plique Manga Cin\u00e9\",\"description\":\"\",\"publisher\":{\"@id\":\"https:\\\/\\\/repliquemangacine.fr\\\/#organization\"},\"potentialAction\":[{\"@type\":\"SearchAction\",\"target\":{\"@type\":\"EntryPoint\",\"urlTemplate\":\"https:\\\/\\\/repliquemangacine.fr\\\/?s={search_term_string}\"},\"query-input\":{\"@type\":\"PropertyValueSpecification\",\"valueRequired\":true,\"valueName\":\"search_term_string\"}}],\"inLanguage\":\"es\"},{\"@type\":\"Organization\",\"@id\":\"https:\\\/\\\/repliquemangacine.fr\\\/#organization\",\"name\":\"R\u00e9plique Manga Cin\u00e9\",\"url\":\"https:\\\/\\\/repliquemangacine.fr\\\/\",\"logo\":{\"@type\":\"ImageObject\",\"inLanguage\":\"es\",\"@id\":\"https:\\\/\\\/repliquemangacine.fr\\\/#\\\/schema\\\/logo\\\/image\\\/\",\"url\":\"https:\\\/\\\/repliquemangacine.fr\\\/wp-content\\\/uploads\\\/2023\\\/10\\\/RMC-500250.png\",\"contentUrl\":\"https:\\\/\\\/repliquemangacine.fr\\\/wp-content\\\/uploads\\\/2023\\\/10\\\/RMC-500250.png\",\"width\":500,\"height\":250,\"caption\":\"R\u00e9plique Manga Cin\u00e9\"},\"image\":{\"@id\":\"https:\\\/\\\/repliquemangacine.fr\\\/#\\\/schema\\\/logo\\\/image\\\/\"},\"sameAs\":[\"https:\\\/\\\/www.facebook.com\\\/RepliqueMangaCine\",\"https:\\\/\\\/www.instagram.com\\\/repliquemangacine.fr\\\/\"]}]}<\/script>\n<!-- \/ Yoast SEO plugin. -->","yoast_head_json":{"title":"SCK navaja plegable azul - R\u00e9plique Manga Cin\u00e9","description":"Descubra la navaja plegable SCK azul, t\u00e1ctica y semiautom\u00e1tica, con hoja dentada, rompecristales, corta-cinturones y robusto clip para cintur\u00f3n.","robots":{"index":"index","follow":"follow","max-snippet":"max-snippet:-1","max-image-preview":"max-image-preview:large","max-video-preview":"max-video-preview:-1"},"canonical":"https:\/\/repliquemangacine.fr\/es\/cubiertos\/navaja-sck-azul\/","og_locale":"es_ES","og_type":"article","og_title":"Couteau pliant bleu SCK - R\u00e9plique Manga Cin\u00e9","og_description":"D\u00e9couvrez le couteau pliant bleu SCK, tactique et semi-automatique, avec lame crant\u00e9e, brise-vitre, coupe-ceinture et clip ceinture robuste.","og_url":"https:\/\/repliquemangacine.fr\/es\/cubiertos\/navaja-sck-azul\/","og_site_name":"R\u00e9plique Manga Cin\u00e9","article_publisher":"https:\/\/www.facebook.com\/RepliqueMangaCine","article_modified_time":"2025-11-12T21:57:20+00:00","og_image":[{"width":700,"height":700,"url":"https:\/\/repliquemangacine.fr\/wp-content\/uploads\/2025\/09\/Couteau-SCK-tactique-Bleu.jpg","type":"image\/jpeg"}],"twitter_card":"summary_large_image","twitter_misc":{"Tiempo de lectura":"3 minutos"},"schema":{"@context":"https:\/\/schema.org","@graph":[{"@type":"WebPage","@id":"https:\/\/repliquemangacine.fr\/coutellerie\/couteau-pliant-bleu-sck\/","url":"https:\/\/repliquemangacine.fr\/coutellerie\/couteau-pliant-bleu-sck\/","name":"SCK navaja plegable azul - R\u00e9plique Manga Cin\u00e9","isPartOf":{"@id":"https:\/\/repliquemangacine.fr\/#website"},"primaryImageOfPage":{"@id":"https:\/\/repliquemangacine.fr\/coutellerie\/couteau-pliant-bleu-sck\/#primaryimage"},"image":{"@id":"https:\/\/repliquemangacine.fr\/coutellerie\/couteau-pliant-bleu-sck\/#primaryimage"},"thumbnailUrl":"https:\/\/repliquemangacine.fr\/wp-content\/uploads\/2025\/09\/Couteau-SCK-tactique-Bleu.jpg","datePublished":"2025-09-16T21:14:57+00:00","dateModified":"2025-11-12T21:57:20+00:00","description":"Descubra la navaja plegable SCK azul, t\u00e1ctica y semiautom\u00e1tica, con hoja dentada, rompecristales, corta-cinturones y robusto clip para cintur\u00f3n.","breadcrumb":{"@id":"https:\/\/repliquemangacine.fr\/coutellerie\/couteau-pliant-bleu-sck\/#breadcrumb"},"inLanguage":"es","potentialAction":[{"@type":"ReadAction","target":["https:\/\/repliquemangacine.fr\/coutellerie\/couteau-pliant-bleu-sck\/"]}]},{"@type":"ImageObject","inLanguage":"es","@id":"https:\/\/repliquemangacine.fr\/coutellerie\/couteau-pliant-bleu-sck\/#primaryimage","url":"https:\/\/repliquemangacine.fr\/wp-content\/uploads\/2025\/09\/Couteau-SCK-tactique-Bleu.jpg","contentUrl":"https:\/\/repliquemangacine.fr\/wp-content\/uploads\/2025\/09\/Couteau-SCK-tactique-Bleu.jpg","width":700,"height":700,"caption":"Couteau-SCK-tactique-Bleu"},{"@type":"BreadcrumbList","@id":"https:\/\/repliquemangacine.fr\/coutellerie\/couteau-pliant-bleu-sck\/#breadcrumb","itemListElement":[{"@type":"ListItem","position":1,"name":"Accueil","item":"https:\/\/repliquemangacine.fr\/"},{"@type":"ListItem","position":2,"name":"Produits","item":"https:\/\/repliquemangacine.fr\/boutique\/"},{"@type":"ListItem","position":3,"name":"Couteau pliant bleu SCK"}]},{"@type":"WebSite","@id":"https:\/\/repliquemangacine.fr\/#website","url":"https:\/\/repliquemangacine.fr\/","name":"R\u00e9plique Manga Cin\u00e9","description":"","publisher":{"@id":"https:\/\/repliquemangacine.fr\/#organization"},"potentialAction":[{"@type":"SearchAction","target":{"@type":"EntryPoint","urlTemplate":"https:\/\/repliquemangacine.fr\/?s={search_term_string}"},"query-input":{"@type":"PropertyValueSpecification","valueRequired":true,"valueName":"search_term_string"}}],"inLanguage":"es"},{"@type":"Organization","@id":"https:\/\/repliquemangacine.fr\/#organization","name":"R\u00e9plique Manga Cin\u00e9","url":"https:\/\/repliquemangacine.fr\/","logo":{"@type":"ImageObject","inLanguage":"es","@id":"https:\/\/repliquemangacine.fr\/#\/schema\/logo\/image\/","url":"https:\/\/repliquemangacine.fr\/wp-content\/uploads\/2023\/10\/RMC-500250.png","contentUrl":"https:\/\/repliquemangacine.fr\/wp-content\/uploads\/2023\/10\/RMC-500250.png","width":500,"height":250,"caption":"R\u00e9plique Manga Cin\u00e9"},"image":{"@id":"https:\/\/repliquemangacine.fr\/#\/schema\/logo\/image\/"},"sameAs":["https:\/\/www.facebook.com\/RepliqueMangaCine","https:\/\/www.instagram.com\/repliquemangacine.fr\/"]}]}},"_links":{"self":[{"href":"https:\/\/repliquemangacine.fr\/es\/wp-json\/wp\/v2\/product\/88449","targetHints":{"allow":["GET"]}}],"collection":[{"href":"https:\/\/repliquemangacine.fr\/es\/wp-json\/wp\/v2\/product"}],"about":[{"href":"https:\/\/repliquemangacine.fr\/es\/wp-json\/wp\/v2\/types\/product"}],"wp:featuredmedia":[{"embeddable":true,"href":"https:\/\/repliquemangacine.fr\/es\/wp-json\/wp\/v2\/media\/88450"}],"wp:attachment":[{"href":"https:\/\/repliquemangacine.fr\/es\/wp-json\/wp\/v2\/media?parent=88449"}],"wp:term":[{"taxonomy":"product_brand","embeddable":true,"href":"https:\/\/repliquemangacine.fr\/es\/wp-json\/wp\/v2\/product_brand?post=88449"},{"taxonomy":"product_cat","embeddable":true,"href":"https:\/\/repliquemangacine.fr\/es\/wp-json\/wp\/v2\/product_cat?post=88449"},{"taxonomy":"product_tag","embeddable":true,"href":"https:\/\/repliquemangacine.fr\/es\/wp-json\/wp\/v2\/product_tag?post=88449"}],"curies":[{"name":"wp","href":"https:\/\/api.w.org\/{rel}","templated":true}]}}