





{"id":88419,"date":"2025-09-16T15:55:36","date_gmt":"2025-09-16T13:55:36","guid":{"rendered":"https:\/\/repliquemangacine.fr\/?post_type=product&#038;p=88419"},"modified":"2025-11-12T23:03:08","modified_gmt":"2025-11-12T22:03:08","slug":"sck-cuchillo-tactico-de-madera","status":"publish","type":"product","link":"https:\/\/repliquemangacine.fr\/es\/coutellerie\/couteau-tactique-bois-sck\/","title":{"rendered":"SCK cuchillo t\u00e1ctico de madera"},"content":{"rendered":"<h2>Cuchillo t\u00e1ctico de madera SCK - Caracter\u00edsticas y dise\u00f1o exclusivo<\/h2>\n<p>Empecemos por examinar el cuchillo t\u00e1ctico de madera SCK, que cuenta con una s\u00f3lida hoja negra de 10 cm, ideal para todos sus usos cotidianos.<br \/>\nEn primer lugar, su longitud total de 22 cm ofrece un excelente agarre, lo que garantiza comodidad y eficacia en cada manipulaci\u00f3n.<br \/>\nCon un peso ligero de 120 g, es discreto y f\u00e1cil de transportar, a la vez que mantiene una robustez excepcional.<br \/>\nEl mango combina elegantemente madera natural y fibra de carbono, uniendo tradici\u00f3n y modernidad en un estilo \u00fanico y sofisticado.<br \/>\nEst\u00e1 equipado con un <a href=\"https:\/\/fr.wikipedia.org\/wiki\/D%C3%A9gagement_d%27urgence\" target=\"_blank\" rel=\"noopener noreferrer\">cortador de cinta<\/a> integrado y un rompecristales, dos elementos indispensables para cualquier situaci\u00f3n de emergencia imprevista.<br \/>\nUna pr\u00e1ctica pinza para el cintur\u00f3n completa este cuchillo, lo que garantiza un transporte sencillo, seguro y perfectamente adaptado a las necesidades t\u00e1cticas modernas.<\/p>\n<h2>La importancia y las caracter\u00edsticas especiales de este cuchillo t\u00e1ctico plegable<\/h2>\n<p>Una navaja t\u00e1ctica plegable como esta no es solo un accesorio, sino que se convierte en una aut\u00e9ntica herramienta de supervivencia.<br \/>\nSu hoja negra ofrece una gran versatilidad, ya que permite tanto usos al aire libre como una funci\u00f3n defensiva en determinadas situaciones espec\u00edficas.<br \/>\nEl mango de madera y carbono aporta una est\u00e9tica extraordinaria, convirtiendo este cuchillo en un objeto tan elegante como \u00fatil.<br \/>\nGracias al rompecristales y al cortador de cinturones integrados, se convierte en un valioso aliado en caso de emergencias o accidentes imprevistos.<br \/>\nSus dimensiones equilibradas garantizan una manejabilidad \u00f3ptima, lo que ofrece seguridad, precisi\u00f3n y practicidad a los aficionados a los cuchillos t\u00e1cticos o a los coleccionistas apasionados.<br \/>\nAs\u00ed, esta navaja SCK se distingue claramente de los modelos cl\u00e1sicos, ya que combina utilidad, est\u00e9tica y rendimiento en un mismo objeto.<\/p>\n<h2>Descubra Repliquemangacine y sus numerosas colecciones disponibles<\/h2>\n<p>En nuestro sitio web <strong>Repliquemangacine<\/strong>Encontrar\u00e1 una amplia selecci\u00f3n de katanas inspiradas en <a href=\"https:\/\/repliquemangacine.fr\/es\/katana-de-una-pieza\/\" target=\"_blank\" rel=\"noopener noreferrer\">Una pieza<\/a>, Demon Slayer y Naruto, imprescindibles.<br \/>\nTambi\u00e9n ofrecemos espadas legendarias de pel\u00edculas de culto como El Se\u00f1or de los Anillos, Harry Potter o Juego de Tronos.<br \/>\nLos apasionados de la historia disfrutar\u00e1n con nuestras fieles reproducciones de armas antiguas., <a href=\"https:\/\/repliquemangacine.fr\/es\/espadas-espada-antigua\/\" target=\"_blank\" rel=\"noopener noreferrer\">Espadas romanas<\/a>, espadas medievales y sables piratas aut\u00e9nticos.<br \/>\nTambi\u00e9n ofrecemos colecciones \u00fanicas de armas de la Segunda Guerra Mundial, perfectas para coleccionistas exigentes.<br \/>\nPor \u00faltimo, los amantes del western encontrar\u00e1n rev\u00f3lveres Colt, rifles Winchester, fundas y estrellas de sheriff reproducidas con esmero y atenci\u00f3n al detalle.<br \/>\nAl elegir<strong> Repliquemangacine<\/strong>Se adentrar\u00e1 en un universo fascinante donde confluyen la cultura manga, el cine de culto y una fascinante historia b\u00e9lica.<\/p>\n<p><strong>\u26a0\ufe0f Venta prohibida a menores. Es posible que tras realizar el pedido se solicite una verificaci\u00f3n de identidad para confirmar la mayor\u00eda de edad del comprador.<\/strong><\/p>","protected":false},"excerpt":{"rendered":"<p><strong>Especificaciones t\u00e9cnicas :<\/strong><\/p>\n<ul>\n<li>Marca : SCK<\/li>\n<li>Navaja t\u00e1ctica SCK con dise\u00f1o de madera y carbono<\/li>\n<li>Robusta hoja negra de 10 cm para un uso vers\u00e1til<\/li>\n<li>Longitud total de la cuchilla: 22 cm<\/li>\n<li>Ligero, s\u00f3lo 120 g<\/li>\n<li>Equipado con un rompeventanas y un cortador de cinta integrados<\/li>\n<li>Clip de cintur\u00f3n para un transporte c\u00f3modo y seguro<\/li>\n<\/ul>","protected":false},"featured_media":88420,"template":"","meta":[],"product_brand":[896],"product_cat":[891,892,884],"product_tag":[],"class_list":{"0":"post-88419","1":"product","2":"type-product","3":"status-publish","4":"has-post-thumbnail","6":"product_brand-replique-manga-cine","7":"product_cat-couteaux-automatiques","8":"product_cat-couteaux-tactical","9":"product_cat-coutellerie","11":"first","12":"instock","13":"taxable","14":"shipping-taxable","15":"purchasable","16":"product-type-simple"},"yoast_head":"<!-- This site is optimized with the Yoast SEO plugin v27.4 - https:\/\/yoast.com\/product\/yoast-seo-wordpress\/ -->\n<title>Couteau tactique bois SCK - R\u00e9plique Manga Cin\u00e9<\/title>\n<meta name=\"description\" content=\"D\u00e9couvrez le couteau tactique pliant SCK avec lame noire robuste et manche bois\/carbone. Pratique, \u00e9l\u00e9gant et \u00e9quip\u00e9 d\u2019un brise-vitre et coupe-ceinture.\" \/>\n<meta name=\"robots\" content=\"index, follow, max-snippet:-1, max-image-preview:large, max-video-preview:-1\" \/>\n<link rel=\"canonical\" href=\"https:\/\/repliquemangacine.fr\/es\/cubiertos\/sck-cuchillo-tactico-de-madera\/\" \/>\n<meta property=\"og:locale\" content=\"es_ES\" \/>\n<meta property=\"og:type\" content=\"article\" \/>\n<meta property=\"og:title\" content=\"Couteau tactique bois SCK - R\u00e9plique Manga Cin\u00e9\" \/>\n<meta property=\"og:description\" content=\"D\u00e9couvrez le couteau tactique pliant SCK avec lame noire robuste et manche bois\/carbone. Pratique, \u00e9l\u00e9gant et \u00e9quip\u00e9 d\u2019un brise-vitre et coupe-ceinture.\" \/>\n<meta property=\"og:url\" content=\"https:\/\/repliquemangacine.fr\/es\/cubiertos\/sck-cuchillo-tactico-de-madera\/\" \/>\n<meta property=\"og:site_name\" content=\"R\u00e9plique Manga Cin\u00e9\" \/>\n<meta property=\"article:publisher\" content=\"https:\/\/www.facebook.com\/RepliqueMangaCine\" \/>\n<meta property=\"article:modified_time\" content=\"2025-11-12T22:03:08+00:00\" \/>\n<meta property=\"og:image\" content=\"https:\/\/repliquemangacine.fr\/wp-content\/uploads\/2025\/09\/Couteau-tactique-Bois-et-Carbone.jpg\" \/>\n\t<meta property=\"og:image:width\" content=\"700\" \/>\n\t<meta property=\"og:image:height\" content=\"700\" \/>\n\t<meta property=\"og:image:type\" content=\"image\/jpeg\" \/>\n<meta name=\"twitter:card\" content=\"summary_large_image\" \/>\n<meta name=\"twitter:label1\" content=\"Tiempo de lectura\" \/>\n\t<meta name=\"twitter:data1\" content=\"3 minutos\" \/>\n<script type=\"application\/ld+json\" class=\"yoast-schema-graph\">{\"@context\":\"https:\\\/\\\/schema.org\",\"@graph\":[{\"@type\":\"WebPage\",\"@id\":\"https:\\\/\\\/repliquemangacine.fr\\\/coutellerie\\\/couteau-tactique-bois-sck\\\/\",\"url\":\"https:\\\/\\\/repliquemangacine.fr\\\/coutellerie\\\/couteau-tactique-bois-sck\\\/\",\"name\":\"Couteau tactique bois SCK - R\u00e9plique Manga Cin\u00e9\",\"isPartOf\":{\"@id\":\"https:\\\/\\\/repliquemangacine.fr\\\/#website\"},\"primaryImageOfPage\":{\"@id\":\"https:\\\/\\\/repliquemangacine.fr\\\/coutellerie\\\/couteau-tactique-bois-sck\\\/#primaryimage\"},\"image\":{\"@id\":\"https:\\\/\\\/repliquemangacine.fr\\\/coutellerie\\\/couteau-tactique-bois-sck\\\/#primaryimage\"},\"thumbnailUrl\":\"https:\\\/\\\/repliquemangacine.fr\\\/wp-content\\\/uploads\\\/2025\\\/09\\\/Couteau-tactique-Bois-et-Carbone.jpg\",\"datePublished\":\"2025-09-16T13:55:36+00:00\",\"dateModified\":\"2025-11-12T22:03:08+00:00\",\"description\":\"D\u00e9couvrez le couteau tactique pliant SCK avec lame noire robuste et manche bois\\\/carbone. Pratique, \u00e9l\u00e9gant et \u00e9quip\u00e9 d\u2019un brise-vitre et coupe-ceinture.\",\"breadcrumb\":{\"@id\":\"https:\\\/\\\/repliquemangacine.fr\\\/coutellerie\\\/couteau-tactique-bois-sck\\\/#breadcrumb\"},\"inLanguage\":\"es\",\"potentialAction\":[{\"@type\":\"ReadAction\",\"target\":[\"https:\\\/\\\/repliquemangacine.fr\\\/coutellerie\\\/couteau-tactique-bois-sck\\\/\"]}]},{\"@type\":\"ImageObject\",\"inLanguage\":\"es\",\"@id\":\"https:\\\/\\\/repliquemangacine.fr\\\/coutellerie\\\/couteau-tactique-bois-sck\\\/#primaryimage\",\"url\":\"https:\\\/\\\/repliquemangacine.fr\\\/wp-content\\\/uploads\\\/2025\\\/09\\\/Couteau-tactique-Bois-et-Carbone.jpg\",\"contentUrl\":\"https:\\\/\\\/repliquemangacine.fr\\\/wp-content\\\/uploads\\\/2025\\\/09\\\/Couteau-tactique-Bois-et-Carbone.jpg\",\"width\":700,\"height\":700,\"caption\":\"Couteau-tactique-Bois-et-Carbone\"},{\"@type\":\"BreadcrumbList\",\"@id\":\"https:\\\/\\\/repliquemangacine.fr\\\/coutellerie\\\/couteau-tactique-bois-sck\\\/#breadcrumb\",\"itemListElement\":[{\"@type\":\"ListItem\",\"position\":1,\"name\":\"Accueil\",\"item\":\"https:\\\/\\\/repliquemangacine.fr\\\/\"},{\"@type\":\"ListItem\",\"position\":2,\"name\":\"Produits\",\"item\":\"https:\\\/\\\/repliquemangacine.fr\\\/boutique\\\/\"},{\"@type\":\"ListItem\",\"position\":3,\"name\":\"Couteau tactique bois SCK\"}]},{\"@type\":\"WebSite\",\"@id\":\"https:\\\/\\\/repliquemangacine.fr\\\/#website\",\"url\":\"https:\\\/\\\/repliquemangacine.fr\\\/\",\"name\":\"R\u00e9plique Manga Cin\u00e9\",\"description\":\"\",\"publisher\":{\"@id\":\"https:\\\/\\\/repliquemangacine.fr\\\/#organization\"},\"potentialAction\":[{\"@type\":\"SearchAction\",\"target\":{\"@type\":\"EntryPoint\",\"urlTemplate\":\"https:\\\/\\\/repliquemangacine.fr\\\/?s={search_term_string}\"},\"query-input\":{\"@type\":\"PropertyValueSpecification\",\"valueRequired\":true,\"valueName\":\"search_term_string\"}}],\"inLanguage\":\"es\"},{\"@type\":\"Organization\",\"@id\":\"https:\\\/\\\/repliquemangacine.fr\\\/#organization\",\"name\":\"R\u00e9plique Manga Cin\u00e9\",\"url\":\"https:\\\/\\\/repliquemangacine.fr\\\/\",\"logo\":{\"@type\":\"ImageObject\",\"inLanguage\":\"es\",\"@id\":\"https:\\\/\\\/repliquemangacine.fr\\\/#\\\/schema\\\/logo\\\/image\\\/\",\"url\":\"https:\\\/\\\/repliquemangacine.fr\\\/wp-content\\\/uploads\\\/2023\\\/10\\\/RMC-500250.png\",\"contentUrl\":\"https:\\\/\\\/repliquemangacine.fr\\\/wp-content\\\/uploads\\\/2023\\\/10\\\/RMC-500250.png\",\"width\":500,\"height\":250,\"caption\":\"R\u00e9plique Manga Cin\u00e9\"},\"image\":{\"@id\":\"https:\\\/\\\/repliquemangacine.fr\\\/#\\\/schema\\\/logo\\\/image\\\/\"},\"sameAs\":[\"https:\\\/\\\/www.facebook.com\\\/RepliqueMangaCine\",\"https:\\\/\\\/www.instagram.com\\\/repliquemangacine.fr\\\/\"]}]}<\/script>\n<!-- \/ Yoast SEO plugin. -->","yoast_head_json":{"title":"SCK cuchillo t\u00e1ctico de madera - R\u00e9plique Manga Cin\u00e9","description":"Descubra la navaja t\u00e1ctica plegable SCK con su robusta hoja negra y mango de madera\/carbono. Pr\u00e1ctica, elegante y equipada con un rompecristales y un cortador de cintur\u00f3n.","robots":{"index":"index","follow":"follow","max-snippet":"max-snippet:-1","max-image-preview":"max-image-preview:large","max-video-preview":"max-video-preview:-1"},"canonical":"https:\/\/repliquemangacine.fr\/es\/cubiertos\/sck-cuchillo-tactico-de-madera\/","og_locale":"es_ES","og_type":"article","og_title":"Couteau tactique bois SCK - R\u00e9plique Manga Cin\u00e9","og_description":"D\u00e9couvrez le couteau tactique pliant SCK avec lame noire robuste et manche bois\/carbone. Pratique, \u00e9l\u00e9gant et \u00e9quip\u00e9 d\u2019un brise-vitre et coupe-ceinture.","og_url":"https:\/\/repliquemangacine.fr\/es\/cubiertos\/sck-cuchillo-tactico-de-madera\/","og_site_name":"R\u00e9plique Manga Cin\u00e9","article_publisher":"https:\/\/www.facebook.com\/RepliqueMangaCine","article_modified_time":"2025-11-12T22:03:08+00:00","og_image":[{"width":700,"height":700,"url":"https:\/\/repliquemangacine.fr\/wp-content\/uploads\/2025\/09\/Couteau-tactique-Bois-et-Carbone.jpg","type":"image\/jpeg"}],"twitter_card":"summary_large_image","twitter_misc":{"Tiempo de lectura":"3 minutos"},"schema":{"@context":"https:\/\/schema.org","@graph":[{"@type":"WebPage","@id":"https:\/\/repliquemangacine.fr\/coutellerie\/couteau-tactique-bois-sck\/","url":"https:\/\/repliquemangacine.fr\/coutellerie\/couteau-tactique-bois-sck\/","name":"SCK cuchillo t\u00e1ctico de madera - R\u00e9plique Manga Cin\u00e9","isPartOf":{"@id":"https:\/\/repliquemangacine.fr\/#website"},"primaryImageOfPage":{"@id":"https:\/\/repliquemangacine.fr\/coutellerie\/couteau-tactique-bois-sck\/#primaryimage"},"image":{"@id":"https:\/\/repliquemangacine.fr\/coutellerie\/couteau-tactique-bois-sck\/#primaryimage"},"thumbnailUrl":"https:\/\/repliquemangacine.fr\/wp-content\/uploads\/2025\/09\/Couteau-tactique-Bois-et-Carbone.jpg","datePublished":"2025-09-16T13:55:36+00:00","dateModified":"2025-11-12T22:03:08+00:00","description":"Descubra la navaja t\u00e1ctica plegable SCK con su robusta hoja negra y mango de madera\/carbono. Pr\u00e1ctica, elegante y equipada con un rompecristales y un cortador de cintur\u00f3n.","breadcrumb":{"@id":"https:\/\/repliquemangacine.fr\/coutellerie\/couteau-tactique-bois-sck\/#breadcrumb"},"inLanguage":"es","potentialAction":[{"@type":"ReadAction","target":["https:\/\/repliquemangacine.fr\/coutellerie\/couteau-tactique-bois-sck\/"]}]},{"@type":"ImageObject","inLanguage":"es","@id":"https:\/\/repliquemangacine.fr\/coutellerie\/couteau-tactique-bois-sck\/#primaryimage","url":"https:\/\/repliquemangacine.fr\/wp-content\/uploads\/2025\/09\/Couteau-tactique-Bois-et-Carbone.jpg","contentUrl":"https:\/\/repliquemangacine.fr\/wp-content\/uploads\/2025\/09\/Couteau-tactique-Bois-et-Carbone.jpg","width":700,"height":700,"caption":"Couteau-tactique-Bois-et-Carbone"},{"@type":"BreadcrumbList","@id":"https:\/\/repliquemangacine.fr\/coutellerie\/couteau-tactique-bois-sck\/#breadcrumb","itemListElement":[{"@type":"ListItem","position":1,"name":"Accueil","item":"https:\/\/repliquemangacine.fr\/"},{"@type":"ListItem","position":2,"name":"Produits","item":"https:\/\/repliquemangacine.fr\/boutique\/"},{"@type":"ListItem","position":3,"name":"Couteau tactique bois SCK"}]},{"@type":"WebSite","@id":"https:\/\/repliquemangacine.fr\/#website","url":"https:\/\/repliquemangacine.fr\/","name":"R\u00e9plique Manga Cin\u00e9","description":"","publisher":{"@id":"https:\/\/repliquemangacine.fr\/#organization"},"potentialAction":[{"@type":"SearchAction","target":{"@type":"EntryPoint","urlTemplate":"https:\/\/repliquemangacine.fr\/?s={search_term_string}"},"query-input":{"@type":"PropertyValueSpecification","valueRequired":true,"valueName":"search_term_string"}}],"inLanguage":"es"},{"@type":"Organization","@id":"https:\/\/repliquemangacine.fr\/#organization","name":"R\u00e9plique Manga Cin\u00e9","url":"https:\/\/repliquemangacine.fr\/","logo":{"@type":"ImageObject","inLanguage":"es","@id":"https:\/\/repliquemangacine.fr\/#\/schema\/logo\/image\/","url":"https:\/\/repliquemangacine.fr\/wp-content\/uploads\/2023\/10\/RMC-500250.png","contentUrl":"https:\/\/repliquemangacine.fr\/wp-content\/uploads\/2023\/10\/RMC-500250.png","width":500,"height":250,"caption":"R\u00e9plique Manga Cin\u00e9"},"image":{"@id":"https:\/\/repliquemangacine.fr\/#\/schema\/logo\/image\/"},"sameAs":["https:\/\/www.facebook.com\/RepliqueMangaCine","https:\/\/www.instagram.com\/repliquemangacine.fr\/"]}]}},"_links":{"self":[{"href":"https:\/\/repliquemangacine.fr\/es\/wp-json\/wp\/v2\/product\/88419","targetHints":{"allow":["GET"]}}],"collection":[{"href":"https:\/\/repliquemangacine.fr\/es\/wp-json\/wp\/v2\/product"}],"about":[{"href":"https:\/\/repliquemangacine.fr\/es\/wp-json\/wp\/v2\/types\/product"}],"wp:featuredmedia":[{"embeddable":true,"href":"https:\/\/repliquemangacine.fr\/es\/wp-json\/wp\/v2\/media\/88420"}],"wp:attachment":[{"href":"https:\/\/repliquemangacine.fr\/es\/wp-json\/wp\/v2\/media?parent=88419"}],"wp:term":[{"taxonomy":"product_brand","embeddable":true,"href":"https:\/\/repliquemangacine.fr\/es\/wp-json\/wp\/v2\/product_brand?post=88419"},{"taxonomy":"product_cat","embeddable":true,"href":"https:\/\/repliquemangacine.fr\/es\/wp-json\/wp\/v2\/product_cat?post=88419"},{"taxonomy":"product_tag","embeddable":true,"href":"https:\/\/repliquemangacine.fr\/es\/wp-json\/wp\/v2\/product_tag?post=88419"}],"curies":[{"name":"wp","href":"https:\/\/api.w.org\/{rel}","templated":true}]}}