





{"id":88401,"date":"2025-09-16T14:57:02","date_gmt":"2025-09-16T12:57:02","guid":{"rendered":"https:\/\/repliquemangacine.fr\/?post_type=product&#038;p=88401"},"modified":"2025-12-13T18:33:02","modified_gmt":"2025-12-13T17:33:02","slug":"navaja-plegable-de-cobre-sck","status":"publish","type":"product","link":"https:\/\/repliquemangacine.fr\/es\/coutellerie\/couteau-pliant-sck-cuivre\/","title":{"rendered":"Navaja plegable SCK Cobre"},"content":{"rendered":"<h2>Especificaciones detalladas de la navaja plegable SCK Copper<\/h2>\n<p>Empecemos por examinar el cuchillo plegable SCK cobre, que destaca por su hoja de acero inoxidable.<br \/>\nSu mango met\u00e1lico de color bronce presenta motivos esculpidos, lo que le confiere un agarre y un dise\u00f1o \u00fanicos.<br \/>\nEquipado con un resistente clip para el cintur\u00f3n, que permite un transporte f\u00e1cil, seguro y discreto en el d\u00eda a d\u00eda.<br \/>\nEl sistema de apertura r\u00e1pida garantiza un uso pr\u00e1ctico, con una hoja curvada que recuerda a las garras de los animales.<br \/>\nUna vez abierta, se asegura mediante un <a href=\"https:\/\/en.wikipedia.org\/wiki\/Liner_lock#:~:text=A%20Linerlock%20is%20a%20folding,the%20knife%20in%20the%20hand.\" target=\"_blank\" rel=\"noopener noreferrer\">cerradura de revestimiento<\/a> (bloqueo interno en el lateral del mango) que impide cualquier plegado accidental.<br \/>\nSu dise\u00f1o plegable garantiza un almacenamiento sencillo y compacto, perfecto para los amantes de la cuchiller\u00eda.<br \/>\nEste modelo firmado por SCK combina solidez y est\u00e9tica, lo que lo convierte en una herramienta fiable, pr\u00e1ctica y, sobre todo, en una aut\u00e9ntica pieza de colecci\u00f3n \u00fanica.<\/p>\n<h2>Importancia y particularidades de este cuchillo<\/h2>\n<p>La navaja SCK cobre no es un simple accesorio, es una pieza \u00fanica que combina estilo, eficacia y robustez.<br \/>\nSu hoja curvada llama inmediatamente la atenci\u00f3n, recordando el universo de las hojas t\u00e1cticas modernas y las armas inspiradas en h\u00e9roes imaginarios.<br \/>\nSe convierte en un s\u00edmbolo de poder y originalidad, perfecto para completar una colecci\u00f3n o acompa\u00f1ar a un apasionado de los cuchillos \u00fanicos.<br \/>\nGracias a sus acabados en bronce y a su mecanismo fluido, se impone como un cuchillo excepcional que se aprecia durante mucho tiempo.<\/p>\n<h2>Otros productos disponibles en R\u00e9plique Manga Cin\u00e9<\/h2>\n<p>Adem\u00e1s de esta navaja plegable SCK, el <strong>R\u00e9plique Manga Cin\u00e9<\/strong> ofrece una amplia selecci\u00f3n de art\u00edculos \u00fanicos, imprescindibles y apasionantes.<br \/>\nEncontrar\u00e1s katanas inspiradas en One Piece, Naruto, <a href=\"https:\/\/repliquemangacine.fr\/es\/katana-cazademonios\/\" target=\"_blank\" rel=\"noopener noreferrer\">Cazador de demonios<\/a>, Bleach o Sword Art Online, perfectos para coleccionistas apasionados.<br \/>\nPor \u00faltimo, los aficionados al cine podr\u00e1n descubrir r\u00e9plicas emblem\u00e1ticas como la espada del Se\u00f1or de los Anillos, <a href=\"https:\/\/repliquemangacine.fr\/es\/cuchillos-rambo-daga-john-rambo\/\" target=\"_blank\" rel=\"noopener noreferrer\">Cuchillo de Rambo<\/a> u otras obras de culto.<br \/>\n<strong>R\u00e9plique Manga Cin\u00e9<\/strong> Tambi\u00e9n ofrece reproducciones de armas hist\u00f3ricas, desde espadas antiguas hasta sables medievales y armas de la Segunda Guerra Mundial.<br \/>\nPor \u00faltimo, los amantes del western estar\u00e1n encantados con las r\u00e9plicas fieles y cuidadosamente seleccionadas de rev\u00f3lveres Colt, rifles Winchester, fundas y placas de sheriff.<\/p>\n<p><strong>\u26a0\ufe0f Venta prohibida a menores. Es posible que tras realizar el pedido se solicite una verificaci\u00f3n de identidad para confirmar la mayor\u00eda de edad del comprador.<\/strong><\/p>","protected":false},"excerpt":{"rendered":"<p><strong>Especificaciones t\u00e9cnicas :<\/strong><\/p>\n<ul>\n<li style=\"list-style-type: none;\">\n<ul>\n<li>Marca : SCK<\/li>\n<li>Tipo : Navaja plegable manual (apertura asistida tipo flipper)<\/li>\n<li>Hoja: Acero inoxidable<\/li>\n<li>Longitud de la hoja: aprox. 9 cm<\/li>\n<li>Asa: asa de metal color bronce con motivos esculpidos<\/li>\n<li>Clip para cintur\u00f3n: S\u00ed<\/li>\n<li>Longitud abierto: 20,5 cm<\/li>\n<\/ul>\n<\/li>\n<\/ul>\n<p>Longitud de la hoja:9 cm<\/p>\n<ul>\n<li>Peso: 219 gramos<\/li>\n<\/ul>","protected":false},"featured_media":88403,"template":"","meta":[],"product_brand":[896],"product_cat":[891,886,884],"product_tag":[],"class_list":{"0":"post-88401","1":"product","2":"type-product","3":"status-publish","4":"has-post-thumbnail","6":"product_brand-replique-manga-cine","7":"product_cat-couteaux-automatiques","8":"product_cat-couteaux-de-poche","9":"product_cat-coutellerie","11":"first","12":"instock","13":"taxable","14":"shipping-taxable","15":"purchasable","16":"product-type-simple"},"yoast_head":"<!-- This site is optimized with the Yoast SEO plugin v27.4 - https:\/\/yoast.com\/product\/yoast-seo-wordpress\/ -->\n<title>Couteau pliant SCK Cuivre - R\u00e9plique Manga Cin\u00e9<\/title>\n<meta name=\"description\" content=\"Le couteau pliant SCK Cuivre allie \u00e9l\u00e9gance et robustesse, un design unique id\u00e9al pour les passionn\u00e9s de coutellerie et collectionneurs exigeants.\" \/>\n<meta name=\"robots\" content=\"index, follow, max-snippet:-1, max-image-preview:large, max-video-preview:-1\" \/>\n<link rel=\"canonical\" href=\"https:\/\/repliquemangacine.fr\/es\/cubiertos\/navaja-plegable-de-cobre-sck\/\" \/>\n<meta property=\"og:locale\" content=\"es_ES\" \/>\n<meta property=\"og:type\" content=\"article\" \/>\n<meta property=\"og:title\" content=\"Couteau pliant SCK Cuivre - R\u00e9plique Manga Cin\u00e9\" \/>\n<meta property=\"og:description\" content=\"Le couteau pliant SCK Cuivre allie \u00e9l\u00e9gance et robustesse, un design unique id\u00e9al pour les passionn\u00e9s de coutellerie et collectionneurs exigeants.\" \/>\n<meta property=\"og:url\" content=\"https:\/\/repliquemangacine.fr\/es\/cubiertos\/navaja-plegable-de-cobre-sck\/\" \/>\n<meta property=\"og:site_name\" content=\"R\u00e9plique Manga Cin\u00e9\" \/>\n<meta property=\"article:publisher\" content=\"https:\/\/www.facebook.com\/RepliqueMangaCine\" \/>\n<meta property=\"article:modified_time\" content=\"2025-12-13T17:33:02+00:00\" \/>\n<meta property=\"og:image\" content=\"https:\/\/repliquemangacine.fr\/wp-content\/uploads\/2025\/09\/Couteau-de-poche-Pliant-SCK.jpg\" \/>\n\t<meta property=\"og:image:width\" content=\"700\" \/>\n\t<meta property=\"og:image:height\" content=\"700\" \/>\n\t<meta property=\"og:image:type\" content=\"image\/jpeg\" \/>\n<meta name=\"twitter:card\" content=\"summary_large_image\" \/>\n<meta name=\"twitter:label1\" content=\"Tiempo de lectura\" \/>\n\t<meta name=\"twitter:data1\" content=\"3 minutos\" \/>\n<script type=\"application\/ld+json\" class=\"yoast-schema-graph\">{\"@context\":\"https:\\\/\\\/schema.org\",\"@graph\":[{\"@type\":\"WebPage\",\"@id\":\"https:\\\/\\\/repliquemangacine.fr\\\/coutellerie\\\/couteau-pliant-sck-cuivre\\\/\",\"url\":\"https:\\\/\\\/repliquemangacine.fr\\\/coutellerie\\\/couteau-pliant-sck-cuivre\\\/\",\"name\":\"Couteau pliant SCK Cuivre - R\u00e9plique Manga Cin\u00e9\",\"isPartOf\":{\"@id\":\"https:\\\/\\\/repliquemangacine.fr\\\/#website\"},\"primaryImageOfPage\":{\"@id\":\"https:\\\/\\\/repliquemangacine.fr\\\/coutellerie\\\/couteau-pliant-sck-cuivre\\\/#primaryimage\"},\"image\":{\"@id\":\"https:\\\/\\\/repliquemangacine.fr\\\/coutellerie\\\/couteau-pliant-sck-cuivre\\\/#primaryimage\"},\"thumbnailUrl\":\"https:\\\/\\\/repliquemangacine.fr\\\/wp-content\\\/uploads\\\/2025\\\/09\\\/Couteau-de-poche-Pliant-SCK.jpg\",\"datePublished\":\"2025-09-16T12:57:02+00:00\",\"dateModified\":\"2025-12-13T17:33:02+00:00\",\"description\":\"Le couteau pliant SCK Cuivre allie \u00e9l\u00e9gance et robustesse, un design unique id\u00e9al pour les passionn\u00e9s de coutellerie et collectionneurs exigeants.\",\"breadcrumb\":{\"@id\":\"https:\\\/\\\/repliquemangacine.fr\\\/coutellerie\\\/couteau-pliant-sck-cuivre\\\/#breadcrumb\"},\"inLanguage\":\"es\",\"potentialAction\":[{\"@type\":\"ReadAction\",\"target\":[\"https:\\\/\\\/repliquemangacine.fr\\\/coutellerie\\\/couteau-pliant-sck-cuivre\\\/\"]}]},{\"@type\":\"ImageObject\",\"inLanguage\":\"es\",\"@id\":\"https:\\\/\\\/repliquemangacine.fr\\\/coutellerie\\\/couteau-pliant-sck-cuivre\\\/#primaryimage\",\"url\":\"https:\\\/\\\/repliquemangacine.fr\\\/wp-content\\\/uploads\\\/2025\\\/09\\\/Couteau-de-poche-Pliant-SCK.jpg\",\"contentUrl\":\"https:\\\/\\\/repliquemangacine.fr\\\/wp-content\\\/uploads\\\/2025\\\/09\\\/Couteau-de-poche-Pliant-SCK.jpg\",\"width\":700,\"height\":700,\"caption\":\"Couteau-de-poche-Pliant-SCK\"},{\"@type\":\"BreadcrumbList\",\"@id\":\"https:\\\/\\\/repliquemangacine.fr\\\/coutellerie\\\/couteau-pliant-sck-cuivre\\\/#breadcrumb\",\"itemListElement\":[{\"@type\":\"ListItem\",\"position\":1,\"name\":\"Accueil\",\"item\":\"https:\\\/\\\/repliquemangacine.fr\\\/\"},{\"@type\":\"ListItem\",\"position\":2,\"name\":\"Produits\",\"item\":\"https:\\\/\\\/repliquemangacine.fr\\\/boutique\\\/\"},{\"@type\":\"ListItem\",\"position\":3,\"name\":\"Couteau pliant SCK Cuivre\"}]},{\"@type\":\"WebSite\",\"@id\":\"https:\\\/\\\/repliquemangacine.fr\\\/#website\",\"url\":\"https:\\\/\\\/repliquemangacine.fr\\\/\",\"name\":\"R\u00e9plique Manga Cin\u00e9\",\"description\":\"\",\"publisher\":{\"@id\":\"https:\\\/\\\/repliquemangacine.fr\\\/#organization\"},\"potentialAction\":[{\"@type\":\"SearchAction\",\"target\":{\"@type\":\"EntryPoint\",\"urlTemplate\":\"https:\\\/\\\/repliquemangacine.fr\\\/?s={search_term_string}\"},\"query-input\":{\"@type\":\"PropertyValueSpecification\",\"valueRequired\":true,\"valueName\":\"search_term_string\"}}],\"inLanguage\":\"es\"},{\"@type\":\"Organization\",\"@id\":\"https:\\\/\\\/repliquemangacine.fr\\\/#organization\",\"name\":\"R\u00e9plique Manga Cin\u00e9\",\"url\":\"https:\\\/\\\/repliquemangacine.fr\\\/\",\"logo\":{\"@type\":\"ImageObject\",\"inLanguage\":\"es\",\"@id\":\"https:\\\/\\\/repliquemangacine.fr\\\/#\\\/schema\\\/logo\\\/image\\\/\",\"url\":\"https:\\\/\\\/repliquemangacine.fr\\\/wp-content\\\/uploads\\\/2023\\\/10\\\/RMC-500250.png\",\"contentUrl\":\"https:\\\/\\\/repliquemangacine.fr\\\/wp-content\\\/uploads\\\/2023\\\/10\\\/RMC-500250.png\",\"width\":500,\"height\":250,\"caption\":\"R\u00e9plique Manga Cin\u00e9\"},\"image\":{\"@id\":\"https:\\\/\\\/repliquemangacine.fr\\\/#\\\/schema\\\/logo\\\/image\\\/\"},\"sameAs\":[\"https:\\\/\\\/www.facebook.com\\\/RepliqueMangaCine\",\"https:\\\/\\\/www.instagram.com\\\/repliquemangacine.fr\\\/\"]}]}<\/script>\n<!-- \/ Yoast SEO plugin. -->","yoast_head_json":{"title":"SCK Navaja plegable de cobre - R\u00e9plique Manga Cin\u00e9","description":"La navaja plegable SCK Cuivre combina elegancia y robustez en un dise\u00f1o \u00fanico ideal para los entusiastas de la cuchiller\u00eda y los coleccionistas exigentes.","robots":{"index":"index","follow":"follow","max-snippet":"max-snippet:-1","max-image-preview":"max-image-preview:large","max-video-preview":"max-video-preview:-1"},"canonical":"https:\/\/repliquemangacine.fr\/es\/cubiertos\/navaja-plegable-de-cobre-sck\/","og_locale":"es_ES","og_type":"article","og_title":"Couteau pliant SCK Cuivre - R\u00e9plique Manga Cin\u00e9","og_description":"Le couteau pliant SCK Cuivre allie \u00e9l\u00e9gance et robustesse, un design unique id\u00e9al pour les passionn\u00e9s de coutellerie et collectionneurs exigeants.","og_url":"https:\/\/repliquemangacine.fr\/es\/cubiertos\/navaja-plegable-de-cobre-sck\/","og_site_name":"R\u00e9plique Manga Cin\u00e9","article_publisher":"https:\/\/www.facebook.com\/RepliqueMangaCine","article_modified_time":"2025-12-13T17:33:02+00:00","og_image":[{"width":700,"height":700,"url":"https:\/\/repliquemangacine.fr\/wp-content\/uploads\/2025\/09\/Couteau-de-poche-Pliant-SCK.jpg","type":"image\/jpeg"}],"twitter_card":"summary_large_image","twitter_misc":{"Tiempo de lectura":"3 minutos"},"schema":{"@context":"https:\/\/schema.org","@graph":[{"@type":"WebPage","@id":"https:\/\/repliquemangacine.fr\/coutellerie\/couteau-pliant-sck-cuivre\/","url":"https:\/\/repliquemangacine.fr\/coutellerie\/couteau-pliant-sck-cuivre\/","name":"SCK Navaja plegable de cobre - R\u00e9plique Manga Cin\u00e9","isPartOf":{"@id":"https:\/\/repliquemangacine.fr\/#website"},"primaryImageOfPage":{"@id":"https:\/\/repliquemangacine.fr\/coutellerie\/couteau-pliant-sck-cuivre\/#primaryimage"},"image":{"@id":"https:\/\/repliquemangacine.fr\/coutellerie\/couteau-pliant-sck-cuivre\/#primaryimage"},"thumbnailUrl":"https:\/\/repliquemangacine.fr\/wp-content\/uploads\/2025\/09\/Couteau-de-poche-Pliant-SCK.jpg","datePublished":"2025-09-16T12:57:02+00:00","dateModified":"2025-12-13T17:33:02+00:00","description":"La navaja plegable SCK Cuivre combina elegancia y robustez en un dise\u00f1o \u00fanico ideal para los entusiastas de la cuchiller\u00eda y los coleccionistas exigentes.","breadcrumb":{"@id":"https:\/\/repliquemangacine.fr\/coutellerie\/couteau-pliant-sck-cuivre\/#breadcrumb"},"inLanguage":"es","potentialAction":[{"@type":"ReadAction","target":["https:\/\/repliquemangacine.fr\/coutellerie\/couteau-pliant-sck-cuivre\/"]}]},{"@type":"ImageObject","inLanguage":"es","@id":"https:\/\/repliquemangacine.fr\/coutellerie\/couteau-pliant-sck-cuivre\/#primaryimage","url":"https:\/\/repliquemangacine.fr\/wp-content\/uploads\/2025\/09\/Couteau-de-poche-Pliant-SCK.jpg","contentUrl":"https:\/\/repliquemangacine.fr\/wp-content\/uploads\/2025\/09\/Couteau-de-poche-Pliant-SCK.jpg","width":700,"height":700,"caption":"Couteau-de-poche-Pliant-SCK"},{"@type":"BreadcrumbList","@id":"https:\/\/repliquemangacine.fr\/coutellerie\/couteau-pliant-sck-cuivre\/#breadcrumb","itemListElement":[{"@type":"ListItem","position":1,"name":"Accueil","item":"https:\/\/repliquemangacine.fr\/"},{"@type":"ListItem","position":2,"name":"Produits","item":"https:\/\/repliquemangacine.fr\/boutique\/"},{"@type":"ListItem","position":3,"name":"Couteau pliant SCK Cuivre"}]},{"@type":"WebSite","@id":"https:\/\/repliquemangacine.fr\/#website","url":"https:\/\/repliquemangacine.fr\/","name":"R\u00e9plique Manga Cin\u00e9","description":"","publisher":{"@id":"https:\/\/repliquemangacine.fr\/#organization"},"potentialAction":[{"@type":"SearchAction","target":{"@type":"EntryPoint","urlTemplate":"https:\/\/repliquemangacine.fr\/?s={search_term_string}"},"query-input":{"@type":"PropertyValueSpecification","valueRequired":true,"valueName":"search_term_string"}}],"inLanguage":"es"},{"@type":"Organization","@id":"https:\/\/repliquemangacine.fr\/#organization","name":"R\u00e9plique Manga Cin\u00e9","url":"https:\/\/repliquemangacine.fr\/","logo":{"@type":"ImageObject","inLanguage":"es","@id":"https:\/\/repliquemangacine.fr\/#\/schema\/logo\/image\/","url":"https:\/\/repliquemangacine.fr\/wp-content\/uploads\/2023\/10\/RMC-500250.png","contentUrl":"https:\/\/repliquemangacine.fr\/wp-content\/uploads\/2023\/10\/RMC-500250.png","width":500,"height":250,"caption":"R\u00e9plique Manga Cin\u00e9"},"image":{"@id":"https:\/\/repliquemangacine.fr\/#\/schema\/logo\/image\/"},"sameAs":["https:\/\/www.facebook.com\/RepliqueMangaCine","https:\/\/www.instagram.com\/repliquemangacine.fr\/"]}]}},"_links":{"self":[{"href":"https:\/\/repliquemangacine.fr\/es\/wp-json\/wp\/v2\/product\/88401","targetHints":{"allow":["GET"]}}],"collection":[{"href":"https:\/\/repliquemangacine.fr\/es\/wp-json\/wp\/v2\/product"}],"about":[{"href":"https:\/\/repliquemangacine.fr\/es\/wp-json\/wp\/v2\/types\/product"}],"wp:featuredmedia":[{"embeddable":true,"href":"https:\/\/repliquemangacine.fr\/es\/wp-json\/wp\/v2\/media\/88403"}],"wp:attachment":[{"href":"https:\/\/repliquemangacine.fr\/es\/wp-json\/wp\/v2\/media?parent=88401"}],"wp:term":[{"taxonomy":"product_brand","embeddable":true,"href":"https:\/\/repliquemangacine.fr\/es\/wp-json\/wp\/v2\/product_brand?post=88401"},{"taxonomy":"product_cat","embeddable":true,"href":"https:\/\/repliquemangacine.fr\/es\/wp-json\/wp\/v2\/product_cat?post=88401"},{"taxonomy":"product_tag","embeddable":true,"href":"https:\/\/repliquemangacine.fr\/es\/wp-json\/wp\/v2\/product_tag?post=88401"}],"curies":[{"name":"wp","href":"https:\/\/api.w.org\/{rel}","templated":true}]}}