





{"id":88362,"date":"2025-09-14T16:26:55","date_gmt":"2025-09-14T14:26:55","guid":{"rendered":"https:\/\/repliquemangacine.fr\/?post_type=product&#038;p=88362"},"modified":"2026-02-19T11:30:46","modified_gmt":"2026-02-19T10:30:46","slug":"daga-baruka-nivelacion-en-solitario","status":"publish","type":"product","link":"https:\/\/repliquemangacine.fr\/es\/solo-leveling\/dague-de-baruka-solo-leveling\/","title":{"rendered":"Daga de nivelaci\u00f3n Baruka Solo"},"content":{"rendered":"<h2>La daga de Baruka Nivelaci\u00f3n en solitario<\/h2>\n<p>En primer lugar, sum\u00e9rgete en el oscuro mundo de Solo Leveling con esta fiel r\u00e9plica de la daga de Baruka. Jefe de los Elfos de Hielo y formidable adversario de <a href=\"https:\/\/solo-leveling.fandom.com\/wiki\/Sung_Jinwoo\" target=\"_blank\" rel=\"noopener noreferrer\">Sung Jin-Woo<\/a>, Baruka manejaba esta arma con una destreza aterradora. Tras su muerte, fue el propio Jin-Woo quien la convirti\u00f3 en una de sus armas principales antes de obtener las dagas del Rey Demonio.<\/p>\n<p>Esta daga, fabricada en acero inoxidable 440, ofrece un acabado aut\u00e9ntico y resistente. Su hoja curvada es inconfundible. Realzada por una guarda y un pomo de ABS azul, que reproducen el dise\u00f1o original del manhwa.  De hecho, esta pieza \u00fanica te permite revivir esos enfrentamientos m\u00edticos y completar tu colecci\u00f3n con una r\u00e9plica digna de los mayores fans.<\/p>\n<h2>Baruka, el elfo de hielo con la daga legendaria<\/h2>\n<p>Como elfo del hielo, Baruka ten\u00eda el pelo blanco como la nieve. Piel azul, ojos blancos, sonrisa cruel, u\u00f1as negras y un motivo de hojas violetas en la frente. Tambi\u00e9n llevaba una peluca peluda blanca y azul.<\/p>\n<p>Al igual que el resto de su tribu, Baruka era egoc\u00e9ntrico y s\u00e1dico. A menudo alardeaba de su poder superior y su habilidad para el combate durante la batalla. Disfrutaba enormemente matando humanos. Tambi\u00e9n era muy inteligente para ser una bestia m\u00e1gica. Determin\u00f3 que Sung Jinwoo no era completamente humano tras conocerlo solo durante unos minutos.<br \/>\nComo bestia m\u00e1gica de rango S en una mazmorra de la Puerta Roja, Baruka era tan poderoso que Jinwoo reconoci\u00f3 que nunca podr\u00eda derrotarlo en solitario y solo lo consigui\u00f3 tras vencer al elfo de hielo con sus sombras m\u00e1s poderosas en ese momento, Igris e Iron.<\/p>\n<h2>R\u00e9plicas de Solo Leveling disponibles en RMC<\/h2>\n<p>R\u00e9plique Manga Cin\u00e9 ofrece una selecci\u00f3n \u00fanica de r\u00e9plicas de Solo Leveling. Encontrar\u00e1s los famosos <a href=\"https:\/\/repliquemangacine.fr\/es\/nuevos-productos\/daga-moonshadow-nivelacion-en-solitario\/\" target=\"_blank\" rel=\"noopener noreferrer\">Pu\u00f1al Moonshadow<\/a> de Sung Jinwoo. Esta arma m\u00edtica ilustra a la perfecci\u00f3n su estilo r\u00e1pido y preciso. Las Demon King\u2019s Daggers tambi\u00e9n forman parte de las novedades disponibles. Cada pieza est\u00e1 dise\u00f1ada con cuidado para reflejar el esp\u00edritu del manhwa.<\/p>\n<p>Cada novedad se selecciona por su fidelidad y calidad de reproducci\u00f3n. Ofrecemos r\u00e9plicas de los mangas, videojuegos y pel\u00edculas m\u00e1s emblem\u00e1ticos. Gracias a estas armas ic\u00f3nicas, los coleccionistas enriquecen sus vitrinas con piezas \u00fanicas.<\/p>","protected":false},"excerpt":{"rendered":"<p>Magn\u00edfica r\u00e9plica de la daga de Baruka en Solo Leveling<\/p>\n<ul>\n<li>Hoja de acero inoxidable 440 especialmente perfilada.<\/li>\n<li>Guarda y pomo de ABS azul con un dise\u00f1o especial.<\/li>\n<li>Mango recubierto de ABS marr\u00f3n moldeado y estriado para un buen agarre.<\/li>\n<li>Se entrega con soporte de presentaci\u00f3n<\/li>\n<li>Longitud de la hoja: 59 cm con curva<\/li>\n<li>Longitud total: 69 cm<\/li>\n<\/ul>\n<p>&nbsp;<\/p>\n<p>&nbsp;<\/p>","protected":false},"featured_media":88365,"template":"","meta":[],"product_brand":[896],"product_cat":[895],"product_tag":[],"class_list":{"0":"post-88362","1":"product","2":"type-product","3":"status-publish","4":"has-post-thumbnail","6":"product_brand-replique-manga-cine","7":"product_cat-solo-leveling","9":"first","10":"instock","11":"taxable","12":"shipping-taxable","13":"purchasable","14":"product-type-simple"},"yoast_head":"<!-- This site is optimized with the Yoast SEO plugin v27.4 - https:\/\/yoast.com\/product\/yoast-seo-wordpress\/ -->\n<title>Dague de Baruka Solo Leveling - R\u00e9plique Manga Cin\u00e9<\/title>\n<meta name=\"description\" content=\"R\u00e9plique fid\u00e8le de la dague de Baruka dans Solo Leveling, en acier inoxydable 440 avec support. Id\u00e9al collectionneurs, cosplay et fans du manhwa. 69 cm.\" \/>\n<meta name=\"robots\" content=\"index, follow, max-snippet:-1, max-image-preview:large, max-video-preview:-1\" \/>\n<link rel=\"canonical\" href=\"https:\/\/repliquemangacine.fr\/es\/nivelacion-en-solitario\/daga-baruka-nivelacion-en-solitario\/\" \/>\n<meta property=\"og:locale\" content=\"es_ES\" \/>\n<meta property=\"og:type\" content=\"article\" \/>\n<meta property=\"og:title\" content=\"Dague de Baruka Solo Leveling - R\u00e9plique Manga Cin\u00e9\" \/>\n<meta property=\"og:description\" content=\"R\u00e9plique fid\u00e8le de la dague de Baruka dans Solo Leveling, en acier inoxydable 440 avec support. Id\u00e9al collectionneurs, cosplay et fans du manhwa. 69 cm.\" \/>\n<meta property=\"og:url\" content=\"https:\/\/repliquemangacine.fr\/es\/nivelacion-en-solitario\/daga-baruka-nivelacion-en-solitario\/\" \/>\n<meta property=\"og:site_name\" content=\"R\u00e9plique Manga Cin\u00e9\" \/>\n<meta property=\"article:publisher\" content=\"https:\/\/www.facebook.com\/RepliqueMangaCine\" \/>\n<meta property=\"article:modified_time\" content=\"2026-02-19T10:30:46+00:00\" \/>\n<meta property=\"og:image\" content=\"https:\/\/repliquemangacine.fr\/wp-content\/uploads\/2025\/09\/Dague-Baruka-Solo-Leveling.jpg\" \/>\n\t<meta property=\"og:image:width\" content=\"700\" \/>\n\t<meta property=\"og:image:height\" content=\"700\" \/>\n\t<meta property=\"og:image:type\" content=\"image\/jpeg\" \/>\n<meta name=\"twitter:card\" content=\"summary_large_image\" \/>\n<meta name=\"twitter:label1\" content=\"Tiempo de lectura\" \/>\n\t<meta name=\"twitter:data1\" content=\"3 minutos\" \/>\n<script type=\"application\/ld+json\" class=\"yoast-schema-graph\">{\"@context\":\"https:\\\/\\\/schema.org\",\"@graph\":[{\"@type\":\"WebPage\",\"@id\":\"https:\\\/\\\/repliquemangacine.fr\\\/solo-leveling\\\/dague-de-baruka-solo-leveling\\\/\",\"url\":\"https:\\\/\\\/repliquemangacine.fr\\\/solo-leveling\\\/dague-de-baruka-solo-leveling\\\/\",\"name\":\"Dague de Baruka Solo Leveling - R\u00e9plique Manga Cin\u00e9\",\"isPartOf\":{\"@id\":\"https:\\\/\\\/repliquemangacine.fr\\\/#website\"},\"primaryImageOfPage\":{\"@id\":\"https:\\\/\\\/repliquemangacine.fr\\\/solo-leveling\\\/dague-de-baruka-solo-leveling\\\/#primaryimage\"},\"image\":{\"@id\":\"https:\\\/\\\/repliquemangacine.fr\\\/solo-leveling\\\/dague-de-baruka-solo-leveling\\\/#primaryimage\"},\"thumbnailUrl\":\"https:\\\/\\\/repliquemangacine.fr\\\/wp-content\\\/uploads\\\/2025\\\/09\\\/Dague-Baruka-Solo-Leveling.jpg\",\"datePublished\":\"2025-09-14T14:26:55+00:00\",\"dateModified\":\"2026-02-19T10:30:46+00:00\",\"description\":\"R\u00e9plique fid\u00e8le de la dague de Baruka dans Solo Leveling, en acier inoxydable 440 avec support. Id\u00e9al collectionneurs, cosplay et fans du manhwa. 69 cm.\",\"breadcrumb\":{\"@id\":\"https:\\\/\\\/repliquemangacine.fr\\\/solo-leveling\\\/dague-de-baruka-solo-leveling\\\/#breadcrumb\"},\"inLanguage\":\"es\",\"potentialAction\":[{\"@type\":\"ReadAction\",\"target\":[\"https:\\\/\\\/repliquemangacine.fr\\\/solo-leveling\\\/dague-de-baruka-solo-leveling\\\/\"]}]},{\"@type\":\"ImageObject\",\"inLanguage\":\"es\",\"@id\":\"https:\\\/\\\/repliquemangacine.fr\\\/solo-leveling\\\/dague-de-baruka-solo-leveling\\\/#primaryimage\",\"url\":\"https:\\\/\\\/repliquemangacine.fr\\\/wp-content\\\/uploads\\\/2025\\\/09\\\/Dague-Baruka-Solo-Leveling.jpg\",\"contentUrl\":\"https:\\\/\\\/repliquemangacine.fr\\\/wp-content\\\/uploads\\\/2025\\\/09\\\/Dague-Baruka-Solo-Leveling.jpg\",\"width\":700,\"height\":700,\"caption\":\"Dague de Baruka Solo Leveling\"},{\"@type\":\"BreadcrumbList\",\"@id\":\"https:\\\/\\\/repliquemangacine.fr\\\/solo-leveling\\\/dague-de-baruka-solo-leveling\\\/#breadcrumb\",\"itemListElement\":[{\"@type\":\"ListItem\",\"position\":1,\"name\":\"Accueil\",\"item\":\"https:\\\/\\\/repliquemangacine.fr\\\/\"},{\"@type\":\"ListItem\",\"position\":2,\"name\":\"Produits\",\"item\":\"https:\\\/\\\/repliquemangacine.fr\\\/boutique\\\/\"},{\"@type\":\"ListItem\",\"position\":3,\"name\":\"Dague de Baruka Solo Leveling\"}]},{\"@type\":\"WebSite\",\"@id\":\"https:\\\/\\\/repliquemangacine.fr\\\/#website\",\"url\":\"https:\\\/\\\/repliquemangacine.fr\\\/\",\"name\":\"R\u00e9plique Manga Cin\u00e9\",\"description\":\"\",\"publisher\":{\"@id\":\"https:\\\/\\\/repliquemangacine.fr\\\/#organization\"},\"potentialAction\":[{\"@type\":\"SearchAction\",\"target\":{\"@type\":\"EntryPoint\",\"urlTemplate\":\"https:\\\/\\\/repliquemangacine.fr\\\/?s={search_term_string}\"},\"query-input\":{\"@type\":\"PropertyValueSpecification\",\"valueRequired\":true,\"valueName\":\"search_term_string\"}}],\"inLanguage\":\"es\"},{\"@type\":\"Organization\",\"@id\":\"https:\\\/\\\/repliquemangacine.fr\\\/#organization\",\"name\":\"R\u00e9plique Manga Cin\u00e9\",\"url\":\"https:\\\/\\\/repliquemangacine.fr\\\/\",\"logo\":{\"@type\":\"ImageObject\",\"inLanguage\":\"es\",\"@id\":\"https:\\\/\\\/repliquemangacine.fr\\\/#\\\/schema\\\/logo\\\/image\\\/\",\"url\":\"https:\\\/\\\/repliquemangacine.fr\\\/wp-content\\\/uploads\\\/2023\\\/10\\\/RMC-500250.png\",\"contentUrl\":\"https:\\\/\\\/repliquemangacine.fr\\\/wp-content\\\/uploads\\\/2023\\\/10\\\/RMC-500250.png\",\"width\":500,\"height\":250,\"caption\":\"R\u00e9plique Manga Cin\u00e9\"},\"image\":{\"@id\":\"https:\\\/\\\/repliquemangacine.fr\\\/#\\\/schema\\\/logo\\\/image\\\/\"},\"sameAs\":[\"https:\\\/\\\/www.facebook.com\\\/RepliqueMangaCine\",\"https:\\\/\\\/www.instagram.com\\\/repliquemangacine.fr\\\/\"]}]}<\/script>\n<!-- \/ Yoast SEO plugin. -->","yoast_head_json":{"title":"Daga de nivelaci\u00f3n Baruka Solo - R\u00e9plique Manga Cin\u00e9","description":"Fiel r\u00e9plica de la daga de Baruka de Solo Leveling, en acero inoxidable 440 con soporte. Ideal para coleccionistas, cosplayers y fans de manhwa. 69 cm.","robots":{"index":"index","follow":"follow","max-snippet":"max-snippet:-1","max-image-preview":"max-image-preview:large","max-video-preview":"max-video-preview:-1"},"canonical":"https:\/\/repliquemangacine.fr\/es\/nivelacion-en-solitario\/daga-baruka-nivelacion-en-solitario\/","og_locale":"es_ES","og_type":"article","og_title":"Dague de Baruka Solo Leveling - R\u00e9plique Manga Cin\u00e9","og_description":"R\u00e9plique fid\u00e8le de la dague de Baruka dans Solo Leveling, en acier inoxydable 440 avec support. Id\u00e9al collectionneurs, cosplay et fans du manhwa. 69 cm.","og_url":"https:\/\/repliquemangacine.fr\/es\/nivelacion-en-solitario\/daga-baruka-nivelacion-en-solitario\/","og_site_name":"R\u00e9plique Manga Cin\u00e9","article_publisher":"https:\/\/www.facebook.com\/RepliqueMangaCine","article_modified_time":"2026-02-19T10:30:46+00:00","og_image":[{"width":700,"height":700,"url":"https:\/\/repliquemangacine.fr\/wp-content\/uploads\/2025\/09\/Dague-Baruka-Solo-Leveling.jpg","type":"image\/jpeg"}],"twitter_card":"summary_large_image","twitter_misc":{"Tiempo de lectura":"3 minutos"},"schema":{"@context":"https:\/\/schema.org","@graph":[{"@type":"WebPage","@id":"https:\/\/repliquemangacine.fr\/solo-leveling\/dague-de-baruka-solo-leveling\/","url":"https:\/\/repliquemangacine.fr\/solo-leveling\/dague-de-baruka-solo-leveling\/","name":"Daga de nivelaci\u00f3n Baruka Solo - R\u00e9plique Manga Cin\u00e9","isPartOf":{"@id":"https:\/\/repliquemangacine.fr\/#website"},"primaryImageOfPage":{"@id":"https:\/\/repliquemangacine.fr\/solo-leveling\/dague-de-baruka-solo-leveling\/#primaryimage"},"image":{"@id":"https:\/\/repliquemangacine.fr\/solo-leveling\/dague-de-baruka-solo-leveling\/#primaryimage"},"thumbnailUrl":"https:\/\/repliquemangacine.fr\/wp-content\/uploads\/2025\/09\/Dague-Baruka-Solo-Leveling.jpg","datePublished":"2025-09-14T14:26:55+00:00","dateModified":"2026-02-19T10:30:46+00:00","description":"Fiel r\u00e9plica de la daga de Baruka de Solo Leveling, en acero inoxidable 440 con soporte. Ideal para coleccionistas, cosplayers y fans de manhwa. 69 cm.","breadcrumb":{"@id":"https:\/\/repliquemangacine.fr\/solo-leveling\/dague-de-baruka-solo-leveling\/#breadcrumb"},"inLanguage":"es","potentialAction":[{"@type":"ReadAction","target":["https:\/\/repliquemangacine.fr\/solo-leveling\/dague-de-baruka-solo-leveling\/"]}]},{"@type":"ImageObject","inLanguage":"es","@id":"https:\/\/repliquemangacine.fr\/solo-leveling\/dague-de-baruka-solo-leveling\/#primaryimage","url":"https:\/\/repliquemangacine.fr\/wp-content\/uploads\/2025\/09\/Dague-Baruka-Solo-Leveling.jpg","contentUrl":"https:\/\/repliquemangacine.fr\/wp-content\/uploads\/2025\/09\/Dague-Baruka-Solo-Leveling.jpg","width":700,"height":700,"caption":"Dague de Baruka Solo Leveling"},{"@type":"BreadcrumbList","@id":"https:\/\/repliquemangacine.fr\/solo-leveling\/dague-de-baruka-solo-leveling\/#breadcrumb","itemListElement":[{"@type":"ListItem","position":1,"name":"Accueil","item":"https:\/\/repliquemangacine.fr\/"},{"@type":"ListItem","position":2,"name":"Produits","item":"https:\/\/repliquemangacine.fr\/boutique\/"},{"@type":"ListItem","position":3,"name":"Dague de Baruka Solo Leveling"}]},{"@type":"WebSite","@id":"https:\/\/repliquemangacine.fr\/#website","url":"https:\/\/repliquemangacine.fr\/","name":"R\u00e9plique Manga Cin\u00e9","description":"","publisher":{"@id":"https:\/\/repliquemangacine.fr\/#organization"},"potentialAction":[{"@type":"SearchAction","target":{"@type":"EntryPoint","urlTemplate":"https:\/\/repliquemangacine.fr\/?s={search_term_string}"},"query-input":{"@type":"PropertyValueSpecification","valueRequired":true,"valueName":"search_term_string"}}],"inLanguage":"es"},{"@type":"Organization","@id":"https:\/\/repliquemangacine.fr\/#organization","name":"R\u00e9plique Manga Cin\u00e9","url":"https:\/\/repliquemangacine.fr\/","logo":{"@type":"ImageObject","inLanguage":"es","@id":"https:\/\/repliquemangacine.fr\/#\/schema\/logo\/image\/","url":"https:\/\/repliquemangacine.fr\/wp-content\/uploads\/2023\/10\/RMC-500250.png","contentUrl":"https:\/\/repliquemangacine.fr\/wp-content\/uploads\/2023\/10\/RMC-500250.png","width":500,"height":250,"caption":"R\u00e9plique Manga Cin\u00e9"},"image":{"@id":"https:\/\/repliquemangacine.fr\/#\/schema\/logo\/image\/"},"sameAs":["https:\/\/www.facebook.com\/RepliqueMangaCine","https:\/\/www.instagram.com\/repliquemangacine.fr\/"]}]}},"_links":{"self":[{"href":"https:\/\/repliquemangacine.fr\/es\/wp-json\/wp\/v2\/product\/88362","targetHints":{"allow":["GET"]}}],"collection":[{"href":"https:\/\/repliquemangacine.fr\/es\/wp-json\/wp\/v2\/product"}],"about":[{"href":"https:\/\/repliquemangacine.fr\/es\/wp-json\/wp\/v2\/types\/product"}],"wp:featuredmedia":[{"embeddable":true,"href":"https:\/\/repliquemangacine.fr\/es\/wp-json\/wp\/v2\/media\/88365"}],"wp:attachment":[{"href":"https:\/\/repliquemangacine.fr\/es\/wp-json\/wp\/v2\/media?parent=88362"}],"wp:term":[{"taxonomy":"product_brand","embeddable":true,"href":"https:\/\/repliquemangacine.fr\/es\/wp-json\/wp\/v2\/product_brand?post=88362"},{"taxonomy":"product_cat","embeddable":true,"href":"https:\/\/repliquemangacine.fr\/es\/wp-json\/wp\/v2\/product_cat?post=88362"},{"taxonomy":"product_tag","embeddable":true,"href":"https:\/\/repliquemangacine.fr\/es\/wp-json\/wp\/v2\/product_tag?post=88362"}],"curies":[{"name":"wp","href":"https:\/\/api.w.org\/{rel}","templated":true}]}}