





{"id":88241,"date":"2025-09-09T17:30:00","date_gmt":"2025-09-09T15:30:00","guid":{"rendered":"https:\/\/repliquemangacine.fr\/?post_type=product&#038;p=88241"},"modified":"2026-02-19T11:30:19","modified_gmt":"2026-02-19T10:30:19","slug":"escudo-vikingo-fenrir-lobo","status":"publish","type":"product","link":"https:\/\/repliquemangacine.fr\/es\/armes-et-accessoires-vikings\/bouclier-viking-loup-fenrir\/","title":{"rendered":"Escudo vikingo Fenrir Lobo"},"content":{"rendered":"<h2>Escudo vikingo pintado a mano Fenrir Wolf<\/h2>\n<p>En primer lugar, he aqu\u00ed un aut\u00e9ntico escudo vikingo decorativo, pintado a mano con el poderoso lobo Fenrir. En la mitolog\u00eda n\u00f3rdica, Fenrir simboliza la fuerza bruta y el destino ineludible. Fabricado en madera contrachapada maciza de 13 mm de grosor, recubierta de lino. Este escudo redondo presenta un motivo estilizado pintado a mano que representa al lobo Fenris. Tambi\u00e9n presenta una serie de runas del antiguo futhark (el alfabeto r\u00fanico m\u00e1s antiguo) que deletrean su nombre. Tiene un mango de madera maciza en la parte posterior para un agarre firme. En el centro del escudo hay un saliente de acero de grandes dimensiones, sujeto con cuatro remaches. Con un di\u00e1metro de 61 cm, tiene un tama\u00f1o realista para recreaciones o exposiciones. Su pintura azul y los motivos vikingos trenzados le confieren un estilo \u00fanico.<\/p>\n<h2>Un escudo decorativo y robusto con aspecto hist\u00f3rico<\/h2>\n<p>En la mitolog\u00eda germ\u00e1nica, Fenrir es uno de los tres enemigos del mundo, junto con Hel y la serpiente de Midgard J\u00f6rmungandr. Los tres son hijos del mal\u00e9volo dios Loki y de la giganta Angrboda. Fenrir lucha contra el orden establecido y, en \u00faltima instancia, encarna la destrucci\u00f3n del mundo. Los dioses se dan cuenta de lo peligroso que es, as\u00ed que astutamente lo encadenan a una roca y lo hunden en las profundidades de la tierra. Para que este plan tuviera \u00e9xito, el dios de la guerra Tyr sacrific\u00f3 incluso una mano. Durante mucho tiempo, el lobo estuvo sometido, hasta que finalmente, en el crep\u00fasculo de los dioses, rompi\u00f3 sus cadenas y devor\u00f3 la tierra. <a href=\"https:\/\/fr.wikipedia.org\/wiki\/Odin\" target=\"_blank\" rel=\"noopener noreferrer\">Odin<\/a>. Widar, hijo de Od\u00edn, mata a Fenrir, pero es demasiado tarde, el padre de los dioses cae y con \u00e9l el orden del mundo.<\/p>\n<h2>R\u00e9plique Manga Cin\u00e9 y el mundo vikingo<\/h2>\n<p>En R\u00e9plique Manga Cin\u00e9, este escudo vikingo Fenrir completa una rica colecci\u00f3n dedicada a los guerreros del Norte. Descubre el impresionante <a href=\"https:\/\/repliquemangacine.fr\/es\/espadas-serie-vikingos\/replica-de-la-espada-del-rey-ragnar-lothbrok-de-la-serie-de-tv-vikingos\/\" target=\"_blank\" rel=\"noopener noreferrer\">La espada del rey Ragnar Lothbrok<\/a> inspirado en la serie Vikings, as\u00ed como la r\u00e9plica del<a href=\"https:\/\/repliquemangacine.fr\/es\/ejes-de-la-serie-viking\/hacha-vikinga-tipo-m\/\" target=\"_blank\" rel=\"noopener noreferrer\"> Hacha vikinga tipo M<\/a> Petersen, una aut\u00e9ntica arma temida en combate. Descubra tambi\u00e9n la<a href=\"https:\/\/repliquemangacine.fr\/es\/armas-y-accesorios-vikingos\/freydis-espada-vikingos-valhalla\/\" target=\"_blank\" rel=\"noopener noreferrer\">espada de Freydis<\/a> de Vikings: Valhalla, una pieza elegante e hist\u00f3rica. Nuestra gama Vikingos est\u00e1 en constante expansi\u00f3n, combinando autenticidad con inspiraci\u00f3n en las sagas. Cada r\u00e9plica est\u00e1 dise\u00f1ada para reflejar el esp\u00edritu de los guerreros escandinavos. Tanto si eres un entusiasta de las recreaciones como un coleccionista o un amante de la mitolog\u00eda n\u00f3rdica, nuestra tienda tiene cada vez m\u00e1s art\u00edculos nuevos para enriquecer tu mundo vikingo.<\/p>","protected":false},"excerpt":{"rendered":"<p>Magn\u00edfica r\u00e9plica del escudo vikingo Wolf Fenrir<\/p>\n<ul>\n<li>Fabricado con madera contrachapada de 13 mm de grosor.<\/li>\n<li>Cubierta de lino y decorada con un motivo estilizado.<\/li>\n<li>Pintado a mano<\/li>\n<li>Asa de madera maciza en la parte posterior.<\/li>\n<li>Joroba de acero (Umbo)<\/li>\n<li>Di\u00e1metro 61 cm - Peso :2,55kg<\/li>\n<\/ul>","protected":false},"featured_media":88243,"template":"","meta":[],"product_brand":[896],"product_cat":[103,57],"product_tag":[],"class_list":{"0":"post-88241","1":"product","2":"type-product","3":"status-publish","4":"has-post-thumbnail","6":"product_brand-replique-manga-cine","7":"product_cat-armes-et-accessoires-vikings","8":"product_cat-armes-vikings","10":"first","11":"instock","12":"taxable","13":"shipping-taxable","14":"purchasable","15":"product-type-simple"},"yoast_head":"<!-- This site is optimized with the Yoast SEO plugin v27.4 - https:\/\/yoast.com\/product\/yoast-seo-wordpress\/ -->\n<title>Bouclier Viking Loup Fenrir - R\u00e9plique Manga Cin\u00e9<\/title>\n<meta name=\"description\" content=\"Bouclier viking Loup Fenrir rond peint \u00e0 la main. R\u00e9plique disponible sur R\u00e9plique Manga Cin\u00e9 avec \u00e9p\u00e9es et haches inspir\u00e9es des guerriers nordiques.\" \/>\n<meta name=\"robots\" content=\"index, follow, max-snippet:-1, max-image-preview:large, max-video-preview:-1\" \/>\n<link rel=\"canonical\" href=\"https:\/\/repliquemangacine.fr\/es\/armas-y-accesorios-vikingos\/escudo-vikingo-fenrir-lobo\/\" \/>\n<meta property=\"og:locale\" content=\"es_ES\" \/>\n<meta property=\"og:type\" content=\"article\" \/>\n<meta property=\"og:title\" content=\"Bouclier Viking Loup Fenrir - R\u00e9plique Manga Cin\u00e9\" \/>\n<meta property=\"og:description\" content=\"Bouclier viking Loup Fenrir rond peint \u00e0 la main. R\u00e9plique disponible sur R\u00e9plique Manga Cin\u00e9 avec \u00e9p\u00e9es et haches inspir\u00e9es des guerriers nordiques.\" \/>\n<meta property=\"og:url\" content=\"https:\/\/repliquemangacine.fr\/es\/armas-y-accesorios-vikingos\/escudo-vikingo-fenrir-lobo\/\" \/>\n<meta property=\"og:site_name\" content=\"R\u00e9plique Manga Cin\u00e9\" \/>\n<meta property=\"article:publisher\" content=\"https:\/\/www.facebook.com\/RepliqueMangaCine\" \/>\n<meta property=\"article:modified_time\" content=\"2026-02-19T10:30:19+00:00\" \/>\n<meta property=\"og:image\" content=\"https:\/\/repliquemangacine.fr\/wp-content\/uploads\/2025\/09\/Bouclier-Viking-motif-Fenrir.jpg\" \/>\n\t<meta property=\"og:image:width\" content=\"700\" \/>\n\t<meta property=\"og:image:height\" content=\"700\" \/>\n\t<meta property=\"og:image:type\" content=\"image\/jpeg\" \/>\n<meta name=\"twitter:card\" content=\"summary_large_image\" \/>\n<meta name=\"twitter:label1\" content=\"Tiempo de lectura\" \/>\n\t<meta name=\"twitter:data1\" content=\"3 minutos\" \/>\n<script type=\"application\/ld+json\" class=\"yoast-schema-graph\">{\"@context\":\"https:\\\/\\\/schema.org\",\"@graph\":[{\"@type\":\"WebPage\",\"@id\":\"https:\\\/\\\/repliquemangacine.fr\\\/armes-et-accessoires-vikings\\\/bouclier-viking-loup-fenrir\\\/\",\"url\":\"https:\\\/\\\/repliquemangacine.fr\\\/armes-et-accessoires-vikings\\\/bouclier-viking-loup-fenrir\\\/\",\"name\":\"Bouclier Viking Loup Fenrir - R\u00e9plique Manga Cin\u00e9\",\"isPartOf\":{\"@id\":\"https:\\\/\\\/repliquemangacine.fr\\\/#website\"},\"primaryImageOfPage\":{\"@id\":\"https:\\\/\\\/repliquemangacine.fr\\\/armes-et-accessoires-vikings\\\/bouclier-viking-loup-fenrir\\\/#primaryimage\"},\"image\":{\"@id\":\"https:\\\/\\\/repliquemangacine.fr\\\/armes-et-accessoires-vikings\\\/bouclier-viking-loup-fenrir\\\/#primaryimage\"},\"thumbnailUrl\":\"https:\\\/\\\/repliquemangacine.fr\\\/wp-content\\\/uploads\\\/2025\\\/09\\\/Bouclier-Viking-motif-Fenrir.jpg\",\"datePublished\":\"2025-09-09T15:30:00+00:00\",\"dateModified\":\"2026-02-19T10:30:19+00:00\",\"description\":\"Bouclier viking Loup Fenrir rond peint \u00e0 la main. R\u00e9plique disponible sur R\u00e9plique Manga Cin\u00e9 avec \u00e9p\u00e9es et haches inspir\u00e9es des guerriers nordiques.\",\"breadcrumb\":{\"@id\":\"https:\\\/\\\/repliquemangacine.fr\\\/armes-et-accessoires-vikings\\\/bouclier-viking-loup-fenrir\\\/#breadcrumb\"},\"inLanguage\":\"es\",\"potentialAction\":[{\"@type\":\"ReadAction\",\"target\":[\"https:\\\/\\\/repliquemangacine.fr\\\/armes-et-accessoires-vikings\\\/bouclier-viking-loup-fenrir\\\/\"]}]},{\"@type\":\"ImageObject\",\"inLanguage\":\"es\",\"@id\":\"https:\\\/\\\/repliquemangacine.fr\\\/armes-et-accessoires-vikings\\\/bouclier-viking-loup-fenrir\\\/#primaryimage\",\"url\":\"https:\\\/\\\/repliquemangacine.fr\\\/wp-content\\\/uploads\\\/2025\\\/09\\\/Bouclier-Viking-motif-Fenrir.jpg\",\"contentUrl\":\"https:\\\/\\\/repliquemangacine.fr\\\/wp-content\\\/uploads\\\/2025\\\/09\\\/Bouclier-Viking-motif-Fenrir.jpg\",\"width\":700,\"height\":700,\"caption\":\"Bouclier Viking Loup Fenrir\"},{\"@type\":\"BreadcrumbList\",\"@id\":\"https:\\\/\\\/repliquemangacine.fr\\\/armes-et-accessoires-vikings\\\/bouclier-viking-loup-fenrir\\\/#breadcrumb\",\"itemListElement\":[{\"@type\":\"ListItem\",\"position\":1,\"name\":\"Accueil\",\"item\":\"https:\\\/\\\/repliquemangacine.fr\\\/\"},{\"@type\":\"ListItem\",\"position\":2,\"name\":\"Produits\",\"item\":\"https:\\\/\\\/repliquemangacine.fr\\\/boutique\\\/\"},{\"@type\":\"ListItem\",\"position\":3,\"name\":\"Bouclier Viking Loup Fenrir\"}]},{\"@type\":\"WebSite\",\"@id\":\"https:\\\/\\\/repliquemangacine.fr\\\/#website\",\"url\":\"https:\\\/\\\/repliquemangacine.fr\\\/\",\"name\":\"R\u00e9plique Manga Cin\u00e9\",\"description\":\"\",\"publisher\":{\"@id\":\"https:\\\/\\\/repliquemangacine.fr\\\/#organization\"},\"potentialAction\":[{\"@type\":\"SearchAction\",\"target\":{\"@type\":\"EntryPoint\",\"urlTemplate\":\"https:\\\/\\\/repliquemangacine.fr\\\/?s={search_term_string}\"},\"query-input\":{\"@type\":\"PropertyValueSpecification\",\"valueRequired\":true,\"valueName\":\"search_term_string\"}}],\"inLanguage\":\"es\"},{\"@type\":\"Organization\",\"@id\":\"https:\\\/\\\/repliquemangacine.fr\\\/#organization\",\"name\":\"R\u00e9plique Manga Cin\u00e9\",\"url\":\"https:\\\/\\\/repliquemangacine.fr\\\/\",\"logo\":{\"@type\":\"ImageObject\",\"inLanguage\":\"es\",\"@id\":\"https:\\\/\\\/repliquemangacine.fr\\\/#\\\/schema\\\/logo\\\/image\\\/\",\"url\":\"https:\\\/\\\/repliquemangacine.fr\\\/wp-content\\\/uploads\\\/2023\\\/10\\\/RMC-500250.png\",\"contentUrl\":\"https:\\\/\\\/repliquemangacine.fr\\\/wp-content\\\/uploads\\\/2023\\\/10\\\/RMC-500250.png\",\"width\":500,\"height\":250,\"caption\":\"R\u00e9plique Manga Cin\u00e9\"},\"image\":{\"@id\":\"https:\\\/\\\/repliquemangacine.fr\\\/#\\\/schema\\\/logo\\\/image\\\/\"},\"sameAs\":[\"https:\\\/\\\/www.facebook.com\\\/RepliqueMangaCine\",\"https:\\\/\\\/www.instagram.com\\\/repliquemangacine.fr\\\/\"]}]}<\/script>\n<!-- \/ Yoast SEO plugin. -->","yoast_head_json":{"title":"Escudo Vikingo Lobo Fenrir - R\u00e9plique Manga Cin\u00e9","description":"Escudo vikingo redondo Fenrir Wolf pintado a mano. R\u00e9plica disponible en R\u00e9plique Manga Cin\u00e9 con espadas y hachas inspiradas en los guerreros n\u00f3rdicos.","robots":{"index":"index","follow":"follow","max-snippet":"max-snippet:-1","max-image-preview":"max-image-preview:large","max-video-preview":"max-video-preview:-1"},"canonical":"https:\/\/repliquemangacine.fr\/es\/armas-y-accesorios-vikingos\/escudo-vikingo-fenrir-lobo\/","og_locale":"es_ES","og_type":"article","og_title":"Bouclier Viking Loup Fenrir - R\u00e9plique Manga Cin\u00e9","og_description":"Bouclier viking Loup Fenrir rond peint \u00e0 la main. R\u00e9plique disponible sur R\u00e9plique Manga Cin\u00e9 avec \u00e9p\u00e9es et haches inspir\u00e9es des guerriers nordiques.","og_url":"https:\/\/repliquemangacine.fr\/es\/armas-y-accesorios-vikingos\/escudo-vikingo-fenrir-lobo\/","og_site_name":"R\u00e9plique Manga Cin\u00e9","article_publisher":"https:\/\/www.facebook.com\/RepliqueMangaCine","article_modified_time":"2026-02-19T10:30:19+00:00","og_image":[{"width":700,"height":700,"url":"https:\/\/repliquemangacine.fr\/wp-content\/uploads\/2025\/09\/Bouclier-Viking-motif-Fenrir.jpg","type":"image\/jpeg"}],"twitter_card":"summary_large_image","twitter_misc":{"Tiempo de lectura":"3 minutos"},"schema":{"@context":"https:\/\/schema.org","@graph":[{"@type":"WebPage","@id":"https:\/\/repliquemangacine.fr\/armes-et-accessoires-vikings\/bouclier-viking-loup-fenrir\/","url":"https:\/\/repliquemangacine.fr\/armes-et-accessoires-vikings\/bouclier-viking-loup-fenrir\/","name":"Escudo Vikingo Lobo Fenrir - R\u00e9plique Manga Cin\u00e9","isPartOf":{"@id":"https:\/\/repliquemangacine.fr\/#website"},"primaryImageOfPage":{"@id":"https:\/\/repliquemangacine.fr\/armes-et-accessoires-vikings\/bouclier-viking-loup-fenrir\/#primaryimage"},"image":{"@id":"https:\/\/repliquemangacine.fr\/armes-et-accessoires-vikings\/bouclier-viking-loup-fenrir\/#primaryimage"},"thumbnailUrl":"https:\/\/repliquemangacine.fr\/wp-content\/uploads\/2025\/09\/Bouclier-Viking-motif-Fenrir.jpg","datePublished":"2025-09-09T15:30:00+00:00","dateModified":"2026-02-19T10:30:19+00:00","description":"Escudo vikingo redondo Fenrir Wolf pintado a mano. R\u00e9plica disponible en R\u00e9plique Manga Cin\u00e9 con espadas y hachas inspiradas en los guerreros n\u00f3rdicos.","breadcrumb":{"@id":"https:\/\/repliquemangacine.fr\/armes-et-accessoires-vikings\/bouclier-viking-loup-fenrir\/#breadcrumb"},"inLanguage":"es","potentialAction":[{"@type":"ReadAction","target":["https:\/\/repliquemangacine.fr\/armes-et-accessoires-vikings\/bouclier-viking-loup-fenrir\/"]}]},{"@type":"ImageObject","inLanguage":"es","@id":"https:\/\/repliquemangacine.fr\/armes-et-accessoires-vikings\/bouclier-viking-loup-fenrir\/#primaryimage","url":"https:\/\/repliquemangacine.fr\/wp-content\/uploads\/2025\/09\/Bouclier-Viking-motif-Fenrir.jpg","contentUrl":"https:\/\/repliquemangacine.fr\/wp-content\/uploads\/2025\/09\/Bouclier-Viking-motif-Fenrir.jpg","width":700,"height":700,"caption":"Bouclier Viking Loup Fenrir"},{"@type":"BreadcrumbList","@id":"https:\/\/repliquemangacine.fr\/armes-et-accessoires-vikings\/bouclier-viking-loup-fenrir\/#breadcrumb","itemListElement":[{"@type":"ListItem","position":1,"name":"Accueil","item":"https:\/\/repliquemangacine.fr\/"},{"@type":"ListItem","position":2,"name":"Produits","item":"https:\/\/repliquemangacine.fr\/boutique\/"},{"@type":"ListItem","position":3,"name":"Bouclier Viking Loup Fenrir"}]},{"@type":"WebSite","@id":"https:\/\/repliquemangacine.fr\/#website","url":"https:\/\/repliquemangacine.fr\/","name":"R\u00e9plique Manga Cin\u00e9","description":"","publisher":{"@id":"https:\/\/repliquemangacine.fr\/#organization"},"potentialAction":[{"@type":"SearchAction","target":{"@type":"EntryPoint","urlTemplate":"https:\/\/repliquemangacine.fr\/?s={search_term_string}"},"query-input":{"@type":"PropertyValueSpecification","valueRequired":true,"valueName":"search_term_string"}}],"inLanguage":"es"},{"@type":"Organization","@id":"https:\/\/repliquemangacine.fr\/#organization","name":"R\u00e9plique Manga Cin\u00e9","url":"https:\/\/repliquemangacine.fr\/","logo":{"@type":"ImageObject","inLanguage":"es","@id":"https:\/\/repliquemangacine.fr\/#\/schema\/logo\/image\/","url":"https:\/\/repliquemangacine.fr\/wp-content\/uploads\/2023\/10\/RMC-500250.png","contentUrl":"https:\/\/repliquemangacine.fr\/wp-content\/uploads\/2023\/10\/RMC-500250.png","width":500,"height":250,"caption":"R\u00e9plique Manga Cin\u00e9"},"image":{"@id":"https:\/\/repliquemangacine.fr\/#\/schema\/logo\/image\/"},"sameAs":["https:\/\/www.facebook.com\/RepliqueMangaCine","https:\/\/www.instagram.com\/repliquemangacine.fr\/"]}]}},"_links":{"self":[{"href":"https:\/\/repliquemangacine.fr\/es\/wp-json\/wp\/v2\/product\/88241","targetHints":{"allow":["GET"]}}],"collection":[{"href":"https:\/\/repliquemangacine.fr\/es\/wp-json\/wp\/v2\/product"}],"about":[{"href":"https:\/\/repliquemangacine.fr\/es\/wp-json\/wp\/v2\/types\/product"}],"wp:featuredmedia":[{"embeddable":true,"href":"https:\/\/repliquemangacine.fr\/es\/wp-json\/wp\/v2\/media\/88243"}],"wp:attachment":[{"href":"https:\/\/repliquemangacine.fr\/es\/wp-json\/wp\/v2\/media?parent=88241"}],"wp:term":[{"taxonomy":"product_brand","embeddable":true,"href":"https:\/\/repliquemangacine.fr\/es\/wp-json\/wp\/v2\/product_brand?post=88241"},{"taxonomy":"product_cat","embeddable":true,"href":"https:\/\/repliquemangacine.fr\/es\/wp-json\/wp\/v2\/product_cat?post=88241"},{"taxonomy":"product_tag","embeddable":true,"href":"https:\/\/repliquemangacine.fr\/es\/wp-json\/wp\/v2\/product_tag?post=88241"}],"curies":[{"name":"wp","href":"https:\/\/api.w.org\/{rel}","templated":true}]}}