





{"id":88032,"date":"2025-09-03T18:12:56","date_gmt":"2025-09-03T16:12:56","guid":{"rendered":"https:\/\/repliquemangacine.fr\/?post_type=product&#038;p=88032"},"modified":"2026-04-15T12:22:03","modified_gmt":"2026-04-15T10:22:03","slug":"katana-obanai-iguro-v3-demon-slayer","status":"publish","type":"product","link":"https:\/\/repliquemangacine.fr\/es\/katana-demon-slayer-metal\/katana-obanai-iguro-v3-demon-slayer\/","title":{"rendered":"Katana Obanai Iguro V3 - Matademonios"},"content":{"rendered":"<h2>Obanai Iguro V3 katana<\/h2>\n<p>En primer lugar, he aqu\u00ed una r\u00e9plica fiel de la katana Obanai Iguro V3, el Pilar de la Serpiente en <a href=\"https:\/\/demon-slayer.fr\/wiki\/\" target=\"_blank\" rel=\"noopener noreferrer\">Cazador de demonios<\/a>. Esta espada se reconoce inmediatamente por su hoja ondulada, que recuerda el movimiento fluido e imprevisible de una serpiente. Su empu\u00f1adura verde, decorada con motivos reptilianos, acent\u00faa este v\u00ednculo \u00fanico con su estilo de lucha. La empu\u00f1adura, a rayas rojas y blancas, es un acabado notable, a la vez est\u00e9tico y simb\u00f3lico. En el anime, Obanai blande esta katana con una precisi\u00f3n mortal. Esta reproducci\u00f3n capta a la perfecci\u00f3n el arma original. Gustar\u00e1 tanto a los coleccionistas como a los fans del universo Demon Slayers.<\/p>\n<h2>Un arma ic\u00f3nica de la Cazadora de Demonios<\/h2>\n<p>Para empezar, en Kimetsu no Yaiba, cada Pilar se distingue por una katana \u00fanica, que representa su aliento y personalidad. La de Obanai refleja la flexibilidad y la astucia de la serpiente. Gracias a su hoja sinuosa, puede atacar desde \u00e1ngulos impredecibles, desestabilizando a sus oponentes. Su guarda en forma de serpiente refuerza esta profunda conexi\u00f3n con su estilo. Esta arma simboliza su papel como Hashira, garante del poder y la disciplina de los espadachines. La r\u00e9plica destaca cada detalle, desde la curva de la hoja hasta el trenzado de la empu\u00f1adura. Es un art\u00edculo imprescindible para todos los fans del anime.<\/p>\n<h2>R\u00e9plique Manga Cin\u00e9 y sus novedades<\/h2>\n<p>En R\u00e9plique Manga Cin\u00e9, la katana de Obanai Iguro se une a una selecci\u00f3n ya ineludible de novedades. Descubra la <a href=\"https:\/\/repliquemangacine.fr\/es\/katana-y-manga-espada-anime-otros-manga\/twin-blade-de-julie-sigtuna-absolute-duo\/\" target=\"_blank\" rel=\"noopener noreferrer\">Twin Blade de Julie Sigtuna<\/a> de Absolute Duo, un arma oscura y elegante con un dise\u00f1o \u00fanico. Los fans de Demon Slayer tambi\u00e9n apreciar\u00e1n la <a href=\"https:\/\/repliquemangacine.fr\/es\/katana-demon-slayer-metal\/katana-kanao-negro-rosa-demon-slayer\/\" target=\"_blank\" rel=\"noopener noreferrer\">Katana rosa negra de Kanao<\/a>una versi\u00f3n revisitada que combina estilo y modernidad. Por \u00faltimo, no se pierda la magn\u00edfica r\u00e9plica del <a href=\"https:\/\/repliquemangacine.fr\/es\/nuevos-productos\/katana-ninja-gaiden\/\" target=\"_blank\" rel=\"noopener noreferrer\">La katana de Ryu Hayabusa en Ninja Gaiden<\/a>una espada m\u00edtica forjada por la leyenda. Nuestra tienda enriquece regularmente su cat\u00e1logo con piezas emblem\u00e1ticas del manga, los videojuegos y los universos de culto. Cada r\u00e9plica es elegida por su fidelidad y calidad para satisfacer a coleccionistas y aficionados. Con estas novedades, R\u00e9plique Manga Cin\u00e9 sigue ofreciendo armas excepcionales que rinden homenaje a los h\u00e9roes y mundos que nos inspiran.<\/p>","protected":false},"excerpt":{"rendered":"<p>Una magn\u00edfica r\u00e9plica de la katana de Obanai Iguro, el Pilar de la Serpiente en Demon Slayer.<\/p>\n<ul>\n<li>Hoja de metal corrugado bicolor con grabado<\/li>\n<li>Asa recubierta de algod\u00f3n a rayas rojas y blancas<\/li>\n<li>Empu\u00f1adura de acero decorada con motivos reptilianos verdes y negros<\/li>\n<li>Funda de polipiel negra con correa<\/li>\n<li>Longitud de la hoja: 69 cm - Longitud total: 102 cm<\/li>\n<li>Peso: 985 g<\/li>\n<\/ul>","protected":false},"featured_media":88033,"template":"","meta":[],"product_brand":[896],"product_cat":[63,117],"product_tag":[],"class_list":{"0":"post-88032","1":"product","2":"type-product","3":"status-publish","4":"has-post-thumbnail","6":"product_brand-replique-manga-cine","7":"product_cat-katana-demon-slayer","8":"product_cat-katana-demon-slayer-metal","10":"first","11":"instock","12":"taxable","13":"shipping-taxable","14":"purchasable","15":"product-type-simple"},"yoast_head":"<!-- This site is optimized with the Yoast SEO plugin v27.4 - https:\/\/yoast.com\/product\/yoast-seo-wordpress\/ -->\n<title>Katana Obanai Iguro V3 - Demon Slayer - R\u00e9plique Manga Cin\u00e9<\/title>\n<meta name=\"description\" content=\"R\u00e9plique fid\u00e8le du katana d\u2019Obanai Iguro V3. Un sabre Demon Slayer unique \u00e0 ajouter \u00e0 votre collection chez R\u00e9plique Manga Cin\u00e9. En m\u00e9tal. 102 cm\" \/>\n<meta name=\"robots\" content=\"index, follow, max-snippet:-1, max-image-preview:large, max-video-preview:-1\" \/>\n<link rel=\"canonical\" href=\"https:\/\/repliquemangacine.fr\/es\/katana-demon-slayer-metal\/katana-obanai-iguro-v3-demon-slayer\/\" \/>\n<meta property=\"og:locale\" content=\"es_ES\" \/>\n<meta property=\"og:type\" content=\"article\" \/>\n<meta property=\"og:title\" content=\"Katana Obanai Iguro V3 - Demon Slayer - R\u00e9plique Manga Cin\u00e9\" \/>\n<meta property=\"og:description\" content=\"R\u00e9plique fid\u00e8le du katana d\u2019Obanai Iguro V3. Un sabre Demon Slayer unique \u00e0 ajouter \u00e0 votre collection chez R\u00e9plique Manga Cin\u00e9. En m\u00e9tal. 102 cm\" \/>\n<meta property=\"og:url\" content=\"https:\/\/repliquemangacine.fr\/es\/katana-demon-slayer-metal\/katana-obanai-iguro-v3-demon-slayer\/\" \/>\n<meta property=\"og:site_name\" content=\"R\u00e9plique Manga Cin\u00e9\" \/>\n<meta property=\"article:publisher\" content=\"https:\/\/www.facebook.com\/RepliqueMangaCine\" \/>\n<meta property=\"article:modified_time\" content=\"2026-04-15T10:22:03+00:00\" \/>\n<meta property=\"og:image\" content=\"https:\/\/repliquemangacine.fr\/wp-content\/uploads\/2025\/09\/Katana-Obanai-Iguro-V3-Demon-Slayer.jpg\" \/>\n\t<meta property=\"og:image:width\" content=\"600\" \/>\n\t<meta property=\"og:image:height\" content=\"600\" \/>\n\t<meta property=\"og:image:type\" content=\"image\/jpeg\" \/>\n<meta name=\"twitter:card\" content=\"summary_large_image\" \/>\n<meta name=\"twitter:label1\" content=\"Tiempo de lectura\" \/>\n\t<meta name=\"twitter:data1\" content=\"3 minutos\" \/>\n<script type=\"application\/ld+json\" class=\"yoast-schema-graph\">{\"@context\":\"https:\\\/\\\/schema.org\",\"@graph\":[{\"@type\":\"WebPage\",\"@id\":\"https:\\\/\\\/repliquemangacine.fr\\\/katana-demon-slayer-metal\\\/katana-obanai-iguro-v3-demon-slayer\\\/\",\"url\":\"https:\\\/\\\/repliquemangacine.fr\\\/katana-demon-slayer-metal\\\/katana-obanai-iguro-v3-demon-slayer\\\/\",\"name\":\"Katana Obanai Iguro V3 - Demon Slayer - R\u00e9plique Manga Cin\u00e9\",\"isPartOf\":{\"@id\":\"https:\\\/\\\/repliquemangacine.fr\\\/#website\"},\"primaryImageOfPage\":{\"@id\":\"https:\\\/\\\/repliquemangacine.fr\\\/katana-demon-slayer-metal\\\/katana-obanai-iguro-v3-demon-slayer\\\/#primaryimage\"},\"image\":{\"@id\":\"https:\\\/\\\/repliquemangacine.fr\\\/katana-demon-slayer-metal\\\/katana-obanai-iguro-v3-demon-slayer\\\/#primaryimage\"},\"thumbnailUrl\":\"https:\\\/\\\/repliquemangacine.fr\\\/wp-content\\\/uploads\\\/2025\\\/09\\\/Katana-Obanai-Iguro-V3-Demon-Slayer.jpg\",\"datePublished\":\"2025-09-03T16:12:56+00:00\",\"dateModified\":\"2026-04-15T10:22:03+00:00\",\"description\":\"R\u00e9plique fid\u00e8le du katana d\u2019Obanai Iguro V3. Un sabre Demon Slayer unique \u00e0 ajouter \u00e0 votre collection chez R\u00e9plique Manga Cin\u00e9. En m\u00e9tal. 102 cm\",\"breadcrumb\":{\"@id\":\"https:\\\/\\\/repliquemangacine.fr\\\/katana-demon-slayer-metal\\\/katana-obanai-iguro-v3-demon-slayer\\\/#breadcrumb\"},\"inLanguage\":\"es\",\"potentialAction\":[{\"@type\":\"ReadAction\",\"target\":[\"https:\\\/\\\/repliquemangacine.fr\\\/katana-demon-slayer-metal\\\/katana-obanai-iguro-v3-demon-slayer\\\/\"]}]},{\"@type\":\"ImageObject\",\"inLanguage\":\"es\",\"@id\":\"https:\\\/\\\/repliquemangacine.fr\\\/katana-demon-slayer-metal\\\/katana-obanai-iguro-v3-demon-slayer\\\/#primaryimage\",\"url\":\"https:\\\/\\\/repliquemangacine.fr\\\/wp-content\\\/uploads\\\/2025\\\/09\\\/Katana-Obanai-Iguro-V3-Demon-Slayer.jpg\",\"contentUrl\":\"https:\\\/\\\/repliquemangacine.fr\\\/wp-content\\\/uploads\\\/2025\\\/09\\\/Katana-Obanai-Iguro-V3-Demon-Slayer.jpg\",\"width\":600,\"height\":600,\"caption\":\"Katana Obanai Iguro V3 Demon Slayer\"},{\"@type\":\"BreadcrumbList\",\"@id\":\"https:\\\/\\\/repliquemangacine.fr\\\/katana-demon-slayer-metal\\\/katana-obanai-iguro-v3-demon-slayer\\\/#breadcrumb\",\"itemListElement\":[{\"@type\":\"ListItem\",\"position\":1,\"name\":\"Accueil\",\"item\":\"https:\\\/\\\/repliquemangacine.fr\\\/\"},{\"@type\":\"ListItem\",\"position\":2,\"name\":\"Produits\",\"item\":\"https:\\\/\\\/repliquemangacine.fr\\\/boutique\\\/\"},{\"@type\":\"ListItem\",\"position\":3,\"name\":\"Katana Obanai Iguro V3 &#8211; Demon Slayer\"}]},{\"@type\":\"WebSite\",\"@id\":\"https:\\\/\\\/repliquemangacine.fr\\\/#website\",\"url\":\"https:\\\/\\\/repliquemangacine.fr\\\/\",\"name\":\"R\u00e9plique Manga Cin\u00e9\",\"description\":\"\",\"publisher\":{\"@id\":\"https:\\\/\\\/repliquemangacine.fr\\\/#organization\"},\"potentialAction\":[{\"@type\":\"SearchAction\",\"target\":{\"@type\":\"EntryPoint\",\"urlTemplate\":\"https:\\\/\\\/repliquemangacine.fr\\\/?s={search_term_string}\"},\"query-input\":{\"@type\":\"PropertyValueSpecification\",\"valueRequired\":true,\"valueName\":\"search_term_string\"}}],\"inLanguage\":\"es\"},{\"@type\":\"Organization\",\"@id\":\"https:\\\/\\\/repliquemangacine.fr\\\/#organization\",\"name\":\"R\u00e9plique Manga Cin\u00e9\",\"url\":\"https:\\\/\\\/repliquemangacine.fr\\\/\",\"logo\":{\"@type\":\"ImageObject\",\"inLanguage\":\"es\",\"@id\":\"https:\\\/\\\/repliquemangacine.fr\\\/#\\\/schema\\\/logo\\\/image\\\/\",\"url\":\"https:\\\/\\\/repliquemangacine.fr\\\/wp-content\\\/uploads\\\/2023\\\/10\\\/RMC-500250.png\",\"contentUrl\":\"https:\\\/\\\/repliquemangacine.fr\\\/wp-content\\\/uploads\\\/2023\\\/10\\\/RMC-500250.png\",\"width\":500,\"height\":250,\"caption\":\"R\u00e9plique Manga Cin\u00e9\"},\"image\":{\"@id\":\"https:\\\/\\\/repliquemangacine.fr\\\/#\\\/schema\\\/logo\\\/image\\\/\"},\"sameAs\":[\"https:\\\/\\\/www.facebook.com\\\/RepliqueMangaCine\",\"https:\\\/\\\/www.instagram.com\\\/repliquemangacine.fr\\\/\"]}]}<\/script>\n<!-- \/ Yoast SEO plugin. -->","yoast_head_json":{"title":"Katana Obanai Iguro V3 - Matademonios - R\u00e9plique Manga Cin\u00e9","description":"Fiel r\u00e9plica de la katana Obanai Iguro V3. Una espada Demon Slayer \u00fanica para a\u00f1adir a tu colecci\u00f3n en R\u00e9plique Manga Cin\u00e9. Fabricada en metal. 102 cm","robots":{"index":"index","follow":"follow","max-snippet":"max-snippet:-1","max-image-preview":"max-image-preview:large","max-video-preview":"max-video-preview:-1"},"canonical":"https:\/\/repliquemangacine.fr\/es\/katana-demon-slayer-metal\/katana-obanai-iguro-v3-demon-slayer\/","og_locale":"es_ES","og_type":"article","og_title":"Katana Obanai Iguro V3 - Demon Slayer - R\u00e9plique Manga Cin\u00e9","og_description":"R\u00e9plique fid\u00e8le du katana d\u2019Obanai Iguro V3. Un sabre Demon Slayer unique \u00e0 ajouter \u00e0 votre collection chez R\u00e9plique Manga Cin\u00e9. En m\u00e9tal. 102 cm","og_url":"https:\/\/repliquemangacine.fr\/es\/katana-demon-slayer-metal\/katana-obanai-iguro-v3-demon-slayer\/","og_site_name":"R\u00e9plique Manga Cin\u00e9","article_publisher":"https:\/\/www.facebook.com\/RepliqueMangaCine","article_modified_time":"2026-04-15T10:22:03+00:00","og_image":[{"width":600,"height":600,"url":"https:\/\/repliquemangacine.fr\/wp-content\/uploads\/2025\/09\/Katana-Obanai-Iguro-V3-Demon-Slayer.jpg","type":"image\/jpeg"}],"twitter_card":"summary_large_image","twitter_misc":{"Tiempo de lectura":"3 minutos"},"schema":{"@context":"https:\/\/schema.org","@graph":[{"@type":"WebPage","@id":"https:\/\/repliquemangacine.fr\/katana-demon-slayer-metal\/katana-obanai-iguro-v3-demon-slayer\/","url":"https:\/\/repliquemangacine.fr\/katana-demon-slayer-metal\/katana-obanai-iguro-v3-demon-slayer\/","name":"Katana Obanai Iguro V3 - Matademonios - R\u00e9plique Manga Cin\u00e9","isPartOf":{"@id":"https:\/\/repliquemangacine.fr\/#website"},"primaryImageOfPage":{"@id":"https:\/\/repliquemangacine.fr\/katana-demon-slayer-metal\/katana-obanai-iguro-v3-demon-slayer\/#primaryimage"},"image":{"@id":"https:\/\/repliquemangacine.fr\/katana-demon-slayer-metal\/katana-obanai-iguro-v3-demon-slayer\/#primaryimage"},"thumbnailUrl":"https:\/\/repliquemangacine.fr\/wp-content\/uploads\/2025\/09\/Katana-Obanai-Iguro-V3-Demon-Slayer.jpg","datePublished":"2025-09-03T16:12:56+00:00","dateModified":"2026-04-15T10:22:03+00:00","description":"Fiel r\u00e9plica de la katana Obanai Iguro V3. Una espada Demon Slayer \u00fanica para a\u00f1adir a tu colecci\u00f3n en R\u00e9plique Manga Cin\u00e9. Fabricada en metal. 102 cm","breadcrumb":{"@id":"https:\/\/repliquemangacine.fr\/katana-demon-slayer-metal\/katana-obanai-iguro-v3-demon-slayer\/#breadcrumb"},"inLanguage":"es","potentialAction":[{"@type":"ReadAction","target":["https:\/\/repliquemangacine.fr\/katana-demon-slayer-metal\/katana-obanai-iguro-v3-demon-slayer\/"]}]},{"@type":"ImageObject","inLanguage":"es","@id":"https:\/\/repliquemangacine.fr\/katana-demon-slayer-metal\/katana-obanai-iguro-v3-demon-slayer\/#primaryimage","url":"https:\/\/repliquemangacine.fr\/wp-content\/uploads\/2025\/09\/Katana-Obanai-Iguro-V3-Demon-Slayer.jpg","contentUrl":"https:\/\/repliquemangacine.fr\/wp-content\/uploads\/2025\/09\/Katana-Obanai-Iguro-V3-Demon-Slayer.jpg","width":600,"height":600,"caption":"Katana Obanai Iguro V3 Demon Slayer"},{"@type":"BreadcrumbList","@id":"https:\/\/repliquemangacine.fr\/katana-demon-slayer-metal\/katana-obanai-iguro-v3-demon-slayer\/#breadcrumb","itemListElement":[{"@type":"ListItem","position":1,"name":"Accueil","item":"https:\/\/repliquemangacine.fr\/"},{"@type":"ListItem","position":2,"name":"Produits","item":"https:\/\/repliquemangacine.fr\/boutique\/"},{"@type":"ListItem","position":3,"name":"Katana Obanai Iguro V3 &#8211; Demon Slayer"}]},{"@type":"WebSite","@id":"https:\/\/repliquemangacine.fr\/#website","url":"https:\/\/repliquemangacine.fr\/","name":"R\u00e9plique Manga Cin\u00e9","description":"","publisher":{"@id":"https:\/\/repliquemangacine.fr\/#organization"},"potentialAction":[{"@type":"SearchAction","target":{"@type":"EntryPoint","urlTemplate":"https:\/\/repliquemangacine.fr\/?s={search_term_string}"},"query-input":{"@type":"PropertyValueSpecification","valueRequired":true,"valueName":"search_term_string"}}],"inLanguage":"es"},{"@type":"Organization","@id":"https:\/\/repliquemangacine.fr\/#organization","name":"R\u00e9plique Manga Cin\u00e9","url":"https:\/\/repliquemangacine.fr\/","logo":{"@type":"ImageObject","inLanguage":"es","@id":"https:\/\/repliquemangacine.fr\/#\/schema\/logo\/image\/","url":"https:\/\/repliquemangacine.fr\/wp-content\/uploads\/2023\/10\/RMC-500250.png","contentUrl":"https:\/\/repliquemangacine.fr\/wp-content\/uploads\/2023\/10\/RMC-500250.png","width":500,"height":250,"caption":"R\u00e9plique Manga Cin\u00e9"},"image":{"@id":"https:\/\/repliquemangacine.fr\/#\/schema\/logo\/image\/"},"sameAs":["https:\/\/www.facebook.com\/RepliqueMangaCine","https:\/\/www.instagram.com\/repliquemangacine.fr\/"]}]}},"_links":{"self":[{"href":"https:\/\/repliquemangacine.fr\/es\/wp-json\/wp\/v2\/product\/88032","targetHints":{"allow":["GET"]}}],"collection":[{"href":"https:\/\/repliquemangacine.fr\/es\/wp-json\/wp\/v2\/product"}],"about":[{"href":"https:\/\/repliquemangacine.fr\/es\/wp-json\/wp\/v2\/types\/product"}],"wp:featuredmedia":[{"embeddable":true,"href":"https:\/\/repliquemangacine.fr\/es\/wp-json\/wp\/v2\/media\/88033"}],"wp:attachment":[{"href":"https:\/\/repliquemangacine.fr\/es\/wp-json\/wp\/v2\/media?parent=88032"}],"wp:term":[{"taxonomy":"product_brand","embeddable":true,"href":"https:\/\/repliquemangacine.fr\/es\/wp-json\/wp\/v2\/product_brand?post=88032"},{"taxonomy":"product_cat","embeddable":true,"href":"https:\/\/repliquemangacine.fr\/es\/wp-json\/wp\/v2\/product_cat?post=88032"},{"taxonomy":"product_tag","embeddable":true,"href":"https:\/\/repliquemangacine.fr\/es\/wp-json\/wp\/v2\/product_tag?post=88032"}],"curies":[{"name":"wp","href":"https:\/\/api.w.org\/{rel}","templated":true}]}}