





{"id":88022,"date":"2025-09-03T17:04:09","date_gmt":"2025-09-03T15:04:09","guid":{"rendered":"https:\/\/repliquemangacine.fr\/?post_type=product&#038;p=88022"},"modified":"2026-02-19T11:29:38","modified_gmt":"2026-02-19T10:29:38","slug":"twin-blade-de-julie-sigtuna-absolute-duo","status":"publish","type":"product","link":"https:\/\/repliquemangacine.fr\/es\/katana-et-epee-de-manga-anime-autre-manga\/twin-blade-de-julie-sigtuna-absolute-duo\/","title":{"rendered":"Twin Blade de Julie Sigtuna - D\u00fao Absoluto"},"content":{"rendered":"<h2>La hoja gemela de Julie Sigtuna<\/h2>\n<p>En primer lugar, he aqu\u00ed una impresionante frase de Julie Sigtuna en Twin Blade, hero\u00edna del anime <a href=\"https:\/\/manga-encyclopedie.fandom.com\/fr\/wiki\/Cat%C3%A9gorie:Absolute_Duo\" target=\"_blank\" rel=\"noopener noreferrer\">D\u00fao absoluto<\/a>. En este universo, cada combatiente tiene un \"Blaze\", un arma materializada por su alma. Julie se distingue por un arma poco com\u00fan: una doble hoja negra con venas rojas, s\u00edmbolo de su fuerza y de su tr\u00e1gico destino. Esta fiel reproducci\u00f3n retoma el dise\u00f1o original con su agresiva guarda y su at\u00edpica hoja. Gracias a su estilo \u00fanico, atrae inmediatamente la atenci\u00f3n de coleccionistas y aficionados. Esta espada encarna la elegancia y el poder de Julie en la batalla. Tambi\u00e9n representa su equilibrio entre dulzura y determinaci\u00f3n.<\/p>\n<h2>Un arma emblem\u00e1tica en Absolute Duo<\/h2>\n<p>Para empezar, en D\u00fao Absoluto, los Blazes reflejan la personalidad de sus portadores. El de Julie es un arma formidable, perfectamente adaptada a su dominio del combate cuerpo a cuerpo. La hoja gemela combina velocidad, precisi\u00f3n y potencia, dando lugar a secuencias espectaculares. Las hojas de Julie arrollan a sus oponentes en un torbellino fluido e implacable. Las venas rojas visibles en el acero son un recordatorio de su energ\u00eda interior y de su v\u00ednculo con el pasado. Esta r\u00e9plica conserva todos los detalles para complacer a los fans m\u00e1s exigentes. M\u00e1s que un arma, es un s\u00edmbolo de voluntad y resistencia. Esto la convierte en un art\u00edculo imprescindible para los fans del anime y los coleccionistas de armas.<\/p>\n<h2>R\u00e9plique Manga Cin\u00e9 y sus nuevos productos exclusivos<\/h2>\n<p>En R\u00e9plique Manga Cin\u00e9, Julie's Twin Blade se une a nuestros nuevos modelos estrella. En primer lugar, el <a href=\"https:\/\/repliquemangacine.fr\/es\/nuevos-productos\/katana-cloud-gouger-en-kagurabachi\/\" target=\"_blank\" rel=\"noopener noreferrer\">Katana de Cloud Gouger<\/a> de Kagurabachi atrae todas las miradas. Su dise\u00f1o n\u00edtido y moderno es un \u00e9xito instant\u00e1neo entre los entusiastas. A continuaci\u00f3n, descubra <a href=\"https:\/\/repliquemangacine.fr\/es\/katana-kagurabachi-metal\/katana-enten-de-chihiro-kagurabachi\/\" target=\"_blank\" rel=\"noopener noreferrer\">Enten<\/a>otra de las katanas emblem\u00e1ticas de Kagurabachi, que ya es un \u00e9xito de culto entre los lectores. Para el universo Jujutsu Kaisen, he aqu\u00ed la <a href=\"https:\/\/repliquemangacine.fr\/es\/jujutsu-kaisen\/alma-partida-katana-jujutsu-kaisen\/\" target=\"_blank\" rel=\"noopener noreferrer\">Katana Alma Partida<\/a>oscuro y temible. Es el complemento perfecto para las colecciones de exorcismos y maldiciones. Adem\u00e1s, el<a href=\"https:\/\/repliquemangacine.fr\/es\/anillo-elden\/anillo-elden-espada-juramento\/\" target=\"_blank\" rel=\"noopener noreferrer\">Anillo Elden Espada Juramento<\/a> hace una gran entrada. Evoca las batallas \u00e9picas y los juramentos de los Sans-\u00e9clats. Adem\u00e1s, ampliamos constantemente nuestro cat\u00e1logo. Le esperan novedades peri\u00f3dicas y exclusivas cuidadosamente elaboradas. Cada art\u00edculo se elige por su fidelidad y calidad. As\u00ed, su escaparate ganar\u00e1 en impacto y coherencia. Por \u00faltimo, explore nuestras categor\u00edas para encontrar su pr\u00f3xima leyenda.<\/p>","protected":false},"excerpt":{"rendered":"<p>R\u00e9plica \u00fanica de la Espada Gemela de Julie Sigtuna. El arma de culto de Absolute Duo.<\/p>\n<ul>\n<li>Hoja de acero negro con venas rojas<\/li>\n<li>Mango de forma especial con hilo de algod\u00f3n negro para un agarre seguro.<\/li>\n<li>Funda de imitaci\u00f3n de cuero negro con correa de transporte.<\/li>\n<li>Longitud de la hoja: 52 cm - Longitud total: 79 cm<\/li>\n<li>Peso: 1080 g<\/li>\n<\/ul>","protected":false},"featured_media":88029,"template":"","meta":[],"product_brand":[896],"product_cat":[65],"product_tag":[],"class_list":{"0":"post-88022","1":"product","2":"type-product","3":"status-publish","4":"has-post-thumbnail","6":"product_brand-replique-manga-cine","7":"product_cat-katana-et-epee-de-manga-anime-autre-manga","9":"first","10":"instock","11":"taxable","12":"shipping-taxable","13":"purchasable","14":"product-type-simple"},"yoast_head":"<!-- This site is optimized with the Yoast SEO plugin v27.5 - https:\/\/yoast.com\/product\/yoast-seo-wordpress\/ -->\n<title>Twin Blade de Julie Sigtuna - Absolute Duo - R\u00e9plique Manga Cin\u00e9<\/title>\n<meta name=\"description\" content=\"R\u00e9plique unique de la Twin Blade de Julie Sigtuna. Arme culte d\u2019Absolute Duo disponible chez R\u00e9plique Manga Cin\u00e9 pour les fans d\u2019anime.\" \/>\n<meta name=\"robots\" content=\"index, follow, max-snippet:-1, max-image-preview:large, max-video-preview:-1\" \/>\n<link rel=\"canonical\" href=\"https:\/\/repliquemangacine.fr\/es\/katana-y-manga-espada-anime-otros-manga\/twin-blade-de-julie-sigtuna-absolute-duo\/\" \/>\n<meta property=\"og:locale\" content=\"es_ES\" \/>\n<meta property=\"og:type\" content=\"article\" \/>\n<meta property=\"og:title\" content=\"Twin Blade de Julie Sigtuna - Absolute Duo - R\u00e9plique Manga Cin\u00e9\" \/>\n<meta property=\"og:description\" content=\"R\u00e9plique unique de la Twin Blade de Julie Sigtuna. Arme culte d\u2019Absolute Duo disponible chez R\u00e9plique Manga Cin\u00e9 pour les fans d\u2019anime.\" \/>\n<meta property=\"og:url\" content=\"https:\/\/repliquemangacine.fr\/es\/katana-y-manga-espada-anime-otros-manga\/twin-blade-de-julie-sigtuna-absolute-duo\/\" \/>\n<meta property=\"og:site_name\" content=\"R\u00e9plique Manga Cin\u00e9\" \/>\n<meta property=\"article:publisher\" content=\"https:\/\/www.facebook.com\/RepliqueMangaCine\" \/>\n<meta property=\"article:modified_time\" content=\"2026-02-19T10:29:38+00:00\" \/>\n<meta property=\"og:image\" content=\"https:\/\/repliquemangacine.fr\/wp-content\/uploads\/2025\/09\/twin-blade-julie-sigtuna-1.jpg\" \/>\n\t<meta property=\"og:image:width\" content=\"700\" \/>\n\t<meta property=\"og:image:height\" content=\"700\" \/>\n\t<meta property=\"og:image:type\" content=\"image\/jpeg\" \/>\n<meta name=\"twitter:card\" content=\"summary_large_image\" \/>\n<meta name=\"twitter:label1\" content=\"Tiempo de lectura\" \/>\n\t<meta name=\"twitter:data1\" content=\"3 minutos\" \/>\n<script type=\"application\/ld+json\" class=\"yoast-schema-graph\">{\"@context\":\"https:\\\/\\\/schema.org\",\"@graph\":[{\"@type\":\"WebPage\",\"@id\":\"https:\\\/\\\/repliquemangacine.fr\\\/katana-et-epee-de-manga-anime-autre-manga\\\/twin-blade-de-julie-sigtuna-absolute-duo\\\/\",\"url\":\"https:\\\/\\\/repliquemangacine.fr\\\/katana-et-epee-de-manga-anime-autre-manga\\\/twin-blade-de-julie-sigtuna-absolute-duo\\\/\",\"name\":\"Twin Blade de Julie Sigtuna - Absolute Duo - R\u00e9plique Manga Cin\u00e9\",\"isPartOf\":{\"@id\":\"https:\\\/\\\/repliquemangacine.fr\\\/#website\"},\"primaryImageOfPage\":{\"@id\":\"https:\\\/\\\/repliquemangacine.fr\\\/katana-et-epee-de-manga-anime-autre-manga\\\/twin-blade-de-julie-sigtuna-absolute-duo\\\/#primaryimage\"},\"image\":{\"@id\":\"https:\\\/\\\/repliquemangacine.fr\\\/katana-et-epee-de-manga-anime-autre-manga\\\/twin-blade-de-julie-sigtuna-absolute-duo\\\/#primaryimage\"},\"thumbnailUrl\":\"https:\\\/\\\/repliquemangacine.fr\\\/wp-content\\\/uploads\\\/2025\\\/09\\\/twin-blade-julie-sigtuna-1.jpg\",\"datePublished\":\"2025-09-03T15:04:09+00:00\",\"dateModified\":\"2026-02-19T10:29:38+00:00\",\"description\":\"R\u00e9plique unique de la Twin Blade de Julie Sigtuna. Arme culte d\u2019Absolute Duo disponible chez R\u00e9plique Manga Cin\u00e9 pour les fans d\u2019anime.\",\"breadcrumb\":{\"@id\":\"https:\\\/\\\/repliquemangacine.fr\\\/katana-et-epee-de-manga-anime-autre-manga\\\/twin-blade-de-julie-sigtuna-absolute-duo\\\/#breadcrumb\"},\"inLanguage\":\"es\",\"potentialAction\":[{\"@type\":\"ReadAction\",\"target\":[\"https:\\\/\\\/repliquemangacine.fr\\\/katana-et-epee-de-manga-anime-autre-manga\\\/twin-blade-de-julie-sigtuna-absolute-duo\\\/\"]}]},{\"@type\":\"ImageObject\",\"inLanguage\":\"es\",\"@id\":\"https:\\\/\\\/repliquemangacine.fr\\\/katana-et-epee-de-manga-anime-autre-manga\\\/twin-blade-de-julie-sigtuna-absolute-duo\\\/#primaryimage\",\"url\":\"https:\\\/\\\/repliquemangacine.fr\\\/wp-content\\\/uploads\\\/2025\\\/09\\\/twin-blade-julie-sigtuna-1.jpg\",\"contentUrl\":\"https:\\\/\\\/repliquemangacine.fr\\\/wp-content\\\/uploads\\\/2025\\\/09\\\/twin-blade-julie-sigtuna-1.jpg\",\"width\":700,\"height\":700},{\"@type\":\"BreadcrumbList\",\"@id\":\"https:\\\/\\\/repliquemangacine.fr\\\/katana-et-epee-de-manga-anime-autre-manga\\\/twin-blade-de-julie-sigtuna-absolute-duo\\\/#breadcrumb\",\"itemListElement\":[{\"@type\":\"ListItem\",\"position\":1,\"name\":\"Accueil\",\"item\":\"https:\\\/\\\/repliquemangacine.fr\\\/\"},{\"@type\":\"ListItem\",\"position\":2,\"name\":\"Produits\",\"item\":\"https:\\\/\\\/repliquemangacine.fr\\\/boutique\\\/\"},{\"@type\":\"ListItem\",\"position\":3,\"name\":\"Twin Blade de Julie Sigtuna &#8211; Absolute Duo\"}]},{\"@type\":\"WebSite\",\"@id\":\"https:\\\/\\\/repliquemangacine.fr\\\/#website\",\"url\":\"https:\\\/\\\/repliquemangacine.fr\\\/\",\"name\":\"R\u00e9plique Manga Cin\u00e9\",\"description\":\"\",\"publisher\":{\"@id\":\"https:\\\/\\\/repliquemangacine.fr\\\/#organization\"},\"potentialAction\":[{\"@type\":\"SearchAction\",\"target\":{\"@type\":\"EntryPoint\",\"urlTemplate\":\"https:\\\/\\\/repliquemangacine.fr\\\/?s={search_term_string}\"},\"query-input\":{\"@type\":\"PropertyValueSpecification\",\"valueRequired\":true,\"valueName\":\"search_term_string\"}}],\"inLanguage\":\"es\"},{\"@type\":\"Organization\",\"@id\":\"https:\\\/\\\/repliquemangacine.fr\\\/#organization\",\"name\":\"R\u00e9plique Manga Cin\u00e9\",\"url\":\"https:\\\/\\\/repliquemangacine.fr\\\/\",\"logo\":{\"@type\":\"ImageObject\",\"inLanguage\":\"es\",\"@id\":\"https:\\\/\\\/repliquemangacine.fr\\\/#\\\/schema\\\/logo\\\/image\\\/\",\"url\":\"https:\\\/\\\/repliquemangacine.fr\\\/wp-content\\\/uploads\\\/2023\\\/10\\\/RMC-500250.png\",\"contentUrl\":\"https:\\\/\\\/repliquemangacine.fr\\\/wp-content\\\/uploads\\\/2023\\\/10\\\/RMC-500250.png\",\"width\":500,\"height\":250,\"caption\":\"R\u00e9plique Manga Cin\u00e9\"},\"image\":{\"@id\":\"https:\\\/\\\/repliquemangacine.fr\\\/#\\\/schema\\\/logo\\\/image\\\/\"},\"sameAs\":[\"https:\\\/\\\/www.facebook.com\\\/RepliqueMangaCine\",\"https:\\\/\\\/www.instagram.com\\\/repliquemangacine.fr\\\/\"]}]}<\/script>\n<!-- \/ Yoast SEO plugin. -->","yoast_head_json":{"title":"Twin Blade de Julie Sigtuna - D\u00fao Absoluto - R\u00e9plique Manga Cin\u00e9","description":"R\u00e9plica \u00fanica de la Twin Blade de Julie Sigtuna. El arma de culto de Absolute Duo disponible en R\u00e9plique Manga Cin\u00e9 para los fans del anime.","robots":{"index":"index","follow":"follow","max-snippet":"max-snippet:-1","max-image-preview":"max-image-preview:large","max-video-preview":"max-video-preview:-1"},"canonical":"https:\/\/repliquemangacine.fr\/es\/katana-y-manga-espada-anime-otros-manga\/twin-blade-de-julie-sigtuna-absolute-duo\/","og_locale":"es_ES","og_type":"article","og_title":"Twin Blade de Julie Sigtuna - Absolute Duo - R\u00e9plique Manga Cin\u00e9","og_description":"R\u00e9plique unique de la Twin Blade de Julie Sigtuna. Arme culte d\u2019Absolute Duo disponible chez R\u00e9plique Manga Cin\u00e9 pour les fans d\u2019anime.","og_url":"https:\/\/repliquemangacine.fr\/es\/katana-y-manga-espada-anime-otros-manga\/twin-blade-de-julie-sigtuna-absolute-duo\/","og_site_name":"R\u00e9plique Manga Cin\u00e9","article_publisher":"https:\/\/www.facebook.com\/RepliqueMangaCine","article_modified_time":"2026-02-19T10:29:38+00:00","og_image":[{"width":700,"height":700,"url":"https:\/\/repliquemangacine.fr\/wp-content\/uploads\/2025\/09\/twin-blade-julie-sigtuna-1.jpg","type":"image\/jpeg"}],"twitter_card":"summary_large_image","twitter_misc":{"Tiempo de lectura":"3 minutos"},"schema":{"@context":"https:\/\/schema.org","@graph":[{"@type":"WebPage","@id":"https:\/\/repliquemangacine.fr\/katana-et-epee-de-manga-anime-autre-manga\/twin-blade-de-julie-sigtuna-absolute-duo\/","url":"https:\/\/repliquemangacine.fr\/katana-et-epee-de-manga-anime-autre-manga\/twin-blade-de-julie-sigtuna-absolute-duo\/","name":"Twin Blade de Julie Sigtuna - D\u00fao Absoluto - R\u00e9plique Manga Cin\u00e9","isPartOf":{"@id":"https:\/\/repliquemangacine.fr\/#website"},"primaryImageOfPage":{"@id":"https:\/\/repliquemangacine.fr\/katana-et-epee-de-manga-anime-autre-manga\/twin-blade-de-julie-sigtuna-absolute-duo\/#primaryimage"},"image":{"@id":"https:\/\/repliquemangacine.fr\/katana-et-epee-de-manga-anime-autre-manga\/twin-blade-de-julie-sigtuna-absolute-duo\/#primaryimage"},"thumbnailUrl":"https:\/\/repliquemangacine.fr\/wp-content\/uploads\/2025\/09\/twin-blade-julie-sigtuna-1.jpg","datePublished":"2025-09-03T15:04:09+00:00","dateModified":"2026-02-19T10:29:38+00:00","description":"R\u00e9plica \u00fanica de la Twin Blade de Julie Sigtuna. El arma de culto de Absolute Duo disponible en R\u00e9plique Manga Cin\u00e9 para los fans del anime.","breadcrumb":{"@id":"https:\/\/repliquemangacine.fr\/katana-et-epee-de-manga-anime-autre-manga\/twin-blade-de-julie-sigtuna-absolute-duo\/#breadcrumb"},"inLanguage":"es","potentialAction":[{"@type":"ReadAction","target":["https:\/\/repliquemangacine.fr\/katana-et-epee-de-manga-anime-autre-manga\/twin-blade-de-julie-sigtuna-absolute-duo\/"]}]},{"@type":"ImageObject","inLanguage":"es","@id":"https:\/\/repliquemangacine.fr\/katana-et-epee-de-manga-anime-autre-manga\/twin-blade-de-julie-sigtuna-absolute-duo\/#primaryimage","url":"https:\/\/repliquemangacine.fr\/wp-content\/uploads\/2025\/09\/twin-blade-julie-sigtuna-1.jpg","contentUrl":"https:\/\/repliquemangacine.fr\/wp-content\/uploads\/2025\/09\/twin-blade-julie-sigtuna-1.jpg","width":700,"height":700},{"@type":"BreadcrumbList","@id":"https:\/\/repliquemangacine.fr\/katana-et-epee-de-manga-anime-autre-manga\/twin-blade-de-julie-sigtuna-absolute-duo\/#breadcrumb","itemListElement":[{"@type":"ListItem","position":1,"name":"Accueil","item":"https:\/\/repliquemangacine.fr\/"},{"@type":"ListItem","position":2,"name":"Produits","item":"https:\/\/repliquemangacine.fr\/boutique\/"},{"@type":"ListItem","position":3,"name":"Twin Blade de Julie Sigtuna &#8211; Absolute Duo"}]},{"@type":"WebSite","@id":"https:\/\/repliquemangacine.fr\/#website","url":"https:\/\/repliquemangacine.fr\/","name":"R\u00e9plique Manga Cin\u00e9","description":"","publisher":{"@id":"https:\/\/repliquemangacine.fr\/#organization"},"potentialAction":[{"@type":"SearchAction","target":{"@type":"EntryPoint","urlTemplate":"https:\/\/repliquemangacine.fr\/?s={search_term_string}"},"query-input":{"@type":"PropertyValueSpecification","valueRequired":true,"valueName":"search_term_string"}}],"inLanguage":"es"},{"@type":"Organization","@id":"https:\/\/repliquemangacine.fr\/#organization","name":"R\u00e9plique Manga Cin\u00e9","url":"https:\/\/repliquemangacine.fr\/","logo":{"@type":"ImageObject","inLanguage":"es","@id":"https:\/\/repliquemangacine.fr\/#\/schema\/logo\/image\/","url":"https:\/\/repliquemangacine.fr\/wp-content\/uploads\/2023\/10\/RMC-500250.png","contentUrl":"https:\/\/repliquemangacine.fr\/wp-content\/uploads\/2023\/10\/RMC-500250.png","width":500,"height":250,"caption":"R\u00e9plique Manga Cin\u00e9"},"image":{"@id":"https:\/\/repliquemangacine.fr\/#\/schema\/logo\/image\/"},"sameAs":["https:\/\/www.facebook.com\/RepliqueMangaCine","https:\/\/www.instagram.com\/repliquemangacine.fr\/"]}]}},"_links":{"self":[{"href":"https:\/\/repliquemangacine.fr\/es\/wp-json\/wp\/v2\/product\/88022","targetHints":{"allow":["GET"]}}],"collection":[{"href":"https:\/\/repliquemangacine.fr\/es\/wp-json\/wp\/v2\/product"}],"about":[{"href":"https:\/\/repliquemangacine.fr\/es\/wp-json\/wp\/v2\/types\/product"}],"wp:featuredmedia":[{"embeddable":true,"href":"https:\/\/repliquemangacine.fr\/es\/wp-json\/wp\/v2\/media\/88029"}],"wp:attachment":[{"href":"https:\/\/repliquemangacine.fr\/es\/wp-json\/wp\/v2\/media?parent=88022"}],"wp:term":[{"taxonomy":"product_brand","embeddable":true,"href":"https:\/\/repliquemangacine.fr\/es\/wp-json\/wp\/v2\/product_brand?post=88022"},{"taxonomy":"product_cat","embeddable":true,"href":"https:\/\/repliquemangacine.fr\/es\/wp-json\/wp\/v2\/product_cat?post=88022"},{"taxonomy":"product_tag","embeddable":true,"href":"https:\/\/repliquemangacine.fr\/es\/wp-json\/wp\/v2\/product_tag?post=88022"}],"curies":[{"name":"wp","href":"https:\/\/api.w.org\/{rel}","templated":true}]}}