





{"id":87986,"date":"2025-09-02T17:48:27","date_gmt":"2025-09-02T15:48:27","guid":{"rendered":"https:\/\/repliquemangacine.fr\/?post_type=product&#038;p=87986"},"modified":"2026-04-16T09:31:17","modified_gmt":"2026-04-16T07:31:17","slug":"katana-kanao-negro-rosa-demon-slayer","status":"publish","type":"product","link":"https:\/\/repliquemangacine.fr\/es\/katana-demon-slayer-metal\/katana-kanao-black-pink-demon-slayer\/","title":{"rendered":"Katana Kanao Negro Rosa"},"content":{"rendered":"<h2>Katana Kanao Negro Rosa - Demon Slayer<\/h2>\n<p>En primer lugar, descubre la r\u00e9plica \u00fanica de la katana de Kanao Tsuyuri en versi\u00f3n Black Pink. En <a href=\"https:\/\/demon-slayer.fr\/wiki\/\" target=\"_blank\" rel=\"noopener noreferrer\">Cazador de demonios<\/a>Kanao se distingue por su gracia, precisi\u00f3n e inquebrantable calma. De hecho, esta espada retoma la elegancia de su arma, pero la revisita con un dise\u00f1o atrevido y moderno. De hecho, su estilo se inspira directamente en la moda de BLACKPINK, una mezcla de fuerza y suavidad que est\u00e1 de moda en todo el mundo. Su guarda floral rosa recuerda la delicadeza de Kanao, mientras que el contraste blanco y negro de la empu\u00f1adura evoca fuerza y elegancia. Esta r\u00e9plica logra el equilibrio perfecto entre la fidelidad al anime y una influencia a la \u00faltima.<\/p>\n<h2>Una katana inspirada en la moda de Demon Slayer y BLACKPINK<\/h2>\n<p>En Kimetsu no Yaiba, cada Demon Slayer tiene una katana que refleja su personalidad. La katana de Kanao encarna la gracia y la determinaci\u00f3n. En esta versi\u00f3n Black Pink, la hoja conserva el alma del arma original al tiempo que muestra una est\u00e9tica inspirada en la cultura pop coreana. El d\u00fao negro y rosa, s\u00edmbolo del grupo BLACKPINK, ha conquistado el mundo de la moda combinando glamour y poder. Este contraste se refleja tambi\u00e9n en la vaina rosa brillante y la empu\u00f1adura oscura de esta espada. El grabado \"Black Pink\" en la hoja a\u00f1ade un toque distintivo y moderno que atraer\u00e1 a los fans del manga y el K-pop.<\/p>\n<h2>R\u00e9plique Manga Cin\u00e9 y sus colecciones<\/h2>\n<p>En R\u00e9plique Manga Cin\u00e9, esta katana Black Pink de Kanao se une a una variada gama de r\u00e9plicas. Ofrecemos armas inspiradas en los mejores mangas, videojuegos, pel\u00edculas y series de culto. Descubre nuestras katanas de los mangas One Piece, Bleach y Sword Art Online. Tambi\u00e9n encontrar\u00e1s reproducciones de espadas m\u00edticas como la de Zelda o The Witcher. Para los aficionados a la historia, ofrecemos todas las r<a href=\"https:\/\/repliquemangacine.fr\/es\/armas-accesorias-guerra-mundial\/\" target=\"_blank\" rel=\"noopener noreferrer\">eproducciones de armas de la Segunda Guerra Mundial<\/a>. Tambi\u00e9n hay <a href=\"https:\/\/repliquemangacine.fr\/es\/armas-y-accesorios-vikingos\/\" target=\"_blank\" rel=\"noopener noreferrer\">Espadas vikingas y accesorios<\/a> y escudos vikingos. Cada pieza se elige por su calidad y fidelidad a los modelos originales. Tanto si es un coleccionista como un simple aficionado, nuestra tienda le ofrece una amplia selecci\u00f3n para realzar sus vitrinas. En conclusi\u00f3n, esta katana Rosa Negra es imprescindible para completar su colecci\u00f3n.<\/p>","protected":false},"excerpt":{"rendered":"<p>R\u00e9plica de Katana Kanao Demon Slayer - versi\u00f3n Negro Rosa<\/p>\n<ul>\n<li>Hoja de acero inoxidable 440 no afilada<\/li>\n<li>Grabado en la parte superior de la hoja \"Black Pink<\/li>\n<li>Mango de imitaci\u00f3n de piel de raya recubierto de trenzado de algod\u00f3n negro.<\/li>\n<li>Vaina de madera lacada rosa<\/li>\n<li>Guarda de metal con decoraci\u00f3n floral<\/li>\n<li>Longitud de la hoja: 64 cm - Longitud total: 102 cm<\/li>\n<li>Peso : 960g<\/li>\n<\/ul>","protected":false},"featured_media":87987,"template":"","meta":[],"product_brand":[896],"product_cat":[63,117],"product_tag":[],"class_list":{"0":"post-87986","1":"product","2":"type-product","3":"status-publish","4":"has-post-thumbnail","6":"product_brand-replique-manga-cine","7":"product_cat-katana-demon-slayer","8":"product_cat-katana-demon-slayer-metal","10":"first","11":"instock","12":"taxable","13":"shipping-taxable","14":"purchasable","15":"product-type-simple"},"yoast_head":"<!-- This site is optimized with the Yoast SEO plugin v27.4 - https:\/\/yoast.com\/product\/yoast-seo-wordpress\/ -->\n<title>Katana Kanao Black Pink - R\u00e9plique Manga Cin\u00e9<\/title>\n<meta name=\"description\" content=\"Decouvrez le Katana Kanao Black Pink inspir\u00e9e de l&#039;anim\u00e9 Demon Slayer et de l&#039;esth\u00e9tique Black Pink. Une r\u00e9plique tendance et originale disponible chez RMC\" \/>\n<meta name=\"robots\" content=\"index, follow, max-snippet:-1, max-image-preview:large, max-video-preview:-1\" \/>\n<link rel=\"canonical\" href=\"https:\/\/repliquemangacine.fr\/es\/katana-demon-slayer-metal\/katana-kanao-negro-rosa-demon-slayer\/\" \/>\n<meta property=\"og:locale\" content=\"es_ES\" \/>\n<meta property=\"og:type\" content=\"article\" \/>\n<meta property=\"og:title\" content=\"Katana Kanao Black Pink - R\u00e9plique Manga Cin\u00e9\" \/>\n<meta property=\"og:description\" content=\"Decouvrez le Katana Kanao Black Pink inspir\u00e9e de l&#039;anim\u00e9 Demon Slayer et de l&#039;esth\u00e9tique Black Pink. Une r\u00e9plique tendance et originale disponible chez RMC\" \/>\n<meta property=\"og:url\" content=\"https:\/\/repliquemangacine.fr\/es\/katana-demon-slayer-metal\/katana-kanao-negro-rosa-demon-slayer\/\" \/>\n<meta property=\"og:site_name\" content=\"R\u00e9plique Manga Cin\u00e9\" \/>\n<meta property=\"article:publisher\" content=\"https:\/\/www.facebook.com\/RepliqueMangaCine\" \/>\n<meta property=\"article:modified_time\" content=\"2026-04-16T07:31:17+00:00\" \/>\n<meta property=\"og:image\" content=\"https:\/\/repliquemangacine.fr\/wp-content\/uploads\/2025\/09\/Katana-kanao-Black-pink.jpg\" \/>\n\t<meta property=\"og:image:width\" content=\"1000\" \/>\n\t<meta property=\"og:image:height\" content=\"1000\" \/>\n\t<meta property=\"og:image:type\" content=\"image\/jpeg\" \/>\n<meta name=\"twitter:card\" content=\"summary_large_image\" \/>\n<meta name=\"twitter:label1\" content=\"Tiempo de lectura\" \/>\n\t<meta name=\"twitter:data1\" content=\"3 minutos\" \/>\n<script type=\"application\/ld+json\" class=\"yoast-schema-graph\">{\"@context\":\"https:\\\/\\\/schema.org\",\"@graph\":[{\"@type\":\"WebPage\",\"@id\":\"https:\\\/\\\/repliquemangacine.fr\\\/katana-demon-slayer-metal\\\/katana-kanao-black-pink-demon-slayer\\\/\",\"url\":\"https:\\\/\\\/repliquemangacine.fr\\\/katana-demon-slayer-metal\\\/katana-kanao-black-pink-demon-slayer\\\/\",\"name\":\"Katana Kanao Black Pink - R\u00e9plique Manga Cin\u00e9\",\"isPartOf\":{\"@id\":\"https:\\\/\\\/repliquemangacine.fr\\\/#website\"},\"primaryImageOfPage\":{\"@id\":\"https:\\\/\\\/repliquemangacine.fr\\\/katana-demon-slayer-metal\\\/katana-kanao-black-pink-demon-slayer\\\/#primaryimage\"},\"image\":{\"@id\":\"https:\\\/\\\/repliquemangacine.fr\\\/katana-demon-slayer-metal\\\/katana-kanao-black-pink-demon-slayer\\\/#primaryimage\"},\"thumbnailUrl\":\"https:\\\/\\\/repliquemangacine.fr\\\/wp-content\\\/uploads\\\/2025\\\/09\\\/Katana-kanao-Black-pink.jpg\",\"datePublished\":\"2025-09-02T15:48:27+00:00\",\"dateModified\":\"2026-04-16T07:31:17+00:00\",\"description\":\"Decouvrez le Katana Kanao Black Pink inspir\u00e9e de l'anim\u00e9 Demon Slayer et de l'esth\u00e9tique Black Pink. Une r\u00e9plique tendance et originale disponible chez RMC\",\"breadcrumb\":{\"@id\":\"https:\\\/\\\/repliquemangacine.fr\\\/katana-demon-slayer-metal\\\/katana-kanao-black-pink-demon-slayer\\\/#breadcrumb\"},\"inLanguage\":\"es\",\"potentialAction\":[{\"@type\":\"ReadAction\",\"target\":[\"https:\\\/\\\/repliquemangacine.fr\\\/katana-demon-slayer-metal\\\/katana-kanao-black-pink-demon-slayer\\\/\"]}]},{\"@type\":\"ImageObject\",\"inLanguage\":\"es\",\"@id\":\"https:\\\/\\\/repliquemangacine.fr\\\/katana-demon-slayer-metal\\\/katana-kanao-black-pink-demon-slayer\\\/#primaryimage\",\"url\":\"https:\\\/\\\/repliquemangacine.fr\\\/wp-content\\\/uploads\\\/2025\\\/09\\\/Katana-kanao-Black-pink.jpg\",\"contentUrl\":\"https:\\\/\\\/repliquemangacine.fr\\\/wp-content\\\/uploads\\\/2025\\\/09\\\/Katana-kanao-Black-pink.jpg\",\"width\":1000,\"height\":1000,\"caption\":\"Katana Kanao Black Pink - Demon Slayer\"},{\"@type\":\"BreadcrumbList\",\"@id\":\"https:\\\/\\\/repliquemangacine.fr\\\/katana-demon-slayer-metal\\\/katana-kanao-black-pink-demon-slayer\\\/#breadcrumb\",\"itemListElement\":[{\"@type\":\"ListItem\",\"position\":1,\"name\":\"Accueil\",\"item\":\"https:\\\/\\\/repliquemangacine.fr\\\/\"},{\"@type\":\"ListItem\",\"position\":2,\"name\":\"Produits\",\"item\":\"https:\\\/\\\/repliquemangacine.fr\\\/boutique\\\/\"},{\"@type\":\"ListItem\",\"position\":3,\"name\":\"Katana Kanao Black Pink\"}]},{\"@type\":\"WebSite\",\"@id\":\"https:\\\/\\\/repliquemangacine.fr\\\/#website\",\"url\":\"https:\\\/\\\/repliquemangacine.fr\\\/\",\"name\":\"R\u00e9plique Manga Cin\u00e9\",\"description\":\"\",\"publisher\":{\"@id\":\"https:\\\/\\\/repliquemangacine.fr\\\/#organization\"},\"potentialAction\":[{\"@type\":\"SearchAction\",\"target\":{\"@type\":\"EntryPoint\",\"urlTemplate\":\"https:\\\/\\\/repliquemangacine.fr\\\/?s={search_term_string}\"},\"query-input\":{\"@type\":\"PropertyValueSpecification\",\"valueRequired\":true,\"valueName\":\"search_term_string\"}}],\"inLanguage\":\"es\"},{\"@type\":\"Organization\",\"@id\":\"https:\\\/\\\/repliquemangacine.fr\\\/#organization\",\"name\":\"R\u00e9plique Manga Cin\u00e9\",\"url\":\"https:\\\/\\\/repliquemangacine.fr\\\/\",\"logo\":{\"@type\":\"ImageObject\",\"inLanguage\":\"es\",\"@id\":\"https:\\\/\\\/repliquemangacine.fr\\\/#\\\/schema\\\/logo\\\/image\\\/\",\"url\":\"https:\\\/\\\/repliquemangacine.fr\\\/wp-content\\\/uploads\\\/2023\\\/10\\\/RMC-500250.png\",\"contentUrl\":\"https:\\\/\\\/repliquemangacine.fr\\\/wp-content\\\/uploads\\\/2023\\\/10\\\/RMC-500250.png\",\"width\":500,\"height\":250,\"caption\":\"R\u00e9plique Manga Cin\u00e9\"},\"image\":{\"@id\":\"https:\\\/\\\/repliquemangacine.fr\\\/#\\\/schema\\\/logo\\\/image\\\/\"},\"sameAs\":[\"https:\\\/\\\/www.facebook.com\\\/RepliqueMangaCine\",\"https:\\\/\\\/www.instagram.com\\\/repliquemangacine.fr\\\/\"]}]}<\/script>\n<!-- \/ Yoast SEO plugin. -->","yoast_head_json":{"title":"Katana Kanao Negro Rosa - R\u00e9plique Manga Cin\u00e9","description":"Descubre la Katana Kanao Black Pink inspirada en el anime Demon Slayer y la est\u00e9tica Black Pink. Una r\u00e9plica de moda y original disponible en RMC.","robots":{"index":"index","follow":"follow","max-snippet":"max-snippet:-1","max-image-preview":"max-image-preview:large","max-video-preview":"max-video-preview:-1"},"canonical":"https:\/\/repliquemangacine.fr\/es\/katana-demon-slayer-metal\/katana-kanao-negro-rosa-demon-slayer\/","og_locale":"es_ES","og_type":"article","og_title":"Katana Kanao Black Pink - R\u00e9plique Manga Cin\u00e9","og_description":"Decouvrez le Katana Kanao Black Pink inspir\u00e9e de l'anim\u00e9 Demon Slayer et de l'esth\u00e9tique Black Pink. Une r\u00e9plique tendance et originale disponible chez RMC","og_url":"https:\/\/repliquemangacine.fr\/es\/katana-demon-slayer-metal\/katana-kanao-negro-rosa-demon-slayer\/","og_site_name":"R\u00e9plique Manga Cin\u00e9","article_publisher":"https:\/\/www.facebook.com\/RepliqueMangaCine","article_modified_time":"2026-04-16T07:31:17+00:00","og_image":[{"width":1000,"height":1000,"url":"https:\/\/repliquemangacine.fr\/wp-content\/uploads\/2025\/09\/Katana-kanao-Black-pink.jpg","type":"image\/jpeg"}],"twitter_card":"summary_large_image","twitter_misc":{"Tiempo de lectura":"3 minutos"},"schema":{"@context":"https:\/\/schema.org","@graph":[{"@type":"WebPage","@id":"https:\/\/repliquemangacine.fr\/katana-demon-slayer-metal\/katana-kanao-black-pink-demon-slayer\/","url":"https:\/\/repliquemangacine.fr\/katana-demon-slayer-metal\/katana-kanao-black-pink-demon-slayer\/","name":"Katana Kanao Negro Rosa - R\u00e9plique Manga Cin\u00e9","isPartOf":{"@id":"https:\/\/repliquemangacine.fr\/#website"},"primaryImageOfPage":{"@id":"https:\/\/repliquemangacine.fr\/katana-demon-slayer-metal\/katana-kanao-black-pink-demon-slayer\/#primaryimage"},"image":{"@id":"https:\/\/repliquemangacine.fr\/katana-demon-slayer-metal\/katana-kanao-black-pink-demon-slayer\/#primaryimage"},"thumbnailUrl":"https:\/\/repliquemangacine.fr\/wp-content\/uploads\/2025\/09\/Katana-kanao-Black-pink.jpg","datePublished":"2025-09-02T15:48:27+00:00","dateModified":"2026-04-16T07:31:17+00:00","description":"Descubre la Katana Kanao Black Pink inspirada en el anime Demon Slayer y la est\u00e9tica Black Pink. Una r\u00e9plica de moda y original disponible en RMC.","breadcrumb":{"@id":"https:\/\/repliquemangacine.fr\/katana-demon-slayer-metal\/katana-kanao-black-pink-demon-slayer\/#breadcrumb"},"inLanguage":"es","potentialAction":[{"@type":"ReadAction","target":["https:\/\/repliquemangacine.fr\/katana-demon-slayer-metal\/katana-kanao-black-pink-demon-slayer\/"]}]},{"@type":"ImageObject","inLanguage":"es","@id":"https:\/\/repliquemangacine.fr\/katana-demon-slayer-metal\/katana-kanao-black-pink-demon-slayer\/#primaryimage","url":"https:\/\/repliquemangacine.fr\/wp-content\/uploads\/2025\/09\/Katana-kanao-Black-pink.jpg","contentUrl":"https:\/\/repliquemangacine.fr\/wp-content\/uploads\/2025\/09\/Katana-kanao-Black-pink.jpg","width":1000,"height":1000,"caption":"Katana Kanao Black Pink - Demon Slayer"},{"@type":"BreadcrumbList","@id":"https:\/\/repliquemangacine.fr\/katana-demon-slayer-metal\/katana-kanao-black-pink-demon-slayer\/#breadcrumb","itemListElement":[{"@type":"ListItem","position":1,"name":"Accueil","item":"https:\/\/repliquemangacine.fr\/"},{"@type":"ListItem","position":2,"name":"Produits","item":"https:\/\/repliquemangacine.fr\/boutique\/"},{"@type":"ListItem","position":3,"name":"Katana Kanao Black Pink"}]},{"@type":"WebSite","@id":"https:\/\/repliquemangacine.fr\/#website","url":"https:\/\/repliquemangacine.fr\/","name":"R\u00e9plique Manga Cin\u00e9","description":"","publisher":{"@id":"https:\/\/repliquemangacine.fr\/#organization"},"potentialAction":[{"@type":"SearchAction","target":{"@type":"EntryPoint","urlTemplate":"https:\/\/repliquemangacine.fr\/?s={search_term_string}"},"query-input":{"@type":"PropertyValueSpecification","valueRequired":true,"valueName":"search_term_string"}}],"inLanguage":"es"},{"@type":"Organization","@id":"https:\/\/repliquemangacine.fr\/#organization","name":"R\u00e9plique Manga Cin\u00e9","url":"https:\/\/repliquemangacine.fr\/","logo":{"@type":"ImageObject","inLanguage":"es","@id":"https:\/\/repliquemangacine.fr\/#\/schema\/logo\/image\/","url":"https:\/\/repliquemangacine.fr\/wp-content\/uploads\/2023\/10\/RMC-500250.png","contentUrl":"https:\/\/repliquemangacine.fr\/wp-content\/uploads\/2023\/10\/RMC-500250.png","width":500,"height":250,"caption":"R\u00e9plique Manga Cin\u00e9"},"image":{"@id":"https:\/\/repliquemangacine.fr\/#\/schema\/logo\/image\/"},"sameAs":["https:\/\/www.facebook.com\/RepliqueMangaCine","https:\/\/www.instagram.com\/repliquemangacine.fr\/"]}]}},"_links":{"self":[{"href":"https:\/\/repliquemangacine.fr\/es\/wp-json\/wp\/v2\/product\/87986","targetHints":{"allow":["GET"]}}],"collection":[{"href":"https:\/\/repliquemangacine.fr\/es\/wp-json\/wp\/v2\/product"}],"about":[{"href":"https:\/\/repliquemangacine.fr\/es\/wp-json\/wp\/v2\/types\/product"}],"wp:featuredmedia":[{"embeddable":true,"href":"https:\/\/repliquemangacine.fr\/es\/wp-json\/wp\/v2\/media\/87987"}],"wp:attachment":[{"href":"https:\/\/repliquemangacine.fr\/es\/wp-json\/wp\/v2\/media?parent=87986"}],"wp:term":[{"taxonomy":"product_brand","embeddable":true,"href":"https:\/\/repliquemangacine.fr\/es\/wp-json\/wp\/v2\/product_brand?post=87986"},{"taxonomy":"product_cat","embeddable":true,"href":"https:\/\/repliquemangacine.fr\/es\/wp-json\/wp\/v2\/product_cat?post=87986"},{"taxonomy":"product_tag","embeddable":true,"href":"https:\/\/repliquemangacine.fr\/es\/wp-json\/wp\/v2\/product_tag?post=87986"}],"curies":[{"name":"wp","href":"https:\/\/api.w.org\/{rel}","templated":true}]}}