





{"id":87979,"date":"2025-09-02T17:33:37","date_gmt":"2025-09-02T15:33:37","guid":{"rendered":"https:\/\/repliquemangacine.fr\/?post_type=product&#038;p=87979"},"modified":"2026-03-25T15:55:55","modified_gmt":"2026-03-25T14:55:55","slug":"katana-ninja-gaiden","status":"publish","type":"product","link":"https:\/\/repliquemangacine.fr\/es\/katana-et-epee-de-jeux-video-autre-jeux-video\/katana-ninja-gaiden\/","title":{"rendered":"Katana Ninja Gaiden"},"content":{"rendered":"<h2>Katana Ninja Gaiden: la legendaria espada de Ryu Hayabusa<\/h2>\n<p>En primer lugar, he aqu\u00ed una r\u00e9plica fiel de la katana de <a href=\"https:\/\/ninjagaiden.fandom.com\/wiki\/Ryu_Hayabusa\" target=\"_blank\" rel=\"noopener noreferrer\">Ryu Hayabusa<\/a>el h\u00e9roe emblem\u00e1tico de Ninja Gaiden. Esta espada, llamada Dragon Sword, encarna la herencia de un clan ninja ancestral. Con su empu\u00f1adura roja y su guarda finamente elaborada, esta katana atrae todas las miradas. En el mundo del juego, la espada posee el alma de un drag\u00f3n y s\u00f3lo revela todo su poder a los verdaderos maestros. Esta reproducci\u00f3n captura la esencia de la m\u00edtica arma de Ryu. Est\u00e1 dirigida a coleccionistas, aficionados y amantes de las espadas japonesas. Gracias a su cuidado acabado y a su dise\u00f1o \u00fanico, esta katana es mucho m\u00e1s que una pieza decorativa. Es un s\u00edmbolo de valor y disciplina.<\/p>\n<h2>El lugar de la katana en Ninja Gaiden<\/h2>\n<p>En la saga Ninja Gaiden, la Espada del Drag\u00f3n es un arma sin igual. Representa el coraz\u00f3n de la jugabilidad y evoluciona a lo largo de la aventura. Ryu Hayabusa desbloquea nuevas t\u00e9cnicas, fortaleciendo el v\u00ednculo entre el jugador y su katana. Cada golpe asestado se vuelve m\u00e1s poderoso y espectacular. Esta espada divina acompa\u00f1a a Ryu en sus batallas contra temibles enemigos y aterradores demonios. En la historia, la Espada del Drag\u00f3n es tambi\u00e9n un legado sagrado transmitido dentro del clan Hayabusa. Simboliza la continuidad, el honor y el destino de los ninjas. Para los jugadores, sigue siendo el arma m\u00e1s emblem\u00e1tica de la franquicia. Esta importancia hace que su r\u00e9plica sea imprescindible para cualquier fan de Ninja Gaiden.<\/p>\n<h2>R\u00e9plique Manga Cin\u00e9 y los otros universos<\/h2>\n<p>En R\u00e9plique Manga Cin\u00e9, esta espada de culto se une a una gran colecci\u00f3n de r\u00e9plicas. Encontrar\u00e1s una amplia gama de armas inspiradas en mangas, videojuegos, pel\u00edculas y series de televisi\u00f3n. Tanto si eres fan de <a href=\"https:\/\/repliquemangacine.fr\/es\/katana-de-una-pieza\/\" target=\"_blank\" rel=\"noopener noreferrer\">Una pieza<\/a>, <a href=\"https:\/\/repliquemangacine.fr\/es\/katana-cazademonios\/\" target=\"_blank\" rel=\"noopener noreferrer\">Cazador de demonios<\/a>The Witcher y <a href=\"https:\/\/repliquemangacine.fr\/es\/espada-de-zelda\/\" target=\"_blank\" rel=\"noopener noreferrer\">Zelda<\/a>Nuestra tienda ofrece piezas excepcionales. Cada r\u00e9plica se selecciona por su calidad y fidelidad a los modelos originales. Adem\u00e1s de katanas, ofrecemos <a href=\"https:\/\/repliquemangacine.fr\/es\/espadas-espada-antigua\/\" target=\"_blank\" rel=\"noopener noreferrer\">espadas antiguas<\/a>espadas medievales y <a href=\"https:\/\/repliquemangacine.fr\/es\/armas-piratas\/\" target=\"_blank\" rel=\"noopener noreferrer\">armas piratas<\/a>. Tanto coleccionistas como recreadores encontrar\u00e1n lo que buscan en nuestro variado cat\u00e1logo. Y lo que es m\u00e1s, esta diversidad significa que cada aficionado puede ampliar su colecci\u00f3n. En conclusi\u00f3n, la katana de Ryu Hayabusa es un art\u00edculo imprescindible, pero es s\u00f3lo el principio de un vasto universo.<\/p>","protected":false},"excerpt":{"rendered":"<p>Magn\u00edfica r\u00e9plica de la katana de Ryu Hayabusa en Ninja Gaiden<\/p>\n<ul>\n<li>Hoja de acero inoxidable 440 no afilada<\/li>\n<li>Guarda met\u00e1lica finamente decorada<\/li>\n<li>Mango de imitaci\u00f3n de piel de raya, recubierto de trenzado de algod\u00f3n rojo.<\/li>\n<li>Vaina de madera con herrajes de metal dorado<\/li>\n<li>Longitud de la hoja: 65 cm - Longitud total: 103 cm<\/li>\n<li>Peso: 910 g<\/li>\n<\/ul>","protected":false},"featured_media":87980,"template":"","meta":[],"product_brand":[896],"product_cat":[67],"product_tag":[],"class_list":{"0":"post-87979","1":"product","2":"type-product","3":"status-publish","4":"has-post-thumbnail","6":"product_brand-replique-manga-cine","7":"product_cat-katana-et-epee-de-jeux-video-autre-jeux-video","9":"first","10":"instock","11":"taxable","12":"shipping-taxable","13":"purchasable","14":"product-type-simple"},"yoast_head":"<!-- This site is optimized with the Yoast SEO plugin v27.4 - https:\/\/yoast.com\/product\/yoast-seo-wordpress\/ -->\n<title>Katana Ninja Gaiden - R\u00e9plique Manga Cin\u00e9<\/title>\n<meta name=\"description\" content=\"D\u00e9couvrez le Katana Ninja Gaiden, la Dragon Sword de Ryu Hayabusa. Lame et garde en acier. Fourreau bois. Longueur totale: 103 cm. Id\u00e9al Cosplay et fans.\" \/>\n<meta name=\"robots\" content=\"index, follow, max-snippet:-1, max-image-preview:large, max-video-preview:-1\" \/>\n<link rel=\"canonical\" href=\"https:\/\/repliquemangacine.fr\/es\/katana-y-espada-videojuego-otros-videojuegos\/katana-ninja-gaiden\/\" \/>\n<meta property=\"og:locale\" content=\"es_ES\" \/>\n<meta property=\"og:type\" content=\"article\" \/>\n<meta property=\"og:title\" content=\"Katana Ninja Gaiden - R\u00e9plique Manga Cin\u00e9\" \/>\n<meta property=\"og:description\" content=\"D\u00e9couvrez le Katana Ninja Gaiden, la Dragon Sword de Ryu Hayabusa. Lame et garde en acier. Fourreau bois. Longueur totale: 103 cm. Id\u00e9al Cosplay et fans.\" \/>\n<meta property=\"og:url\" content=\"https:\/\/repliquemangacine.fr\/es\/katana-y-espada-videojuego-otros-videojuegos\/katana-ninja-gaiden\/\" \/>\n<meta property=\"og:site_name\" content=\"R\u00e9plique Manga Cin\u00e9\" \/>\n<meta property=\"article:publisher\" content=\"https:\/\/www.facebook.com\/RepliqueMangaCine\" \/>\n<meta property=\"article:modified_time\" content=\"2026-03-25T14:55:55+00:00\" \/>\n<meta property=\"og:image\" content=\"https:\/\/repliquemangacine.fr\/wp-content\/uploads\/2025\/09\/katana-ninja-gaiden.jpg\" \/>\n\t<meta property=\"og:image:width\" content=\"700\" \/>\n\t<meta property=\"og:image:height\" content=\"700\" \/>\n\t<meta property=\"og:image:type\" content=\"image\/jpeg\" \/>\n<meta name=\"twitter:card\" content=\"summary_large_image\" \/>\n<meta name=\"twitter:label1\" content=\"Tiempo de lectura\" \/>\n\t<meta name=\"twitter:data1\" content=\"3 minutos\" \/>\n<script type=\"application\/ld+json\" class=\"yoast-schema-graph\">{\"@context\":\"https:\\\/\\\/schema.org\",\"@graph\":[{\"@type\":\"WebPage\",\"@id\":\"https:\\\/\\\/repliquemangacine.fr\\\/katana-et-epee-de-jeux-video-autre-jeux-video\\\/katana-ninja-gaiden\\\/\",\"url\":\"https:\\\/\\\/repliquemangacine.fr\\\/katana-et-epee-de-jeux-video-autre-jeux-video\\\/katana-ninja-gaiden\\\/\",\"name\":\"Katana Ninja Gaiden - R\u00e9plique Manga Cin\u00e9\",\"isPartOf\":{\"@id\":\"https:\\\/\\\/repliquemangacine.fr\\\/#website\"},\"primaryImageOfPage\":{\"@id\":\"https:\\\/\\\/repliquemangacine.fr\\\/katana-et-epee-de-jeux-video-autre-jeux-video\\\/katana-ninja-gaiden\\\/#primaryimage\"},\"image\":{\"@id\":\"https:\\\/\\\/repliquemangacine.fr\\\/katana-et-epee-de-jeux-video-autre-jeux-video\\\/katana-ninja-gaiden\\\/#primaryimage\"},\"thumbnailUrl\":\"https:\\\/\\\/repliquemangacine.fr\\\/wp-content\\\/uploads\\\/2025\\\/09\\\/katana-ninja-gaiden.jpg\",\"datePublished\":\"2025-09-02T15:33:37+00:00\",\"dateModified\":\"2026-03-25T14:55:55+00:00\",\"description\":\"D\u00e9couvrez le Katana Ninja Gaiden, la Dragon Sword de Ryu Hayabusa. Lame et garde en acier. Fourreau bois. Longueur totale: 103 cm. Id\u00e9al Cosplay et fans.\",\"breadcrumb\":{\"@id\":\"https:\\\/\\\/repliquemangacine.fr\\\/katana-et-epee-de-jeux-video-autre-jeux-video\\\/katana-ninja-gaiden\\\/#breadcrumb\"},\"inLanguage\":\"es\",\"potentialAction\":[{\"@type\":\"ReadAction\",\"target\":[\"https:\\\/\\\/repliquemangacine.fr\\\/katana-et-epee-de-jeux-video-autre-jeux-video\\\/katana-ninja-gaiden\\\/\"]}]},{\"@type\":\"ImageObject\",\"inLanguage\":\"es\",\"@id\":\"https:\\\/\\\/repliquemangacine.fr\\\/katana-et-epee-de-jeux-video-autre-jeux-video\\\/katana-ninja-gaiden\\\/#primaryimage\",\"url\":\"https:\\\/\\\/repliquemangacine.fr\\\/wp-content\\\/uploads\\\/2025\\\/09\\\/katana-ninja-gaiden.jpg\",\"contentUrl\":\"https:\\\/\\\/repliquemangacine.fr\\\/wp-content\\\/uploads\\\/2025\\\/09\\\/katana-ninja-gaiden.jpg\",\"width\":700,\"height\":700,\"caption\":\"Katana Ninja Gaiden\"},{\"@type\":\"BreadcrumbList\",\"@id\":\"https:\\\/\\\/repliquemangacine.fr\\\/katana-et-epee-de-jeux-video-autre-jeux-video\\\/katana-ninja-gaiden\\\/#breadcrumb\",\"itemListElement\":[{\"@type\":\"ListItem\",\"position\":1,\"name\":\"Accueil\",\"item\":\"https:\\\/\\\/repliquemangacine.fr\\\/\"},{\"@type\":\"ListItem\",\"position\":2,\"name\":\"Produits\",\"item\":\"https:\\\/\\\/repliquemangacine.fr\\\/boutique\\\/\"},{\"@type\":\"ListItem\",\"position\":3,\"name\":\"Katana Ninja Gaiden\"}]},{\"@type\":\"WebSite\",\"@id\":\"https:\\\/\\\/repliquemangacine.fr\\\/#website\",\"url\":\"https:\\\/\\\/repliquemangacine.fr\\\/\",\"name\":\"R\u00e9plique Manga Cin\u00e9\",\"description\":\"\",\"publisher\":{\"@id\":\"https:\\\/\\\/repliquemangacine.fr\\\/#organization\"},\"potentialAction\":[{\"@type\":\"SearchAction\",\"target\":{\"@type\":\"EntryPoint\",\"urlTemplate\":\"https:\\\/\\\/repliquemangacine.fr\\\/?s={search_term_string}\"},\"query-input\":{\"@type\":\"PropertyValueSpecification\",\"valueRequired\":true,\"valueName\":\"search_term_string\"}}],\"inLanguage\":\"es\"},{\"@type\":\"Organization\",\"@id\":\"https:\\\/\\\/repliquemangacine.fr\\\/#organization\",\"name\":\"R\u00e9plique Manga Cin\u00e9\",\"url\":\"https:\\\/\\\/repliquemangacine.fr\\\/\",\"logo\":{\"@type\":\"ImageObject\",\"inLanguage\":\"es\",\"@id\":\"https:\\\/\\\/repliquemangacine.fr\\\/#\\\/schema\\\/logo\\\/image\\\/\",\"url\":\"https:\\\/\\\/repliquemangacine.fr\\\/wp-content\\\/uploads\\\/2023\\\/10\\\/RMC-500250.png\",\"contentUrl\":\"https:\\\/\\\/repliquemangacine.fr\\\/wp-content\\\/uploads\\\/2023\\\/10\\\/RMC-500250.png\",\"width\":500,\"height\":250,\"caption\":\"R\u00e9plique Manga Cin\u00e9\"},\"image\":{\"@id\":\"https:\\\/\\\/repliquemangacine.fr\\\/#\\\/schema\\\/logo\\\/image\\\/\"},\"sameAs\":[\"https:\\\/\\\/www.facebook.com\\\/RepliqueMangaCine\",\"https:\\\/\\\/www.instagram.com\\\/repliquemangacine.fr\\\/\"]}]}<\/script>\n<!-- \/ Yoast SEO plugin. -->","yoast_head_json":{"title":"Katana Ninja Gaiden - R\u00e9plique Manga Cin\u00e9","description":"Descubre la Katana de Ninja Gaiden, la Espada del Drag\u00f3n de Ryu Hayabusa. Hoja y guarda de acero. Vaina de madera. Longitud total: 103 cm. Ideal para Cosplay y fans.","robots":{"index":"index","follow":"follow","max-snippet":"max-snippet:-1","max-image-preview":"max-image-preview:large","max-video-preview":"max-video-preview:-1"},"canonical":"https:\/\/repliquemangacine.fr\/es\/katana-y-espada-videojuego-otros-videojuegos\/katana-ninja-gaiden\/","og_locale":"es_ES","og_type":"article","og_title":"Katana Ninja Gaiden - R\u00e9plique Manga Cin\u00e9","og_description":"D\u00e9couvrez le Katana Ninja Gaiden, la Dragon Sword de Ryu Hayabusa. Lame et garde en acier. Fourreau bois. Longueur totale: 103 cm. Id\u00e9al Cosplay et fans.","og_url":"https:\/\/repliquemangacine.fr\/es\/katana-y-espada-videojuego-otros-videojuegos\/katana-ninja-gaiden\/","og_site_name":"R\u00e9plique Manga Cin\u00e9","article_publisher":"https:\/\/www.facebook.com\/RepliqueMangaCine","article_modified_time":"2026-03-25T14:55:55+00:00","og_image":[{"width":700,"height":700,"url":"https:\/\/repliquemangacine.fr\/wp-content\/uploads\/2025\/09\/katana-ninja-gaiden.jpg","type":"image\/jpeg"}],"twitter_card":"summary_large_image","twitter_misc":{"Tiempo de lectura":"3 minutos"},"schema":{"@context":"https:\/\/schema.org","@graph":[{"@type":"WebPage","@id":"https:\/\/repliquemangacine.fr\/katana-et-epee-de-jeux-video-autre-jeux-video\/katana-ninja-gaiden\/","url":"https:\/\/repliquemangacine.fr\/katana-et-epee-de-jeux-video-autre-jeux-video\/katana-ninja-gaiden\/","name":"Katana Ninja Gaiden - R\u00e9plique Manga Cin\u00e9","isPartOf":{"@id":"https:\/\/repliquemangacine.fr\/#website"},"primaryImageOfPage":{"@id":"https:\/\/repliquemangacine.fr\/katana-et-epee-de-jeux-video-autre-jeux-video\/katana-ninja-gaiden\/#primaryimage"},"image":{"@id":"https:\/\/repliquemangacine.fr\/katana-et-epee-de-jeux-video-autre-jeux-video\/katana-ninja-gaiden\/#primaryimage"},"thumbnailUrl":"https:\/\/repliquemangacine.fr\/wp-content\/uploads\/2025\/09\/katana-ninja-gaiden.jpg","datePublished":"2025-09-02T15:33:37+00:00","dateModified":"2026-03-25T14:55:55+00:00","description":"Descubre la Katana de Ninja Gaiden, la Espada del Drag\u00f3n de Ryu Hayabusa. Hoja y guarda de acero. Vaina de madera. Longitud total: 103 cm. Ideal para Cosplay y fans.","breadcrumb":{"@id":"https:\/\/repliquemangacine.fr\/katana-et-epee-de-jeux-video-autre-jeux-video\/katana-ninja-gaiden\/#breadcrumb"},"inLanguage":"es","potentialAction":[{"@type":"ReadAction","target":["https:\/\/repliquemangacine.fr\/katana-et-epee-de-jeux-video-autre-jeux-video\/katana-ninja-gaiden\/"]}]},{"@type":"ImageObject","inLanguage":"es","@id":"https:\/\/repliquemangacine.fr\/katana-et-epee-de-jeux-video-autre-jeux-video\/katana-ninja-gaiden\/#primaryimage","url":"https:\/\/repliquemangacine.fr\/wp-content\/uploads\/2025\/09\/katana-ninja-gaiden.jpg","contentUrl":"https:\/\/repliquemangacine.fr\/wp-content\/uploads\/2025\/09\/katana-ninja-gaiden.jpg","width":700,"height":700,"caption":"Katana Ninja Gaiden"},{"@type":"BreadcrumbList","@id":"https:\/\/repliquemangacine.fr\/katana-et-epee-de-jeux-video-autre-jeux-video\/katana-ninja-gaiden\/#breadcrumb","itemListElement":[{"@type":"ListItem","position":1,"name":"Accueil","item":"https:\/\/repliquemangacine.fr\/"},{"@type":"ListItem","position":2,"name":"Produits","item":"https:\/\/repliquemangacine.fr\/boutique\/"},{"@type":"ListItem","position":3,"name":"Katana Ninja Gaiden"}]},{"@type":"WebSite","@id":"https:\/\/repliquemangacine.fr\/#website","url":"https:\/\/repliquemangacine.fr\/","name":"R\u00e9plique Manga Cin\u00e9","description":"","publisher":{"@id":"https:\/\/repliquemangacine.fr\/#organization"},"potentialAction":[{"@type":"SearchAction","target":{"@type":"EntryPoint","urlTemplate":"https:\/\/repliquemangacine.fr\/?s={search_term_string}"},"query-input":{"@type":"PropertyValueSpecification","valueRequired":true,"valueName":"search_term_string"}}],"inLanguage":"es"},{"@type":"Organization","@id":"https:\/\/repliquemangacine.fr\/#organization","name":"R\u00e9plique Manga Cin\u00e9","url":"https:\/\/repliquemangacine.fr\/","logo":{"@type":"ImageObject","inLanguage":"es","@id":"https:\/\/repliquemangacine.fr\/#\/schema\/logo\/image\/","url":"https:\/\/repliquemangacine.fr\/wp-content\/uploads\/2023\/10\/RMC-500250.png","contentUrl":"https:\/\/repliquemangacine.fr\/wp-content\/uploads\/2023\/10\/RMC-500250.png","width":500,"height":250,"caption":"R\u00e9plique Manga Cin\u00e9"},"image":{"@id":"https:\/\/repliquemangacine.fr\/#\/schema\/logo\/image\/"},"sameAs":["https:\/\/www.facebook.com\/RepliqueMangaCine","https:\/\/www.instagram.com\/repliquemangacine.fr\/"]}]}},"_links":{"self":[{"href":"https:\/\/repliquemangacine.fr\/es\/wp-json\/wp\/v2\/product\/87979","targetHints":{"allow":["GET"]}}],"collection":[{"href":"https:\/\/repliquemangacine.fr\/es\/wp-json\/wp\/v2\/product"}],"about":[{"href":"https:\/\/repliquemangacine.fr\/es\/wp-json\/wp\/v2\/types\/product"}],"wp:featuredmedia":[{"embeddable":true,"href":"https:\/\/repliquemangacine.fr\/es\/wp-json\/wp\/v2\/media\/87980"}],"wp:attachment":[{"href":"https:\/\/repliquemangacine.fr\/es\/wp-json\/wp\/v2\/media?parent=87979"}],"wp:term":[{"taxonomy":"product_brand","embeddable":true,"href":"https:\/\/repliquemangacine.fr\/es\/wp-json\/wp\/v2\/product_brand?post=87979"},{"taxonomy":"product_cat","embeddable":true,"href":"https:\/\/repliquemangacine.fr\/es\/wp-json\/wp\/v2\/product_cat?post=87979"},{"taxonomy":"product_tag","embeddable":true,"href":"https:\/\/repliquemangacine.fr\/es\/wp-json\/wp\/v2\/product_tag?post=87979"}],"curies":[{"name":"wp","href":"https:\/\/api.w.org\/{rel}","templated":true}]}}