





{"id":87782,"date":"2025-08-26T19:53:41","date_gmt":"2025-08-26T17:53:41","guid":{"rendered":"https:\/\/repliquemangacine.fr\/?post_type=product&#038;p=87782"},"modified":"2026-02-19T11:28:54","modified_gmt":"2026-02-19T10:28:54","slug":"luger-p08-parabellum-nickele","status":"publish","type":"product","link":"https:\/\/repliquemangacine.fr\/es\/reproductions-armes-seconde-guerre-mondiale-denix\/luger-p08-parabellum-nickele\/","title":{"rendered":"Luger P08 Parabellum Niquelada"},"content":{"rendered":"<h2>Luger P08 Parabellum Nickel\u00e9: arma m\u00edtica y r\u00e9plica excepcional<\/h2>\n<p>Le <strong>Luger P08 Parabellum Niquelada<\/strong> Es una de las armas m\u00e1s emblem\u00e1ticas de la historia. Dise\u00f1ada por el ingeniero alem\u00e1n Georg Luger a finales del siglo XIX. Adoptada por el ej\u00e9rcito imperial alem\u00e1n en 1908, de ah\u00ed su denominaci\u00f3n P08. Reconocible entre mil gracias a su exclusivo sistema de cierre y su refinada est\u00e9tica. R\u00e1pidamente se impuso como un arma corta temible y prestigiosa.<\/p>\n<p>La r\u00e9plica Denix que ofrecemos reproduce fielmente este s\u00edmbolo hist\u00f3rico en una versi\u00f3n niquelada. Con un cromado brillante que realza cada detalle. Su carcasa de metal macizo, sus placas de culata de ABS moldeado y su mecanismo funcional permiten reproducir las sensaciones de carga y disparo sin peligro. Dotada de un cargador extra\u00edble, esta reproducci\u00f3n de 25,5 cm y 975 g combina realismo y elegancia, adem\u00e1s de estar libre de venta y no requerir autorizaci\u00f3n para su colecci\u00f3n.<\/p>\n<h2>El papel de la Luger P08 en la Segunda Guerra Mundial<\/h2>\n<p>Durante la Segunda Guerra Mundial, la Luger P08 se convirti\u00f3 en una de las pistolas m\u00e1s utilizadas en el ej\u00e9rcito alem\u00e1n. Aunque fue sustituida gradualmente por la Walther P38 a partir de 1938. Conserv\u00f3 un prestigio \u00fanico y fue llevada por muchos oficiales alemanes. De hecho, simbolizaba el prestigio y el poder militar de la <a href=\"https:\/\/encyclopedia.ushmm.org\/content\/fr\/article\/third-reich-an-overview\" target=\"_blank\" rel=\"noopener noreferrer\">Reich<\/a>.  Su precisi\u00f3n, fiabilidad y dise\u00f1o reconocible la convirtieron en un arma temida en el campo de batalla.<\/p>\n<p>La Luger P08 no solo era un arma, sino tambi\u00e9n un trofeo muy codiciado por los soldados aliados y los miembros de la resistencia, que la consideraban un bot\u00edn de guerra prestigioso. Adem\u00e1s, su silueta esbelta y su innovador sistema mec\u00e1nico dejaron una huella duradera en el imaginario colectivo. A\u00fan hoy se considera una de las pistolas m\u00e1s m\u00edticas del siglo XX. Gracias a Denix, esta r\u00e9plica niquelada permite a los coleccionistas y apasionados de la militaria acercarse a una parte de esta historia militar imprescindible.<\/p>\n<h2>Sum\u00e9rgete en el coraz\u00f3n de la Segunda Guerra Mundial con Denix<\/h2>\n<p>Nuestra tienda R\u00e9plique Manga Cin\u00e9 ofrece mucho m\u00e1s que el famoso <strong>Luger P08 Parabellum Niquelada<\/strong>. Ofrecemos una amplia gama de reproducciones Denix relacionadas con la Segunda Guerra Mundial. Cuando se trata de armamento alem\u00e1n, encontrar\u00e1 lo esencial <a href=\"https:\/\/repliquemangacine.fr\/es\/denix\/subametralladora-mp40\/\">MP40<\/a>la pistola ametralladora utilizada ampliamente por la Wehrmacht. Adem\u00e1s de la legendaria <a href=\"https:\/\/repliquemangacine.fr\/es\/reproduccion-armas-segunda-guerra-mundial-denix\/mg34-maschinengewehr-34\/\">Ametralladora MG34<\/a>, primera arma autom\u00e1tica moderna adoptada masivamente por el ej\u00e9rcito alem\u00e1n.<\/p>\n<p>Por el lado aliado, tambi\u00e9n ofrecemos reproducciones de armas ic\u00f3nicas como el <a href=\"https:\/\/repliquemangacine.fr\/es\/reproduccion-armas-segunda-guerra-mundial-denix\/m1-garand-patine-vieilli-denix\/\" target=\"_blank\" rel=\"noopener noreferrer\">Fusil Garand M1<\/a> en versi\u00f3n patinada y envejecida, utilizada por el ej\u00e9rcito estadounidense, o la pistola autom\u00e1tica <a href=\"https:\/\/repliquemangacine.fr\/es\/reproduccion-armas-segunda-guerra-mundial-denix\/pistola-automatica-m1911a1-con-patina-y-acabado-antiguo\/\" target=\"_blank\" rel=\"noopener noreferrer\">M1911A1<\/a>en varias versiones. Los aficionados a la historia militar brit\u00e1nica apreciar\u00e1n la <a href=\"https:\/\/repliquemangacine.fr\/es\/reproduccion-armas-segunda-guerra-mundial-denix\/lee-enfield-smle-mark-iii-rifle-ingles\/\" target=\"_blank\" rel=\"noopener noreferrer\">Fusil Lee-Enfield SMLE Mark III<\/a>la principal arma de las fuerzas brit\u00e1nicas. Cada r\u00e9plica Denix combina una impresionante atenci\u00f3n al detalle con una calidad de construcci\u00f3n ejemplar. Ofrecemos una selecci\u00f3n muy amplia de r\u00e9plicas militarias. Ofrecemos a los coleccionistas un viaje a trav\u00e9s de la historia del siglo XX.<\/p>","protected":false},"excerpt":{"rendered":"<p>Magn\u00edfica reproducci\u00f3n de la pistola Luger P08 Parabellum niquelada de Denix.<\/p>\n<ul>\n<li>Armaz\u00f3n de metal cromado brillante<\/li>\n<li>Placas de culata ABS moldeadas<\/li>\n<li>Mecanismo funcional para simular la carga y el disparo<\/li>\n<li>Cargador extra\u00edble<\/li>\n<li>No se requiere autorizaci\u00f3n. Venta y posesi\u00f3n libres.<\/li>\n<li>Longitud total: 25,5 cm - Peso: 975 gr<\/li>\n<\/ul>","protected":false},"featured_media":87783,"template":"","meta":[],"product_brand":[896],"product_cat":[102,54,40,76],"product_tag":[],"class_list":{"0":"post-87782","1":"product","2":"type-product","3":"status-publish","4":"has-post-thumbnail","6":"product_brand-replique-manga-cine","7":"product_cat-denix","8":"product_cat-armes-accessoires-guerre-mondiale","9":"product_cat-pistolet-moderne","10":"product_cat-reproductions-armes-seconde-guerre-mondiale-denix","12":"first","13":"instock","14":"taxable","15":"shipping-taxable","16":"purchasable","17":"product-type-simple"},"yoast_head":"<!-- This site is optimized with the Yoast SEO plugin v27.4 - https:\/\/yoast.com\/product\/yoast-seo-wordpress\/ -->\n<title>Luger P08 Parabellum Nickel\u00e9 - R\u00e9plique Manga Cin\u00e9<\/title>\n<meta name=\"description\" content=\"R\u00e9plique du Luger P08 Parabellum Nickel\u00e9. Arme allemande mythique, chrome brillant, m\u00e9canisme fonctionnel. Collection militaire Seconde Guerre mondiale.\" \/>\n<meta name=\"robots\" content=\"index, follow, max-snippet:-1, max-image-preview:large, max-video-preview:-1\" \/>\n<link rel=\"canonical\" href=\"https:\/\/repliquemangacine.fr\/es\/reproduccion-armas-segunda-guerra-mundial-denix\/luger-p08-parabellum-nickele\/\" \/>\n<meta property=\"og:locale\" content=\"es_ES\" \/>\n<meta property=\"og:type\" content=\"article\" \/>\n<meta property=\"og:title\" content=\"Luger P08 Parabellum Nickel\u00e9 - R\u00e9plique Manga Cin\u00e9\" \/>\n<meta property=\"og:description\" content=\"R\u00e9plique du Luger P08 Parabellum Nickel\u00e9. Arme allemande mythique, chrome brillant, m\u00e9canisme fonctionnel. Collection militaire Seconde Guerre mondiale.\" \/>\n<meta property=\"og:url\" content=\"https:\/\/repliquemangacine.fr\/es\/reproduccion-armas-segunda-guerra-mundial-denix\/luger-p08-parabellum-nickele\/\" \/>\n<meta property=\"og:site_name\" content=\"R\u00e9plique Manga Cin\u00e9\" \/>\n<meta property=\"article:publisher\" content=\"https:\/\/www.facebook.com\/RepliqueMangaCine\" \/>\n<meta property=\"article:modified_time\" content=\"2026-02-19T10:28:54+00:00\" \/>\n<meta property=\"og:image\" content=\"https:\/\/repliquemangacine.fr\/wp-content\/uploads\/2025\/08\/Luger-P08-Parabellum-Nickele-Denix.jpg\" \/>\n\t<meta property=\"og:image:width\" content=\"700\" \/>\n\t<meta property=\"og:image:height\" content=\"700\" \/>\n\t<meta property=\"og:image:type\" content=\"image\/jpeg\" \/>\n<meta name=\"twitter:card\" content=\"summary_large_image\" \/>\n<meta name=\"twitter:label1\" content=\"Tiempo de lectura\" \/>\n\t<meta name=\"twitter:data1\" content=\"3 minutos\" \/>\n<script type=\"application\/ld+json\" class=\"yoast-schema-graph\">{\"@context\":\"https:\\\/\\\/schema.org\",\"@graph\":[{\"@type\":\"WebPage\",\"@id\":\"https:\\\/\\\/repliquemangacine.fr\\\/reproductions-armes-seconde-guerre-mondiale-denix\\\/luger-p08-parabellum-nickele\\\/\",\"url\":\"https:\\\/\\\/repliquemangacine.fr\\\/reproductions-armes-seconde-guerre-mondiale-denix\\\/luger-p08-parabellum-nickele\\\/\",\"name\":\"Luger P08 Parabellum Nickel\u00e9 - R\u00e9plique Manga Cin\u00e9\",\"isPartOf\":{\"@id\":\"https:\\\/\\\/repliquemangacine.fr\\\/#website\"},\"primaryImageOfPage\":{\"@id\":\"https:\\\/\\\/repliquemangacine.fr\\\/reproductions-armes-seconde-guerre-mondiale-denix\\\/luger-p08-parabellum-nickele\\\/#primaryimage\"},\"image\":{\"@id\":\"https:\\\/\\\/repliquemangacine.fr\\\/reproductions-armes-seconde-guerre-mondiale-denix\\\/luger-p08-parabellum-nickele\\\/#primaryimage\"},\"thumbnailUrl\":\"https:\\\/\\\/repliquemangacine.fr\\\/wp-content\\\/uploads\\\/2025\\\/08\\\/Luger-P08-Parabellum-Nickele-Denix.jpg\",\"datePublished\":\"2025-08-26T17:53:41+00:00\",\"dateModified\":\"2026-02-19T10:28:54+00:00\",\"description\":\"R\u00e9plique du Luger P08 Parabellum Nickel\u00e9. Arme allemande mythique, chrome brillant, m\u00e9canisme fonctionnel. Collection militaire Seconde Guerre mondiale.\",\"breadcrumb\":{\"@id\":\"https:\\\/\\\/repliquemangacine.fr\\\/reproductions-armes-seconde-guerre-mondiale-denix\\\/luger-p08-parabellum-nickele\\\/#breadcrumb\"},\"inLanguage\":\"es\",\"potentialAction\":[{\"@type\":\"ReadAction\",\"target\":[\"https:\\\/\\\/repliquemangacine.fr\\\/reproductions-armes-seconde-guerre-mondiale-denix\\\/luger-p08-parabellum-nickele\\\/\"]}]},{\"@type\":\"ImageObject\",\"inLanguage\":\"es\",\"@id\":\"https:\\\/\\\/repliquemangacine.fr\\\/reproductions-armes-seconde-guerre-mondiale-denix\\\/luger-p08-parabellum-nickele\\\/#primaryimage\",\"url\":\"https:\\\/\\\/repliquemangacine.fr\\\/wp-content\\\/uploads\\\/2025\\\/08\\\/Luger-P08-Parabellum-Nickele-Denix.jpg\",\"contentUrl\":\"https:\\\/\\\/repliquemangacine.fr\\\/wp-content\\\/uploads\\\/2025\\\/08\\\/Luger-P08-Parabellum-Nickele-Denix.jpg\",\"width\":700,\"height\":700,\"caption\":\"Luger P08 Parabellum Nickel\u00e9 Denix\"},{\"@type\":\"BreadcrumbList\",\"@id\":\"https:\\\/\\\/repliquemangacine.fr\\\/reproductions-armes-seconde-guerre-mondiale-denix\\\/luger-p08-parabellum-nickele\\\/#breadcrumb\",\"itemListElement\":[{\"@type\":\"ListItem\",\"position\":1,\"name\":\"Accueil\",\"item\":\"https:\\\/\\\/repliquemangacine.fr\\\/\"},{\"@type\":\"ListItem\",\"position\":2,\"name\":\"Produits\",\"item\":\"https:\\\/\\\/repliquemangacine.fr\\\/boutique\\\/\"},{\"@type\":\"ListItem\",\"position\":3,\"name\":\"Luger P08 Parabellum Nickel\u00e9\"}]},{\"@type\":\"WebSite\",\"@id\":\"https:\\\/\\\/repliquemangacine.fr\\\/#website\",\"url\":\"https:\\\/\\\/repliquemangacine.fr\\\/\",\"name\":\"R\u00e9plique Manga Cin\u00e9\",\"description\":\"\",\"publisher\":{\"@id\":\"https:\\\/\\\/repliquemangacine.fr\\\/#organization\"},\"potentialAction\":[{\"@type\":\"SearchAction\",\"target\":{\"@type\":\"EntryPoint\",\"urlTemplate\":\"https:\\\/\\\/repliquemangacine.fr\\\/?s={search_term_string}\"},\"query-input\":{\"@type\":\"PropertyValueSpecification\",\"valueRequired\":true,\"valueName\":\"search_term_string\"}}],\"inLanguage\":\"es\"},{\"@type\":\"Organization\",\"@id\":\"https:\\\/\\\/repliquemangacine.fr\\\/#organization\",\"name\":\"R\u00e9plique Manga Cin\u00e9\",\"url\":\"https:\\\/\\\/repliquemangacine.fr\\\/\",\"logo\":{\"@type\":\"ImageObject\",\"inLanguage\":\"es\",\"@id\":\"https:\\\/\\\/repliquemangacine.fr\\\/#\\\/schema\\\/logo\\\/image\\\/\",\"url\":\"https:\\\/\\\/repliquemangacine.fr\\\/wp-content\\\/uploads\\\/2023\\\/10\\\/RMC-500250.png\",\"contentUrl\":\"https:\\\/\\\/repliquemangacine.fr\\\/wp-content\\\/uploads\\\/2023\\\/10\\\/RMC-500250.png\",\"width\":500,\"height\":250,\"caption\":\"R\u00e9plique Manga Cin\u00e9\"},\"image\":{\"@id\":\"https:\\\/\\\/repliquemangacine.fr\\\/#\\\/schema\\\/logo\\\/image\\\/\"},\"sameAs\":[\"https:\\\/\\\/www.facebook.com\\\/RepliqueMangaCine\",\"https:\\\/\\\/www.instagram.com\\\/repliquemangacine.fr\\\/\"]}]}<\/script>\n<!-- \/ Yoast SEO plugin. -->","yoast_head_json":{"title":"Luger P08 Parabellum Niquelada - R\u00e9plique Manga Cin\u00e9","description":"R\u00e9plica de la Luger P08 Parabellum Niquelada. M\u00edtica arma alemana, cromo brillante, mecanismo funcional. Colecci\u00f3n militar de la Segunda Guerra Mundial.","robots":{"index":"index","follow":"follow","max-snippet":"max-snippet:-1","max-image-preview":"max-image-preview:large","max-video-preview":"max-video-preview:-1"},"canonical":"https:\/\/repliquemangacine.fr\/es\/reproduccion-armas-segunda-guerra-mundial-denix\/luger-p08-parabellum-nickele\/","og_locale":"es_ES","og_type":"article","og_title":"Luger P08 Parabellum Nickel\u00e9 - R\u00e9plique Manga Cin\u00e9","og_description":"R\u00e9plique du Luger P08 Parabellum Nickel\u00e9. Arme allemande mythique, chrome brillant, m\u00e9canisme fonctionnel. Collection militaire Seconde Guerre mondiale.","og_url":"https:\/\/repliquemangacine.fr\/es\/reproduccion-armas-segunda-guerra-mundial-denix\/luger-p08-parabellum-nickele\/","og_site_name":"R\u00e9plique Manga Cin\u00e9","article_publisher":"https:\/\/www.facebook.com\/RepliqueMangaCine","article_modified_time":"2026-02-19T10:28:54+00:00","og_image":[{"width":700,"height":700,"url":"https:\/\/repliquemangacine.fr\/wp-content\/uploads\/2025\/08\/Luger-P08-Parabellum-Nickele-Denix.jpg","type":"image\/jpeg"}],"twitter_card":"summary_large_image","twitter_misc":{"Tiempo de lectura":"3 minutos"},"schema":{"@context":"https:\/\/schema.org","@graph":[{"@type":"WebPage","@id":"https:\/\/repliquemangacine.fr\/reproductions-armes-seconde-guerre-mondiale-denix\/luger-p08-parabellum-nickele\/","url":"https:\/\/repliquemangacine.fr\/reproductions-armes-seconde-guerre-mondiale-denix\/luger-p08-parabellum-nickele\/","name":"Luger P08 Parabellum Niquelada - R\u00e9plique Manga Cin\u00e9","isPartOf":{"@id":"https:\/\/repliquemangacine.fr\/#website"},"primaryImageOfPage":{"@id":"https:\/\/repliquemangacine.fr\/reproductions-armes-seconde-guerre-mondiale-denix\/luger-p08-parabellum-nickele\/#primaryimage"},"image":{"@id":"https:\/\/repliquemangacine.fr\/reproductions-armes-seconde-guerre-mondiale-denix\/luger-p08-parabellum-nickele\/#primaryimage"},"thumbnailUrl":"https:\/\/repliquemangacine.fr\/wp-content\/uploads\/2025\/08\/Luger-P08-Parabellum-Nickele-Denix.jpg","datePublished":"2025-08-26T17:53:41+00:00","dateModified":"2026-02-19T10:28:54+00:00","description":"R\u00e9plica de la Luger P08 Parabellum Niquelada. M\u00edtica arma alemana, cromo brillante, mecanismo funcional. Colecci\u00f3n militar de la Segunda Guerra Mundial.","breadcrumb":{"@id":"https:\/\/repliquemangacine.fr\/reproductions-armes-seconde-guerre-mondiale-denix\/luger-p08-parabellum-nickele\/#breadcrumb"},"inLanguage":"es","potentialAction":[{"@type":"ReadAction","target":["https:\/\/repliquemangacine.fr\/reproductions-armes-seconde-guerre-mondiale-denix\/luger-p08-parabellum-nickele\/"]}]},{"@type":"ImageObject","inLanguage":"es","@id":"https:\/\/repliquemangacine.fr\/reproductions-armes-seconde-guerre-mondiale-denix\/luger-p08-parabellum-nickele\/#primaryimage","url":"https:\/\/repliquemangacine.fr\/wp-content\/uploads\/2025\/08\/Luger-P08-Parabellum-Nickele-Denix.jpg","contentUrl":"https:\/\/repliquemangacine.fr\/wp-content\/uploads\/2025\/08\/Luger-P08-Parabellum-Nickele-Denix.jpg","width":700,"height":700,"caption":"Luger P08 Parabellum Nickel\u00e9 Denix"},{"@type":"BreadcrumbList","@id":"https:\/\/repliquemangacine.fr\/reproductions-armes-seconde-guerre-mondiale-denix\/luger-p08-parabellum-nickele\/#breadcrumb","itemListElement":[{"@type":"ListItem","position":1,"name":"Accueil","item":"https:\/\/repliquemangacine.fr\/"},{"@type":"ListItem","position":2,"name":"Produits","item":"https:\/\/repliquemangacine.fr\/boutique\/"},{"@type":"ListItem","position":3,"name":"Luger P08 Parabellum Nickel\u00e9"}]},{"@type":"WebSite","@id":"https:\/\/repliquemangacine.fr\/#website","url":"https:\/\/repliquemangacine.fr\/","name":"R\u00e9plique Manga Cin\u00e9","description":"","publisher":{"@id":"https:\/\/repliquemangacine.fr\/#organization"},"potentialAction":[{"@type":"SearchAction","target":{"@type":"EntryPoint","urlTemplate":"https:\/\/repliquemangacine.fr\/?s={search_term_string}"},"query-input":{"@type":"PropertyValueSpecification","valueRequired":true,"valueName":"search_term_string"}}],"inLanguage":"es"},{"@type":"Organization","@id":"https:\/\/repliquemangacine.fr\/#organization","name":"R\u00e9plique Manga Cin\u00e9","url":"https:\/\/repliquemangacine.fr\/","logo":{"@type":"ImageObject","inLanguage":"es","@id":"https:\/\/repliquemangacine.fr\/#\/schema\/logo\/image\/","url":"https:\/\/repliquemangacine.fr\/wp-content\/uploads\/2023\/10\/RMC-500250.png","contentUrl":"https:\/\/repliquemangacine.fr\/wp-content\/uploads\/2023\/10\/RMC-500250.png","width":500,"height":250,"caption":"R\u00e9plique Manga Cin\u00e9"},"image":{"@id":"https:\/\/repliquemangacine.fr\/#\/schema\/logo\/image\/"},"sameAs":["https:\/\/www.facebook.com\/RepliqueMangaCine","https:\/\/www.instagram.com\/repliquemangacine.fr\/"]}]}},"_links":{"self":[{"href":"https:\/\/repliquemangacine.fr\/es\/wp-json\/wp\/v2\/product\/87782","targetHints":{"allow":["GET"]}}],"collection":[{"href":"https:\/\/repliquemangacine.fr\/es\/wp-json\/wp\/v2\/product"}],"about":[{"href":"https:\/\/repliquemangacine.fr\/es\/wp-json\/wp\/v2\/types\/product"}],"wp:featuredmedia":[{"embeddable":true,"href":"https:\/\/repliquemangacine.fr\/es\/wp-json\/wp\/v2\/media\/87783"}],"wp:attachment":[{"href":"https:\/\/repliquemangacine.fr\/es\/wp-json\/wp\/v2\/media?parent=87782"}],"wp:term":[{"taxonomy":"product_brand","embeddable":true,"href":"https:\/\/repliquemangacine.fr\/es\/wp-json\/wp\/v2\/product_brand?post=87782"},{"taxonomy":"product_cat","embeddable":true,"href":"https:\/\/repliquemangacine.fr\/es\/wp-json\/wp\/v2\/product_cat?post=87782"},{"taxonomy":"product_tag","embeddable":true,"href":"https:\/\/repliquemangacine.fr\/es\/wp-json\/wp\/v2\/product_tag?post=87782"}],"curies":[{"name":"wp","href":"https:\/\/api.w.org\/{rel}","templated":true}]}}