





{"id":87240,"date":"2025-08-10T16:02:50","date_gmt":"2025-08-10T14:02:50","guid":{"rendered":"https:\/\/repliquemangacine.fr\/?post_type=product&#038;p=87240"},"modified":"2025-11-12T23:25:21","modified_gmt":"2025-11-12T22:25:21","slug":"thranduil-el-hobbit-espada-de-elfo","status":"publish","type":"product","link":"https:\/\/repliquemangacine.fr\/es\/epees-the-hobbit\/epee-elfique-thranduil-the-hobbit-sabre-elfique\/","title":{"rendered":"Espada \u00e9lfica Thranduil - El Hobbit"},"content":{"rendered":"<h2>Thranduil Elven Sword: una r\u00e9plica excepcional<\/h2>\n<p>En primer lugar, la espada \u00e9lfica Thranduil encarna a la perfecci\u00f3n la elegancia y el poder de este carism\u00e1tico soberano. Seduce inmediatamente por su refinado dise\u00f1o y su calidad de fabricaci\u00f3n. Forjada en un estilo puramente \u00e9lfico, esta arma se distingue por su hoja de acero inoxidable. Finamente grabada con motivos inspirados en las hojas, que dan testimonio del profundo v\u00ednculo entre los elfos y la naturaleza. En la parte superior, una inserci\u00f3n de ABS con una forma espec\u00edfica refuerza su aspecto \u00fanico. La empu\u00f1adura de ABS moldeado, adornada con elegantes decoraciones, garantiza un agarre c\u00f3modo y realza la est\u00e9tica general.<\/p>\n<p>Cada detalle refleja la artesan\u00eda \u00e9lfica. Se entrega con un soporte de pared de madera decorado, ideal para exhibir con orgullo esta emblem\u00e1tica arma en tu hogar. Como r\u00e9plica, esta espada seduce tanto a coleccionistas como a apasionados del universo de Tolkien. Se convierte r\u00e1pidamente en una pieza central, para exhibir con orgullo en un hogar, una oficina o una sala dedicada a la fantas\u00eda.<\/p>\n<h2>El arma emblem\u00e1tica del rey Thranduil en El Hobbit<\/h2>\n<p>Para empezar, Thranduil Verdehoja es un elfo Sinda, rey del Reino Silvestre y padre de Legolas. Es hijo de Oropher, primer rey de los elfos del Bosque Negro en la Segunda Edad. En 3434 de la Segunda Edad, participa junto a \u00e9l en la batalla de Dagorlad. Oropher pierde la vida all\u00ed, lo que convierte a Thranduil en el nuevo rey de los elfos de Bosque Verde el Grande.<\/p>\n<p>En la trilog\u00eda El Hobbit, el rey Thranduil maneja esta espada con una destreza desconcertante, combinando rapidez y precisi\u00f3n para derrotar a sus enemigos. Adem\u00e1s, su dise\u00f1o depurado, pero rico en detalles, refleja el equilibrio perfecto entre gracia y letalidad. De hecho, s\u00edmbolo de poder y nobleza, encarna la autoridad y el refinamiento del soberano de los Elfos del Bosque Negro. Su dise\u00f1o esbelto y sus delicados grabados recuerdan la herencia y la tradici\u00f3n de los guerreros elfos. <br class=\"yoast-text-mark\" \/>En conclusi\u00f3n, poseer esta r\u00e9plica no s\u00f3lo es celebrar un momento decisivo en el mundo del <a href=\"https:\/\/lotr.fandom.com\/fr\/wiki\/J._R._R._Tolkien\" target=\"_blank\" rel=\"noopener noreferrer\">Tolkien<\/a>Pero tambi\u00e9n es un homenaje a uno de los personajes m\u00e1s carism\u00e1ticos de la saga.<\/p>\n<h2>Otras armas \u00e9lficas disponibles en R\u00e9plique Manga Cin\u00e9<\/h2>\n<p>En R\u00e9plique Manga Cin\u00e9, la magia de las Tierras Medias cobra vida con nuestra exclusiva colecci\u00f3n de armas elfas y legendarias. Adem\u00e1s de la elegante espada de Thranduil, descubre la <a href=\"https:\/\/repliquemangacine.fr\/es\/las-espadas-del-hobbit\/tauriel-daga-el-hobbit\/\" target=\"_blank\" rel=\"noopener noreferrer\">Dagas de Tauriel<\/a>r\u00e1pida y n\u00edtida. Tambi\u00e9n est\u00e1 el impresionante<a href=\"https:\/\/repliquemangacine.fr\/es\/las-espadas-del-hobbit\/espada-orcrist-espada-thorin\/\" target=\"_blank\" rel=\"noopener noreferrer\"> La espada Orcrist de Thorin<\/a> con su singular estilo enano. Tambi\u00e9n encontrar\u00e1 el<a href=\"https:\/\/repliquemangacine.fr\/es\/las-espadas-del-hobbit\/kili-la-espada-del-hobbit\/\" target=\"_blank\" rel=\"noopener noreferrer\">Espada Kili<\/a> y el<a href=\"https:\/\/repliquemangacine.fr\/es\/las-espadas-del-hobbit\/bardo-la-espada-del-hobbit\/\" target=\"_blank\" rel=\"noopener noreferrer\">Espada de bardo<\/a>, ambas cargadas de historia y valent\u00eda.<\/p>\n<p>Cada r\u00e9plica se distingue por sus cuidados acabados, sus grabados inspirados en la naturaleza y sus materiales de alta calidad. Ofreciendo a cada coleccionista un objeto digno de las m\u00e1s grandes leyendas. Gracias a su perfecto equilibrio y sus elegantes l\u00edneas, estas armas no son solo decorativas: encarnan el legado, la artesan\u00eda y la fuerza de los h\u00e9roes de la Tierra Media.<\/p>","protected":false},"excerpt":{"rendered":"<p>Magn\u00edfica r\u00e9plica de la espada \u00e9lfica de Thranduil en la trilog\u00eda de El Hobbit<\/p>\n<ul>\n<li>Hoja de acero inoxidable 440 con grabado<\/li>\n<li>Inserto de ABS con forma especial en la parte superior de la hoja<\/li>\n<li>Mango de ABS moldeado decorado con grabados dorados.<\/li>\n<li>Se entrega con un soporte de madera decorado.<\/li>\n<li>Longitud de la hoja: 75,5 cm - Longitud total: 100 cm<\/li>\n<\/ul>","protected":false},"featured_media":87245,"template":"","meta":[],"product_brand":[896],"product_cat":[69,35],"product_tag":[],"class_list":{"0":"post-87240","1":"product","2":"type-product","3":"status-publish","4":"has-post-thumbnail","6":"product_brand-replique-manga-cine","7":"product_cat-epees-the-hobbit","8":"product_cat-epee-et-bijoux-the-hobbit","10":"first","11":"instock","12":"taxable","13":"shipping-taxable","14":"purchasable","15":"product-type-simple"},"yoast_head":"<!-- This site is optimized with the Yoast SEO plugin v27.4 - https:\/\/yoast.com\/product\/yoast-seo-wordpress\/ -->\n<title>\u00c9p\u00e9e Elfique Thranduil \u2013 The Hobbit - R\u00e9plique Manga Cin\u00e9<\/title>\n<meta name=\"description\" content=\"\u00c9p\u00e9e Elfique Thranduil verion luxe en acier grav\u00e9, inspir\u00e9e de The Hobbit. \u00c9l\u00e9gance elfique, d\u00e9tails soign\u00e9s et support mural d\u00e9cor\u00e9 inclus.\" \/>\n<meta name=\"robots\" content=\"index, follow, max-snippet:-1, max-image-preview:large, max-video-preview:-1\" \/>\n<link rel=\"canonical\" href=\"https:\/\/repliquemangacine.fr\/es\/las-espadas-del-hobbit\/thranduil-el-hobbit-espada-de-elfo\/\" \/>\n<meta property=\"og:locale\" content=\"es_ES\" \/>\n<meta property=\"og:type\" content=\"article\" \/>\n<meta property=\"og:title\" content=\"\u00c9p\u00e9e Elfique Thranduil \u2013 The Hobbit - R\u00e9plique Manga Cin\u00e9\" \/>\n<meta property=\"og:description\" content=\"\u00c9p\u00e9e Elfique Thranduil verion luxe en acier grav\u00e9, inspir\u00e9e de The Hobbit. \u00c9l\u00e9gance elfique, d\u00e9tails soign\u00e9s et support mural d\u00e9cor\u00e9 inclus.\" \/>\n<meta property=\"og:url\" content=\"https:\/\/repliquemangacine.fr\/es\/las-espadas-del-hobbit\/thranduil-el-hobbit-espada-de-elfo\/\" \/>\n<meta property=\"og:site_name\" content=\"R\u00e9plique Manga Cin\u00e9\" \/>\n<meta property=\"article:publisher\" content=\"https:\/\/www.facebook.com\/RepliqueMangaCine\" \/>\n<meta property=\"article:modified_time\" content=\"2025-11-12T22:25:21+00:00\" \/>\n<meta property=\"og:image\" content=\"https:\/\/repliquemangacine.fr\/wp-content\/uploads\/2025\/08\/Epee-Elfe-Thranduil.jpg\" \/>\n\t<meta property=\"og:image:width\" content=\"700\" \/>\n\t<meta property=\"og:image:height\" content=\"700\" \/>\n\t<meta property=\"og:image:type\" content=\"image\/jpeg\" \/>\n<meta name=\"twitter:card\" content=\"summary_large_image\" \/>\n<meta name=\"twitter:label1\" content=\"Tiempo de lectura\" \/>\n\t<meta name=\"twitter:data1\" content=\"3 minutos\" \/>\n<script type=\"application\/ld+json\" class=\"yoast-schema-graph\">{\"@context\":\"https:\\\/\\\/schema.org\",\"@graph\":[{\"@type\":\"WebPage\",\"@id\":\"https:\\\/\\\/repliquemangacine.fr\\\/epees-the-hobbit\\\/epee-elfique-thranduil-the-hobbit-sabre-elfique\\\/\",\"url\":\"https:\\\/\\\/repliquemangacine.fr\\\/epees-the-hobbit\\\/epee-elfique-thranduil-the-hobbit-sabre-elfique\\\/\",\"name\":\"\u00c9p\u00e9e Elfique Thranduil \u2013 The Hobbit - R\u00e9plique Manga Cin\u00e9\",\"isPartOf\":{\"@id\":\"https:\\\/\\\/repliquemangacine.fr\\\/#website\"},\"primaryImageOfPage\":{\"@id\":\"https:\\\/\\\/repliquemangacine.fr\\\/epees-the-hobbit\\\/epee-elfique-thranduil-the-hobbit-sabre-elfique\\\/#primaryimage\"},\"image\":{\"@id\":\"https:\\\/\\\/repliquemangacine.fr\\\/epees-the-hobbit\\\/epee-elfique-thranduil-the-hobbit-sabre-elfique\\\/#primaryimage\"},\"thumbnailUrl\":\"https:\\\/\\\/repliquemangacine.fr\\\/wp-content\\\/uploads\\\/2025\\\/08\\\/Epee-Elfe-Thranduil.jpg\",\"datePublished\":\"2025-08-10T14:02:50+00:00\",\"dateModified\":\"2025-11-12T22:25:21+00:00\",\"description\":\"\u00c9p\u00e9e Elfique Thranduil verion luxe en acier grav\u00e9, inspir\u00e9e de The Hobbit. \u00c9l\u00e9gance elfique, d\u00e9tails soign\u00e9s et support mural d\u00e9cor\u00e9 inclus.\",\"breadcrumb\":{\"@id\":\"https:\\\/\\\/repliquemangacine.fr\\\/epees-the-hobbit\\\/epee-elfique-thranduil-the-hobbit-sabre-elfique\\\/#breadcrumb\"},\"inLanguage\":\"es\",\"potentialAction\":[{\"@type\":\"ReadAction\",\"target\":[\"https:\\\/\\\/repliquemangacine.fr\\\/epees-the-hobbit\\\/epee-elfique-thranduil-the-hobbit-sabre-elfique\\\/\"]}]},{\"@type\":\"ImageObject\",\"inLanguage\":\"es\",\"@id\":\"https:\\\/\\\/repliquemangacine.fr\\\/epees-the-hobbit\\\/epee-elfique-thranduil-the-hobbit-sabre-elfique\\\/#primaryimage\",\"url\":\"https:\\\/\\\/repliquemangacine.fr\\\/wp-content\\\/uploads\\\/2025\\\/08\\\/Epee-Elfe-Thranduil.jpg\",\"contentUrl\":\"https:\\\/\\\/repliquemangacine.fr\\\/wp-content\\\/uploads\\\/2025\\\/08\\\/Epee-Elfe-Thranduil.jpg\",\"width\":700,\"height\":700,\"caption\":\"\u00c9p\u00e9e Elfique Thranduil-The Hobbit\"},{\"@type\":\"BreadcrumbList\",\"@id\":\"https:\\\/\\\/repliquemangacine.fr\\\/epees-the-hobbit\\\/epee-elfique-thranduil-the-hobbit-sabre-elfique\\\/#breadcrumb\",\"itemListElement\":[{\"@type\":\"ListItem\",\"position\":1,\"name\":\"Accueil\",\"item\":\"https:\\\/\\\/repliquemangacine.fr\\\/\"},{\"@type\":\"ListItem\",\"position\":2,\"name\":\"Produits\",\"item\":\"https:\\\/\\\/repliquemangacine.fr\\\/boutique\\\/\"},{\"@type\":\"ListItem\",\"position\":3,\"name\":\"\u00c9p\u00e9e Elfique Thranduil \u2013 The Hobbit\"}]},{\"@type\":\"WebSite\",\"@id\":\"https:\\\/\\\/repliquemangacine.fr\\\/#website\",\"url\":\"https:\\\/\\\/repliquemangacine.fr\\\/\",\"name\":\"R\u00e9plique Manga Cin\u00e9\",\"description\":\"\",\"publisher\":{\"@id\":\"https:\\\/\\\/repliquemangacine.fr\\\/#organization\"},\"potentialAction\":[{\"@type\":\"SearchAction\",\"target\":{\"@type\":\"EntryPoint\",\"urlTemplate\":\"https:\\\/\\\/repliquemangacine.fr\\\/?s={search_term_string}\"},\"query-input\":{\"@type\":\"PropertyValueSpecification\",\"valueRequired\":true,\"valueName\":\"search_term_string\"}}],\"inLanguage\":\"es\"},{\"@type\":\"Organization\",\"@id\":\"https:\\\/\\\/repliquemangacine.fr\\\/#organization\",\"name\":\"R\u00e9plique Manga Cin\u00e9\",\"url\":\"https:\\\/\\\/repliquemangacine.fr\\\/\",\"logo\":{\"@type\":\"ImageObject\",\"inLanguage\":\"es\",\"@id\":\"https:\\\/\\\/repliquemangacine.fr\\\/#\\\/schema\\\/logo\\\/image\\\/\",\"url\":\"https:\\\/\\\/repliquemangacine.fr\\\/wp-content\\\/uploads\\\/2023\\\/10\\\/RMC-500250.png\",\"contentUrl\":\"https:\\\/\\\/repliquemangacine.fr\\\/wp-content\\\/uploads\\\/2023\\\/10\\\/RMC-500250.png\",\"width\":500,\"height\":250,\"caption\":\"R\u00e9plique Manga Cin\u00e9\"},\"image\":{\"@id\":\"https:\\\/\\\/repliquemangacine.fr\\\/#\\\/schema\\\/logo\\\/image\\\/\"},\"sameAs\":[\"https:\\\/\\\/www.facebook.com\\\/RepliqueMangaCine\",\"https:\\\/\\\/www.instagram.com\\\/repliquemangacine.fr\\\/\"]}]}<\/script>\n<!-- \/ Yoast SEO plugin. -->","yoast_head_json":{"title":"Espada \u00e9lfica Thranduil - El Hobbit - R\u00e9plique Manga Cin\u00e9","description":"Espada \u00e9lfica de lujo Thranduil verion en acero grabado, inspirada en El Hobbit. Elegancia \u00e9lfica, detalles minuciosos y soporte de pared decorado incluidos.","robots":{"index":"index","follow":"follow","max-snippet":"max-snippet:-1","max-image-preview":"max-image-preview:large","max-video-preview":"max-video-preview:-1"},"canonical":"https:\/\/repliquemangacine.fr\/es\/las-espadas-del-hobbit\/thranduil-el-hobbit-espada-de-elfo\/","og_locale":"es_ES","og_type":"article","og_title":"\u00c9p\u00e9e Elfique Thranduil \u2013 The Hobbit - R\u00e9plique Manga Cin\u00e9","og_description":"\u00c9p\u00e9e Elfique Thranduil verion luxe en acier grav\u00e9, inspir\u00e9e de The Hobbit. \u00c9l\u00e9gance elfique, d\u00e9tails soign\u00e9s et support mural d\u00e9cor\u00e9 inclus.","og_url":"https:\/\/repliquemangacine.fr\/es\/las-espadas-del-hobbit\/thranduil-el-hobbit-espada-de-elfo\/","og_site_name":"R\u00e9plique Manga Cin\u00e9","article_publisher":"https:\/\/www.facebook.com\/RepliqueMangaCine","article_modified_time":"2025-11-12T22:25:21+00:00","og_image":[{"width":700,"height":700,"url":"https:\/\/repliquemangacine.fr\/wp-content\/uploads\/2025\/08\/Epee-Elfe-Thranduil.jpg","type":"image\/jpeg"}],"twitter_card":"summary_large_image","twitter_misc":{"Tiempo de lectura":"3 minutos"},"schema":{"@context":"https:\/\/schema.org","@graph":[{"@type":"WebPage","@id":"https:\/\/repliquemangacine.fr\/epees-the-hobbit\/epee-elfique-thranduil-the-hobbit-sabre-elfique\/","url":"https:\/\/repliquemangacine.fr\/epees-the-hobbit\/epee-elfique-thranduil-the-hobbit-sabre-elfique\/","name":"Espada \u00e9lfica Thranduil - El Hobbit - R\u00e9plique Manga Cin\u00e9","isPartOf":{"@id":"https:\/\/repliquemangacine.fr\/#website"},"primaryImageOfPage":{"@id":"https:\/\/repliquemangacine.fr\/epees-the-hobbit\/epee-elfique-thranduil-the-hobbit-sabre-elfique\/#primaryimage"},"image":{"@id":"https:\/\/repliquemangacine.fr\/epees-the-hobbit\/epee-elfique-thranduil-the-hobbit-sabre-elfique\/#primaryimage"},"thumbnailUrl":"https:\/\/repliquemangacine.fr\/wp-content\/uploads\/2025\/08\/Epee-Elfe-Thranduil.jpg","datePublished":"2025-08-10T14:02:50+00:00","dateModified":"2025-11-12T22:25:21+00:00","description":"Espada \u00e9lfica de lujo Thranduil verion en acero grabado, inspirada en El Hobbit. Elegancia \u00e9lfica, detalles minuciosos y soporte de pared decorado incluidos.","breadcrumb":{"@id":"https:\/\/repliquemangacine.fr\/epees-the-hobbit\/epee-elfique-thranduil-the-hobbit-sabre-elfique\/#breadcrumb"},"inLanguage":"es","potentialAction":[{"@type":"ReadAction","target":["https:\/\/repliquemangacine.fr\/epees-the-hobbit\/epee-elfique-thranduil-the-hobbit-sabre-elfique\/"]}]},{"@type":"ImageObject","inLanguage":"es","@id":"https:\/\/repliquemangacine.fr\/epees-the-hobbit\/epee-elfique-thranduil-the-hobbit-sabre-elfique\/#primaryimage","url":"https:\/\/repliquemangacine.fr\/wp-content\/uploads\/2025\/08\/Epee-Elfe-Thranduil.jpg","contentUrl":"https:\/\/repliquemangacine.fr\/wp-content\/uploads\/2025\/08\/Epee-Elfe-Thranduil.jpg","width":700,"height":700,"caption":"\u00c9p\u00e9e Elfique Thranduil-The Hobbit"},{"@type":"BreadcrumbList","@id":"https:\/\/repliquemangacine.fr\/epees-the-hobbit\/epee-elfique-thranduil-the-hobbit-sabre-elfique\/#breadcrumb","itemListElement":[{"@type":"ListItem","position":1,"name":"Accueil","item":"https:\/\/repliquemangacine.fr\/"},{"@type":"ListItem","position":2,"name":"Produits","item":"https:\/\/repliquemangacine.fr\/boutique\/"},{"@type":"ListItem","position":3,"name":"\u00c9p\u00e9e Elfique Thranduil \u2013 The Hobbit"}]},{"@type":"WebSite","@id":"https:\/\/repliquemangacine.fr\/#website","url":"https:\/\/repliquemangacine.fr\/","name":"R\u00e9plique Manga Cin\u00e9","description":"","publisher":{"@id":"https:\/\/repliquemangacine.fr\/#organization"},"potentialAction":[{"@type":"SearchAction","target":{"@type":"EntryPoint","urlTemplate":"https:\/\/repliquemangacine.fr\/?s={search_term_string}"},"query-input":{"@type":"PropertyValueSpecification","valueRequired":true,"valueName":"search_term_string"}}],"inLanguage":"es"},{"@type":"Organization","@id":"https:\/\/repliquemangacine.fr\/#organization","name":"R\u00e9plique Manga Cin\u00e9","url":"https:\/\/repliquemangacine.fr\/","logo":{"@type":"ImageObject","inLanguage":"es","@id":"https:\/\/repliquemangacine.fr\/#\/schema\/logo\/image\/","url":"https:\/\/repliquemangacine.fr\/wp-content\/uploads\/2023\/10\/RMC-500250.png","contentUrl":"https:\/\/repliquemangacine.fr\/wp-content\/uploads\/2023\/10\/RMC-500250.png","width":500,"height":250,"caption":"R\u00e9plique Manga Cin\u00e9"},"image":{"@id":"https:\/\/repliquemangacine.fr\/#\/schema\/logo\/image\/"},"sameAs":["https:\/\/www.facebook.com\/RepliqueMangaCine","https:\/\/www.instagram.com\/repliquemangacine.fr\/"]}]}},"_links":{"self":[{"href":"https:\/\/repliquemangacine.fr\/es\/wp-json\/wp\/v2\/product\/87240","targetHints":{"allow":["GET"]}}],"collection":[{"href":"https:\/\/repliquemangacine.fr\/es\/wp-json\/wp\/v2\/product"}],"about":[{"href":"https:\/\/repliquemangacine.fr\/es\/wp-json\/wp\/v2\/types\/product"}],"wp:featuredmedia":[{"embeddable":true,"href":"https:\/\/repliquemangacine.fr\/es\/wp-json\/wp\/v2\/media\/87245"}],"wp:attachment":[{"href":"https:\/\/repliquemangacine.fr\/es\/wp-json\/wp\/v2\/media?parent=87240"}],"wp:term":[{"taxonomy":"product_brand","embeddable":true,"href":"https:\/\/repliquemangacine.fr\/es\/wp-json\/wp\/v2\/product_brand?post=87240"},{"taxonomy":"product_cat","embeddable":true,"href":"https:\/\/repliquemangacine.fr\/es\/wp-json\/wp\/v2\/product_cat?post=87240"},{"taxonomy":"product_tag","embeddable":true,"href":"https:\/\/repliquemangacine.fr\/es\/wp-json\/wp\/v2\/product_tag?post=87240"}],"curies":[{"name":"wp","href":"https:\/\/api.w.org\/{rel}","templated":true}]}}